{"id":3,"date":"2026-03-12T11:15:50","date_gmt":"2026-03-12T03:15:50","guid":{"rendered":"https:\/\/frivape.com\/?page_id=3"},"modified":"2026-03-20T01:38:13","modified_gmt":"2026-03-19T17:38:13","slug":"datenschutzbestimmungen","status":"publish","type":"page","link":"https:\/\/frivape.com\/de\/datenschutzbestimmungen\/","title":{"rendered":"Datenschutzbestimmungen"},"content":{"rendered":"<h2 class=\"wp-block-heading has-base-font-size\"><strong>Zuletzt aktualisiert: M\u00e4rz 13, 2025<\/strong><\/h2>\n\n\n\n<h2 class=\"wp-block-heading\">1. Einleitung<\/h2>\n\n\n\n<p>Willkommen bei <strong><a href=\"https:\/\/frivape.com\/de\/\" type=\"link\" id=\"https:\/\/frivape.com\/\" target=\"_blank\" rel=\"noreferrer noopener\">FRIVAPE<\/a><\/strong>. Wir sch\u00e4tzen Ihre Privatsph\u00e4re und verpflichten uns, Ihre pers\u00f6nlichen Daten in \u00dcbereinstimmung mit den internationalen Datenschutzgesetzen (einschlie\u00dflich GDPR und CCPA) und den einschl\u00e4gigen Vorschriften f\u00fcr E-Zigaretten zu sch\u00fctzen. Diese Datenschutzrichtlinie erkl\u00e4rt, wie wir Ihre Daten sammeln, verwenden und sch\u00fctzen, wenn Sie unsere Website besuchen.<\/p>\n\n\n\n<h2 class=\"wp-block-heading\">2. Informationssammlung<\/h2>\n\n\n\n<p>Wir sammeln zwei Arten von Informationen, um ein reibungsloses Einkaufserlebnis zu gew\u00e4hrleisten:<\/p>\n\n\n\n<ul class=\"wp-block-list\">\n<li><strong>Pers\u00f6nliche Informationen:<\/strong> Name, E-Mail-Adresse, Telefonnummer, Lieferadresse und Kaufhistorie. Diese Daten werden erfasst, wenn Sie sich registrieren, bestellen oder uns kontaktieren.<\/li>\n\n\n\n<li><strong>Nicht-personenbezogene Informationen:<\/strong> IP-Adresse, Browsertyp, Betriebssystem und Browsingverhalten (besuchte Seiten, Verweildauer). Dies hilft uns, die Leistung der Website zu optimieren.<\/li>\n<\/ul>\n\n\n\n<h2 class=\"wp-block-heading\">3. Wie wir Ihre Informationen verwenden<\/h2>\n\n\n\n<p>Wir verwenden Ihre Daten ausschlie\u00dflich f\u00fcr legitime Gesch\u00e4ftszwecke:<\/p>\n\n\n\n<ul class=\"wp-block-list\">\n<li><strong>Auftragsabwicklung:<\/strong> Abwicklung von Zahlungen und Koordinierung des internationalen Versands von unserem Standort in Shenzhen aus.<\/li>\n\n\n\n<li><strong>Kundenbetreuung:<\/strong> Bearbeitung von Anfragen und Kundendienst.<\/li>\n\n\n\n<li><strong>Marketing:<\/strong> Um Aktualisierungen oder Werbeaktionen zu versenden (nur wenn Sie sich daf\u00fcr entschieden haben).<\/li>\n\n\n\n<li><strong>Einhaltung der Vorschriften:<\/strong> Zur Verifizierung Ihres Alters und zur Einhaltung der weltweiten Vorschriften f\u00fcr den Handel mit E-Zigaretten.<\/li>\n<\/ul>\n\n\n\n<h2 class=\"wp-block-heading\">4. Schutz und Sicherheit von Informationen<\/h2>\n\n\n\n<p>Wir nehmen Sicherheit ernst. Wir implementieren:<\/p>\n\n\n\n<ul class=\"wp-block-list\">\n<li><strong>SSL-Verschl\u00fcsselung:<\/strong> Alle Daten, die zu und von unserer Website \u00fcbertragen werden, sind verschl\u00fcsselt.<\/li>\n\n\n\n<li><strong>Zahlungen von Dritten:<\/strong> Wir verwenden branchen\u00fcbliche Zahlungsabwickler. Wir tun <strong>nicht<\/strong> Ihre vollst\u00e4ndigen Kreditkarteninformationen auf unseren Servern speichern.<\/li>\n\n\n\n<li><strong>Zugangskontrolle:<\/strong> Nur autorisiertes Personal, das mit der Auftragsabwicklung befasst ist, kann auf Ihre Bestelldaten zugreifen.<\/li>\n<\/ul>\n\n\n\n<h2 class=\"wp-block-heading\">5. Informationsaustausch<\/h2>\n\n\n\n<p>Wir <strong>niemals<\/strong> Ihre pers\u00f6nlichen Daten verkaufen oder vermieten. Wir teilen Informationen nur mit:<\/p>\n\n\n\n<ul class=\"wp-block-list\">\n<li><strong>Logistik-Partner:<\/strong> Vertrauensw\u00fcrdige Kuriere f\u00fcr die Zustellung Ihres Pakets erforderlich.<\/li>\n\n\n\n<li><strong>Zahlungsdienstleister:<\/strong> Um Transaktionen zu \u00fcberpr\u00fcfen und abzuschlie\u00dfen.<\/li>\n\n\n\n<li><strong>Rechtliche Autorit\u00e4ten:<\/strong> Wenn dies gesetzlich vorgeschrieben ist oder zum Schutz unserer gesetzlichen Rechte in Bezug auf die \u00dcberwachung von E-Zigaretten.<\/li>\n<\/ul>\n\n\n\n<h2 class=\"wp-block-heading\">6. Cookies und Tracking<\/h2>\n\n\n\n<p>Wir verwenden Cookies, um Ihre Pr\u00e4ferenzen zu speichern und den Datenverkehr zu analysieren. Sie k\u00f6nnen Cookies in den Einstellungen Ihres Browsers verwalten oder deaktivieren, obwohl einige Funktionen von FRIVAPE ohne sie m\u00f6glicherweise nicht richtig funktionieren.<\/p>\n\n\n\n<h2 class=\"wp-block-heading\">7. Strenger Minderj\u00e4hrigenschutz (Alterspolitik)<\/h2>\n\n\n\n<p>FRIVAPE verfolgt eine Null-Toleranz-Politik gegen\u00fcber dem Verkauf an Minderj\u00e4hrige.<\/p>\n\n\n\n<ul class=\"wp-block-list\">\n<li>Unsere Produkte sind nicht geeignet f\u00fcr Personen unter <strong>18<\/strong> (oder das gesetzliche Mindestalter in Ihrem Land, z. B. <strong>21<\/strong> in Teilen der USA).<\/li>\n\n\n\n<li>Wir behalten uns das Recht vor, jede Bestellung zu stornieren, wenn die Alters\u00fcberpr\u00fcfung fehlschl\u00e4gt. Sollten wir feststellen, dass Daten von Minderj\u00e4hrigen erhoben wurden, werden diese unverz\u00fcglich gel\u00f6scht.<\/li>\n<\/ul>\n\n\n\n<h2 class=\"wp-block-heading\">8. Ihre internationalen Rechte<\/h2>\n\n\n\n<p>Unabh\u00e4ngig davon, wo Sie sich befinden, haben Sie das Recht darauf:<\/p>\n\n\n\n<ul class=\"wp-block-list\">\n<li><strong>Zugang und Aktualisierung:<\/strong> Ihre pers\u00f6nlichen Daten einsehen oder korrigieren.<\/li>\n\n\n\n<li><strong>Datenl\u00f6schung:<\/strong> die L\u00f6schung Ihres Kontos und Ihrer Daten zu verlangen (\u201cRecht auf Vergessenwerden\u201d).<\/li>\n\n\n\n<li><strong>Opt-out:<\/strong> Sie k\u00f6nnen sich jederzeit von allen Marketingmitteilungen abmelden.<\/li>\n\n\n\n<li><strong>Daten\u00fcbertragbarkeit:<\/strong> Fordern Sie eine Kopie Ihrer Daten in einem maschinenlesbaren Format an.<\/li>\n<\/ul>\n\n\n\n<h2 class=\"wp-block-heading\">9. Politische Aktualisierungen<\/h2>\n\n\n\n<p>Wir k\u00f6nnen diese Richtlinie aktualisieren, um \u00c4nderungen der weltweiten Gesetze oder unserer Gesch\u00e4ftspraktiken zu ber\u00fccksichtigen. Wesentliche \u00c4nderungen werden durch einen Hinweis auf unserer Homepage bekannt gegeben.<\/p>\n\n\n\n<h2 class=\"wp-block-heading\">10. Kontakt<\/h2>\n\n\n\n<p>Wenn Sie Fragen zum Datenschutz haben, wenden Sie sich bitte an uns:<\/p>\n\n\n\n<p><strong>Adresse:<\/strong> Shenzhen, Provinz Guangdong, China.<\/p>\n\n\n\n<p><strong>E-Mail:<\/strong> frivape@gmail.com<\/p>\n\n\n\n<p><strong>Kontakt Seite:<\/strong> <a href=\"https:\/\/frivape.com\/de\/kontaktieren-sie-uns\/\">https:\/\/frivape.com\/contact-us\/<\/a><\/p>","protected":false},"excerpt":{"rendered":"<p>Last Updated: March 13, 2025 1. Introduction Welcome to FRIVAPE. We value your privacy and are committed to protecting your personal information in compliance with international privacy laws (including GDPR and CCPA) and relevant e-cigarette regulations. This Privacy Policy explains how we collect, use, and safeguard your information when you visit our website. 2. Information [&hellip;]<\/p>\n","protected":false},"author":1,"featured_media":0,"parent":0,"menu_order":0,"comment_status":"closed","ping_status":"closed","template":"template-fullwidth.php","meta":{"footnotes":""},"class_list":["post-3","page","type-page","status-publish","hentry"],"yoast_head":"<!-- This site is optimized with the Yoast SEO plugin v27.1.1 - https:\/\/yoast.com\/product\/yoast-seo-wordpress\/ -->\n<title>Privacy Policy - frivape | Online Vape Store - Best Vapes, Mods &amp; Disposable Kits<\/title>\n<meta name=\"description\" content=\"Your privacy is important to FRIVAPE. Read our Privacy Policy to understand how we secure your data while providing a safe shopping experience for our global customers.\" \/>\n<meta name=\"robots\" content=\"noindex, follow, max-snippet:-1, max-image-preview:large, max-video-preview:-1\" \/>\n<meta property=\"og:locale\" content=\"de_DE\" \/>\n<meta property=\"og:type\" content=\"article\" \/>\n<meta property=\"og:title\" content=\"Privacy Policy - frivape | Online Vape Store - Best Vapes, Mods &amp; Disposable Kits\" \/>\n<meta property=\"og:description\" content=\"Your privacy is important to FRIVAPE. Read our Privacy Policy to understand how we secure your data while providing a safe shopping experience for our global customers.\" \/>\n<meta property=\"og:url\" content=\"https:\/\/frivape.com\/de\/datenschutzbestimmungen\/\" \/>\n<meta property=\"og:site_name\" content=\"frivape | Online Vape Store - Best Vapes, Mods &amp; Disposable Kits\" \/>\n<meta property=\"article:modified_time\" content=\"2026-03-19T17:38:13+00:00\" \/>\n<meta name=\"twitter:card\" content=\"summary_large_image\" \/>\n<meta name=\"twitter:label1\" content=\"Gesch\u00e4tzte Lesezeit\" \/>\n\t<meta name=\"twitter:data1\" content=\"3\u00a0Minuten\" \/>\n<script type=\"application\/ld+json\" class=\"yoast-schema-graph\">{\"@context\":\"https:\/\/schema.org\",\"@graph\":[{\"@type\":\"WebPage\",\"@id\":\"https:\/\/frivape.com\/privacy-policy\/\",\"url\":\"https:\/\/frivape.com\/privacy-policy\/\",\"name\":\"Privacy Policy - frivape | Online Vape Store - Best Vapes, Mods &amp; Disposable Kits\",\"isPartOf\":{\"@id\":\"https:\/\/frivape.com\/#website\"},\"datePublished\":\"2026-03-12T03:15:50+00:00\",\"dateModified\":\"2026-03-19T17:38:13+00:00\",\"description\":\"Your privacy is important to FRIVAPE. Read our Privacy Policy to understand how we secure your data while providing a safe shopping experience for our global customers.\",\"breadcrumb\":{\"@id\":\"https:\/\/frivape.com\/privacy-policy\/#breadcrumb\"},\"inLanguage\":\"de\",\"potentialAction\":[{\"@type\":\"ReadAction\",\"target\":[\"https:\/\/frivape.com\/privacy-policy\/\"]}]},{\"@type\":\"BreadcrumbList\",\"@id\":\"https:\/\/frivape.com\/privacy-policy\/#breadcrumb\",\"itemListElement\":[{\"@type\":\"ListItem\",\"position\":1,\"name\":\"\u9996\u9875\",\"item\":\"https:\/\/frivape.com\/\"},{\"@type\":\"ListItem\",\"position\":2,\"name\":\"Privacy Policy\"}]},{\"@type\":\"WebSite\",\"@id\":\"https:\/\/frivape.com\/#website\",\"url\":\"https:\/\/frivape.com\/\",\"name\":\"frivape | Online Vape Store - Best Vapes, Mods &amp; Disposable Kits\",\"description\":\"Shop frivape, your premier online vape shop for authentic mods, disposable vapes, and premium e-liquids. Direct from Shenzhen with fast Europe local shipping. High quality at wholesale prices.\",\"publisher\":{\"@id\":\"https:\/\/frivape.com\/#organization\"},\"potentialAction\":[{\"@type\":\"SearchAction\",\"target\":{\"@type\":\"EntryPoint\",\"urlTemplate\":\"https:\/\/frivape.com\/?s={search_term_string}\"},\"query-input\":{\"@type\":\"PropertyValueSpecification\",\"valueRequired\":true,\"valueName\":\"search_term_string\"}}],\"inLanguage\":\"de\"},{\"@type\":\"Organization\",\"@id\":\"https:\/\/frivape.com\/#organization\",\"name\":\"frivape | Online Vape Store - Best Vapes, Mods &amp; Disposable Kits\",\"url\":\"https:\/\/frivape.com\/\",\"logo\":{\"@type\":\"ImageObject\",\"inLanguage\":\"de\",\"@id\":\"https:\/\/frivape.com\/#\/schema\/logo\/image\/\",\"url\":\"https:\/\/frivape.com\/wp-content\/uploads\/2026\/03\/cropped-frivape-site-title-icon.png\",\"contentUrl\":\"https:\/\/frivape.com\/wp-content\/uploads\/2026\/03\/cropped-frivape-site-title-icon.png\",\"width\":470,\"height\":110,\"caption\":\"frivape | Online Vape Store - Best Vapes, Mods &amp; Disposable Kits\"},\"image\":{\"@id\":\"https:\/\/frivape.com\/#\/schema\/logo\/image\/\"}}]}<\/script>\n<!-- \/ Yoast SEO plugin. -->","yoast_head_json":{"title":"Datenschutzerkl\u00e4rung - frivape | Online Vape Store - Beste Vapes, Mods &amp; Einwegkits","description":"Ihre Privatsph\u00e4re ist f\u00fcr FRIVAPE wichtig. Lesen Sie unsere Datenschutzrichtlinien, um zu verstehen, wie wir Ihre Daten sch\u00fctzen und gleichzeitig ein sicheres Einkaufserlebnis f\u00fcr unsere weltweiten Kunden bieten.","robots":{"index":"noindex","follow":"follow","max-snippet":"max-snippet:-1","max-image-preview":"max-image-preview:large","max-video-preview":"max-video-preview:-1"},"og_locale":"de_DE","og_type":"article","og_title":"Privacy Policy - frivape | Online Vape Store - Best Vapes, Mods &amp; Disposable Kits","og_description":"Your privacy is important to FRIVAPE. Read our Privacy Policy to understand how we secure your data while providing a safe shopping experience for our global customers.","og_url":"https:\/\/frivape.com\/de\/datenschutzbestimmungen\/","og_site_name":"frivape | Online Vape Store - Best Vapes, Mods &amp; Disposable Kits","article_modified_time":"2026-03-19T17:38:13+00:00","twitter_card":"summary_large_image","twitter_misc":{"Gesch\u00e4tzte Lesezeit":"3\u00a0Minuten"},"schema":{"@context":"https:\/\/schema.org","@graph":[{"@type":"WebPage","@id":"https:\/\/frivape.com\/privacy-policy\/","url":"https:\/\/frivape.com\/privacy-policy\/","name":"Datenschutzerkl\u00e4rung - frivape | Online Vape Store - Beste Vapes, Mods &amp; Einwegkits","isPartOf":{"@id":"https:\/\/frivape.com\/#website"},"datePublished":"2026-03-12T03:15:50+00:00","dateModified":"2026-03-19T17:38:13+00:00","description":"Ihre Privatsph\u00e4re ist f\u00fcr FRIVAPE wichtig. Lesen Sie unsere Datenschutzrichtlinien, um zu verstehen, wie wir Ihre Daten sch\u00fctzen und gleichzeitig ein sicheres Einkaufserlebnis f\u00fcr unsere weltweiten Kunden bieten.","breadcrumb":{"@id":"https:\/\/frivape.com\/privacy-policy\/#breadcrumb"},"inLanguage":"de","potentialAction":[{"@type":"ReadAction","target":["https:\/\/frivape.com\/privacy-policy\/"]}]},{"@type":"BreadcrumbList","@id":"https:\/\/frivape.com\/privacy-policy\/#breadcrumb","itemListElement":[{"@type":"ListItem","position":1,"name":"\u9996\u9875","item":"https:\/\/frivape.com\/"},{"@type":"ListItem","position":2,"name":"Privacy Policy"}]},{"@type":"WebSite","@id":"https:\/\/frivape.com\/#website","url":"https:\/\/frivape.com\/","name":"frivape | Online Vape Store - Beste Vapes, Mods &amp; Einweg-Kits","description":"Shop frivape, Ihr f\u00fchrender Online-Vape-Shop f\u00fcr authentische Mods, Einweg-Vapes und Premium-E-Liquids. Direkt aus Shenzhen mit schnellem Versand nach Europa. Hohe Qualit\u00e4t zu Gro\u00dfhandelspreisen.","publisher":{"@id":"https:\/\/frivape.com\/#organization"},"potentialAction":[{"@type":"SearchAction","target":{"@type":"EntryPoint","urlTemplate":"https:\/\/frivape.com\/?s={search_term_string}"},"query-input":{"@type":"PropertyValueSpecification","valueRequired":true,"valueName":"search_term_string"}}],"inLanguage":"de"},{"@type":"Organization","@id":"https:\/\/frivape.com\/#organization","name":"frivape | Online Vape Store - Beste Vapes, Mods &amp; Einweg-Kits","url":"https:\/\/frivape.com\/","logo":{"@type":"ImageObject","inLanguage":"de","@id":"https:\/\/frivape.com\/#\/schema\/logo\/image\/","url":"https:\/\/frivape.com\/wp-content\/uploads\/2026\/03\/cropped-frivape-site-title-icon.png","contentUrl":"https:\/\/frivape.com\/wp-content\/uploads\/2026\/03\/cropped-frivape-site-title-icon.png","width":470,"height":110,"caption":"frivape | Online Vape Store - Best Vapes, Mods &amp; Disposable Kits"},"image":{"@id":"https:\/\/frivape.com\/#\/schema\/logo\/image\/"}}]}},"_links":{"self":[{"href":"https:\/\/frivape.com\/de\/wp-json\/wp\/v2\/pages\/3","targetHints":{"allow":["GET"]}}],"collection":[{"href":"https:\/\/frivape.com\/de\/wp-json\/wp\/v2\/pages"}],"about":[{"href":"https:\/\/frivape.com\/de\/wp-json\/wp\/v2\/types\/page"}],"author":[{"embeddable":true,"href":"https:\/\/frivape.com\/de\/wp-json\/wp\/v2\/users\/1"}],"replies":[{"embeddable":true,"href":"https:\/\/frivape.com\/de\/wp-json\/wp\/v2\/comments?post=3"}],"version-history":[{"count":6,"href":"https:\/\/frivape.com\/de\/wp-json\/wp\/v2\/pages\/3\/revisions"}],"predecessor-version":[{"id":7259,"href":"https:\/\/frivape.com\/de\/wp-json\/wp\/v2\/pages\/3\/revisions\/7259"}],"wp:attachment":[{"href":"https:\/\/frivape.com\/de\/wp-json\/wp\/v2\/media?parent=3"}],"curies":[{"name":"wp","href":"https:\/\/api.w.org\/{rel}","templated":true}]}}