{"id":8049,"date":"2026-04-06T14:44:27","date_gmt":"2026-04-06T06:44:27","guid":{"rendered":"https:\/\/frivape.com\/?post_type=product&#038;p=8049"},"modified":"2026-04-09T11:21:05","modified_gmt":"2026-04-09T03:21:05","slug":"bang-king-tornado-40000-puffs-wegwerfbare-vape-led-display","status":"publish","type":"product","link":"https:\/\/frivape.com\/de\/produkt\/bang-king-tornado-40000-puffs-wegwerfbare-vape-led-display\/","title":{"rendered":"Bang King Tornado 40000 Puffs Einweg Vape | Smart LED Display &amp; einstellbare Luftstrom"},"content":{"rendered":"<h2 class=\"wp-block-heading has-text-align-center\"><strong>Erleben Sie die Zukunft des Vapings: Bang King Tornado 40000 Z\u00fcge<\/strong><\/h2>\n\n\n\n<p>Die <strong>Bang King Tornado 40000<\/strong> (Tornado Serie) ist die endg\u00fcltige Wahl f\u00fcr Vaper, die \u201chardcore\u201d Leistung und schlanke \u00c4sthetik verlangen. Diese LED Display Edition wurde sorgf\u00e4ltig entwickelt, um massive Dampfproduktion und konsistenten Geschmack vom ersten bis zum 40.000sten Zug zu bieten.<\/p>\n\n\n\n<h3 class=\"wp-block-heading\"><strong>Die wichtigsten technischen Highlights<\/strong><\/h3>\n\n\n\n<ul class=\"wp-block-list\">\n<li><strong>Intelligente LED-Digitalanzeige:<\/strong> Nie wieder raten. Der integrierte Bildschirm erm\u00f6glicht die Echtzeit-\u00dcberwachung sowohl Ihrer <strong>Prozentsatz der Batterie<\/strong> und <strong>verbleibende E-Liquid-F\u00fcllst\u00e4nde<\/strong>.<\/li>\n\n\n\n<li><strong>Massiver 35mL E-Liquid-Beh\u00e4lter:<\/strong> Eine der gr\u00f6\u00dften Kapazit\u00e4ten auf dem Markt, die f\u00fcr wochenlange Zufriedenheit sorgt, ohne dass ein Austausch erforderlich ist.<\/li>\n\n\n\n<li><strong>Hochpr\u00e4zise 1.0\u03a9 Mesh-Spule:<\/strong> Die fortschrittliche Mesh-Technologie sorgt f\u00fcr eine gleichm\u00e4\u00dfige Erw\u00e4rmung, verhindert verbrannte Z\u00fcge und liefert einen reinen, lebendigen Geschmack.<\/li>\n\n\n\n<li><strong>Dynamisch einstellbarer Luftstrom:<\/strong> Wechseln Sie zwischen einem engen MTL (Mouth-to-Lung)-Zug oder einem offeneren DTL (Direct-to-Lung)-Stil mit einem einfachen Umlegen des unteren Schalters.<\/li>\n\n\n\n<li><strong>Robuster 1000mAh-Akku:<\/strong> Ein Akku mit hoher Dichte in Kombination mit Typ-C-Schnellladung bedeutet mehr Zeit zum Dampfen und weniger Zeit, die an ein Kabel gebunden ist.<\/li>\n<\/ul>\n\n\n\n<h3 class=\"wp-block-heading\"><strong>Optionen f\u00fcr die Nikotinst\u00e4rke<\/strong><\/h3>\n\n\n\n<p>Um jeder Vorliebe gerecht zu werden, ist die Bang King Tornado 40k in vier verschiedenen Nikotinkonzentrationen erh\u00e4ltlich:<\/p>\n\n\n\n<ul class=\"wp-block-list\">\n<li><strong>0% (0mg\/mL):<\/strong> Reiner Geschmack, kein Nikotin.<\/li>\n\n\n\n<li><strong>2% (20mg\/mL):<\/strong> Sanfter Zug f\u00fcr Gelegenheitsdampfer.<\/li>\n\n\n\n<li><strong>3% (30mg\/mL):<\/strong> Ausgewogene Zufriedenheit.<\/li>\n\n\n\n<li><strong>5% (50mg\/mL):<\/strong> Starker Rachenhieb f\u00fcr erfahrene Nutzer.<\/li>\n<\/ul>\n\n\n\n<h3 class=\"wp-block-heading\"><strong>12 Premium-Geschmacksschmaus<\/strong><\/h3>\n\n\n\n<ol start=\"1\" class=\"wp-block-list\">\n<li><strong>Wassermelone:<\/strong> Eine knackige, klassische Sommererfrischung.<\/li>\n\n\n\n<li><strong>Wassermelone mit Erdbeeren:<\/strong> Eine \u00fcppige Mischung aus s\u00fc\u00dfen Beeren und Melone.<\/li>\n\n\n\n<li><strong>Blaubeereis:<\/strong> Herbe Blaubeeren mit einem k\u00fchlenden Menthol-Finish.<\/li>\n\n\n\n<li><strong>Heidelbeere-Himbeere:<\/strong> Ein raffiniertes s\u00fc\u00dfes und w\u00fcrziges Wald-Duo.<\/li>\n\n\n\n<li><strong>Erdbeereis:<\/strong> Reife Erdbeeren mit Frosting.<\/li>\n\n\n\n<li><strong>Strawberry Kiwi:<\/strong> Die ultimativ ausgewogene tropische Fusion.<\/li>\n\n\n\n<li><strong>Mango Pfirsich Wassermelone:<\/strong> Eine exotische Dreifach-Fruchtmischung.<\/li>\n\n\n\n<li><strong>Kiwi Passionsfrucht Granatapfel:<\/strong> Tief aromatisch und vielschichtig.<\/li>\n\n\n\n<li><strong>Pfirsich-Eis:<\/strong> Samtiger, sonnengereifter Pfirsich mit k\u00fchlem Ausatmen.<\/li>\n\n\n\n<li><strong>Gemischte Beeren:<\/strong> Eine kr\u00e4ftige Explosion von roten und dunklen Beeren.<\/li>\n\n\n\n<li><strong>Heidelbeere Traube:<\/strong> Saftige Weintrauben treffen auf s\u00fc\u00dfe Heidelbeeren.<\/li>\n\n\n\n<li><strong>Wassermelone Bubblegum:<\/strong> Ein nostalgischer, von S\u00fc\u00dfigkeiten inspirierter Melonengenuss.<\/li>\n<\/ol>\n\n\n\n<h3 class=\"wp-block-heading\"><strong>Produktverwendung und Wartung<\/strong><\/h3>\n\n\n\n<ul class=\"wp-block-list\">\n<li><strong>Aktivierung:<\/strong> Einfach auf das Mundst\u00fcck zeichnen (Auto-draw).<\/li>\n\n\n\n<li><strong>Aufladen:<\/strong> Verwenden Sie ein Standard-Typ-C-Kabel. Der Ladevorgang dauert in der Regel 30-45 Minuten. Vermeiden Sie die Verwendung von \u201cSuper-Ladeger\u00e4ten\u201d mit hoher Wattzahl, um den Akku zu schonen.<\/li>\n\n\n\n<li><strong>Lagerung:<\/strong> Bewahren Sie das Ger\u00e4t an einem k\u00fchlen, trockenen Ort auf, wenn es nicht benutzt wird.<\/li>\n<\/ul>\n\n\n\n<h3 class=\"wp-block-heading\"><strong>H\u00e4ufig gestellte Fragen (FAQs)<\/strong><\/h3>\n\n\n\n<ul class=\"wp-block-list\">\n<li><strong>Wie viele Z\u00fcge liefert er tats\u00e4chlich?<\/strong> Er ist f\u00fcr bis zu 40.000 Z\u00fcge ausgelegt. Die tats\u00e4chliche Anzahl der Z\u00fcge kann je nach L\u00e4nge des individuellen Zuges variieren.<\/li>\n\n\n\n<li><strong>Ist es f\u00fcr den Gro\u00dfhandel geeignet?<\/strong> Ja, wir bieten Direktpreise f\u00fcr Gro\u00dfbestellungen und Gro\u00dfh\u00e4ndler an.<\/li>\n\n\n\n<li><strong>Welche Versandmethoden werden verwendet?<\/strong> Wir arbeiten mit zuverl\u00e4ssigen Transportunternehmen wie UPS, DHL, FedEx und DPD. Wir k\u00fcmmern uns um alle Zollabfertigungen und gew\u00e4hrleisten eine 100% steuerfreie Lieferung in die meisten Regionen.<\/li>\n\n\n\n<li><strong>Wie lange sind die Lieferzeiten?<\/strong> Die Vorbereitung der Bestellung dauert 1-3 Tage. Der Versand dauert in der Regel 7-15 Arbeitstage, je nach Standort.<\/li>\n\n\n\n<li><strong>Ist die Zahlung sicher?<\/strong> Wir akzeptieren PayPal (mit K\u00e4uferschutz), Stripe, Kreditkarten und Kryptow\u00e4hrungen.<\/li>\n<\/ul>\n\n\n\n<p><strong>WARNUNG:<\/strong> Dieses Produkt enth\u00e4lt Nikotin. Nikotin ist eine s\u00fcchtig machende Chemikalie.<\/p>\n\n\n\n<p><strong>Altersbeschr\u00e4nkung:<\/strong> Sie m\u00fcssen mindestens 18 Jahre alt sein (oder das in Ihrer Region geltende gesetzliche Rauchalter erreicht haben), um dieses Produkt zu kaufen und zu verwenden. Au\u00dferhalb der Reichweite von Kindern und Haustieren aufbewahren.<\/p>\n\n\n\n<p><\/p>","protected":false},"excerpt":{"rendered":"<p data-path-to-node=\"7\">Beherrschen Sie Ihr Dampferlebnis mit dem <b data-path-to-node=\"7\" data-index-in-node=\"41\">Bang King Tornado 40k<\/b>.<\/p>\n<ul data-path-to-node=\"8\">\n<li>\n<p data-path-to-node=\"8,0,0\"><b data-path-to-node=\"8,0,0\" data-index-in-node=\"0\">Anzahl der Puffs:<\/b> Bis zu 40.000 Puffs<\/p>\n<\/li>\n<li>\n<p data-path-to-node=\"8,1,0\"><b data-path-to-node=\"8,1,0\" data-index-in-node=\"0\">Batterie:<\/b> 1000mAh (Typ-C wiederaufladbar)<\/p>\n<\/li>\n<li>\n<p data-path-to-node=\"8,2,0\"><b data-path-to-node=\"8,2,0\" data-index-in-node=\"0\">Kapazit\u00e4t:<\/b> 35mL Premium E-Fl\u00fcssigkeit<\/p>\n<\/li>\n<li>\n<p data-path-to-node=\"8,3,0\"><b data-path-to-node=\"8,3,0\" data-index-in-node=\"0\">Technologie:<\/b> 1.0\u03a9 Mesh Spule &amp; Smart LED Digital Bildschirm<\/p>\n<\/li>\n<li>\n<p data-path-to-node=\"8,4,0\"><b data-path-to-node=\"8,4,0\" data-index-in-node=\"0\">Anpassungen:<\/b> Einstellbare Luftstromregelung<\/p>\n<\/li>\n<li>\n<p data-path-to-node=\"8,5,0\"><b data-path-to-node=\"8,5,0\" data-index-in-node=\"0\">Nikotin:<\/b> Erh\u00e4ltlich in den St\u00e4rken 0%, 2%, 3% und 5%.<\/p>\n<\/li>\n<\/ul>","protected":false},"featured_media":8055,"comment_status":"open","ping_status":"closed","template":"","meta":[],"product_brand":[61],"product_cat":[82,87,95],"product_tag":[74,75,76,77,79],"class_list":{"0":"post-8049","1":"product","2":"type-product","3":"status-publish","4":"has-post-thumbnail","6":"product_brand-bang","7":"product_cat-big-puffs-vapes","8":"product_cat-iced-fruit-vapes","9":"product_cat-mesh-coil-vapes","10":"product_tag-dtl-vaping","11":"product_tag-eu-warehouse","12":"product_tag-mtl-vaping","13":"product_tag-recharge","14":"product_tag-smart-screen-display","15":"pa_product-attr-nicotine-nicotine0","16":"pa_product-attr-nicotine-nicotine2","17":"pa_product-attr-nicotine-nicotine3","18":"pa_product-attr-nicotine-nicotine5","20":"first","21":"instock","22":"sale","23":"shipping-taxable","24":"purchasable","25":"product-type-variable"},"yoast_head":"<!-- This site is optimized with the Yoast SEO plugin v27.1.1 - https:\/\/yoast.com\/product\/yoast-seo-wordpress\/ -->\n<title>Bang King Tornado 40000 Puffs Disposable Vape - LED Display 40k Vape<\/title>\n<meta name=\"description\" content=\"Buy the Bang King Tornado 40000 Puffs. Features 35mL e-liquid, 1000mAh rechargeable battery, 1.0\u03a9 mesh coil, and smart LED display. Available in 0%-5% nicotine. Fast EU shipping!\" \/>\n<meta name=\"robots\" content=\"noindex, follow, max-snippet:-1, max-image-preview:large, max-video-preview:-1\" \/>\n<meta property=\"og:locale\" content=\"de_DE\" \/>\n<meta property=\"og:type\" content=\"article\" \/>\n<meta property=\"og:title\" content=\"Bang King Tornado 40000 Puffs Disposable Vape - LED Display 40k Vape\" \/>\n<meta property=\"og:description\" content=\"Buy the Bang King Tornado 40000 Puffs. Features 35mL e-liquid, 1000mAh rechargeable battery, 1.0\u03a9 mesh coil, and smart LED display. Available in 0%-5% nicotine. Fast EU shipping!\" \/>\n<meta property=\"og:url\" content=\"https:\/\/frivape.com\/de\/produkt\/bang-king-tornado-40000-puffs-wegwerfbare-vape-led-display\/\" \/>\n<meta property=\"og:site_name\" content=\"frivape | Online Vape Store - Best Vapes, Mods &amp; Disposable Kits\" \/>\n<meta property=\"article:modified_time\" content=\"2026-04-09T03:21:05+00:00\" \/>\n<meta property=\"og:image\" content=\"https:\/\/frivape.com\/wp-content\/uploads\/2026\/04\/vape-maison-bang-king-tornado-40000-puffs-watermelon-800x800-1.webp\" \/>\n\t<meta property=\"og:image:width\" content=\"800\" \/>\n\t<meta property=\"og:image:height\" content=\"800\" \/>\n\t<meta property=\"og:image:type\" content=\"image\/webp\" \/>\n<meta name=\"twitter:card\" content=\"summary_large_image\" \/>\n<meta name=\"twitter:label1\" content=\"Gesch\u00e4tzte Lesezeit\" \/>\n\t<meta name=\"twitter:data1\" content=\"3\u00a0Minuten\" \/>\n<script type=\"application\/ld+json\" class=\"yoast-schema-graph\">{\"@context\":\"https:\/\/schema.org\",\"@graph\":[{\"@type\":\"WebPage\",\"@id\":\"https:\/\/frivape.com\/product\/bang-king-tornado-40000-puffs-disposable-vape-led-display\/\",\"url\":\"https:\/\/frivape.com\/product\/bang-king-tornado-40000-puffs-disposable-vape-led-display\/\",\"name\":\"Bang King Tornado 40000 Puffs Disposable Vape - LED Display 40k Vape\",\"isPartOf\":{\"@id\":\"https:\/\/frivape.com\/#website\"},\"primaryImageOfPage\":{\"@id\":\"https:\/\/frivape.com\/product\/bang-king-tornado-40000-puffs-disposable-vape-led-display\/#primaryimage\"},\"image\":{\"@id\":\"https:\/\/frivape.com\/product\/bang-king-tornado-40000-puffs-disposable-vape-led-display\/#primaryimage\"},\"thumbnailUrl\":\"https:\/\/frivape.com\/wp-content\/uploads\/2026\/04\/vape-maison-bang-king-tornado-40000-puffs-watermelon-800x800-1.webp\",\"datePublished\":\"2026-04-06T06:44:27+00:00\",\"dateModified\":\"2026-04-09T03:21:05+00:00\",\"description\":\"Buy the Bang King Tornado 40000 Puffs. Features 35mL e-liquid, 1000mAh rechargeable battery, 1.0\u03a9 mesh coil, and smart LED display. Available in 0%-5% nicotine. Fast EU shipping!\",\"breadcrumb\":{\"@id\":\"https:\/\/frivape.com\/product\/bang-king-tornado-40000-puffs-disposable-vape-led-display\/#breadcrumb\"},\"inLanguage\":\"de\",\"potentialAction\":[{\"@type\":\"ReadAction\",\"target\":[\"https:\/\/frivape.com\/product\/bang-king-tornado-40000-puffs-disposable-vape-led-display\/\"]}]},{\"@type\":\"ImageObject\",\"inLanguage\":\"de\",\"@id\":\"https:\/\/frivape.com\/product\/bang-king-tornado-40000-puffs-disposable-vape-led-display\/#primaryimage\",\"url\":\"https:\/\/frivape.com\/wp-content\/uploads\/2026\/04\/vape-maison-bang-king-tornado-40000-puffs-watermelon-800x800-1.webp\",\"contentUrl\":\"https:\/\/frivape.com\/wp-content\/uploads\/2026\/04\/vape-maison-bang-king-tornado-40000-puffs-watermelon-800x800-1.webp\",\"width\":800,\"height\":800},{\"@type\":\"BreadcrumbList\",\"@id\":\"https:\/\/frivape.com\/product\/bang-king-tornado-40000-puffs-disposable-vape-led-display\/#breadcrumb\",\"itemListElement\":[{\"@type\":\"ListItem\",\"position\":1,\"name\":\"\u9996\u9875\",\"item\":\"https:\/\/frivape.com\/\"},{\"@type\":\"ListItem\",\"position\":2,\"name\":\"Shop\",\"item\":\"https:\/\/frivape.com\/shop\/\"},{\"@type\":\"ListItem\",\"position\":3,\"name\":\"Bang King Tornado 40000 Puffs Disposable Vape | Smart LED Display &amp; Adjustable Airflow\"}]},{\"@type\":\"WebSite\",\"@id\":\"https:\/\/frivape.com\/#website\",\"url\":\"https:\/\/frivape.com\/\",\"name\":\"frivape | Online Vape Store - Best Vapes, Mods &amp; Disposable Kits\",\"description\":\"Shop frivape, your premier online vape shop for authentic mods, disposable vapes, and premium e-liquids. Direct from Shenzhen with fast Europe local shipping. High quality at wholesale prices.\",\"publisher\":{\"@id\":\"https:\/\/frivape.com\/#organization\"},\"potentialAction\":[{\"@type\":\"SearchAction\",\"target\":{\"@type\":\"EntryPoint\",\"urlTemplate\":\"https:\/\/frivape.com\/?s={search_term_string}\"},\"query-input\":{\"@type\":\"PropertyValueSpecification\",\"valueRequired\":true,\"valueName\":\"search_term_string\"}}],\"inLanguage\":\"de\"},{\"@type\":\"Organization\",\"@id\":\"https:\/\/frivape.com\/#organization\",\"name\":\"frivape | Online Vape Store - Best Vapes, Mods &amp; Disposable Kits\",\"url\":\"https:\/\/frivape.com\/\",\"logo\":{\"@type\":\"ImageObject\",\"inLanguage\":\"de\",\"@id\":\"https:\/\/frivape.com\/#\/schema\/logo\/image\/\",\"url\":\"https:\/\/frivape.com\/wp-content\/uploads\/2026\/03\/cropped-frivape-site-title-icon.png\",\"contentUrl\":\"https:\/\/frivape.com\/wp-content\/uploads\/2026\/03\/cropped-frivape-site-title-icon.png\",\"width\":470,\"height\":110,\"caption\":\"frivape | Online Vape Store - Best Vapes, Mods &amp; Disposable Kits\"},\"image\":{\"@id\":\"https:\/\/frivape.com\/#\/schema\/logo\/image\/\"}}]}<\/script>\n<!-- \/ Yoast SEO plugin. -->","yoast_head_json":{"title":"Bang King Tornado 40000 Puffs Einweg Vape - LED-Anzeige 40k Vape","description":"Kaufen Sie den Bang King Tornado 40000 Puffs. Features 35mL e-Fl\u00fcssigkeit, 1000mAh Akku, 1.0\u03a9 Mesh-Spule, und intelligente LED-Anzeige. Erh\u00e4ltlich in 0%-5% Nikotin. Schneller EU-Versand!","robots":{"index":"noindex","follow":"follow","max-snippet":"max-snippet:-1","max-image-preview":"max-image-preview:large","max-video-preview":"max-video-preview:-1"},"og_locale":"de_DE","og_type":"article","og_title":"Bang King Tornado 40000 Puffs Disposable Vape - LED Display 40k Vape","og_description":"Buy the Bang King Tornado 40000 Puffs. Features 35mL e-liquid, 1000mAh rechargeable battery, 1.0\u03a9 mesh coil, and smart LED display. Available in 0%-5% nicotine. Fast EU shipping!","og_url":"https:\/\/frivape.com\/de\/produkt\/bang-king-tornado-40000-puffs-wegwerfbare-vape-led-display\/","og_site_name":"frivape | Online Vape Store - Best Vapes, Mods &amp; Disposable Kits","article_modified_time":"2026-04-09T03:21:05+00:00","og_image":[{"width":800,"height":800,"url":"https:\/\/frivape.com\/wp-content\/uploads\/2026\/04\/vape-maison-bang-king-tornado-40000-puffs-watermelon-800x800-1.webp","type":"image\/webp"}],"twitter_card":"summary_large_image","twitter_misc":{"Gesch\u00e4tzte Lesezeit":"3\u00a0Minuten"},"schema":{"@context":"https:\/\/schema.org","@graph":[{"@type":"WebPage","@id":"https:\/\/frivape.com\/product\/bang-king-tornado-40000-puffs-disposable-vape-led-display\/","url":"https:\/\/frivape.com\/product\/bang-king-tornado-40000-puffs-disposable-vape-led-display\/","name":"Bang King Tornado 40000 Puffs Einweg Vape - LED-Anzeige 40k Vape","isPartOf":{"@id":"https:\/\/frivape.com\/#website"},"primaryImageOfPage":{"@id":"https:\/\/frivape.com\/product\/bang-king-tornado-40000-puffs-disposable-vape-led-display\/#primaryimage"},"image":{"@id":"https:\/\/frivape.com\/product\/bang-king-tornado-40000-puffs-disposable-vape-led-display\/#primaryimage"},"thumbnailUrl":"https:\/\/frivape.com\/wp-content\/uploads\/2026\/04\/vape-maison-bang-king-tornado-40000-puffs-watermelon-800x800-1.webp","datePublished":"2026-04-06T06:44:27+00:00","dateModified":"2026-04-09T03:21:05+00:00","description":"Kaufen Sie den Bang King Tornado 40000 Puffs. Features 35mL e-Fl\u00fcssigkeit, 1000mAh Akku, 1.0\u03a9 Mesh-Spule, und intelligente LED-Anzeige. Erh\u00e4ltlich in 0%-5% Nikotin. Schneller EU-Versand!","breadcrumb":{"@id":"https:\/\/frivape.com\/product\/bang-king-tornado-40000-puffs-disposable-vape-led-display\/#breadcrumb"},"inLanguage":"de","potentialAction":[{"@type":"ReadAction","target":["https:\/\/frivape.com\/product\/bang-king-tornado-40000-puffs-disposable-vape-led-display\/"]}]},{"@type":"ImageObject","inLanguage":"de","@id":"https:\/\/frivape.com\/product\/bang-king-tornado-40000-puffs-disposable-vape-led-display\/#primaryimage","url":"https:\/\/frivape.com\/wp-content\/uploads\/2026\/04\/vape-maison-bang-king-tornado-40000-puffs-watermelon-800x800-1.webp","contentUrl":"https:\/\/frivape.com\/wp-content\/uploads\/2026\/04\/vape-maison-bang-king-tornado-40000-puffs-watermelon-800x800-1.webp","width":800,"height":800},{"@type":"BreadcrumbList","@id":"https:\/\/frivape.com\/product\/bang-king-tornado-40000-puffs-disposable-vape-led-display\/#breadcrumb","itemListElement":[{"@type":"ListItem","position":1,"name":"\u9996\u9875","item":"https:\/\/frivape.com\/"},{"@type":"ListItem","position":2,"name":"Shop","item":"https:\/\/frivape.com\/shop\/"},{"@type":"ListItem","position":3,"name":"Bang King Tornado 40000 Puffs Disposable Vape | Smart LED Display &amp; Adjustable Airflow"}]},{"@type":"WebSite","@id":"https:\/\/frivape.com\/#website","url":"https:\/\/frivape.com\/","name":"frivape | Online Vape Store - Beste Vapes, Mods &amp; Einweg-Kits","description":"Shop frivape, Ihr f\u00fchrender Online-Vape-Shop f\u00fcr authentische Mods, Einweg-Vapes und Premium-E-Liquids. Direkt aus Shenzhen mit schnellem Versand nach Europa. Hohe Qualit\u00e4t zu Gro\u00dfhandelspreisen.","publisher":{"@id":"https:\/\/frivape.com\/#organization"},"potentialAction":[{"@type":"SearchAction","target":{"@type":"EntryPoint","urlTemplate":"https:\/\/frivape.com\/?s={search_term_string}"},"query-input":{"@type":"PropertyValueSpecification","valueRequired":true,"valueName":"search_term_string"}}],"inLanguage":"de"},{"@type":"Organization","@id":"https:\/\/frivape.com\/#organization","name":"frivape | Online Vape Store - Beste Vapes, Mods &amp; Einweg-Kits","url":"https:\/\/frivape.com\/","logo":{"@type":"ImageObject","inLanguage":"de","@id":"https:\/\/frivape.com\/#\/schema\/logo\/image\/","url":"https:\/\/frivape.com\/wp-content\/uploads\/2026\/03\/cropped-frivape-site-title-icon.png","contentUrl":"https:\/\/frivape.com\/wp-content\/uploads\/2026\/03\/cropped-frivape-site-title-icon.png","width":470,"height":110,"caption":"frivape | Online Vape Store - Best Vapes, Mods &amp; Disposable Kits"},"image":{"@id":"https:\/\/frivape.com\/#\/schema\/logo\/image\/"}}]}},"tiered_pricing_type":"fixed","tiered_pricing_fixed_rules":{"10":9.48,"50":8.88,"100":8.28,"200":7.68},"tiered_pricing_product_settings":{"layout":"blocks","base_unit_name":{"singular":null,"plural":null},"default_variation":{}},"tiered_pricing_minimum_quantity":null,"tiered_pricing_roles_data":[],"tiered_pricing_percentage_rules":[],"_links":{"self":[{"href":"https:\/\/frivape.com\/de\/wp-json\/wp\/v2\/product\/8049","targetHints":{"allow":["GET"]}}],"collection":[{"href":"https:\/\/frivape.com\/de\/wp-json\/wp\/v2\/product"}],"about":[{"href":"https:\/\/frivape.com\/de\/wp-json\/wp\/v2\/types\/product"}],"replies":[{"embeddable":true,"href":"https:\/\/frivape.com\/de\/wp-json\/wp\/v2\/comments?post=8049"}],"wp:featuredmedia":[{"embeddable":true,"href":"https:\/\/frivape.com\/de\/wp-json\/wp\/v2\/media\/8055"}],"wp:attachment":[{"href":"https:\/\/frivape.com\/de\/wp-json\/wp\/v2\/media?parent=8049"}],"wp:term":[{"taxonomy":"product_brand","embeddable":true,"href":"https:\/\/frivape.com\/de\/wp-json\/wp\/v2\/product_brand?post=8049"},{"taxonomy":"product_cat","embeddable":true,"href":"https:\/\/frivape.com\/de\/wp-json\/wp\/v2\/product_cat?post=8049"},{"taxonomy":"product_tag","embeddable":true,"href":"https:\/\/frivape.com\/de\/wp-json\/wp\/v2\/product_tag?post=8049"}],"curies":[{"name":"wp","href":"https:\/\/api.w.org\/{rel}","templated":true}]}}