{"id":8441,"date":"2026-04-11T19:45:43","date_gmt":"2026-04-11T11:45:43","guid":{"rendered":"https:\/\/frivape.com\/?post_type=product&#038;p=8441"},"modified":"2026-04-11T19:55:47","modified_gmt":"2026-04-11T11:55:47","slug":"bang-konig-30000-puffs-doppelten-geschmack-einweg-vape","status":"publish","type":"product","link":"https:\/\/frivape.com\/de\/produkt\/bang-konig-30000-puffs-doppelten-geschmack-einweg-vape\/","title":{"rendered":"Bang King 30000 Puffs Einweg Vape | Dual Flavor Tank &amp; Smart LCD Display"},"content":{"rendered":"<h2 class=\"wp-block-heading has-text-align-center\"><strong>Entfessle den K\u00f6nig der Wolken: Bang King 30000 Puffs Smart Edition<\/strong><\/h2>\n\n\n\n<p>Die <strong>Bang King 30000 Puffs Einweg-Vape<\/strong> ist die ultimative Verk\u00f6rperung der Mission von Bang: <strong>\u201cKraft, Leistung und kr\u00e4ftiger Geschmack\u201d.\u201d<\/strong> Da sich die Vaping-Branche auf Ger\u00e4te mit hoher Kapazit\u00e4t zubewegt, hat Bang wieder einmal einen weltweiten Standard gesetzt. Diese <strong>30k puff vape<\/strong> ist nicht nur ein Ger\u00e4t mit hoher Kapazit\u00e4t, sondern ein hochentwickeltes <strong>2-in-1-Aroma-System<\/strong> entwickelt f\u00fcr Enthusiasten, die keine Kompromisse bei der Vielfalt und Langlebigkeit eingehen wollen. Egal, ob Sie ein Einzelhandelskunde sind oder auf der Suche nach <strong>Gro\u00dfhandel Einweg-Vapes<\/strong>, Der Bang King 30000 bietet einen unschlagbaren ROI und eine erstklassige Alternative zu herk\u00f6mmlichem Tabak.<\/p>\n\n\n\n<h3 class=\"wp-block-heading\"><strong>Innovative Doppelgeschmacks- und Doppeltank-Technologie<\/strong><\/h3>\n\n\n\n<p>Was bestimmt die <strong>Bang King 30.000<\/strong> in dem \u00fcberf\u00fcllten <strong>elektronische Zigarette<\/strong> Markt ist sein revolution\u00e4res <strong>Double Taste F\u00e4higkeit<\/strong>. Ausgestattet mit <strong>zwei vorgef\u00fcllte 18mL E-Liquid-Tanks<\/strong> (insgesamt eine gewaltige <strong>36mL Fassungsverm\u00f6gen<\/strong>), k\u00f6nnen Sie mit diesem Ger\u00e4t zwei verschiedene Profile in einem ergonomischen Geh\u00e4use tragen. Mit einem einfachen manuellen Schalter k\u00f6nnen Sie zwischen erfrischenden Menthols und s\u00fc\u00dfen tropischen Fr\u00fcchten wechseln. Das macht ihn zum <strong>beste 30000 puff vape<\/strong> f\u00fcr diejenigen, die unter \u201cVaper's Tongue\u201d leiden und den ganzen Tag \u00fcber Geschmacksvielfalt brauchen.<\/p>\n\n\n\n<h3 class=\"wp-block-heading\"><strong>Intelligente \u00dcberwachung der n\u00e4chsten Generation &amp; Mesh Coil Engineering<\/strong><\/h3>\n\n\n\n<p>Das Herzst\u00fcck der <strong>Bang King 30k<\/strong> ist eine hochmoderne <strong>1.0\u03a9 Masche Spule<\/strong>. Dieses spezielle Heizelement vergr\u00f6\u00dfert die Oberfl\u00e4che f\u00fcr die Zerst\u00e4ubung von E-Liquid, was zu <strong>konsistente Geschmackswiedergabe<\/strong> und dichte, weiche Dampfwolken vom ersten Zug an. Die integrierte <strong>Intelligente LCD-Digitalanzeige<\/strong> bietet Echtzeit-Transparenz und zeigt den genauen Prozentsatz der Batterie und den F\u00fcllstand des E-Liquids an. Nie mehr raten, wann Ihr <strong>wiederaufladbarer Vape-Pod<\/strong> wird der Saft ausgehen - das ist <strong>intelligente Vaping-Technologie<\/strong> in seiner sch\u00f6nsten Form.<\/p>\n\n\n\n<h3 class=\"wp-block-heading\"><strong>Hervorragende Leistungen im Gro\u00dfhandel und globale Einhaltung der Vorschriften<\/strong><\/h3>\n\n\n\n<p>F\u00fcr B2B-Partner und Gro\u00dfabnehmer ist die <strong>Bang King 30000<\/strong> ist ein umsatzstarkes Kraftpaket. Wir bieten mehrere <strong>Nikotinsalz<\/strong> Konzentrationen -<strong>0%, 2%, 3% und 5%<\/strong>-Gew\u00e4hrleistung der Einhaltung der TPD und regionaler Vorschriften in \u00fcber 50 L\u00e4ndern. Unser Logistiknetzwerk mit einem <strong>Herkunft Shenzhen<\/strong> und eine engagierte <strong>EU-Lagerhaus<\/strong>, garantiert, dass Ihr <strong>Vape-Gro\u00dfbestellungen<\/strong> schnell und steuerfrei ankommen.<\/p>\n\n\n\n<h3 class=\"wp-block-heading\"><strong>Exquisites 12er Men\u00fc mit zwei Geschmacksrichtungen<\/strong><\/h3>\n\n\n\n<ol start=\"1\" class=\"wp-block-list\">\n<li><strong>Wassermelonen-Eis &amp; Heidelbeer-Minze:<\/strong> Knackige Melone trifft auf erfrischend k\u00fchle Minze.<\/li>\n\n\n\n<li><strong>Wassermeloneneis &amp; Erdbeer-Mango:<\/strong> Eine tropische Explosion von sonnenverw\u00f6hnten Fr\u00fcchten.<\/li>\n\n\n\n<li><strong>Erdbeere Wassermelone &amp; Kiwi Passionsfrucht Guave:<\/strong> Die ultimative Mischung aus exotischen Fr\u00fcchten.<\/li>\n\n\n\n<li><strong>Erdbeer-Wassermelone &amp; Traubeneis:<\/strong> S\u00fc\u00dfe Beeren gepaart mit gefrorenen Weinbergstrauben.<\/li>\n\n\n\n<li><strong>Blueberry Ice &amp; Black Dragon Ice:<\/strong> Tiefe Beerennoten und geheimnisvolle Drachenfrucht.<\/li>\n\n\n\n<li><strong>Blaubeereis &amp; Erdbeer-Banane:<\/strong> Ein cremiger, weicher Beerenklassiker.<\/li>\n\n\n\n<li><strong>Red Bull &amp; Blaubeer-Wassermelone:<\/strong> Anregende Noten gemischt mit s\u00fc\u00dfen Sommerfr\u00fcchten.<\/li>\n\n\n\n<li><strong>Red Bull &amp; Wassermelone Bubble Candy:<\/strong> Energiegeladener Geschmack trifft auf nostalgische S\u00fc\u00dfe.<\/li>\n\n\n\n<li><strong>Heidelbeere-Himbeere &amp; Pfirsich-Mango-Wassermelone:<\/strong> Eine komplexe, saftige Fruchtexplosion.<\/li>\n\n\n\n<li><strong>Heidelbeere-Himbeere &amp; gemischtes Obst:<\/strong> Eine anspruchsvolle, beerige Mischung.<\/li>\n\n\n\n<li><strong>Erdbeer-Kiwi-Pfirsich-Eis:<\/strong> Die herbe Kiwi wird durch den samtigen, gefrosteten Pfirsich ausgeglichen.<\/li>\n\n\n\n<li><strong>Erdbeere-Kiwi &amp; Saurer Apfel-Himbeere:<\/strong> Ein pikantes, w\u00fcrziges Geschmacksprofil f\u00fcr Abenteuerlustige.<\/li>\n<\/ol>\n\n\n\n<h3 class=\"wp-block-heading\"><strong>H\u00e4ufig gestellte Fragen (FAQs)<\/strong><\/h3>\n\n\n\n<ul class=\"wp-block-list\">\n<li><strong>Wie sind die 30.000 Z\u00fcge im Vergleich zu herk\u00f6mmlichen Zigaretten?<\/strong> Eine <strong>Bang King 30000<\/strong> entspricht in Bezug auf die Anzahl der Z\u00fcge etwa 100-150 Packungen herk\u00f6mmlicher Zigaretten, was sie zu einer wesentlich gr\u00f6\u00dferen <strong>erschwingliche Alternative zum Vaping<\/strong> und eine umweltfreundlichere Wahl f\u00fcr Langzeitnutzer.<\/li>\n\n\n\n<li><strong>Was ist der Vorteil des Dual-Tank-Systems?<\/strong> Das Dual-Tank-Design verhindert eine Vermischung der Aromen und erm\u00f6glicht <strong>36mL e-Fl\u00fcssigkeit<\/strong> Speicherplatz, ohne den kompakten, tragbaren Formfaktor des Ger\u00e4ts zu beeintr\u00e4chtigen. Es bietet die Vielfalt von zwei Ger\u00e4ten zum Preis von einem.<\/li>\n\n\n\n<li><strong>Wie verbessert die 1.0\u03a9 Mesh Coil das Erlebnis?<\/strong> Im Gegensatz zu Standard-Drahtspulen sind unsere <strong>Mesh Coil Technologie<\/strong> erhitzt den Saft gleichm\u00e4\u00dfiger. Das verhindert verbrannte Z\u00fcge und sorgt daf\u00fcr, dass auch nach dem 30.000sten Zug die <strong>Geschmacksintensit\u00e4t<\/strong> bleibt so k\u00fchn wie der erste.<\/li>\n\n\n\n<li><strong>Ist dieses Ger\u00e4t f\u00fcr den Gro\u00dfhandel und Gro\u00dfeinkauf geeignet?<\/strong> Ganz genau. Wir sind spezialisiert auf <strong>Werks-Direkt-Gro\u00dfhandel<\/strong> Dienstleistungen. Der Bang King 30k ist aufgrund seiner Beliebtheit in der Branche ein Produkt mit hohen Margen. <strong>globale Vape-Sensation<\/strong> Rankings und eine hohe Nachfrage der Verbraucher nach \u201cintelligenten\u201d Funktionen.<\/li>\n\n\n\n<li><strong>Wie lange dauert das Aufladen \u00fcber Typ-C?<\/strong> Dank der hocheffizienten <strong>550mAh-Akku<\/strong> und Typ-C-Schnellladung k\u00f6nnen Sie eine volle Ladung in etwa <strong>30 bis 45 Minuten<\/strong>, minimieren Sie Ausfallzeiten und maximieren Sie Ihre <strong>Dampfen f\u00fcr unterwegs<\/strong> Sitzungen.<\/li>\n<\/ul>\n\n\n\n<ul class=\"wp-block-list\">\n<li><\/li>\n<\/ul>\n\n\n\n<hr class=\"wp-block-separator has-alpha-channel-opacity\"\/>\n\n\n\n<p><strong>WARNUNG:<\/strong> Dieses Produkt enth\u00e4lt Nikotin. Nikotin ist eine s\u00fcchtig machende Chemikalie.<\/p>\n\n\n\n<p><strong>Altersbeschr\u00e4nkung:<\/strong> Sie m\u00fcssen mindestens 18 Jahre alt sein (oder das in Ihrer Region geltende gesetzliche Rauchalter erreicht haben), um dieses Produkt zu kaufen und zu verwenden. Au\u00dferhalb der Reichweite von Kindern und Haustieren aufbewahren.<\/p>","protected":false},"excerpt":{"rendered":"<p data-path-to-node=\"7\">Die <b data-path-to-node=\"7\" data-index-in-node=\"4\">Bang King 30k<\/b> hat Ausdauer und Vielfalt in der Welt des Dampfens neu definiert.<\/p>\n<ul data-path-to-node=\"8\">\n<li>\n<p data-path-to-node=\"8,0,0\"><b data-path-to-node=\"8,0,0\" data-index-in-node=\"0\">Anzahl der Puffs:<\/b> Unerreichte 30.000 Puffs (15k pro Geschmacksrichtung).<\/p>\n<\/li>\n<li>\n<p data-path-to-node=\"8,1,0\"><b data-path-to-node=\"8,1,0\" data-index-in-node=\"0\">Doppelter Geschmack:<\/b> Zwei 18mL Tanks (36mL insgesamt) mit einem sofortigen Geschmacksumschalter.<\/p>\n<\/li>\n<li>\n<p data-path-to-node=\"8,2,0\"><b data-path-to-node=\"8,2,0\" data-index-in-node=\"0\">Intelligente \u00dcberwachung:<\/b> Integrierter LCD-Bildschirm zur Echtzeit-\u00dcberwachung von Batterie und E-Liquid.<\/p>\n<\/li>\n<li>\n<p data-path-to-node=\"8,3,0\"><b data-path-to-node=\"8,3,0\" data-index-in-node=\"0\">Fortgeschrittener Kern:<\/b> 1.0\u03a9 Mesh Coil Technologie f\u00fcr weichen, reichen Dampf.<\/p>\n<\/li>\n<li>\n<p data-path-to-node=\"8,4,0\"><b data-path-to-node=\"8,4,0\" data-index-in-node=\"0\">Macht:<\/b> 550mAh Hochleistungsakku mit Typ-C-Schnellladefunktion.<\/p>\n<\/li>\n<li>\n<p data-path-to-node=\"8,5,0\"><b data-path-to-node=\"8,5,0\" data-index-in-node=\"0\">Entwurf:<\/b> Ergonomisch, tragbar und mit auff\u00e4lligen Grafiken.<\/p>\n<\/li>\n<\/ul>","protected":false},"featured_media":8442,"comment_status":"open","ping_status":"closed","template":"","meta":[],"product_brand":[61],"product_cat":[82,87,95],"product_tag":[75,76,77,79],"class_list":{"0":"post-8441","1":"product","2":"type-product","3":"status-publish","4":"has-post-thumbnail","6":"product_brand-bang","7":"product_cat-big-puffs-vapes","8":"product_cat-iced-fruit-vapes","9":"product_cat-mesh-coil-vapes","10":"product_tag-eu-warehouse","11":"product_tag-mtl-vaping","12":"product_tag-recharge","13":"product_tag-smart-screen-display","15":"first","16":"instock","17":"sale","18":"shipping-taxable","19":"purchasable","20":"product-type-variable"},"yoast_head":"<!-- This site is optimized with the Yoast SEO plugin v27.1.1 - https:\/\/yoast.com\/product\/yoast-seo-wordpress\/ -->\n<title>Bang King 30000 Puffs Disposable Vape - Double Taste Dual Tank &amp; LCD Display<\/title>\n<meta name=\"description\" content=\"Experience 30,000 puffs with the Bang King 30k. Features 36mL dual-tank Double Taste technology, 550mAh rechargeable battery, and smart LCD display. Fast EU shipping!\" \/>\n<meta name=\"robots\" content=\"noindex, follow, max-snippet:-1, max-image-preview:large, max-video-preview:-1\" \/>\n<meta property=\"og:locale\" content=\"de_DE\" \/>\n<meta property=\"og:type\" content=\"article\" \/>\n<meta property=\"og:title\" content=\"Bang King 30000 Puffs Disposable Vape - Double Taste Dual Tank &amp; LCD Display\" \/>\n<meta property=\"og:description\" content=\"Experience 30,000 puffs with the Bang King 30k. Features 36mL dual-tank Double Taste technology, 550mAh rechargeable battery, and smart LCD display. Fast EU shipping!\" \/>\n<meta property=\"og:url\" content=\"https:\/\/frivape.com\/de\/produkt\/bang-konig-30000-puffs-doppelten-geschmack-einweg-vape\/\" \/>\n<meta property=\"og:site_name\" content=\"frivape | Online Vape Store - Best Vapes, Mods &amp; Disposable Kits\" \/>\n<meta property=\"article:modified_time\" content=\"2026-04-11T11:55:47+00:00\" \/>\n<meta property=\"og:image\" content=\"https:\/\/frivape.com\/wp-content\/uploads\/2026\/04\/vape-bang-king-30k-30000-puffs-main-image.jpg.webp\" \/>\n\t<meta property=\"og:image:width\" content=\"1000\" \/>\n\t<meta property=\"og:image:height\" content=\"1000\" \/>\n\t<meta property=\"og:image:type\" content=\"image\/webp\" \/>\n<meta name=\"twitter:card\" content=\"summary_large_image\" \/>\n<meta name=\"twitter:label1\" content=\"Gesch\u00e4tzte Lesezeit\" \/>\n\t<meta name=\"twitter:data1\" content=\"4\u00a0Minuten\" \/>\n<script type=\"application\/ld+json\" class=\"yoast-schema-graph\">{\"@context\":\"https:\/\/schema.org\",\"@graph\":[{\"@type\":\"WebPage\",\"@id\":\"https:\/\/frivape.com\/product\/bang-king-30000-puffs-double-taste-disposable-vape\/\",\"url\":\"https:\/\/frivape.com\/product\/bang-king-30000-puffs-double-taste-disposable-vape\/\",\"name\":\"Bang King 30000 Puffs Disposable Vape - Double Taste Dual Tank & LCD Display\",\"isPartOf\":{\"@id\":\"https:\/\/frivape.com\/#website\"},\"primaryImageOfPage\":{\"@id\":\"https:\/\/frivape.com\/product\/bang-king-30000-puffs-double-taste-disposable-vape\/#primaryimage\"},\"image\":{\"@id\":\"https:\/\/frivape.com\/product\/bang-king-30000-puffs-double-taste-disposable-vape\/#primaryimage\"},\"thumbnailUrl\":\"https:\/\/frivape.com\/wp-content\/uploads\/2026\/04\/vape-bang-king-30k-30000-puffs-main-image.jpg.webp\",\"datePublished\":\"2026-04-11T11:45:43+00:00\",\"dateModified\":\"2026-04-11T11:55:47+00:00\",\"description\":\"Experience 30,000 puffs with the Bang King 30k. Features 36mL dual-tank Double Taste technology, 550mAh rechargeable battery, and smart LCD display. Fast EU shipping!\",\"breadcrumb\":{\"@id\":\"https:\/\/frivape.com\/product\/bang-king-30000-puffs-double-taste-disposable-vape\/#breadcrumb\"},\"inLanguage\":\"de\",\"potentialAction\":[{\"@type\":\"ReadAction\",\"target\":[\"https:\/\/frivape.com\/product\/bang-king-30000-puffs-double-taste-disposable-vape\/\"]}]},{\"@type\":\"ImageObject\",\"inLanguage\":\"de\",\"@id\":\"https:\/\/frivape.com\/product\/bang-king-30000-puffs-double-taste-disposable-vape\/#primaryimage\",\"url\":\"https:\/\/frivape.com\/wp-content\/uploads\/2026\/04\/vape-bang-king-30k-30000-puffs-main-image.jpg.webp\",\"contentUrl\":\"https:\/\/frivape.com\/wp-content\/uploads\/2026\/04\/vape-bang-king-30k-30000-puffs-main-image.jpg.webp\",\"width\":1000,\"height\":1000},{\"@type\":\"BreadcrumbList\",\"@id\":\"https:\/\/frivape.com\/product\/bang-king-30000-puffs-double-taste-disposable-vape\/#breadcrumb\",\"itemListElement\":[{\"@type\":\"ListItem\",\"position\":1,\"name\":\"\u9996\u9875\",\"item\":\"https:\/\/frivape.com\/\"},{\"@type\":\"ListItem\",\"position\":2,\"name\":\"Shop\",\"item\":\"https:\/\/frivape.com\/shop\/\"},{\"@type\":\"ListItem\",\"position\":3,\"name\":\"Bang King 30000 Puffs Disposable Vape | Dual Flavor Tank &amp; Smart LCD Display\"}]},{\"@type\":\"WebSite\",\"@id\":\"https:\/\/frivape.com\/#website\",\"url\":\"https:\/\/frivape.com\/\",\"name\":\"frivape | Online Vape Store - Best Vapes, Mods &amp; Disposable Kits\",\"description\":\"Shop frivape, your premier online vape shop for authentic mods, disposable vapes, and premium e-liquids. Direct from Shenzhen with fast Europe local shipping. High quality at wholesale prices.\",\"publisher\":{\"@id\":\"https:\/\/frivape.com\/#organization\"},\"potentialAction\":[{\"@type\":\"SearchAction\",\"target\":{\"@type\":\"EntryPoint\",\"urlTemplate\":\"https:\/\/frivape.com\/?s={search_term_string}\"},\"query-input\":{\"@type\":\"PropertyValueSpecification\",\"valueRequired\":true,\"valueName\":\"search_term_string\"}}],\"inLanguage\":\"de\"},{\"@type\":\"Organization\",\"@id\":\"https:\/\/frivape.com\/#organization\",\"name\":\"frivape | Online Vape Store - Best Vapes, Mods &amp; Disposable Kits\",\"url\":\"https:\/\/frivape.com\/\",\"logo\":{\"@type\":\"ImageObject\",\"inLanguage\":\"de\",\"@id\":\"https:\/\/frivape.com\/#\/schema\/logo\/image\/\",\"url\":\"https:\/\/frivape.com\/wp-content\/uploads\/2026\/03\/cropped-frivape-site-title-icon.png\",\"contentUrl\":\"https:\/\/frivape.com\/wp-content\/uploads\/2026\/03\/cropped-frivape-site-title-icon.png\",\"width\":470,\"height\":110,\"caption\":\"frivape | Online Vape Store - Best Vapes, Mods &amp; Disposable Kits\"},\"image\":{\"@id\":\"https:\/\/frivape.com\/#\/schema\/logo\/image\/\"}}]}<\/script>\n<!-- \/ Yoast SEO plugin. -->","yoast_head_json":{"title":"Bang King 30000 Puffs Disposable Vape - Doppelter Geschmack Dual Tank &amp; LCD Display","description":"Erlebe 30.000 Z\u00fcge mit dem Bang King 30k. Verf\u00fcgt \u00fcber 36mL Dual-Tank Double Taste Technologie, 550mAh Akku und intelligente LCD-Anzeige. Schneller EU-Versand!","robots":{"index":"noindex","follow":"follow","max-snippet":"max-snippet:-1","max-image-preview":"max-image-preview:large","max-video-preview":"max-video-preview:-1"},"og_locale":"de_DE","og_type":"article","og_title":"Bang King 30000 Puffs Disposable Vape - Double Taste Dual Tank & LCD Display","og_description":"Experience 30,000 puffs with the Bang King 30k. Features 36mL dual-tank Double Taste technology, 550mAh rechargeable battery, and smart LCD display. Fast EU shipping!","og_url":"https:\/\/frivape.com\/de\/produkt\/bang-konig-30000-puffs-doppelten-geschmack-einweg-vape\/","og_site_name":"frivape | Online Vape Store - Best Vapes, Mods &amp; Disposable Kits","article_modified_time":"2026-04-11T11:55:47+00:00","og_image":[{"width":1000,"height":1000,"url":"https:\/\/frivape.com\/wp-content\/uploads\/2026\/04\/vape-bang-king-30k-30000-puffs-main-image.jpg.webp","type":"image\/webp"}],"twitter_card":"summary_large_image","twitter_misc":{"Gesch\u00e4tzte Lesezeit":"4\u00a0Minuten"},"schema":{"@context":"https:\/\/schema.org","@graph":[{"@type":"WebPage","@id":"https:\/\/frivape.com\/product\/bang-king-30000-puffs-double-taste-disposable-vape\/","url":"https:\/\/frivape.com\/product\/bang-king-30000-puffs-double-taste-disposable-vape\/","name":"Bang King 30000 Puffs Disposable Vape - Doppelter Geschmack Dual Tank &amp; LCD Display","isPartOf":{"@id":"https:\/\/frivape.com\/#website"},"primaryImageOfPage":{"@id":"https:\/\/frivape.com\/product\/bang-king-30000-puffs-double-taste-disposable-vape\/#primaryimage"},"image":{"@id":"https:\/\/frivape.com\/product\/bang-king-30000-puffs-double-taste-disposable-vape\/#primaryimage"},"thumbnailUrl":"https:\/\/frivape.com\/wp-content\/uploads\/2026\/04\/vape-bang-king-30k-30000-puffs-main-image.jpg.webp","datePublished":"2026-04-11T11:45:43+00:00","dateModified":"2026-04-11T11:55:47+00:00","description":"Erlebe 30.000 Z\u00fcge mit dem Bang King 30k. Verf\u00fcgt \u00fcber 36mL Dual-Tank Double Taste Technologie, 550mAh Akku und intelligente LCD-Anzeige. Schneller EU-Versand!","breadcrumb":{"@id":"https:\/\/frivape.com\/product\/bang-king-30000-puffs-double-taste-disposable-vape\/#breadcrumb"},"inLanguage":"de","potentialAction":[{"@type":"ReadAction","target":["https:\/\/frivape.com\/product\/bang-king-30000-puffs-double-taste-disposable-vape\/"]}]},{"@type":"ImageObject","inLanguage":"de","@id":"https:\/\/frivape.com\/product\/bang-king-30000-puffs-double-taste-disposable-vape\/#primaryimage","url":"https:\/\/frivape.com\/wp-content\/uploads\/2026\/04\/vape-bang-king-30k-30000-puffs-main-image.jpg.webp","contentUrl":"https:\/\/frivape.com\/wp-content\/uploads\/2026\/04\/vape-bang-king-30k-30000-puffs-main-image.jpg.webp","width":1000,"height":1000},{"@type":"BreadcrumbList","@id":"https:\/\/frivape.com\/product\/bang-king-30000-puffs-double-taste-disposable-vape\/#breadcrumb","itemListElement":[{"@type":"ListItem","position":1,"name":"\u9996\u9875","item":"https:\/\/frivape.com\/"},{"@type":"ListItem","position":2,"name":"Shop","item":"https:\/\/frivape.com\/shop\/"},{"@type":"ListItem","position":3,"name":"Bang King 30000 Puffs Disposable Vape | Dual Flavor Tank &amp; Smart LCD Display"}]},{"@type":"WebSite","@id":"https:\/\/frivape.com\/#website","url":"https:\/\/frivape.com\/","name":"frivape | Online Vape Store - Beste Vapes, Mods &amp; Einweg-Kits","description":"Shop frivape, Ihr f\u00fchrender Online-Vape-Shop f\u00fcr authentische Mods, Einweg-Vapes und Premium-E-Liquids. Direkt aus Shenzhen mit schnellem Versand nach Europa. Hohe Qualit\u00e4t zu Gro\u00dfhandelspreisen.","publisher":{"@id":"https:\/\/frivape.com\/#organization"},"potentialAction":[{"@type":"SearchAction","target":{"@type":"EntryPoint","urlTemplate":"https:\/\/frivape.com\/?s={search_term_string}"},"query-input":{"@type":"PropertyValueSpecification","valueRequired":true,"valueName":"search_term_string"}}],"inLanguage":"de"},{"@type":"Organization","@id":"https:\/\/frivape.com\/#organization","name":"frivape | Online Vape Store - Beste Vapes, Mods &amp; Einweg-Kits","url":"https:\/\/frivape.com\/","logo":{"@type":"ImageObject","inLanguage":"de","@id":"https:\/\/frivape.com\/#\/schema\/logo\/image\/","url":"https:\/\/frivape.com\/wp-content\/uploads\/2026\/03\/cropped-frivape-site-title-icon.png","contentUrl":"https:\/\/frivape.com\/wp-content\/uploads\/2026\/03\/cropped-frivape-site-title-icon.png","width":470,"height":110,"caption":"frivape | Online Vape Store - Best Vapes, Mods &amp; Disposable Kits"},"image":{"@id":"https:\/\/frivape.com\/#\/schema\/logo\/image\/"}}]}},"tiered_pricing_type":"fixed","tiered_pricing_fixed_rules":{"10":10.99,"50":9.99,"100":8.99,"200":7.99},"tiered_pricing_product_settings":{"layout":"default","base_unit_name":{"singular":null,"plural":null},"default_variation":{}},"tiered_pricing_minimum_quantity":null,"tiered_pricing_roles_data":[],"tiered_pricing_percentage_rules":[],"_links":{"self":[{"href":"https:\/\/frivape.com\/de\/wp-json\/wp\/v2\/product\/8441","targetHints":{"allow":["GET"]}}],"collection":[{"href":"https:\/\/frivape.com\/de\/wp-json\/wp\/v2\/product"}],"about":[{"href":"https:\/\/frivape.com\/de\/wp-json\/wp\/v2\/types\/product"}],"replies":[{"embeddable":true,"href":"https:\/\/frivape.com\/de\/wp-json\/wp\/v2\/comments?post=8441"}],"wp:featuredmedia":[{"embeddable":true,"href":"https:\/\/frivape.com\/de\/wp-json\/wp\/v2\/media\/8442"}],"wp:attachment":[{"href":"https:\/\/frivape.com\/de\/wp-json\/wp\/v2\/media?parent=8441"}],"wp:term":[{"taxonomy":"product_brand","embeddable":true,"href":"https:\/\/frivape.com\/de\/wp-json\/wp\/v2\/product_brand?post=8441"},{"taxonomy":"product_cat","embeddable":true,"href":"https:\/\/frivape.com\/de\/wp-json\/wp\/v2\/product_cat?post=8441"},{"taxonomy":"product_tag","embeddable":true,"href":"https:\/\/frivape.com\/de\/wp-json\/wp\/v2\/product_tag?post=8441"}],"curies":[{"name":"wp","href":"https:\/\/api.w.org\/{rel}","templated":true}]}}