{"id":8493,"date":"2026-04-11T20:05:43","date_gmt":"2026-04-11T12:05:43","guid":{"rendered":"https:\/\/frivape.com\/?post_type=product&#038;p=8493"},"modified":"2026-04-11T20:31:52","modified_gmt":"2026-04-11T12:31:52","slug":"bang-36000-puffs-einweg-vape-40ml-dual-tank-dtl-sub-ohm-fuhrte-ausgabe","status":"publish","type":"product","link":"https:\/\/frivape.com\/de\/produkt\/bang-36000-puffs-einweg-vape-40ml-dual-tank-dtl-sub-ohm-fuhrte-ausgabe\/","title":{"rendered":"Bang 36000 Puffs Einweg Vape | 40mL Dual Tank &amp; DTL Sub-Ohm LED Edition"},"content":{"rendered":"<h2 class=\"wp-block-heading has-text-align-center\"><strong>Der Zenit des High-Capacity Vaping: Bang 36000 Puffs LED Edition<\/strong><\/h2>\n\n\n\n<p>Die <strong>Bang 36000 Puffs Einweg Vape Pen<\/strong> stellt die ultimative Weiterentwicklung der Kernaufgabe von Bang dar: <strong>\u201cKraft, Leistung und kr\u00e4ftiger Geschmack\u201d.\u201d<\/strong> Dieses Ger\u00e4t wurde f\u00fcr Vaper entwickelt, die die h\u00f6chste Anzahl an Puffs ben\u00f6tigen, ohne dabei auf Dampfqualit\u00e4t verzichten zu m\u00fcssen, und kombiniert eine massive <strong>40mL e-Fl\u00fcssigkeit Kapazit\u00e4t<\/strong> mit hochmodernen <strong>Sub-Ohm-Technik<\/strong>. Egal, ob Sie nach einem <strong>Gro\u00dfhandel Einweg Vape<\/strong> Regalen Ihres Einzelhandels oder als leistungsstarker Alltagsfahrer, der Bang 36000 ist ein hervorragendes <strong>globale Vape-Sensation<\/strong>.<\/p>\n\n\n\n<h3 class=\"wp-block-heading\"><strong>Direct-to-Lung (DTL) Leistung &amp; Sub-Ohm Innovation<\/strong><\/h3>\n\n\n\n<p>Im Gegensatz zu herk\u00f6mmlichen Einwegartikeln ist die <strong>Peng 36000<\/strong> ist ein Kraftpaket, das f\u00fcr Wolkenj\u00e4ger entwickelt wurde. Ausgestattet mit einer fortschrittlichen <strong>0,6\u03a9 Masche Spule<\/strong>, erm\u00f6glicht sie eine reibungslose <strong>Direkt zur Lunge (DTL)<\/strong> inhalieren, dichten Dampf produzieren und die Geschmacksprofile unserer charakteristischen Fruchtserie intensivieren. Die <strong>Zwei-Tank-System<\/strong> sorgt daf\u00fcr, dass die massiven 40 ml Saft frisch bleiben und gleichm\u00e4\u00dfig flie\u00dfen, was ein erstklassiges Erlebnis vom ersten bis zum 36.000sten Zug bietet.<\/p>\n\n\n\n<h3 class=\"wp-block-heading\"><strong>Stil trifft auf Substanz: Lebendige LED-Beleuchtung<\/strong><\/h3>\n\n\n\n<p>Neben der Leistung ist das Bang 36000 auch ein optisches Statement. Das integrierte <strong>LED-Farblicht<\/strong> wird bei jedem Zug aktiviert und leuchtet durch ein schlankes, ergonomisches Geh\u00e4use. Diese Funktion macht sie nicht nur zum <strong>beste 36k puff vape 2026<\/strong> f\u00fcr gesellschaftliche Anl\u00e4sse, aber auch f\u00fcr Nutzer, die eine moderne, hochtechnologische \u00c4sthetik suchen. Kombiniert mit <strong>Typ-C-Schnellladung<\/strong> und einem zuverl\u00e4ssigen 650mAh-Akku sorgt dieses Ger\u00e4t daf\u00fcr, dass Sie weniger Zeit an der Steckdose verbringen und mehr Zeit damit verbringen, dichte, geschmackvolle Wolken zu genie\u00dfen.<\/p>\n\n\n\n<h3 class=\"wp-block-heading\"><strong>B2B-Gro\u00dfhandel &amp; Fabrikdirekt Verl\u00e4sslichkeit<\/strong><\/h3>\n\n\n\n<p>Betrieb mit einer <strong>Shenzhen-urspr\u00fcnglich<\/strong> Logistiknetzes bieten wir Fabrikdirektpreise f\u00fcr <strong>Vape-Gro\u00dfbestellungen<\/strong>. Mit Nikotinoptionen, die von <strong>0% (Nikotinfrei)<\/strong> zu <strong>5% (Hohe Festigkeit)<\/strong>, Die Bang 36000 ist vollst\u00e4ndig an die verschiedenen regionalen Vorschriften und Verbraucherpr\u00e4ferenzen anpassbar. Jede Box enth\u00e4lt <strong>8 St\u00fcck<\/strong>, und ist damit die perfekte L\u00f6sung f\u00fcr Einzelhandelsumgebungen mit hohem Umsatz, die nach <strong>zuverl\u00e4ssige elektronische Zigarette<\/strong> Lieferanten.<\/p>\n\n\n\n<hr class=\"wp-block-separator has-alpha-channel-opacity\"\/>\n\n\n\n<h3 class=\"wp-block-heading\"><strong>Das 12-Signatur-Fruchtgeschmacksmen\u00fc<\/strong><\/h3>\n\n\n\n<ol start=\"1\" class=\"wp-block-list\">\n<li><strong>Strawberry Kiwi:<\/strong> Eine klassische s\u00e4uerlich-s\u00fc\u00dfe Harmonie.<\/li>\n\n\n\n<li><strong>Pfirsich, Mango, Wassermelone:<\/strong> Die ultimative tropische Dreierkombination.<\/li>\n\n\n\n<li><strong>Gemischte Fr\u00fcchte:<\/strong> Eine lebhafte Mischung aus Beeren und exotischen Fr\u00fcchten.<\/li>\n\n\n\n<li><strong>Minzeis:<\/strong> K\u00fchles Menthol f\u00fcr maximale Erfrischung.<\/li>\n\n\n\n<li><strong>Pfirsich-Mango:<\/strong> Samtiger Pfirsich vermischt mit saftiger Mango.<\/li>\n\n\n\n<li><strong>Traubeneis:<\/strong> \u00dcppige Weinbergstrauben mit einem matten Abgang.<\/li>\n\n\n\n<li><strong>Doppelte \u00c4pfel:<\/strong> Eine knackige Mischung aus s\u00fc\u00dfen roten und s\u00e4uerlichen gr\u00fcnen \u00c4pfeln.<\/li>\n\n\n\n<li><strong>Heidelbeere-Himbeere:<\/strong> Ein raffiniertes und w\u00fcrziges Waldbeeren-Duo.<\/li>\n\n\n\n<li><strong>Blaubeereis:<\/strong> Reife Blaubeeren mit einem sauberen, eisigen Ausatem.<\/li>\n\n\n\n<li><strong>Wassermelone mit Erdbeeren:<\/strong> Die beliebteste s\u00fc\u00dfe Fruchtkombination des Sommers.<\/li>\n\n\n\n<li><strong>Wassermelonen-Eis:<\/strong> Saftige, durstl\u00f6schende Wassermelone auf Eis.<\/li>\n\n\n\n<li><strong>Erdbeer-Mango:<\/strong> Eine sanfte, cremige Fusion aus tropischen Fr\u00fcchten.<\/li>\n<\/ol>\n\n\n\n<hr class=\"wp-block-separator has-alpha-channel-opacity\"\/>\n\n\n\n<h3 class=\"wp-block-heading\"><strong>H\u00e4ufig gestellte Fragen (FAQs)<\/strong><\/h3>\n\n\n\n<ul class=\"wp-block-list\">\n<li><strong>Was macht die 0.6\u03a9 Mesh Coil anders?<\/strong> Die <strong>Sub-Ohm-Widerstand<\/strong> erm\u00f6glicht eine h\u00f6here Wattzahl und einen besseren Luftstrom, was f\u00fcr die <strong>DTL-Dampfen<\/strong>. Es produziert gr\u00f6\u00dfere Wolken und intensiveres Aroma im Vergleich zu herk\u00f6mmlichen 1,0\u03a9 oder 1,2\u03a9 Coils in Standard-Einwegprodukte gefunden.<\/li>\n\n\n\n<li><strong>Wie lange h\u00e4lt der 40-ml-Tank eigentlich?<\/strong> Mit bis zu <strong>36.000 Z\u00fcge<\/strong>, Die Bang 36000 ist so konzipiert, dass sie 4-6 Wochen f\u00fcr den durchschnittlichen Dampfer h\u00e4lt, was sie zu einer der <strong>kosteng\u00fcnstige E-Zigaretten<\/strong> heute verf\u00fcgbar.<\/li>\n\n\n\n<li><strong>Ist das LED-Licht immer an?<\/strong> Die <strong>LED-Farblicht<\/strong> wird durch Ziehen aktiviert, d. h. sie leuchtet nur, wenn Sie dampfen, was die Lebensdauer der Batterie schont und gleichzeitig ein stilvolles visuelles Feedback gibt.<\/li>\n\n\n\n<li><strong>Wie lange dauert der Versand bei Gro\u00dfhandelsbestellungen?<\/strong> Wir bieten einen schnellen Versand von unserem <strong>Lagerhaus in Shenzhen<\/strong>. Typische Ankunftszeiten liegen zwischen 7 und 15 Arbeitstagen, mit garantierter <strong>100% Zollabfertigung<\/strong> und keine versteckten Steuern oder Geb\u00fchren.<\/li>\n\n\n\n<li><strong>Unterst\u00fctzt der Typ-C-Anschluss Schnellladung?<\/strong> Ja. Die Bang 36000 nutzt die <strong>Typ-C-Technologie<\/strong>, Dadurch kann der 650-mAh-Akku in etwa einer Stunde voll aufgeladen werden. <strong>60 Minuten<\/strong>, und gew\u00e4hrleisten minimale Ausfallzeiten.<\/li>\n<\/ul>\n\n\n\n<hr class=\"wp-block-separator has-alpha-channel-opacity\"\/>\n\n\n\n<p><strong>GESUNDHEITSWARNUNG:<\/strong> Dieses Produkt enth\u00e4lt Nikotin. Nikotin ist eine s\u00fcchtig machende Chemikalie.<\/p>\n\n\n\n<p><strong>Altersbeschr\u00e4nkung:<\/strong> Dieses Produkt ist nur f\u00fcr Erwachsene bestimmt (ab 18 Jahren oder dem gesetzlichen Rauchalter in Ihrem Land). Au\u00dferhalb der Reichweite von Kindern und Haustieren aufbewahren. Nicht verwenden, wenn Sie schwanger sind oder stillen.<\/p>","protected":false},"excerpt":{"rendered":"<p data-path-to-node=\"7\">Die <b data-path-to-node=\"7\" data-index-in-node=\"4\">Bang 36000 Puffs<\/b> setzt einen neuen Ma\u00dfstab f\u00fcr Ausdauer und visuellen Stil auf dem globalen Markt f\u00fcr elektronische Zigaretten.<\/p>\n<ul data-path-to-node=\"8\">\n<li>\n<p data-path-to-node=\"8,0,0\"><b data-path-to-node=\"8,0,0\" data-index-in-node=\"0\">Extreme Kapazit\u00e4t:<\/b> Bis zu 36.000 Puffs f\u00fcr wochenlangen, ununterbrochenen Gebrauch.<\/p>\n<\/li>\n<li>\n<p data-path-to-node=\"8,1,0\"><b data-path-to-node=\"8,1,0\" data-index-in-node=\"0\">Zwei-Tank-System:<\/b> 40mL vorgef\u00fclltes Premium e-liquid Reservoir.<\/p>\n<\/li>\n<li>\n<p data-path-to-node=\"8,2,0\"><b data-path-to-node=\"8,2,0\" data-index-in-node=\"0\">Sub-Ohm Leistung:<\/b> 0.6\u03a9 Mesh Coil f\u00fcr reichhaltiges, wolkenfokussiertes DTL-Vaping.<\/p>\n<\/li>\n<li>\n<p data-path-to-node=\"8,3,0\"><b data-path-to-node=\"8,3,0\" data-index-in-node=\"0\">Dynamische \u00c4sthetik:<\/b> Zeichnungsaktivierte LED-Farbbeleuchtung f\u00fcr einen modernen Look.<\/p>\n<\/li>\n<li>\n<p data-path-to-node=\"8,4,0\"><b data-path-to-node=\"8,4,0\" data-index-in-node=\"0\">Schnelle Erholung:<\/b> 650mAh Akku mit Typ-C Schnellladung.<\/p>\n<\/li>\n<li>\n<p data-path-to-node=\"8,5,0\"><b data-path-to-node=\"8,5,0\" data-index-in-node=\"0\">Pr\u00e4zise Kontrolle:<\/b> Erh\u00e4ltlich in den Nikotinsalzst\u00e4rken 0%, 2%, 3% und 5%.<\/p>\n<\/li>\n<\/ul>","protected":false},"featured_media":8494,"comment_status":"open","ping_status":"closed","template":"","meta":[],"product_brand":[61],"product_cat":[82,87,95],"product_tag":[74,77],"class_list":{"0":"post-8493","1":"product","2":"type-product","3":"status-publish","4":"has-post-thumbnail","6":"product_brand-bang","7":"product_cat-big-puffs-vapes","8":"product_cat-iced-fruit-vapes","9":"product_cat-mesh-coil-vapes","10":"product_tag-dtl-vaping","11":"product_tag-recharge","13":"first","14":"instock","15":"sale","16":"shipping-taxable","17":"purchasable","18":"product-type-variable"},"yoast_head":"<!-- This site is optimized with the Yoast SEO plugin v27.1.1 - https:\/\/yoast.com\/product\/yoast-seo-wordpress\/ -->\n<title>Bang 36000 Puffs Disposable Vape - LED Light &amp; 40mL DTL Sub-Ohm<\/title>\n<meta name=\"description\" content=\"Illuminate your clouds with Bang 36000 Puffs. Features a 40mL dual-tank, 0.6\u03a9 Sub-Ohm coil for DTL vaping, and vibrant LED lights. Factory direct wholesale &amp; fast shipping.\" \/>\n<meta name=\"robots\" content=\"noindex, follow, max-snippet:-1, max-image-preview:large, max-video-preview:-1\" \/>\n<meta property=\"og:locale\" content=\"de_DE\" \/>\n<meta property=\"og:type\" content=\"article\" \/>\n<meta property=\"og:title\" content=\"Bang 36000 Puffs Disposable Vape - LED Light &amp; 40mL DTL Sub-Ohm\" \/>\n<meta property=\"og:description\" content=\"Illuminate your clouds with Bang 36000 Puffs. Features a 40mL dual-tank, 0.6\u03a9 Sub-Ohm coil for DTL vaping, and vibrant LED lights. Factory direct wholesale &amp; fast shipping.\" \/>\n<meta property=\"og:url\" content=\"https:\/\/frivape.com\/de\/produkt\/bang-36000-puffs-einweg-vape-40ml-dual-tank-dtl-sub-ohm-fuhrte-ausgabe\/\" \/>\n<meta property=\"og:site_name\" content=\"frivape | Online Vape Store - Best Vapes, Mods &amp; Disposable Kits\" \/>\n<meta property=\"article:modified_time\" content=\"2026-04-11T12:31:52+00:00\" \/>\n<meta property=\"og:image\" content=\"https:\/\/frivape.com\/wp-content\/uploads\/2026\/04\/Puff-36k-Bang-36000-Puffs-Disposable-Vape-Pen-Hookah-Shisha-1.webp\" \/>\n\t<meta property=\"og:image:width\" content=\"800\" \/>\n\t<meta property=\"og:image:height\" content=\"800\" \/>\n\t<meta property=\"og:image:type\" content=\"image\/webp\" \/>\n<meta name=\"twitter:card\" content=\"summary_large_image\" \/>\n<meta name=\"twitter:label1\" content=\"Gesch\u00e4tzte Lesezeit\" \/>\n\t<meta name=\"twitter:data1\" content=\"3\u00a0Minuten\" \/>\n<script type=\"application\/ld+json\" class=\"yoast-schema-graph\">{\"@context\":\"https:\/\/schema.org\",\"@graph\":[{\"@type\":\"WebPage\",\"@id\":\"https:\/\/frivape.com\/product\/bang-36000-puffs-disposable-vape-40ml-dual-tank-dtl-sub-ohm-led-edition\/\",\"url\":\"https:\/\/frivape.com\/product\/bang-36000-puffs-disposable-vape-40ml-dual-tank-dtl-sub-ohm-led-edition\/\",\"name\":\"Bang 36000 Puffs Disposable Vape - LED Light & 40mL DTL Sub-Ohm\",\"isPartOf\":{\"@id\":\"https:\/\/frivape.com\/#website\"},\"primaryImageOfPage\":{\"@id\":\"https:\/\/frivape.com\/product\/bang-36000-puffs-disposable-vape-40ml-dual-tank-dtl-sub-ohm-led-edition\/#primaryimage\"},\"image\":{\"@id\":\"https:\/\/frivape.com\/product\/bang-36000-puffs-disposable-vape-40ml-dual-tank-dtl-sub-ohm-led-edition\/#primaryimage\"},\"thumbnailUrl\":\"https:\/\/frivape.com\/wp-content\/uploads\/2026\/04\/Puff-36k-Bang-36000-Puffs-Disposable-Vape-Pen-Hookah-Shisha-1.webp\",\"datePublished\":\"2026-04-11T12:05:43+00:00\",\"dateModified\":\"2026-04-11T12:31:52+00:00\",\"description\":\"Illuminate your clouds with Bang 36000 Puffs. Features a 40mL dual-tank, 0.6\u03a9 Sub-Ohm coil for DTL vaping, and vibrant LED lights. Factory direct wholesale & fast shipping.\",\"breadcrumb\":{\"@id\":\"https:\/\/frivape.com\/product\/bang-36000-puffs-disposable-vape-40ml-dual-tank-dtl-sub-ohm-led-edition\/#breadcrumb\"},\"inLanguage\":\"de\",\"potentialAction\":[{\"@type\":\"ReadAction\",\"target\":[\"https:\/\/frivape.com\/product\/bang-36000-puffs-disposable-vape-40ml-dual-tank-dtl-sub-ohm-led-edition\/\"]}]},{\"@type\":\"ImageObject\",\"inLanguage\":\"de\",\"@id\":\"https:\/\/frivape.com\/product\/bang-36000-puffs-disposable-vape-40ml-dual-tank-dtl-sub-ohm-led-edition\/#primaryimage\",\"url\":\"https:\/\/frivape.com\/wp-content\/uploads\/2026\/04\/Puff-36k-Bang-36000-Puffs-Disposable-Vape-Pen-Hookah-Shisha-1.webp\",\"contentUrl\":\"https:\/\/frivape.com\/wp-content\/uploads\/2026\/04\/Puff-36k-Bang-36000-Puffs-Disposable-Vape-Pen-Hookah-Shisha-1.webp\",\"width\":800,\"height\":800},{\"@type\":\"BreadcrumbList\",\"@id\":\"https:\/\/frivape.com\/product\/bang-36000-puffs-disposable-vape-40ml-dual-tank-dtl-sub-ohm-led-edition\/#breadcrumb\",\"itemListElement\":[{\"@type\":\"ListItem\",\"position\":1,\"name\":\"\u9996\u9875\",\"item\":\"https:\/\/frivape.com\/\"},{\"@type\":\"ListItem\",\"position\":2,\"name\":\"Shop\",\"item\":\"https:\/\/frivape.com\/shop\/\"},{\"@type\":\"ListItem\",\"position\":3,\"name\":\"Bang 36000 Puffs Disposable Vape | 40mL Dual Tank &amp; DTL Sub-Ohm LED Edition\"}]},{\"@type\":\"WebSite\",\"@id\":\"https:\/\/frivape.com\/#website\",\"url\":\"https:\/\/frivape.com\/\",\"name\":\"frivape | Online Vape Store - Best Vapes, Mods &amp; Disposable Kits\",\"description\":\"Shop frivape, your premier online vape shop for authentic mods, disposable vapes, and premium e-liquids. Direct from Shenzhen with fast Europe local shipping. High quality at wholesale prices.\",\"publisher\":{\"@id\":\"https:\/\/frivape.com\/#organization\"},\"potentialAction\":[{\"@type\":\"SearchAction\",\"target\":{\"@type\":\"EntryPoint\",\"urlTemplate\":\"https:\/\/frivape.com\/?s={search_term_string}\"},\"query-input\":{\"@type\":\"PropertyValueSpecification\",\"valueRequired\":true,\"valueName\":\"search_term_string\"}}],\"inLanguage\":\"de\"},{\"@type\":\"Organization\",\"@id\":\"https:\/\/frivape.com\/#organization\",\"name\":\"frivape | Online Vape Store - Best Vapes, Mods &amp; Disposable Kits\",\"url\":\"https:\/\/frivape.com\/\",\"logo\":{\"@type\":\"ImageObject\",\"inLanguage\":\"de\",\"@id\":\"https:\/\/frivape.com\/#\/schema\/logo\/image\/\",\"url\":\"https:\/\/frivape.com\/wp-content\/uploads\/2026\/03\/cropped-frivape-site-title-icon.png\",\"contentUrl\":\"https:\/\/frivape.com\/wp-content\/uploads\/2026\/03\/cropped-frivape-site-title-icon.png\",\"width\":470,\"height\":110,\"caption\":\"frivape | Online Vape Store - Best Vapes, Mods &amp; Disposable Kits\"},\"image\":{\"@id\":\"https:\/\/frivape.com\/#\/schema\/logo\/image\/\"}}]}<\/script>\n<!-- \/ Yoast SEO plugin. -->","yoast_head_json":{"title":"Bang 36000 Puffs Einweg Vape - LED Licht &amp; 40mL DTL Sub-Ohm","description":"Illuminate Ihre Wolken mit Bang 36000 Puffs. Verf\u00fcgt \u00fcber einen 40mL Dual-Tank, 0,6\u03a9 Sub-Ohm-Spule f\u00fcr DTL vaping, und lebendige LED-Leuchten. Fabrik direkt Gro\u00dfhandel &amp; schnellen Versand.","robots":{"index":"noindex","follow":"follow","max-snippet":"max-snippet:-1","max-image-preview":"max-image-preview:large","max-video-preview":"max-video-preview:-1"},"og_locale":"de_DE","og_type":"article","og_title":"Bang 36000 Puffs Disposable Vape - LED Light & 40mL DTL Sub-Ohm","og_description":"Illuminate your clouds with Bang 36000 Puffs. Features a 40mL dual-tank, 0.6\u03a9 Sub-Ohm coil for DTL vaping, and vibrant LED lights. Factory direct wholesale & fast shipping.","og_url":"https:\/\/frivape.com\/de\/produkt\/bang-36000-puffs-einweg-vape-40ml-dual-tank-dtl-sub-ohm-fuhrte-ausgabe\/","og_site_name":"frivape | Online Vape Store - Best Vapes, Mods &amp; Disposable Kits","article_modified_time":"2026-04-11T12:31:52+00:00","og_image":[{"width":800,"height":800,"url":"https:\/\/frivape.com\/wp-content\/uploads\/2026\/04\/Puff-36k-Bang-36000-Puffs-Disposable-Vape-Pen-Hookah-Shisha-1.webp","type":"image\/webp"}],"twitter_card":"summary_large_image","twitter_misc":{"Gesch\u00e4tzte Lesezeit":"3\u00a0Minuten"},"schema":{"@context":"https:\/\/schema.org","@graph":[{"@type":"WebPage","@id":"https:\/\/frivape.com\/product\/bang-36000-puffs-disposable-vape-40ml-dual-tank-dtl-sub-ohm-led-edition\/","url":"https:\/\/frivape.com\/product\/bang-36000-puffs-disposable-vape-40ml-dual-tank-dtl-sub-ohm-led-edition\/","name":"Bang 36000 Puffs Einweg Vape - LED Licht &amp; 40mL DTL Sub-Ohm","isPartOf":{"@id":"https:\/\/frivape.com\/#website"},"primaryImageOfPage":{"@id":"https:\/\/frivape.com\/product\/bang-36000-puffs-disposable-vape-40ml-dual-tank-dtl-sub-ohm-led-edition\/#primaryimage"},"image":{"@id":"https:\/\/frivape.com\/product\/bang-36000-puffs-disposable-vape-40ml-dual-tank-dtl-sub-ohm-led-edition\/#primaryimage"},"thumbnailUrl":"https:\/\/frivape.com\/wp-content\/uploads\/2026\/04\/Puff-36k-Bang-36000-Puffs-Disposable-Vape-Pen-Hookah-Shisha-1.webp","datePublished":"2026-04-11T12:05:43+00:00","dateModified":"2026-04-11T12:31:52+00:00","description":"Illuminate Ihre Wolken mit Bang 36000 Puffs. Verf\u00fcgt \u00fcber einen 40mL Dual-Tank, 0,6\u03a9 Sub-Ohm-Spule f\u00fcr DTL vaping, und lebendige LED-Leuchten. Fabrik direkt Gro\u00dfhandel &amp; schnellen Versand.","breadcrumb":{"@id":"https:\/\/frivape.com\/product\/bang-36000-puffs-disposable-vape-40ml-dual-tank-dtl-sub-ohm-led-edition\/#breadcrumb"},"inLanguage":"de","potentialAction":[{"@type":"ReadAction","target":["https:\/\/frivape.com\/product\/bang-36000-puffs-disposable-vape-40ml-dual-tank-dtl-sub-ohm-led-edition\/"]}]},{"@type":"ImageObject","inLanguage":"de","@id":"https:\/\/frivape.com\/product\/bang-36000-puffs-disposable-vape-40ml-dual-tank-dtl-sub-ohm-led-edition\/#primaryimage","url":"https:\/\/frivape.com\/wp-content\/uploads\/2026\/04\/Puff-36k-Bang-36000-Puffs-Disposable-Vape-Pen-Hookah-Shisha-1.webp","contentUrl":"https:\/\/frivape.com\/wp-content\/uploads\/2026\/04\/Puff-36k-Bang-36000-Puffs-Disposable-Vape-Pen-Hookah-Shisha-1.webp","width":800,"height":800},{"@type":"BreadcrumbList","@id":"https:\/\/frivape.com\/product\/bang-36000-puffs-disposable-vape-40ml-dual-tank-dtl-sub-ohm-led-edition\/#breadcrumb","itemListElement":[{"@type":"ListItem","position":1,"name":"\u9996\u9875","item":"https:\/\/frivape.com\/"},{"@type":"ListItem","position":2,"name":"Shop","item":"https:\/\/frivape.com\/shop\/"},{"@type":"ListItem","position":3,"name":"Bang 36000 Puffs Disposable Vape | 40mL Dual Tank &amp; DTL Sub-Ohm LED Edition"}]},{"@type":"WebSite","@id":"https:\/\/frivape.com\/#website","url":"https:\/\/frivape.com\/","name":"frivape | Online Vape Store - Beste Vapes, Mods &amp; Einweg-Kits","description":"Shop frivape, Ihr f\u00fchrender Online-Vape-Shop f\u00fcr authentische Mods, Einweg-Vapes und Premium-E-Liquids. Direkt aus Shenzhen mit schnellem Versand nach Europa. Hohe Qualit\u00e4t zu Gro\u00dfhandelspreisen.","publisher":{"@id":"https:\/\/frivape.com\/#organization"},"potentialAction":[{"@type":"SearchAction","target":{"@type":"EntryPoint","urlTemplate":"https:\/\/frivape.com\/?s={search_term_string}"},"query-input":{"@type":"PropertyValueSpecification","valueRequired":true,"valueName":"search_term_string"}}],"inLanguage":"de"},{"@type":"Organization","@id":"https:\/\/frivape.com\/#organization","name":"frivape | Online Vape Store - Beste Vapes, Mods &amp; Einweg-Kits","url":"https:\/\/frivape.com\/","logo":{"@type":"ImageObject","inLanguage":"de","@id":"https:\/\/frivape.com\/#\/schema\/logo\/image\/","url":"https:\/\/frivape.com\/wp-content\/uploads\/2026\/03\/cropped-frivape-site-title-icon.png","contentUrl":"https:\/\/frivape.com\/wp-content\/uploads\/2026\/03\/cropped-frivape-site-title-icon.png","width":470,"height":110,"caption":"frivape | Online Vape Store - Best Vapes, Mods &amp; Disposable Kits"},"image":{"@id":"https:\/\/frivape.com\/#\/schema\/logo\/image\/"}}]}},"tiered_pricing_type":"fixed","tiered_pricing_fixed_rules":{"10":10.88,"50":9.88,"100":8.88,"200":7.88},"tiered_pricing_product_settings":{"layout":"default","base_unit_name":{"singular":null,"plural":null},"default_variation":{}},"tiered_pricing_minimum_quantity":null,"tiered_pricing_roles_data":[],"tiered_pricing_percentage_rules":[],"_links":{"self":[{"href":"https:\/\/frivape.com\/de\/wp-json\/wp\/v2\/product\/8493","targetHints":{"allow":["GET"]}}],"collection":[{"href":"https:\/\/frivape.com\/de\/wp-json\/wp\/v2\/product"}],"about":[{"href":"https:\/\/frivape.com\/de\/wp-json\/wp\/v2\/types\/product"}],"replies":[{"embeddable":true,"href":"https:\/\/frivape.com\/de\/wp-json\/wp\/v2\/comments?post=8493"}],"wp:featuredmedia":[{"embeddable":true,"href":"https:\/\/frivape.com\/de\/wp-json\/wp\/v2\/media\/8494"}],"wp:attachment":[{"href":"https:\/\/frivape.com\/de\/wp-json\/wp\/v2\/media?parent=8493"}],"wp:term":[{"taxonomy":"product_brand","embeddable":true,"href":"https:\/\/frivape.com\/de\/wp-json\/wp\/v2\/product_brand?post=8493"},{"taxonomy":"product_cat","embeddable":true,"href":"https:\/\/frivape.com\/de\/wp-json\/wp\/v2\/product_cat?post=8493"},{"taxonomy":"product_tag","embeddable":true,"href":"https:\/\/frivape.com\/de\/wp-json\/wp\/v2\/product_tag?post=8493"}],"curies":[{"name":"wp","href":"https:\/\/api.w.org\/{rel}","templated":true}]}}