{"id":8594,"date":"2026-04-12T01:16:33","date_gmt":"2026-04-11T17:16:33","guid":{"rendered":"https:\/\/frivape.com\/?post_type=product&#038;p=8594"},"modified":"2026-04-12T01:46:00","modified_gmt":"2026-04-11T17:46:00","slug":"vozol-rave-40000-puffs-fuhrte-anzeige-einweg-vape","status":"publish","type":"product","link":"https:\/\/frivape.com\/de\/produkt\/vozol-rave-40000-puffs-fuhrte-anzeige-einweg-vape\/","title":{"rendered":"VOZOL RAVE 40000 Puffs Einweg-Vape | 270\u00b0 LED-Lichtshow | S.I.L.C Tech"},"content":{"rendered":"<h2 class=\"wp-block-heading has-text-align-center\"><strong>Die n\u00e4chste Evolution des Vaping: VOZOL RAVE 40000 Puffs<\/strong><\/h2>\n\n\n\n<p>Als weltweit anerkannter Marktf\u00fchrer seit 2019 definiert VOZOL das E-Zigaretten-Erlebnis immer wieder neu. Die <strong>VOZOL RAVE 40000<\/strong> ist nicht nur ein Einwegger\u00e4t mit hoher Kapazit\u00e4t, sondern eine Explosion der Sinne. Dieses Ger\u00e4t, das f\u00fcr erwachsene Nutzer in \u00fcber 70 L\u00e4ndern entwickelt wurde, integriert eine massive <strong>20mL e-Fl\u00fcssigkeit Volumen<\/strong> mit einer atemberaubenden <strong>270\u00b0 Vibrant Glow Design<\/strong>. Egal, ob Sie nach einem <strong>Gro\u00dfhandel Einweg Vape<\/strong> Der VOZOL RAVE bietet die perfekte Kombination aus einem hochwertigen <strong>Elegantes Design, verl\u00e4ssliche Qualit\u00e4t und erschwingliche Preise.<\/strong><\/p>\n\n\n\n<figure class=\"wp-block-image size-full\"><img fetchpriority=\"high\" decoding=\"async\" width=\"2260\" height=\"1077\" src=\"https:\/\/frivape.com\/wp-content\/uploads\/2026\/04\/VOZOL-RAVE-40000-Puffs-Disposable-Vape-270\u00b0-LED-Light-Show-S.I.L.C-Tech-1.webp\" alt=\"\" class=\"wp-image-8629\" srcset=\"https:\/\/frivape.com\/wp-content\/uploads\/2026\/04\/VOZOL-RAVE-40000-Puffs-Disposable-Vape-270\u00b0-LED-Light-Show-S.I.L.C-Tech-1.webp 2260w, https:\/\/frivape.com\/wp-content\/uploads\/2026\/04\/VOZOL-RAVE-40000-Puffs-Disposable-Vape-270\u00b0-LED-Light-Show-S.I.L.C-Tech-1-300x143.webp 300w, https:\/\/frivape.com\/wp-content\/uploads\/2026\/04\/VOZOL-RAVE-40000-Puffs-Disposable-Vape-270\u00b0-LED-Light-Show-S.I.L.C-Tech-1-1024x488.webp 1024w, https:\/\/frivape.com\/wp-content\/uploads\/2026\/04\/VOZOL-RAVE-40000-Puffs-Disposable-Vape-270\u00b0-LED-Light-Show-S.I.L.C-Tech-1-768x366.webp 768w, https:\/\/frivape.com\/wp-content\/uploads\/2026\/04\/VOZOL-RAVE-40000-Puffs-Disposable-Vape-270\u00b0-LED-Light-Show-S.I.L.C-Tech-1-1536x732.webp 1536w, https:\/\/frivape.com\/wp-content\/uploads\/2026\/04\/VOZOL-RAVE-40000-Puffs-Disposable-Vape-270\u00b0-LED-Light-Show-S.I.L.C-Tech-1-2048x976.webp 2048w, https:\/\/frivape.com\/wp-content\/uploads\/2026\/04\/VOZOL-RAVE-40000-Puffs-Disposable-Vape-270\u00b0-LED-Light-Show-S.I.L.C-Tech-1-990x472.webp 990w, https:\/\/frivape.com\/wp-content\/uploads\/2026\/04\/VOZOL-RAVE-40000-Puffs-Disposable-Vape-270\u00b0-LED-Light-Show-S.I.L.C-Tech-1-441x210.webp 441w, https:\/\/frivape.com\/wp-content\/uploads\/2026\/04\/VOZOL-RAVE-40000-Puffs-Disposable-Vape-270\u00b0-LED-Light-Show-S.I.L.C-Tech-1-800x381.webp 800w, https:\/\/frivape.com\/wp-content\/uploads\/2026\/04\/VOZOL-RAVE-40000-Puffs-Disposable-Vape-270\u00b0-LED-Light-Show-S.I.L.C-Tech-1-150x71.webp 150w\" sizes=\"(max-width: 2260px) 100vw, 2260px\" \/><\/figure>\n\n\n\n<h3 class=\"wp-block-heading\"><strong>Fortschrittliche S.I.L.C.-Technologie und 1,2\u03a9 Pr\u00e4zision<\/strong><\/h3>\n\n\n\n<p>Das Geheimnis der \u00fcberragenden Leistung des VOZOL RAVE liegt in der eigens entwickelten <strong>S.I.L.C.-Technologie<\/strong>. Durch die Gew\u00e4hrleistung einer <strong>Glatt, identisch, lang anhaltend und sauber<\/strong> Dieses Ger\u00e4t verhindert das Verblassen des Geschmacks. Die integrierte <strong>1.2\u03a9 Hochpr\u00e4zisions-Maschenspule<\/strong> sorgt f\u00fcr eine gleichbleibende thermische Stabilit\u00e4t und verhindert das Karamellisieren\u201c oder den verbrannten Geschmack von E-Liquid. Dies stellt sicher, dass Ihr 40.000ster Zug so knackig schmeckt wie der allererste und bietet eine \u201dsaubere S\u00fc\u00dfe\u201c, die die Zunge des Vapers vermeidet.<\/p>\n\n\n\n<h3 class=\"wp-block-heading\"><strong>Men\u00fc f\u00fcr besondere Geschmacksrichtungen<\/strong><\/h3>\n\n\n\n<p>Entdecken Sie unsere sorgf\u00e4ltig zusammengestellte Geschmackskollektion, die von klassischen Menthols bis hin zu exotischen Fruchtmischungen alles bietet:<\/p>\n\n\n\n<figure class=\"wp-block-image size-full\"><img decoding=\"async\" width=\"1739\" height=\"2560\" src=\"https:\/\/frivape.com\/wp-content\/uploads\/2026\/04\/fXktLZDaNjfNzisHOTQErYmXNCbmX97O8V2YVQTF-scaled.webp\" alt=\"\" class=\"wp-image-8625\" srcset=\"https:\/\/frivape.com\/wp-content\/uploads\/2026\/04\/fXktLZDaNjfNzisHOTQErYmXNCbmX97O8V2YVQTF-scaled.webp 1739w, https:\/\/frivape.com\/wp-content\/uploads\/2026\/04\/fXktLZDaNjfNzisHOTQErYmXNCbmX97O8V2YVQTF-204x300.webp 204w, https:\/\/frivape.com\/wp-content\/uploads\/2026\/04\/fXktLZDaNjfNzisHOTQErYmXNCbmX97O8V2YVQTF-696x1024.webp 696w, https:\/\/frivape.com\/wp-content\/uploads\/2026\/04\/fXktLZDaNjfNzisHOTQErYmXNCbmX97O8V2YVQTF-768x1130.webp 768w, https:\/\/frivape.com\/wp-content\/uploads\/2026\/04\/fXktLZDaNjfNzisHOTQErYmXNCbmX97O8V2YVQTF-1044x1536.webp 1044w, https:\/\/frivape.com\/wp-content\/uploads\/2026\/04\/fXktLZDaNjfNzisHOTQErYmXNCbmX97O8V2YVQTF-1391x2048.webp 1391w, https:\/\/frivape.com\/wp-content\/uploads\/2026\/04\/fXktLZDaNjfNzisHOTQErYmXNCbmX97O8V2YVQTF-990x1457.webp 990w, https:\/\/frivape.com\/wp-content\/uploads\/2026\/04\/fXktLZDaNjfNzisHOTQErYmXNCbmX97O8V2YVQTF-441x649.webp 441w, https:\/\/frivape.com\/wp-content\/uploads\/2026\/04\/fXktLZDaNjfNzisHOTQErYmXNCbmX97O8V2YVQTF-300x442.webp 300w, https:\/\/frivape.com\/wp-content\/uploads\/2026\/04\/fXktLZDaNjfNzisHOTQErYmXNCbmX97O8V2YVQTF-800x1178.webp 800w, https:\/\/frivape.com\/wp-content\/uploads\/2026\/04\/fXktLZDaNjfNzisHOTQErYmXNCbmX97O8V2YVQTF-150x221.webp 150w\" sizes=\"(max-width: 1739px) 100vw, 1739px\" \/><\/figure>\n\n\n\n<h3 class=\"wp-block-heading\"><strong>Party-Modus: 270\u00b0 Glow &amp; Beat-synchronisierte Beleuchtung<\/strong><\/h3>\n\n\n\n<p>Der VOZOL RAVE 40k ist so dynamisch wie die Musik, die Sie lieben. Die <strong>Beat-Sensing LED-Anzeige<\/strong> reagiert auf den Rhythmus deines Zuges und macht jeden Zug zu einer pers\u00f6nlichen Lichtshow. Gepaart mit dem <strong>Eclipse Vaping Animation<\/strong> Bildschirm f\u00fchlt es sich an, als w\u00fcrde man mit einer High-End-Smartwatch interagieren, um den Akkustand zu \u00fcberpr\u00fcfen. Sie ist das ultimative Accessoire f\u00fcr ein energiegeladenes soziales Umfeld, das sie zu einem herausragenden Produkt in der <strong>VOZOL dampft<\/strong> Aufstellung.<\/p>\n\n\n\n<h3 class=\"wp-block-heading\"><strong>H\u00e4ufig gestellte Fragen (FAQs)<\/strong><\/h3>\n\n\n\n<ul class=\"wp-block-list\">\n<li><strong>Wie verbessert die S.I.L.C.-Technologie das Erlebnis?<\/strong> S.I.L.C sorgt daf\u00fcr, dass der Geschmack erhalten bleibt <strong>Identisch<\/strong> w\u00e4hrend der gesamten Lebensdauer des Tanks und <strong>Sauber<\/strong> von jeglichen verbrannten Untert\u00f6nen und bietet die <strong>Langlebig<\/strong> und <strong>Glatt<\/strong> Erfahrung.<\/li>\n\n\n\n<li><strong>Wie schnell l\u00e4dt der VOZOL RAVE?<\/strong> Das Ger\u00e4t l\u00e4dt blitzschnell und erreicht eine <strong>80% l\u00e4dt in nur 20 Minuten<\/strong>, Dadurch wird die Ausfallzeit f\u00fcr den \u201con-the-go\u201d-Vaper minimiert.<\/li>\n\n\n\n<li><strong>Ist der Nikotinsto\u00df weich oder hart?<\/strong> Unter <strong>5% (50mg\/mL)<\/strong>, Die hochpr\u00e4zise Wicklung sorgt daf\u00fcr, dass der Dampf seidig und angenehm im Rachenraum ist.<\/li>\n<\/ul>\n\n\n\n<p><strong>GESUNDHEITSWARNUNG:<\/strong> Dieses Produkt enth\u00e4lt Nikotin. Nikotin ist eine s\u00fcchtig machende Chemikalie.<\/p>\n\n\n\n<p><strong>Altersbeschr\u00e4nkung:<\/strong> Dieses Produkt ist nur f\u00fcr Erwachsene bestimmt (ab 18 Jahren oder dem gesetzlichen Rauchalter in Ihrem Land). Au\u00dferhalb der Reichweite von Kindern und Haustieren aufbewahren. Nicht verwenden, wenn Sie schwanger sind oder stillen.<\/p>","protected":false},"excerpt":{"rendered":"<p data-path-to-node=\"7\">Die <b data-path-to-node=\"7\" data-index-in-node=\"4\">VOZOL RAVE 40000<\/b> trifft futuristische Technik auf High-Fidelity-Geschmack.<\/p>\n<ul data-path-to-node=\"8\">\n<li>\n<p data-path-to-node=\"8,0,0\"><b data-path-to-node=\"8,0,0\" data-index-in-node=\"0\">Unerreichte Langlebigkeit:<\/b> Bis zu 40.000 Z\u00fcge aus einem vorgef\u00fcllten 20-ml-Beh\u00e4lter.<\/p>\n<\/li>\n<li>\n<p data-path-to-node=\"8,1,0\"><b data-path-to-node=\"8,1,0\" data-index-in-node=\"0\">Visuelles Spektakel:<\/b> 270\u00b0 Beat-Sensing LED Display mit Eclipse Vaping-Animationen.<\/p>\n<\/li>\n<li>\n<p data-path-to-node=\"8,2,0\"><b data-path-to-node=\"8,2,0\" data-index-in-node=\"0\">S.I.L.C.-Technologie:<\/b> Glatte, identische, lang anhaltende und saubere Geschmacksabgabe.<\/p>\n<\/li>\n<li>\n<p data-path-to-node=\"8,3,0\"><b data-path-to-node=\"8,3,0\" data-index-in-node=\"0\">Ultraschnelle Erholung:<\/b> 1000mAh Akku trifft 80% Ladung in nur 20 Minuten \u00fcber Typ-C.<\/p>\n<\/li>\n<li>\n<p data-path-to-node=\"8,4,0\"><b data-path-to-node=\"8,4,0\" data-index-in-node=\"0\">Geschmackliche Pr\u00e4zision:<\/b> 1.2\u03a9 Hochpr\u00e4zisions-Maschenspule sorgt f\u00fcr thermische Stabilit\u00e4t.<\/p>\n<\/li>\n<li>\n<p data-path-to-node=\"8,5,0\"><b data-path-to-node=\"8,5,0\" data-index-in-node=\"0\">Globale Verl\u00e4sslichkeit:<\/b> Versendet von unserem <b data-path-to-node=\"8,5,0\" data-index-in-node=\"37\">EU-Lagerhaus<\/b> (1-3 Tage Lieferung).<\/p>\n<\/li>\n<\/ul>","protected":false},"featured_media":8619,"comment_status":"open","ping_status":"closed","template":"","meta":[],"product_brand":[55],"product_cat":[82,96,87],"product_tag":[75,76,77,79],"class_list":{"0":"post-8594","1":"product","2":"type-product","3":"status-publish","4":"has-post-thumbnail","6":"product_brand-vozol","7":"product_cat-big-puffs-vapes","8":"product_cat-dual-mesh-vapes","9":"product_cat-iced-fruit-vapes","10":"product_tag-eu-warehouse","11":"product_tag-mtl-vaping","12":"product_tag-recharge","13":"product_tag-smart-screen-display","15":"first","16":"instock","17":"sale","18":"shipping-taxable","19":"purchasable","20":"product-type-variable"},"yoast_head":"<!-- This site is optimized with the Yoast SEO plugin v27.1.1 - https:\/\/yoast.com\/product\/yoast-seo-wordpress\/ -->\n<title>VOZOL RAVE 40000 Puffs Disposable Vape - 270\u00b0 LED &amp; S.I.L.C Tech<\/title>\n<meta name=\"description\" content=\"Experience VOZOL RAVE 40000. Features 40k puffs, 20mL tank, S.I.L.C Tech, and a 270\u00b0 LED party mode. 80% charge in 20 mins. 24 fruit flavors available.\" \/>\n<meta name=\"robots\" content=\"noindex, follow, max-snippet:-1, max-image-preview:large, max-video-preview:-1\" \/>\n<meta property=\"og:locale\" content=\"de_DE\" \/>\n<meta property=\"og:type\" content=\"article\" \/>\n<meta property=\"og:title\" content=\"VOZOL RAVE 40000 Puffs Disposable Vape - 270\u00b0 LED &amp; S.I.L.C Tech\" \/>\n<meta property=\"og:description\" content=\"Experience VOZOL RAVE 40000. Features 40k puffs, 20mL tank, S.I.L.C Tech, and a 270\u00b0 LED party mode. 80% charge in 20 mins. 24 fruit flavors available.\" \/>\n<meta property=\"og:url\" content=\"https:\/\/frivape.com\/de\/produkt\/vozol-rave-40000-puffs-fuhrte-anzeige-einweg-vape\/\" \/>\n<meta property=\"og:site_name\" content=\"frivape | Online Vape Store - Best Vapes, Mods &amp; Disposable Kits\" \/>\n<meta property=\"article:modified_time\" content=\"2026-04-11T17:46:00+00:00\" \/>\n<meta property=\"og:image\" content=\"https:\/\/frivape.com\/wp-content\/uploads\/2026\/04\/vozol-rave-40000-Blue-Razz-Ice-3.webp\" \/>\n\t<meta property=\"og:image:width\" content=\"1200\" \/>\n\t<meta property=\"og:image:height\" content=\"1200\" \/>\n\t<meta property=\"og:image:type\" content=\"image\/webp\" \/>\n<meta name=\"twitter:card\" content=\"summary_large_image\" \/>\n<meta name=\"twitter:label1\" content=\"Gesch\u00e4tzte Lesezeit\" \/>\n\t<meta name=\"twitter:data1\" content=\"3\u00a0Minuten\" \/>\n<script type=\"application\/ld+json\" class=\"yoast-schema-graph\">{\"@context\":\"https:\/\/schema.org\",\"@graph\":[{\"@type\":\"WebPage\",\"@id\":\"https:\/\/frivape.com\/product\/vozol-rave-40000-puffs-led-display-disposable-vape\/\",\"url\":\"https:\/\/frivape.com\/product\/vozol-rave-40000-puffs-led-display-disposable-vape\/\",\"name\":\"VOZOL RAVE 40000 Puffs Disposable Vape - 270\u00b0 LED & S.I.L.C Tech\",\"isPartOf\":{\"@id\":\"https:\/\/frivape.com\/#website\"},\"primaryImageOfPage\":{\"@id\":\"https:\/\/frivape.com\/product\/vozol-rave-40000-puffs-led-display-disposable-vape\/#primaryimage\"},\"image\":{\"@id\":\"https:\/\/frivape.com\/product\/vozol-rave-40000-puffs-led-display-disposable-vape\/#primaryimage\"},\"thumbnailUrl\":\"https:\/\/frivape.com\/wp-content\/uploads\/2026\/04\/vozol-rave-40000-Blue-Razz-Ice-3.webp\",\"datePublished\":\"2026-04-11T17:16:33+00:00\",\"dateModified\":\"2026-04-11T17:46:00+00:00\",\"description\":\"Experience VOZOL RAVE 40000. Features 40k puffs, 20mL tank, S.I.L.C Tech, and a 270\u00b0 LED party mode. 80% charge in 20 mins. 24 fruit flavors available.\",\"breadcrumb\":{\"@id\":\"https:\/\/frivape.com\/product\/vozol-rave-40000-puffs-led-display-disposable-vape\/#breadcrumb\"},\"inLanguage\":\"de\",\"potentialAction\":[{\"@type\":\"ReadAction\",\"target\":[\"https:\/\/frivape.com\/product\/vozol-rave-40000-puffs-led-display-disposable-vape\/\"]}]},{\"@type\":\"ImageObject\",\"inLanguage\":\"de\",\"@id\":\"https:\/\/frivape.com\/product\/vozol-rave-40000-puffs-led-display-disposable-vape\/#primaryimage\",\"url\":\"https:\/\/frivape.com\/wp-content\/uploads\/2026\/04\/vozol-rave-40000-Blue-Razz-Ice-3.webp\",\"contentUrl\":\"https:\/\/frivape.com\/wp-content\/uploads\/2026\/04\/vozol-rave-40000-Blue-Razz-Ice-3.webp\",\"width\":1200,\"height\":1200},{\"@type\":\"BreadcrumbList\",\"@id\":\"https:\/\/frivape.com\/product\/vozol-rave-40000-puffs-led-display-disposable-vape\/#breadcrumb\",\"itemListElement\":[{\"@type\":\"ListItem\",\"position\":1,\"name\":\"\u9996\u9875\",\"item\":\"https:\/\/frivape.com\/\"},{\"@type\":\"ListItem\",\"position\":2,\"name\":\"Shop\",\"item\":\"https:\/\/frivape.com\/shop\/\"},{\"@type\":\"ListItem\",\"position\":3,\"name\":\"VOZOL RAVE 40000 Puffs Disposable Vape | 270\u00b0 LED Light Show | S.I.L.C Tech\"}]},{\"@type\":\"WebSite\",\"@id\":\"https:\/\/frivape.com\/#website\",\"url\":\"https:\/\/frivape.com\/\",\"name\":\"frivape | Online Vape Store - Best Vapes, Mods &amp; Disposable Kits\",\"description\":\"Shop frivape, your premier online vape shop for authentic mods, disposable vapes, and premium e-liquids. Direct from Shenzhen with fast Europe local shipping. High quality at wholesale prices.\",\"publisher\":{\"@id\":\"https:\/\/frivape.com\/#organization\"},\"potentialAction\":[{\"@type\":\"SearchAction\",\"target\":{\"@type\":\"EntryPoint\",\"urlTemplate\":\"https:\/\/frivape.com\/?s={search_term_string}\"},\"query-input\":{\"@type\":\"PropertyValueSpecification\",\"valueRequired\":true,\"valueName\":\"search_term_string\"}}],\"inLanguage\":\"de\"},{\"@type\":\"Organization\",\"@id\":\"https:\/\/frivape.com\/#organization\",\"name\":\"frivape | Online Vape Store - Best Vapes, Mods &amp; Disposable Kits\",\"url\":\"https:\/\/frivape.com\/\",\"logo\":{\"@type\":\"ImageObject\",\"inLanguage\":\"de\",\"@id\":\"https:\/\/frivape.com\/#\/schema\/logo\/image\/\",\"url\":\"https:\/\/frivape.com\/wp-content\/uploads\/2026\/03\/cropped-frivape-site-title-icon.png\",\"contentUrl\":\"https:\/\/frivape.com\/wp-content\/uploads\/2026\/03\/cropped-frivape-site-title-icon.png\",\"width\":470,\"height\":110,\"caption\":\"frivape | Online Vape Store - Best Vapes, Mods &amp; Disposable Kits\"},\"image\":{\"@id\":\"https:\/\/frivape.com\/#\/schema\/logo\/image\/\"}}]}<\/script>\n<!-- \/ Yoast SEO plugin. -->","yoast_head_json":{"title":"VOZOL RAVE 40000 Puffs Einweg-Vape - 270\u00b0 LED &amp; S.I.L.C Tech","description":"Erleben Sie VOZOL RAVE 40000. Mit 40k Puffs, 20mL Tank, S.I.L.C Tech und einem 270\u00b0 LED Party Modus. 80% Ladung in 20 Minuten. 24 Fruchtgeschmacksrichtungen verf\u00fcgbar.","robots":{"index":"noindex","follow":"follow","max-snippet":"max-snippet:-1","max-image-preview":"max-image-preview:large","max-video-preview":"max-video-preview:-1"},"og_locale":"de_DE","og_type":"article","og_title":"VOZOL RAVE 40000 Puffs Disposable Vape - 270\u00b0 LED & S.I.L.C Tech","og_description":"Experience VOZOL RAVE 40000. Features 40k puffs, 20mL tank, S.I.L.C Tech, and a 270\u00b0 LED party mode. 80% charge in 20 mins. 24 fruit flavors available.","og_url":"https:\/\/frivape.com\/de\/produkt\/vozol-rave-40000-puffs-fuhrte-anzeige-einweg-vape\/","og_site_name":"frivape | Online Vape Store - Best Vapes, Mods &amp; Disposable Kits","article_modified_time":"2026-04-11T17:46:00+00:00","og_image":[{"width":1200,"height":1200,"url":"https:\/\/frivape.com\/wp-content\/uploads\/2026\/04\/vozol-rave-40000-Blue-Razz-Ice-3.webp","type":"image\/webp"}],"twitter_card":"summary_large_image","twitter_misc":{"Gesch\u00e4tzte Lesezeit":"3\u00a0Minuten"},"schema":{"@context":"https:\/\/schema.org","@graph":[{"@type":"WebPage","@id":"https:\/\/frivape.com\/product\/vozol-rave-40000-puffs-led-display-disposable-vape\/","url":"https:\/\/frivape.com\/product\/vozol-rave-40000-puffs-led-display-disposable-vape\/","name":"VOZOL RAVE 40000 Puffs Einweg-Vape - 270\u00b0 LED &amp; S.I.L.C Tech","isPartOf":{"@id":"https:\/\/frivape.com\/#website"},"primaryImageOfPage":{"@id":"https:\/\/frivape.com\/product\/vozol-rave-40000-puffs-led-display-disposable-vape\/#primaryimage"},"image":{"@id":"https:\/\/frivape.com\/product\/vozol-rave-40000-puffs-led-display-disposable-vape\/#primaryimage"},"thumbnailUrl":"https:\/\/frivape.com\/wp-content\/uploads\/2026\/04\/vozol-rave-40000-Blue-Razz-Ice-3.webp","datePublished":"2026-04-11T17:16:33+00:00","dateModified":"2026-04-11T17:46:00+00:00","description":"Erleben Sie VOZOL RAVE 40000. Mit 40k Puffs, 20mL Tank, S.I.L.C Tech und einem 270\u00b0 LED Party Modus. 80% Ladung in 20 Minuten. 24 Fruchtgeschmacksrichtungen verf\u00fcgbar.","breadcrumb":{"@id":"https:\/\/frivape.com\/product\/vozol-rave-40000-puffs-led-display-disposable-vape\/#breadcrumb"},"inLanguage":"de","potentialAction":[{"@type":"ReadAction","target":["https:\/\/frivape.com\/product\/vozol-rave-40000-puffs-led-display-disposable-vape\/"]}]},{"@type":"ImageObject","inLanguage":"de","@id":"https:\/\/frivape.com\/product\/vozol-rave-40000-puffs-led-display-disposable-vape\/#primaryimage","url":"https:\/\/frivape.com\/wp-content\/uploads\/2026\/04\/vozol-rave-40000-Blue-Razz-Ice-3.webp","contentUrl":"https:\/\/frivape.com\/wp-content\/uploads\/2026\/04\/vozol-rave-40000-Blue-Razz-Ice-3.webp","width":1200,"height":1200},{"@type":"BreadcrumbList","@id":"https:\/\/frivape.com\/product\/vozol-rave-40000-puffs-led-display-disposable-vape\/#breadcrumb","itemListElement":[{"@type":"ListItem","position":1,"name":"\u9996\u9875","item":"https:\/\/frivape.com\/"},{"@type":"ListItem","position":2,"name":"Shop","item":"https:\/\/frivape.com\/shop\/"},{"@type":"ListItem","position":3,"name":"VOZOL RAVE 40000 Puffs Disposable Vape | 270\u00b0 LED Light Show | S.I.L.C Tech"}]},{"@type":"WebSite","@id":"https:\/\/frivape.com\/#website","url":"https:\/\/frivape.com\/","name":"frivape | Online Vape Store - Beste Vapes, Mods &amp; Einweg-Kits","description":"Shop frivape, Ihr f\u00fchrender Online-Vape-Shop f\u00fcr authentische Mods, Einweg-Vapes und Premium-E-Liquids. Direkt aus Shenzhen mit schnellem Versand nach Europa. Hohe Qualit\u00e4t zu Gro\u00dfhandelspreisen.","publisher":{"@id":"https:\/\/frivape.com\/#organization"},"potentialAction":[{"@type":"SearchAction","target":{"@type":"EntryPoint","urlTemplate":"https:\/\/frivape.com\/?s={search_term_string}"},"query-input":{"@type":"PropertyValueSpecification","valueRequired":true,"valueName":"search_term_string"}}],"inLanguage":"de"},{"@type":"Organization","@id":"https:\/\/frivape.com\/#organization","name":"frivape | Online Vape Store - Beste Vapes, Mods &amp; Einweg-Kits","url":"https:\/\/frivape.com\/","logo":{"@type":"ImageObject","inLanguage":"de","@id":"https:\/\/frivape.com\/#\/schema\/logo\/image\/","url":"https:\/\/frivape.com\/wp-content\/uploads\/2026\/03\/cropped-frivape-site-title-icon.png","contentUrl":"https:\/\/frivape.com\/wp-content\/uploads\/2026\/03\/cropped-frivape-site-title-icon.png","width":470,"height":110,"caption":"frivape | Online Vape Store - Best Vapes, Mods &amp; Disposable Kits"},"image":{"@id":"https:\/\/frivape.com\/#\/schema\/logo\/image\/"}}]}},"tiered_pricing_type":"fixed","tiered_pricing_fixed_rules":{"10":12.99,"50":11.99,"100":10.99,"200":9.99},"tiered_pricing_product_settings":{"layout":"default","base_unit_name":{"singular":null,"plural":null},"default_variation":{}},"tiered_pricing_minimum_quantity":null,"tiered_pricing_roles_data":[],"tiered_pricing_percentage_rules":[],"_links":{"self":[{"href":"https:\/\/frivape.com\/de\/wp-json\/wp\/v2\/product\/8594","targetHints":{"allow":["GET"]}}],"collection":[{"href":"https:\/\/frivape.com\/de\/wp-json\/wp\/v2\/product"}],"about":[{"href":"https:\/\/frivape.com\/de\/wp-json\/wp\/v2\/types\/product"}],"replies":[{"embeddable":true,"href":"https:\/\/frivape.com\/de\/wp-json\/wp\/v2\/comments?post=8594"}],"wp:featuredmedia":[{"embeddable":true,"href":"https:\/\/frivape.com\/de\/wp-json\/wp\/v2\/media\/8619"}],"wp:attachment":[{"href":"https:\/\/frivape.com\/de\/wp-json\/wp\/v2\/media?parent=8594"}],"wp:term":[{"taxonomy":"product_brand","embeddable":true,"href":"https:\/\/frivape.com\/de\/wp-json\/wp\/v2\/product_brand?post=8594"},{"taxonomy":"product_cat","embeddable":true,"href":"https:\/\/frivape.com\/de\/wp-json\/wp\/v2\/product_cat?post=8594"},{"taxonomy":"product_tag","embeddable":true,"href":"https:\/\/frivape.com\/de\/wp-json\/wp\/v2\/product_tag?post=8594"}],"curies":[{"name":"wp","href":"https:\/\/api.w.org\/{rel}","templated":true}]}}