{"id":8700,"date":"2026-04-12T15:11:05","date_gmt":"2026-04-12T07:11:05","guid":{"rendered":"https:\/\/frivape.com\/?post_type=product&#038;p=8700"},"modified":"2026-04-16T01:18:17","modified_gmt":"2026-04-15T17:18:17","slug":"jnr-falke-16000-puffs-dual-ladeanschluss-vape","status":"publish","type":"product","link":"https:\/\/frivape.com\/de\/produkt\/jnr-falke-16000-puffs-dual-ladeanschluss-vape\/","title":{"rendered":"JNR Falcon 16000 Puffs Disposable Vape | Dual Mesh &amp; Dual Charging Ports | 22mL Kapazit\u00e4t"},"content":{"rendered":"<h2 class=\"wp-block-heading has-text-align-center\"><strong>\u00dcberlegener Geschmack, ultimative Verl\u00e4sslichkeit: Der Vorteil des JNR Falcon 16000<\/strong><\/h2>\n\n\n\n<p>Als f\u00fchrendes Unternehmen auf dem Markt f\u00fcr Hochleistungsdampfger\u00e4te verwirklicht JNR seine Vision von \u201cSuperior Taste\u201d mit dem <strong>JNR Falke 16000<\/strong>. Dieses Ger\u00e4t ist f\u00fcr erwachsene Enthusiasten, die mehr als nur eine einfache vape verlangen entwickelt. Durch die Integration eines <strong>22mL ultra-gro\u00dfes Reservoir<\/strong> mit einer spezialisierten <strong>1.0\u03a9 Dual Mesh Spule<\/strong>, Die Falcon 16k imitiert das intensive Aroma und die dichte Wolkenproduktion einer traditionellen Shisha. Ob Sie ein Wolkenj\u00e4ger oder ein Geschmackssucher sind, bietet dieses Ger\u00e4t eine befriedigende, lang anhaltende Alternative mit seinem <strong>S.I.L.C.-Technik<\/strong> (Glatt, identisch, lang anhaltend, sauber).<\/p>\n\n\n\n<h3 class=\"wp-block-heading\"><strong>Innovatives duales Lade- und Energiemanagement<\/strong><\/h3>\n\n\n\n<p>Eines der herausragenden Merkmale des JNR Falcon 16k ist sein vielseitiges Energiemanagementsystem. Es ist ausgestattet mit <strong>Zwei Ladeanschl\u00fcsse<\/strong>, die sowohl <strong>USB Typ-C und Apple Lightning<\/strong> Kabel. Das macht zus\u00e4tzliche Kabel \u00fcberfl\u00fcssig und sorgt daf\u00fcr, dass Sie Ihr Handy aufladen k\u00f6nnen. <strong>850mAh-Akku<\/strong> wo immer Sie sind. Mit einer typischen 80%-Ladung, die in nur 40 Minuten erreicht wird, minimiert der Falcon die Ausfallzeiten und h\u00e4lt Sie l\u00e4nger in der \u201cFlavor Zone\u201d.<\/p>\n\n\n\n<h3 class=\"wp-block-heading\"><strong>Anpassbare Sub-Ohm-Erfahrung &amp; Kristall-\u00c4sthetik<\/strong><\/h3>\n\n\n\n<p>Beim JNR Falcon 16000 geht es nicht nur um Leistung, sondern auch um Personalisierung. Die <strong>Einstellbares Luftstromgetriebe<\/strong> erm\u00f6glicht es dem Benutzer, seinen Zugwiderstand mit chirurgischer Pr\u00e4zision einzustellen. Kombiniert mit dem <strong>Crystal Craft au\u00dfen<\/strong>, Mit seinem komfortablen Griff und seiner hochwertigen Optik ist der Falcon ein echtes Highlight. Er liefert eine <strong>Kr\u00e4ftiger Kehlkopfschlag<\/strong> die dank des fortschrittlichen MCU-Chips vom ersten bis zum letzten Zug konsistent bleibt.<\/p>\n\n\n\n<h3 class=\"wp-block-heading\"><strong>Umfangreiches 64-Signatur-Geschmacksmen\u00fc<\/strong><\/h3>\n\n\n\n<p>Entdecken Sie unsere umfangreiche Kollektion an kuratierten Frucht-, Eis- und Getr\u00e4nkemischungen:<\/p>\n\n\n\n<ol start=\"1\" class=\"wp-block-list\">\n<li><strong>Apfel-Birne<\/strong> | 02. <strong>Bananeneis<\/strong> | 03. <strong>Berry Burst<\/strong> | 04. <strong>Schwarzes Eis<\/strong> | 05. <strong>Brombeere Rote Himbeere<\/strong> | 06. <strong>Heidelbeere Kirsche Cranberry<\/strong> | 07. <strong>Heidelbeere-Kiwi<\/strong> | 08. <strong>Heidelbeer-Granatapfel-Eis<\/strong> | 09. <strong>Heidelbeere-Himbeere<\/strong> | 10. <strong>Heidelbeere-Himbeere-Kirsche<\/strong> | 11. <strong>Blaue Kirsche Explosion<\/strong> | 12. <strong>Blaue Razzia-Kirsche<\/strong> | 13. <strong>Blaues Razzeis<\/strong> | 14. <strong>Kirsche<\/strong> | 15. <strong>Kirsche Beere<\/strong> | 16. <strong>Kirsche Cola<\/strong> | 17. <strong>Kirsche Eis<\/strong> | 18. <strong>Kirsche-Zitrone<\/strong> | 19. <strong>Kirsche-Pfirsich-Limonade<\/strong> | 20. <strong>Kirsche Wassermelone Freeze<\/strong> | 21. <strong>K\u00fchle Minze<\/strong> | 22. <strong>Sprudel-Kirsch-Cola<\/strong> | 23. <strong>Traubeneis<\/strong> | 24. <strong>Grapefruit-Limonade-Eis<\/strong> | 25. <strong>Gummib\u00e4rchen<\/strong> | 26. <strong>Hawaii<\/strong> | 27. <strong>Hubba Bubba Erdbeere<\/strong> | 28. <strong>JNR Blaues Kakao-Mousseux<\/strong> | 29. <strong>JNR Sparkling Cherry<\/strong> | 30. <strong>JNR Tangy Fruit Beeren<\/strong> | 31. <strong>JNR Wassermelone Rooty Fizz<\/strong> | 32. <strong>Kiwi Passionsfrucht Guave<\/strong> | 33. <strong>Kiwi-Wassermelonen-Eis<\/strong> | 34. <strong>Lady Killa<\/strong> | 35. <strong>Zitrone &amp; Limette<\/strong> | 36. <strong>Liebe 66<\/strong> | 37. <strong>Mango-Passionsfrucht<\/strong> | 38. <strong>Gemischte Beeren<\/strong> | 39. <strong>Herr Blau<\/strong> | 40. <strong>Passionsfrucht-Kiwi<\/strong> | 41. <strong>Pfirsich Beere<\/strong> | 42. <strong>Pfirsich-Eis<\/strong> | 43. <strong>Pfirsich Mango Ananas<\/strong> | 44. <strong>Himbeere Rhabarber<\/strong> | 45. <strong>Sakura-Traube<\/strong> | 46. <strong>Kegeln<\/strong> | 47. <strong>Saurer Apfel Eis<\/strong> | 48. <strong>Erdbeere-Banane<\/strong> | 49. <strong>Erdbeereis<\/strong> | 50. <strong>Erdbeer-Kiwi<\/strong> | 51. <strong>Erdbeer-Wassermelonen-Eis<\/strong> | 52. <strong>Meloneneis<\/strong> | 53. <strong>Sommer-Pfirsich-Eis<\/strong> | 54. <strong>Tigerblut<\/strong> | 55. <strong>Dreifache Melone<\/strong> | 56. <strong>Tropische Fr\u00fcchte<\/strong> | 57. <strong>Wassermelone Bubblegum<\/strong> | 58. <strong>Wassermelone Eis<\/strong> | 59. <strong>Wassermelone-Litschi<\/strong> | 60. <strong>Wassermelone Mango Pfirsich<\/strong> | 61. <strong>Wei\u00dfer Pfirsich Razz<\/strong> | 62. <strong>Pfirsich Oolong Tee<\/strong> | 63. <strong>Schwarzer Drache Eis<\/strong> | 64. <strong>Frische Erdbeere<\/strong><\/li>\n<\/ol>\n\n\n\n<h3 class=\"wp-block-heading\"><strong>H\u00e4ufig gestellte Fragen (FAQs)<\/strong><\/h3>\n\n\n\n<ul class=\"wp-block-list\">\n<li><strong>Warum hat es zwei Ladeanschl\u00fcsse?<\/strong> F\u00fcr maximalen Komfort f\u00fcr Android- und iPhone-Nutzer. Sie k\u00f6nnen entweder ein Typ-C- oder ein Lightning-Kabel verwenden, um den 850-mAh-Akku aufzuladen.<\/li>\n\n\n\n<li><strong>Wie wirkt sich die Dual Mesh Coil auf den Geschmack aus?<\/strong> Dual Mesh Coils verdoppeln die Heizfl\u00e4che, was zu einer schnelleren Zerst\u00e4ubung, viel gr\u00f6\u00dferen Dampfwolken und einem deutlich reichhaltigeren Geschmacksprofil im Vergleich zu Standard Coils f\u00fchrt.<\/li>\n\n\n\n<li><strong>Ist der JNR Falcon f\u00fcr Anf\u00e4nger geeignet?<\/strong> Ja, absolut. Obwohl er fortschrittliche Funktionen wie einen einstellbaren Luftstrom bietet, bleibt er ein <strong>zeichnungsaktiviert<\/strong> Einwegger\u00e4t, das keine Tasten oder komplizierten Einstellungen erfordert.<\/li>\n\n\n\n<li><strong>Wie lange reichen die 22 ml e-Fl\u00fcssigkeit?<\/strong> Abh\u00e4ngig von der Wattzahl und der Zugl\u00e4nge ist er f\u00fcr ca. 16.000 Z\u00fcge ausgelegt, was f\u00fcr einen durchschnittlichen Nutzer 3-4 Wochen ausreicht.<\/li>\n<\/ul>\n\n\n\n<p><strong>GESUNDHEITSWARNUNG:<\/strong> Dieses Produkt enth\u00e4lt Nikotin. Nikotin ist eine s\u00fcchtig machende Chemikalie.<\/p>\n\n\n\n<p><strong>Altersbeschr\u00e4nkung:<\/strong> Dieses Produkt ist nur f\u00fcr Erwachsene (ab 18 Jahren oder dem gesetzlichen Rauchalter) bestimmt. Au\u00dferhalb der Reichweite von Kindern und Haustieren aufbewahren. Nicht verwenden, wenn Sie schwanger sind oder stillen.<\/p>","protected":false},"excerpt":{"rendered":"<p data-path-to-node=\"7\">Die <b data-path-to-node=\"7\" data-index-in-node=\"4\">JNR Falke 16000<\/b> definiert mit seiner \u201cCrystal Craft\u201d-\u00c4sthetik und seiner robusten Technik das Erlebnis des Wegwerfens neu.<\/p>\n<ul data-path-to-node=\"8\">\n<li>\n<p data-path-to-node=\"8,0,0\"><b data-path-to-node=\"8,0,0\" data-index-in-node=\"0\">Massive Langlebigkeit:<\/b> Bis zu 16.000 Z\u00fcge, angetrieben von einem 850mAh Kobalt-Akku mit hoher Dichte.<\/p>\n<\/li>\n<li>\n<p data-path-to-node=\"8,1,0\"><b data-path-to-node=\"8,1,0\" data-index-in-node=\"0\">Dual Mesh Excellence:<\/b> 1.0\u03a9 Dual-Coil-System f\u00fcr reiche, Sub-Ohm-Stil Dampf und starke Kehle hits.<\/p>\n<\/li>\n<li>\n<p data-path-to-node=\"8,2,0\"><b data-path-to-node=\"8,2,0\" data-index-in-node=\"0\">Unerreichte Bequemlichkeit:<\/b> Der erste Einwegartikel der Welt, der sowohl <b data-path-to-node=\"8,2,0\" data-index-in-node=\"62\">Typ-C und Lightning<\/b> Ladeanschl\u00fcsse.<\/p>\n<\/li>\n<li>\n<p data-path-to-node=\"8,3,0\"><b data-path-to-node=\"8,3,0\" data-index-in-node=\"0\">Pr\u00e4ziser Luftstrom:<\/b> Unten angebrachter verstellbarer Ring zum Umschalten zwischen enger MTL und luftiger RDL.<\/p>\n<\/li>\n<li>\n<p data-path-to-node=\"8,4,0\"><b data-path-to-node=\"8,4,0\" data-index-in-node=\"0\">Crystal Craft Design:<\/b> Transparentes, ergonomisches Geh\u00e4use, das ebenso elegant wie robust ist.<\/p>\n<\/li>\n<li>\n<p data-path-to-node=\"8,5,0\"><b data-path-to-node=\"8,5,0\" data-index-in-node=\"0\">Premium Logistik:<\/b> Direkt versandt von <b data-path-to-node=\"8,5,0\" data-index-in-node=\"41\">Berlin, Deutschland (EU-Lager)<\/b> f\u00fcr 1-3 Tage Anreise.<\/p>\n<\/li>\n<\/ul>","protected":false},"featured_media":8702,"comment_status":"open","ping_status":"closed","template":"","meta":[],"product_brand":[65],"product_cat":[88,89,96,87,83,92],"product_tag":[74,75,76,77],"class_list":{"0":"post-8700","1":"product","2":"type-product","3":"status-publish","4":"has-post-thumbnail","6":"product_brand-jnr","7":"product_cat-beverage-soda-vapes","8":"product_cat-candy-sweet-vapes","9":"product_cat-dual-mesh-vapes","10":"product_cat-iced-fruit-vapes","11":"product_cat-pro-puffs-vapes","12":"product_cat-pure-clear-vape","13":"product_tag-dtl-vaping","14":"product_tag-eu-warehouse","15":"product_tag-mtl-vaping","16":"product_tag-recharge","18":"first","19":"instock","20":"sale","21":"featured","22":"shipping-taxable","23":"purchasable","24":"product-type-variable"},"yoast_head":"<!-- This site is optimized with the Yoast SEO plugin v27.1.1 - https:\/\/yoast.com\/product\/yoast-seo-wordpress\/ -->\n<title>JNR Falcon 16000 Puffs Disposable Vape - Dual Mesh &amp; Dual Charge<\/title>\n<meta name=\"description\" content=\"Buy JNR Falcon 16000. Features 16k puffs, 22mL capacity, Dual Mesh coil, and Dual Charging ports (Type-C\/Lightning). 64 flavors available. Fast EU shipping.\" \/>\n<meta name=\"robots\" content=\"noindex, follow, max-snippet:-1, max-image-preview:large, max-video-preview:-1\" \/>\n<meta property=\"og:locale\" content=\"de_DE\" \/>\n<meta property=\"og:type\" content=\"article\" \/>\n<meta property=\"og:title\" content=\"JNR Falcon 16000 Puffs Disposable Vape - Dual Mesh &amp; Dual Charge\" \/>\n<meta property=\"og:description\" content=\"Buy JNR Falcon 16000. Features 16k puffs, 22mL capacity, Dual Mesh coil, and Dual Charging ports (Type-C\/Lightning). 64 flavors available. Fast EU shipping.\" \/>\n<meta property=\"og:url\" content=\"https:\/\/frivape.com\/de\/produkt\/jnr-falke-16000-puffs-dual-ladeanschluss-vape\/\" \/>\n<meta property=\"og:site_name\" content=\"frivape | Online Vape Store - Best Vapes, Mods &amp; Disposable Kits\" \/>\n<meta property=\"article:modified_time\" content=\"2026-04-15T17:18:17+00:00\" \/>\n<meta property=\"og:image\" content=\"https:\/\/frivape.com\/wp-content\/uploads\/2026\/04\/peach-oolong-tea-falcon-16000-puffs-picture-1.jpg\" \/>\n\t<meta property=\"og:image:width\" content=\"2500\" \/>\n\t<meta property=\"og:image:height\" content=\"2500\" \/>\n\t<meta property=\"og:image:type\" content=\"image\/jpeg\" \/>\n<meta name=\"twitter:card\" content=\"summary_large_image\" \/>\n<meta name=\"twitter:label1\" content=\"Gesch\u00e4tzte Lesezeit\" \/>\n\t<meta name=\"twitter:data1\" content=\"4\u00a0Minuten\" \/>\n<script type=\"application\/ld+json\" class=\"yoast-schema-graph\">{\"@context\":\"https:\/\/schema.org\",\"@graph\":[{\"@type\":\"WebPage\",\"@id\":\"https:\/\/frivape.com\/product\/jnr-falcon-16000-puffs-dual-charging-port-vape\/\",\"url\":\"https:\/\/frivape.com\/product\/jnr-falcon-16000-puffs-dual-charging-port-vape\/\",\"name\":\"JNR Falcon 16000 Puffs Disposable Vape - Dual Mesh & Dual Charge\",\"isPartOf\":{\"@id\":\"https:\/\/frivape.com\/#website\"},\"primaryImageOfPage\":{\"@id\":\"https:\/\/frivape.com\/product\/jnr-falcon-16000-puffs-dual-charging-port-vape\/#primaryimage\"},\"image\":{\"@id\":\"https:\/\/frivape.com\/product\/jnr-falcon-16000-puffs-dual-charging-port-vape\/#primaryimage\"},\"thumbnailUrl\":\"https:\/\/frivape.com\/wp-content\/uploads\/2026\/04\/peach-oolong-tea-falcon-16000-puffs-picture-1.jpg\",\"datePublished\":\"2026-04-12T07:11:05+00:00\",\"dateModified\":\"2026-04-15T17:18:17+00:00\",\"description\":\"Buy JNR Falcon 16000. Features 16k puffs, 22mL capacity, Dual Mesh coil, and Dual Charging ports (Type-C\/Lightning). 64 flavors available. Fast EU shipping.\",\"breadcrumb\":{\"@id\":\"https:\/\/frivape.com\/product\/jnr-falcon-16000-puffs-dual-charging-port-vape\/#breadcrumb\"},\"inLanguage\":\"de\",\"potentialAction\":[{\"@type\":\"ReadAction\",\"target\":[\"https:\/\/frivape.com\/product\/jnr-falcon-16000-puffs-dual-charging-port-vape\/\"]}]},{\"@type\":\"ImageObject\",\"inLanguage\":\"de\",\"@id\":\"https:\/\/frivape.com\/product\/jnr-falcon-16000-puffs-dual-charging-port-vape\/#primaryimage\",\"url\":\"https:\/\/frivape.com\/wp-content\/uploads\/2026\/04\/peach-oolong-tea-falcon-16000-puffs-picture-1.jpg\",\"contentUrl\":\"https:\/\/frivape.com\/wp-content\/uploads\/2026\/04\/peach-oolong-tea-falcon-16000-puffs-picture-1.jpg\",\"width\":2500,\"height\":2500},{\"@type\":\"BreadcrumbList\",\"@id\":\"https:\/\/frivape.com\/product\/jnr-falcon-16000-puffs-dual-charging-port-vape\/#breadcrumb\",\"itemListElement\":[{\"@type\":\"ListItem\",\"position\":1,\"name\":\"\u9996\u9875\",\"item\":\"https:\/\/frivape.com\/\"},{\"@type\":\"ListItem\",\"position\":2,\"name\":\"Shop\",\"item\":\"https:\/\/frivape.com\/shop\/\"},{\"@type\":\"ListItem\",\"position\":3,\"name\":\"JNR Falcon 16000 Puffs Disposable Vape | Dual Mesh &amp; Dual Charging Ports | 22mL Capacity\"}]},{\"@type\":\"WebSite\",\"@id\":\"https:\/\/frivape.com\/#website\",\"url\":\"https:\/\/frivape.com\/\",\"name\":\"frivape | Online Vape Store - Best Vapes, Mods &amp; Disposable Kits\",\"description\":\"Shop frivape, your premier online vape shop for authentic mods, disposable vapes, and premium e-liquids. Direct from Shenzhen with fast Europe local shipping. High quality at wholesale prices.\",\"publisher\":{\"@id\":\"https:\/\/frivape.com\/#organization\"},\"potentialAction\":[{\"@type\":\"SearchAction\",\"target\":{\"@type\":\"EntryPoint\",\"urlTemplate\":\"https:\/\/frivape.com\/?s={search_term_string}\"},\"query-input\":{\"@type\":\"PropertyValueSpecification\",\"valueRequired\":true,\"valueName\":\"search_term_string\"}}],\"inLanguage\":\"de\"},{\"@type\":\"Organization\",\"@id\":\"https:\/\/frivape.com\/#organization\",\"name\":\"frivape | Online Vape Store - Best Vapes, Mods &amp; Disposable Kits\",\"url\":\"https:\/\/frivape.com\/\",\"logo\":{\"@type\":\"ImageObject\",\"inLanguage\":\"de\",\"@id\":\"https:\/\/frivape.com\/#\/schema\/logo\/image\/\",\"url\":\"https:\/\/frivape.com\/wp-content\/uploads\/2026\/03\/cropped-frivape-site-title-icon.png\",\"contentUrl\":\"https:\/\/frivape.com\/wp-content\/uploads\/2026\/03\/cropped-frivape-site-title-icon.png\",\"width\":470,\"height\":110,\"caption\":\"frivape | Online Vape Store - Best Vapes, Mods &amp; Disposable Kits\"},\"image\":{\"@id\":\"https:\/\/frivape.com\/#\/schema\/logo\/image\/\"}}]}<\/script>\n<!-- \/ Yoast SEO plugin. -->","yoast_head_json":{"title":"JNR Falcon 16000 Puffs Einweg Vape - Dual Mesh &amp; Dual Charge","description":"JNR Falcon 16000 kaufen. Verf\u00fcgt \u00fcber 16k Puffs, 22mL Kapazit\u00e4t, Dual Mesh Coil und Dual Charging Ports (Typ-C\/Lightning). 64 Geschmacksrichtungen verf\u00fcgbar. Schneller EU-Versand.","robots":{"index":"noindex","follow":"follow","max-snippet":"max-snippet:-1","max-image-preview":"max-image-preview:large","max-video-preview":"max-video-preview:-1"},"og_locale":"de_DE","og_type":"article","og_title":"JNR Falcon 16000 Puffs Disposable Vape - Dual Mesh & Dual Charge","og_description":"Buy JNR Falcon 16000. Features 16k puffs, 22mL capacity, Dual Mesh coil, and Dual Charging ports (Type-C\/Lightning). 64 flavors available. Fast EU shipping.","og_url":"https:\/\/frivape.com\/de\/produkt\/jnr-falke-16000-puffs-dual-ladeanschluss-vape\/","og_site_name":"frivape | Online Vape Store - Best Vapes, Mods &amp; Disposable Kits","article_modified_time":"2026-04-15T17:18:17+00:00","og_image":[{"width":2500,"height":2500,"url":"https:\/\/frivape.com\/wp-content\/uploads\/2026\/04\/peach-oolong-tea-falcon-16000-puffs-picture-1.jpg","type":"image\/jpeg"}],"twitter_card":"summary_large_image","twitter_misc":{"Gesch\u00e4tzte Lesezeit":"4\u00a0Minuten"},"schema":{"@context":"https:\/\/schema.org","@graph":[{"@type":"WebPage","@id":"https:\/\/frivape.com\/product\/jnr-falcon-16000-puffs-dual-charging-port-vape\/","url":"https:\/\/frivape.com\/product\/jnr-falcon-16000-puffs-dual-charging-port-vape\/","name":"JNR Falcon 16000 Puffs Einweg Vape - Dual Mesh &amp; Dual Charge","isPartOf":{"@id":"https:\/\/frivape.com\/#website"},"primaryImageOfPage":{"@id":"https:\/\/frivape.com\/product\/jnr-falcon-16000-puffs-dual-charging-port-vape\/#primaryimage"},"image":{"@id":"https:\/\/frivape.com\/product\/jnr-falcon-16000-puffs-dual-charging-port-vape\/#primaryimage"},"thumbnailUrl":"https:\/\/frivape.com\/wp-content\/uploads\/2026\/04\/peach-oolong-tea-falcon-16000-puffs-picture-1.jpg","datePublished":"2026-04-12T07:11:05+00:00","dateModified":"2026-04-15T17:18:17+00:00","description":"JNR Falcon 16000 kaufen. Verf\u00fcgt \u00fcber 16k Puffs, 22mL Kapazit\u00e4t, Dual Mesh Coil und Dual Charging Ports (Typ-C\/Lightning). 64 Geschmacksrichtungen verf\u00fcgbar. Schneller EU-Versand.","breadcrumb":{"@id":"https:\/\/frivape.com\/product\/jnr-falcon-16000-puffs-dual-charging-port-vape\/#breadcrumb"},"inLanguage":"de","potentialAction":[{"@type":"ReadAction","target":["https:\/\/frivape.com\/product\/jnr-falcon-16000-puffs-dual-charging-port-vape\/"]}]},{"@type":"ImageObject","inLanguage":"de","@id":"https:\/\/frivape.com\/product\/jnr-falcon-16000-puffs-dual-charging-port-vape\/#primaryimage","url":"https:\/\/frivape.com\/wp-content\/uploads\/2026\/04\/peach-oolong-tea-falcon-16000-puffs-picture-1.jpg","contentUrl":"https:\/\/frivape.com\/wp-content\/uploads\/2026\/04\/peach-oolong-tea-falcon-16000-puffs-picture-1.jpg","width":2500,"height":2500},{"@type":"BreadcrumbList","@id":"https:\/\/frivape.com\/product\/jnr-falcon-16000-puffs-dual-charging-port-vape\/#breadcrumb","itemListElement":[{"@type":"ListItem","position":1,"name":"\u9996\u9875","item":"https:\/\/frivape.com\/"},{"@type":"ListItem","position":2,"name":"Shop","item":"https:\/\/frivape.com\/shop\/"},{"@type":"ListItem","position":3,"name":"JNR Falcon 16000 Puffs Disposable Vape | Dual Mesh &amp; Dual Charging Ports | 22mL Capacity"}]},{"@type":"WebSite","@id":"https:\/\/frivape.com\/#website","url":"https:\/\/frivape.com\/","name":"frivape | Online Vape Store - Beste Vapes, Mods &amp; Einweg-Kits","description":"Shop frivape, Ihr f\u00fchrender Online-Vape-Shop f\u00fcr authentische Mods, Einweg-Vapes und Premium-E-Liquids. Direkt aus Shenzhen mit schnellem Versand nach Europa. Hohe Qualit\u00e4t zu Gro\u00dfhandelspreisen.","publisher":{"@id":"https:\/\/frivape.com\/#organization"},"potentialAction":[{"@type":"SearchAction","target":{"@type":"EntryPoint","urlTemplate":"https:\/\/frivape.com\/?s={search_term_string}"},"query-input":{"@type":"PropertyValueSpecification","valueRequired":true,"valueName":"search_term_string"}}],"inLanguage":"de"},{"@type":"Organization","@id":"https:\/\/frivape.com\/#organization","name":"frivape | Online Vape Store - Beste Vapes, Mods &amp; Einweg-Kits","url":"https:\/\/frivape.com\/","logo":{"@type":"ImageObject","inLanguage":"de","@id":"https:\/\/frivape.com\/#\/schema\/logo\/image\/","url":"https:\/\/frivape.com\/wp-content\/uploads\/2026\/03\/cropped-frivape-site-title-icon.png","contentUrl":"https:\/\/frivape.com\/wp-content\/uploads\/2026\/03\/cropped-frivape-site-title-icon.png","width":470,"height":110,"caption":"frivape | Online Vape Store - Best Vapes, Mods &amp; Disposable Kits"},"image":{"@id":"https:\/\/frivape.com\/#\/schema\/logo\/image\/"}}]}},"tiered_pricing_type":"fixed","tiered_pricing_fixed_rules":{"10":11.78,"50":10.78,"100":9.78,"200":8.78},"tiered_pricing_product_settings":{"layout":"default","base_unit_name":{"singular":null,"plural":null},"default_variation":{}},"tiered_pricing_minimum_quantity":null,"tiered_pricing_roles_data":[],"tiered_pricing_percentage_rules":[],"_links":{"self":[{"href":"https:\/\/frivape.com\/de\/wp-json\/wp\/v2\/product\/8700","targetHints":{"allow":["GET"]}}],"collection":[{"href":"https:\/\/frivape.com\/de\/wp-json\/wp\/v2\/product"}],"about":[{"href":"https:\/\/frivape.com\/de\/wp-json\/wp\/v2\/types\/product"}],"replies":[{"embeddable":true,"href":"https:\/\/frivape.com\/de\/wp-json\/wp\/v2\/comments?post=8700"}],"wp:featuredmedia":[{"embeddable":true,"href":"https:\/\/frivape.com\/de\/wp-json\/wp\/v2\/media\/8702"}],"wp:attachment":[{"href":"https:\/\/frivape.com\/de\/wp-json\/wp\/v2\/media?parent=8700"}],"wp:term":[{"taxonomy":"product_brand","embeddable":true,"href":"https:\/\/frivape.com\/de\/wp-json\/wp\/v2\/product_brand?post=8700"},{"taxonomy":"product_cat","embeddable":true,"href":"https:\/\/frivape.com\/de\/wp-json\/wp\/v2\/product_cat?post=8700"},{"taxonomy":"product_tag","embeddable":true,"href":"https:\/\/frivape.com\/de\/wp-json\/wp\/v2\/product_tag?post=8700"}],"curies":[{"name":"wp","href":"https:\/\/api.w.org\/{rel}","templated":true}]}}