{"id":8946,"date":"2026-04-12T15:35:49","date_gmt":"2026-04-12T07:35:49","guid":{"rendered":"https:\/\/frivape.com\/?post_type=product&#038;p=8946"},"modified":"2026-04-12T15:43:25","modified_gmt":"2026-04-12T07:43:25","slug":"jnr-falke-x-18000-puffs-digitale-anzeige-vape","status":"publish","type":"product","link":"https:\/\/frivape.com\/de\/produkt\/jnr-falke-x-18000-puffs-digitale-anzeige-vape\/","title":{"rendered":"JNR Falcon X 18000 Puffs Einweg Vape | 0.6\u03a9 Dual Mesh &amp; Digital Display | 24mL"},"content":{"rendered":"<h2 class=\"wp-block-heading has-text-align-center\"><strong>Die Technik hinter dem JNR Falcon X 18000<\/strong><\/h2>\n\n\n\n<p>Die <strong>JNR Falcon X 18000<\/strong> ist nicht einfach nur ein Einwegartikel, sondern eine pr\u00e4zisionsgefertigte Vaping-Station. Angetrieben von der Vision der <strong>\u201cUltimative Verl\u00e4sslichkeit\u201d<\/strong> JNR hat dieses Modell mit einem <strong>Dual-Core-Steuerung<\/strong> System, das zwischen seinen Mesh-Spulen wechselt. Dies verhindert, dass der Geschmack im Laufe der Zeit verschlechtert, um sicherzustellen, dass der letzte Zug so lebendig ist wie der erste. Mit einer <strong>24mL XL-Beh\u00e4lter<\/strong>, Sie bietet eines der h\u00f6chsten E-Liquid-zu-Zug-Verh\u00e4ltnisse in der Branche und ist damit die perfekte Wahl f\u00fcr Vielzapfer und Gro\u00dfh\u00e4ndler gleicherma\u00dfen.<\/p>\n\n\n\n<h3 class=\"wp-block-heading\"><strong>0.6\u03a9 Dual Mesh: Eine echte Sub-Ohm Erfahrung<\/strong><\/h3>\n\n\n\n<p>Im Gegensatz zu den standardm\u00e4\u00dfigen 1,2\u03a9-Spulen, die in Einwegprodukten zu finden sind, verwendet der Falcon X eine <strong>niederohmig 0,6\u03a9 Dual Mesh<\/strong> Aufbau. Dies erm\u00f6glicht eine h\u00f6here watt\u00e4quivalente Leistung, was zu <strong>Dichte Dampfwolken<\/strong> und ein f\u00fcr teure Mod-Kits typisches \u201cBold Flavor\u201d-Profil. Ob Sie die <strong>2% (20mg\/mL)<\/strong> oder <strong>5% (50mg\/mL)<\/strong> Nikotinsalz-Optionen bleibt der Kehlkopfschlag dank der fortschrittlichen Zerst\u00e4ubungstechnologie weich und befriedigend.<\/p>\n\n\n\n<h3 class=\"wp-block-heading\"><strong>Volle Sichtbarkeit mit intelligenter LED-Anzeige<\/strong><\/h3>\n\n\n\n<p>Lassen Sie sich niemals durch eine leere Batterie oder einen leeren Tank \u00fcberraschen. Die <strong>JNR Falcon X<\/strong> verf\u00fcgt \u00fcber ein kristallklares <strong>Digitales LED-Armaturenbrett<\/strong>. Diese Hightech-Schnittstelle zeigt einen Live-Countdown der verbleibenden Ressourcen an. Gepaart mit dem <strong>950mAh wiederaufladbare Batterie<\/strong>, Der Falcon X wird in ca. 45-60 Minuten \u00fcber Typ-C vollst\u00e4ndig aufgeladen und bietet eine \u201cangstfreie\u201d Dampfreise.<\/p>\n\n\n\n<h3 class=\"wp-block-heading\"><strong>Kuratierte 50+ Premium-Geschmackskollektion<\/strong><\/h3>\n\n\n\n<p>Entdecken Sie die Welt der exotischen Fr\u00fcchte, des erfrischenden Eises und der charakteristischen JNR-Mischungen:<\/p>\n\n\n\n<ol start=\"1\" class=\"wp-block-list\">\n<li><strong>Blaues Razzeis<\/strong> | 02. <strong>Heidelbeere-Himbeere<\/strong> | 03. <strong>K\u00fchle Minze<\/strong> | 04. <strong>Kiwi-Wassermelonen-Eis<\/strong> | 05. <strong>Traubeneis<\/strong> | 06. <strong>Erdbeer-Kiwi<\/strong> | 07. <strong>Erdbeer-Wassermelonen-Eis<\/strong> | 08. <strong>Wassermelone Eis<\/strong> | 09. <strong>Erdbeereis<\/strong> | 10. <strong>Gemischte Beeren<\/strong> | 11. <strong>Wassermelone Bubblegum<\/strong> | 12. <strong>Saurer Apfel Eis<\/strong> | 13. <strong>Pfirsich-Eis<\/strong> | 14. <strong>Gummib\u00e4rchen<\/strong> | 15. <strong>Berry Burst<\/strong> | 16. <strong>Heidelbeere-Himbeere-Kirsche<\/strong> | 17. <strong>Kirsche Beere<\/strong> | 18. <strong>Erdbeere-Banane<\/strong> | 19. <strong>Zitrone &amp; Limette<\/strong> | 20. <strong>Heidelbeere-Kiwi<\/strong> | 21. <strong>Passionsfrucht-Kiwi<\/strong> | 22. <strong>Wei\u00dfer Pfirsich Razz<\/strong> | 23. <strong>Blaue Razzia-Kirsche<\/strong> | 24. <strong>Kirsche Wassermelone Freeze<\/strong> | 25. <strong>Kirsche Cola<\/strong> | 26. <strong>Sommer-Pfirsich-Eis<\/strong> | 27. <strong>Heidelbeere Kirsche Cranberry<\/strong> | 28. <strong>Pfirsich Mango Ananas<\/strong> | 29. <strong>Pfirsich Beere<\/strong> | 30. <strong>Bananeneis<\/strong> | 31. <strong>Kegeln<\/strong> | 32. <strong>Dreifache Melone<\/strong> | 33. <strong>Herr Blau<\/strong> | 34. <strong>Kirsche Eis<\/strong> | 35. <strong>Wassermelone-Litschi<\/strong> | 36. <strong>Schwarzes Eis<\/strong> | 37. <strong>Liebe 66<\/strong> | 38. <strong>Hawaii<\/strong> | 39. <strong>Mi Amor<\/strong> | 40. <strong>Lady Killa<\/strong> | 41. <strong>Himbeere Rhabarber<\/strong> | 42. <strong>Kirsche-Pfirsich-Limonade<\/strong> | 43. <strong>Blaue Kirsche Explosion<\/strong> | 44. <strong>Apfel-Birne<\/strong> | 45. <strong>Tropische Fr\u00fcchte<\/strong> | 46. <strong>JNR Sparkling Cherry<\/strong> | 47. <strong>JNR Wassermelone Rooty Fizz<\/strong> | 48. <strong>JNR Blaues Kakao-Mousseux<\/strong> | 49. <strong>JNR Tangy Fruit Beeren<\/strong> | 50. <strong>JNR Himbeere Rouge Gummib\u00e4rchen<\/strong><\/li>\n<\/ol>\n\n\n\n<h3 class=\"wp-block-heading\"><strong>H\u00e4ufig gestellte Fragen (FAQs)<\/strong><\/h3>\n\n\n\n<ul class=\"wp-block-list\">\n<li><strong>Wie lange h\u00e4lt ein JNR 18k-Ger\u00e4t normalerweise?<\/strong> Mit <strong>18.000 Z\u00fcge<\/strong> und eine <strong>24mL-Tank<\/strong>, h\u00e4lt ein einzelnes Ger\u00e4t bei einem durchschnittlichen Nutzer 3 bis 5 Wochen.<\/li>\n\n\n\n<li><strong>Was ist der Vorteil der 0,6-\u03a9-Spule?<\/strong> Sie bietet ein \u201cSub-Ohm\u201d-Erlebnis, d.h. mehr Dampf und einen intensiveren Geschmackserlebnis. Sie ist ideal f\u00fcr Benutzer, die von traditionellen Shisha-Wasserpfeifen weggehen.<\/li>\n\n\n\n<li><strong>Ist der Luftstrom wirklich einstellbar?<\/strong> Ja. An der Basis des Ger\u00e4ts befindet sich ein Kippschalter, mit dem Sie zwischen einer engen <strong>MTL (Mund-zu-Lunge)<\/strong> Auslosung und eine offenere <strong>RDL (Restricted Direct Lung)<\/strong> ziehen.<\/li>\n\n\n\n<li><strong>Gibt es versteckte Steuern f\u00fcr den EU-Versand?<\/strong> Nein. Alle unsere Sendungen aus dem <strong>EU-Lagerhaus<\/strong> verwenden. <strong>DDP (Delivered Duty Paid)<\/strong> Bedingungen. Wir k\u00fcmmern uns um alle Z\u00f6lle und Steuern.<\/li>\n<\/ul>\n\n\n\n<p><strong>GESUNDHEITSWARNUNG:<\/strong> Dieses Produkt enth\u00e4lt Nikotin. Nikotin ist eine s\u00fcchtig machende Chemikalie.<\/p>\n\n\n\n<p><strong>Altersbeschr\u00e4nkung:<\/strong> Dieses Produkt ist nur f\u00fcr Erwachsene (18+) bestimmt. Au\u00dferhalb der Reichweite von Kindern und Haustieren aufbewahren.<\/p>","protected":false},"excerpt":{"rendered":"<p data-path-to-node=\"10\">Treten Sie ein in die Zukunft des Dampfens mit dem <b data-path-to-node=\"10\" data-index-in-node=\"40\">JNR Falcon X 18k<\/b>, wo Hightech-\u00dcberwachung auf Leistung trifft.<\/p>\n<ul data-path-to-node=\"11\">\n<li>\n<p data-path-to-node=\"11,0,0\"><b data-path-to-node=\"11,0,0\" data-index-in-node=\"0\">Extreme Pustezahl:<\/b> Bis zu 18.000 Z\u00fcge unterst\u00fctzt von einem ultraeffizienten Dual-Core-System.<\/p>\n<\/li>\n<li>\n<p data-path-to-node=\"11,1,0\"><b data-path-to-node=\"11,1,0\" data-index-in-node=\"0\">Sub-Ohm Leistung:<\/b> 0,6 \u03a9 Dual Mesh Coil sorgt f\u00fcr eine schnelle Erw\u00e4rmung und massive Cloud Bursts.<\/p>\n<\/li>\n<li>\n<p data-path-to-node=\"11,2,0\"><b data-path-to-node=\"11,2,0\" data-index-in-node=\"0\">Intelligente \u00dcberwachung:<\/b> Das hochaufl\u00f6sende LED-Display zeigt den Prozentsatz und den Ladezustand der Batterie an.<\/p>\n<\/li>\n<li>\n<p data-path-to-node=\"11,3,0\"><b data-path-to-node=\"11,3,0\" data-index-in-node=\"0\">Benutzerdefinierter Luftstrom:<\/b> Unten angebrachter Toggle f\u00fcr einen engen MTL-Zug oder einen wolkenreichen RDL-Zug.<\/p>\n<\/li>\n<li>\n<p data-path-to-node=\"11,4,0\"><b data-path-to-node=\"11,4,0\" data-index-in-node=\"0\">Schnelle Erholung:<\/b> 950mAh Kobalt-Akku mit Typ-C-Schnellladefunktion (20-25 Minuten bis 80%).<\/p>\n<\/li>\n<li>\n<p data-path-to-node=\"11,5,0\"><b data-path-to-node=\"11,5,0\" data-index-in-node=\"0\">B2B-Vorteil:<\/b> Versendet von <b data-path-to-node=\"11,5,0\" data-index-in-node=\"28\">Berlin\/Deutschland Lagerhaus<\/b> mit 100% Zollabfertigungsgarantie.<\/p>\n<\/li>\n<\/ul>","protected":false},"featured_media":8947,"comment_status":"open","ping_status":"closed","template":"","meta":[],"product_brand":[65],"product_cat":[88,89,96,87,83],"product_tag":[75,76,93,77,79],"class_list":{"0":"post-8946","1":"product","2":"type-product","3":"status-publish","4":"has-post-thumbnail","6":"product_brand-jnr","7":"product_cat-beverage-soda-vapes","8":"product_cat-candy-sweet-vapes","9":"product_cat-dual-mesh-vapes","10":"product_cat-iced-fruit-vapes","11":"product_cat-pro-puffs-vapes","12":"product_tag-eu-warehouse","13":"product_tag-mtl-vaping","14":"product_tag-rdl-vaping","15":"product_tag-recharge","16":"product_tag-smart-screen-display","18":"first","19":"instock","20":"sale","21":"shipping-taxable","22":"purchasable","23":"product-type-variable"},"yoast_head":"<!-- This site is optimized with the Yoast SEO plugin v27.1.1 - https:\/\/yoast.com\/product\/yoast-seo-wordpress\/ -->\n<title>JNR Falcon X 18000 Puffs Vape - 0.6\u03a9 Dual Mesh &amp; LED Display<\/title>\n<meta name=\"description\" content=\"Explore the JNR Falcon X 18000. Features 18k puffs, 24mL reservoir, 0.6\u03a9 Dual Mesh coil, and Smart LED screen. Wholesale discounts &amp; fast EU shipping.\" \/>\n<meta name=\"robots\" content=\"noindex, follow, max-snippet:-1, max-image-preview:large, max-video-preview:-1\" \/>\n<meta property=\"og:locale\" content=\"de_DE\" \/>\n<meta property=\"og:type\" content=\"article\" \/>\n<meta property=\"og:title\" content=\"JNR Falcon X 18000 Puffs Vape - 0.6\u03a9 Dual Mesh &amp; LED Display\" \/>\n<meta property=\"og:description\" content=\"Explore the JNR Falcon X 18000. Features 18k puffs, 24mL reservoir, 0.6\u03a9 Dual Mesh coil, and Smart LED screen. Wholesale discounts &amp; fast EU shipping.\" \/>\n<meta property=\"og:url\" content=\"https:\/\/frivape.com\/de\/produkt\/jnr-falke-x-18000-puffs-digitale-anzeige-vape\/\" \/>\n<meta property=\"og:site_name\" content=\"frivape | Online Vape Store - Best Vapes, Mods &amp; Disposable Kits\" \/>\n<meta property=\"article:modified_time\" content=\"2026-04-12T07:43:25+00:00\" \/>\n<meta property=\"og:image\" content=\"https:\/\/frivape.com\/wp-content\/uploads\/2026\/04\/jnr-falon-x-18000-puffs-24hvape-jnr-falon-x-18000-puffs-sleek-vape-jnr-falon-x-18000-puffs-home-page-picture.jpg.webp\" \/>\n\t<meta property=\"og:image:width\" content=\"1000\" \/>\n\t<meta property=\"og:image:height\" content=\"1000\" \/>\n\t<meta property=\"og:image:type\" content=\"image\/webp\" \/>\n<meta name=\"twitter:card\" content=\"summary_large_image\" \/>\n<meta name=\"twitter:label1\" content=\"Gesch\u00e4tzte Lesezeit\" \/>\n\t<meta name=\"twitter:data1\" content=\"3\u00a0Minuten\" \/>\n<script type=\"application\/ld+json\" class=\"yoast-schema-graph\">{\"@context\":\"https:\/\/schema.org\",\"@graph\":[{\"@type\":\"WebPage\",\"@id\":\"https:\/\/frivape.com\/product\/jnr-falcon-x-18000-puffs-digital-display-vape\/\",\"url\":\"https:\/\/frivape.com\/product\/jnr-falcon-x-18000-puffs-digital-display-vape\/\",\"name\":\"JNR Falcon X 18000 Puffs Vape - 0.6\u03a9 Dual Mesh & LED Display\",\"isPartOf\":{\"@id\":\"https:\/\/frivape.com\/#website\"},\"primaryImageOfPage\":{\"@id\":\"https:\/\/frivape.com\/product\/jnr-falcon-x-18000-puffs-digital-display-vape\/#primaryimage\"},\"image\":{\"@id\":\"https:\/\/frivape.com\/product\/jnr-falcon-x-18000-puffs-digital-display-vape\/#primaryimage\"},\"thumbnailUrl\":\"https:\/\/frivape.com\/wp-content\/uploads\/2026\/04\/jnr-falon-x-18000-puffs-24hvape-jnr-falon-x-18000-puffs-sleek-vape-jnr-falon-x-18000-puffs-home-page-picture.jpg.webp\",\"datePublished\":\"2026-04-12T07:35:49+00:00\",\"dateModified\":\"2026-04-12T07:43:25+00:00\",\"description\":\"Explore the JNR Falcon X 18000. Features 18k puffs, 24mL reservoir, 0.6\u03a9 Dual Mesh coil, and Smart LED screen. Wholesale discounts & fast EU shipping.\",\"breadcrumb\":{\"@id\":\"https:\/\/frivape.com\/product\/jnr-falcon-x-18000-puffs-digital-display-vape\/#breadcrumb\"},\"inLanguage\":\"de\",\"potentialAction\":[{\"@type\":\"ReadAction\",\"target\":[\"https:\/\/frivape.com\/product\/jnr-falcon-x-18000-puffs-digital-display-vape\/\"]}]},{\"@type\":\"ImageObject\",\"inLanguage\":\"de\",\"@id\":\"https:\/\/frivape.com\/product\/jnr-falcon-x-18000-puffs-digital-display-vape\/#primaryimage\",\"url\":\"https:\/\/frivape.com\/wp-content\/uploads\/2026\/04\/jnr-falon-x-18000-puffs-24hvape-jnr-falon-x-18000-puffs-sleek-vape-jnr-falon-x-18000-puffs-home-page-picture.jpg.webp\",\"contentUrl\":\"https:\/\/frivape.com\/wp-content\/uploads\/2026\/04\/jnr-falon-x-18000-puffs-24hvape-jnr-falon-x-18000-puffs-sleek-vape-jnr-falon-x-18000-puffs-home-page-picture.jpg.webp\",\"width\":1000,\"height\":1000},{\"@type\":\"BreadcrumbList\",\"@id\":\"https:\/\/frivape.com\/product\/jnr-falcon-x-18000-puffs-digital-display-vape\/#breadcrumb\",\"itemListElement\":[{\"@type\":\"ListItem\",\"position\":1,\"name\":\"\u9996\u9875\",\"item\":\"https:\/\/frivape.com\/\"},{\"@type\":\"ListItem\",\"position\":2,\"name\":\"Shop\",\"item\":\"https:\/\/frivape.com\/shop\/\"},{\"@type\":\"ListItem\",\"position\":3,\"name\":\"JNR Falcon X 18000 Puffs Disposable Vape | 0.6\u03a9 Dual Mesh &amp; Digital Display | 24mL\"}]},{\"@type\":\"WebSite\",\"@id\":\"https:\/\/frivape.com\/#website\",\"url\":\"https:\/\/frivape.com\/\",\"name\":\"frivape | Online Vape Store - Best Vapes, Mods &amp; Disposable Kits\",\"description\":\"Shop frivape, your premier online vape shop for authentic mods, disposable vapes, and premium e-liquids. Direct from Shenzhen with fast Europe local shipping. High quality at wholesale prices.\",\"publisher\":{\"@id\":\"https:\/\/frivape.com\/#organization\"},\"potentialAction\":[{\"@type\":\"SearchAction\",\"target\":{\"@type\":\"EntryPoint\",\"urlTemplate\":\"https:\/\/frivape.com\/?s={search_term_string}\"},\"query-input\":{\"@type\":\"PropertyValueSpecification\",\"valueRequired\":true,\"valueName\":\"search_term_string\"}}],\"inLanguage\":\"de\"},{\"@type\":\"Organization\",\"@id\":\"https:\/\/frivape.com\/#organization\",\"name\":\"frivape | Online Vape Store - Best Vapes, Mods &amp; Disposable Kits\",\"url\":\"https:\/\/frivape.com\/\",\"logo\":{\"@type\":\"ImageObject\",\"inLanguage\":\"de\",\"@id\":\"https:\/\/frivape.com\/#\/schema\/logo\/image\/\",\"url\":\"https:\/\/frivape.com\/wp-content\/uploads\/2026\/03\/cropped-frivape-site-title-icon.png\",\"contentUrl\":\"https:\/\/frivape.com\/wp-content\/uploads\/2026\/03\/cropped-frivape-site-title-icon.png\",\"width\":470,\"height\":110,\"caption\":\"frivape | Online Vape Store - Best Vapes, Mods &amp; Disposable Kits\"},\"image\":{\"@id\":\"https:\/\/frivape.com\/#\/schema\/logo\/image\/\"}}]}<\/script>\n<!-- \/ Yoast SEO plugin. -->","yoast_head_json":{"title":"JNR Falcon X 18000 Puffs Vape - 0.6\u03a9 Dual Mesh &amp; LED-Anzeige","description":"Entdecken Sie den JNR Falcon X 18000. Features 18k Puffs, 24mL Reservoir, 0.6\u03a9 Dual Mesh Spule und Smart LED Bildschirm. Gro\u00dfhandel Rabatte &amp; schnelle EU-Versand.","robots":{"index":"noindex","follow":"follow","max-snippet":"max-snippet:-1","max-image-preview":"max-image-preview:large","max-video-preview":"max-video-preview:-1"},"og_locale":"de_DE","og_type":"article","og_title":"JNR Falcon X 18000 Puffs Vape - 0.6\u03a9 Dual Mesh & LED Display","og_description":"Explore the JNR Falcon X 18000. Features 18k puffs, 24mL reservoir, 0.6\u03a9 Dual Mesh coil, and Smart LED screen. Wholesale discounts & fast EU shipping.","og_url":"https:\/\/frivape.com\/de\/produkt\/jnr-falke-x-18000-puffs-digitale-anzeige-vape\/","og_site_name":"frivape | Online Vape Store - Best Vapes, Mods &amp; Disposable Kits","article_modified_time":"2026-04-12T07:43:25+00:00","og_image":[{"width":1000,"height":1000,"url":"https:\/\/frivape.com\/wp-content\/uploads\/2026\/04\/jnr-falon-x-18000-puffs-24hvape-jnr-falon-x-18000-puffs-sleek-vape-jnr-falon-x-18000-puffs-home-page-picture.jpg.webp","type":"image\/webp"}],"twitter_card":"summary_large_image","twitter_misc":{"Gesch\u00e4tzte Lesezeit":"3\u00a0Minuten"},"schema":{"@context":"https:\/\/schema.org","@graph":[{"@type":"WebPage","@id":"https:\/\/frivape.com\/product\/jnr-falcon-x-18000-puffs-digital-display-vape\/","url":"https:\/\/frivape.com\/product\/jnr-falcon-x-18000-puffs-digital-display-vape\/","name":"JNR Falcon X 18000 Puffs Vape - 0.6\u03a9 Dual Mesh &amp; LED-Anzeige","isPartOf":{"@id":"https:\/\/frivape.com\/#website"},"primaryImageOfPage":{"@id":"https:\/\/frivape.com\/product\/jnr-falcon-x-18000-puffs-digital-display-vape\/#primaryimage"},"image":{"@id":"https:\/\/frivape.com\/product\/jnr-falcon-x-18000-puffs-digital-display-vape\/#primaryimage"},"thumbnailUrl":"https:\/\/frivape.com\/wp-content\/uploads\/2026\/04\/jnr-falon-x-18000-puffs-24hvape-jnr-falon-x-18000-puffs-sleek-vape-jnr-falon-x-18000-puffs-home-page-picture.jpg.webp","datePublished":"2026-04-12T07:35:49+00:00","dateModified":"2026-04-12T07:43:25+00:00","description":"Entdecken Sie den JNR Falcon X 18000. Features 18k Puffs, 24mL Reservoir, 0.6\u03a9 Dual Mesh Spule und Smart LED Bildschirm. Gro\u00dfhandel Rabatte &amp; schnelle EU-Versand.","breadcrumb":{"@id":"https:\/\/frivape.com\/product\/jnr-falcon-x-18000-puffs-digital-display-vape\/#breadcrumb"},"inLanguage":"de","potentialAction":[{"@type":"ReadAction","target":["https:\/\/frivape.com\/product\/jnr-falcon-x-18000-puffs-digital-display-vape\/"]}]},{"@type":"ImageObject","inLanguage":"de","@id":"https:\/\/frivape.com\/product\/jnr-falcon-x-18000-puffs-digital-display-vape\/#primaryimage","url":"https:\/\/frivape.com\/wp-content\/uploads\/2026\/04\/jnr-falon-x-18000-puffs-24hvape-jnr-falon-x-18000-puffs-sleek-vape-jnr-falon-x-18000-puffs-home-page-picture.jpg.webp","contentUrl":"https:\/\/frivape.com\/wp-content\/uploads\/2026\/04\/jnr-falon-x-18000-puffs-24hvape-jnr-falon-x-18000-puffs-sleek-vape-jnr-falon-x-18000-puffs-home-page-picture.jpg.webp","width":1000,"height":1000},{"@type":"BreadcrumbList","@id":"https:\/\/frivape.com\/product\/jnr-falcon-x-18000-puffs-digital-display-vape\/#breadcrumb","itemListElement":[{"@type":"ListItem","position":1,"name":"\u9996\u9875","item":"https:\/\/frivape.com\/"},{"@type":"ListItem","position":2,"name":"Shop","item":"https:\/\/frivape.com\/shop\/"},{"@type":"ListItem","position":3,"name":"JNR Falcon X 18000 Puffs Disposable Vape | 0.6\u03a9 Dual Mesh &amp; Digital Display | 24mL"}]},{"@type":"WebSite","@id":"https:\/\/frivape.com\/#website","url":"https:\/\/frivape.com\/","name":"frivape | Online Vape Store - Beste Vapes, Mods &amp; Einweg-Kits","description":"Shop frivape, Ihr f\u00fchrender Online-Vape-Shop f\u00fcr authentische Mods, Einweg-Vapes und Premium-E-Liquids. Direkt aus Shenzhen mit schnellem Versand nach Europa. Hohe Qualit\u00e4t zu Gro\u00dfhandelspreisen.","publisher":{"@id":"https:\/\/frivape.com\/#organization"},"potentialAction":[{"@type":"SearchAction","target":{"@type":"EntryPoint","urlTemplate":"https:\/\/frivape.com\/?s={search_term_string}"},"query-input":{"@type":"PropertyValueSpecification","valueRequired":true,"valueName":"search_term_string"}}],"inLanguage":"de"},{"@type":"Organization","@id":"https:\/\/frivape.com\/#organization","name":"frivape | Online Vape Store - Beste Vapes, Mods &amp; Einweg-Kits","url":"https:\/\/frivape.com\/","logo":{"@type":"ImageObject","inLanguage":"de","@id":"https:\/\/frivape.com\/#\/schema\/logo\/image\/","url":"https:\/\/frivape.com\/wp-content\/uploads\/2026\/03\/cropped-frivape-site-title-icon.png","contentUrl":"https:\/\/frivape.com\/wp-content\/uploads\/2026\/03\/cropped-frivape-site-title-icon.png","width":470,"height":110,"caption":"frivape | Online Vape Store - Best Vapes, Mods &amp; Disposable Kits"},"image":{"@id":"https:\/\/frivape.com\/#\/schema\/logo\/image\/"}}]}},"tiered_pricing_type":"fixed","tiered_pricing_fixed_rules":{"10":12.39,"50":11.59,"100":10.79,"200":9.99},"tiered_pricing_product_settings":{"layout":"default","base_unit_name":{"singular":null,"plural":null},"default_variation":{}},"tiered_pricing_minimum_quantity":null,"tiered_pricing_roles_data":[],"tiered_pricing_percentage_rules":[],"_links":{"self":[{"href":"https:\/\/frivape.com\/de\/wp-json\/wp\/v2\/product\/8946","targetHints":{"allow":["GET"]}}],"collection":[{"href":"https:\/\/frivape.com\/de\/wp-json\/wp\/v2\/product"}],"about":[{"href":"https:\/\/frivape.com\/de\/wp-json\/wp\/v2\/types\/product"}],"replies":[{"embeddable":true,"href":"https:\/\/frivape.com\/de\/wp-json\/wp\/v2\/comments?post=8946"}],"wp:featuredmedia":[{"embeddable":true,"href":"https:\/\/frivape.com\/de\/wp-json\/wp\/v2\/media\/8947"}],"wp:attachment":[{"href":"https:\/\/frivape.com\/de\/wp-json\/wp\/v2\/media?parent=8946"}],"wp:term":[{"taxonomy":"product_brand","embeddable":true,"href":"https:\/\/frivape.com\/de\/wp-json\/wp\/v2\/product_brand?post=8946"},{"taxonomy":"product_cat","embeddable":true,"href":"https:\/\/frivape.com\/de\/wp-json\/wp\/v2\/product_cat?post=8946"},{"taxonomy":"product_tag","embeddable":true,"href":"https:\/\/frivape.com\/de\/wp-json\/wp\/v2\/product_tag?post=8946"}],"curies":[{"name":"wp","href":"https:\/\/api.w.org\/{rel}","templated":true}]}}