{"id":9336,"date":"2026-04-16T01:02:25","date_gmt":"2026-04-15T17:02:25","guid":{"rendered":"https:\/\/frivape.com\/?post_type=product&#038;p=9336"},"modified":"2026-04-16T01:18:10","modified_gmt":"2026-04-15T17:18:10","slug":"fumot-tornado-20000-puffs-wegwerfbare-vape-intelligente-bildschirm","status":"publish","type":"product","link":"https:\/\/frivape.com\/de\/produkt\/fumot-tornado-20000-puffs-wegwerfbare-vape-intelligente-bildschirm\/","title":{"rendered":"Fumot Tornado 20000 Puffs Einweg Vape | Smart LED Display | Dual Mesh Coil"},"content":{"rendered":"<h3 class=\"wp-block-heading\"><strong>Fumot: Vaping kl\u00fcger gemacht<\/strong><\/h3>\n\n\n\n<p><strong>Fumot<\/strong> ist eine f\u00fchrende technologieorientierte Marke, die sich der Schaffung des ultimativen Dampferlebnisses verschrieben hat. Als Hauptmarke hinter den weltweit anerkannten <strong>RandM Tornado<\/strong> Serie hat sich Fumot auf leistungsstarke Einwegger\u00e4te spezialisiert. Die <strong>Fumot Tornado 20000<\/strong> ist ein Meisterwerk der n\u00e4chsten Generation, das f\u00fcr seine fortschrittlichen Dual-Mesh-Spulensysteme und seine ikonische, k\u00fchne \u00c4sthetik gefeiert wird und einen sanften Zug vom ersten bis zum letzten Zug gew\u00e4hrleistet.<\/p>\n\n\n\n<h3 class=\"wp-block-heading\"><strong>\u00dcberlegene Leistung und gleichbleibender Geschmack<\/strong><\/h3>\n\n\n\n<p>Im Gegensatz zu herk\u00f6mmlichen Einwegprodukten, die an Intensit\u00e4t verlieren, verwendet der Fumot 20k <strong>Dual Mesh Spule<\/strong> Technologie, die eine gleichbleibende Geschmackskonsistenz im gesamten <strong>20.000 Pusteblumen<\/strong> Lebenserwartung. Dieses Ger\u00e4t bietet eine stabilere Leistung als der RandM Tornado 20000, gepaart mit einer schnelleren Ladezeit von nur 35 Minuten. Ob Sie eine <strong>Direkt zur Lunge (DTL)<\/strong> Stilwolke oder eine engere <strong>Mund-zu-Lunge (MTL)<\/strong> Hit erm\u00f6glicht die integrierte Luftstromsteuerung eine vollst\u00e4ndige Anpassung.<\/p>\n\n\n\n<h3 class=\"wp-block-heading\"><strong>Entdecken Sie alle 43 Premium-Geschmacksrichtungen<\/strong><\/h3>\n\n\n\n<p>Wir haben eine umfangreiche Liste von Geschmacksrichtungen zusammengestellt, die jeden Gaumen zufrieden stellen. Jeder Zug ist ein sinnliches Erlebnis:<\/p>\n\n\n\n<ul class=\"wp-block-list\">\n<li><strong>01. Blaubeere-Himbeere-Hartkaramelle:<\/strong> Eine zuckerhaltige, nostalgische Bonbonbasis mit s\u00e4uerlichen Waldbeeren.<\/li>\n\n\n\n<li><strong>02. Blauer Razz:<\/strong> Der Kult-Favorit - saftige blaue Himbeere mit einem erfrischenden Limonaden-Abgang.<\/li>\n\n\n\n<li><strong>03. Erdbeer-Kiwi:<\/strong> Ein harmonisches Gleichgewicht von sonnengereiften Erdbeeren und pikanter Kiwi.<\/li>\n\n\n\n<li><strong>04. Pfirsich Ananas Orange:<\/strong> Eine tropische Zitrusexplosion, die bei jedem Zug f\u00fcr Sommerstimmung sorgt.<\/li>\n\n\n\n<li><strong>05. Kegeln:<\/strong> Probieren Sie den Regenbogen mit einer vielschichtigen Bonbonmischung mit Fruchtgeschmack.<\/li>\n\n\n\n<li><strong>06. Pfirsich Mango Wassermelone:<\/strong> Ein saftiges Trio aus tropischen Fr\u00fcchten f\u00fcr ein ganzt\u00e4giges erfrischendes Vape.<\/li>\n\n\n\n<li><strong>07. Erdbeer-Eiscreme:<\/strong> Cremige, samtige Vanilleglasur auf frischen Erdbeeren.<\/li>\n\n\n\n<li><strong>08. Birneneis:<\/strong> Knackige, saftige Obstbirnen, die mit einem k\u00fchlen Menthol-Atemzug enden.<\/li>\n\n\n\n<li><strong>09. Zuckerwatte:<\/strong> Luftig, s\u00fc\u00df und skurril - genau wie die klassische Karnevalsleckerei.<\/li>\n\n\n\n<li><strong>10. Jelly Beans:<\/strong> Eine komplexe, zuckerhaltige Mischung aus verschiedenen Fruchtbohnen-Aromen.<\/li>\n\n\n\n<li><strong>11. Gurkenlimonade:<\/strong> Ein ultra-sauberes, feuchtigkeitsspendendes Profil f\u00fcr ein anspruchsvolles Dampferlebnis.<\/li>\n\n\n\n<li><strong>12. Pina Colada:<\/strong> Entfliehen Sie mit cremiger Kokosnuss und spritziger Ananas in die Tropen.<\/li>\n\n\n\n<li><strong>13. Huckleberry:<\/strong> Ein seltenes, herbes und wildes Beerenprofil f\u00fcr alle, die etwas Einzigartiges suchen.<\/li>\n\n\n\n<li><strong>14. Wassermelonen-Eis:<\/strong> Die ultimative Sommererfrischung - s\u00fc\u00dfe Wassermelone mit einem kr\u00e4ftigen Eiskick.<\/li>\n\n\n\n<li><strong>15. Wassermelone mit Erdbeeren:<\/strong> Ein klassisches Fruchtduo, das perfekt ausgewogen und s\u00fc\u00df ist.<\/li>\n\n\n\n<li><strong>16. Gemischte Beere:<\/strong> Eine Waldfruchtexplosion mit Himbeeren, Heidelbeeren und Brombeeren.<\/li>\n\n\n\n<li><strong>17. Lychee Hami Melone:<\/strong> Exotische Litschi-S\u00fc\u00dfe gepaart mit den sanften Noten der Hami-Melone.<\/li>\n\n\n\n<li><strong>18. Kirsche-Limette:<\/strong> Eine pikante, spritzige Zitrusfruchtmischung mit einem tiefen Kirschkern.<\/li>\n\n\n\n<li><strong>19. Ananas-Zitrone-Gr\u00fcner Apfel:<\/strong> Ein scharfes, w\u00fcrziges Trio, das die Sinne weckt.<\/li>\n\n\n\n<li><strong>20. Bananenkuchen:<\/strong> Warmer, weicher Kuchen mit reifen Bananen und einem Hauch von Vanille.<\/li>\n\n\n\n<li><strong>21. Herr Blau:<\/strong> Eine streng geheime Mischung aus blauen Fr\u00fcchten mit einem k\u00fchlen, geheimnisvollen Abgang.<\/li>\n\n\n\n<li><strong>22. Kirsche:<\/strong> Reiner, kr\u00e4ftiger und saftiger Kirschgeschmack mit einer anhaltenden S\u00fc\u00dfe.<\/li>\n\n\n\n<li><strong>23. Heidelbeere-Himbeere:<\/strong> Die perfekte Beeren-Synergie aus s\u00fc\u00df und s\u00e4uerlich.<\/li>\n\n\n\n<li><strong>24. Cherry Cola:<\/strong> Sprudelnde Cola-Noten mit einem Spritzer dunkler Kirsche gekr\u00f6nt.<\/li>\n\n\n\n<li><strong>25. Kiwi Passionsfrucht Guave:<\/strong> Die klassische tropische \u201cTrinity\u201d f\u00fcr ein dichtes, exotisches Aroma.<\/li>\n\n\n\n<li><strong>26. Erdbeereis:<\/strong> Helle Erdbeeren mit einem knackigen, k\u00fchlenden Menthol-Abgang.<\/li>\n\n\n\n<li><strong>27. Erdbeer-Himbeer-Kirsch-Eis:<\/strong> Eine dreifach gef\u00e4hrliche Beerenmischung, perfekt gek\u00fchlt.<\/li>\n\n\n\n<li><strong>28. Kirsche Beere:<\/strong> Eine s\u00fc\u00dfe Harmonie von Gartenbeeren und Obstkirschen.<\/li>\n\n\n\n<li><strong>29. Blaubeere-Sauer-Himbeere:<\/strong> Ein kontrastreiches Profil, das sowohl schmackhaft als auch s\u00fc\u00df ist.<\/li>\n\n\n\n<li><strong>30. Pfirsichbeere:<\/strong> Samtweiche Pfirsiche gemischt mit einem Medley aus s\u00e4uerlichen Waldbeeren.<\/li>\n\n\n\n<li><strong>31. Blue Razz Gummy Bear:<\/strong> Die Textur eines Kaubonbons trifft auf den elektrischen Geschmack der blauen Himbeere.<\/li>\n\n\n\n<li><strong>32. K\u00fchle Minze:<\/strong> Ein sauberes, erfrischendes Pfefferminzprofil f\u00fcr die ultimative Gaumenreinigung.<\/li>\n\n\n\n<li><strong>33. Blaubeere auf Eis:<\/strong> Handgepfl\u00fcckte Blaubeeren mit einem frostigen Ausatmen.<\/li>\n\n\n\n<li><strong>34. Kaktus-Eis:<\/strong> Eine feuchtigkeitsspendende, blumige Kaktusbasis mit einem eisigen, revitalisierenden Finish.<\/li>\n\n\n\n<li><strong>35. Rote Trauben-Limette:<\/strong> Kr\u00e4ftige rote Trauben, ausgeglichen durch eine scharfe, pikante Limettennote.<\/li>\n\n\n\n<li><strong>36. Cola Zitrone:<\/strong> Klassische Cola mit Sprudel und einer erfrischenden Zitronenscheibe.<\/li>\n\n\n\n<li><strong>37. Schwarze Johannisbeere Apfel:<\/strong> Tiefe, erdige schwarze Johannisbeere gepaart mit knackigen gr\u00fcnen \u00c4pfeln.<\/li>\n\n\n\n<li><strong>38. Kaktus Kiwi:<\/strong> Eine exotische, s\u00e4uerliche Paarung, die einzigartig und erfrischend ist.<\/li>\n\n\n\n<li><strong>39. Cola-Eis:<\/strong> Ihre bevorzugte gek\u00fchlte Limonade in Dampfform.<\/li>\n\n\n\n<li><strong>40. Apeg Grapefruit:<\/strong> Scharfe, bitter-s\u00fc\u00dfe Grapefruit f\u00fcr einen raffinierten Zitrus-Hit.<\/li>\n\n\n\n<li><strong>41. Heidelbeer-Kaktus-Eis:<\/strong> Ein dreifach geschichtetes Profil aus Frucht, Blumen und Frost.<\/li>\n\n\n\n<li><strong>42. Mango-Trauben-Eis:<\/strong> Tropische Mangos\u00fc\u00dfe verschmilzt mit tiefvioletten Trauben.<\/li>\n\n\n\n<li><strong>43. Weintraube Kiwi:<\/strong> Ein ausgewogenes Duo aus Weinbergstrauben und spritziger Kiwi.<\/li>\n<\/ul>\n\n\n\n<h4 class=\"wp-block-heading\"><strong>FAQ<\/strong><\/h4>\n\n\n\n<ul class=\"wp-block-list\">\n<li><strong>F: Wie \u00fcberpr\u00fcfe ich das E-Liquid und den Akku?<\/strong> A: Der integrierte Smart-LED-Bildschirm zeigt den genauen Akkustand und ein Symbol f\u00fcr das verbleibende E-Liquid an.<\/li>\n\n\n\n<li><strong>F: Ist er besser als der RandM Tornado 20000?<\/strong> A: Ja, der Fumot bietet einen gleichm\u00e4\u00dfigeren Geschmack aufgrund der doppelten Mesh-Coils und l\u00e4dt 15 Minuten schneller.<\/li>\n\n\n\n<li><strong>F: Kann ich in gro\u00dfen Mengen kaufen?<\/strong> A: Auf jeden Fall. Wir sind spezialisiert auf <strong>Gro\u00dfhandel Einweg Vapes aus China<\/strong> mit lokalisierten <strong>EU-Lagerhaus<\/strong> Lager f\u00fcr eine schnelle Lieferung.<\/li>\n<\/ul>\n\n\n\n<h3 class=\"wp-block-heading\"><strong>Gesundheitswarnung<\/strong><\/h3>\n\n\n\n<p><strong>WARNUNG:<\/strong> Dieses Produkt enth\u00e4lt Nikotin. Nikotin ist eine s\u00fcchtig machende Chemikalie. F\u00fcr die Verwendung durch Erwachsene bestimmt <strong>21+<\/strong> nur. Nicht f\u00fcr schwangere Frauen oder Personen mit Herzproblemen geeignet. Au\u00dferhalb der Reichweite von Kindern aufbewahren.<\/p>","protected":false},"excerpt":{"rendered":"<ul>\n<li>\n<p data-path-to-node=\"7,0,0\"><b data-path-to-node=\"7,0,0\" data-index-in-node=\"0\">Extreme 20k Puffs:<\/b> Konzipiert f\u00fcr den mehrw\u00f6chigen Gebrauch mit einem Reservoir mit hoher Kapazit\u00e4t.<\/p>\n<\/li>\n<li>\n<p data-path-to-node=\"7,1,0\"><b data-path-to-node=\"7,1,0\" data-index-in-node=\"0\">Dual-Mesh-Technologie:<\/b> Erh\u00f6ht die Dampfdichte und erh\u00e4lt die Geschmacksstabilit\u00e4t.<\/p>\n<\/li>\n<li>\n<p data-path-to-node=\"7,2,0\"><b data-path-to-node=\"7,2,0\" data-index-in-node=\"0\">Intelligenter LED-Monitor:<\/b> Echtzeit-\u00dcberwachung des Akkuprozentsatzes und des Fl\u00fcssigkeitsstands.<\/p>\n<\/li>\n<li>\n<p data-path-to-node=\"7,3,0\"><b data-path-to-node=\"7,3,0\" data-index-in-node=\"0\">Schnelles Aufladen:<\/b> Integrierter Typ-C-Anschluss f\u00fcr eine vollst\u00e4ndige Aufladung in etwa 35 Minuten.<\/p>\n<\/li>\n<li>\n<p data-path-to-node=\"7,4,0\"><b data-path-to-node=\"7,4,0\" data-index-in-node=\"0\">Anpassbarer Luftstrom:<\/b> Flexible Steuerung zum Umschalten zwischen MTL- und RDL-Ziehungen.<\/p>\n<\/li>\n<li>\n<p data-path-to-node=\"7,5,0\"><b data-path-to-node=\"7,5,0\" data-index-in-node=\"0\">EU-Schnellversand:<\/b> Zollfreie, zuverl\u00e4ssige Logistik von unserem europ\u00e4ischen Drehkreuz aus.<\/p>\n<\/li>\n<\/ul>","protected":false},"featured_media":9337,"comment_status":"open","ping_status":"closed","template":"","meta":[],"product_brand":[62],"product_cat":[88,89,96,87,83],"product_tag":[75,76,93,77,79],"class_list":{"0":"post-9336","1":"product","2":"type-product","3":"status-publish","4":"has-post-thumbnail","6":"product_brand-fumot","7":"product_cat-beverage-soda-vapes","8":"product_cat-candy-sweet-vapes","9":"product_cat-dual-mesh-vapes","10":"product_cat-iced-fruit-vapes","11":"product_cat-pro-puffs-vapes","12":"product_tag-eu-warehouse","13":"product_tag-mtl-vaping","14":"product_tag-rdl-vaping","15":"product_tag-recharge","16":"product_tag-smart-screen-display","18":"first","19":"instock","20":"sale","21":"featured","22":"shipping-taxable","23":"purchasable","24":"product-type-variable"},"yoast_head":"<!-- This site is optimized with the Yoast SEO plugin v27.1.1 - https:\/\/yoast.com\/product\/yoast-seo-wordpress\/ -->\n<title>Fumot Tornado 20000 Puffs Vape | Dual Mesh &amp; Smart Display<\/title>\n<meta name=\"description\" content=\"Shop the Fumot Tornado 20000. 20,000 puffs, dual mesh coil, smart LED display, and 30ml capacity. Fast EU Warehouse wholesale. Vaping Made Smarter.\" \/>\n<meta name=\"robots\" content=\"noindex, follow, max-snippet:-1, max-image-preview:large, max-video-preview:-1\" \/>\n<meta property=\"og:locale\" content=\"de_DE\" \/>\n<meta property=\"og:type\" content=\"article\" \/>\n<meta property=\"og:title\" content=\"Fumot Tornado 20000 Puffs Vape | Dual Mesh &amp; Smart Display\" \/>\n<meta property=\"og:description\" content=\"Shop the Fumot Tornado 20000. 20,000 puffs, dual mesh coil, smart LED display, and 30ml capacity. Fast EU Warehouse wholesale. Vaping Made Smarter.\" \/>\n<meta property=\"og:url\" content=\"https:\/\/frivape.com\/de\/produkt\/fumot-tornado-20000-puffs-wegwerfbare-vape-intelligente-bildschirm\/\" \/>\n<meta property=\"og:site_name\" content=\"frivape | Online Vape Store - Best Vapes, Mods &amp; Disposable Kits\" \/>\n<meta property=\"article:modified_time\" content=\"2026-04-15T17:18:10+00:00\" \/>\n<meta property=\"og:image\" content=\"https:\/\/frivape.com\/wp-content\/uploads\/2026\/04\/fumot-tornado-20000-randm-tornado-20000-blue-razz-4.jpg\" \/>\n\t<meta property=\"og:image:width\" content=\"1000\" \/>\n\t<meta property=\"og:image:height\" content=\"1000\" \/>\n\t<meta property=\"og:image:type\" content=\"image\/jpeg\" \/>\n<meta name=\"twitter:card\" content=\"summary_large_image\" \/>\n<meta name=\"twitter:label1\" content=\"Gesch\u00e4tzte Lesezeit\" \/>\n\t<meta name=\"twitter:data1\" content=\"4\u00a0Minuten\" \/>\n<script type=\"application\/ld+json\" class=\"yoast-schema-graph\">{\"@context\":\"https:\/\/schema.org\",\"@graph\":[{\"@type\":\"WebPage\",\"@id\":\"https:\/\/frivape.com\/product\/fumot-tornado-20000-puffs-disposable-vape-smart-screen\/\",\"url\":\"https:\/\/frivape.com\/product\/fumot-tornado-20000-puffs-disposable-vape-smart-screen\/\",\"name\":\"Fumot Tornado 20000 Puffs Vape | Dual Mesh & Smart Display\",\"isPartOf\":{\"@id\":\"https:\/\/frivape.com\/#website\"},\"primaryImageOfPage\":{\"@id\":\"https:\/\/frivape.com\/product\/fumot-tornado-20000-puffs-disposable-vape-smart-screen\/#primaryimage\"},\"image\":{\"@id\":\"https:\/\/frivape.com\/product\/fumot-tornado-20000-puffs-disposable-vape-smart-screen\/#primaryimage\"},\"thumbnailUrl\":\"https:\/\/frivape.com\/wp-content\/uploads\/2026\/04\/fumot-tornado-20000-randm-tornado-20000-blue-razz-4.jpg\",\"datePublished\":\"2026-04-15T17:02:25+00:00\",\"dateModified\":\"2026-04-15T17:18:10+00:00\",\"description\":\"Shop the Fumot Tornado 20000. 20,000 puffs, dual mesh coil, smart LED display, and 30ml capacity. Fast EU Warehouse wholesale. Vaping Made Smarter.\",\"breadcrumb\":{\"@id\":\"https:\/\/frivape.com\/product\/fumot-tornado-20000-puffs-disposable-vape-smart-screen\/#breadcrumb\"},\"inLanguage\":\"de\",\"potentialAction\":[{\"@type\":\"ReadAction\",\"target\":[\"https:\/\/frivape.com\/product\/fumot-tornado-20000-puffs-disposable-vape-smart-screen\/\"]}]},{\"@type\":\"ImageObject\",\"inLanguage\":\"de\",\"@id\":\"https:\/\/frivape.com\/product\/fumot-tornado-20000-puffs-disposable-vape-smart-screen\/#primaryimage\",\"url\":\"https:\/\/frivape.com\/wp-content\/uploads\/2026\/04\/fumot-tornado-20000-randm-tornado-20000-blue-razz-4.jpg\",\"contentUrl\":\"https:\/\/frivape.com\/wp-content\/uploads\/2026\/04\/fumot-tornado-20000-randm-tornado-20000-blue-razz-4.jpg\",\"width\":1000,\"height\":1000},{\"@type\":\"BreadcrumbList\",\"@id\":\"https:\/\/frivape.com\/product\/fumot-tornado-20000-puffs-disposable-vape-smart-screen\/#breadcrumb\",\"itemListElement\":[{\"@type\":\"ListItem\",\"position\":1,\"name\":\"\u9996\u9875\",\"item\":\"https:\/\/frivape.com\/\"},{\"@type\":\"ListItem\",\"position\":2,\"name\":\"Shop\",\"item\":\"https:\/\/frivape.com\/shop\/\"},{\"@type\":\"ListItem\",\"position\":3,\"name\":\"Fumot Tornado 20000 Puffs Disposable Vape | Smart LED Display | Dual Mesh Coil\"}]},{\"@type\":\"WebSite\",\"@id\":\"https:\/\/frivape.com\/#website\",\"url\":\"https:\/\/frivape.com\/\",\"name\":\"frivape | Online Vape Store - Best Vapes, Mods &amp; Disposable Kits\",\"description\":\"Shop frivape, your premier online vape shop for authentic mods, disposable vapes, and premium e-liquids. Direct from Shenzhen with fast Europe local shipping. High quality at wholesale prices.\",\"publisher\":{\"@id\":\"https:\/\/frivape.com\/#organization\"},\"potentialAction\":[{\"@type\":\"SearchAction\",\"target\":{\"@type\":\"EntryPoint\",\"urlTemplate\":\"https:\/\/frivape.com\/?s={search_term_string}\"},\"query-input\":{\"@type\":\"PropertyValueSpecification\",\"valueRequired\":true,\"valueName\":\"search_term_string\"}}],\"inLanguage\":\"de\"},{\"@type\":\"Organization\",\"@id\":\"https:\/\/frivape.com\/#organization\",\"name\":\"frivape | Online Vape Store - Best Vapes, Mods &amp; Disposable Kits\",\"url\":\"https:\/\/frivape.com\/\",\"logo\":{\"@type\":\"ImageObject\",\"inLanguage\":\"de\",\"@id\":\"https:\/\/frivape.com\/#\/schema\/logo\/image\/\",\"url\":\"https:\/\/frivape.com\/wp-content\/uploads\/2026\/03\/cropped-frivape-site-title-icon.png\",\"contentUrl\":\"https:\/\/frivape.com\/wp-content\/uploads\/2026\/03\/cropped-frivape-site-title-icon.png\",\"width\":470,\"height\":110,\"caption\":\"frivape | Online Vape Store - Best Vapes, Mods &amp; Disposable Kits\"},\"image\":{\"@id\":\"https:\/\/frivape.com\/#\/schema\/logo\/image\/\"}}]}<\/script>\n<!-- \/ Yoast SEO plugin. -->","yoast_head_json":{"title":"Fumot Tornado 20000 Puffs Vape | Dual Mesh &amp; Smart Display","description":"Kaufen Sie den Fumot Tornado 20000. 20.000 Z\u00fcge, Dual-Mesh-Spule, intelligente LED-Anzeige und 30ml Kapazit\u00e4t. Schneller EU-Lager-Gro\u00dfhandel. Verdampfen schlauer gemacht.","robots":{"index":"noindex","follow":"follow","max-snippet":"max-snippet:-1","max-image-preview":"max-image-preview:large","max-video-preview":"max-video-preview:-1"},"og_locale":"de_DE","og_type":"article","og_title":"Fumot Tornado 20000 Puffs Vape | Dual Mesh & Smart Display","og_description":"Shop the Fumot Tornado 20000. 20,000 puffs, dual mesh coil, smart LED display, and 30ml capacity. Fast EU Warehouse wholesale. Vaping Made Smarter.","og_url":"https:\/\/frivape.com\/de\/produkt\/fumot-tornado-20000-puffs-wegwerfbare-vape-intelligente-bildschirm\/","og_site_name":"frivape | Online Vape Store - Best Vapes, Mods &amp; Disposable Kits","article_modified_time":"2026-04-15T17:18:10+00:00","og_image":[{"width":1000,"height":1000,"url":"https:\/\/frivape.com\/wp-content\/uploads\/2026\/04\/fumot-tornado-20000-randm-tornado-20000-blue-razz-4.jpg","type":"image\/jpeg"}],"twitter_card":"summary_large_image","twitter_misc":{"Gesch\u00e4tzte Lesezeit":"4\u00a0Minuten"},"schema":{"@context":"https:\/\/schema.org","@graph":[{"@type":"WebPage","@id":"https:\/\/frivape.com\/product\/fumot-tornado-20000-puffs-disposable-vape-smart-screen\/","url":"https:\/\/frivape.com\/product\/fumot-tornado-20000-puffs-disposable-vape-smart-screen\/","name":"Fumot Tornado 20000 Puffs Vape | Dual Mesh &amp; Smart Display","isPartOf":{"@id":"https:\/\/frivape.com\/#website"},"primaryImageOfPage":{"@id":"https:\/\/frivape.com\/product\/fumot-tornado-20000-puffs-disposable-vape-smart-screen\/#primaryimage"},"image":{"@id":"https:\/\/frivape.com\/product\/fumot-tornado-20000-puffs-disposable-vape-smart-screen\/#primaryimage"},"thumbnailUrl":"https:\/\/frivape.com\/wp-content\/uploads\/2026\/04\/fumot-tornado-20000-randm-tornado-20000-blue-razz-4.jpg","datePublished":"2026-04-15T17:02:25+00:00","dateModified":"2026-04-15T17:18:10+00:00","description":"Kaufen Sie den Fumot Tornado 20000. 20.000 Z\u00fcge, Dual-Mesh-Spule, intelligente LED-Anzeige und 30ml Kapazit\u00e4t. Schneller EU-Lager-Gro\u00dfhandel. Verdampfen schlauer gemacht.","breadcrumb":{"@id":"https:\/\/frivape.com\/product\/fumot-tornado-20000-puffs-disposable-vape-smart-screen\/#breadcrumb"},"inLanguage":"de","potentialAction":[{"@type":"ReadAction","target":["https:\/\/frivape.com\/product\/fumot-tornado-20000-puffs-disposable-vape-smart-screen\/"]}]},{"@type":"ImageObject","inLanguage":"de","@id":"https:\/\/frivape.com\/product\/fumot-tornado-20000-puffs-disposable-vape-smart-screen\/#primaryimage","url":"https:\/\/frivape.com\/wp-content\/uploads\/2026\/04\/fumot-tornado-20000-randm-tornado-20000-blue-razz-4.jpg","contentUrl":"https:\/\/frivape.com\/wp-content\/uploads\/2026\/04\/fumot-tornado-20000-randm-tornado-20000-blue-razz-4.jpg","width":1000,"height":1000},{"@type":"BreadcrumbList","@id":"https:\/\/frivape.com\/product\/fumot-tornado-20000-puffs-disposable-vape-smart-screen\/#breadcrumb","itemListElement":[{"@type":"ListItem","position":1,"name":"\u9996\u9875","item":"https:\/\/frivape.com\/"},{"@type":"ListItem","position":2,"name":"Shop","item":"https:\/\/frivape.com\/shop\/"},{"@type":"ListItem","position":3,"name":"Fumot Tornado 20000 Puffs Disposable Vape | Smart LED Display | Dual Mesh Coil"}]},{"@type":"WebSite","@id":"https:\/\/frivape.com\/#website","url":"https:\/\/frivape.com\/","name":"frivape | Online Vape Store - Beste Vapes, Mods &amp; Einweg-Kits","description":"Shop frivape, Ihr f\u00fchrender Online-Vape-Shop f\u00fcr authentische Mods, Einweg-Vapes und Premium-E-Liquids. Direkt aus Shenzhen mit schnellem Versand nach Europa. Hohe Qualit\u00e4t zu Gro\u00dfhandelspreisen.","publisher":{"@id":"https:\/\/frivape.com\/#organization"},"potentialAction":[{"@type":"SearchAction","target":{"@type":"EntryPoint","urlTemplate":"https:\/\/frivape.com\/?s={search_term_string}"},"query-input":{"@type":"PropertyValueSpecification","valueRequired":true,"valueName":"search_term_string"}}],"inLanguage":"de"},{"@type":"Organization","@id":"https:\/\/frivape.com\/#organization","name":"frivape | Online Vape Store - Beste Vapes, Mods &amp; Einweg-Kits","url":"https:\/\/frivape.com\/","logo":{"@type":"ImageObject","inLanguage":"de","@id":"https:\/\/frivape.com\/#\/schema\/logo\/image\/","url":"https:\/\/frivape.com\/wp-content\/uploads\/2026\/03\/cropped-frivape-site-title-icon.png","contentUrl":"https:\/\/frivape.com\/wp-content\/uploads\/2026\/03\/cropped-frivape-site-title-icon.png","width":470,"height":110,"caption":"frivape | Online Vape Store - Best Vapes, Mods &amp; Disposable Kits"},"image":{"@id":"https:\/\/frivape.com\/#\/schema\/logo\/image\/"}}]}},"tiered_pricing_type":"fixed","tiered_pricing_fixed_rules":{"10":13.66,"50":12.66,"100":11.66,"200":10.66},"tiered_pricing_product_settings":{"layout":"default","base_unit_name":{"singular":null,"plural":null},"default_variation":{}},"tiered_pricing_minimum_quantity":null,"tiered_pricing_roles_data":[],"tiered_pricing_percentage_rules":[],"_links":{"self":[{"href":"https:\/\/frivape.com\/de\/wp-json\/wp\/v2\/product\/9336","targetHints":{"allow":["GET"]}}],"collection":[{"href":"https:\/\/frivape.com\/de\/wp-json\/wp\/v2\/product"}],"about":[{"href":"https:\/\/frivape.com\/de\/wp-json\/wp\/v2\/types\/product"}],"replies":[{"embeddable":true,"href":"https:\/\/frivape.com\/de\/wp-json\/wp\/v2\/comments?post=9336"}],"wp:featuredmedia":[{"embeddable":true,"href":"https:\/\/frivape.com\/de\/wp-json\/wp\/v2\/media\/9337"}],"wp:attachment":[{"href":"https:\/\/frivape.com\/de\/wp-json\/wp\/v2\/media?parent=9336"}],"wp:term":[{"taxonomy":"product_brand","embeddable":true,"href":"https:\/\/frivape.com\/de\/wp-json\/wp\/v2\/product_brand?post=9336"},{"taxonomy":"product_cat","embeddable":true,"href":"https:\/\/frivape.com\/de\/wp-json\/wp\/v2\/product_cat?post=9336"},{"taxonomy":"product_tag","embeddable":true,"href":"https:\/\/frivape.com\/de\/wp-json\/wp\/v2\/product_tag?post=9336"}],"curies":[{"name":"wp","href":"https:\/\/api.w.org\/{rel}","templated":true}]}}