{"id":3,"date":"2026-03-12T11:15:50","date_gmt":"2026-03-12T03:15:50","guid":{"rendered":"https:\/\/frivape.com\/?page_id=3"},"modified":"2026-03-20T01:38:13","modified_gmt":"2026-03-19T17:38:13","slug":"politica-de-privacidad","status":"publish","type":"page","link":"https:\/\/frivape.com\/es\/politica-de-privacidad\/","title":{"rendered":"Pol\u00edtica de privacidad"},"content":{"rendered":"<h2 class=\"wp-block-heading has-base-font-size\"><strong>\u00daltima actualizaci\u00f3n: 13 de marzo de 2025<\/strong><\/h2>\n\n\n\n<h2 class=\"wp-block-heading\">1. Introducci\u00f3n<\/h2>\n\n\n\n<p>Bienvenido a <strong><a href=\"https:\/\/frivape.com\/es\/\" type=\"link\" id=\"https:\/\/frivape.com\/\" target=\"_blank\" rel=\"noreferrer noopener\">FRIVAPE<\/a><\/strong>. Valoramos su privacidad y nos comprometemos a proteger su informaci\u00f3n personal de conformidad con las leyes internacionales sobre privacidad (incluidas GDPR y CCPA) y las normativas pertinentes sobre cigarrillos electr\u00f3nicos. Esta Pol\u00edtica de privacidad explica c\u00f3mo recopilamos, utilizamos y protegemos su informaci\u00f3n cuando visita nuestro sitio web.<\/p>\n\n\n\n<h2 class=\"wp-block-heading\">2. Recogida de informaci\u00f3n<\/h2>\n\n\n\n<p>Recopilamos dos tipos de informaci\u00f3n para garantizar una experiencia de compra fluida:<\/p>\n\n\n\n<ul class=\"wp-block-list\">\n<li><strong>Informaci\u00f3n personal:<\/strong> Nombre, direcci\u00f3n de correo electr\u00f3nico, n\u00famero de tel\u00e9fono, direcci\u00f3n de env\u00edo e historial de compras. Estos datos se recopilan cuando usted se registra, realiza un pedido o se pone en contacto con nosotros.<\/li>\n\n\n\n<li><strong>Informaci\u00f3n no personal:<\/strong> Direcci\u00f3n IP, tipo de navegador, sistema operativo y comportamiento de navegaci\u00f3n (p\u00e1ginas visitadas, tiempo de permanencia). Esto nos ayuda a optimizar el rendimiento del sitio web.<\/li>\n<\/ul>\n\n\n\n<h2 class=\"wp-block-heading\">3. C\u00f3mo utilizamos su informaci\u00f3n<\/h2>\n\n\n\n<p>Utilizamos sus datos estrictamente para fines comerciales leg\u00edtimos:<\/p>\n\n\n\n<ul class=\"wp-block-list\">\n<li><strong>Cumplimiento de pedidos:<\/strong> Para procesar los pagos y coordinar los env\u00edos internacionales desde nuestra base en Shenzhen.<\/li>\n\n\n\n<li><strong>Atenci\u00f3n al cliente:<\/strong> Gestionar las consultas y el servicio posventa.<\/li>\n\n\n\n<li><strong>Marketing:<\/strong> Para enviarle actualizaciones o promociones (s\u00f3lo si ha optado por ello).<\/li>\n\n\n\n<li><strong>Conformidad:<\/strong> Para verificar su edad y cumplir la normativa mundial sobre el comercio de cigarrillos electr\u00f3nicos.<\/li>\n<\/ul>\n\n\n\n<h2 class=\"wp-block-heading\">4. Protecci\u00f3n y seguridad de la informaci\u00f3n<\/h2>\n\n\n\n<p>Nos tomamos en serio la seguridad. La aplicamos:<\/p>\n\n\n\n<ul class=\"wp-block-list\">\n<li><strong>Cifrado SSL:<\/strong> Todos los datos transmitidos hacia y desde nuestro sitio est\u00e1n encriptados.<\/li>\n\n\n\n<li><strong>Pagos de terceros:<\/strong> Utilizamos procesadores de pagos est\u00e1ndar del sector. Hacemos <strong>no<\/strong> almacenar la informaci\u00f3n completa de su tarjeta de cr\u00e9dito en nuestros servidores.<\/li>\n\n\n\n<li><strong>Control de acceso:<\/strong> S\u00f3lo el personal autorizado que participa en la tramitaci\u00f3n puede acceder a los datos de su pedido.<\/li>\n<\/ul>\n\n\n\n<h2 class=\"wp-block-heading\">5. 5. Intercambio de informaci\u00f3n<\/h2>\n\n\n\n<p>Nosotros <strong>nunca<\/strong> vender o alquilar sus datos personales. S\u00f3lo compartimos informaci\u00f3n con<\/p>\n\n\n\n<ul class=\"wp-block-list\">\n<li><strong>Socios log\u00edsticos:<\/strong> Se necesitan mensajeros de confianza para entregar su paquete.<\/li>\n\n\n\n<li><strong>Proveedores de pago:<\/strong> Para verificar y completar las transacciones.<\/li>\n\n\n\n<li><strong>Autoridades legales:<\/strong> Cuando lo exija la ley o para proteger nuestros derechos legales en relaci\u00f3n con la supervisi\u00f3n de los cigarrillos electr\u00f3nicos.<\/li>\n<\/ul>\n\n\n\n<h2 class=\"wp-block-heading\">6. Cookies y rastreo<\/h2>\n\n\n\n<p>Utilizamos cookies para recordar sus preferencias y analizar el tr\u00e1fico. Puede gestionar o desactivar las cookies en la configuraci\u00f3n de su navegador, aunque es posible que algunas funciones de FRIVAPE no funcionen correctamente sin ellas.<\/p>\n\n\n\n<h2 class=\"wp-block-heading\">7. Estricta protecci\u00f3n de menores (pol\u00edtica de edad)<\/h2>\n\n\n\n<p>FRIVAPE mantiene una pol\u00edtica de tolerancia cero con respecto a la venta a menores de edad.<\/p>\n\n\n\n<ul class=\"wp-block-list\">\n<li>Nuestros productos no est\u00e1n destinados a menores de <strong>18<\/strong> (o la edad legal en su jurisdicci\u00f3n, como por ejemplo <strong>21<\/strong> en algunas partes de EE.UU.).<\/li>\n\n\n\n<li>Nos reservamos el derecho a cancelar cualquier pedido si falla la verificaci\u00f3n de la edad. Si descubrimos que se han recopilado datos de un menor, se eliminar\u00e1n inmediatamente.<\/li>\n<\/ul>\n\n\n\n<h2 class=\"wp-block-heading\">8. Sus derechos internacionales<\/h2>\n\n\n\n<p>Independientemente de d\u00f3nde se encuentre, tiene derecho a:<\/p>\n\n\n\n<ul class=\"wp-block-list\">\n<li><strong>Acceso y actualizaci\u00f3n:<\/strong> Ver o corregir sus datos personales.<\/li>\n\n\n\n<li><strong>Borrado de datos:<\/strong> Solicitar la supresi\u00f3n de su cuenta y sus datos (\u201cDerecho al olvido\u201d).<\/li>\n\n\n\n<li><strong>Exclusi\u00f3n voluntaria:<\/strong> Darse de baja de cualquier comunicaci\u00f3n comercial en cualquier momento.<\/li>\n\n\n\n<li><strong>Portabilidad de datos:<\/strong> Solicite una copia de sus datos en un formato legible por m\u00e1quina.<\/li>\n<\/ul>\n\n\n\n<h2 class=\"wp-block-heading\">9. Actualizaciones pol\u00edticas<\/h2>\n\n\n\n<p>Es posible que actualicemos esta pol\u00edtica para reflejar cambios en la legislaci\u00f3n mundial o en nuestras pr\u00e1cticas empresariales. Los cambios significativos se anunciar\u00e1n mediante un aviso en nuestra p\u00e1gina de inicio.<\/p>\n\n\n\n<h2 class=\"wp-block-heading\">10. Contacto<\/h2>\n\n\n\n<p>Para cualquier pregunta relacionada con su privacidad, p\u00f3ngase en contacto con<\/p>\n\n\n\n<p><strong>Direcci\u00f3n:<\/strong> Shenzhen, provincia de Guangdong, China.<\/p>\n\n\n\n<p><strong>Correo electr\u00f3nico:<\/strong> frivape@gmail.com<\/p>\n\n\n\n<p><strong>P\u00e1gina de contacto:<\/strong> <a href=\"https:\/\/frivape.com\/es\/contacto\/\">https:\/\/frivape.com\/contact-us\/<\/a><\/p>","protected":false},"excerpt":{"rendered":"<p>Last Updated: March 13, 2025 1. Introduction Welcome to FRIVAPE. We value your privacy and are committed to protecting your personal information in compliance with international privacy laws (including GDPR and CCPA) and relevant e-cigarette regulations. This Privacy Policy explains how we collect, use, and safeguard your information when you visit our website. 2. Information [&hellip;]<\/p>\n","protected":false},"author":1,"featured_media":0,"parent":0,"menu_order":0,"comment_status":"closed","ping_status":"closed","template":"template-fullwidth.php","meta":{"footnotes":""},"class_list":["post-3","page","type-page","status-publish","hentry"],"yoast_head":"<!-- This site is optimized with the Yoast SEO plugin v27.1.1 - https:\/\/yoast.com\/product\/yoast-seo-wordpress\/ -->\n<title>Privacy Policy - frivape | Online Vape Store - Best Vapes, Mods &amp; Disposable Kits<\/title>\n<meta name=\"description\" content=\"Your privacy is important to FRIVAPE. Read our Privacy Policy to understand how we secure your data while providing a safe shopping experience for our global customers.\" \/>\n<meta name=\"robots\" content=\"noindex, follow, max-snippet:-1, max-image-preview:large, max-video-preview:-1\" \/>\n<meta property=\"og:locale\" content=\"es_ES\" \/>\n<meta property=\"og:type\" content=\"article\" \/>\n<meta property=\"og:title\" content=\"Privacy Policy - frivape | Online Vape Store - Best Vapes, Mods &amp; Disposable Kits\" \/>\n<meta property=\"og:description\" content=\"Your privacy is important to FRIVAPE. Read our Privacy Policy to understand how we secure your data while providing a safe shopping experience for our global customers.\" \/>\n<meta property=\"og:url\" content=\"https:\/\/frivape.com\/es\/politica-de-privacidad\/\" \/>\n<meta property=\"og:site_name\" content=\"frivape | Online Vape Store - Best Vapes, Mods &amp; Disposable Kits\" \/>\n<meta property=\"article:modified_time\" content=\"2026-03-19T17:38:13+00:00\" \/>\n<meta name=\"twitter:card\" content=\"summary_large_image\" \/>\n<meta name=\"twitter:label1\" content=\"Tiempo de lectura\" \/>\n\t<meta name=\"twitter:data1\" content=\"3 minutos\" \/>\n<script type=\"application\/ld+json\" class=\"yoast-schema-graph\">{\"@context\":\"https:\/\/schema.org\",\"@graph\":[{\"@type\":\"WebPage\",\"@id\":\"https:\/\/frivape.com\/privacy-policy\/\",\"url\":\"https:\/\/frivape.com\/privacy-policy\/\",\"name\":\"Privacy Policy - frivape | Online Vape Store - Best Vapes, Mods &amp; Disposable Kits\",\"isPartOf\":{\"@id\":\"https:\/\/frivape.com\/#website\"},\"datePublished\":\"2026-03-12T03:15:50+00:00\",\"dateModified\":\"2026-03-19T17:38:13+00:00\",\"description\":\"Your privacy is important to FRIVAPE. Read our Privacy Policy to understand how we secure your data while providing a safe shopping experience for our global customers.\",\"breadcrumb\":{\"@id\":\"https:\/\/frivape.com\/privacy-policy\/#breadcrumb\"},\"inLanguage\":\"es\",\"potentialAction\":[{\"@type\":\"ReadAction\",\"target\":[\"https:\/\/frivape.com\/privacy-policy\/\"]}]},{\"@type\":\"BreadcrumbList\",\"@id\":\"https:\/\/frivape.com\/privacy-policy\/#breadcrumb\",\"itemListElement\":[{\"@type\":\"ListItem\",\"position\":1,\"name\":\"\u9996\u9875\",\"item\":\"https:\/\/frivape.com\/\"},{\"@type\":\"ListItem\",\"position\":2,\"name\":\"Privacy Policy\"}]},{\"@type\":\"WebSite\",\"@id\":\"https:\/\/frivape.com\/#website\",\"url\":\"https:\/\/frivape.com\/\",\"name\":\"frivape | Online Vape Store - Best Vapes, Mods &amp; Disposable Kits\",\"description\":\"Shop frivape, your premier online vape shop for authentic mods, disposable vapes, and premium e-liquids. Direct from Shenzhen with fast Europe local shipping. High quality at wholesale prices.\",\"publisher\":{\"@id\":\"https:\/\/frivape.com\/#organization\"},\"potentialAction\":[{\"@type\":\"SearchAction\",\"target\":{\"@type\":\"EntryPoint\",\"urlTemplate\":\"https:\/\/frivape.com\/?s={search_term_string}\"},\"query-input\":{\"@type\":\"PropertyValueSpecification\",\"valueRequired\":true,\"valueName\":\"search_term_string\"}}],\"inLanguage\":\"es\"},{\"@type\":\"Organization\",\"@id\":\"https:\/\/frivape.com\/#organization\",\"name\":\"frivape | Online Vape Store - Best Vapes, Mods &amp; Disposable Kits\",\"url\":\"https:\/\/frivape.com\/\",\"logo\":{\"@type\":\"ImageObject\",\"inLanguage\":\"es\",\"@id\":\"https:\/\/frivape.com\/#\/schema\/logo\/image\/\",\"url\":\"https:\/\/frivape.com\/wp-content\/uploads\/2026\/03\/cropped-frivape-site-title-icon.png\",\"contentUrl\":\"https:\/\/frivape.com\/wp-content\/uploads\/2026\/03\/cropped-frivape-site-title-icon.png\",\"width\":470,\"height\":110,\"caption\":\"frivape | Online Vape Store - Best Vapes, Mods &amp; Disposable Kits\"},\"image\":{\"@id\":\"https:\/\/frivape.com\/#\/schema\/logo\/image\/\"}}]}<\/script>\n<!-- \/ Yoast SEO plugin. -->","yoast_head_json":{"title":"Pol\u00edtica de privacidad - frivape | Tienda de Vape Online - Los mejores Vapes, Mods y Kits desechables","description":"Su privacidad es importante para FRIVAPE. Lea nuestra Pol\u00edtica de privacidad para comprender c\u00f3mo protegemos sus datos al tiempo que ofrecemos una experiencia de compra segura a nuestros clientes de todo el mundo.","robots":{"index":"noindex","follow":"follow","max-snippet":"max-snippet:-1","max-image-preview":"max-image-preview:large","max-video-preview":"max-video-preview:-1"},"og_locale":"es_ES","og_type":"article","og_title":"Privacy Policy - frivape | Online Vape Store - Best Vapes, Mods &amp; Disposable Kits","og_description":"Your privacy is important to FRIVAPE. Read our Privacy Policy to understand how we secure your data while providing a safe shopping experience for our global customers.","og_url":"https:\/\/frivape.com\/es\/politica-de-privacidad\/","og_site_name":"frivape | Online Vape Store - Best Vapes, Mods &amp; Disposable Kits","article_modified_time":"2026-03-19T17:38:13+00:00","twitter_card":"summary_large_image","twitter_misc":{"Tiempo de lectura":"3 minutos"},"schema":{"@context":"https:\/\/schema.org","@graph":[{"@type":"WebPage","@id":"https:\/\/frivape.com\/privacy-policy\/","url":"https:\/\/frivape.com\/privacy-policy\/","name":"Pol\u00edtica de privacidad - frivape | Tienda de Vape Online - Los mejores Vapes, Mods y Kits desechables","isPartOf":{"@id":"https:\/\/frivape.com\/#website"},"datePublished":"2026-03-12T03:15:50+00:00","dateModified":"2026-03-19T17:38:13+00:00","description":"Su privacidad es importante para FRIVAPE. Lea nuestra Pol\u00edtica de privacidad para comprender c\u00f3mo protegemos sus datos al tiempo que ofrecemos una experiencia de compra segura a nuestros clientes de todo el mundo.","breadcrumb":{"@id":"https:\/\/frivape.com\/privacy-policy\/#breadcrumb"},"inLanguage":"es","potentialAction":[{"@type":"ReadAction","target":["https:\/\/frivape.com\/privacy-policy\/"]}]},{"@type":"BreadcrumbList","@id":"https:\/\/frivape.com\/privacy-policy\/#breadcrumb","itemListElement":[{"@type":"ListItem","position":1,"name":"\u9996\u9875","item":"https:\/\/frivape.com\/"},{"@type":"ListItem","position":2,"name":"Privacy Policy"}]},{"@type":"WebSite","@id":"https:\/\/frivape.com\/#website","url":"https:\/\/frivape.com\/","name":"frivape | Online Vape Store - Los mejores Vapes, Mods y Kits desechables","description":"Tienda frivape, su principal tienda de vape en l\u00ednea para mods aut\u00e9nticos, vapes desechables, y e-l\u00edquidos premium. Directo desde Shenzhen con env\u00edo local r\u00e1pido a Europa. Alta calidad a precios de mayorista.","publisher":{"@id":"https:\/\/frivape.com\/#organization"},"potentialAction":[{"@type":"SearchAction","target":{"@type":"EntryPoint","urlTemplate":"https:\/\/frivape.com\/?s={search_term_string}"},"query-input":{"@type":"PropertyValueSpecification","valueRequired":true,"valueName":"search_term_string"}}],"inLanguage":"es"},{"@type":"Organization","@id":"https:\/\/frivape.com\/#organization","name":"frivape | Online Vape Store - Los mejores Vapes, Mods y Kits desechables","url":"https:\/\/frivape.com\/","logo":{"@type":"ImageObject","inLanguage":"es","@id":"https:\/\/frivape.com\/#\/schema\/logo\/image\/","url":"https:\/\/frivape.com\/wp-content\/uploads\/2026\/03\/cropped-frivape-site-title-icon.png","contentUrl":"https:\/\/frivape.com\/wp-content\/uploads\/2026\/03\/cropped-frivape-site-title-icon.png","width":470,"height":110,"caption":"frivape | Online Vape Store - Best Vapes, Mods &amp; Disposable Kits"},"image":{"@id":"https:\/\/frivape.com\/#\/schema\/logo\/image\/"}}]}},"_links":{"self":[{"href":"https:\/\/frivape.com\/es\/wp-json\/wp\/v2\/pages\/3","targetHints":{"allow":["GET"]}}],"collection":[{"href":"https:\/\/frivape.com\/es\/wp-json\/wp\/v2\/pages"}],"about":[{"href":"https:\/\/frivape.com\/es\/wp-json\/wp\/v2\/types\/page"}],"author":[{"embeddable":true,"href":"https:\/\/frivape.com\/es\/wp-json\/wp\/v2\/users\/1"}],"replies":[{"embeddable":true,"href":"https:\/\/frivape.com\/es\/wp-json\/wp\/v2\/comments?post=3"}],"version-history":[{"count":6,"href":"https:\/\/frivape.com\/es\/wp-json\/wp\/v2\/pages\/3\/revisions"}],"predecessor-version":[{"id":7259,"href":"https:\/\/frivape.com\/es\/wp-json\/wp\/v2\/pages\/3\/revisions\/7259"}],"wp:attachment":[{"href":"https:\/\/frivape.com\/es\/wp-json\/wp\/v2\/media?parent=3"}],"curies":[{"name":"wp","href":"https:\/\/api.w.org\/{rel}","templated":true}]}}