{"id":8049,"date":"2026-04-06T14:44:27","date_gmt":"2026-04-06T06:44:27","guid":{"rendered":"https:\/\/frivape.com\/?post_type=product&#038;p=8049"},"modified":"2026-04-09T11:21:05","modified_gmt":"2026-04-09T03:21:05","slug":"bang-king-tornado-40000-puffs-vape-desechable-pantalla-led","status":"publish","type":"product","link":"https:\/\/frivape.com\/es\/product\/bang-king-tornado-40000-puffs-vape-desechable-pantalla-led\/","title":{"rendered":"Bang King Tornado 40000 Puffs Vape desechable | Pantalla LED inteligente y flujo de aire ajustable"},"content":{"rendered":"<h2 class=\"wp-block-heading has-text-align-center\"><strong>Experimenta el futuro del vapeo: Bang King Tornado 40000 Puffs<\/strong><\/h2>\n\n\n\n<p>En <strong>Bang King Tornado 40000<\/strong> (Tornado Series) es la elecci\u00f3n definitiva para los vapers que exigen un rendimiento \u201chardcore\u201d y una est\u00e9tica elegante. Esta edici\u00f3n con pantalla LED est\u00e1 meticulosamente dise\u00f1ada para proporcionar una producci\u00f3n de vapor masiva y un sabor consistente desde la primera calada hasta la 40.000\u00aa.<\/p>\n\n\n\n<h3 class=\"wp-block-heading\"><strong>Principales aspectos t\u00e9cnicos<\/strong><\/h3>\n\n\n\n<ul class=\"wp-block-list\">\n<li><strong>Pantalla digital LED inteligente:<\/strong> No vuelvas a adivinar. La pantalla integrada proporciona un seguimiento en tiempo real tanto de su <strong>porcentaje de bater\u00eda<\/strong> y <strong>niveles de e-l\u00edquido restantes<\/strong>.<\/li>\n\n\n\n<li><strong>Dep\u00f3sito masivo de e-l\u00edquido de 35 ml:<\/strong> Una de las mayores capacidades del mercado, que garantiza semanas de satisfacci\u00f3n sin necesidad de sustituci\u00f3n.<\/li>\n\n\n\n<li><strong>Bobina de malla de alta precisi\u00f3n de 1,0\u03a9:<\/strong> La avanzada tecnolog\u00eda de malla garantiza un calentamiento uniforme, evitando quemaduras y proporcionando un sabor puro y vibrante.<\/li>\n\n\n\n<li><strong>Flujo de aire din\u00e1mico ajustable:<\/strong> Cambia entre una ce\u00f1ida extracci\u00f3n MTL (boca a pulm\u00f3n) o un estilo DTL (directo a pulm\u00f3n) m\u00e1s abierto con un simple giro del interruptor inferior.<\/li>\n\n\n\n<li><strong>Bater\u00eda robusta de 1000mAh:<\/strong> Una bater\u00eda recargable de alta densidad combinada con carga r\u00e1pida Type-C significa m\u00e1s tiempo vapeando y menos tiempo atado a un cable.<\/li>\n<\/ul>\n\n\n\n<h3 class=\"wp-block-heading\"><strong>Opciones de potencia de nicotina<\/strong><\/h3>\n\n\n\n<p>Para satisfacer todas las preferencias, el Bang King Tornado 40k est\u00e1 disponible en cuatro concentraciones distintas de nicotina:<\/p>\n\n\n\n<ul class=\"wp-block-list\">\n<li><strong>0% (0mg\/mL):<\/strong> Puro sabor, cero nicotina.<\/li>\n\n\n\n<li><strong>2% (20mg\/mL):<\/strong> Golpe suave para vapeadores ocasionales.<\/li>\n\n\n\n<li><strong>3% (30mg\/mL):<\/strong> Satisfacci\u00f3n equilibrada.<\/li>\n\n\n\n<li><strong>5% (50mg\/mL):<\/strong> Fuerte golpe de garganta para usuarios experimentados.<\/li>\n<\/ul>\n\n\n\n<h3 class=\"wp-block-heading\"><strong>12 Fest\u00edn de sabores premium<\/strong><\/h3>\n\n\n\n<ol start=\"1\" class=\"wp-block-list\">\n<li><strong>Sand\u00eda:<\/strong> Refresco fresco y cl\u00e1sico de verano.<\/li>\n\n\n\n<li><strong>Sand\u00eda con fresas:<\/strong> Una deliciosa mezcla de bayas dulces y mel\u00f3n.<\/li>\n\n\n\n<li><strong>Hielo de ar\u00e1ndano:<\/strong> Ar\u00e1ndanos agrios con un escalofriante final mentolado.<\/li>\n\n\n\n<li><strong>Ar\u00e1ndano Frambuesa:<\/strong> Un sofisticado d\u00fao de bosque dulce y \u00e1cido.<\/li>\n\n\n\n<li><strong>Hielo de fresa:<\/strong> Fresas maduras escarchadas.<\/li>\n\n\n\n<li><strong>Fresa Kiwi:<\/strong> Lo \u00faltimo en fusi\u00f3n tropical equilibrada.<\/li>\n\n\n\n<li><strong>Mango Melocot\u00f3n Sand\u00eda:<\/strong> Una ex\u00f3tica mezcla de tres frutas.<\/li>\n\n\n\n<li><strong>Kiwi Fruta de la Pasi\u00f3n Granada:<\/strong> Profundamente arom\u00e1tico y en capas.<\/li>\n\n\n\n<li><strong>Hielo de melocot\u00f3n:<\/strong> Aterciopelado melocot\u00f3n madurado al sol con una exhalaci\u00f3n fresca.<\/li>\n\n\n\n<li><strong>Mezcla de bayas:<\/strong> Una robusta explosi\u00f3n de bayas rojas y oscuras.<\/li>\n\n\n\n<li><strong>Ar\u00e1ndano Uva:<\/strong> Jugosas uvas de vid se encuentran con dulces ar\u00e1ndanos.<\/li>\n\n\n\n<li><strong>Watermelon Bubblegum:<\/strong> Una nost\u00e1lgica golosina de mel\u00f3n inspirada en los caramelos.<\/li>\n<\/ol>\n\n\n\n<h3 class=\"wp-block-heading\"><strong>Uso y mantenimiento del producto<\/strong><\/h3>\n\n\n\n<ul class=\"wp-block-list\">\n<li><strong>Activaci\u00f3n:<\/strong> Basta con dibujar en la boquilla (Auto-dibujo).<\/li>\n\n\n\n<li><strong>Cargando:<\/strong> Utiliza un cable Type-C est\u00e1ndar. La carga suele tardar entre 30 y 45 minutos. Evita usar \u201csupercargadores\u201d de alta potencia para proteger la bater\u00eda.<\/li>\n\n\n\n<li><strong>Almacenamiento:<\/strong> Guarde el aparato en un lugar fresco y seco cuando no lo utilice.<\/li>\n<\/ul>\n\n\n\n<h3 class=\"wp-block-heading\"><strong>Preguntas m\u00e1s frecuentes (FAQ)<\/strong><\/h3>\n\n\n\n<ul class=\"wp-block-list\">\n<li><strong>\u00bfCu\u00e1ntas caladas proporciona realmente?<\/strong> Est\u00e1 dise\u00f1ado para un m\u00e1ximo de 40.000 caladas. Los recuentos reales pueden variar en funci\u00f3n de la duraci\u00f3n de la calada de cada persona.<\/li>\n\n\n\n<li><strong>\u00bfEs adecuado para la venta al por mayor?<\/strong> S\u00ed, ofrecemos precios directos de f\u00e1brica para pedidos al por mayor y al por mayor.<\/li>\n\n\n\n<li><strong>\u00bfQu\u00e9 m\u00e9todos de env\u00edo se utilizan?<\/strong> Utilizamos transportistas fiables como UPS, DHL, FedEx y DPD. Nos encargamos de todos los tr\u00e1mites aduaneros, garantizando una entrega 100% libre de impuestos en la mayor\u00eda de las regiones.<\/li>\n\n\n\n<li><strong>\u00bfCu\u00e1l es el plazo de entrega?<\/strong> La preparaci\u00f3n del pedido tarda de 1 a 3 d\u00edas. El env\u00edo suele tardar entre 7 y 15 d\u00edas laborables dependiendo de su ubicaci\u00f3n.<\/li>\n\n\n\n<li><strong>\u00bfEs seguro el pago?<\/strong> Aceptamos PayPal (con Protecci\u00f3n al Comprador), Stripe, Tarjetas de Cr\u00e9dito y Criptodivisas.<\/li>\n<\/ul>\n\n\n\n<p><strong>ADVERTENCIA:<\/strong> Este producto contiene nicotina. La nicotina es una sustancia qu\u00edmica adictiva.<\/p>\n\n\n\n<p><strong>Restricci\u00f3n de edad:<\/strong> Debe ser mayor de 18 a\u00f1os (o la edad legal para fumar en su regi\u00f3n) para comprar y utilizar este producto. Mant\u00e9ngase fuera del alcance de los ni\u00f1os y los animales dom\u00e9sticos.<\/p>\n\n\n\n<p><\/p>","protected":false},"excerpt":{"rendered":"<p data-path-to-node=\"7\">Domina tu experiencia de vapeo con el <b data-path-to-node=\"7\" data-index-in-node=\"41\">Bang King Tornado 40k<\/b>.<\/p>\n<ul data-path-to-node=\"8\">\n<li>\n<p data-path-to-node=\"8,0,0\"><b data-path-to-node=\"8,0,0\" data-index-in-node=\"0\">Conteo de Puff:<\/b> Hasta 40.000 bocanadas<\/p>\n<\/li>\n<li>\n<p data-path-to-node=\"8,1,0\"><b data-path-to-node=\"8,1,0\" data-index-in-node=\"0\">Bater\u00eda:<\/b> 1000mAh (Tipo-C recargable)<\/p>\n<\/li>\n<li>\n<p data-path-to-node=\"8,2,0\"><b data-path-to-node=\"8,2,0\" data-index-in-node=\"0\">Capacidad:<\/b> E-l\u00edquido Premium 35mL<\/p>\n<\/li>\n<li>\n<p data-path-to-node=\"8,3,0\"><b data-path-to-node=\"8,3,0\" data-index-in-node=\"0\">Tecnolog\u00eda:<\/b> Bobina de malla de 1.0\u03a9 y pantalla digital LED inteligente<\/p>\n<\/li>\n<li>\n<p data-path-to-node=\"8,4,0\"><b data-path-to-node=\"8,4,0\" data-index-in-node=\"0\">Personalizaci\u00f3n:<\/b> Control de flujo de aire ajustable<\/p>\n<\/li>\n<li>\n<p data-path-to-node=\"8,5,0\"><b data-path-to-node=\"8,5,0\" data-index-in-node=\"0\">Nicotina:<\/b> Disponible en resistencias 0%, 2%, 3% y 5%.<\/p>\n<\/li>\n<\/ul>","protected":false},"featured_media":8055,"comment_status":"open","ping_status":"closed","template":"","meta":[],"product_brand":[61],"product_cat":[82,87,95],"product_tag":[74,75,76,77,79],"class_list":{"0":"post-8049","1":"product","2":"type-product","3":"status-publish","4":"has-post-thumbnail","6":"product_brand-bang","7":"product_cat-big-puffs-vapes","8":"product_cat-iced-fruit-vapes","9":"product_cat-mesh-coil-vapes","10":"product_tag-dtl-vaping","11":"product_tag-eu-warehouse","12":"product_tag-mtl-vaping","13":"product_tag-recharge","14":"product_tag-smart-screen-display","15":"pa_product-attr-nicotine-nicotine0","16":"pa_product-attr-nicotine-nicotine2","17":"pa_product-attr-nicotine-nicotine3","18":"pa_product-attr-nicotine-nicotine5","20":"first","21":"instock","22":"sale","23":"shipping-taxable","24":"purchasable","25":"product-type-variable"},"yoast_head":"<!-- This site is optimized with the Yoast SEO plugin v27.1.1 - https:\/\/yoast.com\/product\/yoast-seo-wordpress\/ -->\n<title>Bang King Tornado 40000 Puffs Disposable Vape - LED Display 40k Vape<\/title>\n<meta name=\"description\" content=\"Buy the Bang King Tornado 40000 Puffs. Features 35mL e-liquid, 1000mAh rechargeable battery, 1.0\u03a9 mesh coil, and smart LED display. Available in 0%-5% nicotine. Fast EU shipping!\" \/>\n<meta name=\"robots\" content=\"noindex, follow, max-snippet:-1, max-image-preview:large, max-video-preview:-1\" \/>\n<meta property=\"og:locale\" content=\"es_ES\" \/>\n<meta property=\"og:type\" content=\"article\" \/>\n<meta property=\"og:title\" content=\"Bang King Tornado 40000 Puffs Disposable Vape - LED Display 40k Vape\" \/>\n<meta property=\"og:description\" content=\"Buy the Bang King Tornado 40000 Puffs. Features 35mL e-liquid, 1000mAh rechargeable battery, 1.0\u03a9 mesh coil, and smart LED display. Available in 0%-5% nicotine. Fast EU shipping!\" \/>\n<meta property=\"og:url\" content=\"https:\/\/frivape.com\/es\/product\/bang-king-tornado-40000-puffs-vape-desechable-pantalla-led\/\" \/>\n<meta property=\"og:site_name\" content=\"frivape | Online Vape Store - Best Vapes, Mods &amp; Disposable Kits\" \/>\n<meta property=\"article:modified_time\" content=\"2026-04-09T03:21:05+00:00\" \/>\n<meta property=\"og:image\" content=\"https:\/\/frivape.com\/wp-content\/uploads\/2026\/04\/vape-maison-bang-king-tornado-40000-puffs-watermelon-800x800-1.webp\" \/>\n\t<meta property=\"og:image:width\" content=\"800\" \/>\n\t<meta property=\"og:image:height\" content=\"800\" \/>\n\t<meta property=\"og:image:type\" content=\"image\/webp\" \/>\n<meta name=\"twitter:card\" content=\"summary_large_image\" \/>\n<meta name=\"twitter:label1\" content=\"Tiempo de lectura\" \/>\n\t<meta name=\"twitter:data1\" content=\"3 minutos\" \/>\n<script type=\"application\/ld+json\" class=\"yoast-schema-graph\">{\"@context\":\"https:\/\/schema.org\",\"@graph\":[{\"@type\":\"WebPage\",\"@id\":\"https:\/\/frivape.com\/product\/bang-king-tornado-40000-puffs-disposable-vape-led-display\/\",\"url\":\"https:\/\/frivape.com\/product\/bang-king-tornado-40000-puffs-disposable-vape-led-display\/\",\"name\":\"Bang King Tornado 40000 Puffs Disposable Vape - LED Display 40k Vape\",\"isPartOf\":{\"@id\":\"https:\/\/frivape.com\/#website\"},\"primaryImageOfPage\":{\"@id\":\"https:\/\/frivape.com\/product\/bang-king-tornado-40000-puffs-disposable-vape-led-display\/#primaryimage\"},\"image\":{\"@id\":\"https:\/\/frivape.com\/product\/bang-king-tornado-40000-puffs-disposable-vape-led-display\/#primaryimage\"},\"thumbnailUrl\":\"https:\/\/frivape.com\/wp-content\/uploads\/2026\/04\/vape-maison-bang-king-tornado-40000-puffs-watermelon-800x800-1.webp\",\"datePublished\":\"2026-04-06T06:44:27+00:00\",\"dateModified\":\"2026-04-09T03:21:05+00:00\",\"description\":\"Buy the Bang King Tornado 40000 Puffs. Features 35mL e-liquid, 1000mAh rechargeable battery, 1.0\u03a9 mesh coil, and smart LED display. Available in 0%-5% nicotine. Fast EU shipping!\",\"breadcrumb\":{\"@id\":\"https:\/\/frivape.com\/product\/bang-king-tornado-40000-puffs-disposable-vape-led-display\/#breadcrumb\"},\"inLanguage\":\"es\",\"potentialAction\":[{\"@type\":\"ReadAction\",\"target\":[\"https:\/\/frivape.com\/product\/bang-king-tornado-40000-puffs-disposable-vape-led-display\/\"]}]},{\"@type\":\"ImageObject\",\"inLanguage\":\"es\",\"@id\":\"https:\/\/frivape.com\/product\/bang-king-tornado-40000-puffs-disposable-vape-led-display\/#primaryimage\",\"url\":\"https:\/\/frivape.com\/wp-content\/uploads\/2026\/04\/vape-maison-bang-king-tornado-40000-puffs-watermelon-800x800-1.webp\",\"contentUrl\":\"https:\/\/frivape.com\/wp-content\/uploads\/2026\/04\/vape-maison-bang-king-tornado-40000-puffs-watermelon-800x800-1.webp\",\"width\":800,\"height\":800},{\"@type\":\"BreadcrumbList\",\"@id\":\"https:\/\/frivape.com\/product\/bang-king-tornado-40000-puffs-disposable-vape-led-display\/#breadcrumb\",\"itemListElement\":[{\"@type\":\"ListItem\",\"position\":1,\"name\":\"\u9996\u9875\",\"item\":\"https:\/\/frivape.com\/\"},{\"@type\":\"ListItem\",\"position\":2,\"name\":\"Shop\",\"item\":\"https:\/\/frivape.com\/shop\/\"},{\"@type\":\"ListItem\",\"position\":3,\"name\":\"Bang King Tornado 40000 Puffs Disposable Vape | Smart LED Display &amp; Adjustable Airflow\"}]},{\"@type\":\"WebSite\",\"@id\":\"https:\/\/frivape.com\/#website\",\"url\":\"https:\/\/frivape.com\/\",\"name\":\"frivape | Online Vape Store - Best Vapes, Mods &amp; Disposable Kits\",\"description\":\"Shop frivape, your premier online vape shop for authentic mods, disposable vapes, and premium e-liquids. Direct from Shenzhen with fast Europe local shipping. High quality at wholesale prices.\",\"publisher\":{\"@id\":\"https:\/\/frivape.com\/#organization\"},\"potentialAction\":[{\"@type\":\"SearchAction\",\"target\":{\"@type\":\"EntryPoint\",\"urlTemplate\":\"https:\/\/frivape.com\/?s={search_term_string}\"},\"query-input\":{\"@type\":\"PropertyValueSpecification\",\"valueRequired\":true,\"valueName\":\"search_term_string\"}}],\"inLanguage\":\"es\"},{\"@type\":\"Organization\",\"@id\":\"https:\/\/frivape.com\/#organization\",\"name\":\"frivape | Online Vape Store - Best Vapes, Mods &amp; Disposable Kits\",\"url\":\"https:\/\/frivape.com\/\",\"logo\":{\"@type\":\"ImageObject\",\"inLanguage\":\"es\",\"@id\":\"https:\/\/frivape.com\/#\/schema\/logo\/image\/\",\"url\":\"https:\/\/frivape.com\/wp-content\/uploads\/2026\/03\/cropped-frivape-site-title-icon.png\",\"contentUrl\":\"https:\/\/frivape.com\/wp-content\/uploads\/2026\/03\/cropped-frivape-site-title-icon.png\",\"width\":470,\"height\":110,\"caption\":\"frivape | Online Vape Store - Best Vapes, Mods &amp; Disposable Kits\"},\"image\":{\"@id\":\"https:\/\/frivape.com\/#\/schema\/logo\/image\/\"}}]}<\/script>\n<!-- \/ Yoast SEO plugin. -->","yoast_head_json":{"title":"Bang King Tornado 40000 Puffs Vape Desechable - Pantalla LED 40k Vape","description":"Compre el Bang King Tornado 40000 Puffs. Cuenta con 35mL de e-l\u00edquido, bater\u00eda recargable de 1000mAh, bobina de malla de 1.0\u03a9 y pantalla LED inteligente. Disponible en nicotina 0%-5%. \u00a1Env\u00edo r\u00e1pido a la UE!","robots":{"index":"noindex","follow":"follow","max-snippet":"max-snippet:-1","max-image-preview":"max-image-preview:large","max-video-preview":"max-video-preview:-1"},"og_locale":"es_ES","og_type":"article","og_title":"Bang King Tornado 40000 Puffs Disposable Vape - LED Display 40k Vape","og_description":"Buy the Bang King Tornado 40000 Puffs. Features 35mL e-liquid, 1000mAh rechargeable battery, 1.0\u03a9 mesh coil, and smart LED display. Available in 0%-5% nicotine. Fast EU shipping!","og_url":"https:\/\/frivape.com\/es\/product\/bang-king-tornado-40000-puffs-vape-desechable-pantalla-led\/","og_site_name":"frivape | Online Vape Store - Best Vapes, Mods &amp; Disposable Kits","article_modified_time":"2026-04-09T03:21:05+00:00","og_image":[{"width":800,"height":800,"url":"https:\/\/frivape.com\/wp-content\/uploads\/2026\/04\/vape-maison-bang-king-tornado-40000-puffs-watermelon-800x800-1.webp","type":"image\/webp"}],"twitter_card":"summary_large_image","twitter_misc":{"Tiempo de lectura":"3 minutos"},"schema":{"@context":"https:\/\/schema.org","@graph":[{"@type":"WebPage","@id":"https:\/\/frivape.com\/product\/bang-king-tornado-40000-puffs-disposable-vape-led-display\/","url":"https:\/\/frivape.com\/product\/bang-king-tornado-40000-puffs-disposable-vape-led-display\/","name":"Bang King Tornado 40000 Puffs Vape Desechable - Pantalla LED 40k Vape","isPartOf":{"@id":"https:\/\/frivape.com\/#website"},"primaryImageOfPage":{"@id":"https:\/\/frivape.com\/product\/bang-king-tornado-40000-puffs-disposable-vape-led-display\/#primaryimage"},"image":{"@id":"https:\/\/frivape.com\/product\/bang-king-tornado-40000-puffs-disposable-vape-led-display\/#primaryimage"},"thumbnailUrl":"https:\/\/frivape.com\/wp-content\/uploads\/2026\/04\/vape-maison-bang-king-tornado-40000-puffs-watermelon-800x800-1.webp","datePublished":"2026-04-06T06:44:27+00:00","dateModified":"2026-04-09T03:21:05+00:00","description":"Compre el Bang King Tornado 40000 Puffs. Cuenta con 35mL de e-l\u00edquido, bater\u00eda recargable de 1000mAh, bobina de malla de 1.0\u03a9 y pantalla LED inteligente. Disponible en nicotina 0%-5%. \u00a1Env\u00edo r\u00e1pido a la UE!","breadcrumb":{"@id":"https:\/\/frivape.com\/product\/bang-king-tornado-40000-puffs-disposable-vape-led-display\/#breadcrumb"},"inLanguage":"es","potentialAction":[{"@type":"ReadAction","target":["https:\/\/frivape.com\/product\/bang-king-tornado-40000-puffs-disposable-vape-led-display\/"]}]},{"@type":"ImageObject","inLanguage":"es","@id":"https:\/\/frivape.com\/product\/bang-king-tornado-40000-puffs-disposable-vape-led-display\/#primaryimage","url":"https:\/\/frivape.com\/wp-content\/uploads\/2026\/04\/vape-maison-bang-king-tornado-40000-puffs-watermelon-800x800-1.webp","contentUrl":"https:\/\/frivape.com\/wp-content\/uploads\/2026\/04\/vape-maison-bang-king-tornado-40000-puffs-watermelon-800x800-1.webp","width":800,"height":800},{"@type":"BreadcrumbList","@id":"https:\/\/frivape.com\/product\/bang-king-tornado-40000-puffs-disposable-vape-led-display\/#breadcrumb","itemListElement":[{"@type":"ListItem","position":1,"name":"\u9996\u9875","item":"https:\/\/frivape.com\/"},{"@type":"ListItem","position":2,"name":"Shop","item":"https:\/\/frivape.com\/shop\/"},{"@type":"ListItem","position":3,"name":"Bang King Tornado 40000 Puffs Disposable Vape | Smart LED Display &amp; Adjustable Airflow"}]},{"@type":"WebSite","@id":"https:\/\/frivape.com\/#website","url":"https:\/\/frivape.com\/","name":"frivape | Online Vape Store - Los mejores Vapes, Mods y Kits desechables","description":"Tienda frivape, su principal tienda de vape en l\u00ednea para mods aut\u00e9nticos, vapes desechables, y e-l\u00edquidos premium. Directo desde Shenzhen con env\u00edo local r\u00e1pido a Europa. Alta calidad a precios de mayorista.","publisher":{"@id":"https:\/\/frivape.com\/#organization"},"potentialAction":[{"@type":"SearchAction","target":{"@type":"EntryPoint","urlTemplate":"https:\/\/frivape.com\/?s={search_term_string}"},"query-input":{"@type":"PropertyValueSpecification","valueRequired":true,"valueName":"search_term_string"}}],"inLanguage":"es"},{"@type":"Organization","@id":"https:\/\/frivape.com\/#organization","name":"frivape | Online Vape Store - Los mejores Vapes, Mods y Kits desechables","url":"https:\/\/frivape.com\/","logo":{"@type":"ImageObject","inLanguage":"es","@id":"https:\/\/frivape.com\/#\/schema\/logo\/image\/","url":"https:\/\/frivape.com\/wp-content\/uploads\/2026\/03\/cropped-frivape-site-title-icon.png","contentUrl":"https:\/\/frivape.com\/wp-content\/uploads\/2026\/03\/cropped-frivape-site-title-icon.png","width":470,"height":110,"caption":"frivape | Online Vape Store - Best Vapes, Mods &amp; Disposable Kits"},"image":{"@id":"https:\/\/frivape.com\/#\/schema\/logo\/image\/"}}]}},"tiered_pricing_type":"fixed","tiered_pricing_fixed_rules":{"10":9.48,"50":8.88,"100":8.28,"200":7.68},"tiered_pricing_product_settings":{"layout":"blocks","base_unit_name":{"singular":null,"plural":null},"default_variation":{}},"tiered_pricing_minimum_quantity":null,"tiered_pricing_roles_data":[],"tiered_pricing_percentage_rules":[],"_links":{"self":[{"href":"https:\/\/frivape.com\/es\/wp-json\/wp\/v2\/product\/8049","targetHints":{"allow":["GET"]}}],"collection":[{"href":"https:\/\/frivape.com\/es\/wp-json\/wp\/v2\/product"}],"about":[{"href":"https:\/\/frivape.com\/es\/wp-json\/wp\/v2\/types\/product"}],"replies":[{"embeddable":true,"href":"https:\/\/frivape.com\/es\/wp-json\/wp\/v2\/comments?post=8049"}],"wp:featuredmedia":[{"embeddable":true,"href":"https:\/\/frivape.com\/es\/wp-json\/wp\/v2\/media\/8055"}],"wp:attachment":[{"href":"https:\/\/frivape.com\/es\/wp-json\/wp\/v2\/media?parent=8049"}],"wp:term":[{"taxonomy":"product_brand","embeddable":true,"href":"https:\/\/frivape.com\/es\/wp-json\/wp\/v2\/product_brand?post=8049"},{"taxonomy":"product_cat","embeddable":true,"href":"https:\/\/frivape.com\/es\/wp-json\/wp\/v2\/product_cat?post=8049"},{"taxonomy":"product_tag","embeddable":true,"href":"https:\/\/frivape.com\/es\/wp-json\/wp\/v2\/product_tag?post=8049"}],"curies":[{"name":"wp","href":"https:\/\/api.w.org\/{rel}","templated":true}]}}