{"id":8234,"date":"2026-04-09T01:00:26","date_gmt":"2026-04-08T17:00:26","guid":{"rendered":"https:\/\/frivape.com\/?post_type=product&#038;p=8234"},"modified":"2026-04-09T11:08:24","modified_gmt":"2026-04-09T03:08:24","slug":"bang-20000-caladas-vape-desechable-pantalla-led-recargable","status":"publish","type":"product","link":"https:\/\/frivape.com\/es\/product\/bang-20000-caladas-vape-desechable-pantalla-led-recargable\/","title":{"rendered":"Bang 20000 Puffs Vape Desechable | Pantalla LED Inteligente &amp; 0.8\u03a9 Mesh Coil"},"content":{"rendered":"<h2 class=\"wp-block-heading has-text-align-center\"><strong>Ingenier\u00eda de precisi\u00f3n y gran capacidad: Bang 20000 Puffs<\/strong><\/h2>\n\n\n\n<p>En <strong>Bang 20000 Puffs Pantalla LED Vape desechable<\/strong> est\u00e1 dise\u00f1ado para los vapeadores que dan prioridad tanto a la longevidad como al control en tiempo real. Este dispositivo \u201cSmart Edition\u201d elimina las conjeturas, lo que le permite controlar sus niveles mientras disfruta del sabor robusto producido por su sistema de calefacci\u00f3n de malla de vanguardia.<\/p>\n\n\n\n<h3 class=\"wp-block-heading\"><strong>Aspectos t\u00e9cnicos avanzados<\/strong><\/h3>\n\n\n\n<ul class=\"wp-block-list\">\n<li><strong>Inteligencia digital:<\/strong> El sistema integrado <strong>Pantalla digital LED<\/strong> proporciona informaci\u00f3n instant\u00e1nea sobre la duraci\u00f3n de la bater\u00eda y el consumo de e-l\u00edquido. No vuelva a preocuparse por un golpe seco inesperado o una bater\u00eda agotada.<\/li>\n\n\n\n<li><strong>Bobina de malla Flavor-First de 0,8\u03a9:<\/strong> Espec\u00edficamente ajustada para el dep\u00f3sito de 25mL, la bobina de malla de 0,8-ohm aumenta la superficie de calentamiento, dando como resultado nubes m\u00e1s densas y un perfil de sabor m\u00e1s intenso en comparaci\u00f3n con las bobinas tradicionales.<\/li>\n\n\n\n<li><strong>Rendimiento 20k ampliado:<\/strong> Con una asombrosa capacidad de 20.000 caladas, este dispositivo est\u00e1 fabricado para durar m\u00e1s que la competencia, lo que lo convierte en una opci\u00f3n rentable y fiable para el uso diario.<\/li>\n\n\n\n<li><strong>Poder de recuperaci\u00f3n r\u00e1pida:<\/strong> En <strong>Bater\u00eda de 650 mAh<\/strong> est\u00e1 optimizado para ser eficiente y se combina con un <strong>Puerto de carga Tipo-C<\/strong> para que pase m\u00e1s tiempo vapeando y menos esperando.<\/li>\n<\/ul>\n\n\n\n<h3 class=\"wp-block-heading\"><strong>Amplia selecci\u00f3n de sabores<\/strong><\/h3>\n\n\n\n<p>Del\u00e9itese con una amplia gama de m\u00e1s de 13 sabores de primera calidad:<\/p>\n\n\n\n<ol start=\"1\" class=\"wp-block-list\">\n<li><strong>Menta:<\/strong> Un chorro fresco y refrescante de mentol puro.<\/li>\n\n\n\n<li><strong>Lichi de fresa:<\/strong> Dulces fresas combinadas con ex\u00f3tico lichi.<\/li>\n\n\n\n<li><strong>Fresa Kiwi:<\/strong> Un cl\u00e1sico d\u00fao tropical \u00e1cido y dulce.<\/li>\n\n\n\n<li><strong>Red Bull:<\/strong> Un vape energizante y burbujeante inspirado en las bebidas.<\/li>\n\n\n\n<li><strong>Mezcla de frutas:<\/strong> Una exuberante mezcla de las frutas favoritas de todo el mundo.<\/li>\n\n\n\n<li><strong>Hielo de ar\u00e1ndano:<\/strong> Ar\u00e1ndanos maduros con un final helado.<\/li>\n\n\n\n<li><strong>Ar\u00e1ndano Frambuesa:<\/strong> Una explosi\u00f3n de bayas \u00e1cidas y dulces.<\/li>\n\n\n\n<li><strong>Sand\u00eda con ar\u00e1ndanos:<\/strong> El refrescante mel\u00f3n se encuentra con profundas notas de bayas.<\/li>\n\n\n\n<li><strong>Sand\u00eda:<\/strong> Sencillo, jugoso y que quita la sed.<\/li>\n\n\n\n<li><strong>Sand\u00eda con frambuesa:<\/strong> Un toque picante a la cl\u00e1sica sand\u00eda.<\/li>\n\n\n\n<li><strong>Fresa y mango:<\/strong> Mango tropical cremoso con fresa dulce.<\/li>\n\n\n\n<li><strong>Doble manzana:<\/strong> Una crujiente mezcla de manzanas rojas y verdes.<\/li>\n\n\n\n<li><strong>Mango Melocot\u00f3n Sand\u00eda:<\/strong> Lo \u00faltimo en fusi\u00f3n de frutas de verano.<\/li>\n<\/ol>\n\n\n\n<h3 class=\"wp-block-heading\"><strong>Preguntas m\u00e1s frecuentes (FAQ)<\/strong><\/h3>\n\n\n\n<ul class=\"wp-block-list\">\n<li><strong>Qu\u00e9 hace que la bobina de malla de 0,8\u03a9 sea mejor?<\/strong> Proporciona un calentamiento m\u00e1s r\u00e1pido y m\u00e1s flujo de aire, lo que realza el sabor del e-l\u00edquido y crea un golpe de garganta m\u00e1s suave.<\/li>\n\n\n\n<li><strong>\u00bfC\u00f3mo s\u00e9 si el dispositivo est\u00e1 vac\u00edo?<\/strong> La pantalla LED mostrar\u00e1 c\u00f3mo disminuye el nivel de e-l\u00edquido. Cuando el nivel de zumo llegue a cero en la pantalla, el dispositivo habr\u00e1 alcanzado su capacidad.<\/li>\n\n\n\n<li><strong>\u00bfEst\u00e1 incluido el cable de carga?<\/strong> Normalmente, los cables Type-C no se incluyen en los paquetes individuales para minimizar los residuos medioambientales, pero cualquier cable Type-C est\u00e1ndar funcionar\u00e1.<\/li>\n\n\n\n<li><strong>\u00bfCu\u00e1nto duran 20.000 caladas?<\/strong> Para un vapeador medio, este dispositivo puede durar entre 15 y 25 d\u00edas, dependiendo de los h\u00e1bitos de uso.<\/li>\n<\/ul>\n\n\n\n<hr class=\"wp-block-separator has-alpha-channel-opacity\"\/>\n\n\n\n<p><strong>ADVERTENCIA:<\/strong> Este producto contiene nicotina. La nicotina es una sustancia qu\u00edmica adictiva.<\/p>\n\n\n\n<p><strong>Restricci\u00f3n de edad:<\/strong> Debe ser mayor de 18 a\u00f1os (o la edad legal para fumar en su regi\u00f3n) para comprar y utilizar este producto. Mant\u00e9ngase fuera del alcance de los ni\u00f1os y los animales dom\u00e9sticos.<\/p>","protected":false},"excerpt":{"rendered":"<p data-path-to-node=\"7\">En <b data-path-to-node=\"7\" data-index-in-node=\"4\">Bang 20000<\/b> es la combinaci\u00f3n perfecta de rendimiento de alta capacidad y tecnolog\u00eda moderna.<\/p>\n<ul data-path-to-node=\"8\">\n<li>\n<p data-path-to-node=\"8,0,0\"><b data-path-to-node=\"8,0,0\" data-index-in-node=\"0\">Conteo de Puff:<\/b> Hasta 20.000 bocanadas<\/p>\n<\/li>\n<li>\n<p data-path-to-node=\"8,1,0\"><b data-path-to-node=\"8,1,0\" data-index-in-node=\"0\">Capacidad:<\/b> E-l\u00edquido precargado de 25mL<\/p>\n<\/li>\n<li>\n<p data-path-to-node=\"8,2,0\"><b data-path-to-node=\"8,2,0\" data-index-in-node=\"0\">Pantalla:<\/b> Pantalla LED en tiempo real (control de bater\u00eda y jugo)<\/p>\n<\/li>\n<li>\n<p data-path-to-node=\"8,3,0\"><b data-path-to-node=\"8,3,0\" data-index-in-node=\"0\">Bater\u00eda:<\/b> 650 mAh (recargable tipo C)<\/p>\n<\/li>\n<li>\n<p data-path-to-node=\"8,4,0\"><b data-path-to-node=\"8,4,0\" data-index-in-node=\"0\">Calefacci\u00f3n:<\/b> Bobina de malla avanzada de 0,8\u03a9 para un vapor intenso<\/p>\n<\/li>\n<li>\n<p data-path-to-node=\"8,5,0\"><b data-path-to-node=\"8,5,0\" data-index-in-node=\"0\">Dise\u00f1o:<\/b> Construcci\u00f3n elegante, port\u00e1til y respetuosa con el medio ambiente<\/p>\n<\/li>\n<\/ul>","protected":false},"featured_media":8237,"comment_status":"open","ping_status":"closed","template":"","meta":[],"product_brand":[61],"product_cat":[96,87,95,83],"product_tag":[76,93,77,79],"class_list":{"0":"post-8234","1":"product","2":"type-product","3":"status-publish","4":"has-post-thumbnail","6":"product_brand-bang","7":"product_cat-dual-mesh-vapes","8":"product_cat-iced-fruit-vapes","9":"product_cat-mesh-coil-vapes","10":"product_cat-pro-puffs-vapes","11":"product_tag-mtl-vaping","12":"product_tag-rdl-vaping","13":"product_tag-recharge","14":"product_tag-smart-screen-display","16":"first","17":"instock","18":"sale","19":"shipping-taxable","20":"purchasable","21":"product-type-variable"},"yoast_head":"<!-- This site is optimized with the Yoast SEO plugin v27.1.1 - https:\/\/yoast.com\/product\/yoast-seo-wordpress\/ -->\n<title>Bang 20000 Puffs Disposable Vape - Smart LED Display &amp; Mesh Coil<\/title>\n<meta name=\"description\" content=\"Experience the Bang 20000 Puffs with a smart LED display. Features 25mL e-liquid, 0.8\u03a9 mesh coil, and 650mAh rechargeable battery. Fast shipping on all 20k vapes!\" \/>\n<meta name=\"robots\" content=\"noindex, follow, max-snippet:-1, max-image-preview:large, max-video-preview:-1\" \/>\n<meta property=\"og:locale\" content=\"es_ES\" \/>\n<meta property=\"og:type\" content=\"article\" \/>\n<meta property=\"og:title\" content=\"Bang 20000 Puffs Disposable Vape - Smart LED Display &amp; Mesh Coil\" \/>\n<meta property=\"og:description\" content=\"Experience the Bang 20000 Puffs with a smart LED display. Features 25mL e-liquid, 0.8\u03a9 mesh coil, and 650mAh rechargeable battery. Fast shipping on all 20k vapes!\" \/>\n<meta property=\"og:url\" content=\"https:\/\/frivape.com\/es\/product\/bang-20000-caladas-vape-desechable-pantalla-led-recargable\/\" \/>\n<meta property=\"og:site_name\" content=\"frivape | Online Vape Store - Best Vapes, Mods &amp; Disposable Kits\" \/>\n<meta property=\"article:modified_time\" content=\"2026-04-09T03:08:24+00:00\" \/>\n<meta property=\"og:image\" content=\"https:\/\/frivape.com\/wp-content\/uploads\/2026\/04\/vape-bang-20000-Puffs-00018.jpg.webp\" \/>\n\t<meta property=\"og:image:width\" content=\"1000\" \/>\n\t<meta property=\"og:image:height\" content=\"1000\" \/>\n\t<meta property=\"og:image:type\" content=\"image\/webp\" \/>\n<meta name=\"twitter:card\" content=\"summary_large_image\" \/>\n<meta name=\"twitter:label1\" content=\"Tiempo de lectura\" \/>\n\t<meta name=\"twitter:data1\" content=\"3 minutos\" \/>\n<script type=\"application\/ld+json\" class=\"yoast-schema-graph\">{\"@context\":\"https:\/\/schema.org\",\"@graph\":[{\"@type\":\"WebPage\",\"@id\":\"https:\/\/frivape.com\/product\/bang-20000-puffs-disposable-vape-led-display-rechargeable\/\",\"url\":\"https:\/\/frivape.com\/product\/bang-20000-puffs-disposable-vape-led-display-rechargeable\/\",\"name\":\"Bang 20000 Puffs Disposable Vape - Smart LED Display & Mesh Coil\",\"isPartOf\":{\"@id\":\"https:\/\/frivape.com\/#website\"},\"primaryImageOfPage\":{\"@id\":\"https:\/\/frivape.com\/product\/bang-20000-puffs-disposable-vape-led-display-rechargeable\/#primaryimage\"},\"image\":{\"@id\":\"https:\/\/frivape.com\/product\/bang-20000-puffs-disposable-vape-led-display-rechargeable\/#primaryimage\"},\"thumbnailUrl\":\"https:\/\/frivape.com\/wp-content\/uploads\/2026\/04\/vape-bang-20000-Puffs-00018.jpg.webp\",\"datePublished\":\"2026-04-08T17:00:26+00:00\",\"dateModified\":\"2026-04-09T03:08:24+00:00\",\"description\":\"Experience the Bang 20000 Puffs with a smart LED display. Features 25mL e-liquid, 0.8\u03a9 mesh coil, and 650mAh rechargeable battery. Fast shipping on all 20k vapes!\",\"breadcrumb\":{\"@id\":\"https:\/\/frivape.com\/product\/bang-20000-puffs-disposable-vape-led-display-rechargeable\/#breadcrumb\"},\"inLanguage\":\"es\",\"potentialAction\":[{\"@type\":\"ReadAction\",\"target\":[\"https:\/\/frivape.com\/product\/bang-20000-puffs-disposable-vape-led-display-rechargeable\/\"]}]},{\"@type\":\"ImageObject\",\"inLanguage\":\"es\",\"@id\":\"https:\/\/frivape.com\/product\/bang-20000-puffs-disposable-vape-led-display-rechargeable\/#primaryimage\",\"url\":\"https:\/\/frivape.com\/wp-content\/uploads\/2026\/04\/vape-bang-20000-Puffs-00018.jpg.webp\",\"contentUrl\":\"https:\/\/frivape.com\/wp-content\/uploads\/2026\/04\/vape-bang-20000-Puffs-00018.jpg.webp\",\"width\":1000,\"height\":1000},{\"@type\":\"BreadcrumbList\",\"@id\":\"https:\/\/frivape.com\/product\/bang-20000-puffs-disposable-vape-led-display-rechargeable\/#breadcrumb\",\"itemListElement\":[{\"@type\":\"ListItem\",\"position\":1,\"name\":\"\u9996\u9875\",\"item\":\"https:\/\/frivape.com\/\"},{\"@type\":\"ListItem\",\"position\":2,\"name\":\"Shop\",\"item\":\"https:\/\/frivape.com\/shop\/\"},{\"@type\":\"ListItem\",\"position\":3,\"name\":\"Bang 20000 Puffs Disposable Vape | Smart LED Display &amp; 0.8\u03a9 Mesh Coil\"}]},{\"@type\":\"WebSite\",\"@id\":\"https:\/\/frivape.com\/#website\",\"url\":\"https:\/\/frivape.com\/\",\"name\":\"frivape | Online Vape Store - Best Vapes, Mods &amp; Disposable Kits\",\"description\":\"Shop frivape, your premier online vape shop for authentic mods, disposable vapes, and premium e-liquids. Direct from Shenzhen with fast Europe local shipping. High quality at wholesale prices.\",\"publisher\":{\"@id\":\"https:\/\/frivape.com\/#organization\"},\"potentialAction\":[{\"@type\":\"SearchAction\",\"target\":{\"@type\":\"EntryPoint\",\"urlTemplate\":\"https:\/\/frivape.com\/?s={search_term_string}\"},\"query-input\":{\"@type\":\"PropertyValueSpecification\",\"valueRequired\":true,\"valueName\":\"search_term_string\"}}],\"inLanguage\":\"es\"},{\"@type\":\"Organization\",\"@id\":\"https:\/\/frivape.com\/#organization\",\"name\":\"frivape | Online Vape Store - Best Vapes, Mods &amp; Disposable Kits\",\"url\":\"https:\/\/frivape.com\/\",\"logo\":{\"@type\":\"ImageObject\",\"inLanguage\":\"es\",\"@id\":\"https:\/\/frivape.com\/#\/schema\/logo\/image\/\",\"url\":\"https:\/\/frivape.com\/wp-content\/uploads\/2026\/03\/cropped-frivape-site-title-icon.png\",\"contentUrl\":\"https:\/\/frivape.com\/wp-content\/uploads\/2026\/03\/cropped-frivape-site-title-icon.png\",\"width\":470,\"height\":110,\"caption\":\"frivape | Online Vape Store - Best Vapes, Mods &amp; Disposable Kits\"},\"image\":{\"@id\":\"https:\/\/frivape.com\/#\/schema\/logo\/image\/\"}}]}<\/script>\n<!-- \/ Yoast SEO plugin. -->","yoast_head_json":{"title":"Bang 20000 Puffs Vape desechable - Pantalla LED inteligente y bobina de malla","description":"Experimenta el Bang 20000 Puffs con una pantalla LED inteligente. Cuenta con 25mL e-l\u00edquido, 0.8\u03a9 bobina de malla, y 650mAh bater\u00eda recargable. \u00a1Env\u00edo r\u00e1pido en todos los 20k vapes!","robots":{"index":"noindex","follow":"follow","max-snippet":"max-snippet:-1","max-image-preview":"max-image-preview:large","max-video-preview":"max-video-preview:-1"},"og_locale":"es_ES","og_type":"article","og_title":"Bang 20000 Puffs Disposable Vape - Smart LED Display & Mesh Coil","og_description":"Experience the Bang 20000 Puffs with a smart LED display. Features 25mL e-liquid, 0.8\u03a9 mesh coil, and 650mAh rechargeable battery. Fast shipping on all 20k vapes!","og_url":"https:\/\/frivape.com\/es\/product\/bang-20000-caladas-vape-desechable-pantalla-led-recargable\/","og_site_name":"frivape | Online Vape Store - Best Vapes, Mods &amp; Disposable Kits","article_modified_time":"2026-04-09T03:08:24+00:00","og_image":[{"width":1000,"height":1000,"url":"https:\/\/frivape.com\/wp-content\/uploads\/2026\/04\/vape-bang-20000-Puffs-00018.jpg.webp","type":"image\/webp"}],"twitter_card":"summary_large_image","twitter_misc":{"Tiempo de lectura":"3 minutos"},"schema":{"@context":"https:\/\/schema.org","@graph":[{"@type":"WebPage","@id":"https:\/\/frivape.com\/product\/bang-20000-puffs-disposable-vape-led-display-rechargeable\/","url":"https:\/\/frivape.com\/product\/bang-20000-puffs-disposable-vape-led-display-rechargeable\/","name":"Bang 20000 Puffs Vape desechable - Pantalla LED inteligente y bobina de malla","isPartOf":{"@id":"https:\/\/frivape.com\/#website"},"primaryImageOfPage":{"@id":"https:\/\/frivape.com\/product\/bang-20000-puffs-disposable-vape-led-display-rechargeable\/#primaryimage"},"image":{"@id":"https:\/\/frivape.com\/product\/bang-20000-puffs-disposable-vape-led-display-rechargeable\/#primaryimage"},"thumbnailUrl":"https:\/\/frivape.com\/wp-content\/uploads\/2026\/04\/vape-bang-20000-Puffs-00018.jpg.webp","datePublished":"2026-04-08T17:00:26+00:00","dateModified":"2026-04-09T03:08:24+00:00","description":"Experimenta el Bang 20000 Puffs con una pantalla LED inteligente. Cuenta con 25mL e-l\u00edquido, 0.8\u03a9 bobina de malla, y 650mAh bater\u00eda recargable. \u00a1Env\u00edo r\u00e1pido en todos los 20k vapes!","breadcrumb":{"@id":"https:\/\/frivape.com\/product\/bang-20000-puffs-disposable-vape-led-display-rechargeable\/#breadcrumb"},"inLanguage":"es","potentialAction":[{"@type":"ReadAction","target":["https:\/\/frivape.com\/product\/bang-20000-puffs-disposable-vape-led-display-rechargeable\/"]}]},{"@type":"ImageObject","inLanguage":"es","@id":"https:\/\/frivape.com\/product\/bang-20000-puffs-disposable-vape-led-display-rechargeable\/#primaryimage","url":"https:\/\/frivape.com\/wp-content\/uploads\/2026\/04\/vape-bang-20000-Puffs-00018.jpg.webp","contentUrl":"https:\/\/frivape.com\/wp-content\/uploads\/2026\/04\/vape-bang-20000-Puffs-00018.jpg.webp","width":1000,"height":1000},{"@type":"BreadcrumbList","@id":"https:\/\/frivape.com\/product\/bang-20000-puffs-disposable-vape-led-display-rechargeable\/#breadcrumb","itemListElement":[{"@type":"ListItem","position":1,"name":"\u9996\u9875","item":"https:\/\/frivape.com\/"},{"@type":"ListItem","position":2,"name":"Shop","item":"https:\/\/frivape.com\/shop\/"},{"@type":"ListItem","position":3,"name":"Bang 20000 Puffs Disposable Vape | Smart LED Display &amp; 0.8\u03a9 Mesh Coil"}]},{"@type":"WebSite","@id":"https:\/\/frivape.com\/#website","url":"https:\/\/frivape.com\/","name":"frivape | Online Vape Store - Los mejores Vapes, Mods y Kits desechables","description":"Tienda frivape, su principal tienda de vape en l\u00ednea para mods aut\u00e9nticos, vapes desechables, y e-l\u00edquidos premium. Directo desde Shenzhen con env\u00edo local r\u00e1pido a Europa. Alta calidad a precios de mayorista.","publisher":{"@id":"https:\/\/frivape.com\/#organization"},"potentialAction":[{"@type":"SearchAction","target":{"@type":"EntryPoint","urlTemplate":"https:\/\/frivape.com\/?s={search_term_string}"},"query-input":{"@type":"PropertyValueSpecification","valueRequired":true,"valueName":"search_term_string"}}],"inLanguage":"es"},{"@type":"Organization","@id":"https:\/\/frivape.com\/#organization","name":"frivape | Online Vape Store - Los mejores Vapes, Mods y Kits desechables","url":"https:\/\/frivape.com\/","logo":{"@type":"ImageObject","inLanguage":"es","@id":"https:\/\/frivape.com\/#\/schema\/logo\/image\/","url":"https:\/\/frivape.com\/wp-content\/uploads\/2026\/03\/cropped-frivape-site-title-icon.png","contentUrl":"https:\/\/frivape.com\/wp-content\/uploads\/2026\/03\/cropped-frivape-site-title-icon.png","width":470,"height":110,"caption":"frivape | Online Vape Store - Best Vapes, Mods &amp; Disposable Kits"},"image":{"@id":"https:\/\/frivape.com\/#\/schema\/logo\/image\/"}}]}},"tiered_pricing_type":"fixed","tiered_pricing_fixed_rules":{"10":9.88,"50":8.88,"100":7.88,"200":6.99},"tiered_pricing_product_settings":{"layout":"default","base_unit_name":{"singular":null,"plural":null},"default_variation":{}},"tiered_pricing_minimum_quantity":null,"tiered_pricing_roles_data":[],"tiered_pricing_percentage_rules":[],"_links":{"self":[{"href":"https:\/\/frivape.com\/es\/wp-json\/wp\/v2\/product\/8234","targetHints":{"allow":["GET"]}}],"collection":[{"href":"https:\/\/frivape.com\/es\/wp-json\/wp\/v2\/product"}],"about":[{"href":"https:\/\/frivape.com\/es\/wp-json\/wp\/v2\/types\/product"}],"replies":[{"embeddable":true,"href":"https:\/\/frivape.com\/es\/wp-json\/wp\/v2\/comments?post=8234"}],"wp:featuredmedia":[{"embeddable":true,"href":"https:\/\/frivape.com\/es\/wp-json\/wp\/v2\/media\/8237"}],"wp:attachment":[{"href":"https:\/\/frivape.com\/es\/wp-json\/wp\/v2\/media?parent=8234"}],"wp:term":[{"taxonomy":"product_brand","embeddable":true,"href":"https:\/\/frivape.com\/es\/wp-json\/wp\/v2\/product_brand?post=8234"},{"taxonomy":"product_cat","embeddable":true,"href":"https:\/\/frivape.com\/es\/wp-json\/wp\/v2\/product_cat?post=8234"},{"taxonomy":"product_tag","embeddable":true,"href":"https:\/\/frivape.com\/es\/wp-json\/wp\/v2\/product_tag?post=8234"}],"curies":[{"name":"wp","href":"https:\/\/api.w.org\/{rel}","templated":true}]}}