{"id":8299,"date":"2026-04-09T11:49:24","date_gmt":"2026-04-09T03:49:24","guid":{"rendered":"https:\/\/frivape.com\/?post_type=product&#038;p=8299"},"modified":"2026-04-09T12:02:57","modified_gmt":"2026-04-09T04:02:57","slug":"bang-25000-puffs-vape-desechable-smart-led-display","status":"publish","type":"product","link":"https:\/\/frivape.com\/es\/product\/bang-25000-puffs-vape-desechable-smart-led-display\/","title":{"rendered":"Bang 25000 Puffs Vape desechable | Pantalla LED inteligente y 1.0\u03a9 Mesh Coil Pod"},"content":{"rendered":"<h2 class=\"wp-block-heading has-text-align-center\"><strong>Experimenta \u201cPotencia y Sabor\u201d con Bang 25000 Puffs<\/strong><\/h2>\n\n\n\n<p>Como sensaci\u00f3n mundial en la industria del vaping, <strong>Bang<\/strong> contin\u00faa su misi\u00f3n de ofrecer tecnolog\u00eda que marque tendencia. El sitio <strong>Bang 25000 Puffs (Edici\u00f3n 25k)<\/strong> no es s\u00f3lo un vapeador; es un cigarrillo electr\u00f3nico de alto rendimiento dise\u00f1ado para sustituir el tabaquismo tradicional por una alternativa m\u00e1s satisfactoria y avanzada tecnol\u00f3gicamente. Utilizando la firma <strong>Tecnolog\u00eda Mesh Coil<\/strong>, Este dispositivo garantiza que cada calada, desde la primera hasta la 25.000, est\u00e9 repleta de sabor intenso.<\/p>\n\n\n\n<h3 class=\"wp-block-heading\"><strong>Tecnolog\u00eda avanzada de vapeo<\/strong><\/h3>\n\n\n\n<ul class=\"wp-block-list\">\n<li><strong>Pantalla digital del salpicadero:<\/strong> Mant\u00e9ngase informado con el <strong>Pantalla LED inteligente<\/strong>. Proporciona una lectura digital clara de su porcentaje de bater\u00eda restante y los niveles de e-l\u00edquido, asegurando que nunca se sorprenda con la guardia baja por un golpe seco o un dispositivo muerto.<\/li>\n\n\n\n<li><strong>Capacidad inigualable de 30 ml:<\/strong> Con una enorme c\u00e1mara de e-l\u00edquido de 30mL, el Bang 25000 est\u00e1 dise\u00f1ado para durar. Es la mejor opci\u00f3n para los usuarios intensivos y aquellos que buscan un vaporizador desechable rentable y duradero.<\/li>\n\n\n\n<li><strong>Control de vapor personalizable:<\/strong> El sistema de flujo de aire ajustable te permite ajustar tu calada. Apri\u00e9telo para una <strong>MTL (boca a pulm\u00f3n)<\/strong> de cigarrillo, o \u00e1brelo para obtener una sensaci\u00f3n <strong>RDL (pulm\u00f3n directo restringido)<\/strong> experiencia de b\u00fasqueda de nubes.<\/li>\n\n\n\n<li><strong>Carga r\u00e1pida Tipo-C:<\/strong> Alimentada por una bater\u00eda recargable de 650 mAh, la Bang 25k admite carga r\u00e1pida, alcanzando la plena potencia en aproximadamente 20-30 minutos, lo que minimiza el tiempo de inactividad.<\/li>\n<\/ul>\n\n\n\n<h3 class=\"wp-block-heading\"><strong>La serie de los 12 sabores fuertes<\/strong><\/h3>\n\n\n\n<ol start=\"1\" class=\"wp-block-list\">\n<li><strong>Hielo de ar\u00e1ndano:<\/strong> Bayas agrias con un final mentolado escalofriante.<\/li>\n\n\n\n<li><strong>Fresa Kiwi:<\/strong> Una cl\u00e1sica fusi\u00f3n tropical dulce y \u00e1cida.<\/li>\n\n\n\n<li><strong>Sand\u00eda con fresas:<\/strong> Exuberantes bayas de verano y refrescante mel\u00f3n.<\/li>\n\n\n\n<li><strong>Frutas variadas:<\/strong> Una vibrante explosi\u00f3n de diversos perfiles frutales.<\/li>\n\n\n\n<li><strong>Menta con ar\u00e1ndanos:<\/strong> Profundas notas de ar\u00e1ndanos con una refrescante exhalaci\u00f3n mentolada.<\/li>\n\n\n\n<li><strong>Sangre de tigre:<\/strong> Una atrevida y ex\u00f3tica mezcla energ\u00e9tica de frutas.<\/li>\n\n\n\n<li><strong>Mango Melocot\u00f3n:<\/strong> Aterciopelado mango tropical combinado con jugosos melocotones.<\/li>\n\n\n\n<li><strong>Hielo de uva:<\/strong> Uvas maduras escarchadas.<\/li>\n\n\n\n<li><strong>Ar\u00e1ndano Frambuesa:<\/strong> Un sofisticado d\u00fao de bayas con un dulzor equilibrado.<\/li>\n\n\n\n<li><strong>Hielo de sand\u00eda:<\/strong> Refresco puro y helado.<\/li>\n\n\n\n<li><strong>Chicle de sand\u00eda:<\/strong> Una golosina dulce y nost\u00e1lgica.<\/li>\n\n\n\n<li><strong>Hielo de fresa:<\/strong> Fresas maduras y soleadas sobre hielo.<\/li>\n<\/ol>\n\n\n\n<h3 class=\"wp-block-heading\"><strong>Preguntas m\u00e1s frecuentes (FAQ)<\/strong><\/h3>\n\n\n\n<ul class=\"wp-block-list\">\n<li><strong>\u00bfEs la Bang 25000 adecuada para principiantes?<\/strong> Absolutamente. Se trata de un dispositivo que se activa con un tir\u00f3n, sin botones complicados, lo que lo hace perfecto tanto para vapeadores nuevos como experimentados.<\/li>\n\n\n\n<li><strong>\u00bfC\u00f3mo funciona la pantalla inteligente?<\/strong> La pantalla se activa autom\u00e1ticamente al inhalar, mostrando el porcentaje exacto de su bater\u00eda y el nivel de aceite restante en el dep\u00f3sito.<\/li>\n\n\n\n<li><strong>Cu\u00e1l es el beneficio de la bobina de malla 1.0\u03a9?<\/strong> La estructura de malla proporciona m\u00e1s superficie para calentar el e-l\u00edquido, lo que resulta en un golpe de garganta m\u00e1s suave y una reproducci\u00f3n del sabor mucho mejor en comparaci\u00f3n con las bobinas est\u00e1ndar.<\/li>\n\n\n\n<li><strong>\u00bfHay env\u00edos a todo el mundo?<\/strong> S\u00ed, ofrecemos un env\u00edo r\u00e1pido y fiable desde nuestro <strong>Almac\u00e9n de la UE<\/strong> y <strong>Shenzhen<\/strong> que garantizan el despacho de aduanas 100% y la entrega libre de impuestos en la mayor\u00eda de las regiones.<\/li>\n<\/ul>\n\n\n\n<hr class=\"wp-block-separator has-alpha-channel-opacity\"\/>\n\n\n\n<p><strong>ADVERTENCIA:<\/strong> Este producto contiene nicotina. La nicotina es una sustancia qu\u00edmica adictiva.<\/p>\n\n\n\n<p><strong>Restricci\u00f3n de edad:<\/strong> Debe ser mayor de 18 a\u00f1os (o la edad legal para fumar en su regi\u00f3n) para comprar y utilizar este producto. Mant\u00e9ngase fuera del alcance de los ni\u00f1os y los animales dom\u00e9sticos.<\/p>","protected":false},"excerpt":{"rendered":"<p data-path-to-node=\"7\">En <b data-path-to-node=\"7\" data-index-in-node=\"4\">Bang 25000<\/b> establece un nuevo punto de referencia para los vaporizadores desechables de larga duraci\u00f3n.<\/p>\n<ul data-path-to-node=\"8\">\n<li>\n<p data-path-to-node=\"8,0,0\"><b data-path-to-node=\"8,0,0\" data-index-in-node=\"0\">Conteo de Puff:<\/b> 25.000 puffs masivos para un uso prolongado.<\/p>\n<\/li>\n<li>\n<p data-path-to-node=\"8,1,0\"><b data-path-to-node=\"8,1,0\" data-index-in-node=\"0\">E-l\u00edquido:<\/b> Dep\u00f3sito precargado Premium de 30 ml.<\/p>\n<\/li>\n<li>\n<p data-path-to-node=\"8,2,0\"><b data-path-to-node=\"8,2,0\" data-index-in-node=\"0\">Tecnolog\u00eda inteligente:<\/b> Pantalla LED digital para controlar la bater\u00eda y el jugo en tiempo real.<\/p>\n<\/li>\n<li>\n<p data-path-to-node=\"8,3,0\"><b data-path-to-node=\"8,3,0\" data-index-in-node=\"0\">Bater\u00eda:<\/b> Bater\u00eda de alta densidad de 650 mAh (recargable tipo C).<\/p>\n<\/li>\n<li>\n<p data-path-to-node=\"8,4,0\"><b data-path-to-node=\"8,4,0\" data-index-in-node=\"0\">Calefacci\u00f3n de precisi\u00f3n:<\/b> Bobina de malla de 1,0\u03a9 para un vapor rico y consistente.<\/p>\n<\/li>\n<li>\n<p data-path-to-node=\"8,5,0\"><b data-path-to-node=\"8,5,0\" data-index-in-node=\"0\">Flujo de aire:<\/b> Conmutador de flujo de aire totalmente ajustable para estilos MTL y RDL.<\/p>\n<\/li>\n<\/ul>\n<p>&nbsp;<\/p>","protected":false},"featured_media":8300,"comment_status":"open","ping_status":"closed","template":"","meta":[],"product_brand":[61],"product_cat":[87,95,83],"product_tag":[75,76,93,77,79],"class_list":{"0":"post-8299","1":"product","2":"type-product","3":"status-publish","4":"has-post-thumbnail","6":"product_brand-bang","7":"product_cat-iced-fruit-vapes","8":"product_cat-mesh-coil-vapes","9":"product_cat-pro-puffs-vapes","10":"product_tag-eu-warehouse","11":"product_tag-mtl-vaping","12":"product_tag-rdl-vaping","13":"product_tag-recharge","14":"product_tag-smart-screen-display","16":"first","17":"instock","18":"sale","19":"shipping-taxable","20":"purchasable","21":"product-type-variable"},"yoast_head":"<!-- This site is optimized with the Yoast SEO plugin v27.1.1 - https:\/\/yoast.com\/product\/yoast-seo-wordpress\/ -->\n<title>Bang 25000 25k Puffs Disposable Vape - Smart LED Display &amp; Adjustable Airflow<\/title>\n<meta name=\"description\" content=\"Shop the Bang 25000 Puffs Disposable Vape. Features 30mL e-liquid, 650mAh battery, Smart LED screen, and adjustable airflow. Available in 0%-5% nicotine. Fast shipping!\" \/>\n<meta name=\"robots\" content=\"noindex, follow, max-snippet:-1, max-image-preview:large, max-video-preview:-1\" \/>\n<meta property=\"og:locale\" content=\"es_ES\" \/>\n<meta property=\"og:type\" content=\"article\" \/>\n<meta property=\"og:title\" content=\"Bang 25000 25k Puffs Disposable Vape - Smart LED Display &amp; Adjustable Airflow\" \/>\n<meta property=\"og:description\" content=\"Shop the Bang 25000 Puffs Disposable Vape. Features 30mL e-liquid, 650mAh battery, Smart LED screen, and adjustable airflow. Available in 0%-5% nicotine. Fast shipping!\" \/>\n<meta property=\"og:url\" content=\"https:\/\/frivape.com\/es\/product\/bang-25000-puffs-vape-desechable-smart-led-display\/\" \/>\n<meta property=\"og:site_name\" content=\"frivape | Online Vape Store - Best Vapes, Mods &amp; Disposable Kits\" \/>\n<meta property=\"article:modified_time\" content=\"2026-04-09T04:02:57+00:00\" \/>\n<meta property=\"og:image\" content=\"https:\/\/frivape.com\/wp-content\/uploads\/2026\/04\/bang-25000-puffs-tiger-blood-flavor.webp\" \/>\n\t<meta property=\"og:image:width\" content=\"1000\" \/>\n\t<meta property=\"og:image:height\" content=\"1000\" \/>\n\t<meta property=\"og:image:type\" content=\"image\/webp\" \/>\n<meta name=\"twitter:card\" content=\"summary_large_image\" \/>\n<meta name=\"twitter:label1\" content=\"Tiempo de lectura\" \/>\n\t<meta name=\"twitter:data1\" content=\"3 minutos\" \/>\n<script type=\"application\/ld+json\" class=\"yoast-schema-graph\">{\"@context\":\"https:\/\/schema.org\",\"@graph\":[{\"@type\":\"WebPage\",\"@id\":\"https:\/\/frivape.com\/product\/bang-25000-puffs-disposable-vape-smart-led-display\/\",\"url\":\"https:\/\/frivape.com\/product\/bang-25000-puffs-disposable-vape-smart-led-display\/\",\"name\":\"Bang 25000 25k Puffs Disposable Vape - Smart LED Display & Adjustable Airflow\",\"isPartOf\":{\"@id\":\"https:\/\/frivape.com\/#website\"},\"primaryImageOfPage\":{\"@id\":\"https:\/\/frivape.com\/product\/bang-25000-puffs-disposable-vape-smart-led-display\/#primaryimage\"},\"image\":{\"@id\":\"https:\/\/frivape.com\/product\/bang-25000-puffs-disposable-vape-smart-led-display\/#primaryimage\"},\"thumbnailUrl\":\"https:\/\/frivape.com\/wp-content\/uploads\/2026\/04\/bang-25000-puffs-tiger-blood-flavor.webp\",\"datePublished\":\"2026-04-09T03:49:24+00:00\",\"dateModified\":\"2026-04-09T04:02:57+00:00\",\"description\":\"Shop the Bang 25000 Puffs Disposable Vape. Features 30mL e-liquid, 650mAh battery, Smart LED screen, and adjustable airflow. Available in 0%-5% nicotine. Fast shipping!\",\"breadcrumb\":{\"@id\":\"https:\/\/frivape.com\/product\/bang-25000-puffs-disposable-vape-smart-led-display\/#breadcrumb\"},\"inLanguage\":\"es\",\"potentialAction\":[{\"@type\":\"ReadAction\",\"target\":[\"https:\/\/frivape.com\/product\/bang-25000-puffs-disposable-vape-smart-led-display\/\"]}]},{\"@type\":\"ImageObject\",\"inLanguage\":\"es\",\"@id\":\"https:\/\/frivape.com\/product\/bang-25000-puffs-disposable-vape-smart-led-display\/#primaryimage\",\"url\":\"https:\/\/frivape.com\/wp-content\/uploads\/2026\/04\/bang-25000-puffs-tiger-blood-flavor.webp\",\"contentUrl\":\"https:\/\/frivape.com\/wp-content\/uploads\/2026\/04\/bang-25000-puffs-tiger-blood-flavor.webp\",\"width\":1000,\"height\":1000},{\"@type\":\"BreadcrumbList\",\"@id\":\"https:\/\/frivape.com\/product\/bang-25000-puffs-disposable-vape-smart-led-display\/#breadcrumb\",\"itemListElement\":[{\"@type\":\"ListItem\",\"position\":1,\"name\":\"\u9996\u9875\",\"item\":\"https:\/\/frivape.com\/\"},{\"@type\":\"ListItem\",\"position\":2,\"name\":\"Shop\",\"item\":\"https:\/\/frivape.com\/shop\/\"},{\"@type\":\"ListItem\",\"position\":3,\"name\":\"Bang 25000 Puffs Disposable Vape | Smart LED Display &amp; 1.0\u03a9 Mesh Coil Pod\"}]},{\"@type\":\"WebSite\",\"@id\":\"https:\/\/frivape.com\/#website\",\"url\":\"https:\/\/frivape.com\/\",\"name\":\"frivape | Online Vape Store - Best Vapes, Mods &amp; Disposable Kits\",\"description\":\"Shop frivape, your premier online vape shop for authentic mods, disposable vapes, and premium e-liquids. Direct from Shenzhen with fast Europe local shipping. High quality at wholesale prices.\",\"publisher\":{\"@id\":\"https:\/\/frivape.com\/#organization\"},\"potentialAction\":[{\"@type\":\"SearchAction\",\"target\":{\"@type\":\"EntryPoint\",\"urlTemplate\":\"https:\/\/frivape.com\/?s={search_term_string}\"},\"query-input\":{\"@type\":\"PropertyValueSpecification\",\"valueRequired\":true,\"valueName\":\"search_term_string\"}}],\"inLanguage\":\"es\"},{\"@type\":\"Organization\",\"@id\":\"https:\/\/frivape.com\/#organization\",\"name\":\"frivape | Online Vape Store - Best Vapes, Mods &amp; Disposable Kits\",\"url\":\"https:\/\/frivape.com\/\",\"logo\":{\"@type\":\"ImageObject\",\"inLanguage\":\"es\",\"@id\":\"https:\/\/frivape.com\/#\/schema\/logo\/image\/\",\"url\":\"https:\/\/frivape.com\/wp-content\/uploads\/2026\/03\/cropped-frivape-site-title-icon.png\",\"contentUrl\":\"https:\/\/frivape.com\/wp-content\/uploads\/2026\/03\/cropped-frivape-site-title-icon.png\",\"width\":470,\"height\":110,\"caption\":\"frivape | Online Vape Store - Best Vapes, Mods &amp; Disposable Kits\"},\"image\":{\"@id\":\"https:\/\/frivape.com\/#\/schema\/logo\/image\/\"}}]}<\/script>\n<!-- \/ Yoast SEO plugin. -->","yoast_head_json":{"title":"Bang 25000 25k Puffs Vape desechable - Pantalla LED inteligente y flujo de aire ajustable","description":"Compra el Vapeador Desechable Bang 25000 Puffs. Con 30mL de e-l\u00edquido, bater\u00eda de 650mAh, pantalla LED inteligente y flujo de aire ajustable. Disponible en 0%-5% nicotina. \u00a1Env\u00edo r\u00e1pido!","robots":{"index":"noindex","follow":"follow","max-snippet":"max-snippet:-1","max-image-preview":"max-image-preview:large","max-video-preview":"max-video-preview:-1"},"og_locale":"es_ES","og_type":"article","og_title":"Bang 25000 25k Puffs Disposable Vape - Smart LED Display & Adjustable Airflow","og_description":"Shop the Bang 25000 Puffs Disposable Vape. Features 30mL e-liquid, 650mAh battery, Smart LED screen, and adjustable airflow. Available in 0%-5% nicotine. Fast shipping!","og_url":"https:\/\/frivape.com\/es\/product\/bang-25000-puffs-vape-desechable-smart-led-display\/","og_site_name":"frivape | Online Vape Store - Best Vapes, Mods &amp; Disposable Kits","article_modified_time":"2026-04-09T04:02:57+00:00","og_image":[{"width":1000,"height":1000,"url":"https:\/\/frivape.com\/wp-content\/uploads\/2026\/04\/bang-25000-puffs-tiger-blood-flavor.webp","type":"image\/webp"}],"twitter_card":"summary_large_image","twitter_misc":{"Tiempo de lectura":"3 minutos"},"schema":{"@context":"https:\/\/schema.org","@graph":[{"@type":"WebPage","@id":"https:\/\/frivape.com\/product\/bang-25000-puffs-disposable-vape-smart-led-display\/","url":"https:\/\/frivape.com\/product\/bang-25000-puffs-disposable-vape-smart-led-display\/","name":"Bang 25000 25k Puffs Vape desechable - Pantalla LED inteligente y flujo de aire ajustable","isPartOf":{"@id":"https:\/\/frivape.com\/#website"},"primaryImageOfPage":{"@id":"https:\/\/frivape.com\/product\/bang-25000-puffs-disposable-vape-smart-led-display\/#primaryimage"},"image":{"@id":"https:\/\/frivape.com\/product\/bang-25000-puffs-disposable-vape-smart-led-display\/#primaryimage"},"thumbnailUrl":"https:\/\/frivape.com\/wp-content\/uploads\/2026\/04\/bang-25000-puffs-tiger-blood-flavor.webp","datePublished":"2026-04-09T03:49:24+00:00","dateModified":"2026-04-09T04:02:57+00:00","description":"Compra el Vapeador Desechable Bang 25000 Puffs. Con 30mL de e-l\u00edquido, bater\u00eda de 650mAh, pantalla LED inteligente y flujo de aire ajustable. Disponible en 0%-5% nicotina. \u00a1Env\u00edo r\u00e1pido!","breadcrumb":{"@id":"https:\/\/frivape.com\/product\/bang-25000-puffs-disposable-vape-smart-led-display\/#breadcrumb"},"inLanguage":"es","potentialAction":[{"@type":"ReadAction","target":["https:\/\/frivape.com\/product\/bang-25000-puffs-disposable-vape-smart-led-display\/"]}]},{"@type":"ImageObject","inLanguage":"es","@id":"https:\/\/frivape.com\/product\/bang-25000-puffs-disposable-vape-smart-led-display\/#primaryimage","url":"https:\/\/frivape.com\/wp-content\/uploads\/2026\/04\/bang-25000-puffs-tiger-blood-flavor.webp","contentUrl":"https:\/\/frivape.com\/wp-content\/uploads\/2026\/04\/bang-25000-puffs-tiger-blood-flavor.webp","width":1000,"height":1000},{"@type":"BreadcrumbList","@id":"https:\/\/frivape.com\/product\/bang-25000-puffs-disposable-vape-smart-led-display\/#breadcrumb","itemListElement":[{"@type":"ListItem","position":1,"name":"\u9996\u9875","item":"https:\/\/frivape.com\/"},{"@type":"ListItem","position":2,"name":"Shop","item":"https:\/\/frivape.com\/shop\/"},{"@type":"ListItem","position":3,"name":"Bang 25000 Puffs Disposable Vape | Smart LED Display &amp; 1.0\u03a9 Mesh Coil Pod"}]},{"@type":"WebSite","@id":"https:\/\/frivape.com\/#website","url":"https:\/\/frivape.com\/","name":"frivape | Online Vape Store - Los mejores Vapes, Mods y Kits desechables","description":"Tienda frivape, su principal tienda de vape en l\u00ednea para mods aut\u00e9nticos, vapes desechables, y e-l\u00edquidos premium. Directo desde Shenzhen con env\u00edo local r\u00e1pido a Europa. Alta calidad a precios de mayorista.","publisher":{"@id":"https:\/\/frivape.com\/#organization"},"potentialAction":[{"@type":"SearchAction","target":{"@type":"EntryPoint","urlTemplate":"https:\/\/frivape.com\/?s={search_term_string}"},"query-input":{"@type":"PropertyValueSpecification","valueRequired":true,"valueName":"search_term_string"}}],"inLanguage":"es"},{"@type":"Organization","@id":"https:\/\/frivape.com\/#organization","name":"frivape | Online Vape Store - Los mejores Vapes, Mods y Kits desechables","url":"https:\/\/frivape.com\/","logo":{"@type":"ImageObject","inLanguage":"es","@id":"https:\/\/frivape.com\/#\/schema\/logo\/image\/","url":"https:\/\/frivape.com\/wp-content\/uploads\/2026\/03\/cropped-frivape-site-title-icon.png","contentUrl":"https:\/\/frivape.com\/wp-content\/uploads\/2026\/03\/cropped-frivape-site-title-icon.png","width":470,"height":110,"caption":"frivape | Online Vape Store - Best Vapes, Mods &amp; Disposable Kits"},"image":{"@id":"https:\/\/frivape.com\/#\/schema\/logo\/image\/"}}]}},"tiered_pricing_type":"fixed","tiered_pricing_fixed_rules":{"10":11.98,"50":10.98,"100":9.98,"200":8.68},"tiered_pricing_product_settings":{"layout":"default","base_unit_name":{"singular":null,"plural":null},"default_variation":{}},"tiered_pricing_minimum_quantity":null,"tiered_pricing_roles_data":[],"tiered_pricing_percentage_rules":[],"_links":{"self":[{"href":"https:\/\/frivape.com\/es\/wp-json\/wp\/v2\/product\/8299","targetHints":{"allow":["GET"]}}],"collection":[{"href":"https:\/\/frivape.com\/es\/wp-json\/wp\/v2\/product"}],"about":[{"href":"https:\/\/frivape.com\/es\/wp-json\/wp\/v2\/types\/product"}],"replies":[{"embeddable":true,"href":"https:\/\/frivape.com\/es\/wp-json\/wp\/v2\/comments?post=8299"}],"wp:featuredmedia":[{"embeddable":true,"href":"https:\/\/frivape.com\/es\/wp-json\/wp\/v2\/media\/8300"}],"wp:attachment":[{"href":"https:\/\/frivape.com\/es\/wp-json\/wp\/v2\/media?parent=8299"}],"wp:term":[{"taxonomy":"product_brand","embeddable":true,"href":"https:\/\/frivape.com\/es\/wp-json\/wp\/v2\/product_brand?post=8299"},{"taxonomy":"product_cat","embeddable":true,"href":"https:\/\/frivape.com\/es\/wp-json\/wp\/v2\/product_cat?post=8299"},{"taxonomy":"product_tag","embeddable":true,"href":"https:\/\/frivape.com\/es\/wp-json\/wp\/v2\/product_tag?post=8299"}],"curies":[{"name":"wp","href":"https:\/\/api.w.org\/{rel}","templated":true}]}}