{"id":8352,"date":"2026-04-09T14:34:27","date_gmt":"2026-04-09T06:34:27","guid":{"rendered":"https:\/\/frivape.com\/?post_type=product&#038;p=8352"},"modified":"2026-04-11T19:18:17","modified_gmt":"2026-04-11T11:18:17","slug":"bang-28000-puffs-nivel-de-hielo-ajustable-vape-pen-desechable","status":"publish","type":"product","link":"https:\/\/frivape.com\/es\/product\/bang-28000-puffs-nivel-de-hielo-ajustable-vape-pen-desechable\/","title":{"rendered":"Vapeador desechable Bang 28000 Puffs | Nivel de hielo ajustable y flujo de aire DTL"},"content":{"rendered":"<h2 class=\"wp-block-heading has-text-align-center\"><strong>Resistencia personalizada: La experiencia de hielo ajustable Bang 28000<\/strong><\/h2>\n\n\n\n<p>En <strong>Vapeador desechable Bang 28000 Puffs<\/strong> representa el futuro del vapeo de alta capacidad. Impulsado por la misi\u00f3n de la marca Bang de ofrecer una alternativa asequible y que marque tendencia al tabaquismo tradicional, este dispositivo introduce el innovador <strong>Nivel de hielo ajustable<\/strong> caracter\u00edstica. Tanto si te apetece un chorro de mentol que te hiela los huesos como un suave y sutil frescor, ahora tienes el control total sobre tu entorno de vapeo.<\/p>\n\n\n\n<h3 class=\"wp-block-heading\"><strong>Ingenier\u00eda de alto rendimiento<\/strong><\/h3>\n\n\n\n<ul class=\"wp-block-list\">\n<li><strong>Longevidad extrema:<\/strong> Con una extraordinaria <strong>28.000 puff de capacidad<\/strong> y un <strong>Dep\u00f3sito de e-l\u00edquido de 30 ml<\/strong>, Este dispositivo elimina la molestia de las sustituciones frecuentes, durando semanas incluso para usuarios intensivos.<\/li>\n\n\n\n<li><strong>Intensidad de enfriamiento ajustable:<\/strong> La innovadora palanca Ice Level te permite adaptar con precisi\u00f3n la sensaci\u00f3n de mentol a tus preferencias, lo que lo convierte en una opci\u00f3n destacada en el mercado mundial de los cigarrillos electr\u00f3nicos.<\/li>\n\n\n\n<li><strong>Aporte preciso de sabor:<\/strong> Equipado con un <strong>Bobina de malla 1.0\u03a9<\/strong> y un sistema de chip inteligente integrado, el Bang 28000 garantiza una producci\u00f3n de vapor intensa y constante, as\u00ed como una reproducci\u00f3n rica en sabor desde la primera calada hasta la \u00faltima.<\/li>\n\n\n\n<li><strong>DTL y versatilidad del flujo de aire:<\/strong> Dise\u00f1ado para los entusiastas que aman sabores audaces y nubes densas, el flujo de aire ajustable soporta un robusto <strong>Directo al pulm\u00f3n (DTL)<\/strong> experiencia, poco frecuente en la categor\u00eda de desechables.<\/li>\n<\/ul>\n\n\n\n<h3 class=\"wp-block-heading\"><strong>Selecci\u00f3n Premium de 12 sabores<\/strong><\/h3>\n\n\n\n<ol start=\"1\" class=\"wp-block-list\">\n<li><strong>Sand\u00eda con fresas:<\/strong> Un d\u00fao de verano exuberante y dulce.<\/li>\n\n\n\n<li><strong>Hielo de ar\u00e1ndano:<\/strong> Bayas maduras con un nivel de escarcha personalizable.<\/li>\n\n\n\n<li><strong>Sangre y arena:<\/strong> Una atrevida mezcla de c\u00f3cteles de frutas ex\u00f3ticas.<\/li>\n\n\n\n<li><strong>Pi\u00f1a Coco:<\/strong> Cremosas vibraciones tropicales de pi\u00f1a colada.<\/li>\n\n\n\n<li><strong>Fresa y pl\u00e1tano:<\/strong> Cl\u00e1sico de fruta suave y cremosa.<\/li>\n\n\n\n<li><strong>Frutas variadas:<\/strong> Una vibrante mezcla de las frutas favoritas de todo el mundo.<\/li>\n\n\n\n<li><strong>Ar\u00e1ndanos Frambuesas:<\/strong> Una sofisticada y \u00e1cida explosi\u00f3n de bayas.<\/li>\n\n\n\n<li><strong>Hielo de melocot\u00f3n:<\/strong> Melocotones dulces y jugosos con un final refrescante.<\/li>\n\n\n\n<li><strong>Mango Melocot\u00f3n:<\/strong> Aterciopelado mango tropical combinado con melocot\u00f3n maduro.<\/li>\n\n\n\n<li><strong>Sand\u00eda:<\/strong> Sencillo, jugoso y que quita la sed.<\/li>\n\n\n\n<li><strong>Hielo de uva:<\/strong> Uvas maduradas en vid con una exhalaci\u00f3n escalofriante.<\/li>\n\n\n\n<li><strong>Fresa Kiwi:<\/strong> Un equilibrio perfecto entre \u00e1cido y dulce.<\/li>\n<\/ol>\n\n\n\n<h3 class=\"wp-block-heading\"><strong>Preguntas m\u00e1s frecuentes (FAQ)<\/strong><\/h3>\n\n\n\n<ul class=\"wp-block-list\">\n<li><strong>\u00bfC\u00f3mo funciona el nivel de hielo ajustable?<\/strong> Hay un mecanismo de ajuste f\u00edsico en el dispositivo que controla la concentraci\u00f3n de mentol suministrada en cada calada, lo que le permite cambiar entre una intensidad de enfriamiento baja y alta.<\/li>\n\n\n\n<li><strong>Cu\u00e1l es el beneficio de la bobina de malla 1.0\u03a9?<\/strong> Proporciona una mayor superficie de calentamiento, asegurando que los 30mL de e-l\u00edquido se vaporicen eficientemente para un suave golpe de garganta y un sabor realista.<\/li>\n\n\n\n<li><strong>\u00bfCu\u00e1nto dura una carga completa?<\/strong> Gracias a la <strong>Carga r\u00e1pida Tipo-C<\/strong> la bater\u00eda de 650 mAh puede recargarse por completo en unos 20-30 minutos.<\/li>\n\n\n\n<li><strong>\u00bfEs seguro y discreto el env\u00edo?<\/strong> S\u00ed. Utilizamos UPS\/DHL\/FedEx\/DPD y garantizamos <strong>100% despacho de aduanas<\/strong> de nuestro <strong>Shenzhen<\/strong> y <strong>Almacenes de la UE<\/strong>, sin impuestos ni tasas adicionales.<\/li>\n<\/ul>\n\n\n\n<hr class=\"wp-block-separator has-alpha-channel-opacity\"\/>\n\n\n\n<p><strong>ADVERTENCIA:<\/strong> Este producto contiene nicotina. La nicotina es una sustancia qu\u00edmica adictiva.<\/p>\n\n\n\n<p><strong>Restricci\u00f3n de edad:<\/strong> Debe ser mayor de 18 a\u00f1os (o la edad legal para fumar en su regi\u00f3n) para comprar y utilizar este producto. Mant\u00e9ngase fuera del alcance de los ni\u00f1os y los animales dom\u00e9sticos.<\/p>","protected":false},"excerpt":{"rendered":"<p data-path-to-node=\"7\">En <b data-path-to-node=\"7\" data-index-in-node=\"4\">Bang 28000<\/b> es un salto adelante en la tecnolog\u00eda de vaporizaci\u00f3n personalizada.<\/p>\n<ul data-path-to-node=\"8\">\n<li>\n<p data-path-to-node=\"8,0,0\"><b data-path-to-node=\"8,0,0\" data-index-in-node=\"0\">Conteo de Puff:<\/b> L\u00edder en la industria con 28.000 puffs.<\/p>\n<\/li>\n<li>\n<p data-path-to-node=\"8,1,0\"><b data-path-to-node=\"8,1,0\" data-index-in-node=\"0\">Innovaci\u00f3n:<\/b> Exclusivo <b data-path-to-node=\"8,1,0\" data-index-in-node=\"22\">Nivel de hielo ajustable<\/b> (Personaliza la intensidad de enfriamiento).<\/p>\n<\/li>\n<li>\n<p data-path-to-node=\"8,2,0\"><b data-path-to-node=\"8,2,0\" data-index-in-node=\"0\">Capacidad:<\/b> E-l\u00edquido pre-llenado de 30mL.<\/p>\n<\/li>\n<li>\n<p data-path-to-node=\"8,3,0\"><b data-path-to-node=\"8,3,0\" data-index-in-node=\"0\">Rendimiento:<\/b> Bobina de malla avanzada de 1,0\u03a9 para un sabor de precisi\u00f3n.<\/p>\n<\/li>\n<li>\n<p data-path-to-node=\"8,4,0\"><b data-path-to-node=\"8,4,0\" data-index-in-node=\"0\">Flujo de aire:<\/b> Optimizado para <b data-path-to-node=\"8,4,0\" data-index-in-node=\"23\">DTL (Directo al pulm\u00f3n)<\/b> con admisi\u00f3n ajustable.<\/p>\n<\/li>\n<li>\n<p data-path-to-node=\"8,5,0\"><b data-path-to-node=\"8,5,0\" data-index-in-node=\"0\">Poder:<\/b> Bater\u00eda recargable de 650 mAh con carga r\u00e1pida Type-C.<\/p>\n<\/li>\n<\/ul>","protected":false},"featured_media":8390,"comment_status":"open","ping_status":"closed","template":"","meta":[],"product_brand":[61],"product_cat":[87,95,83],"product_tag":[74,75,76,77],"class_list":{"0":"post-8352","1":"product","2":"type-product","3":"status-publish","4":"has-post-thumbnail","6":"product_brand-bang","7":"product_cat-iced-fruit-vapes","8":"product_cat-mesh-coil-vapes","9":"product_cat-pro-puffs-vapes","10":"product_tag-dtl-vaping","11":"product_tag-eu-warehouse","12":"product_tag-mtl-vaping","13":"product_tag-recharge","15":"first","16":"instock","17":"sale","18":"shipping-taxable","19":"purchasable","20":"product-type-variable"},"yoast_head":"<!-- This site is optimized with the Yoast SEO plugin v27.1.1 - https:\/\/yoast.com\/product\/yoast-seo-wordpress\/ -->\n<title>Bang 28000 Puffs Disposable Vape - Adjustable Ice Level &amp; DTL Support<\/title>\n<meta name=\"description\" content=\"Discover the Bang 28000 Puffs with industry-first Adjustable Ice Level technology. Features 30mL capacity, 1.0\u03a9 mesh coil, and DTL airflow. Best price and fast EU shipping!\" \/>\n<meta name=\"robots\" content=\"noindex, follow, max-snippet:-1, max-image-preview:large, max-video-preview:-1\" \/>\n<meta property=\"og:locale\" content=\"es_ES\" \/>\n<meta property=\"og:type\" content=\"article\" \/>\n<meta property=\"og:title\" content=\"Bang 28000 Puffs Disposable Vape - Adjustable Ice Level &amp; DTL Support\" \/>\n<meta property=\"og:description\" content=\"Discover the Bang 28000 Puffs with industry-first Adjustable Ice Level technology. Features 30mL capacity, 1.0\u03a9 mesh coil, and DTL airflow. Best price and fast EU shipping!\" \/>\n<meta property=\"og:url\" content=\"https:\/\/frivape.com\/es\/product\/bang-28000-puffs-nivel-de-hielo-ajustable-vape-pen-desechable\/\" \/>\n<meta property=\"og:site_name\" content=\"frivape | Online Vape Store - Best Vapes, Mods &amp; Disposable Kits\" \/>\n<meta property=\"article:modified_time\" content=\"2026-04-11T11:18:17+00:00\" \/>\n<meta property=\"og:image\" content=\"https:\/\/frivape.com\/wp-content\/uploads\/2026\/04\/vape-bang-28000-puffs-main-image.jpg.webp\" \/>\n\t<meta property=\"og:image:width\" content=\"1000\" \/>\n\t<meta property=\"og:image:height\" content=\"1000\" \/>\n\t<meta property=\"og:image:type\" content=\"image\/webp\" \/>\n<meta name=\"twitter:card\" content=\"summary_large_image\" \/>\n<meta name=\"twitter:label1\" content=\"Tiempo de lectura\" \/>\n\t<meta name=\"twitter:data1\" content=\"3 minutos\" \/>\n<script type=\"application\/ld+json\" class=\"yoast-schema-graph\">{\"@context\":\"https:\/\/schema.org\",\"@graph\":[{\"@type\":\"WebPage\",\"@id\":\"https:\/\/frivape.com\/product\/bang-28000-puffs-adjustable-ice-level-disposable-vape-pen\/\",\"url\":\"https:\/\/frivape.com\/product\/bang-28000-puffs-adjustable-ice-level-disposable-vape-pen\/\",\"name\":\"Bang 28000 Puffs Disposable Vape - Adjustable Ice Level & DTL Support\",\"isPartOf\":{\"@id\":\"https:\/\/frivape.com\/#website\"},\"primaryImageOfPage\":{\"@id\":\"https:\/\/frivape.com\/product\/bang-28000-puffs-adjustable-ice-level-disposable-vape-pen\/#primaryimage\"},\"image\":{\"@id\":\"https:\/\/frivape.com\/product\/bang-28000-puffs-adjustable-ice-level-disposable-vape-pen\/#primaryimage\"},\"thumbnailUrl\":\"https:\/\/frivape.com\/wp-content\/uploads\/2026\/04\/vape-bang-28000-puffs-main-image.jpg.webp\",\"datePublished\":\"2026-04-09T06:34:27+00:00\",\"dateModified\":\"2026-04-11T11:18:17+00:00\",\"description\":\"Discover the Bang 28000 Puffs with industry-first Adjustable Ice Level technology. Features 30mL capacity, 1.0\u03a9 mesh coil, and DTL airflow. Best price and fast EU shipping!\",\"breadcrumb\":{\"@id\":\"https:\/\/frivape.com\/product\/bang-28000-puffs-adjustable-ice-level-disposable-vape-pen\/#breadcrumb\"},\"inLanguage\":\"es\",\"potentialAction\":[{\"@type\":\"ReadAction\",\"target\":[\"https:\/\/frivape.com\/product\/bang-28000-puffs-adjustable-ice-level-disposable-vape-pen\/\"]}]},{\"@type\":\"ImageObject\",\"inLanguage\":\"es\",\"@id\":\"https:\/\/frivape.com\/product\/bang-28000-puffs-adjustable-ice-level-disposable-vape-pen\/#primaryimage\",\"url\":\"https:\/\/frivape.com\/wp-content\/uploads\/2026\/04\/vape-bang-28000-puffs-main-image.jpg.webp\",\"contentUrl\":\"https:\/\/frivape.com\/wp-content\/uploads\/2026\/04\/vape-bang-28000-puffs-main-image.jpg.webp\",\"width\":1000,\"height\":1000},{\"@type\":\"BreadcrumbList\",\"@id\":\"https:\/\/frivape.com\/product\/bang-28000-puffs-adjustable-ice-level-disposable-vape-pen\/#breadcrumb\",\"itemListElement\":[{\"@type\":\"ListItem\",\"position\":1,\"name\":\"\u9996\u9875\",\"item\":\"https:\/\/frivape.com\/\"},{\"@type\":\"ListItem\",\"position\":2,\"name\":\"Shop\",\"item\":\"https:\/\/frivape.com\/shop\/\"},{\"@type\":\"ListItem\",\"position\":3,\"name\":\"Bang 28000 Puffs Disposable Vape Pen | Adjustable Ice Level &amp; DTL Airflow\"}]},{\"@type\":\"WebSite\",\"@id\":\"https:\/\/frivape.com\/#website\",\"url\":\"https:\/\/frivape.com\/\",\"name\":\"frivape | Online Vape Store - Best Vapes, Mods &amp; Disposable Kits\",\"description\":\"Shop frivape, your premier online vape shop for authentic mods, disposable vapes, and premium e-liquids. Direct from Shenzhen with fast Europe local shipping. High quality at wholesale prices.\",\"publisher\":{\"@id\":\"https:\/\/frivape.com\/#organization\"},\"potentialAction\":[{\"@type\":\"SearchAction\",\"target\":{\"@type\":\"EntryPoint\",\"urlTemplate\":\"https:\/\/frivape.com\/?s={search_term_string}\"},\"query-input\":{\"@type\":\"PropertyValueSpecification\",\"valueRequired\":true,\"valueName\":\"search_term_string\"}}],\"inLanguage\":\"es\"},{\"@type\":\"Organization\",\"@id\":\"https:\/\/frivape.com\/#organization\",\"name\":\"frivape | Online Vape Store - Best Vapes, Mods &amp; Disposable Kits\",\"url\":\"https:\/\/frivape.com\/\",\"logo\":{\"@type\":\"ImageObject\",\"inLanguage\":\"es\",\"@id\":\"https:\/\/frivape.com\/#\/schema\/logo\/image\/\",\"url\":\"https:\/\/frivape.com\/wp-content\/uploads\/2026\/03\/cropped-frivape-site-title-icon.png\",\"contentUrl\":\"https:\/\/frivape.com\/wp-content\/uploads\/2026\/03\/cropped-frivape-site-title-icon.png\",\"width\":470,\"height\":110,\"caption\":\"frivape | Online Vape Store - Best Vapes, Mods &amp; Disposable Kits\"},\"image\":{\"@id\":\"https:\/\/frivape.com\/#\/schema\/logo\/image\/\"}}]}<\/script>\n<!-- \/ Yoast SEO plugin. -->","yoast_head_json":{"title":"Bang 28000 Puffs Vape Desechable - Nivel de Hielo Ajustable y Soporte DTL","description":"Descubre el Bang 28000 Puffs con la primera tecnolog\u00eda de Nivel de Hielo Ajustable de la industria. Con capacidad de 30mL, bobina de malla de 1.0\u03a9 y flujo de aire DTL. \u00a1Mejor precio y env\u00edo r\u00e1pido a la UE!","robots":{"index":"noindex","follow":"follow","max-snippet":"max-snippet:-1","max-image-preview":"max-image-preview:large","max-video-preview":"max-video-preview:-1"},"og_locale":"es_ES","og_type":"article","og_title":"Bang 28000 Puffs Disposable Vape - Adjustable Ice Level & DTL Support","og_description":"Discover the Bang 28000 Puffs with industry-first Adjustable Ice Level technology. Features 30mL capacity, 1.0\u03a9 mesh coil, and DTL airflow. Best price and fast EU shipping!","og_url":"https:\/\/frivape.com\/es\/product\/bang-28000-puffs-nivel-de-hielo-ajustable-vape-pen-desechable\/","og_site_name":"frivape | Online Vape Store - Best Vapes, Mods &amp; Disposable Kits","article_modified_time":"2026-04-11T11:18:17+00:00","og_image":[{"width":1000,"height":1000,"url":"https:\/\/frivape.com\/wp-content\/uploads\/2026\/04\/vape-bang-28000-puffs-main-image.jpg.webp","type":"image\/webp"}],"twitter_card":"summary_large_image","twitter_misc":{"Tiempo de lectura":"3 minutos"},"schema":{"@context":"https:\/\/schema.org","@graph":[{"@type":"WebPage","@id":"https:\/\/frivape.com\/product\/bang-28000-puffs-adjustable-ice-level-disposable-vape-pen\/","url":"https:\/\/frivape.com\/product\/bang-28000-puffs-adjustable-ice-level-disposable-vape-pen\/","name":"Bang 28000 Puffs Vape Desechable - Nivel de Hielo Ajustable y Soporte DTL","isPartOf":{"@id":"https:\/\/frivape.com\/#website"},"primaryImageOfPage":{"@id":"https:\/\/frivape.com\/product\/bang-28000-puffs-adjustable-ice-level-disposable-vape-pen\/#primaryimage"},"image":{"@id":"https:\/\/frivape.com\/product\/bang-28000-puffs-adjustable-ice-level-disposable-vape-pen\/#primaryimage"},"thumbnailUrl":"https:\/\/frivape.com\/wp-content\/uploads\/2026\/04\/vape-bang-28000-puffs-main-image.jpg.webp","datePublished":"2026-04-09T06:34:27+00:00","dateModified":"2026-04-11T11:18:17+00:00","description":"Descubre el Bang 28000 Puffs con la primera tecnolog\u00eda de Nivel de Hielo Ajustable de la industria. Con capacidad de 30mL, bobina de malla de 1.0\u03a9 y flujo de aire DTL. \u00a1Mejor precio y env\u00edo r\u00e1pido a la UE!","breadcrumb":{"@id":"https:\/\/frivape.com\/product\/bang-28000-puffs-adjustable-ice-level-disposable-vape-pen\/#breadcrumb"},"inLanguage":"es","potentialAction":[{"@type":"ReadAction","target":["https:\/\/frivape.com\/product\/bang-28000-puffs-adjustable-ice-level-disposable-vape-pen\/"]}]},{"@type":"ImageObject","inLanguage":"es","@id":"https:\/\/frivape.com\/product\/bang-28000-puffs-adjustable-ice-level-disposable-vape-pen\/#primaryimage","url":"https:\/\/frivape.com\/wp-content\/uploads\/2026\/04\/vape-bang-28000-puffs-main-image.jpg.webp","contentUrl":"https:\/\/frivape.com\/wp-content\/uploads\/2026\/04\/vape-bang-28000-puffs-main-image.jpg.webp","width":1000,"height":1000},{"@type":"BreadcrumbList","@id":"https:\/\/frivape.com\/product\/bang-28000-puffs-adjustable-ice-level-disposable-vape-pen\/#breadcrumb","itemListElement":[{"@type":"ListItem","position":1,"name":"\u9996\u9875","item":"https:\/\/frivape.com\/"},{"@type":"ListItem","position":2,"name":"Shop","item":"https:\/\/frivape.com\/shop\/"},{"@type":"ListItem","position":3,"name":"Bang 28000 Puffs Disposable Vape Pen | Adjustable Ice Level &amp; DTL Airflow"}]},{"@type":"WebSite","@id":"https:\/\/frivape.com\/#website","url":"https:\/\/frivape.com\/","name":"frivape | Online Vape Store - Los mejores Vapes, Mods y Kits desechables","description":"Tienda frivape, su principal tienda de vape en l\u00ednea para mods aut\u00e9nticos, vapes desechables, y e-l\u00edquidos premium. Directo desde Shenzhen con env\u00edo local r\u00e1pido a Europa. Alta calidad a precios de mayorista.","publisher":{"@id":"https:\/\/frivape.com\/#organization"},"potentialAction":[{"@type":"SearchAction","target":{"@type":"EntryPoint","urlTemplate":"https:\/\/frivape.com\/?s={search_term_string}"},"query-input":{"@type":"PropertyValueSpecification","valueRequired":true,"valueName":"search_term_string"}}],"inLanguage":"es"},{"@type":"Organization","@id":"https:\/\/frivape.com\/#organization","name":"frivape | Online Vape Store - Los mejores Vapes, Mods y Kits desechables","url":"https:\/\/frivape.com\/","logo":{"@type":"ImageObject","inLanguage":"es","@id":"https:\/\/frivape.com\/#\/schema\/logo\/image\/","url":"https:\/\/frivape.com\/wp-content\/uploads\/2026\/03\/cropped-frivape-site-title-icon.png","contentUrl":"https:\/\/frivape.com\/wp-content\/uploads\/2026\/03\/cropped-frivape-site-title-icon.png","width":470,"height":110,"caption":"frivape | Online Vape Store - Best Vapes, Mods &amp; Disposable Kits"},"image":{"@id":"https:\/\/frivape.com\/#\/schema\/logo\/image\/"}}]}},"tiered_pricing_type":"fixed","tiered_pricing_fixed_rules":{"10":9.98,"50":9.28,"100":8.57,"200":7.88},"tiered_pricing_product_settings":{"layout":"default","base_unit_name":{"singular":null,"plural":null},"default_variation":{}},"tiered_pricing_minimum_quantity":null,"tiered_pricing_roles_data":[],"tiered_pricing_percentage_rules":[],"_links":{"self":[{"href":"https:\/\/frivape.com\/es\/wp-json\/wp\/v2\/product\/8352","targetHints":{"allow":["GET"]}}],"collection":[{"href":"https:\/\/frivape.com\/es\/wp-json\/wp\/v2\/product"}],"about":[{"href":"https:\/\/frivape.com\/es\/wp-json\/wp\/v2\/types\/product"}],"replies":[{"embeddable":true,"href":"https:\/\/frivape.com\/es\/wp-json\/wp\/v2\/comments?post=8352"}],"wp:featuredmedia":[{"embeddable":true,"href":"https:\/\/frivape.com\/es\/wp-json\/wp\/v2\/media\/8390"}],"wp:attachment":[{"href":"https:\/\/frivape.com\/es\/wp-json\/wp\/v2\/media?parent=8352"}],"wp:term":[{"taxonomy":"product_brand","embeddable":true,"href":"https:\/\/frivape.com\/es\/wp-json\/wp\/v2\/product_brand?post=8352"},{"taxonomy":"product_cat","embeddable":true,"href":"https:\/\/frivape.com\/es\/wp-json\/wp\/v2\/product_cat?post=8352"},{"taxonomy":"product_tag","embeddable":true,"href":"https:\/\/frivape.com\/es\/wp-json\/wp\/v2\/product_tag?post=8352"}],"curies":[{"name":"wp","href":"https:\/\/api.w.org\/{rel}","templated":true}]}}