{"id":8441,"date":"2026-04-11T19:45:43","date_gmt":"2026-04-11T11:45:43","guid":{"rendered":"https:\/\/frivape.com\/?post_type=product&#038;p=8441"},"modified":"2026-04-11T19:55:47","modified_gmt":"2026-04-11T11:55:47","slug":"bang-king-30000-puffs-doble-sabor-vape-desechable","status":"publish","type":"product","link":"https:\/\/frivape.com\/es\/product\/bang-king-30000-puffs-doble-sabor-vape-desechable\/","title":{"rendered":"Bang King 30000 Puffs Vape desechable | Tanque de doble sabor y pantalla LCD inteligente"},"content":{"rendered":"<h2 class=\"wp-block-heading has-text-align-center\"><strong>Libera al Rey de las Nubes: Bang King 30000 Puffs Smart Edition<\/strong><\/h2>\n\n\n\n<p>En <strong>Bang King 30000 Puffs Vape Desechable<\/strong> es la m\u00e1xima encarnaci\u00f3n de la misi\u00f3n de Bang: <strong>\u201cPotencia, rendimiento y sabor audaz\u201d.\u201d<\/strong> A medida que la industria del vapeo avanza hacia dispositivos de gran capacidad, Bang ha vuelto a establecer un est\u00e1ndar mundial. Este <strong>30k puff vape<\/strong> no es s\u00f3lo un dispositivo de gran capacidad; es un sofisticado <strong>Sistema de sabor 2 en 1<\/strong> Concebido para entusiastas que se niegan a renunciar a la variedad o la longevidad. Tanto si es un cliente minorista como si busca <strong>vapes desechables al por mayor<\/strong>, Bang King 30000 ofrece una rentabilidad inmejorable y una alternativa de primera calidad al tabaco tradicional.<\/p>\n\n\n\n<h3 class=\"wp-block-heading\"><strong>Innovadora tecnolog\u00eda de doble dep\u00f3sito y doble sabor<\/strong><\/h3>\n\n\n\n<p>\u00bfQu\u00e9 establece el <strong>Bang King 30.000<\/strong> aparte en el abarrotado <strong>cigarrillo electr\u00f3nico<\/strong> mercado es su revolucionario <strong>Capacidad de doble sabor<\/strong>. Equipado con <strong>Dos dep\u00f3sitos de e-l\u00edquido precargados de 18 ml<\/strong> (por un total de <strong>Capacidad de 36 ml<\/strong>), este dispositivo le permite llevar dos perfiles distintos en un solo chasis ergon\u00f3mico. Con una simple palanca manual, puede alternar entre refrescantes mentolados y dulces frutas tropicales. Esto lo convierte en el <strong>mejor vape 30000 puff<\/strong> para los que sufren de \u201clengua de vaper\u201d y necesitan variedad de sabores a lo largo del d\u00eda.<\/p>\n\n\n\n<h3 class=\"wp-block-heading\"><strong>Supervisi\u00f3n inteligente de \u00faltima generaci\u00f3n e ingenier\u00eda de bobinas de malla<\/strong><\/h3>\n\n\n\n<p>En el centro de la <strong>Bang King 30k<\/strong> es un <strong>Bobina de malla 1.0\u03a9<\/strong>. Este elemento calefactor especializado aumenta el \u00e1rea de superficie para la atomizaci\u00f3n del e-l\u00edquido, lo que resulta en <strong>reproducci\u00f3n uniforme del sabor<\/strong> y nubes de vapor densas y suaves desde la primera calada. El sistema integrado <strong>Pantalla digital LCD inteligente<\/strong> proporciona transparencia en tiempo real, mostrando el porcentaje exacto de la bater\u00eda y los niveles de e-l\u00edquido. Se acabaron las suposiciones <strong>vape pod recargable<\/strong> se quedar\u00e1 sin jugo-esto es <strong>tecnolog\u00eda smart vaping<\/strong> en su m\u00e1xima expresi\u00f3n.<\/p>\n\n\n\n<h3 class=\"wp-block-heading\"><strong>Excelencia mayorista y cumplimiento global<\/strong><\/h3>\n\n\n\n<p>Para los socios B2B y los compradores al por mayor, el <strong>Bang King 30000<\/strong> es una potencia en ventas. Ofrecemos m\u00faltiples <strong>sal de nicotina<\/strong> concentraciones-<strong>0%, 2%, 3% y 5%<\/strong>-garantizando el cumplimiento de la TPD y las normativas regionales en m\u00e1s de 50 pa\u00edses. Nuestra red log\u00edstica, que cuenta con un <strong>Origen Shenzhen<\/strong> y un dedicado <strong>Almac\u00e9n de la UE<\/strong>, garantiza que su <strong>pedidos a granel<\/strong> llegan r\u00e1pido y libres de impuestos.<\/p>\n\n\n\n<h3 class=\"wp-block-heading\"><strong>Exquisito Men\u00fa de 12 Sabor Dual<\/strong><\/h3>\n\n\n\n<ol start=\"1\" class=\"wp-block-list\">\n<li><strong>Hielo de sand\u00eda y menta de ar\u00e1ndanos:<\/strong> El mel\u00f3n crujiente se une a la refrescante menta fresca.<\/li>\n\n\n\n<li><strong>Sand\u00eda Helada &amp; Fresa Mango:<\/strong> Una explosi\u00f3n tropical de frutas besadas por el sol.<\/li>\n\n\n\n<li><strong>Fresa Sand\u00eda y Kiwi Fruta de la Pasi\u00f3n Guayaba:<\/strong> La mejor mezcla de frutas ex\u00f3ticas.<\/li>\n\n\n\n<li><strong>Hielo de fresa, sand\u00eda y uva:<\/strong> Bayas dulces emparejadas con uvas de vi\u00f1edo escarchadas.<\/li>\n\n\n\n<li><strong>Hielo de Ar\u00e1ndano y Hielo de Drag\u00f3n Negro:<\/strong> Profundas notas de bayas y misteriosa fruta del drag\u00f3n.<\/li>\n\n\n\n<li><strong>Hielo de ar\u00e1ndano y pl\u00e1tano con fresa:<\/strong> Un cl\u00e1sico de bayas cremoso y suave.<\/li>\n\n\n\n<li><strong>Red Bull y Sand\u00eda con Ar\u00e1ndanos:<\/strong> Notas energ\u00e9ticas mezcladas con frutas dulces de verano.<\/li>\n\n\n\n<li><strong>Red Bull y caramelos de burbujas de sand\u00eda:<\/strong> El sabor en\u00e9rgico se une a la dulzura nost\u00e1lgica.<\/li>\n\n\n\n<li><strong>Ar\u00e1ndano Frambuesa y Melocot\u00f3n Mango Sand\u00eda:<\/strong> Una explosi\u00f3n de fruta compleja y jugosa.<\/li>\n\n\n\n<li><strong>Ar\u00e1ndanos, frambuesas y frutas variadas:<\/strong> Una sofisticada mezcla de bayas.<\/li>\n\n\n\n<li><strong>Fresa Kiwi y Melocot\u00f3n Helado:<\/strong> Kiwi \u00e1cido equilibrado con melocot\u00f3n escarchado aterciopelado.<\/li>\n\n\n\n<li><strong>Fresa Kiwi y Manzana \u00e1cida Frambuesa:<\/strong> Un perfil de sabor \u00e1cido y picante para los aventureros.<\/li>\n<\/ol>\n\n\n\n<h3 class=\"wp-block-heading\"><strong>Preguntas m\u00e1s frecuentes (FAQ)<\/strong><\/h3>\n\n\n\n<ul class=\"wp-block-list\">\n<li><strong>\u00bfC\u00f3mo se comparan las 30.000 caladas con los cigarrillos tradicionales?<\/strong> Un <strong>Bang King 30000<\/strong> equivale a unas 100-150 cajetillas de cigarrillos tradicionales en cuanto a n\u00famero de caladas, lo que lo convierte en un producto mucho m\u00e1s econ\u00f3mico. <strong>alternativa asequible<\/strong> y una opci\u00f3n m\u00e1s ecol\u00f3gica para los usuarios a largo plazo.<\/li>\n\n\n\n<li><strong>\u00bfCu\u00e1l es la ventaja del sistema de doble dep\u00f3sito?<\/strong> El dise\u00f1o de doble tanque evita la mezcla de sabores y permite <strong>36 ml de e-l\u00edquido<\/strong> sin comprometer el factor de forma compacto y port\u00e1til del dispositivo. Ofrece la variedad de dos dispositivos por el precio de uno.<\/li>\n\n\n\n<li><strong>C\u00f3mo mejora la experiencia la bobina de malla 1.0\u03a9?<\/strong> A diferencia de las bobinas de alambre est\u00e1ndar, nuestras <strong>Tecnolog\u00eda Mesh Coil<\/strong> calienta el zumo de forma m\u00e1s uniforme. Esto evita los golpes quemados y garantiza que, incluso en la calada 30.000, el <strong>intensidad de sabor<\/strong> sigue siendo tan audaz como la primera.<\/li>\n\n\n\n<li><strong>\u00bfEste aparato es adecuado para la compra al por mayor y a granel?<\/strong> Absolutamente. Nos especializamos en <strong>venta al por mayor directa de f\u00e1brica<\/strong> servicios. El Bang King 30k es un producto de gran margen para los minoristas debido a su popularidad en el <strong>global vape sensation<\/strong> y la gran demanda de funciones \u201cinteligentes\u201d por parte de los consumidores.<\/li>\n\n\n\n<li><strong>\u00bfCu\u00e1nto tarda en cargarse a trav\u00e9s de Type-C?<\/strong> Gracias a la alta eficiencia <strong>Bater\u00eda de 550 mAh<\/strong> y carga r\u00e1pida Type-C, puede alcanzar una carga completa en aproximadamente <strong>De 30 a 45 minutos<\/strong>, minimizando el tiempo de inactividad y maximizando <strong>vapear sobre la marcha<\/strong> sesiones.<\/li>\n<\/ul>\n\n\n\n<ul class=\"wp-block-list\">\n<li><\/li>\n<\/ul>\n\n\n\n<hr class=\"wp-block-separator has-alpha-channel-opacity\"\/>\n\n\n\n<p><strong>ADVERTENCIA:<\/strong> Este producto contiene nicotina. La nicotina es una sustancia qu\u00edmica adictiva.<\/p>\n\n\n\n<p><strong>Restricci\u00f3n de edad:<\/strong> Debe ser mayor de 18 a\u00f1os (o la edad legal para fumar en su regi\u00f3n) para comprar y utilizar este producto. Mant\u00e9ngase fuera del alcance de los ni\u00f1os y los animales dom\u00e9sticos.<\/p>","protected":false},"excerpt":{"rendered":"<p data-path-to-node=\"7\">En <b data-path-to-node=\"7\" data-index-in-node=\"4\">Bang King 30k<\/b> redefini\u00f3 la resistencia y la variedad en el mundo del vapeo.<\/p>\n<ul data-path-to-node=\"8\">\n<li>\n<p data-path-to-node=\"8,0,0\"><b data-path-to-node=\"8,0,0\" data-index-in-node=\"0\">Conteo de Puff:<\/b> Inigualables 30.000 Puffs (15k por sabor).<\/p>\n<\/li>\n<li>\n<p data-path-to-node=\"8,1,0\"><b data-path-to-node=\"8,1,0\" data-index-in-node=\"0\">Doble sabor:<\/b> Tanques dobles de 18mL (36mL en total) con un interruptor de sabor instant\u00e1neo.<\/p>\n<\/li>\n<li>\n<p data-path-to-node=\"8,2,0\"><b data-path-to-node=\"8,2,0\" data-index-in-node=\"0\">Supervisi\u00f3n inteligente:<\/b> Pantalla LCD integrada para el seguimiento en tiempo real de la bater\u00eda y el e-l\u00edquido.<\/p>\n<\/li>\n<li>\n<p data-path-to-node=\"8,3,0\"><b data-path-to-node=\"8,3,0\" data-index-in-node=\"0\">N\u00facleo avanzado:<\/b> Tecnolog\u00eda 1.0\u03a9 Mesh Coil para un vapor suave y rico.<\/p>\n<\/li>\n<li>\n<p data-path-to-node=\"8,4,0\"><b data-path-to-node=\"8,4,0\" data-index-in-node=\"0\">Poder:<\/b> Bater\u00eda de alta eficiencia de 550 mAh con carga r\u00e1pida Type-C.<\/p>\n<\/li>\n<li>\n<p data-path-to-node=\"8,5,0\"><b data-path-to-node=\"8,5,0\" data-index-in-node=\"0\">Dise\u00f1o:<\/b> Gr\u00e1ficos ergon\u00f3micos, port\u00e1tiles y visualmente impactantes.<\/p>\n<\/li>\n<\/ul>","protected":false},"featured_media":8442,"comment_status":"open","ping_status":"closed","template":"","meta":[],"product_brand":[61],"product_cat":[82,87,95],"product_tag":[75,76,77,79],"class_list":{"0":"post-8441","1":"product","2":"type-product","3":"status-publish","4":"has-post-thumbnail","6":"product_brand-bang","7":"product_cat-big-puffs-vapes","8":"product_cat-iced-fruit-vapes","9":"product_cat-mesh-coil-vapes","10":"product_tag-eu-warehouse","11":"product_tag-mtl-vaping","12":"product_tag-recharge","13":"product_tag-smart-screen-display","15":"first","16":"instock","17":"sale","18":"shipping-taxable","19":"purchasable","20":"product-type-variable"},"yoast_head":"<!-- This site is optimized with the Yoast SEO plugin v27.1.1 - https:\/\/yoast.com\/product\/yoast-seo-wordpress\/ -->\n<title>Bang King 30000 Puffs Disposable Vape - Double Taste Dual Tank &amp; LCD Display<\/title>\n<meta name=\"description\" content=\"Experience 30,000 puffs with the Bang King 30k. Features 36mL dual-tank Double Taste technology, 550mAh rechargeable battery, and smart LCD display. Fast EU shipping!\" \/>\n<meta name=\"robots\" content=\"noindex, follow, max-snippet:-1, max-image-preview:large, max-video-preview:-1\" \/>\n<meta property=\"og:locale\" content=\"es_ES\" \/>\n<meta property=\"og:type\" content=\"article\" \/>\n<meta property=\"og:title\" content=\"Bang King 30000 Puffs Disposable Vape - Double Taste Dual Tank &amp; LCD Display\" \/>\n<meta property=\"og:description\" content=\"Experience 30,000 puffs with the Bang King 30k. Features 36mL dual-tank Double Taste technology, 550mAh rechargeable battery, and smart LCD display. Fast EU shipping!\" \/>\n<meta property=\"og:url\" content=\"https:\/\/frivape.com\/es\/product\/bang-king-30000-puffs-doble-sabor-vape-desechable\/\" \/>\n<meta property=\"og:site_name\" content=\"frivape | Online Vape Store - Best Vapes, Mods &amp; Disposable Kits\" \/>\n<meta property=\"article:modified_time\" content=\"2026-04-11T11:55:47+00:00\" \/>\n<meta property=\"og:image\" content=\"https:\/\/frivape.com\/wp-content\/uploads\/2026\/04\/vape-bang-king-30k-30000-puffs-main-image.jpg.webp\" \/>\n\t<meta property=\"og:image:width\" content=\"1000\" \/>\n\t<meta property=\"og:image:height\" content=\"1000\" \/>\n\t<meta property=\"og:image:type\" content=\"image\/webp\" \/>\n<meta name=\"twitter:card\" content=\"summary_large_image\" \/>\n<meta name=\"twitter:label1\" content=\"Tiempo de lectura\" \/>\n\t<meta name=\"twitter:data1\" content=\"4 minutos\" \/>\n<script type=\"application\/ld+json\" class=\"yoast-schema-graph\">{\"@context\":\"https:\/\/schema.org\",\"@graph\":[{\"@type\":\"WebPage\",\"@id\":\"https:\/\/frivape.com\/product\/bang-king-30000-puffs-double-taste-disposable-vape\/\",\"url\":\"https:\/\/frivape.com\/product\/bang-king-30000-puffs-double-taste-disposable-vape\/\",\"name\":\"Bang King 30000 Puffs Disposable Vape - Double Taste Dual Tank & LCD Display\",\"isPartOf\":{\"@id\":\"https:\/\/frivape.com\/#website\"},\"primaryImageOfPage\":{\"@id\":\"https:\/\/frivape.com\/product\/bang-king-30000-puffs-double-taste-disposable-vape\/#primaryimage\"},\"image\":{\"@id\":\"https:\/\/frivape.com\/product\/bang-king-30000-puffs-double-taste-disposable-vape\/#primaryimage\"},\"thumbnailUrl\":\"https:\/\/frivape.com\/wp-content\/uploads\/2026\/04\/vape-bang-king-30k-30000-puffs-main-image.jpg.webp\",\"datePublished\":\"2026-04-11T11:45:43+00:00\",\"dateModified\":\"2026-04-11T11:55:47+00:00\",\"description\":\"Experience 30,000 puffs with the Bang King 30k. Features 36mL dual-tank Double Taste technology, 550mAh rechargeable battery, and smart LCD display. Fast EU shipping!\",\"breadcrumb\":{\"@id\":\"https:\/\/frivape.com\/product\/bang-king-30000-puffs-double-taste-disposable-vape\/#breadcrumb\"},\"inLanguage\":\"es\",\"potentialAction\":[{\"@type\":\"ReadAction\",\"target\":[\"https:\/\/frivape.com\/product\/bang-king-30000-puffs-double-taste-disposable-vape\/\"]}]},{\"@type\":\"ImageObject\",\"inLanguage\":\"es\",\"@id\":\"https:\/\/frivape.com\/product\/bang-king-30000-puffs-double-taste-disposable-vape\/#primaryimage\",\"url\":\"https:\/\/frivape.com\/wp-content\/uploads\/2026\/04\/vape-bang-king-30k-30000-puffs-main-image.jpg.webp\",\"contentUrl\":\"https:\/\/frivape.com\/wp-content\/uploads\/2026\/04\/vape-bang-king-30k-30000-puffs-main-image.jpg.webp\",\"width\":1000,\"height\":1000},{\"@type\":\"BreadcrumbList\",\"@id\":\"https:\/\/frivape.com\/product\/bang-king-30000-puffs-double-taste-disposable-vape\/#breadcrumb\",\"itemListElement\":[{\"@type\":\"ListItem\",\"position\":1,\"name\":\"\u9996\u9875\",\"item\":\"https:\/\/frivape.com\/\"},{\"@type\":\"ListItem\",\"position\":2,\"name\":\"Shop\",\"item\":\"https:\/\/frivape.com\/shop\/\"},{\"@type\":\"ListItem\",\"position\":3,\"name\":\"Bang King 30000 Puffs Disposable Vape | Dual Flavor Tank &amp; Smart LCD Display\"}]},{\"@type\":\"WebSite\",\"@id\":\"https:\/\/frivape.com\/#website\",\"url\":\"https:\/\/frivape.com\/\",\"name\":\"frivape | Online Vape Store - Best Vapes, Mods &amp; Disposable Kits\",\"description\":\"Shop frivape, your premier online vape shop for authentic mods, disposable vapes, and premium e-liquids. Direct from Shenzhen with fast Europe local shipping. High quality at wholesale prices.\",\"publisher\":{\"@id\":\"https:\/\/frivape.com\/#organization\"},\"potentialAction\":[{\"@type\":\"SearchAction\",\"target\":{\"@type\":\"EntryPoint\",\"urlTemplate\":\"https:\/\/frivape.com\/?s={search_term_string}\"},\"query-input\":{\"@type\":\"PropertyValueSpecification\",\"valueRequired\":true,\"valueName\":\"search_term_string\"}}],\"inLanguage\":\"es\"},{\"@type\":\"Organization\",\"@id\":\"https:\/\/frivape.com\/#organization\",\"name\":\"frivape | Online Vape Store - Best Vapes, Mods &amp; Disposable Kits\",\"url\":\"https:\/\/frivape.com\/\",\"logo\":{\"@type\":\"ImageObject\",\"inLanguage\":\"es\",\"@id\":\"https:\/\/frivape.com\/#\/schema\/logo\/image\/\",\"url\":\"https:\/\/frivape.com\/wp-content\/uploads\/2026\/03\/cropped-frivape-site-title-icon.png\",\"contentUrl\":\"https:\/\/frivape.com\/wp-content\/uploads\/2026\/03\/cropped-frivape-site-title-icon.png\",\"width\":470,\"height\":110,\"caption\":\"frivape | Online Vape Store - Best Vapes, Mods &amp; Disposable Kits\"},\"image\":{\"@id\":\"https:\/\/frivape.com\/#\/schema\/logo\/image\/\"}}]}<\/script>\n<!-- \/ Yoast SEO plugin. -->","yoast_head_json":{"title":"Bang King 30000 Puffs Vape Desechable - Doble Sabor Doble Tanque y Pantalla LCD","description":"Experimente 30.000 caladas con el Bang King 30k. Cuenta con tecnolog\u00eda Double Taste de doble tanque de 36mL, bater\u00eda recargable de 550mAh y pantalla LCD inteligente. \u00a1Env\u00edo r\u00e1pido a la UE!","robots":{"index":"noindex","follow":"follow","max-snippet":"max-snippet:-1","max-image-preview":"max-image-preview:large","max-video-preview":"max-video-preview:-1"},"og_locale":"es_ES","og_type":"article","og_title":"Bang King 30000 Puffs Disposable Vape - Double Taste Dual Tank & LCD Display","og_description":"Experience 30,000 puffs with the Bang King 30k. Features 36mL dual-tank Double Taste technology, 550mAh rechargeable battery, and smart LCD display. Fast EU shipping!","og_url":"https:\/\/frivape.com\/es\/product\/bang-king-30000-puffs-doble-sabor-vape-desechable\/","og_site_name":"frivape | Online Vape Store - Best Vapes, Mods &amp; Disposable Kits","article_modified_time":"2026-04-11T11:55:47+00:00","og_image":[{"width":1000,"height":1000,"url":"https:\/\/frivape.com\/wp-content\/uploads\/2026\/04\/vape-bang-king-30k-30000-puffs-main-image.jpg.webp","type":"image\/webp"}],"twitter_card":"summary_large_image","twitter_misc":{"Tiempo de lectura":"4 minutos"},"schema":{"@context":"https:\/\/schema.org","@graph":[{"@type":"WebPage","@id":"https:\/\/frivape.com\/product\/bang-king-30000-puffs-double-taste-disposable-vape\/","url":"https:\/\/frivape.com\/product\/bang-king-30000-puffs-double-taste-disposable-vape\/","name":"Bang King 30000 Puffs Vape Desechable - Doble Sabor Doble Tanque y Pantalla LCD","isPartOf":{"@id":"https:\/\/frivape.com\/#website"},"primaryImageOfPage":{"@id":"https:\/\/frivape.com\/product\/bang-king-30000-puffs-double-taste-disposable-vape\/#primaryimage"},"image":{"@id":"https:\/\/frivape.com\/product\/bang-king-30000-puffs-double-taste-disposable-vape\/#primaryimage"},"thumbnailUrl":"https:\/\/frivape.com\/wp-content\/uploads\/2026\/04\/vape-bang-king-30k-30000-puffs-main-image.jpg.webp","datePublished":"2026-04-11T11:45:43+00:00","dateModified":"2026-04-11T11:55:47+00:00","description":"Experimente 30.000 caladas con el Bang King 30k. Cuenta con tecnolog\u00eda Double Taste de doble tanque de 36mL, bater\u00eda recargable de 550mAh y pantalla LCD inteligente. \u00a1Env\u00edo r\u00e1pido a la UE!","breadcrumb":{"@id":"https:\/\/frivape.com\/product\/bang-king-30000-puffs-double-taste-disposable-vape\/#breadcrumb"},"inLanguage":"es","potentialAction":[{"@type":"ReadAction","target":["https:\/\/frivape.com\/product\/bang-king-30000-puffs-double-taste-disposable-vape\/"]}]},{"@type":"ImageObject","inLanguage":"es","@id":"https:\/\/frivape.com\/product\/bang-king-30000-puffs-double-taste-disposable-vape\/#primaryimage","url":"https:\/\/frivape.com\/wp-content\/uploads\/2026\/04\/vape-bang-king-30k-30000-puffs-main-image.jpg.webp","contentUrl":"https:\/\/frivape.com\/wp-content\/uploads\/2026\/04\/vape-bang-king-30k-30000-puffs-main-image.jpg.webp","width":1000,"height":1000},{"@type":"BreadcrumbList","@id":"https:\/\/frivape.com\/product\/bang-king-30000-puffs-double-taste-disposable-vape\/#breadcrumb","itemListElement":[{"@type":"ListItem","position":1,"name":"\u9996\u9875","item":"https:\/\/frivape.com\/"},{"@type":"ListItem","position":2,"name":"Shop","item":"https:\/\/frivape.com\/shop\/"},{"@type":"ListItem","position":3,"name":"Bang King 30000 Puffs Disposable Vape | Dual Flavor Tank &amp; Smart LCD Display"}]},{"@type":"WebSite","@id":"https:\/\/frivape.com\/#website","url":"https:\/\/frivape.com\/","name":"frivape | Online Vape Store - Los mejores Vapes, Mods y Kits desechables","description":"Tienda frivape, su principal tienda de vape en l\u00ednea para mods aut\u00e9nticos, vapes desechables, y e-l\u00edquidos premium. Directo desde Shenzhen con env\u00edo local r\u00e1pido a Europa. Alta calidad a precios de mayorista.","publisher":{"@id":"https:\/\/frivape.com\/#organization"},"potentialAction":[{"@type":"SearchAction","target":{"@type":"EntryPoint","urlTemplate":"https:\/\/frivape.com\/?s={search_term_string}"},"query-input":{"@type":"PropertyValueSpecification","valueRequired":true,"valueName":"search_term_string"}}],"inLanguage":"es"},{"@type":"Organization","@id":"https:\/\/frivape.com\/#organization","name":"frivape | Online Vape Store - Los mejores Vapes, Mods y Kits desechables","url":"https:\/\/frivape.com\/","logo":{"@type":"ImageObject","inLanguage":"es","@id":"https:\/\/frivape.com\/#\/schema\/logo\/image\/","url":"https:\/\/frivape.com\/wp-content\/uploads\/2026\/03\/cropped-frivape-site-title-icon.png","contentUrl":"https:\/\/frivape.com\/wp-content\/uploads\/2026\/03\/cropped-frivape-site-title-icon.png","width":470,"height":110,"caption":"frivape | Online Vape Store - Best Vapes, Mods &amp; Disposable Kits"},"image":{"@id":"https:\/\/frivape.com\/#\/schema\/logo\/image\/"}}]}},"tiered_pricing_type":"fixed","tiered_pricing_fixed_rules":{"10":10.99,"50":9.99,"100":8.99,"200":7.99},"tiered_pricing_product_settings":{"layout":"default","base_unit_name":{"singular":null,"plural":null},"default_variation":{}},"tiered_pricing_minimum_quantity":null,"tiered_pricing_roles_data":[],"tiered_pricing_percentage_rules":[],"_links":{"self":[{"href":"https:\/\/frivape.com\/es\/wp-json\/wp\/v2\/product\/8441","targetHints":{"allow":["GET"]}}],"collection":[{"href":"https:\/\/frivape.com\/es\/wp-json\/wp\/v2\/product"}],"about":[{"href":"https:\/\/frivape.com\/es\/wp-json\/wp\/v2\/types\/product"}],"replies":[{"embeddable":true,"href":"https:\/\/frivape.com\/es\/wp-json\/wp\/v2\/comments?post=8441"}],"wp:featuredmedia":[{"embeddable":true,"href":"https:\/\/frivape.com\/es\/wp-json\/wp\/v2\/media\/8442"}],"wp:attachment":[{"href":"https:\/\/frivape.com\/es\/wp-json\/wp\/v2\/media?parent=8441"}],"wp:term":[{"taxonomy":"product_brand","embeddable":true,"href":"https:\/\/frivape.com\/es\/wp-json\/wp\/v2\/product_brand?post=8441"},{"taxonomy":"product_cat","embeddable":true,"href":"https:\/\/frivape.com\/es\/wp-json\/wp\/v2\/product_cat?post=8441"},{"taxonomy":"product_tag","embeddable":true,"href":"https:\/\/frivape.com\/es\/wp-json\/wp\/v2\/product_tag?post=8441"}],"curies":[{"name":"wp","href":"https:\/\/api.w.org\/{rel}","templated":true}]}}