{"id":8493,"date":"2026-04-11T20:05:43","date_gmt":"2026-04-11T12:05:43","guid":{"rendered":"https:\/\/frivape.com\/?post_type=product&#038;p=8493"},"modified":"2026-04-11T20:31:52","modified_gmt":"2026-04-11T12:31:52","slug":"bang-36000-puffs-vape-desechable-40ml-dual-tank-dtl-sub-ohm-led-edition","status":"publish","type":"product","link":"https:\/\/frivape.com\/es\/product\/bang-36000-puffs-vape-desechable-40ml-dual-tank-dtl-sub-ohm-led-edition\/","title":{"rendered":"Bang 36000 Puffs Vape Desechable | 40mL Dual Tank &amp; DTL Sub-Ohm LED Edition"},"content":{"rendered":"<h2 class=\"wp-block-heading has-text-align-center\"><strong>El cenit del vapeo de alta capacidad: Bang 36000 Puffs Edici\u00f3n LED<\/strong><\/h2>\n\n\n\n<p>En <strong>Vapeador desechable Bang 36000 Puffs<\/strong> representa la evoluci\u00f3n definitiva de la misi\u00f3n principal de Bang: <strong>\u201cPotencia, rendimiento y sabor audaz\u201d.\u201d<\/strong> Dise\u00f1ado para los vapers que exigen el mayor n\u00famero de caladas sin sacrificar la calidad del vapor, este dispositivo combina una enorme <strong>Capacidad de 40 ml de e-l\u00edquido<\/strong> con tecnolog\u00eda punta <strong>tecnolog\u00eda sub-ohm<\/strong>. Tanto si busca un <strong>vape desechable al por mayor<\/strong> para abastecer sus estantes de venta al por menor o un conductor diario de alto rendimiento, la Bang 36000 destaca como una <strong>global vape sensation<\/strong>.<\/p>\n\n\n\n<h3 class=\"wp-block-heading\"><strong>Potencia Directo al Pulm\u00f3n (DTL) e Innovaci\u00f3n Sub-Ohm<\/strong><\/h3>\n\n\n\n<p>A diferencia de los desechables est\u00e1ndar, los <strong>Bang 36000<\/strong> es una potencia dise\u00f1ada para los cazadores de nubes. Con un avanzado <strong>Bobina de malla de 0,6\u03a9<\/strong>, facilita una <strong>Directo al pulm\u00f3n (DTL)<\/strong> inhalar, produciendo vapor denso e intensificando los perfiles de sabor de nuestra serie de frutas de firma. El <strong>sistema de doble dep\u00f3sito<\/strong> garantiza que los 40 ml de zumo se mantengan frescos y fluyan de forma constante, proporcionando una experiencia de primera desde la primera extracci\u00f3n hasta la 36.000.<\/p>\n\n\n\n<h3 class=\"wp-block-heading\"><strong>Estilo y sustancia: Iluminaci\u00f3n LED vibrante<\/strong><\/h3>\n\n\n\n<p>M\u00e1s all\u00e1 del rendimiento, la Bang 36000 es una declaraci\u00f3n visual. El sistema integrado <strong>Luz LED de color<\/strong> se activa con cada calada, brillando a trav\u00e9s de un chasis elegante y ergon\u00f3mico. Esta caracter\u00edstica no s\u00f3lo la convierte en la <strong>mejor 36k puff vape 2026<\/strong> para entornos sociales, pero tambi\u00e9n atrae a los usuarios que buscan una est\u00e9tica moderna y de alta tecnolog\u00eda. Combinado con <strong>Carga r\u00e1pida Tipo-C<\/strong> y una fiable bater\u00eda de 650 mAh, este dispositivo te garantiza pasar menos tiempo en el enchufe y m\u00e1s disfrutando de nubes espesas y sabrosas.<\/p>\n\n\n\n<h3 class=\"wp-block-heading\"><strong>Fiabilidad B2B al por mayor y directa de f\u00e1brica<\/strong><\/h3>\n\n\n\n<p>Operar con un <strong>De origen Shenzhen<\/strong> red log\u00edstica, ofrecemos precios directos de f\u00e1brica para <strong>pedidos a granel<\/strong>. Con opciones de nicotina que van desde <strong>0% (Sin nicotina)<\/strong> a <strong>5% (Alta Resistencia)<\/strong>, La Bang 36000 es totalmente adaptable a las distintas normativas regionales y preferencias de los consumidores. Cada caja contiene <strong>8 piezas<\/strong>, por lo que es perfecto para entornos minoristas de alta rotaci\u00f3n que buscan <strong>cigarrillo electr\u00f3nico fiable<\/strong> proveedores.<\/p>\n\n\n\n<hr class=\"wp-block-separator has-alpha-channel-opacity\"\/>\n\n\n\n<h3 class=\"wp-block-heading\"><strong>Men\u00fa de 12 sabores de frutas<\/strong><\/h3>\n\n\n\n<ol start=\"1\" class=\"wp-block-list\">\n<li><strong>Fresa Kiwi:<\/strong> Una armon\u00eda cl\u00e1sica de acidez y dulzor.<\/li>\n\n\n\n<li><strong>Melocot\u00f3n Mango Sand\u00eda:<\/strong> La trifecta tropical definitiva.<\/li>\n\n\n\n<li><strong>Mezcla de frutas:<\/strong> Una vibrante mezcla de bayas y frutas ex\u00f3ticas.<\/li>\n\n\n\n<li><strong>Hielo de menta:<\/strong> Mentol helado para el m\u00e1ximo refresco.<\/li>\n\n\n\n<li><strong>Melocot\u00f3n Mango:<\/strong> Melocot\u00f3n aterciopelado mezclado con jugoso mango.<\/li>\n\n\n\n<li><strong>Hielo de uva:<\/strong> Exuberantes uvas de vi\u00f1edo con un final escarchado.<\/li>\n\n\n\n<li><strong>Manzanas dobles:<\/strong> Una crujiente mezcla de manzanas rojas dulces y verdes \u00e1cidas.<\/li>\n\n\n\n<li><strong>Ar\u00e1ndano Frambuesa:<\/strong> Un sofisticado y \u00e1cido d\u00fao de bayas del bosque.<\/li>\n\n\n\n<li><strong>Hielo de ar\u00e1ndano:<\/strong> Ar\u00e1ndanos maduros con una exhalaci\u00f3n limpia y helada.<\/li>\n\n\n\n<li><strong>Sand\u00eda con fresas:<\/strong> El maridaje de frutas dulces favorito del verano.<\/li>\n\n\n\n<li><strong>Hielo de sand\u00eda:<\/strong> Jugosa sand\u00eda helada que quita la sed.<\/li>\n\n\n\n<li><strong>Fresa y mango:<\/strong> Una suave y cremosa fusi\u00f3n de frutas tropicales.<\/li>\n<\/ol>\n\n\n\n<hr class=\"wp-block-separator has-alpha-channel-opacity\"\/>\n\n\n\n<h3 class=\"wp-block-heading\"><strong>Preguntas m\u00e1s frecuentes (FAQ)<\/strong><\/h3>\n\n\n\n<ul class=\"wp-block-list\">\n<li><strong>Qu\u00e9 hace diferente a la bobina de malla de 0,6\u03a9?<\/strong> En <strong>resistencia sub-ohm<\/strong> permite una mayor potencia en vatios y un mayor flujo de aire, lo que es esencial para <strong>DTL vaping<\/strong>. Produce nubes m\u00e1s grandes y un sabor m\u00e1s intenso en comparaci\u00f3n con las bobinas tradicionales de 1,0\u03a9 o 1,2\u03a9 que se encuentran en los desechables est\u00e1ndar.<\/li>\n\n\n\n<li><strong>\u00bfCu\u00e1nto dura realmente el dep\u00f3sito de 40 ml?<\/strong> Con hasta <strong>36.000 caladas<\/strong>, El Bang 36000 est\u00e1 dise\u00f1ado para durar entre 4 y 6 semanas para el vapeador medio, lo que lo convierte en uno de los m\u00e1s <strong>cigarrillos electr\u00f3nicos rentables<\/strong> disponible hoy.<\/li>\n\n\n\n<li><strong>\u00bfLa luz LED est\u00e1 siempre encendida?<\/strong> En <strong>Luz LED de color<\/strong> se activa por extracci\u00f3n, lo que significa que s\u00f3lo se ilumina mientras se est\u00e1 vapeando, preservando la duraci\u00f3n de la bater\u00eda y proporcionando una elegante respuesta visual.<\/li>\n\n\n\n<li><strong>\u00bfCu\u00e1l es el plazo de env\u00edo de los pedidos al por mayor?<\/strong> Ofrecemos env\u00edo r\u00e1pido desde nuestra <strong>Almac\u00e9n de Shenzhen<\/strong>. Los plazos habituales de llegada oscilan entre 7 y 15 d\u00edas laborables, con garant\u00eda de <strong>100% despacho de aduanas<\/strong> y sin impuestos ni tasas ocultas.<\/li>\n\n\n\n<li><strong>\u00bfEl puerto Type-C admite carga r\u00e1pida?<\/strong> S\u00ed. La Bang 36000 utiliza <strong>Tecnolog\u00eda Tipo-C<\/strong>, permitiendo que la bater\u00eda de 650mAh alcance una carga completa en aproximadamente <strong>60 minutos<\/strong>, garantizando un tiempo de inactividad m\u00ednimo.<\/li>\n<\/ul>\n\n\n\n<hr class=\"wp-block-separator has-alpha-channel-opacity\"\/>\n\n\n\n<p><strong>ADVERTENCIA SANITARIA:<\/strong> Este producto contiene nicotina. La nicotina es una sustancia qu\u00edmica adictiva.<\/p>\n\n\n\n<p><strong>Restricci\u00f3n de edad:<\/strong> Este producto est\u00e1 destinado exclusivamente a adultos (mayores de 18 a\u00f1os o la edad legal para fumar en su jurisdicci\u00f3n). Mantener fuera del alcance de los ni\u00f1os y animales dom\u00e9sticos. No utilizar en caso de embarazo o lactancia.<\/p>","protected":false},"excerpt":{"rendered":"<p data-path-to-node=\"7\">En <b data-path-to-node=\"7\" data-index-in-node=\"4\">Bang 36000 Puffs<\/b> establece una nueva referencia de resistencia y estilo visual en el mercado mundial de los cigarrillos electr\u00f3nicos.<\/p>\n<ul data-path-to-node=\"8\">\n<li>\n<p data-path-to-node=\"8,0,0\"><b data-path-to-node=\"8,0,0\" data-index-in-node=\"0\">Capacidad extrema:<\/b> Hasta 36.000 puffs para semanas de uso ininterrumpido.<\/p>\n<\/li>\n<li>\n<p data-path-to-node=\"8,1,0\"><b data-path-to-node=\"8,1,0\" data-index-in-node=\"0\">Sistema de doble dep\u00f3sito:<\/b> Dep\u00f3sito de e-l\u00edquido premium precargado de 40 ml.<\/p>\n<\/li>\n<li>\n<p data-path-to-node=\"8,2,0\"><b data-path-to-node=\"8,2,0\" data-index-in-node=\"0\">Rendimiento Sub-Ohm:<\/b> Bobina de malla de 0,6\u03a9 para un vapeo DTL rico y centrado en la nube.<\/p>\n<\/li>\n<li>\n<p data-path-to-node=\"8,3,0\"><b data-path-to-node=\"8,3,0\" data-index-in-node=\"0\">Est\u00e9tica din\u00e1mica:<\/b> Iluminaci\u00f3n LED de colores activada por tracci\u00f3n para un aspecto moderno.<\/p>\n<\/li>\n<li>\n<p data-path-to-node=\"8,4,0\"><b data-path-to-node=\"8,4,0\" data-index-in-node=\"0\">Recuperaci\u00f3n r\u00e1pida:<\/b> Bater\u00eda recargable de 650 mAh con carga r\u00e1pida Type-C.<\/p>\n<\/li>\n<li>\n<p data-path-to-node=\"8,5,0\"><b data-path-to-node=\"8,5,0\" data-index-in-node=\"0\">Control de precisi\u00f3n:<\/b> Disponible en concentraciones de sal de nicotina 0%, 2%, 3% y 5%.<\/p>\n<\/li>\n<\/ul>","protected":false},"featured_media":8494,"comment_status":"open","ping_status":"closed","template":"","meta":[],"product_brand":[61],"product_cat":[82,87,95],"product_tag":[74,77],"class_list":{"0":"post-8493","1":"product","2":"type-product","3":"status-publish","4":"has-post-thumbnail","6":"product_brand-bang","7":"product_cat-big-puffs-vapes","8":"product_cat-iced-fruit-vapes","9":"product_cat-mesh-coil-vapes","10":"product_tag-dtl-vaping","11":"product_tag-recharge","13":"first","14":"instock","15":"sale","16":"shipping-taxable","17":"purchasable","18":"product-type-variable"},"yoast_head":"<!-- This site is optimized with the Yoast SEO plugin v27.1.1 - https:\/\/yoast.com\/product\/yoast-seo-wordpress\/ -->\n<title>Bang 36000 Puffs Disposable Vape - LED Light &amp; 40mL DTL Sub-Ohm<\/title>\n<meta name=\"description\" content=\"Illuminate your clouds with Bang 36000 Puffs. Features a 40mL dual-tank, 0.6\u03a9 Sub-Ohm coil for DTL vaping, and vibrant LED lights. Factory direct wholesale &amp; fast shipping.\" \/>\n<meta name=\"robots\" content=\"noindex, follow, max-snippet:-1, max-image-preview:large, max-video-preview:-1\" \/>\n<meta property=\"og:locale\" content=\"es_ES\" \/>\n<meta property=\"og:type\" content=\"article\" \/>\n<meta property=\"og:title\" content=\"Bang 36000 Puffs Disposable Vape - LED Light &amp; 40mL DTL Sub-Ohm\" \/>\n<meta property=\"og:description\" content=\"Illuminate your clouds with Bang 36000 Puffs. Features a 40mL dual-tank, 0.6\u03a9 Sub-Ohm coil for DTL vaping, and vibrant LED lights. Factory direct wholesale &amp; fast shipping.\" \/>\n<meta property=\"og:url\" content=\"https:\/\/frivape.com\/es\/product\/bang-36000-puffs-vape-desechable-40ml-dual-tank-dtl-sub-ohm-led-edition\/\" \/>\n<meta property=\"og:site_name\" content=\"frivape | Online Vape Store - Best Vapes, Mods &amp; Disposable Kits\" \/>\n<meta property=\"article:modified_time\" content=\"2026-04-11T12:31:52+00:00\" \/>\n<meta property=\"og:image\" content=\"https:\/\/frivape.com\/wp-content\/uploads\/2026\/04\/Puff-36k-Bang-36000-Puffs-Disposable-Vape-Pen-Hookah-Shisha-1.webp\" \/>\n\t<meta property=\"og:image:width\" content=\"800\" \/>\n\t<meta property=\"og:image:height\" content=\"800\" \/>\n\t<meta property=\"og:image:type\" content=\"image\/webp\" \/>\n<meta name=\"twitter:card\" content=\"summary_large_image\" \/>\n<meta name=\"twitter:label1\" content=\"Tiempo de lectura\" \/>\n\t<meta name=\"twitter:data1\" content=\"3 minutos\" \/>\n<script type=\"application\/ld+json\" class=\"yoast-schema-graph\">{\"@context\":\"https:\/\/schema.org\",\"@graph\":[{\"@type\":\"WebPage\",\"@id\":\"https:\/\/frivape.com\/product\/bang-36000-puffs-disposable-vape-40ml-dual-tank-dtl-sub-ohm-led-edition\/\",\"url\":\"https:\/\/frivape.com\/product\/bang-36000-puffs-disposable-vape-40ml-dual-tank-dtl-sub-ohm-led-edition\/\",\"name\":\"Bang 36000 Puffs Disposable Vape - LED Light & 40mL DTL Sub-Ohm\",\"isPartOf\":{\"@id\":\"https:\/\/frivape.com\/#website\"},\"primaryImageOfPage\":{\"@id\":\"https:\/\/frivape.com\/product\/bang-36000-puffs-disposable-vape-40ml-dual-tank-dtl-sub-ohm-led-edition\/#primaryimage\"},\"image\":{\"@id\":\"https:\/\/frivape.com\/product\/bang-36000-puffs-disposable-vape-40ml-dual-tank-dtl-sub-ohm-led-edition\/#primaryimage\"},\"thumbnailUrl\":\"https:\/\/frivape.com\/wp-content\/uploads\/2026\/04\/Puff-36k-Bang-36000-Puffs-Disposable-Vape-Pen-Hookah-Shisha-1.webp\",\"datePublished\":\"2026-04-11T12:05:43+00:00\",\"dateModified\":\"2026-04-11T12:31:52+00:00\",\"description\":\"Illuminate your clouds with Bang 36000 Puffs. Features a 40mL dual-tank, 0.6\u03a9 Sub-Ohm coil for DTL vaping, and vibrant LED lights. Factory direct wholesale & fast shipping.\",\"breadcrumb\":{\"@id\":\"https:\/\/frivape.com\/product\/bang-36000-puffs-disposable-vape-40ml-dual-tank-dtl-sub-ohm-led-edition\/#breadcrumb\"},\"inLanguage\":\"es\",\"potentialAction\":[{\"@type\":\"ReadAction\",\"target\":[\"https:\/\/frivape.com\/product\/bang-36000-puffs-disposable-vape-40ml-dual-tank-dtl-sub-ohm-led-edition\/\"]}]},{\"@type\":\"ImageObject\",\"inLanguage\":\"es\",\"@id\":\"https:\/\/frivape.com\/product\/bang-36000-puffs-disposable-vape-40ml-dual-tank-dtl-sub-ohm-led-edition\/#primaryimage\",\"url\":\"https:\/\/frivape.com\/wp-content\/uploads\/2026\/04\/Puff-36k-Bang-36000-Puffs-Disposable-Vape-Pen-Hookah-Shisha-1.webp\",\"contentUrl\":\"https:\/\/frivape.com\/wp-content\/uploads\/2026\/04\/Puff-36k-Bang-36000-Puffs-Disposable-Vape-Pen-Hookah-Shisha-1.webp\",\"width\":800,\"height\":800},{\"@type\":\"BreadcrumbList\",\"@id\":\"https:\/\/frivape.com\/product\/bang-36000-puffs-disposable-vape-40ml-dual-tank-dtl-sub-ohm-led-edition\/#breadcrumb\",\"itemListElement\":[{\"@type\":\"ListItem\",\"position\":1,\"name\":\"\u9996\u9875\",\"item\":\"https:\/\/frivape.com\/\"},{\"@type\":\"ListItem\",\"position\":2,\"name\":\"Shop\",\"item\":\"https:\/\/frivape.com\/shop\/\"},{\"@type\":\"ListItem\",\"position\":3,\"name\":\"Bang 36000 Puffs Disposable Vape | 40mL Dual Tank &amp; DTL Sub-Ohm LED Edition\"}]},{\"@type\":\"WebSite\",\"@id\":\"https:\/\/frivape.com\/#website\",\"url\":\"https:\/\/frivape.com\/\",\"name\":\"frivape | Online Vape Store - Best Vapes, Mods &amp; Disposable Kits\",\"description\":\"Shop frivape, your premier online vape shop for authentic mods, disposable vapes, and premium e-liquids. Direct from Shenzhen with fast Europe local shipping. High quality at wholesale prices.\",\"publisher\":{\"@id\":\"https:\/\/frivape.com\/#organization\"},\"potentialAction\":[{\"@type\":\"SearchAction\",\"target\":{\"@type\":\"EntryPoint\",\"urlTemplate\":\"https:\/\/frivape.com\/?s={search_term_string}\"},\"query-input\":{\"@type\":\"PropertyValueSpecification\",\"valueRequired\":true,\"valueName\":\"search_term_string\"}}],\"inLanguage\":\"es\"},{\"@type\":\"Organization\",\"@id\":\"https:\/\/frivape.com\/#organization\",\"name\":\"frivape | Online Vape Store - Best Vapes, Mods &amp; Disposable Kits\",\"url\":\"https:\/\/frivape.com\/\",\"logo\":{\"@type\":\"ImageObject\",\"inLanguage\":\"es\",\"@id\":\"https:\/\/frivape.com\/#\/schema\/logo\/image\/\",\"url\":\"https:\/\/frivape.com\/wp-content\/uploads\/2026\/03\/cropped-frivape-site-title-icon.png\",\"contentUrl\":\"https:\/\/frivape.com\/wp-content\/uploads\/2026\/03\/cropped-frivape-site-title-icon.png\",\"width\":470,\"height\":110,\"caption\":\"frivape | Online Vape Store - Best Vapes, Mods &amp; Disposable Kits\"},\"image\":{\"@id\":\"https:\/\/frivape.com\/#\/schema\/logo\/image\/\"}}]}<\/script>\n<!-- \/ Yoast SEO plugin. -->","yoast_head_json":{"title":"Bang 36000 Puffs Vape Desechable - Luz LED y 40mL DTL Sub-Ohm","description":"Ilumina tus nubes con Bang 36000 Puffs. Cuenta con un tanque dual de 40mL, bobina Sub-Ohm de 0.6\u03a9 para vaping DTL, y vibrantes luces LED. Venta directa de f\u00e1brica y env\u00edo r\u00e1pido.","robots":{"index":"noindex","follow":"follow","max-snippet":"max-snippet:-1","max-image-preview":"max-image-preview:large","max-video-preview":"max-video-preview:-1"},"og_locale":"es_ES","og_type":"article","og_title":"Bang 36000 Puffs Disposable Vape - LED Light & 40mL DTL Sub-Ohm","og_description":"Illuminate your clouds with Bang 36000 Puffs. Features a 40mL dual-tank, 0.6\u03a9 Sub-Ohm coil for DTL vaping, and vibrant LED lights. Factory direct wholesale & fast shipping.","og_url":"https:\/\/frivape.com\/es\/product\/bang-36000-puffs-vape-desechable-40ml-dual-tank-dtl-sub-ohm-led-edition\/","og_site_name":"frivape | Online Vape Store - Best Vapes, Mods &amp; Disposable Kits","article_modified_time":"2026-04-11T12:31:52+00:00","og_image":[{"width":800,"height":800,"url":"https:\/\/frivape.com\/wp-content\/uploads\/2026\/04\/Puff-36k-Bang-36000-Puffs-Disposable-Vape-Pen-Hookah-Shisha-1.webp","type":"image\/webp"}],"twitter_card":"summary_large_image","twitter_misc":{"Tiempo de lectura":"3 minutos"},"schema":{"@context":"https:\/\/schema.org","@graph":[{"@type":"WebPage","@id":"https:\/\/frivape.com\/product\/bang-36000-puffs-disposable-vape-40ml-dual-tank-dtl-sub-ohm-led-edition\/","url":"https:\/\/frivape.com\/product\/bang-36000-puffs-disposable-vape-40ml-dual-tank-dtl-sub-ohm-led-edition\/","name":"Bang 36000 Puffs Vape Desechable - Luz LED y 40mL DTL Sub-Ohm","isPartOf":{"@id":"https:\/\/frivape.com\/#website"},"primaryImageOfPage":{"@id":"https:\/\/frivape.com\/product\/bang-36000-puffs-disposable-vape-40ml-dual-tank-dtl-sub-ohm-led-edition\/#primaryimage"},"image":{"@id":"https:\/\/frivape.com\/product\/bang-36000-puffs-disposable-vape-40ml-dual-tank-dtl-sub-ohm-led-edition\/#primaryimage"},"thumbnailUrl":"https:\/\/frivape.com\/wp-content\/uploads\/2026\/04\/Puff-36k-Bang-36000-Puffs-Disposable-Vape-Pen-Hookah-Shisha-1.webp","datePublished":"2026-04-11T12:05:43+00:00","dateModified":"2026-04-11T12:31:52+00:00","description":"Ilumina tus nubes con Bang 36000 Puffs. Cuenta con un tanque dual de 40mL, bobina Sub-Ohm de 0.6\u03a9 para vaping DTL, y vibrantes luces LED. Venta directa de f\u00e1brica y env\u00edo r\u00e1pido.","breadcrumb":{"@id":"https:\/\/frivape.com\/product\/bang-36000-puffs-disposable-vape-40ml-dual-tank-dtl-sub-ohm-led-edition\/#breadcrumb"},"inLanguage":"es","potentialAction":[{"@type":"ReadAction","target":["https:\/\/frivape.com\/product\/bang-36000-puffs-disposable-vape-40ml-dual-tank-dtl-sub-ohm-led-edition\/"]}]},{"@type":"ImageObject","inLanguage":"es","@id":"https:\/\/frivape.com\/product\/bang-36000-puffs-disposable-vape-40ml-dual-tank-dtl-sub-ohm-led-edition\/#primaryimage","url":"https:\/\/frivape.com\/wp-content\/uploads\/2026\/04\/Puff-36k-Bang-36000-Puffs-Disposable-Vape-Pen-Hookah-Shisha-1.webp","contentUrl":"https:\/\/frivape.com\/wp-content\/uploads\/2026\/04\/Puff-36k-Bang-36000-Puffs-Disposable-Vape-Pen-Hookah-Shisha-1.webp","width":800,"height":800},{"@type":"BreadcrumbList","@id":"https:\/\/frivape.com\/product\/bang-36000-puffs-disposable-vape-40ml-dual-tank-dtl-sub-ohm-led-edition\/#breadcrumb","itemListElement":[{"@type":"ListItem","position":1,"name":"\u9996\u9875","item":"https:\/\/frivape.com\/"},{"@type":"ListItem","position":2,"name":"Shop","item":"https:\/\/frivape.com\/shop\/"},{"@type":"ListItem","position":3,"name":"Bang 36000 Puffs Disposable Vape | 40mL Dual Tank &amp; DTL Sub-Ohm LED Edition"}]},{"@type":"WebSite","@id":"https:\/\/frivape.com\/#website","url":"https:\/\/frivape.com\/","name":"frivape | Online Vape Store - Los mejores Vapes, Mods y Kits desechables","description":"Tienda frivape, su principal tienda de vape en l\u00ednea para mods aut\u00e9nticos, vapes desechables, y e-l\u00edquidos premium. Directo desde Shenzhen con env\u00edo local r\u00e1pido a Europa. Alta calidad a precios de mayorista.","publisher":{"@id":"https:\/\/frivape.com\/#organization"},"potentialAction":[{"@type":"SearchAction","target":{"@type":"EntryPoint","urlTemplate":"https:\/\/frivape.com\/?s={search_term_string}"},"query-input":{"@type":"PropertyValueSpecification","valueRequired":true,"valueName":"search_term_string"}}],"inLanguage":"es"},{"@type":"Organization","@id":"https:\/\/frivape.com\/#organization","name":"frivape | Online Vape Store - Los mejores Vapes, Mods y Kits desechables","url":"https:\/\/frivape.com\/","logo":{"@type":"ImageObject","inLanguage":"es","@id":"https:\/\/frivape.com\/#\/schema\/logo\/image\/","url":"https:\/\/frivape.com\/wp-content\/uploads\/2026\/03\/cropped-frivape-site-title-icon.png","contentUrl":"https:\/\/frivape.com\/wp-content\/uploads\/2026\/03\/cropped-frivape-site-title-icon.png","width":470,"height":110,"caption":"frivape | Online Vape Store - Best Vapes, Mods &amp; Disposable Kits"},"image":{"@id":"https:\/\/frivape.com\/#\/schema\/logo\/image\/"}}]}},"tiered_pricing_type":"fixed","tiered_pricing_fixed_rules":{"10":10.88,"50":9.88,"100":8.88,"200":7.88},"tiered_pricing_product_settings":{"layout":"default","base_unit_name":{"singular":null,"plural":null},"default_variation":{}},"tiered_pricing_minimum_quantity":null,"tiered_pricing_roles_data":[],"tiered_pricing_percentage_rules":[],"_links":{"self":[{"href":"https:\/\/frivape.com\/es\/wp-json\/wp\/v2\/product\/8493","targetHints":{"allow":["GET"]}}],"collection":[{"href":"https:\/\/frivape.com\/es\/wp-json\/wp\/v2\/product"}],"about":[{"href":"https:\/\/frivape.com\/es\/wp-json\/wp\/v2\/types\/product"}],"replies":[{"embeddable":true,"href":"https:\/\/frivape.com\/es\/wp-json\/wp\/v2\/comments?post=8493"}],"wp:featuredmedia":[{"embeddable":true,"href":"https:\/\/frivape.com\/es\/wp-json\/wp\/v2\/media\/8494"}],"wp:attachment":[{"href":"https:\/\/frivape.com\/es\/wp-json\/wp\/v2\/media?parent=8493"}],"wp:term":[{"taxonomy":"product_brand","embeddable":true,"href":"https:\/\/frivape.com\/es\/wp-json\/wp\/v2\/product_brand?post=8493"},{"taxonomy":"product_cat","embeddable":true,"href":"https:\/\/frivape.com\/es\/wp-json\/wp\/v2\/product_cat?post=8493"},{"taxonomy":"product_tag","embeddable":true,"href":"https:\/\/frivape.com\/es\/wp-json\/wp\/v2\/product_tag?post=8493"}],"curies":[{"name":"wp","href":"https:\/\/api.w.org\/{rel}","templated":true}]}}