{"id":8946,"date":"2026-04-12T15:35:49","date_gmt":"2026-04-12T07:35:49","guid":{"rendered":"https:\/\/frivape.com\/?post_type=product&#038;p=8946"},"modified":"2026-04-12T15:43:25","modified_gmt":"2026-04-12T07:43:25","slug":"jnr-falcon-x-18000-puffs-digital-display-vape","status":"publish","type":"product","link":"https:\/\/frivape.com\/es\/product\/jnr-falcon-x-18000-puffs-digital-display-vape\/","title":{"rendered":"JNR Falcon X 18000 Puffs Vape Desechable | 0.6\u03a9 Dual Mesh &amp; Digital Display | 24mL"},"content":{"rendered":"<h2 class=\"wp-block-heading has-text-align-center\"><strong>La ingenier\u00eda detr\u00e1s del JNR Falcon X 18000<\/strong><\/h2>\n\n\n\n<p>En <strong>JNR Falcon X 18000<\/strong> no es s\u00f3lo un desechable; es una estaci\u00f3n de vapeo dise\u00f1ada con precisi\u00f3n. Impulsado por la visi\u00f3n de <strong>\u201cM\u00e1xima fiabilidad\u201d.\u201d<\/strong> JNR ha equipado este modelo con un <strong>Control de doble n\u00facleo<\/strong> que alterna entre sus bobinas de malla. Esto evita la degradaci\u00f3n del sabor con el tiempo, asegurando que la \u00faltima calada sea tan vibrante como la primera. Con un <strong>Dep\u00f3sito XL de 24 ml<\/strong>, Adem\u00e1s, ofrece una de las mayores proporciones de e-l\u00edquido por calada del sector, lo que la convierte en la elecci\u00f3n perfecta tanto para usuarios habituales como para mayoristas.<\/p>\n\n\n\n<h3 class=\"wp-block-heading\"><strong>0.6\u03a9 Dual Mesh: Una Verdadera Experiencia Sub-Ohm<\/strong><\/h3>\n\n\n\n<p>A diferencia de las bobinas est\u00e1ndar de 1,2\u03a9 que se encuentran en los desechables b\u00e1sicos, el Falcon X utiliza un <strong>malla doble de 0,6\u03a9 de baja resistencia<\/strong> configuraci\u00f3n. Esto permite una mayor potencia equivalente en vatios, lo que se traduce en <strong>Nubes de vapor densas<\/strong> y un perfil \u201cBold Flavor\u201d t\u00edpico de los kits mod caros. Tanto si utiliza el <strong>2% (20mg\/mL)<\/strong> o <strong>5% (50mg\/mL)<\/strong> opciones de sal de nicotina, el golpe de garganta sigue siendo suave y satisfactorio gracias a la avanzada tecnolog\u00eda de atomizaci\u00f3n.<\/p>\n\n\n\n<h3 class=\"wp-block-heading\"><strong>Visibilidad total con pantalla LED inteligente<\/strong><\/h3>\n\n\n\n<p>Que nunca te pille desprevenido una bater\u00eda agotada o un dep\u00f3sito vac\u00edo. En <strong>JNR Falcon X<\/strong> cuenta con una <strong>Cuadro de mandos digital LED<\/strong>. Esta interfaz de alta tecnolog\u00eda ofrece una cuenta atr\u00e1s en tiempo real de los recursos que te quedan. Junto con el <strong>Bater\u00eda recargable de 950 mAh<\/strong>, que se carga completamente en aproximadamente 45-60 minutos a trav\u00e9s de Type-C, el Falcon X ofrece un viaje de vapeo \u201csin ansiedad\u201d.<\/p>\n\n\n\n<h3 class=\"wp-block-heading\"><strong>Colecci\u00f3n de m\u00e1s de 50 sabores premium<\/strong><\/h3>\n\n\n\n<p>Descubra un mundo de frutas ex\u00f3ticas, refrescantes helados y mezclas exclusivas de JNR:<\/p>\n\n\n\n<ol start=\"1\" class=\"wp-block-list\">\n<li><strong>Hielo Razz Azul<\/strong> | 02. <strong>Ar\u00e1ndano Frambuesa<\/strong> | 03. <strong>Menta fresca<\/strong> | 04. <strong>Hielo de kiwi y sand\u00eda<\/strong> | 05. <strong>Hielo de uva<\/strong> | 06. <strong>Fresa Kiwi<\/strong> | 07. <strong>Hielo de fresa y sand\u00eda<\/strong> | 08. <strong>Hielo de sand\u00eda<\/strong> | 09. <strong>Fresa helada<\/strong> | 10. <strong>Mezcla de bayas<\/strong> | 11. <strong>Sand\u00eda Chicle<\/strong> | 12. <strong>Hielo de manzana \u00e1cida<\/strong> | 13. <strong>Melocot\u00f3n helado<\/strong> | 14. <strong>Osito de goma<\/strong> | 15. <strong>R\u00e1faga de bayas<\/strong> | 16. <strong>Ar\u00e1ndano Frambuesa Cereza<\/strong> | 17. <strong>Cereza<\/strong> | 18. <strong>Fresa Pl\u00e1tano<\/strong> | 19. <strong>Lim\u00f3n y lima<\/strong> | 20. <strong>Ar\u00e1ndano Kiwi<\/strong> | 21. <strong>Fruta de la pasi\u00f3n Kiwi<\/strong> | 22. <strong>Melocot\u00f3n blanco Razz<\/strong> | 23. <strong>Azul Razz Cereza<\/strong> | 24. <strong>Sand\u00eda con cerezas congelada<\/strong> | 25. <strong>Cereza Cola<\/strong> | 26. <strong>Helado de melocot\u00f3n de verano<\/strong> | 27. <strong>Ar\u00e1ndano Cereza Ar\u00e1ndano<\/strong> | 28. <strong>Melocot\u00f3n Mango Pi\u00f1a<\/strong> | 29. <strong>Melocot\u00f3n baya<\/strong> | 30. <strong>Hielo de pl\u00e1tano<\/strong> | 31. <strong>Bolos<\/strong> | 32. <strong>Mel\u00f3n triple<\/strong> | 33. <strong>Sr. Azul<\/strong> | 34. <strong>Cereza helada<\/strong> | 35. <strong>Sand\u00eda Lichi<\/strong> | 36. <strong>Hielo negro<\/strong> | 37. <strong>Amor 66<\/strong> | 38. <strong>Hawai<\/strong> | 39. <strong>Mi Amor<\/strong> | 40. <strong>Lady Killa<\/strong> | 41. <strong>Frambuesa Ruibarbo<\/strong> | 42. <strong>Limonada de cereza y melocot\u00f3n<\/strong> | 43. <strong>Explosi\u00f3n de cerezas azules<\/strong> | 44. <strong>Manzana Pera<\/strong> | 45. <strong>Frutas tropicales<\/strong> | 46. <strong>JNR Cereza espumosa<\/strong> | 47. <strong>JNR Sand\u00eda Rooty Fizz<\/strong> | 48. <strong>Mousseux de cacao azul JNR<\/strong> | 49. <strong>JNR Frutas \u00e1cidas<\/strong> | 50. <strong>JNR Raspberry Rouge Gumdrop<\/strong><\/li>\n<\/ol>\n\n\n\n<h3 class=\"wp-block-heading\"><strong>Preguntas m\u00e1s frecuentes (FAQ)<\/strong><\/h3>\n\n\n\n<ul class=\"wp-block-list\">\n<li><strong>\u00bfCu\u00e1nto suele durar un dispositivo JNR 18k?<\/strong> Con <strong>18.000 bocanadas<\/strong> y un <strong>Dep\u00f3sito de 24 ml<\/strong>, un solo dispositivo dura entre 3 y 5 semanas para los usuarios medios.<\/li>\n\n\n\n<li><strong>Cu\u00e1l es la ventaja de la bobina de 0,6\u03a9?<\/strong> Proporciona una experiencia \u201cSub-Ohm\u201d, lo que significa m\u00e1s vapor y un golpe de sabor m\u00e1s intenso. Es ideal para los usuarios que se alejan de las narguiles shisha tradicionales.<\/li>\n\n\n\n<li><strong>\u00bfEs el flujo de aire realmente ajustable?<\/strong> S\u00ed. La base del dispositivo cuenta con una palanca que le permite cambiar entre un ajustado <strong>MTL (boca a pulm\u00f3n)<\/strong> sorteo y una <strong>RDL (pulm\u00f3n directo restringido)<\/strong> dibujar.<\/li>\n\n\n\n<li><strong>\u00bfHay impuestos ocultos para los env\u00edos a la UE?<\/strong> No. Todos nuestros env\u00edos desde el <strong>Almac\u00e9n de la UE<\/strong> utilice <strong>DDP (Entregado derechos pagados)<\/strong> condiciones. Nos encargamos de todas las aduanas e impuestos.<\/li>\n<\/ul>\n\n\n\n<p><strong>ADVERTENCIA SANITARIA:<\/strong> Este producto contiene nicotina. La nicotina es una sustancia qu\u00edmica adictiva.<\/p>\n\n\n\n<p><strong>Restricci\u00f3n de edad:<\/strong> Este producto est\u00e1 destinado exclusivamente a adultos (mayores de 18 a\u00f1os). Mantener fuera del alcance de ni\u00f1os y mascotas.<\/p>","protected":false},"excerpt":{"rendered":"<p data-path-to-node=\"10\">Ad\u00e9ntrese en el futuro del vapeo con el <b data-path-to-node=\"10\" data-index-in-node=\"40\">JNR Falcon X 18k<\/b>, donde el control de alta tecnolog\u00eda se une al rendimiento bruto.<\/p>\n<ul data-path-to-node=\"11\">\n<li>\n<p data-path-to-node=\"11,0,0\"><b data-path-to-node=\"11,0,0\" data-index-in-node=\"0\">Conteo de Puff Extremo:<\/b> Hasta 18.000 caladas gracias a un sistema de doble n\u00facleo ultraeficiente.<\/p>\n<\/li>\n<li>\n<p data-path-to-node=\"11,1,0\"><b data-path-to-node=\"11,1,0\" data-index-in-node=\"0\">Rendimiento Sub-Ohm:<\/b> 0.6\u03a9 Dual Mesh Coil asegura un calentamiento r\u00e1pido y estallidos masivos de nubes.<\/p>\n<\/li>\n<li>\n<p data-path-to-node=\"11,2,0\"><b data-path-to-node=\"11,2,0\" data-index-in-node=\"0\">Supervisi\u00f3n inteligente:<\/b> La pantalla LED de alta definici\u00f3n muestra el porcentaje de bater\u00eda y el estado de carga.<\/p>\n<\/li>\n<li>\n<p data-path-to-node=\"11,3,0\"><b data-path-to-node=\"11,3,0\" data-index-in-node=\"0\">Flujo de aire personalizado:<\/b> Palanca en la parte inferior para un tiro MTL apretado o un golpe RDL cargado de nubes.<\/p>\n<\/li>\n<li>\n<p data-path-to-node=\"11,4,0\"><b data-path-to-node=\"11,4,0\" data-index-in-node=\"0\">Recuperaci\u00f3n r\u00e1pida:<\/b> Bater\u00eda de cobalto de 950mAh con carga r\u00e1pida Type-C (20-25 min a 80%).<\/p>\n<\/li>\n<li>\n<p data-path-to-node=\"11,5,0\"><b data-path-to-node=\"11,5,0\" data-index-in-node=\"0\">Ventaja B2B:<\/b> Enviado desde <b data-path-to-node=\"11,5,0\" data-index-in-node=\"28\">Berl\u00edn\/Alemania Almac\u00e9n<\/b> con garant\u00eda de despacho de aduanas 100%.<\/p>\n<\/li>\n<\/ul>","protected":false},"featured_media":8947,"comment_status":"open","ping_status":"closed","template":"","meta":[],"product_brand":[65],"product_cat":[88,89,96,87,83],"product_tag":[75,76,93,77,79],"class_list":{"0":"post-8946","1":"product","2":"type-product","3":"status-publish","4":"has-post-thumbnail","6":"product_brand-jnr","7":"product_cat-beverage-soda-vapes","8":"product_cat-candy-sweet-vapes","9":"product_cat-dual-mesh-vapes","10":"product_cat-iced-fruit-vapes","11":"product_cat-pro-puffs-vapes","12":"product_tag-eu-warehouse","13":"product_tag-mtl-vaping","14":"product_tag-rdl-vaping","15":"product_tag-recharge","16":"product_tag-smart-screen-display","18":"first","19":"instock","20":"sale","21":"shipping-taxable","22":"purchasable","23":"product-type-variable"},"yoast_head":"<!-- This site is optimized with the Yoast SEO plugin v27.1.1 - https:\/\/yoast.com\/product\/yoast-seo-wordpress\/ -->\n<title>JNR Falcon X 18000 Puffs Vape - 0.6\u03a9 Dual Mesh &amp; LED Display<\/title>\n<meta name=\"description\" content=\"Explore the JNR Falcon X 18000. Features 18k puffs, 24mL reservoir, 0.6\u03a9 Dual Mesh coil, and Smart LED screen. Wholesale discounts &amp; fast EU shipping.\" \/>\n<meta name=\"robots\" content=\"noindex, follow, max-snippet:-1, max-image-preview:large, max-video-preview:-1\" \/>\n<meta property=\"og:locale\" content=\"es_ES\" \/>\n<meta property=\"og:type\" content=\"article\" \/>\n<meta property=\"og:title\" content=\"JNR Falcon X 18000 Puffs Vape - 0.6\u03a9 Dual Mesh &amp; LED Display\" \/>\n<meta property=\"og:description\" content=\"Explore the JNR Falcon X 18000. Features 18k puffs, 24mL reservoir, 0.6\u03a9 Dual Mesh coil, and Smart LED screen. Wholesale discounts &amp; fast EU shipping.\" \/>\n<meta property=\"og:url\" content=\"https:\/\/frivape.com\/es\/product\/jnr-falcon-x-18000-puffs-digital-display-vape\/\" \/>\n<meta property=\"og:site_name\" content=\"frivape | Online Vape Store - Best Vapes, Mods &amp; Disposable Kits\" \/>\n<meta property=\"article:modified_time\" content=\"2026-04-12T07:43:25+00:00\" \/>\n<meta property=\"og:image\" content=\"https:\/\/frivape.com\/wp-content\/uploads\/2026\/04\/jnr-falon-x-18000-puffs-24hvape-jnr-falon-x-18000-puffs-sleek-vape-jnr-falon-x-18000-puffs-home-page-picture.jpg.webp\" \/>\n\t<meta property=\"og:image:width\" content=\"1000\" \/>\n\t<meta property=\"og:image:height\" content=\"1000\" \/>\n\t<meta property=\"og:image:type\" content=\"image\/webp\" \/>\n<meta name=\"twitter:card\" content=\"summary_large_image\" \/>\n<meta name=\"twitter:label1\" content=\"Tiempo de lectura\" \/>\n\t<meta name=\"twitter:data1\" content=\"3 minutos\" \/>\n<script type=\"application\/ld+json\" class=\"yoast-schema-graph\">{\"@context\":\"https:\/\/schema.org\",\"@graph\":[{\"@type\":\"WebPage\",\"@id\":\"https:\/\/frivape.com\/product\/jnr-falcon-x-18000-puffs-digital-display-vape\/\",\"url\":\"https:\/\/frivape.com\/product\/jnr-falcon-x-18000-puffs-digital-display-vape\/\",\"name\":\"JNR Falcon X 18000 Puffs Vape - 0.6\u03a9 Dual Mesh & LED Display\",\"isPartOf\":{\"@id\":\"https:\/\/frivape.com\/#website\"},\"primaryImageOfPage\":{\"@id\":\"https:\/\/frivape.com\/product\/jnr-falcon-x-18000-puffs-digital-display-vape\/#primaryimage\"},\"image\":{\"@id\":\"https:\/\/frivape.com\/product\/jnr-falcon-x-18000-puffs-digital-display-vape\/#primaryimage\"},\"thumbnailUrl\":\"https:\/\/frivape.com\/wp-content\/uploads\/2026\/04\/jnr-falon-x-18000-puffs-24hvape-jnr-falon-x-18000-puffs-sleek-vape-jnr-falon-x-18000-puffs-home-page-picture.jpg.webp\",\"datePublished\":\"2026-04-12T07:35:49+00:00\",\"dateModified\":\"2026-04-12T07:43:25+00:00\",\"description\":\"Explore the JNR Falcon X 18000. Features 18k puffs, 24mL reservoir, 0.6\u03a9 Dual Mesh coil, and Smart LED screen. Wholesale discounts & fast EU shipping.\",\"breadcrumb\":{\"@id\":\"https:\/\/frivape.com\/product\/jnr-falcon-x-18000-puffs-digital-display-vape\/#breadcrumb\"},\"inLanguage\":\"es\",\"potentialAction\":[{\"@type\":\"ReadAction\",\"target\":[\"https:\/\/frivape.com\/product\/jnr-falcon-x-18000-puffs-digital-display-vape\/\"]}]},{\"@type\":\"ImageObject\",\"inLanguage\":\"es\",\"@id\":\"https:\/\/frivape.com\/product\/jnr-falcon-x-18000-puffs-digital-display-vape\/#primaryimage\",\"url\":\"https:\/\/frivape.com\/wp-content\/uploads\/2026\/04\/jnr-falon-x-18000-puffs-24hvape-jnr-falon-x-18000-puffs-sleek-vape-jnr-falon-x-18000-puffs-home-page-picture.jpg.webp\",\"contentUrl\":\"https:\/\/frivape.com\/wp-content\/uploads\/2026\/04\/jnr-falon-x-18000-puffs-24hvape-jnr-falon-x-18000-puffs-sleek-vape-jnr-falon-x-18000-puffs-home-page-picture.jpg.webp\",\"width\":1000,\"height\":1000},{\"@type\":\"BreadcrumbList\",\"@id\":\"https:\/\/frivape.com\/product\/jnr-falcon-x-18000-puffs-digital-display-vape\/#breadcrumb\",\"itemListElement\":[{\"@type\":\"ListItem\",\"position\":1,\"name\":\"\u9996\u9875\",\"item\":\"https:\/\/frivape.com\/\"},{\"@type\":\"ListItem\",\"position\":2,\"name\":\"Shop\",\"item\":\"https:\/\/frivape.com\/shop\/\"},{\"@type\":\"ListItem\",\"position\":3,\"name\":\"JNR Falcon X 18000 Puffs Disposable Vape | 0.6\u03a9 Dual Mesh &amp; Digital Display | 24mL\"}]},{\"@type\":\"WebSite\",\"@id\":\"https:\/\/frivape.com\/#website\",\"url\":\"https:\/\/frivape.com\/\",\"name\":\"frivape | Online Vape Store - Best Vapes, Mods &amp; Disposable Kits\",\"description\":\"Shop frivape, your premier online vape shop for authentic mods, disposable vapes, and premium e-liquids. Direct from Shenzhen with fast Europe local shipping. High quality at wholesale prices.\",\"publisher\":{\"@id\":\"https:\/\/frivape.com\/#organization\"},\"potentialAction\":[{\"@type\":\"SearchAction\",\"target\":{\"@type\":\"EntryPoint\",\"urlTemplate\":\"https:\/\/frivape.com\/?s={search_term_string}\"},\"query-input\":{\"@type\":\"PropertyValueSpecification\",\"valueRequired\":true,\"valueName\":\"search_term_string\"}}],\"inLanguage\":\"es\"},{\"@type\":\"Organization\",\"@id\":\"https:\/\/frivape.com\/#organization\",\"name\":\"frivape | Online Vape Store - Best Vapes, Mods &amp; Disposable Kits\",\"url\":\"https:\/\/frivape.com\/\",\"logo\":{\"@type\":\"ImageObject\",\"inLanguage\":\"es\",\"@id\":\"https:\/\/frivape.com\/#\/schema\/logo\/image\/\",\"url\":\"https:\/\/frivape.com\/wp-content\/uploads\/2026\/03\/cropped-frivape-site-title-icon.png\",\"contentUrl\":\"https:\/\/frivape.com\/wp-content\/uploads\/2026\/03\/cropped-frivape-site-title-icon.png\",\"width\":470,\"height\":110,\"caption\":\"frivape | Online Vape Store - Best Vapes, Mods &amp; Disposable Kits\"},\"image\":{\"@id\":\"https:\/\/frivape.com\/#\/schema\/logo\/image\/\"}}]}<\/script>\n<!-- \/ Yoast SEO plugin. -->","yoast_head_json":{"title":"JNR Falcon X 18000 Puffs Vape - 0.6\u03a9 Dual Mesh &amp; Pantalla LED","description":"Explora el JNR Falcon X 18000. Cuenta con 18k caladas, dep\u00f3sito de 24mL, bobina Dual Mesh de 0,6\u03a9 y pantalla Smart LED. Descuentos al por mayor y env\u00edo r\u00e1pido a la UE.","robots":{"index":"noindex","follow":"follow","max-snippet":"max-snippet:-1","max-image-preview":"max-image-preview:large","max-video-preview":"max-video-preview:-1"},"og_locale":"es_ES","og_type":"article","og_title":"JNR Falcon X 18000 Puffs Vape - 0.6\u03a9 Dual Mesh & LED Display","og_description":"Explore the JNR Falcon X 18000. Features 18k puffs, 24mL reservoir, 0.6\u03a9 Dual Mesh coil, and Smart LED screen. Wholesale discounts & fast EU shipping.","og_url":"https:\/\/frivape.com\/es\/product\/jnr-falcon-x-18000-puffs-digital-display-vape\/","og_site_name":"frivape | Online Vape Store - Best Vapes, Mods &amp; Disposable Kits","article_modified_time":"2026-04-12T07:43:25+00:00","og_image":[{"width":1000,"height":1000,"url":"https:\/\/frivape.com\/wp-content\/uploads\/2026\/04\/jnr-falon-x-18000-puffs-24hvape-jnr-falon-x-18000-puffs-sleek-vape-jnr-falon-x-18000-puffs-home-page-picture.jpg.webp","type":"image\/webp"}],"twitter_card":"summary_large_image","twitter_misc":{"Tiempo de lectura":"3 minutos"},"schema":{"@context":"https:\/\/schema.org","@graph":[{"@type":"WebPage","@id":"https:\/\/frivape.com\/product\/jnr-falcon-x-18000-puffs-digital-display-vape\/","url":"https:\/\/frivape.com\/product\/jnr-falcon-x-18000-puffs-digital-display-vape\/","name":"JNR Falcon X 18000 Puffs Vape - 0.6\u03a9 Dual Mesh &amp; Pantalla LED","isPartOf":{"@id":"https:\/\/frivape.com\/#website"},"primaryImageOfPage":{"@id":"https:\/\/frivape.com\/product\/jnr-falcon-x-18000-puffs-digital-display-vape\/#primaryimage"},"image":{"@id":"https:\/\/frivape.com\/product\/jnr-falcon-x-18000-puffs-digital-display-vape\/#primaryimage"},"thumbnailUrl":"https:\/\/frivape.com\/wp-content\/uploads\/2026\/04\/jnr-falon-x-18000-puffs-24hvape-jnr-falon-x-18000-puffs-sleek-vape-jnr-falon-x-18000-puffs-home-page-picture.jpg.webp","datePublished":"2026-04-12T07:35:49+00:00","dateModified":"2026-04-12T07:43:25+00:00","description":"Explora el JNR Falcon X 18000. Cuenta con 18k caladas, dep\u00f3sito de 24mL, bobina Dual Mesh de 0,6\u03a9 y pantalla Smart LED. Descuentos al por mayor y env\u00edo r\u00e1pido a la UE.","breadcrumb":{"@id":"https:\/\/frivape.com\/product\/jnr-falcon-x-18000-puffs-digital-display-vape\/#breadcrumb"},"inLanguage":"es","potentialAction":[{"@type":"ReadAction","target":["https:\/\/frivape.com\/product\/jnr-falcon-x-18000-puffs-digital-display-vape\/"]}]},{"@type":"ImageObject","inLanguage":"es","@id":"https:\/\/frivape.com\/product\/jnr-falcon-x-18000-puffs-digital-display-vape\/#primaryimage","url":"https:\/\/frivape.com\/wp-content\/uploads\/2026\/04\/jnr-falon-x-18000-puffs-24hvape-jnr-falon-x-18000-puffs-sleek-vape-jnr-falon-x-18000-puffs-home-page-picture.jpg.webp","contentUrl":"https:\/\/frivape.com\/wp-content\/uploads\/2026\/04\/jnr-falon-x-18000-puffs-24hvape-jnr-falon-x-18000-puffs-sleek-vape-jnr-falon-x-18000-puffs-home-page-picture.jpg.webp","width":1000,"height":1000},{"@type":"BreadcrumbList","@id":"https:\/\/frivape.com\/product\/jnr-falcon-x-18000-puffs-digital-display-vape\/#breadcrumb","itemListElement":[{"@type":"ListItem","position":1,"name":"\u9996\u9875","item":"https:\/\/frivape.com\/"},{"@type":"ListItem","position":2,"name":"Shop","item":"https:\/\/frivape.com\/shop\/"},{"@type":"ListItem","position":3,"name":"JNR Falcon X 18000 Puffs Disposable Vape | 0.6\u03a9 Dual Mesh &amp; Digital Display | 24mL"}]},{"@type":"WebSite","@id":"https:\/\/frivape.com\/#website","url":"https:\/\/frivape.com\/","name":"frivape | Online Vape Store - Los mejores Vapes, Mods y Kits desechables","description":"Tienda frivape, su principal tienda de vape en l\u00ednea para mods aut\u00e9nticos, vapes desechables, y e-l\u00edquidos premium. Directo desde Shenzhen con env\u00edo local r\u00e1pido a Europa. Alta calidad a precios de mayorista.","publisher":{"@id":"https:\/\/frivape.com\/#organization"},"potentialAction":[{"@type":"SearchAction","target":{"@type":"EntryPoint","urlTemplate":"https:\/\/frivape.com\/?s={search_term_string}"},"query-input":{"@type":"PropertyValueSpecification","valueRequired":true,"valueName":"search_term_string"}}],"inLanguage":"es"},{"@type":"Organization","@id":"https:\/\/frivape.com\/#organization","name":"frivape | Online Vape Store - Los mejores Vapes, Mods y Kits desechables","url":"https:\/\/frivape.com\/","logo":{"@type":"ImageObject","inLanguage":"es","@id":"https:\/\/frivape.com\/#\/schema\/logo\/image\/","url":"https:\/\/frivape.com\/wp-content\/uploads\/2026\/03\/cropped-frivape-site-title-icon.png","contentUrl":"https:\/\/frivape.com\/wp-content\/uploads\/2026\/03\/cropped-frivape-site-title-icon.png","width":470,"height":110,"caption":"frivape | Online Vape Store - Best Vapes, Mods &amp; Disposable Kits"},"image":{"@id":"https:\/\/frivape.com\/#\/schema\/logo\/image\/"}}]}},"tiered_pricing_type":"fixed","tiered_pricing_fixed_rules":{"10":12.39,"50":11.59,"100":10.79,"200":9.99},"tiered_pricing_product_settings":{"layout":"default","base_unit_name":{"singular":null,"plural":null},"default_variation":{}},"tiered_pricing_minimum_quantity":null,"tiered_pricing_roles_data":[],"tiered_pricing_percentage_rules":[],"_links":{"self":[{"href":"https:\/\/frivape.com\/es\/wp-json\/wp\/v2\/product\/8946","targetHints":{"allow":["GET"]}}],"collection":[{"href":"https:\/\/frivape.com\/es\/wp-json\/wp\/v2\/product"}],"about":[{"href":"https:\/\/frivape.com\/es\/wp-json\/wp\/v2\/types\/product"}],"replies":[{"embeddable":true,"href":"https:\/\/frivape.com\/es\/wp-json\/wp\/v2\/comments?post=8946"}],"wp:featuredmedia":[{"embeddable":true,"href":"https:\/\/frivape.com\/es\/wp-json\/wp\/v2\/media\/8947"}],"wp:attachment":[{"href":"https:\/\/frivape.com\/es\/wp-json\/wp\/v2\/media?parent=8946"}],"wp:term":[{"taxonomy":"product_brand","embeddable":true,"href":"https:\/\/frivape.com\/es\/wp-json\/wp\/v2\/product_brand?post=8946"},{"taxonomy":"product_cat","embeddable":true,"href":"https:\/\/frivape.com\/es\/wp-json\/wp\/v2\/product_cat?post=8946"},{"taxonomy":"product_tag","embeddable":true,"href":"https:\/\/frivape.com\/es\/wp-json\/wp\/v2\/product_tag?post=8946"}],"curies":[{"name":"wp","href":"https:\/\/api.w.org\/{rel}","templated":true}]}}