{"id":9236,"date":"2026-04-16T00:40:44","date_gmt":"2026-04-15T16:40:44","guid":{"rendered":"https:\/\/frivape.com\/?post_type=product&#038;p=9236"},"modified":"2026-04-16T00:50:47","modified_gmt":"2026-04-15T16:50:47","slug":"fumot-50k-eco-2en1-50000-caladas-vape-desechable","status":"publish","type":"product","link":"https:\/\/frivape.com\/es\/product\/fumot-50k-eco-2en1-50000-caladas-vape-desechable\/","title":{"rendered":"Fumot ECO 2en1 50000 Puffs Vape Desechable | Tanque de Doble Sabor | Pantalla Inteligente &amp; RGB"},"content":{"rendered":"<h3 class=\"wp-block-heading\"><strong>Fumot: Vaping m\u00e1s inteligente<\/strong><\/h3>\n\n\n\n<p><strong>Fumot<\/strong> es una marca l\u00edder impulsada por la tecnolog\u00eda y comprometida con la creaci\u00f3n de la experiencia de vapeo definitiva. Como la marca maestra detr\u00e1s del ic\u00f3nico <strong>Tornado RandM<\/strong> Fumot sigue superando los l\u00edmites con la serie <strong>Fumot ECO 2en1 50000<\/strong>. Este dispositivo encarna el enfoque de la marca en una est\u00e9tica audaz y un riguroso control de calidad, proporcionando una alternativa de alto rendimiento al fumar tradicional para los entusiastas adultos en m\u00e1s de 60 pa\u00edses.<\/p>\n\n\n\n<h3 class=\"wp-block-heading\"><strong>Doble sabor, doble satisfacci\u00f3n<\/strong><\/h3>\n\n\n\n<p>La caracter\u00edstica m\u00e1s destacada del Fumot 50k es su <strong>Sistema de doble dep\u00f3sito de 10ml+10ml<\/strong>. \u00bfPor qu\u00e9 conformarse con un \u00fanico sabor cuando puede tener dos? Utilizando una palanca f\u00edsica, puede cambiar instant\u00e1neamente entre perfiles de sabor complementarios. Este sistema evita la \u201clengua del vapeador\u201d y garantiza que el <strong>Bobina de malla de 0,9\u03a9<\/strong> proporciona una sensaci\u00f3n fresca e intensa cada vez que se inhala. Es el perfecto <strong>bol\u00edgrafo recargable para cigarrillos electr\u00f3nicos<\/strong> para los que buscan <strong>Vapes desechables al por mayor de China<\/strong> con un punto de venta \u00fanico.<\/p>\n\n\n\n<h3 class=\"wp-block-heading\"><strong>Control inteligente y est\u00e9tica iridiscente<\/strong><\/h3>\n\n\n\n<p>Mantente al mando con la alta definici\u00f3n <strong>Pantalla de visualizaci\u00f3n inteligente<\/strong>, que proporciona informaci\u00f3n actualizada en tiempo real sobre el estado de la bater\u00eda de 950 mAh y el aceite. El dispositivo no s\u00f3lo es inteligente, sino tambi\u00e9n elegante. La firma <strong>iluminaci\u00f3n din\u00e1mica iridiscente<\/strong> pulsaciones durante el uso, lo que convierte al Fumot ECO 2en1 en una obra maestra visual. Dise\u00f1ado para una <strong>MTL (boca a pulm\u00f3n)<\/strong> a <strong>RDL (pulm\u00f3n directo restringido)<\/strong> garantiza que cada calada sea suave y satisfactoria.<\/p>\n\n\n\n<h3 class=\"wp-block-heading\"><strong>Combinaciones de sabores destacadas: Un viaje biosensorial<\/strong><\/h3>\n\n\n\n<p>En <strong>Fumot ECO 2en1 50000<\/strong> est\u00e1 dise\u00f1ado para eliminar la \u201cfatiga de sabor\u201d. Con nuestras 24 combinaciones seleccionadas por expertos, puedes cambiar de estado de \u00e1nimo, estaci\u00f3n o antojo con un simple toque.<\/p>\n\n\n\n<ul class=\"wp-block-list\">\n<li><strong>01. Black Mamba &amp; Mr Blue:<\/strong> Una misteriosa mezcla de bayas oscuras con un toque salvaje combinada con la mundialmente famosa mezcla de frutas azules.<\/li>\n\n\n\n<li><strong>02. Hielo negro y hielo de uva:<\/strong> Moras intensas con un aplastante final mentolado se encuentran con uvas moradas maduradas al sol y dulces como caramelos.<\/li>\n\n\n\n<li><strong>03. Peach Ice &amp; White Mamba:<\/strong> Suaves melocotones aterciopelados enfriados a la perfecci\u00f3n junto a una secreta y cremosa fusi\u00f3n de frutas ex\u00f3ticas.<\/li>\n\n\n\n<li><strong>04. Lady Killer &amp; Love 66:<\/strong> Dos perfiles legendarios inspirados en la shisha: mel\u00f3n dulce, fruta de la pasi\u00f3n y un toque de menta.<\/li>\n\n\n\n<li><strong>05. Blueberry Hubba Bubba &amp; Watermelon Hubba Bubba:<\/strong> Un viaje nost\u00e1lgico a la infancia con perfiles cl\u00e1sicos y jugosos de chicle.<\/li>\n\n\n\n<li><strong>06. Gominola de uva y gominola de fresa:<\/strong> Un fest\u00edn de caramelos masticables, inspirados en la gelatina, con uva intensa y fresa roja brillante.<\/li>\n\n\n\n<li><strong>07. Manzana \u00e1cida y melocot\u00f3n jugoso:<\/strong> El contraste perfecto entre las \u00e1cidas manzanas Granny Smith y los suculentos melocotones ba\u00f1ados por el sol.<\/li>\n\n\n\n<li><strong>08. Fanta &amp; Cola Ice:<\/strong> Un d\u00fao de bebidas gaseosas que imita tus refrescos favoritos para un vapeo refrescante durante todo el d\u00eda.<\/li>\n\n\n\n<li><strong>09. Gummy Bear &amp; Skittles:<\/strong> Un arco iris de sabores de caramelos de frutas que satisfar\u00e1 a cualquier goloso con cada calada.<\/li>\n\n\n\n<li><strong>10. Cactus Ice &amp; Cactus Kiwi:<\/strong> Notas \u00fanicas e hidratantes de cactus combinadas con kiwi para una experiencia sofisticada y ligeramente \u00e1cida.<\/li>\n\n\n\n<li><strong>11. Melocot\u00f3n Mango Sand\u00eda y Pi\u00f1a Colada:<\/strong> Una escapada tropical en la que se mezclan tres jugosos gigantes con un cremoso ambiente festivo de coco y pi\u00f1a.<\/li>\n\n\n\n<li><strong>12. Cherry Ice &amp; Blue Razz Cherry:<\/strong> Mentol de cereza oscuro y profundo frente a una chispa de cereza frambuesa azul de alto voltaje.<\/li>\n\n\n\n<li><strong>13. Hielo fr\u00edo de menta y sand\u00eda:<\/strong> El est\u00e1ndar de frescura: menta picante y crujiente combinada con la fruta hidratante favorita del verano.<\/li>\n\n\n\n<li><strong>14. Lim\u00f3n, lima y sand\u00eda con fresa:<\/strong> Refresco picante y c\u00edtrico por un lado; armon\u00eda dulce y de frutos rojos por el otro.<\/li>\n\n\n\n<li><strong>15. Limonada rosa y caramelo \u00e1cido:<\/strong> Una limonada \u00e1cida y picante equilibrada por un delicioso final de caramelo \u00e1cido.<\/li>\n\n\n\n<li><strong>16. Vimto &amp; Watermelon Bubblegum:<\/strong> El cl\u00e1sico perfil brit\u00e1nico de las bebidas de bayas se une a un jugoso y duradero chicle de sand\u00eda.<\/li>\n\n\n\n<li><strong>17. Hielo de pl\u00e1tano y hielo de drag\u00f3n negro:<\/strong> Los pl\u00e1tanos cremosos y congelados contrastan con el ex\u00f3tico y oscuro fr\u00edo del dragonfruit y las bayas.<\/li>\n\n\n\n<li><strong>18. 18. Osito de goma Blue Razz y helado Blue Razz:<\/strong> Dos formas de disfrutar del razz azul: una masticable y acaramelada, la otra helada y revitalizante.<\/li>\n\n\n\n<li><strong>19. Ice Pop &amp; Kiwi Fruta de la Pasi\u00f3n Guayaba:<\/strong> Un nost\u00e1lgico polo rojo, blanco y azul maridado con la \u201cTrinidad\u201d tropical por excelencia.\u201d<\/li>\n\n\n\n<li><strong>20. Fresa Helada y Huckleberry:<\/strong> Las conocidas fresas dulces sobre hielo se encuentran con las notas raras, \u00e1cidas y silvestres de las ar\u00e1ndanos de monta\u00f1a.<\/li>\n\n\n\n<li><strong>21. Mixed Berries &amp; Blue Razz Lemonade:<\/strong> Por un lado, una explosi\u00f3n de frutas del bosque y, por el otro, una \u00e1cida limonada azul el\u00e9ctrica.<\/li>\n\n\n\n<li><strong>22. Red Bull Ice &amp; Blueberry Peach Ice:<\/strong> Una energizante \u201cbebida\u201d combinada con una suave mezcla mentolada afrutada.<\/li>\n\n\n\n<li><strong>23. Fresa Kiwi y Ar\u00e1ndano Frambuesa \u00e1cida:<\/strong> Los maridajes de frutas m\u00e1s populares del mundo, refinados para la bobina de malla de 0,9\u03a9.<\/li>\n\n\n\n<li><strong>24. Cola Lim\u00f3n y Pi\u00f1a Lim\u00f3n Manzana Verde:<\/strong> Sofisticada c\u00edtrico-cola frente a un agudo y \u00e1cido tr\u00edo de pi\u00f1a, lim\u00f3n y manzana verde.<\/li>\n<\/ul>\n\n\n\n<h4 class=\"wp-block-heading\"><strong>PREGUNTAS FRECUENTES<\/strong><\/h4>\n\n\n\n<ul class=\"wp-block-list\">\n<li><strong>P: \u00bfC\u00f3mo cambio entre los dos sabores?<\/strong> R: El dispositivo cuenta con un interruptor manual o un mecanismo de bot\u00f3n que redirige el flujo de aire y la activaci\u00f3n de la bobina al tanque de 10 ml deseado.<\/li>\n\n\n\n<li><strong>P: \u00bfEst\u00e1 garantizado el recuento de 50.000 caladas?<\/strong> R: S\u00ed, gracias al sistema modular de 24 ml y a la eficiencia del modo ECO, el dispositivo est\u00e1 dise\u00f1ado para alcanzar su capacidad nominal en condiciones normales de uso.<\/li>\n\n\n\n<li><strong>P: \u00bfQu\u00e9 ventajas tiene comprar en el Almac\u00e9n de la UE?<\/strong> R: Ofrecemos env\u00edos de 1 a 3 d\u00edas dentro de Europa, sin aranceles aduaneros y con entrega garantizada para nuestros socios mayoristas.<\/li>\n<\/ul>\n\n\n\n<h3 class=\"wp-block-heading\"><strong>Advertencia sanitaria<\/strong><\/h3>\n\n\n\n<p><strong>ADVERTENCIA:<\/strong> Este producto contiene nicotina. La nicotina es una sustancia qu\u00edmica adictiva. Este producto es estrictamente para uso de adultos <strong>(mayores de 21 a\u00f1os)<\/strong>. No debe ser utilizado por mujeres embarazadas o en per\u00edodo de lactancia, ni por personas con afecciones card\u00edacas o respiratorias. Mant\u00e9ngase fuera del alcance de los ni\u00f1os y animales dom\u00e9sticos.<\/p>\n\n\n\n<p><\/p>","protected":false},"excerpt":{"rendered":"<ul>\n<li>\n<p data-path-to-node=\"7,0,0\"><b data-path-to-node=\"7,0,0\" data-index-in-node=\"0\">Innovaci\u00f3n de doble sabor:<\/b> 20ml de e-l\u00edquido en total (10ml+10ml) con un selector de sabor instant\u00e1neo.<\/p>\n<\/li>\n<li>\n<p data-path-to-node=\"7,1,0\"><b data-path-to-node=\"7,1,0\" data-index-in-node=\"0\">Longevidad extrema:<\/b> Hasta 50.000 caladas gracias a la gesti\u00f3n de energ\u00eda en modo ECO.<\/p>\n<\/li>\n<li>\n<p data-path-to-node=\"7,2,0\"><b data-path-to-node=\"7,2,0\" data-index-in-node=\"0\">Supervisi\u00f3n inteligente:<\/b> La pantalla inteligente de alta definici\u00f3n controla los niveles de bater\u00eda % y aceite.<\/p>\n<\/li>\n<li>\n<p data-path-to-node=\"7,3,0\"><b data-path-to-node=\"7,3,0\" data-index-in-node=\"0\">Rendimiento de la malla:<\/b> La bobina de malla de 0,9\u03a9 proporciona un calentamiento r\u00e1pido y una intensa claridad de sabor.<\/p>\n<\/li>\n<li>\n<p data-path-to-node=\"7,4,0\"><b data-path-to-node=\"7,4,0\" data-index-in-node=\"0\">Premium Visuals:<\/b> Iluminaci\u00f3n RGB din\u00e1mica iridiscente para una est\u00e9tica sofisticada.<\/p>\n<\/li>\n<li>\n<p data-path-to-node=\"7,5,0\"><b data-path-to-node=\"7,5,0\" data-index-in-node=\"0\">Log\u00edstica B2B:<\/b> Disponible en nuestra <b data-path-to-node=\"7,5,0\" data-index-in-node=\"30\">Almac\u00e9n de la UE<\/b> para entrega en 1-3 d\u00edas en toda Europa.<\/p>\n<\/li>\n<\/ul>","protected":false},"featured_media":9237,"comment_status":"open","ping_status":"closed","template":"","meta":[],"product_brand":[62],"product_cat":[88,82,89,87,95],"product_tag":[75,76,93,77,79],"class_list":{"0":"post-9236","1":"product","2":"type-product","3":"status-publish","4":"has-post-thumbnail","6":"product_brand-fumot","7":"product_cat-beverage-soda-vapes","8":"product_cat-big-puffs-vapes","9":"product_cat-candy-sweet-vapes","10":"product_cat-iced-fruit-vapes","11":"product_cat-mesh-coil-vapes","12":"product_tag-eu-warehouse","13":"product_tag-mtl-vaping","14":"product_tag-rdl-vaping","15":"product_tag-recharge","16":"product_tag-smart-screen-display","18":"first","19":"instock","20":"sale","21":"shipping-taxable","22":"purchasable","23":"product-type-variable"},"yoast_head":"<!-- This site is optimized with the Yoast SEO plugin v27.1.1 - https:\/\/yoast.com\/product\/yoast-seo-wordpress\/ -->\n<title>Fumot 50k ECO 2in1 50000 Puffs Vape | Dual Flavor &amp; Smart Screen<\/title>\n<meta name=\"description\" content=\"Experience the Fumot 50k ECO 2in1. 50,000 puffs, dual-tank (10ml+10ml) flavor switching, 0.9\u03a9 mesh coil, and Smart Display. Fast EU Warehouse wholesale.\" \/>\n<meta name=\"robots\" content=\"noindex, follow, max-snippet:-1, max-image-preview:large, max-video-preview:-1\" \/>\n<meta property=\"og:locale\" content=\"es_ES\" \/>\n<meta property=\"og:type\" content=\"article\" \/>\n<meta property=\"og:title\" content=\"Fumot 50k ECO 2in1 50000 Puffs Vape | Dual Flavor &amp; Smart Screen\" \/>\n<meta property=\"og:description\" content=\"Experience the Fumot 50k ECO 2in1. 50,000 puffs, dual-tank (10ml+10ml) flavor switching, 0.9\u03a9 mesh coil, and Smart Display. Fast EU Warehouse wholesale.\" \/>\n<meta property=\"og:url\" content=\"https:\/\/frivape.com\/es\/product\/fumot-50k-eco-2en1-50000-caladas-vape-desechable\/\" \/>\n<meta property=\"og:site_name\" content=\"frivape | Online Vape Store - Best Vapes, Mods &amp; Disposable Kits\" \/>\n<meta property=\"article:modified_time\" content=\"2026-04-15T16:50:47+00:00\" \/>\n<meta property=\"og:image\" content=\"https:\/\/frivape.com\/wp-content\/uploads\/2026\/04\/Fumot-50k-ECO-2in1-50000-Fanta-Cola-ice-4-800x800-1.webp\" \/>\n\t<meta property=\"og:image:width\" content=\"800\" \/>\n\t<meta property=\"og:image:height\" content=\"800\" \/>\n\t<meta property=\"og:image:type\" content=\"image\/webp\" \/>\n<meta name=\"twitter:card\" content=\"summary_large_image\" \/>\n<meta name=\"twitter:label1\" content=\"Tiempo de lectura\" \/>\n\t<meta name=\"twitter:data1\" content=\"4 minutos\" \/>\n<script type=\"application\/ld+json\" class=\"yoast-schema-graph\">{\"@context\":\"https:\/\/schema.org\",\"@graph\":[{\"@type\":\"WebPage\",\"@id\":\"https:\/\/frivape.com\/product\/fumot-50k-eco-2in1-50000-puffs-disposable-vape\/\",\"url\":\"https:\/\/frivape.com\/product\/fumot-50k-eco-2in1-50000-puffs-disposable-vape\/\",\"name\":\"Fumot 50k ECO 2in1 50000 Puffs Vape | Dual Flavor & Smart Screen\",\"isPartOf\":{\"@id\":\"https:\/\/frivape.com\/#website\"},\"primaryImageOfPage\":{\"@id\":\"https:\/\/frivape.com\/product\/fumot-50k-eco-2in1-50000-puffs-disposable-vape\/#primaryimage\"},\"image\":{\"@id\":\"https:\/\/frivape.com\/product\/fumot-50k-eco-2in1-50000-puffs-disposable-vape\/#primaryimage\"},\"thumbnailUrl\":\"https:\/\/frivape.com\/wp-content\/uploads\/2026\/04\/Fumot-50k-ECO-2in1-50000-Fanta-Cola-ice-4-800x800-1.webp\",\"datePublished\":\"2026-04-15T16:40:44+00:00\",\"dateModified\":\"2026-04-15T16:50:47+00:00\",\"description\":\"Experience the Fumot 50k ECO 2in1. 50,000 puffs, dual-tank (10ml+10ml) flavor switching, 0.9\u03a9 mesh coil, and Smart Display. Fast EU Warehouse wholesale.\",\"breadcrumb\":{\"@id\":\"https:\/\/frivape.com\/product\/fumot-50k-eco-2in1-50000-puffs-disposable-vape\/#breadcrumb\"},\"inLanguage\":\"es\",\"potentialAction\":[{\"@type\":\"ReadAction\",\"target\":[\"https:\/\/frivape.com\/product\/fumot-50k-eco-2in1-50000-puffs-disposable-vape\/\"]}]},{\"@type\":\"ImageObject\",\"inLanguage\":\"es\",\"@id\":\"https:\/\/frivape.com\/product\/fumot-50k-eco-2in1-50000-puffs-disposable-vape\/#primaryimage\",\"url\":\"https:\/\/frivape.com\/wp-content\/uploads\/2026\/04\/Fumot-50k-ECO-2in1-50000-Fanta-Cola-ice-4-800x800-1.webp\",\"contentUrl\":\"https:\/\/frivape.com\/wp-content\/uploads\/2026\/04\/Fumot-50k-ECO-2in1-50000-Fanta-Cola-ice-4-800x800-1.webp\",\"width\":800,\"height\":800},{\"@type\":\"BreadcrumbList\",\"@id\":\"https:\/\/frivape.com\/product\/fumot-50k-eco-2in1-50000-puffs-disposable-vape\/#breadcrumb\",\"itemListElement\":[{\"@type\":\"ListItem\",\"position\":1,\"name\":\"\u9996\u9875\",\"item\":\"https:\/\/frivape.com\/\"},{\"@type\":\"ListItem\",\"position\":2,\"name\":\"Shop\",\"item\":\"https:\/\/frivape.com\/shop\/\"},{\"@type\":\"ListItem\",\"position\":3,\"name\":\"Fumot ECO 2in1 50000 Puffs Disposable Vape | Dual-Flavor Tank | Smart Display &amp; RGB\"}]},{\"@type\":\"WebSite\",\"@id\":\"https:\/\/frivape.com\/#website\",\"url\":\"https:\/\/frivape.com\/\",\"name\":\"frivape | Online Vape Store - Best Vapes, Mods &amp; Disposable Kits\",\"description\":\"Shop frivape, your premier online vape shop for authentic mods, disposable vapes, and premium e-liquids. Direct from Shenzhen with fast Europe local shipping. High quality at wholesale prices.\",\"publisher\":{\"@id\":\"https:\/\/frivape.com\/#organization\"},\"potentialAction\":[{\"@type\":\"SearchAction\",\"target\":{\"@type\":\"EntryPoint\",\"urlTemplate\":\"https:\/\/frivape.com\/?s={search_term_string}\"},\"query-input\":{\"@type\":\"PropertyValueSpecification\",\"valueRequired\":true,\"valueName\":\"search_term_string\"}}],\"inLanguage\":\"es\"},{\"@type\":\"Organization\",\"@id\":\"https:\/\/frivape.com\/#organization\",\"name\":\"frivape | Online Vape Store - Best Vapes, Mods &amp; Disposable Kits\",\"url\":\"https:\/\/frivape.com\/\",\"logo\":{\"@type\":\"ImageObject\",\"inLanguage\":\"es\",\"@id\":\"https:\/\/frivape.com\/#\/schema\/logo\/image\/\",\"url\":\"https:\/\/frivape.com\/wp-content\/uploads\/2026\/03\/cropped-frivape-site-title-icon.png\",\"contentUrl\":\"https:\/\/frivape.com\/wp-content\/uploads\/2026\/03\/cropped-frivape-site-title-icon.png\",\"width\":470,\"height\":110,\"caption\":\"frivape | Online Vape Store - Best Vapes, Mods &amp; Disposable Kits\"},\"image\":{\"@id\":\"https:\/\/frivape.com\/#\/schema\/logo\/image\/\"}}]}<\/script>\n<!-- \/ Yoast SEO plugin. -->","yoast_head_json":{"title":"Fumot 50k ECO 2en1 50000 Puffs Vape | Dual Flavor &amp; Smart Screen","description":"Experimenta el Fumot 50k ECO 2en1. 50.000 caladas, doble tanque (10ml+10ml) cambio de sabor, bobina de malla de 0,9\u03a9 y Smart Display. R\u00e1pido almac\u00e9n de la UE al por mayor.","robots":{"index":"noindex","follow":"follow","max-snippet":"max-snippet:-1","max-image-preview":"max-image-preview:large","max-video-preview":"max-video-preview:-1"},"og_locale":"es_ES","og_type":"article","og_title":"Fumot 50k ECO 2in1 50000 Puffs Vape | Dual Flavor & Smart Screen","og_description":"Experience the Fumot 50k ECO 2in1. 50,000 puffs, dual-tank (10ml+10ml) flavor switching, 0.9\u03a9 mesh coil, and Smart Display. Fast EU Warehouse wholesale.","og_url":"https:\/\/frivape.com\/es\/product\/fumot-50k-eco-2en1-50000-caladas-vape-desechable\/","og_site_name":"frivape | Online Vape Store - Best Vapes, Mods &amp; Disposable Kits","article_modified_time":"2026-04-15T16:50:47+00:00","og_image":[{"width":800,"height":800,"url":"https:\/\/frivape.com\/wp-content\/uploads\/2026\/04\/Fumot-50k-ECO-2in1-50000-Fanta-Cola-ice-4-800x800-1.webp","type":"image\/webp"}],"twitter_card":"summary_large_image","twitter_misc":{"Tiempo de lectura":"4 minutos"},"schema":{"@context":"https:\/\/schema.org","@graph":[{"@type":"WebPage","@id":"https:\/\/frivape.com\/product\/fumot-50k-eco-2in1-50000-puffs-disposable-vape\/","url":"https:\/\/frivape.com\/product\/fumot-50k-eco-2in1-50000-puffs-disposable-vape\/","name":"Fumot 50k ECO 2en1 50000 Puffs Vape | Dual Flavor &amp; Smart Screen","isPartOf":{"@id":"https:\/\/frivape.com\/#website"},"primaryImageOfPage":{"@id":"https:\/\/frivape.com\/product\/fumot-50k-eco-2in1-50000-puffs-disposable-vape\/#primaryimage"},"image":{"@id":"https:\/\/frivape.com\/product\/fumot-50k-eco-2in1-50000-puffs-disposable-vape\/#primaryimage"},"thumbnailUrl":"https:\/\/frivape.com\/wp-content\/uploads\/2026\/04\/Fumot-50k-ECO-2in1-50000-Fanta-Cola-ice-4-800x800-1.webp","datePublished":"2026-04-15T16:40:44+00:00","dateModified":"2026-04-15T16:50:47+00:00","description":"Experimenta el Fumot 50k ECO 2en1. 50.000 caladas, doble tanque (10ml+10ml) cambio de sabor, bobina de malla de 0,9\u03a9 y Smart Display. R\u00e1pido almac\u00e9n de la UE al por mayor.","breadcrumb":{"@id":"https:\/\/frivape.com\/product\/fumot-50k-eco-2in1-50000-puffs-disposable-vape\/#breadcrumb"},"inLanguage":"es","potentialAction":[{"@type":"ReadAction","target":["https:\/\/frivape.com\/product\/fumot-50k-eco-2in1-50000-puffs-disposable-vape\/"]}]},{"@type":"ImageObject","inLanguage":"es","@id":"https:\/\/frivape.com\/product\/fumot-50k-eco-2in1-50000-puffs-disposable-vape\/#primaryimage","url":"https:\/\/frivape.com\/wp-content\/uploads\/2026\/04\/Fumot-50k-ECO-2in1-50000-Fanta-Cola-ice-4-800x800-1.webp","contentUrl":"https:\/\/frivape.com\/wp-content\/uploads\/2026\/04\/Fumot-50k-ECO-2in1-50000-Fanta-Cola-ice-4-800x800-1.webp","width":800,"height":800},{"@type":"BreadcrumbList","@id":"https:\/\/frivape.com\/product\/fumot-50k-eco-2in1-50000-puffs-disposable-vape\/#breadcrumb","itemListElement":[{"@type":"ListItem","position":1,"name":"\u9996\u9875","item":"https:\/\/frivape.com\/"},{"@type":"ListItem","position":2,"name":"Shop","item":"https:\/\/frivape.com\/shop\/"},{"@type":"ListItem","position":3,"name":"Fumot ECO 2in1 50000 Puffs Disposable Vape | Dual-Flavor Tank | Smart Display &amp; RGB"}]},{"@type":"WebSite","@id":"https:\/\/frivape.com\/#website","url":"https:\/\/frivape.com\/","name":"frivape | Online Vape Store - Los mejores Vapes, Mods y Kits desechables","description":"Tienda frivape, su principal tienda de vape en l\u00ednea para mods aut\u00e9nticos, vapes desechables, y e-l\u00edquidos premium. Directo desde Shenzhen con env\u00edo local r\u00e1pido a Europa. Alta calidad a precios de mayorista.","publisher":{"@id":"https:\/\/frivape.com\/#organization"},"potentialAction":[{"@type":"SearchAction","target":{"@type":"EntryPoint","urlTemplate":"https:\/\/frivape.com\/?s={search_term_string}"},"query-input":{"@type":"PropertyValueSpecification","valueRequired":true,"valueName":"search_term_string"}}],"inLanguage":"es"},{"@type":"Organization","@id":"https:\/\/frivape.com\/#organization","name":"frivape | Online Vape Store - Los mejores Vapes, Mods y Kits desechables","url":"https:\/\/frivape.com\/","logo":{"@type":"ImageObject","inLanguage":"es","@id":"https:\/\/frivape.com\/#\/schema\/logo\/image\/","url":"https:\/\/frivape.com\/wp-content\/uploads\/2026\/03\/cropped-frivape-site-title-icon.png","contentUrl":"https:\/\/frivape.com\/wp-content\/uploads\/2026\/03\/cropped-frivape-site-title-icon.png","width":470,"height":110,"caption":"frivape | Online Vape Store - Best Vapes, Mods &amp; Disposable Kits"},"image":{"@id":"https:\/\/frivape.com\/#\/schema\/logo\/image\/"}}]}},"tiered_pricing_type":"fixed","tiered_pricing_fixed_rules":{"10":14.99,"50":13.99,"100":12.99,"200":11.99},"tiered_pricing_product_settings":{"layout":"default","base_unit_name":{"singular":null,"plural":null},"default_variation":{}},"tiered_pricing_minimum_quantity":null,"tiered_pricing_roles_data":[],"tiered_pricing_percentage_rules":[],"_links":{"self":[{"href":"https:\/\/frivape.com\/es\/wp-json\/wp\/v2\/product\/9236","targetHints":{"allow":["GET"]}}],"collection":[{"href":"https:\/\/frivape.com\/es\/wp-json\/wp\/v2\/product"}],"about":[{"href":"https:\/\/frivape.com\/es\/wp-json\/wp\/v2\/types\/product"}],"replies":[{"embeddable":true,"href":"https:\/\/frivape.com\/es\/wp-json\/wp\/v2\/comments?post=9236"}],"wp:featuredmedia":[{"embeddable":true,"href":"https:\/\/frivape.com\/es\/wp-json\/wp\/v2\/media\/9237"}],"wp:attachment":[{"href":"https:\/\/frivape.com\/es\/wp-json\/wp\/v2\/media?parent=9236"}],"wp:term":[{"taxonomy":"product_brand","embeddable":true,"href":"https:\/\/frivape.com\/es\/wp-json\/wp\/v2\/product_brand?post=9236"},{"taxonomy":"product_cat","embeddable":true,"href":"https:\/\/frivape.com\/es\/wp-json\/wp\/v2\/product_cat?post=9236"},{"taxonomy":"product_tag","embeddable":true,"href":"https:\/\/frivape.com\/es\/wp-json\/wp\/v2\/product_tag?post=9236"}],"curies":[{"name":"wp","href":"https:\/\/api.w.org\/{rel}","templated":true}]}}