{"id":9511,"date":"2026-04-16T01:12:41","date_gmt":"2026-04-15T17:12:41","guid":{"rendered":"https:\/\/frivape.com\/?post_type=product&#038;p=9511"},"modified":"2026-04-16T01:17:43","modified_gmt":"2026-04-15T17:17:43","slug":"fumot-movkin-tornado-25000-puffs-touchscreen-vape","status":"publish","type":"product","link":"https:\/\/frivape.com\/es\/product\/fumot-movkin-tornado-25000-puffs-touchscreen-vape\/","title":{"rendered":"Fumot MOVKIN Tornado 25000 Puffs Vape Desechable | 1.77-inch TFT Touchscreen | Dual Mesh Coil"},"content":{"rendered":"<h3 class=\"wp-block-heading\"><strong>Fumot: Vaping m\u00e1s inteligente<\/strong><\/h3>\n\n\n\n<p><strong>Fumot<\/strong> es una marca l\u00edder impulsada por la tecnolog\u00eda y comprometida con la creaci\u00f3n de la experiencia de vapeo definitiva. Como la marca maestra detr\u00e1s del ic\u00f3nico <strong>Tornado RandM<\/strong> Fumot sigue superando los l\u00edmites con la serie <strong>MOVKIN Tornado 25000<\/strong>. Este dispositivo encarna el enfoque de la marca en la est\u00e9tica audaz y el riguroso control de calidad, proporcionando una alternativa de alta tecnolog\u00eda y alto rendimiento para los vapers que exigen m\u00e1s de su hardware.<\/p>\n\n\n\n<h3 class=\"wp-block-heading\"><strong>El futuro del vapeo: Control por pantalla t\u00e1ctil<\/strong><\/h3>\n\n\n\n<p>En <strong>Fumot MOVKIN Tornado 25k<\/strong> no es s\u00f3lo un vaporizador, es un dispositivo inteligente. El vibrante <strong>Pantalla t\u00e1ctil TFT de 1,77 pulgadas<\/strong> proporciona una interfaz futurista en la que puedes controlar tus estad\u00edsticas de un vistazo. Con el exclusivo ajuste de potencia mediante interruptor t\u00e1ctil, puedes personalizar la producci\u00f3n de vapor para adaptarla a tu estado de \u00e1nimo, tanto si prefieres una calada suave y centrada en el sabor como si prefieres nubes enormes y satisfactorias.<\/p>\n\n\n\n<h3 class=\"wp-block-heading\"><strong>Descubra los 26 sabores premium<\/strong><\/h3>\n\n\n\n<p>Nuestros especialistas en sabores han desarrollado una amplia gama de 26 perfiles, que garantizan una combinaci\u00f3n perfecta para cada vapeador. Explora la lista completa de sabores:<\/p>\n\n\n\n<ul class=\"wp-block-list\">\n<li><strong>01. Banana Ice:<\/strong> Pl\u00e1tanos cremosos y maduros mezclados con un refrescante y crujiente final mentolado.<\/li>\n\n\n\n<li><strong>02. Sand\u00eda de fresa:<\/strong> Un d\u00fao atemporal de fresas ba\u00f1adas por el sol y sand\u00eda hidratante.<\/li>\n\n\n\n<li><strong>03. Miami Mint:<\/strong> Un sofisticado perfil de menta fresca con un sutil matiz c\u00edtrico.<\/li>\n\n\n\n<li><strong>04. Ar\u00e1ndano Frambuesa:<\/strong> Una fusi\u00f3n de bayas agudas y dulces que da en el clavo.<\/li>\n\n\n\n<li><strong>05. Black Ice:<\/strong> Oscuras y misteriosas moras con una fuerte y escalofriante explosi\u00f3n de mentol.<\/li>\n\n\n\n<li><strong>06. White Gummy Ice:<\/strong> El cl\u00e1sico sabor a caramelo de pi\u00f1a masticable sobre hielo.<\/li>\n\n\n\n<li><strong>07. Watermelon Ice:<\/strong> Pura y jugosa sand\u00eda de verano con una exhalaci\u00f3n helada.<\/li>\n\n\n\n<li><strong>08. Juicy Peach Ice:<\/strong> Suculentos melocotones de huerto con un efecto refrescante perfectamente equilibrado.<\/li>\n\n\n\n<li><strong>09. Pink Lemonade:<\/strong> Limonada picante con un toque de bayas rojas para darle un toque \u00e1cido.<\/li>\n\n\n\n<li><strong>10. Mango con fresa:<\/strong> Un para\u00edso tropical donde las bayas dulces se encuentran con la pulpa aterciopelada del mango.<\/li>\n\n\n\n<li><strong>11. Melocot\u00f3n Mango Sand\u00eda:<\/strong> Una compleja melod\u00eda frutal dise\u00f1ada para refrescar al m\u00e1ximo.<\/li>\n\n\n\n<li><strong>12. Lim\u00f3n Uva:<\/strong> Uvas de vi\u00f1edos de color p\u00farpura intenso equilibradas por un toque de lim\u00f3n picante.<\/li>\n\n\n\n<li><strong>13. 13. Tropical Rainbow Blast:<\/strong> Una explosi\u00f3n multicapa de frutas ex\u00f3ticas isle\u00f1as y caramelo.<\/li>\n\n\n\n<li><strong>14. Cherry Bomb:<\/strong> Una explosi\u00f3n intensa y concentrada de notas dulces y oscuras de cereza.<\/li>\n\n\n\n<li><strong>15. Caramelo de fresa y menta:<\/strong> Caramelo duro de fresa dulce con un refrescante centro de menta.<\/li>\n\n\n\n<li><strong>16. Manzana doble:<\/strong> El sabor ic\u00f3nico de la shisha: crujientes manzanas verdes y dulces manzanas rojas con un toque de an\u00eds.<\/li>\n\n\n\n<li><strong>17. Ar\u00e1ndano sobre hielo:<\/strong> Ar\u00e1ndanos del bosque recogidos a mano con un golpe de garganta limpio y helado.<\/li>\n\n\n\n<li><strong>18. Hielo de fresa:<\/strong> Fresas frescas y brillantes refrigeradas a la perfecci\u00f3n.<\/li>\n\n\n\n<li><strong>19. Hielo exuberante:<\/strong> Una exclusiva mezcla de sand\u00eda y mentol, atrevida y vigorizante.<\/li>\n\n\n\n<li><strong>20. Hielo de pi\u00f1a:<\/strong> Sabrosa pi\u00f1a tropical con un final afilado y refrescante.<\/li>\n\n\n\n<li><strong>21. Hielo de uva:<\/strong> Sabor cl\u00e1sico a uva concordia con un refrescante toque helado.<\/li>\n\n\n\n<li><strong>22. Dr. Blue:<\/strong> Una vibrante mezcla de frutas azules que es a la vez dulce y enigm\u00e1ticamente fresca.<\/li>\n\n\n\n<li><strong>23. Kiwi Maracuy\u00e1 Guayaba:<\/strong> Una \u201cTrinidad\u201d tropical que proporciona una experiencia rica y arom\u00e1tica.<\/li>\n\n\n\n<li><strong>24. Cherry Cola:<\/strong> Notas efervescentes y nost\u00e1lgicas de cola coronadas con una jugosa salpicadura de cereza.<\/li>\n\n\n\n<li><strong>25. Menta fresca:<\/strong> Lo \u00faltimo para limpiar el paladar: menta pura, vigorizante y helada.<\/li>\n\n\n\n<li><strong>26. Red Bull de fresa:<\/strong> Una mezcla energizante inspirada en las bebidas con una dulce base de fresa.<\/li>\n<\/ul>\n\n\n\n<h4 class=\"wp-block-heading\"><strong>PREGUNTAS FRECUENTES<\/strong><\/h4>\n\n\n\n<ul class=\"wp-block-list\">\n<li><strong>P: \u00bfC\u00f3mo funciona la pantalla t\u00e1ctil?<\/strong> R: La pantalla TFT se activa al dibujar o tocar, mostrando los niveles. Puedes tocar tres veces para entrar en el modo de ajuste de potencia.<\/li>\n\n\n\n<li><strong>P: \u00bfCu\u00e1nto dura un dispositivo de 25.000 caladas?<\/strong> R: Dependiendo del uso, este dispositivo puede durar entre 3 y 5 semanas para vapers promedio.<\/li>\n\n\n\n<li><strong>P: \u00bfPor qu\u00e9 hacer un pedido al almac\u00e9n de la UE?<\/strong> R: Realizamos env\u00edos libres de impuestos dentro de la UE, lo que significa que no hay retrasos en las aduanas y la entrega se realiza en s\u00f3lo 1-3 d\u00edas laborables.<\/li>\n<\/ul>\n\n\n\n<h3 class=\"wp-block-heading\"><strong>Advertencia sanitaria<\/strong><\/h3>\n\n\n\n<p><strong>ADVERTENCIA:<\/strong> Este producto contiene nicotina. La nicotina es una sustancia qu\u00edmica adictiva. Este producto es estrictamente para uso de adultos <strong>(mayores de 21 a\u00f1os)<\/strong>. No debe ser utilizado por mujeres embarazadas o en per\u00edodo de lactancia, ni por personas con afecciones respiratorias. Mant\u00e9ngase fuera del alcance de los ni\u00f1os y animales dom\u00e9sticos.<\/p>","protected":false},"excerpt":{"rendered":"<ul>\n<li>\n<p data-path-to-node=\"7,0,0\"><b data-path-to-node=\"7,0,0\" data-index-in-node=\"0\">Masiva 25k Puffs:<\/b> Resistencia extrema para satisfacci\u00f3n y valor a largo plazo.<\/p>\n<\/li>\n<li>\n<p data-path-to-node=\"7,1,0\"><b data-path-to-node=\"7,1,0\" data-index-in-node=\"0\">Pantalla t\u00e1ctil TFT:<\/b> Pantalla intuitiva de 1,77 pulgadas para controlar la bater\u00eda y el e-l\u00edquido en tiempo real.<\/p>\n<\/li>\n<li>\n<p data-path-to-node=\"7,2,0\"><b data-path-to-node=\"7,2,0\" data-index-in-node=\"0\">Potencia personalizable:<\/b> Cuenta con un control t\u00e1ctil de tres toques para ajustar los niveles de salida de vapor.<\/p>\n<\/li>\n<li>\n<p data-path-to-node=\"7,3,0\"><b data-path-to-node=\"7,3,0\" data-index-in-node=\"0\">Tecnolog\u00eda de doble malla:<\/b> Maximiza la superficie para obtener nubes densas y un sabor intenso.<\/p>\n<\/li>\n<li>\n<p data-path-to-node=\"7,4,0\"><b data-path-to-node=\"7,4,0\" data-index-in-node=\"0\">Carga r\u00e1pida Type-C:<\/b> Bater\u00eda de 700 mAh optimizada para recargas r\u00e1pidas y tiempos de inactividad m\u00ednimos.<\/p>\n<\/li>\n<li>\n<p data-path-to-node=\"7,5,0\"><b data-path-to-node=\"7,5,0\" data-index-in-node=\"0\">Log\u00edstica Premium:<\/b> Env\u00edo inmediato desde nuestro <b data-path-to-node=\"7,5,0\" data-index-in-node=\"47\">Almac\u00e9n de la UE<\/b> para una entrega garantizada.<\/p>\n<\/li>\n<\/ul>","protected":false},"featured_media":9512,"comment_status":"open","ping_status":"closed","template":"","meta":[],"product_brand":[62],"product_cat":[88,89,96,87,83],"product_tag":[74,75,77,79],"class_list":{"0":"post-9511","1":"product","2":"type-product","3":"status-publish","4":"has-post-thumbnail","6":"product_brand-fumot","7":"product_cat-beverage-soda-vapes","8":"product_cat-candy-sweet-vapes","9":"product_cat-dual-mesh-vapes","10":"product_cat-iced-fruit-vapes","11":"product_cat-pro-puffs-vapes","12":"product_tag-dtl-vaping","13":"product_tag-eu-warehouse","14":"product_tag-recharge","15":"product_tag-smart-screen-display","17":"first","18":"instock","19":"sale","20":"shipping-taxable","21":"purchasable","22":"product-type-variable"},"yoast_head":"<!-- This site is optimized with the Yoast SEO plugin v27.1.1 - https:\/\/yoast.com\/product\/yoast-seo-wordpress\/ -->\n<title>Fumot MOVKIN Tornado 25000 Puffs Vape | Touchscreen &amp; Dual Mesh<\/title>\n<meta name=\"description\" content=\"Experience the Fumot MOVKIN Tornado 25000. Features a 1.77&quot; TFT touchscreen, 25,000 puffs, dual mesh coil, and 20ml capacity. Wholesale from EU Warehouse.\" \/>\n<meta name=\"robots\" content=\"noindex, follow, max-snippet:-1, max-image-preview:large, max-video-preview:-1\" \/>\n<meta property=\"og:locale\" content=\"es_ES\" \/>\n<meta property=\"og:type\" content=\"article\" \/>\n<meta property=\"og:title\" content=\"Fumot MOVKIN Tornado 25000 Puffs Vape | Touchscreen &amp; Dual Mesh\" \/>\n<meta property=\"og:description\" content=\"Experience the Fumot MOVKIN Tornado 25000. Features a 1.77&quot; TFT touchscreen, 25,000 puffs, dual mesh coil, and 20ml capacity. Wholesale from EU Warehouse.\" \/>\n<meta property=\"og:url\" content=\"https:\/\/frivape.com\/es\/product\/fumot-movkin-tornado-25000-puffs-touchscreen-vape\/\" \/>\n<meta property=\"og:site_name\" content=\"frivape | Online Vape Store - Best Vapes, Mods &amp; Disposable Kits\" \/>\n<meta property=\"article:modified_time\" content=\"2026-04-15T17:17:43+00:00\" \/>\n<meta property=\"og:image\" content=\"https:\/\/frivape.com\/wp-content\/uploads\/2026\/04\/fumot-25000-puffs-banana-Ice-picture.jpg\" \/>\n\t<meta property=\"og:image:width\" content=\"1200\" \/>\n\t<meta property=\"og:image:height\" content=\"1200\" \/>\n\t<meta property=\"og:image:type\" content=\"image\/jpeg\" \/>\n<meta name=\"twitter:card\" content=\"summary_large_image\" \/>\n<meta name=\"twitter:label1\" content=\"Tiempo de lectura\" \/>\n\t<meta name=\"twitter:data1\" content=\"3 minutos\" \/>\n<script type=\"application\/ld+json\" class=\"yoast-schema-graph\">{\"@context\":\"https:\/\/schema.org\",\"@graph\":[{\"@type\":\"WebPage\",\"@id\":\"https:\/\/frivape.com\/product\/fumot-movkin-tornado-25000-puffs-touchscreen-vape\/\",\"url\":\"https:\/\/frivape.com\/product\/fumot-movkin-tornado-25000-puffs-touchscreen-vape\/\",\"name\":\"Fumot MOVKIN Tornado 25000 Puffs Vape | Touchscreen & Dual Mesh\",\"isPartOf\":{\"@id\":\"https:\/\/frivape.com\/#website\"},\"primaryImageOfPage\":{\"@id\":\"https:\/\/frivape.com\/product\/fumot-movkin-tornado-25000-puffs-touchscreen-vape\/#primaryimage\"},\"image\":{\"@id\":\"https:\/\/frivape.com\/product\/fumot-movkin-tornado-25000-puffs-touchscreen-vape\/#primaryimage\"},\"thumbnailUrl\":\"https:\/\/frivape.com\/wp-content\/uploads\/2026\/04\/fumot-25000-puffs-banana-Ice-picture.jpg\",\"datePublished\":\"2026-04-15T17:12:41+00:00\",\"dateModified\":\"2026-04-15T17:17:43+00:00\",\"description\":\"Experience the Fumot MOVKIN Tornado 25000. Features a 1.77\\\" TFT touchscreen, 25,000 puffs, dual mesh coil, and 20ml capacity. Wholesale from EU Warehouse.\",\"breadcrumb\":{\"@id\":\"https:\/\/frivape.com\/product\/fumot-movkin-tornado-25000-puffs-touchscreen-vape\/#breadcrumb\"},\"inLanguage\":\"es\",\"potentialAction\":[{\"@type\":\"ReadAction\",\"target\":[\"https:\/\/frivape.com\/product\/fumot-movkin-tornado-25000-puffs-touchscreen-vape\/\"]}]},{\"@type\":\"ImageObject\",\"inLanguage\":\"es\",\"@id\":\"https:\/\/frivape.com\/product\/fumot-movkin-tornado-25000-puffs-touchscreen-vape\/#primaryimage\",\"url\":\"https:\/\/frivape.com\/wp-content\/uploads\/2026\/04\/fumot-25000-puffs-banana-Ice-picture.jpg\",\"contentUrl\":\"https:\/\/frivape.com\/wp-content\/uploads\/2026\/04\/fumot-25000-puffs-banana-Ice-picture.jpg\",\"width\":1200,\"height\":1200},{\"@type\":\"BreadcrumbList\",\"@id\":\"https:\/\/frivape.com\/product\/fumot-movkin-tornado-25000-puffs-touchscreen-vape\/#breadcrumb\",\"itemListElement\":[{\"@type\":\"ListItem\",\"position\":1,\"name\":\"\u9996\u9875\",\"item\":\"https:\/\/frivape.com\/\"},{\"@type\":\"ListItem\",\"position\":2,\"name\":\"Shop\",\"item\":\"https:\/\/frivape.com\/shop\/\"},{\"@type\":\"ListItem\",\"position\":3,\"name\":\"Fumot MOVKIN Tornado 25000 Puffs Disposable Vape | 1.77-inch TFT Touchscreen | Dual Mesh Coil\"}]},{\"@type\":\"WebSite\",\"@id\":\"https:\/\/frivape.com\/#website\",\"url\":\"https:\/\/frivape.com\/\",\"name\":\"frivape | Online Vape Store - Best Vapes, Mods &amp; Disposable Kits\",\"description\":\"Shop frivape, your premier online vape shop for authentic mods, disposable vapes, and premium e-liquids. Direct from Shenzhen with fast Europe local shipping. High quality at wholesale prices.\",\"publisher\":{\"@id\":\"https:\/\/frivape.com\/#organization\"},\"potentialAction\":[{\"@type\":\"SearchAction\",\"target\":{\"@type\":\"EntryPoint\",\"urlTemplate\":\"https:\/\/frivape.com\/?s={search_term_string}\"},\"query-input\":{\"@type\":\"PropertyValueSpecification\",\"valueRequired\":true,\"valueName\":\"search_term_string\"}}],\"inLanguage\":\"es\"},{\"@type\":\"Organization\",\"@id\":\"https:\/\/frivape.com\/#organization\",\"name\":\"frivape | Online Vape Store - Best Vapes, Mods &amp; Disposable Kits\",\"url\":\"https:\/\/frivape.com\/\",\"logo\":{\"@type\":\"ImageObject\",\"inLanguage\":\"es\",\"@id\":\"https:\/\/frivape.com\/#\/schema\/logo\/image\/\",\"url\":\"https:\/\/frivape.com\/wp-content\/uploads\/2026\/03\/cropped-frivape-site-title-icon.png\",\"contentUrl\":\"https:\/\/frivape.com\/wp-content\/uploads\/2026\/03\/cropped-frivape-site-title-icon.png\",\"width\":470,\"height\":110,\"caption\":\"frivape | Online Vape Store - Best Vapes, Mods &amp; Disposable Kits\"},\"image\":{\"@id\":\"https:\/\/frivape.com\/#\/schema\/logo\/image\/\"}}]}<\/script>\n<!-- \/ Yoast SEO plugin. -->","yoast_head_json":{"title":"Fumot MOVKIN Tornado 25000 Puffs Vape | Touchscreen &amp; Dual Mesh","description":"Experimenta el Fumot MOVKIN Tornado 25000. Cuenta con una pantalla t\u00e1ctil TFT de 1,77\", 25.000 caladas, doble bobina de malla y 20ml de capacidad. Venta al por mayor desde EU Warehouse.","robots":{"index":"noindex","follow":"follow","max-snippet":"max-snippet:-1","max-image-preview":"max-image-preview:large","max-video-preview":"max-video-preview:-1"},"og_locale":"es_ES","og_type":"article","og_title":"Fumot MOVKIN Tornado 25000 Puffs Vape | Touchscreen & Dual Mesh","og_description":"Experience the Fumot MOVKIN Tornado 25000. Features a 1.77\" TFT touchscreen, 25,000 puffs, dual mesh coil, and 20ml capacity. Wholesale from EU Warehouse.","og_url":"https:\/\/frivape.com\/es\/product\/fumot-movkin-tornado-25000-puffs-touchscreen-vape\/","og_site_name":"frivape | Online Vape Store - Best Vapes, Mods &amp; Disposable Kits","article_modified_time":"2026-04-15T17:17:43+00:00","og_image":[{"width":1200,"height":1200,"url":"https:\/\/frivape.com\/wp-content\/uploads\/2026\/04\/fumot-25000-puffs-banana-Ice-picture.jpg","type":"image\/jpeg"}],"twitter_card":"summary_large_image","twitter_misc":{"Tiempo de lectura":"3 minutos"},"schema":{"@context":"https:\/\/schema.org","@graph":[{"@type":"WebPage","@id":"https:\/\/frivape.com\/product\/fumot-movkin-tornado-25000-puffs-touchscreen-vape\/","url":"https:\/\/frivape.com\/product\/fumot-movkin-tornado-25000-puffs-touchscreen-vape\/","name":"Fumot MOVKIN Tornado 25000 Puffs Vape | Touchscreen &amp; Dual Mesh","isPartOf":{"@id":"https:\/\/frivape.com\/#website"},"primaryImageOfPage":{"@id":"https:\/\/frivape.com\/product\/fumot-movkin-tornado-25000-puffs-touchscreen-vape\/#primaryimage"},"image":{"@id":"https:\/\/frivape.com\/product\/fumot-movkin-tornado-25000-puffs-touchscreen-vape\/#primaryimage"},"thumbnailUrl":"https:\/\/frivape.com\/wp-content\/uploads\/2026\/04\/fumot-25000-puffs-banana-Ice-picture.jpg","datePublished":"2026-04-15T17:12:41+00:00","dateModified":"2026-04-15T17:17:43+00:00","description":"Experimenta el Fumot MOVKIN Tornado 25000. Cuenta con una pantalla t\u00e1ctil TFT de 1,77\", 25.000 caladas, doble bobina de malla y 20ml de capacidad. Venta al por mayor desde EU Warehouse.","breadcrumb":{"@id":"https:\/\/frivape.com\/product\/fumot-movkin-tornado-25000-puffs-touchscreen-vape\/#breadcrumb"},"inLanguage":"es","potentialAction":[{"@type":"ReadAction","target":["https:\/\/frivape.com\/product\/fumot-movkin-tornado-25000-puffs-touchscreen-vape\/"]}]},{"@type":"ImageObject","inLanguage":"es","@id":"https:\/\/frivape.com\/product\/fumot-movkin-tornado-25000-puffs-touchscreen-vape\/#primaryimage","url":"https:\/\/frivape.com\/wp-content\/uploads\/2026\/04\/fumot-25000-puffs-banana-Ice-picture.jpg","contentUrl":"https:\/\/frivape.com\/wp-content\/uploads\/2026\/04\/fumot-25000-puffs-banana-Ice-picture.jpg","width":1200,"height":1200},{"@type":"BreadcrumbList","@id":"https:\/\/frivape.com\/product\/fumot-movkin-tornado-25000-puffs-touchscreen-vape\/#breadcrumb","itemListElement":[{"@type":"ListItem","position":1,"name":"\u9996\u9875","item":"https:\/\/frivape.com\/"},{"@type":"ListItem","position":2,"name":"Shop","item":"https:\/\/frivape.com\/shop\/"},{"@type":"ListItem","position":3,"name":"Fumot MOVKIN Tornado 25000 Puffs Disposable Vape | 1.77-inch TFT Touchscreen | Dual Mesh Coil"}]},{"@type":"WebSite","@id":"https:\/\/frivape.com\/#website","url":"https:\/\/frivape.com\/","name":"frivape | Online Vape Store - Los mejores Vapes, Mods y Kits desechables","description":"Tienda frivape, su principal tienda de vape en l\u00ednea para mods aut\u00e9nticos, vapes desechables, y e-l\u00edquidos premium. Directo desde Shenzhen con env\u00edo local r\u00e1pido a Europa. Alta calidad a precios de mayorista.","publisher":{"@id":"https:\/\/frivape.com\/#organization"},"potentialAction":[{"@type":"SearchAction","target":{"@type":"EntryPoint","urlTemplate":"https:\/\/frivape.com\/?s={search_term_string}"},"query-input":{"@type":"PropertyValueSpecification","valueRequired":true,"valueName":"search_term_string"}}],"inLanguage":"es"},{"@type":"Organization","@id":"https:\/\/frivape.com\/#organization","name":"frivape | Online Vape Store - Los mejores Vapes, Mods y Kits desechables","url":"https:\/\/frivape.com\/","logo":{"@type":"ImageObject","inLanguage":"es","@id":"https:\/\/frivape.com\/#\/schema\/logo\/image\/","url":"https:\/\/frivape.com\/wp-content\/uploads\/2026\/03\/cropped-frivape-site-title-icon.png","contentUrl":"https:\/\/frivape.com\/wp-content\/uploads\/2026\/03\/cropped-frivape-site-title-icon.png","width":470,"height":110,"caption":"frivape | Online Vape Store - Best Vapes, Mods &amp; Disposable Kits"},"image":{"@id":"https:\/\/frivape.com\/#\/schema\/logo\/image\/"}}]}},"tiered_pricing_type":"fixed","tiered_pricing_fixed_rules":{"10":12.99,"50":11.99,"100":10.99,"200":9.99},"tiered_pricing_product_settings":{"layout":"default","base_unit_name":{"singular":null,"plural":null},"default_variation":{}},"tiered_pricing_minimum_quantity":null,"tiered_pricing_roles_data":[],"tiered_pricing_percentage_rules":[],"_links":{"self":[{"href":"https:\/\/frivape.com\/es\/wp-json\/wp\/v2\/product\/9511","targetHints":{"allow":["GET"]}}],"collection":[{"href":"https:\/\/frivape.com\/es\/wp-json\/wp\/v2\/product"}],"about":[{"href":"https:\/\/frivape.com\/es\/wp-json\/wp\/v2\/types\/product"}],"replies":[{"embeddable":true,"href":"https:\/\/frivape.com\/es\/wp-json\/wp\/v2\/comments?post=9511"}],"wp:featuredmedia":[{"embeddable":true,"href":"https:\/\/frivape.com\/es\/wp-json\/wp\/v2\/media\/9512"}],"wp:attachment":[{"href":"https:\/\/frivape.com\/es\/wp-json\/wp\/v2\/media?parent=9511"}],"wp:term":[{"taxonomy":"product_brand","embeddable":true,"href":"https:\/\/frivape.com\/es\/wp-json\/wp\/v2\/product_brand?post=9511"},{"taxonomy":"product_cat","embeddable":true,"href":"https:\/\/frivape.com\/es\/wp-json\/wp\/v2\/product_cat?post=9511"},{"taxonomy":"product_tag","embeddable":true,"href":"https:\/\/frivape.com\/es\/wp-json\/wp\/v2\/product_tag?post=9511"}],"curies":[{"name":"wp","href":"https:\/\/api.w.org\/{rel}","templated":true}]}}