{"id":3,"date":"2026-03-12T11:15:50","date_gmt":"2026-03-12T03:15:50","guid":{"rendered":"https:\/\/frivape.com\/?page_id=3"},"modified":"2026-03-20T01:38:13","modified_gmt":"2026-03-19T17:38:13","slug":"politique-de-confidentialite","status":"publish","type":"page","link":"https:\/\/frivape.com\/fr\/politique-de-confidentialite\/","title":{"rendered":"Politique de confidentialit\u00e9"},"content":{"rendered":"<h2 class=\"wp-block-heading has-base-font-size\"><strong>Derni\u00e8re mise \u00e0 jour : 13 mars 2025<\/strong><\/h2>\n\n\n\n<h2 class=\"wp-block-heading\">1. Introduction<\/h2>\n\n\n\n<p>Bienvenue \u00e0 <strong><a href=\"https:\/\/frivape.com\/fr\/\" type=\"link\" id=\"https:\/\/frivape.com\/\" target=\"_blank\" rel=\"noreferrer noopener\">FRIVAPE<\/a><\/strong>. Nous accordons de l'importance \u00e0 votre vie priv\u00e9e et nous nous engageons \u00e0 prot\u00e9ger vos informations personnelles conform\u00e9ment aux lois internationales sur la protection de la vie priv\u00e9e (y compris le GDPR et le CCPA) et aux r\u00e9glementations pertinentes en mati\u00e8re d'e-cigarette. Cette politique de confidentialit\u00e9 explique comment nous recueillons, utilisons et prot\u00e9geons vos informations lorsque vous visitez notre site Web.<\/p>\n\n\n\n<h2 class=\"wp-block-heading\">2. Collecte d'informations<\/h2>\n\n\n\n<p>Nous recueillons deux types d'informations afin de garantir une exp\u00e9rience d'achat sans faille :<\/p>\n\n\n\n<ul class=\"wp-block-list\">\n<li><strong>Informations personnelles :<\/strong> Nom, adresse \u00e9lectronique, num\u00e9ro de t\u00e9l\u00e9phone, adresse de livraison et historique des achats. Ces informations sont recueillies lorsque vous vous inscrivez, passez une commande ou nous contactez.<\/li>\n\n\n\n<li><strong>Informations non personnelles :<\/strong> Adresse IP, type de navigateur, syst\u00e8me d'exploitation et comportement de navigation (pages visit\u00e9es, temps pass\u00e9). Cela nous aide \u00e0 optimiser les performances du site web.<\/li>\n<\/ul>\n\n\n\n<h2 class=\"wp-block-heading\">3. Comment nous utilisons vos informations<\/h2>\n\n\n\n<p>Nous utilisons vos donn\u00e9es uniquement \u00e0 des fins commerciales l\u00e9gitimes :<\/p>\n\n\n\n<ul class=\"wp-block-list\">\n<li><strong>Ex\u00e9cution des commandes :<\/strong> Traiter les paiements et coordonner les exp\u00e9ditions internationales depuis notre base de Shenzhen.<\/li>\n\n\n\n<li><strong>Soutien \u00e0 la client\u00e8le :<\/strong> Traiter les demandes de renseignements et le service apr\u00e8s-vente.<\/li>\n\n\n\n<li><strong>Marketing :<\/strong> Pour envoyer des mises \u00e0 jour ou des promotions (uniquement si vous avez choisi de le faire).<\/li>\n\n\n\n<li><strong>Conformit\u00e9 :<\/strong> Pour v\u00e9rifier votre \u00e2ge et se conformer \u00e0 la r\u00e9glementation mondiale sur le commerce des e-cigarettes.<\/li>\n<\/ul>\n\n\n\n<h2 class=\"wp-block-heading\">4. Protection et s\u00e9curit\u00e9 de l'information<\/h2>\n\n\n\n<p>Nous prenons la s\u00e9curit\u00e9 au s\u00e9rieux. Nous mettons en \u0153uvre :<\/p>\n\n\n\n<ul class=\"wp-block-list\">\n<li><strong>Cryptage SSL :<\/strong> Toutes les donn\u00e9es transmises vers et depuis notre site sont crypt\u00e9es.<\/li>\n\n\n\n<li><strong>Paiements \u00e0 des tiers :<\/strong> Nous utilisons des processeurs de paiement conformes aux normes de l'industrie. Nous faisons <strong>pas<\/strong> stocker l'int\u00e9gralit\u00e9 des informations relatives \u00e0 votre carte de cr\u00e9dit sur nos serveurs.<\/li>\n\n\n\n<li><strong>Contr\u00f4le d'acc\u00e8s :<\/strong> Seul le personnel autoris\u00e9 impliqu\u00e9 dans le traitement des commandes peut acc\u00e9der aux d\u00e9tails de votre commande.<\/li>\n<\/ul>\n\n\n\n<h2 class=\"wp-block-heading\">5. Partage de l'information<\/h2>\n\n\n\n<p>Nous <strong>jamais<\/strong> vendre ou louer vos donn\u00e9es personnelles. Nous ne partageons les informations qu'avec :<\/p>\n\n\n\n<ul class=\"wp-block-list\">\n<li><strong>Partenaires logistiques :<\/strong> Des coursiers de confiance sont n\u00e9cessaires pour livrer votre colis.<\/li>\n\n\n\n<li><strong>Prestataires de services de paiement :<\/strong> Pour v\u00e9rifier et compl\u00e9ter les transactions.<\/li>\n\n\n\n<li><strong>Autorit\u00e9s l\u00e9gales :<\/strong> Lorsque la loi l'exige ou pour prot\u00e9ger nos droits l\u00e9gaux concernant la supervision des e-cigarettes.<\/li>\n<\/ul>\n\n\n\n<h2 class=\"wp-block-heading\">6. Cookies et tra\u00e7age<\/h2>\n\n\n\n<p>Nous utilisons des cookies pour m\u00e9moriser vos pr\u00e9f\u00e9rences et analyser le trafic. Vous pouvez g\u00e9rer ou d\u00e9sactiver les cookies dans les param\u00e8tres de votre navigateur, mais certaines fonctionnalit\u00e9s de FRIVAPE peuvent ne pas fonctionner correctement sans eux.<\/p>\n\n\n\n<h2 class=\"wp-block-heading\">7. Protection stricte des mineurs (politique de l'\u00e2ge)<\/h2>\n\n\n\n<p>FRIVAPE applique une politique de tol\u00e9rance z\u00e9ro en ce qui concerne la vente aux mineurs.<\/p>\n\n\n\n<ul class=\"wp-block-list\">\n<li>Nos produits ne sont pas destin\u00e9s aux personnes de moins de <strong>18<\/strong> (ou l'\u00e2ge l\u00e9gal dans votre juridiction, par exemple <strong>21<\/strong> dans certaines r\u00e9gions des \u00c9tats-Unis).<\/li>\n\n\n\n<li>Nous nous r\u00e9servons le droit d'annuler toute commande si la v\u00e9rification de l'\u00e2ge \u00e9choue. Si nous d\u00e9couvrons que des donn\u00e9es concernant un mineur ont \u00e9t\u00e9 collect\u00e9es, elles seront imm\u00e9diatement supprim\u00e9es.<\/li>\n<\/ul>\n\n\n\n<h2 class=\"wp-block-heading\">8. Vos droits internationaux<\/h2>\n\n\n\n<p>Quel que soit l'endroit o\u00f9 vous vous trouvez, vous avez le droit de.. :<\/p>\n\n\n\n<ul class=\"wp-block-list\">\n<li><strong>Acc\u00e8s et mise \u00e0 jour :<\/strong> Consulter ou corriger vos donn\u00e9es personnelles.<\/li>\n\n\n\n<li><strong>Effacement des donn\u00e9es :<\/strong> Demander la suppression de votre compte et de vos donn\u00e9es (\u201cdroit \u00e0 l'oubli\u201d).<\/li>\n\n\n\n<li><strong>Opt-Out :<\/strong> Se d\u00e9sinscrire \u00e0 tout moment des communications marketing.<\/li>\n\n\n\n<li><strong>Portabilit\u00e9 des donn\u00e9es :<\/strong> Demandez une copie de vos donn\u00e9es dans un format lisible par machine.<\/li>\n<\/ul>\n\n\n\n<h2 class=\"wp-block-heading\">9. Mises \u00e0 jour des politiques<\/h2>\n\n\n\n<p>Nous pouvons mettre \u00e0 jour cette politique pour refl\u00e9ter les changements dans les lois mondiales ou nos pratiques commerciales. Les changements significatifs seront annonc\u00e9s par le biais d'un avis sur notre page d'accueil.<\/p>\n\n\n\n<h2 class=\"wp-block-heading\">10. Nous contacter<\/h2>\n\n\n\n<p>Pour toute question concernant votre vie priv\u00e9e, veuillez contacter :<\/p>\n\n\n\n<p><strong>Adresse :<\/strong> Shenzhen, province de Guangdong, Chine.<\/p>\n\n\n\n<p><strong>Courriel :<\/strong> frivape@gmail.com<\/p>\n\n\n\n<p><strong>Page de contact :<\/strong> <a href=\"https:\/\/frivape.com\/fr\/nous-contacter\/\">https:\/\/frivape.com\/contact-us\/<\/a><\/p>","protected":false},"excerpt":{"rendered":"<p>Last Updated: March 13, 2025 1. Introduction Welcome to FRIVAPE. We value your privacy and are committed to protecting your personal information in compliance with international privacy laws (including GDPR and CCPA) and relevant e-cigarette regulations. This Privacy Policy explains how we collect, use, and safeguard your information when you visit our website. 2. Information [&hellip;]<\/p>\n","protected":false},"author":1,"featured_media":0,"parent":0,"menu_order":0,"comment_status":"closed","ping_status":"closed","template":"template-fullwidth.php","meta":{"footnotes":""},"class_list":["post-3","page","type-page","status-publish","hentry"],"yoast_head":"<!-- This site is optimized with the Yoast SEO plugin v27.1.1 - https:\/\/yoast.com\/product\/yoast-seo-wordpress\/ -->\n<title>Privacy Policy - frivape | Online Vape Store - Best Vapes, Mods &amp; Disposable Kits<\/title>\n<meta name=\"description\" content=\"Your privacy is important to FRIVAPE. Read our Privacy Policy to understand how we secure your data while providing a safe shopping experience for our global customers.\" \/>\n<meta name=\"robots\" content=\"noindex, follow, max-snippet:-1, max-image-preview:large, max-video-preview:-1\" \/>\n<meta property=\"og:locale\" content=\"fr_FR\" \/>\n<meta property=\"og:type\" content=\"article\" \/>\n<meta property=\"og:title\" content=\"Privacy Policy - frivape | Online Vape Store - Best Vapes, Mods &amp; Disposable Kits\" \/>\n<meta property=\"og:description\" content=\"Your privacy is important to FRIVAPE. Read our Privacy Policy to understand how we secure your data while providing a safe shopping experience for our global customers.\" \/>\n<meta property=\"og:url\" content=\"https:\/\/frivape.com\/fr\/politique-de-confidentialite\/\" \/>\n<meta property=\"og:site_name\" content=\"frivape | Online Vape Store - Best Vapes, Mods &amp; Disposable Kits\" \/>\n<meta property=\"article:modified_time\" content=\"2026-03-19T17:38:13+00:00\" \/>\n<meta name=\"twitter:card\" content=\"summary_large_image\" \/>\n<meta name=\"twitter:label1\" content=\"Dur\u00e9e de lecture estim\u00e9e\" \/>\n\t<meta name=\"twitter:data1\" content=\"3 minutes\" \/>\n<script type=\"application\/ld+json\" class=\"yoast-schema-graph\">{\"@context\":\"https:\/\/schema.org\",\"@graph\":[{\"@type\":\"WebPage\",\"@id\":\"https:\/\/frivape.com\/privacy-policy\/\",\"url\":\"https:\/\/frivape.com\/privacy-policy\/\",\"name\":\"Privacy Policy - frivape | Online Vape Store - Best Vapes, Mods &amp; Disposable Kits\",\"isPartOf\":{\"@id\":\"https:\/\/frivape.com\/#website\"},\"datePublished\":\"2026-03-12T03:15:50+00:00\",\"dateModified\":\"2026-03-19T17:38:13+00:00\",\"description\":\"Your privacy is important to FRIVAPE. Read our Privacy Policy to understand how we secure your data while providing a safe shopping experience for our global customers.\",\"breadcrumb\":{\"@id\":\"https:\/\/frivape.com\/privacy-policy\/#breadcrumb\"},\"inLanguage\":\"fr-FR\",\"potentialAction\":[{\"@type\":\"ReadAction\",\"target\":[\"https:\/\/frivape.com\/privacy-policy\/\"]}]},{\"@type\":\"BreadcrumbList\",\"@id\":\"https:\/\/frivape.com\/privacy-policy\/#breadcrumb\",\"itemListElement\":[{\"@type\":\"ListItem\",\"position\":1,\"name\":\"\u9996\u9875\",\"item\":\"https:\/\/frivape.com\/\"},{\"@type\":\"ListItem\",\"position\":2,\"name\":\"Privacy Policy\"}]},{\"@type\":\"WebSite\",\"@id\":\"https:\/\/frivape.com\/#website\",\"url\":\"https:\/\/frivape.com\/\",\"name\":\"frivape | Online Vape Store - Best Vapes, Mods &amp; Disposable Kits\",\"description\":\"Shop frivape, your premier online vape shop for authentic mods, disposable vapes, and premium e-liquids. Direct from Shenzhen with fast Europe local shipping. High quality at wholesale prices.\",\"publisher\":{\"@id\":\"https:\/\/frivape.com\/#organization\"},\"potentialAction\":[{\"@type\":\"SearchAction\",\"target\":{\"@type\":\"EntryPoint\",\"urlTemplate\":\"https:\/\/frivape.com\/?s={search_term_string}\"},\"query-input\":{\"@type\":\"PropertyValueSpecification\",\"valueRequired\":true,\"valueName\":\"search_term_string\"}}],\"inLanguage\":\"fr-FR\"},{\"@type\":\"Organization\",\"@id\":\"https:\/\/frivape.com\/#organization\",\"name\":\"frivape | Online Vape Store - Best Vapes, Mods &amp; Disposable Kits\",\"url\":\"https:\/\/frivape.com\/\",\"logo\":{\"@type\":\"ImageObject\",\"inLanguage\":\"fr-FR\",\"@id\":\"https:\/\/frivape.com\/#\/schema\/logo\/image\/\",\"url\":\"https:\/\/frivape.com\/wp-content\/uploads\/2026\/03\/cropped-frivape-site-title-icon.png\",\"contentUrl\":\"https:\/\/frivape.com\/wp-content\/uploads\/2026\/03\/cropped-frivape-site-title-icon.png\",\"width\":470,\"height\":110,\"caption\":\"frivape | Online Vape Store - Best Vapes, Mods &amp; Disposable Kits\"},\"image\":{\"@id\":\"https:\/\/frivape.com\/#\/schema\/logo\/image\/\"}}]}<\/script>\n<!-- \/ Yoast SEO plugin. -->","yoast_head_json":{"title":"Politique de confidentialit\u00e9 - frivape | Online Vape Store - Best Vapes, Mods &amp; Disposable Kits","description":"FRIVAPE accorde une grande importance \u00e0 la protection de votre vie priv\u00e9e. Lisez notre politique de confidentialit\u00e9 pour comprendre comment nous s\u00e9curisons vos donn\u00e9es tout en offrant une exp\u00e9rience d'achat s\u00fbre \u00e0 nos clients du monde entier.","robots":{"index":"noindex","follow":"follow","max-snippet":"max-snippet:-1","max-image-preview":"max-image-preview:large","max-video-preview":"max-video-preview:-1"},"og_locale":"fr_FR","og_type":"article","og_title":"Privacy Policy - frivape | Online Vape Store - Best Vapes, Mods &amp; Disposable Kits","og_description":"Your privacy is important to FRIVAPE. Read our Privacy Policy to understand how we secure your data while providing a safe shopping experience for our global customers.","og_url":"https:\/\/frivape.com\/fr\/politique-de-confidentialite\/","og_site_name":"frivape | Online Vape Store - Best Vapes, Mods &amp; Disposable Kits","article_modified_time":"2026-03-19T17:38:13+00:00","twitter_card":"summary_large_image","twitter_misc":{"Dur\u00e9e de lecture estim\u00e9e":"3 minutes"},"schema":{"@context":"https:\/\/schema.org","@graph":[{"@type":"WebPage","@id":"https:\/\/frivape.com\/privacy-policy\/","url":"https:\/\/frivape.com\/privacy-policy\/","name":"Politique de confidentialit\u00e9 - frivape | Online Vape Store - Best Vapes, Mods &amp; Disposable Kits","isPartOf":{"@id":"https:\/\/frivape.com\/#website"},"datePublished":"2026-03-12T03:15:50+00:00","dateModified":"2026-03-19T17:38:13+00:00","description":"FRIVAPE accorde une grande importance \u00e0 la protection de votre vie priv\u00e9e. Lisez notre politique de confidentialit\u00e9 pour comprendre comment nous s\u00e9curisons vos donn\u00e9es tout en offrant une exp\u00e9rience d'achat s\u00fbre \u00e0 nos clients du monde entier.","breadcrumb":{"@id":"https:\/\/frivape.com\/privacy-policy\/#breadcrumb"},"inLanguage":"fr-FR","potentialAction":[{"@type":"ReadAction","target":["https:\/\/frivape.com\/privacy-policy\/"]}]},{"@type":"BreadcrumbList","@id":"https:\/\/frivape.com\/privacy-policy\/#breadcrumb","itemListElement":[{"@type":"ListItem","position":1,"name":"\u9996\u9875","item":"https:\/\/frivape.com\/"},{"@type":"ListItem","position":2,"name":"Privacy Policy"}]},{"@type":"WebSite","@id":"https:\/\/frivape.com\/#website","url":"https:\/\/frivape.com\/","name":"frivape | Online Vape Store - Best Vapes, Mods &amp; Disposable Kits","description":"Le magasin frivape, votre premier magasin de vape en ligne pour des mods authentiques, des vapes jetables et des e-liquides de premi\u00e8re qualit\u00e9. Directement de Shenzhen avec une livraison rapide en Europe. Haute qualit\u00e9 \u00e0 des prix de gros.","publisher":{"@id":"https:\/\/frivape.com\/#organization"},"potentialAction":[{"@type":"SearchAction","target":{"@type":"EntryPoint","urlTemplate":"https:\/\/frivape.com\/?s={search_term_string}"},"query-input":{"@type":"PropertyValueSpecification","valueRequired":true,"valueName":"search_term_string"}}],"inLanguage":"fr-FR"},{"@type":"Organization","@id":"https:\/\/frivape.com\/#organization","name":"frivape | Online Vape Store - Best Vapes, Mods &amp; Disposable Kits","url":"https:\/\/frivape.com\/","logo":{"@type":"ImageObject","inLanguage":"fr-FR","@id":"https:\/\/frivape.com\/#\/schema\/logo\/image\/","url":"https:\/\/frivape.com\/wp-content\/uploads\/2026\/03\/cropped-frivape-site-title-icon.png","contentUrl":"https:\/\/frivape.com\/wp-content\/uploads\/2026\/03\/cropped-frivape-site-title-icon.png","width":470,"height":110,"caption":"frivape | Online Vape Store - Best Vapes, Mods &amp; Disposable Kits"},"image":{"@id":"https:\/\/frivape.com\/#\/schema\/logo\/image\/"}}]}},"_links":{"self":[{"href":"https:\/\/frivape.com\/fr\/wp-json\/wp\/v2\/pages\/3","targetHints":{"allow":["GET"]}}],"collection":[{"href":"https:\/\/frivape.com\/fr\/wp-json\/wp\/v2\/pages"}],"about":[{"href":"https:\/\/frivape.com\/fr\/wp-json\/wp\/v2\/types\/page"}],"author":[{"embeddable":true,"href":"https:\/\/frivape.com\/fr\/wp-json\/wp\/v2\/users\/1"}],"replies":[{"embeddable":true,"href":"https:\/\/frivape.com\/fr\/wp-json\/wp\/v2\/comments?post=3"}],"version-history":[{"count":6,"href":"https:\/\/frivape.com\/fr\/wp-json\/wp\/v2\/pages\/3\/revisions"}],"predecessor-version":[{"id":7259,"href":"https:\/\/frivape.com\/fr\/wp-json\/wp\/v2\/pages\/3\/revisions\/7259"}],"wp:attachment":[{"href":"https:\/\/frivape.com\/fr\/wp-json\/wp\/v2\/media?parent=3"}],"curies":[{"name":"wp","href":"https:\/\/api.w.org\/{rel}","templated":true}]}}