{"id":8049,"date":"2026-04-06T14:44:27","date_gmt":"2026-04-06T06:44:27","guid":{"rendered":"https:\/\/frivape.com\/?post_type=product&#038;p=8049"},"modified":"2026-04-09T11:21:05","modified_gmt":"2026-04-09T03:21:05","slug":"bang-king-tornado-40000-puffs-jetable-vape-led-display","status":"publish","type":"product","link":"https:\/\/frivape.com\/fr\/product\/bang-king-tornado-40000-puffs-jetable-vape-led-display\/","title":{"rendered":"Bang King Tornado 40000 bouff\u00e9es - Vape jetable - Affichage LED intelligent et flux d'air r\u00e9glable"},"content":{"rendered":"<h2 class=\"wp-block-heading has-text-align-center\"><strong>D\u00e9couvrez l'avenir du vapotage : Bang King Tornado 40000 bouff\u00e9es<\/strong><\/h2>\n\n\n\n<p>Le <strong>Bang King Tornado 40000<\/strong> (Tornado Series) est le choix d\u00e9finitif pour les vapoteurs qui exigent des performances \u201chardcore\u201d et une esth\u00e9tique \u00e9l\u00e9gante. Cette \u00e9dition \u00e0 affichage LED est m\u00e9ticuleusement con\u00e7ue pour fournir une production massive de vapeur et une saveur constante de la premi\u00e8re \u00e0 la 40 000e bouff\u00e9e.<\/p>\n\n\n\n<h3 class=\"wp-block-heading\"><strong>Principales caract\u00e9ristiques techniques<\/strong><\/h3>\n\n\n\n<ul class=\"wp-block-list\">\n<li><strong>Affichage num\u00e9rique LED intelligent :<\/strong> Ne devinez plus jamais. L'\u00e9cran int\u00e9gr\u00e9 permet une surveillance en temps r\u00e9el de votre <strong>pourcentage de la batterie<\/strong> et <strong>niveaux d'e-liquide restants<\/strong>.<\/li>\n\n\n\n<li><strong>R\u00e9servoir massif de 35 ml d'e-liquide :<\/strong> L'une des plus grandes capacit\u00e9s du march\u00e9, garantissant des semaines de satisfaction sans avoir besoin d'\u00eatre remplac\u00e9e.<\/li>\n\n\n\n<li><strong>Bobine de haute pr\u00e9cision 1.0\u03a9 Mesh Coil :<\/strong> La technologie mesh avanc\u00e9e garantit un chauffage homog\u00e8ne, \u00e9vitant les coups br\u00fbl\u00e9s et d\u00e9livrant une saveur pure et vibrante.<\/li>\n\n\n\n<li><strong>Flux d'air dynamique r\u00e9glable :<\/strong> Passez d'un tirage serr\u00e9 MTL (Mouth-to-Lung) \u00e0 un style plus ouvert DTL (Direct-to-Lung) d'une simple pichenette sur l'interrupteur du bas.<\/li>\n\n\n\n<li><strong>Batterie robuste de 1000mAh :<\/strong> Une batterie rechargeable haute densit\u00e9 associ\u00e9e \u00e0 la recharge rapide Type-C permet de passer plus de temps \u00e0 vaper et moins de temps attach\u00e9 \u00e0 un c\u00e2ble.<\/li>\n<\/ul>\n\n\n\n<h3 class=\"wp-block-heading\"><strong>Options d'intensit\u00e9 de la nicotine<\/strong><\/h3>\n\n\n\n<p>Pour r\u00e9pondre \u00e0 toutes les pr\u00e9f\u00e9rences, le Bang King Tornado 40k est disponible en quatre concentrations de nicotine diff\u00e9rentes :<\/p>\n\n\n\n<ul class=\"wp-block-list\">\n<li><strong>0% (0mg\/mL) :<\/strong> Saveur pure, z\u00e9ro nicotine.<\/li>\n\n\n\n<li><strong>2% (20mg\/mL) :<\/strong> Un hit doux pour les vapoteurs occasionnels.<\/li>\n\n\n\n<li><strong>3% (30mg\/mL) :<\/strong> Satisfaction \u00e9quilibr\u00e9e.<\/li>\n\n\n\n<li><strong>5% (50mg\/mL) :<\/strong> Effet de gorge puissant pour les utilisateurs chevronn\u00e9s.<\/li>\n<\/ul>\n\n\n\n<h3 class=\"wp-block-heading\"><strong>12 Premium Flavor Feast<\/strong><\/h3>\n\n\n\n<ol start=\"1\" class=\"wp-block-list\">\n<li><strong>Past\u00e8que :<\/strong> Un rafra\u00eechissement estival classique et frais.<\/li>\n\n\n\n<li><strong>Past\u00e8que \u00e0 la fraise :<\/strong> Un m\u00e9lange succulent de baies sucr\u00e9es et de melon.<\/li>\n\n\n\n<li><strong>Glace aux myrtilles :<\/strong> Myrtilles acidul\u00e9es avec une finale menthol\u00e9e rafra\u00eechissante.<\/li>\n\n\n\n<li><strong>Myrtille Framboise :<\/strong> Un duo forestier sophistiqu\u00e9, sucr\u00e9 et acidul\u00e9.<\/li>\n\n\n\n<li><strong>Glace \u00e0 la fraise :<\/strong> Fraises m\u00fbres givr\u00e9es.<\/li>\n\n\n\n<li><strong>Fraise Kiwi :<\/strong> L'ultime fusion tropicale \u00e9quilibr\u00e9e.<\/li>\n\n\n\n<li><strong>Mangue P\u00eache Past\u00e8que :<\/strong> Un m\u00e9lange exotique de trois fruits.<\/li>\n\n\n\n<li><strong>Kiwi Fruit de la passion Grenade :<\/strong> Profond\u00e9ment aromatique et stratifi\u00e9.<\/li>\n\n\n\n<li><strong>Glace \u00e0 la p\u00eache :<\/strong> P\u00eache velout\u00e9e m\u00fbrie au soleil avec une expiration fra\u00eeche.<\/li>\n\n\n\n<li><strong>Baies m\u00e9lang\u00e9es :<\/strong> Une explosion de baies rouges et noires.<\/li>\n\n\n\n<li><strong>Myrtille Raisin :<\/strong> Les raisins de vigne juteux rencontrent la myrtille sucr\u00e9e.<\/li>\n\n\n\n<li><strong>Past\u00e8que Bubblegum :<\/strong> Un melon nostalgique inspir\u00e9 des bonbons.<\/li>\n<\/ol>\n\n\n\n<h3 class=\"wp-block-heading\"><strong>Utilisation et entretien des produits<\/strong><\/h3>\n\n\n\n<ul class=\"wp-block-list\">\n<li><strong>Activation :<\/strong> Il suffit de dessiner sur l'embout (Auto-draw).<\/li>\n\n\n\n<li><strong>Chargement :<\/strong> Utilisez un c\u00e2ble Type-C standard. Le chargement dure g\u00e9n\u00e9ralement de 30 \u00e0 45 minutes. \u00c9vitez d'utiliser des \u201csuper chargeurs\u201d de t\u00e9l\u00e9phone \u00e0 forte puissance pour prot\u00e9ger la dur\u00e9e de vie de la batterie.<\/li>\n\n\n\n<li><strong>Stockage :<\/strong> Conservez l'appareil dans un endroit frais et sec lorsqu'il n'est pas utilis\u00e9.<\/li>\n<\/ul>\n\n\n\n<h3 class=\"wp-block-heading\"><strong>Foire aux questions (FAQ)<\/strong><\/h3>\n\n\n\n<ul class=\"wp-block-list\">\n<li><strong>Combien de bouff\u00e9es fournit-il r\u00e9ellement ?<\/strong> Il est con\u00e7u pour tirer jusqu'\u00e0 40 000 bouff\u00e9es. Le nombre r\u00e9el de bouff\u00e9es peut varier en fonction de la longueur de la bouff\u00e9e de chaque individu.<\/li>\n\n\n\n<li><strong>Est-il adapt\u00e9 \u00e0 la vente en gros ?<\/strong> Oui, nous proposons des prix directs \u00e0 l'usine pour les commandes en gros et en masse.<\/li>\n\n\n\n<li><strong>Quelles sont les m\u00e9thodes d'exp\u00e9dition utilis\u00e9es ?<\/strong> Nous utilisons des transporteurs fiables tels que UPS, DHL, FedEx et DPD. Nous nous occupons de toutes les formalit\u00e9s douani\u00e8res, garantissant ainsi une livraison hors taxe de 100% dans la plupart des r\u00e9gions.<\/li>\n\n\n\n<li><strong>Quel est le d\u00e9lai de livraison ?<\/strong> La pr\u00e9paration de la commande prend de 1 \u00e0 3 jours. L'exp\u00e9dition prend g\u00e9n\u00e9ralement de 7 \u00e0 15 jours ouvrables, en fonction de votre localisation.<\/li>\n\n\n\n<li><strong>Le paiement est-il s\u00e9curis\u00e9 ?<\/strong> Nous acceptons PayPal (avec protection de l'acheteur), Stripe, les cartes de cr\u00e9dit et les crypto-monnaies.<\/li>\n<\/ul>\n\n\n\n<p><strong>AVERTISSEMENT :<\/strong> Ce produit contient de la nicotine. La nicotine est un produit chimique qui cr\u00e9e une d\u00e9pendance.<\/p>\n\n\n\n<p><strong>Restriction d'\u00e2ge :<\/strong> Vous devez avoir plus de 18 ans (ou l'\u00e2ge l\u00e9gal pour fumer dans votre r\u00e9gion) pour acheter et utiliser ce produit. Tenir hors de port\u00e9e des enfants et des animaux domestiques.<\/p>\n\n\n\n<p><\/p>","protected":false},"excerpt":{"rendered":"<p data-path-to-node=\"7\">Dominez votre exp\u00e9rience de vapotage avec le <b data-path-to-node=\"7\" data-index-in-node=\"41\">Bang King Tornado 40k<\/b>.<\/p>\n<ul data-path-to-node=\"8\">\n<li>\n<p data-path-to-node=\"8,0,0\"><b data-path-to-node=\"8,0,0\" data-index-in-node=\"0\">Nombre de bouff\u00e9es :<\/b> Jusqu'\u00e0 40 000 bouff\u00e9es<\/p>\n<\/li>\n<li>\n<p data-path-to-node=\"8,1,0\"><b data-path-to-node=\"8,1,0\" data-index-in-node=\"0\">Batterie :<\/b> 1000mAh (Type-C rechargeable)<\/p>\n<\/li>\n<li>\n<p data-path-to-node=\"8,2,0\"><b data-path-to-node=\"8,2,0\" data-index-in-node=\"0\">Capacit\u00e9 :<\/b> 35mL E-liquide Premium<\/p>\n<\/li>\n<li>\n<p data-path-to-node=\"8,3,0\"><b data-path-to-node=\"8,3,0\" data-index-in-node=\"0\">Technologie :<\/b> 1.0\u03a9 Mesh Coil &amp; Smart LED Digital Screen<\/p>\n<\/li>\n<li>\n<p data-path-to-node=\"8,4,0\"><b data-path-to-node=\"8,4,0\" data-index-in-node=\"0\">Personnalisation :<\/b> Contr\u00f4le r\u00e9glable du flux d'air<\/p>\n<\/li>\n<li>\n<p data-path-to-node=\"8,5,0\"><b data-path-to-node=\"8,5,0\" data-index-in-node=\"0\">Nicotine :<\/b> Disponible en 0%, 2%, 3% et 5%.<\/p>\n<\/li>\n<\/ul>","protected":false},"featured_media":8055,"comment_status":"open","ping_status":"closed","template":"","meta":[],"product_brand":[61],"product_cat":[82,87,95],"product_tag":[74,75,76,77,79],"class_list":{"0":"post-8049","1":"product","2":"type-product","3":"status-publish","4":"has-post-thumbnail","6":"product_brand-bang","7":"product_cat-big-puffs-vapes","8":"product_cat-iced-fruit-vapes","9":"product_cat-mesh-coil-vapes","10":"product_tag-dtl-vaping","11":"product_tag-eu-warehouse","12":"product_tag-mtl-vaping","13":"product_tag-recharge","14":"product_tag-smart-screen-display","15":"pa_product-attr-nicotine-nicotine0","16":"pa_product-attr-nicotine-nicotine2","17":"pa_product-attr-nicotine-nicotine3","18":"pa_product-attr-nicotine-nicotine5","20":"first","21":"instock","22":"sale","23":"shipping-taxable","24":"purchasable","25":"product-type-variable"},"yoast_head":"<!-- This site is optimized with the Yoast SEO plugin v27.1.1 - https:\/\/yoast.com\/product\/yoast-seo-wordpress\/ -->\n<title>Bang King Tornado 40000 Puffs Disposable Vape - LED Display 40k Vape<\/title>\n<meta name=\"description\" content=\"Buy the Bang King Tornado 40000 Puffs. Features 35mL e-liquid, 1000mAh rechargeable battery, 1.0\u03a9 mesh coil, and smart LED display. Available in 0%-5% nicotine. Fast EU shipping!\" \/>\n<meta name=\"robots\" content=\"noindex, follow, max-snippet:-1, max-image-preview:large, max-video-preview:-1\" \/>\n<meta property=\"og:locale\" content=\"fr_FR\" \/>\n<meta property=\"og:type\" content=\"article\" \/>\n<meta property=\"og:title\" content=\"Bang King Tornado 40000 Puffs Disposable Vape - LED Display 40k Vape\" \/>\n<meta property=\"og:description\" content=\"Buy the Bang King Tornado 40000 Puffs. Features 35mL e-liquid, 1000mAh rechargeable battery, 1.0\u03a9 mesh coil, and smart LED display. Available in 0%-5% nicotine. Fast EU shipping!\" \/>\n<meta property=\"og:url\" content=\"https:\/\/frivape.com\/fr\/product\/bang-king-tornado-40000-puffs-jetable-vape-led-display\/\" \/>\n<meta property=\"og:site_name\" content=\"frivape | Online Vape Store - Best Vapes, Mods &amp; Disposable Kits\" \/>\n<meta property=\"article:modified_time\" content=\"2026-04-09T03:21:05+00:00\" \/>\n<meta property=\"og:image\" content=\"https:\/\/frivape.com\/wp-content\/uploads\/2026\/04\/vape-maison-bang-king-tornado-40000-puffs-watermelon-800x800-1.webp\" \/>\n\t<meta property=\"og:image:width\" content=\"800\" \/>\n\t<meta property=\"og:image:height\" content=\"800\" \/>\n\t<meta property=\"og:image:type\" content=\"image\/webp\" \/>\n<meta name=\"twitter:card\" content=\"summary_large_image\" \/>\n<meta name=\"twitter:label1\" content=\"Dur\u00e9e de lecture estim\u00e9e\" \/>\n\t<meta name=\"twitter:data1\" content=\"3 minutes\" \/>\n<script type=\"application\/ld+json\" class=\"yoast-schema-graph\">{\"@context\":\"https:\/\/schema.org\",\"@graph\":[{\"@type\":\"WebPage\",\"@id\":\"https:\/\/frivape.com\/product\/bang-king-tornado-40000-puffs-disposable-vape-led-display\/\",\"url\":\"https:\/\/frivape.com\/product\/bang-king-tornado-40000-puffs-disposable-vape-led-display\/\",\"name\":\"Bang King Tornado 40000 Puffs Disposable Vape - LED Display 40k Vape\",\"isPartOf\":{\"@id\":\"https:\/\/frivape.com\/#website\"},\"primaryImageOfPage\":{\"@id\":\"https:\/\/frivape.com\/product\/bang-king-tornado-40000-puffs-disposable-vape-led-display\/#primaryimage\"},\"image\":{\"@id\":\"https:\/\/frivape.com\/product\/bang-king-tornado-40000-puffs-disposable-vape-led-display\/#primaryimage\"},\"thumbnailUrl\":\"https:\/\/frivape.com\/wp-content\/uploads\/2026\/04\/vape-maison-bang-king-tornado-40000-puffs-watermelon-800x800-1.webp\",\"datePublished\":\"2026-04-06T06:44:27+00:00\",\"dateModified\":\"2026-04-09T03:21:05+00:00\",\"description\":\"Buy the Bang King Tornado 40000 Puffs. Features 35mL e-liquid, 1000mAh rechargeable battery, 1.0\u03a9 mesh coil, and smart LED display. Available in 0%-5% nicotine. Fast EU shipping!\",\"breadcrumb\":{\"@id\":\"https:\/\/frivape.com\/product\/bang-king-tornado-40000-puffs-disposable-vape-led-display\/#breadcrumb\"},\"inLanguage\":\"fr-FR\",\"potentialAction\":[{\"@type\":\"ReadAction\",\"target\":[\"https:\/\/frivape.com\/product\/bang-king-tornado-40000-puffs-disposable-vape-led-display\/\"]}]},{\"@type\":\"ImageObject\",\"inLanguage\":\"fr-FR\",\"@id\":\"https:\/\/frivape.com\/product\/bang-king-tornado-40000-puffs-disposable-vape-led-display\/#primaryimage\",\"url\":\"https:\/\/frivape.com\/wp-content\/uploads\/2026\/04\/vape-maison-bang-king-tornado-40000-puffs-watermelon-800x800-1.webp\",\"contentUrl\":\"https:\/\/frivape.com\/wp-content\/uploads\/2026\/04\/vape-maison-bang-king-tornado-40000-puffs-watermelon-800x800-1.webp\",\"width\":800,\"height\":800},{\"@type\":\"BreadcrumbList\",\"@id\":\"https:\/\/frivape.com\/product\/bang-king-tornado-40000-puffs-disposable-vape-led-display\/#breadcrumb\",\"itemListElement\":[{\"@type\":\"ListItem\",\"position\":1,\"name\":\"\u9996\u9875\",\"item\":\"https:\/\/frivape.com\/\"},{\"@type\":\"ListItem\",\"position\":2,\"name\":\"Shop\",\"item\":\"https:\/\/frivape.com\/shop\/\"},{\"@type\":\"ListItem\",\"position\":3,\"name\":\"Bang King Tornado 40000 Puffs Disposable Vape | Smart LED Display &amp; Adjustable Airflow\"}]},{\"@type\":\"WebSite\",\"@id\":\"https:\/\/frivape.com\/#website\",\"url\":\"https:\/\/frivape.com\/\",\"name\":\"frivape | Online Vape Store - Best Vapes, Mods &amp; Disposable Kits\",\"description\":\"Shop frivape, your premier online vape shop for authentic mods, disposable vapes, and premium e-liquids. Direct from Shenzhen with fast Europe local shipping. High quality at wholesale prices.\",\"publisher\":{\"@id\":\"https:\/\/frivape.com\/#organization\"},\"potentialAction\":[{\"@type\":\"SearchAction\",\"target\":{\"@type\":\"EntryPoint\",\"urlTemplate\":\"https:\/\/frivape.com\/?s={search_term_string}\"},\"query-input\":{\"@type\":\"PropertyValueSpecification\",\"valueRequired\":true,\"valueName\":\"search_term_string\"}}],\"inLanguage\":\"fr-FR\"},{\"@type\":\"Organization\",\"@id\":\"https:\/\/frivape.com\/#organization\",\"name\":\"frivape | Online Vape Store - Best Vapes, Mods &amp; Disposable Kits\",\"url\":\"https:\/\/frivape.com\/\",\"logo\":{\"@type\":\"ImageObject\",\"inLanguage\":\"fr-FR\",\"@id\":\"https:\/\/frivape.com\/#\/schema\/logo\/image\/\",\"url\":\"https:\/\/frivape.com\/wp-content\/uploads\/2026\/03\/cropped-frivape-site-title-icon.png\",\"contentUrl\":\"https:\/\/frivape.com\/wp-content\/uploads\/2026\/03\/cropped-frivape-site-title-icon.png\",\"width\":470,\"height\":110,\"caption\":\"frivape | Online Vape Store - Best Vapes, Mods &amp; Disposable Kits\"},\"image\":{\"@id\":\"https:\/\/frivape.com\/#\/schema\/logo\/image\/\"}}]}<\/script>\n<!-- \/ Yoast SEO plugin. -->","yoast_head_json":{"title":"Bang King Tornado 40000 bouff\u00e9es Vape jetable - Affichage LED 40k Vape","description":"Achetez le Bang King Tornado 40000 Puffs. Comprend 35mL d'e-liquide, une batterie rechargeable de 1000mAh, un mesh coil de 1,0\u03a9 et un \u00e9cran LED intelligent. Disponible en 0%-5% nicotine. Livraison rapide dans l'UE !","robots":{"index":"noindex","follow":"follow","max-snippet":"max-snippet:-1","max-image-preview":"max-image-preview:large","max-video-preview":"max-video-preview:-1"},"og_locale":"fr_FR","og_type":"article","og_title":"Bang King Tornado 40000 Puffs Disposable Vape - LED Display 40k Vape","og_description":"Buy the Bang King Tornado 40000 Puffs. Features 35mL e-liquid, 1000mAh rechargeable battery, 1.0\u03a9 mesh coil, and smart LED display. Available in 0%-5% nicotine. Fast EU shipping!","og_url":"https:\/\/frivape.com\/fr\/product\/bang-king-tornado-40000-puffs-jetable-vape-led-display\/","og_site_name":"frivape | Online Vape Store - Best Vapes, Mods &amp; Disposable Kits","article_modified_time":"2026-04-09T03:21:05+00:00","og_image":[{"width":800,"height":800,"url":"https:\/\/frivape.com\/wp-content\/uploads\/2026\/04\/vape-maison-bang-king-tornado-40000-puffs-watermelon-800x800-1.webp","type":"image\/webp"}],"twitter_card":"summary_large_image","twitter_misc":{"Dur\u00e9e de lecture estim\u00e9e":"3 minutes"},"schema":{"@context":"https:\/\/schema.org","@graph":[{"@type":"WebPage","@id":"https:\/\/frivape.com\/product\/bang-king-tornado-40000-puffs-disposable-vape-led-display\/","url":"https:\/\/frivape.com\/product\/bang-king-tornado-40000-puffs-disposable-vape-led-display\/","name":"Bang King Tornado 40000 bouff\u00e9es Vape jetable - Affichage LED 40k Vape","isPartOf":{"@id":"https:\/\/frivape.com\/#website"},"primaryImageOfPage":{"@id":"https:\/\/frivape.com\/product\/bang-king-tornado-40000-puffs-disposable-vape-led-display\/#primaryimage"},"image":{"@id":"https:\/\/frivape.com\/product\/bang-king-tornado-40000-puffs-disposable-vape-led-display\/#primaryimage"},"thumbnailUrl":"https:\/\/frivape.com\/wp-content\/uploads\/2026\/04\/vape-maison-bang-king-tornado-40000-puffs-watermelon-800x800-1.webp","datePublished":"2026-04-06T06:44:27+00:00","dateModified":"2026-04-09T03:21:05+00:00","description":"Achetez le Bang King Tornado 40000 Puffs. Comprend 35mL d'e-liquide, une batterie rechargeable de 1000mAh, un mesh coil de 1,0\u03a9 et un \u00e9cran LED intelligent. Disponible en 0%-5% nicotine. Livraison rapide dans l'UE !","breadcrumb":{"@id":"https:\/\/frivape.com\/product\/bang-king-tornado-40000-puffs-disposable-vape-led-display\/#breadcrumb"},"inLanguage":"fr-FR","potentialAction":[{"@type":"ReadAction","target":["https:\/\/frivape.com\/product\/bang-king-tornado-40000-puffs-disposable-vape-led-display\/"]}]},{"@type":"ImageObject","inLanguage":"fr-FR","@id":"https:\/\/frivape.com\/product\/bang-king-tornado-40000-puffs-disposable-vape-led-display\/#primaryimage","url":"https:\/\/frivape.com\/wp-content\/uploads\/2026\/04\/vape-maison-bang-king-tornado-40000-puffs-watermelon-800x800-1.webp","contentUrl":"https:\/\/frivape.com\/wp-content\/uploads\/2026\/04\/vape-maison-bang-king-tornado-40000-puffs-watermelon-800x800-1.webp","width":800,"height":800},{"@type":"BreadcrumbList","@id":"https:\/\/frivape.com\/product\/bang-king-tornado-40000-puffs-disposable-vape-led-display\/#breadcrumb","itemListElement":[{"@type":"ListItem","position":1,"name":"\u9996\u9875","item":"https:\/\/frivape.com\/"},{"@type":"ListItem","position":2,"name":"Shop","item":"https:\/\/frivape.com\/shop\/"},{"@type":"ListItem","position":3,"name":"Bang King Tornado 40000 Puffs Disposable Vape | Smart LED Display &amp; Adjustable Airflow"}]},{"@type":"WebSite","@id":"https:\/\/frivape.com\/#website","url":"https:\/\/frivape.com\/","name":"frivape | Online Vape Store - Best Vapes, Mods &amp; Disposable Kits","description":"Le magasin frivape, votre premier magasin de vape en ligne pour des mods authentiques, des vapes jetables et des e-liquides de premi\u00e8re qualit\u00e9. Directement de Shenzhen avec une livraison rapide en Europe. Haute qualit\u00e9 \u00e0 des prix de gros.","publisher":{"@id":"https:\/\/frivape.com\/#organization"},"potentialAction":[{"@type":"SearchAction","target":{"@type":"EntryPoint","urlTemplate":"https:\/\/frivape.com\/?s={search_term_string}"},"query-input":{"@type":"PropertyValueSpecification","valueRequired":true,"valueName":"search_term_string"}}],"inLanguage":"fr-FR"},{"@type":"Organization","@id":"https:\/\/frivape.com\/#organization","name":"frivape | Online Vape Store - Best Vapes, Mods &amp; Disposable Kits","url":"https:\/\/frivape.com\/","logo":{"@type":"ImageObject","inLanguage":"fr-FR","@id":"https:\/\/frivape.com\/#\/schema\/logo\/image\/","url":"https:\/\/frivape.com\/wp-content\/uploads\/2026\/03\/cropped-frivape-site-title-icon.png","contentUrl":"https:\/\/frivape.com\/wp-content\/uploads\/2026\/03\/cropped-frivape-site-title-icon.png","width":470,"height":110,"caption":"frivape | Online Vape Store - Best Vapes, Mods &amp; Disposable Kits"},"image":{"@id":"https:\/\/frivape.com\/#\/schema\/logo\/image\/"}}]}},"tiered_pricing_type":"fixed","tiered_pricing_fixed_rules":{"10":9.48,"50":8.88,"100":8.28,"200":7.68},"tiered_pricing_product_settings":{"layout":"blocks","base_unit_name":{"singular":null,"plural":null},"default_variation":{}},"tiered_pricing_minimum_quantity":null,"tiered_pricing_roles_data":[],"tiered_pricing_percentage_rules":[],"_links":{"self":[{"href":"https:\/\/frivape.com\/fr\/wp-json\/wp\/v2\/product\/8049","targetHints":{"allow":["GET"]}}],"collection":[{"href":"https:\/\/frivape.com\/fr\/wp-json\/wp\/v2\/product"}],"about":[{"href":"https:\/\/frivape.com\/fr\/wp-json\/wp\/v2\/types\/product"}],"replies":[{"embeddable":true,"href":"https:\/\/frivape.com\/fr\/wp-json\/wp\/v2\/comments?post=8049"}],"wp:featuredmedia":[{"embeddable":true,"href":"https:\/\/frivape.com\/fr\/wp-json\/wp\/v2\/media\/8055"}],"wp:attachment":[{"href":"https:\/\/frivape.com\/fr\/wp-json\/wp\/v2\/media?parent=8049"}],"wp:term":[{"taxonomy":"product_brand","embeddable":true,"href":"https:\/\/frivape.com\/fr\/wp-json\/wp\/v2\/product_brand?post=8049"},{"taxonomy":"product_cat","embeddable":true,"href":"https:\/\/frivape.com\/fr\/wp-json\/wp\/v2\/product_cat?post=8049"},{"taxonomy":"product_tag","embeddable":true,"href":"https:\/\/frivape.com\/fr\/wp-json\/wp\/v2\/product_tag?post=8049"}],"curies":[{"name":"wp","href":"https:\/\/api.w.org\/{rel}","templated":true}]}}