{"id":8234,"date":"2026-04-09T01:00:26","date_gmt":"2026-04-08T17:00:26","guid":{"rendered":"https:\/\/frivape.com\/?post_type=product&#038;p=8234"},"modified":"2026-04-09T11:08:24","modified_gmt":"2026-04-09T03:08:24","slug":"bang-20000-puffs-jetable-vape-led-display-rechargeable","status":"publish","type":"product","link":"https:\/\/frivape.com\/fr\/product\/bang-20000-puffs-jetable-vape-led-display-rechargeable\/","title":{"rendered":"Bang 20000 Puffs Vape jetable | Smart LED Display &amp; 0.8\u03a9 Mesh Coil"},"content":{"rendered":"<h2 class=\"wp-block-heading has-text-align-center\"><strong>L'ing\u00e9nierie de pr\u00e9cision au service d'une capacit\u00e9 massive : Bang 20000 bouff\u00e9es<\/strong><\/h2>\n\n\n\n<p>Le <strong>Bang 20000 Puffs LED Display Vape jetable<\/strong> est con\u00e7u pour les vapoteurs qui privil\u00e9gient \u00e0 la fois la long\u00e9vit\u00e9 et le contr\u00f4le en temps r\u00e9el. Ce dispositif \u201cSmart Edition\u201d \u00e9limine les conjectures, vous permettant de surveiller vos niveaux tout en profitant de la saveur robuste produite par son syst\u00e8me de chauffage \u00e0 la pointe de la technologie.<\/p>\n\n\n\n<h3 class=\"wp-block-heading\"><strong>Faits saillants techniques avanc\u00e9s<\/strong><\/h3>\n\n\n\n<ul class=\"wp-block-list\">\n<li><strong>Intelligence num\u00e9rique :<\/strong> Le syst\u00e8me int\u00e9gr\u00e9 <strong>Affichage num\u00e9rique LED<\/strong> fournit des informations instantan\u00e9es sur l'autonomie de votre batterie et votre consommation d'e-liquide. Ne vous inqui\u00e9tez plus jamais d'un dry hit inattendu ou d'une batterie d\u00e9charg\u00e9e.<\/li>\n\n\n\n<li><strong>Flavor-First 0.8\u03a9 Mesh Coil :<\/strong> Sp\u00e9cialement con\u00e7u pour le r\u00e9servoir de 25 ml, le coil mesh de 0,8 ohm augmente la surface de chauffe, ce qui permet d'obtenir des nuages plus denses et un profil d'ar\u00f4me plus intense que les coils traditionnels.<\/li>\n\n\n\n<li><strong>Performance \u00e9tendue \u00e0 20 km :<\/strong> Avec une capacit\u00e9 \u00e9tonnante de 20 000 bouff\u00e9es, cet appareil est con\u00e7u pour durer plus longtemps que la concurrence, ce qui en fait un choix \u00e9conomique et fiable pour une utilisation quotidienne.<\/li>\n\n\n\n<li><strong>Puissance de r\u00e9cup\u00e9ration rapide :<\/strong> Le <strong>Batterie de 650mAh<\/strong> est optimis\u00e9e pour l'efficacit\u00e9 et associ\u00e9e \u00e0 une <strong>Port de charge de type C<\/strong> pour vous permettre de passer plus de temps \u00e0 vaper et moins de temps \u00e0 attendre.<\/li>\n<\/ul>\n\n\n\n<h3 class=\"wp-block-heading\"><strong>S\u00e9lection compl\u00e8te d'ar\u00f4mes<\/strong><\/h3>\n\n\n\n<p>Profitez d'une gamme vari\u00e9e de plus de 13 ar\u00f4mes de qualit\u00e9 sup\u00e9rieure :<\/p>\n\n\n\n<ol start=\"1\" class=\"wp-block-list\">\n<li><strong>Monnaie :<\/strong> Un souffle vif et rafra\u00eechissant de menthol pur.<\/li>\n\n\n\n<li><strong>Lychee \u00e0 la fraise :<\/strong> Des fraises sucr\u00e9es associ\u00e9es \u00e0 un litchi exotique.<\/li>\n\n\n\n<li><strong>Fraise Kiwi :<\/strong> Un duo tropical classique, acidul\u00e9 et sucr\u00e9.<\/li>\n\n\n\n<li><strong>Red Bull :<\/strong> Une vape \u00e9nergisante et p\u00e9tillante inspir\u00e9e des boissons.<\/li>\n\n\n\n<li><strong>Fruits m\u00e9lang\u00e9s :<\/strong> Un m\u00e9lange luxuriant de fruits pr\u00e9f\u00e9r\u00e9s du monde entier.<\/li>\n\n\n\n<li><strong>Glace aux myrtilles :<\/strong> Myrtilles m\u00fbres avec une finale givr\u00e9e.<\/li>\n\n\n\n<li><strong>Myrtille Framboise :<\/strong> Une explosion de baies acidul\u00e9es et sucr\u00e9es.<\/li>\n\n\n\n<li><strong>Past\u00e8que \u00e0 la myrtille :<\/strong> Le melon rafra\u00eechissant rencontre des notes de baies profondes.<\/li>\n\n\n\n<li><strong>Past\u00e8que :<\/strong> Simple, juteux et d\u00e9salt\u00e9rant.<\/li>\n\n\n\n<li><strong>Melon d'eau \u00e0 la framboise :<\/strong> Une version piquante de la past\u00e8que classique.<\/li>\n\n\n\n<li><strong>Fraise Mangue :<\/strong> Mangue tropicale cr\u00e9meuse et fraise sucr\u00e9e.<\/li>\n\n\n\n<li><strong>Double pomme :<\/strong> Un m\u00e9lange croustillant de pommes rouges et vertes.<\/li>\n\n\n\n<li><strong>Mangue P\u00eache Past\u00e8que :<\/strong> La fusion ultime des fruits d'\u00e9t\u00e9.<\/li>\n<\/ol>\n\n\n\n<h3 class=\"wp-block-heading\"><strong>Foire aux questions (FAQ)<\/strong><\/h3>\n\n\n\n<ul class=\"wp-block-list\">\n<li><strong>Qu'est-ce qui rend la bobine de 0,8\u03a9 plus performante ?<\/strong> Il permet une chauffe plus rapide et un flux d'air plus important, ce qui am\u00e9liore la saveur de l'e-liquide et cr\u00e9e un effet de gorge plus doux.<\/li>\n\n\n\n<li><strong>Comment savoir si le dispositif est vide ?<\/strong> L'\u00e9cran LED indique que le niveau d'e-liquide diminue. Lorsque le niveau de jus atteint z\u00e9ro sur l'\u00e9cran, l'appareil a atteint sa capacit\u00e9.<\/li>\n\n\n\n<li><strong>Le c\u00e2ble de chargement est-il inclus ?<\/strong> En g\u00e9n\u00e9ral, les c\u00e2bles Type-C ne sont pas inclus dans les paquets individuels afin de minimiser les d\u00e9chets environnementaux, mais n'importe quel c\u00e2ble Type-C standard fonctionnera.<\/li>\n\n\n\n<li><strong>Combien de temps durent 20 000 bouff\u00e9es ?<\/strong> Pour un vapoteur moyen, ce dispositif peut durer de 15 \u00e0 25 jours selon les habitudes d'utilisation.<\/li>\n<\/ul>\n\n\n\n<hr class=\"wp-block-separator has-alpha-channel-opacity\"\/>\n\n\n\n<p><strong>AVERTISSEMENT :<\/strong> Ce produit contient de la nicotine. La nicotine est un produit chimique qui cr\u00e9e une d\u00e9pendance.<\/p>\n\n\n\n<p><strong>Restriction d'\u00e2ge :<\/strong> Vous devez avoir plus de 18 ans (ou l'\u00e2ge l\u00e9gal pour fumer dans votre r\u00e9gion) pour acheter et utiliser ce produit. Tenir hors de port\u00e9e des enfants et des animaux domestiques.<\/p>","protected":false},"excerpt":{"rendered":"<p data-path-to-node=\"7\">Le <b data-path-to-node=\"7\" data-index-in-node=\"4\">Bang 20000<\/b> est le m\u00e9lange parfait de performances de haute capacit\u00e9 et de technologie moderne.<\/p>\n<ul data-path-to-node=\"8\">\n<li>\n<p data-path-to-node=\"8,0,0\"><b data-path-to-node=\"8,0,0\" data-index-in-node=\"0\">Nombre de bouff\u00e9es :<\/b> Jusqu'\u00e0 20 000 bouff\u00e9es<\/p>\n<\/li>\n<li>\n<p data-path-to-node=\"8,1,0\"><b data-path-to-node=\"8,1,0\" data-index-in-node=\"0\">Capacit\u00e9 :<\/b> E-liquide pr\u00e9-rempli de 25mL<\/p>\n<\/li>\n<li>\n<p data-path-to-node=\"8,2,0\"><b data-path-to-node=\"8,2,0\" data-index-in-node=\"0\">Affichage :<\/b> \u00c9cran LED en temps r\u00e9el (contr\u00f4le de la batterie et du jus)<\/p>\n<\/li>\n<li>\n<p data-path-to-node=\"8,3,0\"><b data-path-to-node=\"8,3,0\" data-index-in-node=\"0\">Batterie :<\/b> 650mAh (Type-C rechargeable)<\/p>\n<\/li>\n<li>\n<p data-path-to-node=\"8,4,0\"><b data-path-to-node=\"8,4,0\" data-index-in-node=\"0\">Le chauffage :<\/b> 0.8\u03a9 Advanced Mesh Coil pour une vapeur riche<\/p>\n<\/li>\n<li>\n<p data-path-to-node=\"8,5,0\"><b data-path-to-node=\"8,5,0\" data-index-in-node=\"0\">Conception :<\/b> Construction \u00e9l\u00e9gante, portable et respectueuse de l'environnement<\/p>\n<\/li>\n<\/ul>","protected":false},"featured_media":8237,"comment_status":"open","ping_status":"closed","template":"","meta":[],"product_brand":[61],"product_cat":[96,87,95,83],"product_tag":[76,93,77,79],"class_list":{"0":"post-8234","1":"product","2":"type-product","3":"status-publish","4":"has-post-thumbnail","6":"product_brand-bang","7":"product_cat-dual-mesh-vapes","8":"product_cat-iced-fruit-vapes","9":"product_cat-mesh-coil-vapes","10":"product_cat-pro-puffs-vapes","11":"product_tag-mtl-vaping","12":"product_tag-rdl-vaping","13":"product_tag-recharge","14":"product_tag-smart-screen-display","16":"first","17":"instock","18":"sale","19":"shipping-taxable","20":"purchasable","21":"product-type-variable"},"yoast_head":"<!-- This site is optimized with the Yoast SEO plugin v27.1.1 - https:\/\/yoast.com\/product\/yoast-seo-wordpress\/ -->\n<title>Bang 20000 Puffs Disposable Vape - Smart LED Display &amp; Mesh Coil<\/title>\n<meta name=\"description\" content=\"Experience the Bang 20000 Puffs with a smart LED display. Features 25mL e-liquid, 0.8\u03a9 mesh coil, and 650mAh rechargeable battery. Fast shipping on all 20k vapes!\" \/>\n<meta name=\"robots\" content=\"noindex, follow, max-snippet:-1, max-image-preview:large, max-video-preview:-1\" \/>\n<meta property=\"og:locale\" content=\"fr_FR\" \/>\n<meta property=\"og:type\" content=\"article\" \/>\n<meta property=\"og:title\" content=\"Bang 20000 Puffs Disposable Vape - Smart LED Display &amp; Mesh Coil\" \/>\n<meta property=\"og:description\" content=\"Experience the Bang 20000 Puffs with a smart LED display. Features 25mL e-liquid, 0.8\u03a9 mesh coil, and 650mAh rechargeable battery. Fast shipping on all 20k vapes!\" \/>\n<meta property=\"og:url\" content=\"https:\/\/frivape.com\/fr\/product\/bang-20000-puffs-jetable-vape-led-display-rechargeable\/\" \/>\n<meta property=\"og:site_name\" content=\"frivape | Online Vape Store - Best Vapes, Mods &amp; Disposable Kits\" \/>\n<meta property=\"article:modified_time\" content=\"2026-04-09T03:08:24+00:00\" \/>\n<meta property=\"og:image\" content=\"https:\/\/frivape.com\/wp-content\/uploads\/2026\/04\/vape-bang-20000-Puffs-00018.jpg.webp\" \/>\n\t<meta property=\"og:image:width\" content=\"1000\" \/>\n\t<meta property=\"og:image:height\" content=\"1000\" \/>\n\t<meta property=\"og:image:type\" content=\"image\/webp\" \/>\n<meta name=\"twitter:card\" content=\"summary_large_image\" \/>\n<meta name=\"twitter:label1\" content=\"Dur\u00e9e de lecture estim\u00e9e\" \/>\n\t<meta name=\"twitter:data1\" content=\"3 minutes\" \/>\n<script type=\"application\/ld+json\" class=\"yoast-schema-graph\">{\"@context\":\"https:\/\/schema.org\",\"@graph\":[{\"@type\":\"WebPage\",\"@id\":\"https:\/\/frivape.com\/product\/bang-20000-puffs-disposable-vape-led-display-rechargeable\/\",\"url\":\"https:\/\/frivape.com\/product\/bang-20000-puffs-disposable-vape-led-display-rechargeable\/\",\"name\":\"Bang 20000 Puffs Disposable Vape - Smart LED Display & Mesh Coil\",\"isPartOf\":{\"@id\":\"https:\/\/frivape.com\/#website\"},\"primaryImageOfPage\":{\"@id\":\"https:\/\/frivape.com\/product\/bang-20000-puffs-disposable-vape-led-display-rechargeable\/#primaryimage\"},\"image\":{\"@id\":\"https:\/\/frivape.com\/product\/bang-20000-puffs-disposable-vape-led-display-rechargeable\/#primaryimage\"},\"thumbnailUrl\":\"https:\/\/frivape.com\/wp-content\/uploads\/2026\/04\/vape-bang-20000-Puffs-00018.jpg.webp\",\"datePublished\":\"2026-04-08T17:00:26+00:00\",\"dateModified\":\"2026-04-09T03:08:24+00:00\",\"description\":\"Experience the Bang 20000 Puffs with a smart LED display. Features 25mL e-liquid, 0.8\u03a9 mesh coil, and 650mAh rechargeable battery. Fast shipping on all 20k vapes!\",\"breadcrumb\":{\"@id\":\"https:\/\/frivape.com\/product\/bang-20000-puffs-disposable-vape-led-display-rechargeable\/#breadcrumb\"},\"inLanguage\":\"fr-FR\",\"potentialAction\":[{\"@type\":\"ReadAction\",\"target\":[\"https:\/\/frivape.com\/product\/bang-20000-puffs-disposable-vape-led-display-rechargeable\/\"]}]},{\"@type\":\"ImageObject\",\"inLanguage\":\"fr-FR\",\"@id\":\"https:\/\/frivape.com\/product\/bang-20000-puffs-disposable-vape-led-display-rechargeable\/#primaryimage\",\"url\":\"https:\/\/frivape.com\/wp-content\/uploads\/2026\/04\/vape-bang-20000-Puffs-00018.jpg.webp\",\"contentUrl\":\"https:\/\/frivape.com\/wp-content\/uploads\/2026\/04\/vape-bang-20000-Puffs-00018.jpg.webp\",\"width\":1000,\"height\":1000},{\"@type\":\"BreadcrumbList\",\"@id\":\"https:\/\/frivape.com\/product\/bang-20000-puffs-disposable-vape-led-display-rechargeable\/#breadcrumb\",\"itemListElement\":[{\"@type\":\"ListItem\",\"position\":1,\"name\":\"\u9996\u9875\",\"item\":\"https:\/\/frivape.com\/\"},{\"@type\":\"ListItem\",\"position\":2,\"name\":\"Shop\",\"item\":\"https:\/\/frivape.com\/shop\/\"},{\"@type\":\"ListItem\",\"position\":3,\"name\":\"Bang 20000 Puffs Disposable Vape | Smart LED Display &amp; 0.8\u03a9 Mesh Coil\"}]},{\"@type\":\"WebSite\",\"@id\":\"https:\/\/frivape.com\/#website\",\"url\":\"https:\/\/frivape.com\/\",\"name\":\"frivape | Online Vape Store - Best Vapes, Mods &amp; Disposable Kits\",\"description\":\"Shop frivape, your premier online vape shop for authentic mods, disposable vapes, and premium e-liquids. Direct from Shenzhen with fast Europe local shipping. High quality at wholesale prices.\",\"publisher\":{\"@id\":\"https:\/\/frivape.com\/#organization\"},\"potentialAction\":[{\"@type\":\"SearchAction\",\"target\":{\"@type\":\"EntryPoint\",\"urlTemplate\":\"https:\/\/frivape.com\/?s={search_term_string}\"},\"query-input\":{\"@type\":\"PropertyValueSpecification\",\"valueRequired\":true,\"valueName\":\"search_term_string\"}}],\"inLanguage\":\"fr-FR\"},{\"@type\":\"Organization\",\"@id\":\"https:\/\/frivape.com\/#organization\",\"name\":\"frivape | Online Vape Store - Best Vapes, Mods &amp; Disposable Kits\",\"url\":\"https:\/\/frivape.com\/\",\"logo\":{\"@type\":\"ImageObject\",\"inLanguage\":\"fr-FR\",\"@id\":\"https:\/\/frivape.com\/#\/schema\/logo\/image\/\",\"url\":\"https:\/\/frivape.com\/wp-content\/uploads\/2026\/03\/cropped-frivape-site-title-icon.png\",\"contentUrl\":\"https:\/\/frivape.com\/wp-content\/uploads\/2026\/03\/cropped-frivape-site-title-icon.png\",\"width\":470,\"height\":110,\"caption\":\"frivape | Online Vape Store - Best Vapes, Mods &amp; Disposable Kits\"},\"image\":{\"@id\":\"https:\/\/frivape.com\/#\/schema\/logo\/image\/\"}}]}<\/script>\n<!-- \/ Yoast SEO plugin. -->","yoast_head_json":{"title":"Bang 20000 Puffs Vape jetable - Smart LED Display &amp; Mesh Coil","description":"D\u00e9couvrez le Bang 20000 Puffs avec un \u00e9cran LED intelligent. Comprend 25mL d'e-liquide, 0,8\u03a9 mesh coil, et une batterie rechargeable de 650mAh. Livraison rapide sur tous les 20k vapes !","robots":{"index":"noindex","follow":"follow","max-snippet":"max-snippet:-1","max-image-preview":"max-image-preview:large","max-video-preview":"max-video-preview:-1"},"og_locale":"fr_FR","og_type":"article","og_title":"Bang 20000 Puffs Disposable Vape - Smart LED Display & Mesh Coil","og_description":"Experience the Bang 20000 Puffs with a smart LED display. Features 25mL e-liquid, 0.8\u03a9 mesh coil, and 650mAh rechargeable battery. Fast shipping on all 20k vapes!","og_url":"https:\/\/frivape.com\/fr\/product\/bang-20000-puffs-jetable-vape-led-display-rechargeable\/","og_site_name":"frivape | Online Vape Store - Best Vapes, Mods &amp; Disposable Kits","article_modified_time":"2026-04-09T03:08:24+00:00","og_image":[{"width":1000,"height":1000,"url":"https:\/\/frivape.com\/wp-content\/uploads\/2026\/04\/vape-bang-20000-Puffs-00018.jpg.webp","type":"image\/webp"}],"twitter_card":"summary_large_image","twitter_misc":{"Dur\u00e9e de lecture estim\u00e9e":"3 minutes"},"schema":{"@context":"https:\/\/schema.org","@graph":[{"@type":"WebPage","@id":"https:\/\/frivape.com\/product\/bang-20000-puffs-disposable-vape-led-display-rechargeable\/","url":"https:\/\/frivape.com\/product\/bang-20000-puffs-disposable-vape-led-display-rechargeable\/","name":"Bang 20000 Puffs Vape jetable - Smart LED Display &amp; Mesh Coil","isPartOf":{"@id":"https:\/\/frivape.com\/#website"},"primaryImageOfPage":{"@id":"https:\/\/frivape.com\/product\/bang-20000-puffs-disposable-vape-led-display-rechargeable\/#primaryimage"},"image":{"@id":"https:\/\/frivape.com\/product\/bang-20000-puffs-disposable-vape-led-display-rechargeable\/#primaryimage"},"thumbnailUrl":"https:\/\/frivape.com\/wp-content\/uploads\/2026\/04\/vape-bang-20000-Puffs-00018.jpg.webp","datePublished":"2026-04-08T17:00:26+00:00","dateModified":"2026-04-09T03:08:24+00:00","description":"D\u00e9couvrez le Bang 20000 Puffs avec un \u00e9cran LED intelligent. Comprend 25mL d'e-liquide, 0,8\u03a9 mesh coil, et une batterie rechargeable de 650mAh. Livraison rapide sur tous les 20k vapes !","breadcrumb":{"@id":"https:\/\/frivape.com\/product\/bang-20000-puffs-disposable-vape-led-display-rechargeable\/#breadcrumb"},"inLanguage":"fr-FR","potentialAction":[{"@type":"ReadAction","target":["https:\/\/frivape.com\/product\/bang-20000-puffs-disposable-vape-led-display-rechargeable\/"]}]},{"@type":"ImageObject","inLanguage":"fr-FR","@id":"https:\/\/frivape.com\/product\/bang-20000-puffs-disposable-vape-led-display-rechargeable\/#primaryimage","url":"https:\/\/frivape.com\/wp-content\/uploads\/2026\/04\/vape-bang-20000-Puffs-00018.jpg.webp","contentUrl":"https:\/\/frivape.com\/wp-content\/uploads\/2026\/04\/vape-bang-20000-Puffs-00018.jpg.webp","width":1000,"height":1000},{"@type":"BreadcrumbList","@id":"https:\/\/frivape.com\/product\/bang-20000-puffs-disposable-vape-led-display-rechargeable\/#breadcrumb","itemListElement":[{"@type":"ListItem","position":1,"name":"\u9996\u9875","item":"https:\/\/frivape.com\/"},{"@type":"ListItem","position":2,"name":"Shop","item":"https:\/\/frivape.com\/shop\/"},{"@type":"ListItem","position":3,"name":"Bang 20000 Puffs Disposable Vape | Smart LED Display &amp; 0.8\u03a9 Mesh Coil"}]},{"@type":"WebSite","@id":"https:\/\/frivape.com\/#website","url":"https:\/\/frivape.com\/","name":"frivape | Online Vape Store - Best Vapes, Mods &amp; Disposable Kits","description":"Le magasin frivape, votre premier magasin de vape en ligne pour des mods authentiques, des vapes jetables et des e-liquides de premi\u00e8re qualit\u00e9. Directement de Shenzhen avec une livraison rapide en Europe. Haute qualit\u00e9 \u00e0 des prix de gros.","publisher":{"@id":"https:\/\/frivape.com\/#organization"},"potentialAction":[{"@type":"SearchAction","target":{"@type":"EntryPoint","urlTemplate":"https:\/\/frivape.com\/?s={search_term_string}"},"query-input":{"@type":"PropertyValueSpecification","valueRequired":true,"valueName":"search_term_string"}}],"inLanguage":"fr-FR"},{"@type":"Organization","@id":"https:\/\/frivape.com\/#organization","name":"frivape | Online Vape Store - Best Vapes, Mods &amp; Disposable Kits","url":"https:\/\/frivape.com\/","logo":{"@type":"ImageObject","inLanguage":"fr-FR","@id":"https:\/\/frivape.com\/#\/schema\/logo\/image\/","url":"https:\/\/frivape.com\/wp-content\/uploads\/2026\/03\/cropped-frivape-site-title-icon.png","contentUrl":"https:\/\/frivape.com\/wp-content\/uploads\/2026\/03\/cropped-frivape-site-title-icon.png","width":470,"height":110,"caption":"frivape | Online Vape Store - Best Vapes, Mods &amp; Disposable Kits"},"image":{"@id":"https:\/\/frivape.com\/#\/schema\/logo\/image\/"}}]}},"tiered_pricing_type":"fixed","tiered_pricing_fixed_rules":{"10":9.88,"50":8.88,"100":7.88,"200":6.99},"tiered_pricing_product_settings":{"layout":"default","base_unit_name":{"singular":null,"plural":null},"default_variation":{}},"tiered_pricing_minimum_quantity":null,"tiered_pricing_roles_data":[],"tiered_pricing_percentage_rules":[],"_links":{"self":[{"href":"https:\/\/frivape.com\/fr\/wp-json\/wp\/v2\/product\/8234","targetHints":{"allow":["GET"]}}],"collection":[{"href":"https:\/\/frivape.com\/fr\/wp-json\/wp\/v2\/product"}],"about":[{"href":"https:\/\/frivape.com\/fr\/wp-json\/wp\/v2\/types\/product"}],"replies":[{"embeddable":true,"href":"https:\/\/frivape.com\/fr\/wp-json\/wp\/v2\/comments?post=8234"}],"wp:featuredmedia":[{"embeddable":true,"href":"https:\/\/frivape.com\/fr\/wp-json\/wp\/v2\/media\/8237"}],"wp:attachment":[{"href":"https:\/\/frivape.com\/fr\/wp-json\/wp\/v2\/media?parent=8234"}],"wp:term":[{"taxonomy":"product_brand","embeddable":true,"href":"https:\/\/frivape.com\/fr\/wp-json\/wp\/v2\/product_brand?post=8234"},{"taxonomy":"product_cat","embeddable":true,"href":"https:\/\/frivape.com\/fr\/wp-json\/wp\/v2\/product_cat?post=8234"},{"taxonomy":"product_tag","embeddable":true,"href":"https:\/\/frivape.com\/fr\/wp-json\/wp\/v2\/product_tag?post=8234"}],"curies":[{"name":"wp","href":"https:\/\/api.w.org\/{rel}","templated":true}]}}