{"id":8352,"date":"2026-04-09T14:34:27","date_gmt":"2026-04-09T06:34:27","guid":{"rendered":"https:\/\/frivape.com\/?post_type=product&#038;p=8352"},"modified":"2026-04-11T19:18:17","modified_gmt":"2026-04-11T11:18:17","slug":"bang-28000-puffs-adjustable-ice-level-disposable-vape-pen","status":"publish","type":"product","link":"https:\/\/frivape.com\/fr\/product\/bang-28000-puffs-adjustable-ice-level-disposable-vape-pen\/","title":{"rendered":"Bang 28000 Puffs Stylo \u00e0 Vape jetable - Niveau de glace r\u00e9glable et flux d'air DTL"},"content":{"rendered":"<h2 class=\"wp-block-heading has-text-align-center\"><strong>Endurance personnalis\u00e9e : L'exp\u00e9rience Bang 28000 Adjustable Ice<\/strong><\/h2>\n\n\n\n<p>Le <strong>Bang 28000 Puffs Stylo \u00e0 Vape jetable<\/strong> repr\u00e9sente l'avenir du vapotage \u00e0 haute capacit\u00e9. Conform\u00e9ment \u00e0 la mission de la marque Bang, qui consiste \u00e0 proposer une alternative abordable et novatrice au tabagisme traditionnel, cet appareil pr\u00e9sente le syst\u00e8me r\u00e9volutionnaire de vaporisation \u00e0 haute capacit\u00e9. <strong>Niveau de glace r\u00e9glable<\/strong> caract\u00e9ristiques. Que vous ayez envie d'une explosion de menthol qui vous glace les os ou d'une fra\u00eecheur douce et subtile, vous avez d\u00e9sormais le contr\u00f4le total de votre environnement de vapotage.<\/p>\n\n\n\n<h3 class=\"wp-block-heading\"><strong>Ing\u00e9nierie haute performance<\/strong><\/h3>\n\n\n\n<ul class=\"wp-block-list\">\n<li><strong>Long\u00e9vit\u00e9 extr\u00eame :<\/strong> Avec une extraordinaire <strong>Capacit\u00e9 de 28 000 bouff\u00e9es<\/strong> et un <strong>R\u00e9servoir d'e-liquide de 30mL<\/strong>, Gr\u00e2ce \u00e0 ce dispositif, il n'est plus n\u00e9cessaire de le remplacer fr\u00e9quemment et il dure plusieurs semaines, m\u00eame pour les utilisateurs intensifs.<\/li>\n\n\n\n<li><strong>Intensit\u00e9 de refroidissement r\u00e9glable :<\/strong> L'innovant interrupteur Ice Level vous permet d'adapter pr\u00e9cis\u00e9ment la sensation de menthol \u00e0 vos pr\u00e9f\u00e9rences, ce qui en fait un choix exceptionnel sur le march\u00e9 mondial de l'e-cigarette.<\/li>\n\n\n\n<li><strong>Pr\u00e9cision dans la diffusion des ar\u00f4mes :<\/strong> \u00c9quip\u00e9 d'un <strong>1.0\u03a9 Mesh Coil<\/strong> et d'un syst\u00e8me de puce int\u00e9gr\u00e9, le Bang 28000 assure une production de vapeur intense et constante ainsi qu'une reproduction riche en saveurs du premier au dernier tirage.<\/li>\n\n\n\n<li><strong>DTL et polyvalence du flux d'air :<\/strong> Con\u00e7u pour les amateurs de saveurs audacieuses et de nuages denses, le flux d'air r\u00e9glable permet d'obtenir un flux d'air robuste. <strong>Directement au poumon (DTL)<\/strong> exp\u00e9rience, rare dans la cat\u00e9gorie des produits jetables.<\/li>\n<\/ul>\n\n\n\n<h3 class=\"wp-block-heading\"><strong>S\u00e9lection de 12 ar\u00f4mes de premi\u00e8re qualit\u00e9<\/strong><\/h3>\n\n\n\n<ol start=\"1\" class=\"wp-block-list\">\n<li><strong>Past\u00e8que \u00e0 la fraise :<\/strong> Un duo d'\u00e9t\u00e9 luxuriant et sucr\u00e9.<\/li>\n\n\n\n<li><strong>Glace aux myrtilles :<\/strong> Des baies m\u00fbres avec un niveau de gel personnalisable.<\/li>\n\n\n\n<li><strong>Le sang et le sable :<\/strong> Un m\u00e9lange audacieux de cocktails de fruits exotiques.<\/li>\n\n\n\n<li><strong>Ananas noix de coco :<\/strong> Des vibrations cr\u00e9meuses de pina colada tropicale.<\/li>\n\n\n\n<li><strong>Fraise et banane :<\/strong> Un classique aux fruits doux et cr\u00e9meux.<\/li>\n\n\n\n<li><strong>M\u00e9lange de fruits :<\/strong> Un m\u00e9lange vibrant de fruits pr\u00e9f\u00e9r\u00e9s du monde entier.<\/li>\n\n\n\n<li><strong>Myrtilles Framboises :<\/strong> Une explosion de baies sophistiqu\u00e9e et acidul\u00e9e.<\/li>\n\n\n\n<li><strong>Glace \u00e0 la p\u00eache :<\/strong> P\u00eache sucr\u00e9e et juteuse avec une finale rafra\u00eechissante.<\/li>\n\n\n\n<li><strong>Mangue P\u00eache :<\/strong> Mangue tropicale velout\u00e9e associ\u00e9e \u00e0 des p\u00eaches m\u00fbres.<\/li>\n\n\n\n<li><strong>Past\u00e8que :<\/strong> Simple, juteux et d\u00e9salt\u00e9rant.<\/li>\n\n\n\n<li><strong>Glace de raisin :<\/strong> Raisins m\u00fbris \u00e0 la vigne avec une expiration glaciale.<\/li>\n\n\n\n<li><strong>Fraise Kiwi Fruit :<\/strong> Un \u00e9quilibre parfait entre l'acidul\u00e9 et le sucr\u00e9.<\/li>\n<\/ol>\n\n\n\n<h3 class=\"wp-block-heading\"><strong>Foire aux questions (FAQ)<\/strong><\/h3>\n\n\n\n<ul class=\"wp-block-list\">\n<li><strong>Comment fonctionne le niveau de glace r\u00e9glable ?<\/strong> L'appareil est dot\u00e9 d'un m\u00e9canisme de r\u00e9glage physique qui contr\u00f4le la concentration de menthol d\u00e9livr\u00e9e \u00e0 chaque bouff\u00e9e, ce qui permet de passer d'une intensit\u00e9 de refroidissement faible \u00e0 une intensit\u00e9 de refroidissement \u00e9lev\u00e9e.<\/li>\n\n\n\n<li><strong>Quel est l'avantage de la bobine de 1,0\u03a9 Mesh Coil ?<\/strong> Il offre une plus grande surface de chauffe, garantissant que les 30 ml d'e-liquide sont vaporis\u00e9s efficacement pour un effet de gorge doux et une saveur authentique.<\/li>\n\n\n\n<li><strong>Combien de temps dure une charge compl\u00e8te ?<\/strong> Gr\u00e2ce \u00e0 la <strong>Chargement rapide de type C<\/strong> la batterie de 650mAh peut \u00eatre enti\u00e8rement recharg\u00e9e en 20 \u00e0 30 minutes environ.<\/li>\n\n\n\n<li><strong>Les envois sont-ils s\u00fbrs et discrets ?<\/strong> Oui. Nous utilisons UPS\/DHL\/FedEx\/DPD et garantissons <strong>100% d\u00e9douanement<\/strong> de notre <strong>Shenzhen<\/strong> et <strong>Entrep\u00f4ts de l'UE<\/strong>, sans taxes ni frais suppl\u00e9mentaires.<\/li>\n<\/ul>\n\n\n\n<hr class=\"wp-block-separator has-alpha-channel-opacity\"\/>\n\n\n\n<p><strong>AVERTISSEMENT :<\/strong> Ce produit contient de la nicotine. La nicotine est un produit chimique qui cr\u00e9e une d\u00e9pendance.<\/p>\n\n\n\n<p><strong>Restriction d'\u00e2ge :<\/strong> Vous devez avoir plus de 18 ans (ou l'\u00e2ge l\u00e9gal pour fumer dans votre r\u00e9gion) pour acheter et utiliser ce produit. Tenir hors de port\u00e9e des enfants et des animaux domestiques.<\/p>","protected":false},"excerpt":{"rendered":"<p data-path-to-node=\"7\">Le <b data-path-to-node=\"7\" data-index-in-node=\"4\">Bang 28000<\/b> est un bond en avant dans la technologie du vaping personnalis\u00e9.<\/p>\n<ul data-path-to-node=\"8\">\n<li>\n<p data-path-to-node=\"8,0,0\"><b data-path-to-node=\"8,0,0\" data-index-in-node=\"0\">Nombre de bouff\u00e9es :<\/b> 28 000 bouff\u00e9es, un record dans l'industrie.<\/p>\n<\/li>\n<li>\n<p data-path-to-node=\"8,1,0\"><b data-path-to-node=\"8,1,0\" data-index-in-node=\"0\">L'innovation :<\/b> Exclusif <b data-path-to-node=\"8,1,0\" data-index-in-node=\"22\">Niveau de glace r\u00e9glable<\/b> (Personnalisez l'intensit\u00e9 de votre refroidissement).<\/p>\n<\/li>\n<li>\n<p data-path-to-node=\"8,2,0\"><b data-path-to-node=\"8,2,0\" data-index-in-node=\"0\">Capacit\u00e9 :<\/b> Superbe E-liquide pr\u00e9-rempli de 30 ml.<\/p>\n<\/li>\n<li>\n<p data-path-to-node=\"8,3,0\"><b data-path-to-node=\"8,3,0\" data-index-in-node=\"0\">Performance :<\/b> 1.0\u03a9 Advanced Mesh Coil pour un go\u00fbt pr\u00e9cis.<\/p>\n<\/li>\n<li>\n<p data-path-to-node=\"8,4,0\"><b data-path-to-node=\"8,4,0\" data-index-in-node=\"0\">D\u00e9bit d'air :<\/b> Optimis\u00e9 pour <b data-path-to-node=\"8,4,0\" data-index-in-node=\"23\">DTL (Direct-to-Lung)<\/b> avec prise d'air r\u00e9glable.<\/p>\n<\/li>\n<li>\n<p data-path-to-node=\"8,5,0\"><b data-path-to-node=\"8,5,0\" data-index-in-node=\"0\">Puissance :<\/b> Batterie rechargeable de 650mAh avec charge rapide de type C.<\/p>\n<\/li>\n<\/ul>","protected":false},"featured_media":8390,"comment_status":"open","ping_status":"closed","template":"","meta":[],"product_brand":[61],"product_cat":[87,95,83],"product_tag":[74,75,76,77],"class_list":{"0":"post-8352","1":"product","2":"type-product","3":"status-publish","4":"has-post-thumbnail","6":"product_brand-bang","7":"product_cat-iced-fruit-vapes","8":"product_cat-mesh-coil-vapes","9":"product_cat-pro-puffs-vapes","10":"product_tag-dtl-vaping","11":"product_tag-eu-warehouse","12":"product_tag-mtl-vaping","13":"product_tag-recharge","15":"first","16":"instock","17":"sale","18":"shipping-taxable","19":"purchasable","20":"product-type-variable"},"yoast_head":"<!-- This site is optimized with the Yoast SEO plugin v27.1.1 - https:\/\/yoast.com\/product\/yoast-seo-wordpress\/ -->\n<title>Bang 28000 Puffs Disposable Vape - Adjustable Ice Level &amp; DTL Support<\/title>\n<meta name=\"description\" content=\"Discover the Bang 28000 Puffs with industry-first Adjustable Ice Level technology. Features 30mL capacity, 1.0\u03a9 mesh coil, and DTL airflow. Best price and fast EU shipping!\" \/>\n<meta name=\"robots\" content=\"noindex, follow, max-snippet:-1, max-image-preview:large, max-video-preview:-1\" \/>\n<meta property=\"og:locale\" content=\"fr_FR\" \/>\n<meta property=\"og:type\" content=\"article\" \/>\n<meta property=\"og:title\" content=\"Bang 28000 Puffs Disposable Vape - Adjustable Ice Level &amp; DTL Support\" \/>\n<meta property=\"og:description\" content=\"Discover the Bang 28000 Puffs with industry-first Adjustable Ice Level technology. Features 30mL capacity, 1.0\u03a9 mesh coil, and DTL airflow. Best price and fast EU shipping!\" \/>\n<meta property=\"og:url\" content=\"https:\/\/frivape.com\/fr\/product\/bang-28000-puffs-adjustable-ice-level-disposable-vape-pen\/\" \/>\n<meta property=\"og:site_name\" content=\"frivape | Online Vape Store - Best Vapes, Mods &amp; Disposable Kits\" \/>\n<meta property=\"article:modified_time\" content=\"2026-04-11T11:18:17+00:00\" \/>\n<meta property=\"og:image\" content=\"https:\/\/frivape.com\/wp-content\/uploads\/2026\/04\/vape-bang-28000-puffs-main-image.jpg.webp\" \/>\n\t<meta property=\"og:image:width\" content=\"1000\" \/>\n\t<meta property=\"og:image:height\" content=\"1000\" \/>\n\t<meta property=\"og:image:type\" content=\"image\/webp\" \/>\n<meta name=\"twitter:card\" content=\"summary_large_image\" \/>\n<meta name=\"twitter:label1\" content=\"Dur\u00e9e de lecture estim\u00e9e\" \/>\n\t<meta name=\"twitter:data1\" content=\"3 minutes\" \/>\n<script type=\"application\/ld+json\" class=\"yoast-schema-graph\">{\"@context\":\"https:\/\/schema.org\",\"@graph\":[{\"@type\":\"WebPage\",\"@id\":\"https:\/\/frivape.com\/product\/bang-28000-puffs-adjustable-ice-level-disposable-vape-pen\/\",\"url\":\"https:\/\/frivape.com\/product\/bang-28000-puffs-adjustable-ice-level-disposable-vape-pen\/\",\"name\":\"Bang 28000 Puffs Disposable Vape - Adjustable Ice Level & DTL Support\",\"isPartOf\":{\"@id\":\"https:\/\/frivape.com\/#website\"},\"primaryImageOfPage\":{\"@id\":\"https:\/\/frivape.com\/product\/bang-28000-puffs-adjustable-ice-level-disposable-vape-pen\/#primaryimage\"},\"image\":{\"@id\":\"https:\/\/frivape.com\/product\/bang-28000-puffs-adjustable-ice-level-disposable-vape-pen\/#primaryimage\"},\"thumbnailUrl\":\"https:\/\/frivape.com\/wp-content\/uploads\/2026\/04\/vape-bang-28000-puffs-main-image.jpg.webp\",\"datePublished\":\"2026-04-09T06:34:27+00:00\",\"dateModified\":\"2026-04-11T11:18:17+00:00\",\"description\":\"Discover the Bang 28000 Puffs with industry-first Adjustable Ice Level technology. Features 30mL capacity, 1.0\u03a9 mesh coil, and DTL airflow. Best price and fast EU shipping!\",\"breadcrumb\":{\"@id\":\"https:\/\/frivape.com\/product\/bang-28000-puffs-adjustable-ice-level-disposable-vape-pen\/#breadcrumb\"},\"inLanguage\":\"fr-FR\",\"potentialAction\":[{\"@type\":\"ReadAction\",\"target\":[\"https:\/\/frivape.com\/product\/bang-28000-puffs-adjustable-ice-level-disposable-vape-pen\/\"]}]},{\"@type\":\"ImageObject\",\"inLanguage\":\"fr-FR\",\"@id\":\"https:\/\/frivape.com\/product\/bang-28000-puffs-adjustable-ice-level-disposable-vape-pen\/#primaryimage\",\"url\":\"https:\/\/frivape.com\/wp-content\/uploads\/2026\/04\/vape-bang-28000-puffs-main-image.jpg.webp\",\"contentUrl\":\"https:\/\/frivape.com\/wp-content\/uploads\/2026\/04\/vape-bang-28000-puffs-main-image.jpg.webp\",\"width\":1000,\"height\":1000},{\"@type\":\"BreadcrumbList\",\"@id\":\"https:\/\/frivape.com\/product\/bang-28000-puffs-adjustable-ice-level-disposable-vape-pen\/#breadcrumb\",\"itemListElement\":[{\"@type\":\"ListItem\",\"position\":1,\"name\":\"\u9996\u9875\",\"item\":\"https:\/\/frivape.com\/\"},{\"@type\":\"ListItem\",\"position\":2,\"name\":\"Shop\",\"item\":\"https:\/\/frivape.com\/shop\/\"},{\"@type\":\"ListItem\",\"position\":3,\"name\":\"Bang 28000 Puffs Disposable Vape Pen | Adjustable Ice Level &amp; DTL Airflow\"}]},{\"@type\":\"WebSite\",\"@id\":\"https:\/\/frivape.com\/#website\",\"url\":\"https:\/\/frivape.com\/\",\"name\":\"frivape | Online Vape Store - Best Vapes, Mods &amp; Disposable Kits\",\"description\":\"Shop frivape, your premier online vape shop for authentic mods, disposable vapes, and premium e-liquids. Direct from Shenzhen with fast Europe local shipping. High quality at wholesale prices.\",\"publisher\":{\"@id\":\"https:\/\/frivape.com\/#organization\"},\"potentialAction\":[{\"@type\":\"SearchAction\",\"target\":{\"@type\":\"EntryPoint\",\"urlTemplate\":\"https:\/\/frivape.com\/?s={search_term_string}\"},\"query-input\":{\"@type\":\"PropertyValueSpecification\",\"valueRequired\":true,\"valueName\":\"search_term_string\"}}],\"inLanguage\":\"fr-FR\"},{\"@type\":\"Organization\",\"@id\":\"https:\/\/frivape.com\/#organization\",\"name\":\"frivape | Online Vape Store - Best Vapes, Mods &amp; Disposable Kits\",\"url\":\"https:\/\/frivape.com\/\",\"logo\":{\"@type\":\"ImageObject\",\"inLanguage\":\"fr-FR\",\"@id\":\"https:\/\/frivape.com\/#\/schema\/logo\/image\/\",\"url\":\"https:\/\/frivape.com\/wp-content\/uploads\/2026\/03\/cropped-frivape-site-title-icon.png\",\"contentUrl\":\"https:\/\/frivape.com\/wp-content\/uploads\/2026\/03\/cropped-frivape-site-title-icon.png\",\"width\":470,\"height\":110,\"caption\":\"frivape | Online Vape Store - Best Vapes, Mods &amp; Disposable Kits\"},\"image\":{\"@id\":\"https:\/\/frivape.com\/#\/schema\/logo\/image\/\"}}]}<\/script>\n<!-- \/ Yoast SEO plugin. -->","yoast_head_json":{"title":"Bang 28000 Puffs Vape jetable - Niveau de glace r\u00e9glable et support DTL","description":"D\u00e9couvrez le Bang 28000 Puffs avec la technologie Adjustable Ice Level, une premi\u00e8re dans l'industrie. Comprend une capacit\u00e9 de 30mL, un coil mesh de 1,0\u03a9 et un flux d'air DTL. Meilleur prix et livraison rapide dans l'UE !","robots":{"index":"noindex","follow":"follow","max-snippet":"max-snippet:-1","max-image-preview":"max-image-preview:large","max-video-preview":"max-video-preview:-1"},"og_locale":"fr_FR","og_type":"article","og_title":"Bang 28000 Puffs Disposable Vape - Adjustable Ice Level & DTL Support","og_description":"Discover the Bang 28000 Puffs with industry-first Adjustable Ice Level technology. Features 30mL capacity, 1.0\u03a9 mesh coil, and DTL airflow. Best price and fast EU shipping!","og_url":"https:\/\/frivape.com\/fr\/product\/bang-28000-puffs-adjustable-ice-level-disposable-vape-pen\/","og_site_name":"frivape | Online Vape Store - Best Vapes, Mods &amp; Disposable Kits","article_modified_time":"2026-04-11T11:18:17+00:00","og_image":[{"width":1000,"height":1000,"url":"https:\/\/frivape.com\/wp-content\/uploads\/2026\/04\/vape-bang-28000-puffs-main-image.jpg.webp","type":"image\/webp"}],"twitter_card":"summary_large_image","twitter_misc":{"Dur\u00e9e de lecture estim\u00e9e":"3 minutes"},"schema":{"@context":"https:\/\/schema.org","@graph":[{"@type":"WebPage","@id":"https:\/\/frivape.com\/product\/bang-28000-puffs-adjustable-ice-level-disposable-vape-pen\/","url":"https:\/\/frivape.com\/product\/bang-28000-puffs-adjustable-ice-level-disposable-vape-pen\/","name":"Bang 28000 Puffs Vape jetable - Niveau de glace r\u00e9glable et support DTL","isPartOf":{"@id":"https:\/\/frivape.com\/#website"},"primaryImageOfPage":{"@id":"https:\/\/frivape.com\/product\/bang-28000-puffs-adjustable-ice-level-disposable-vape-pen\/#primaryimage"},"image":{"@id":"https:\/\/frivape.com\/product\/bang-28000-puffs-adjustable-ice-level-disposable-vape-pen\/#primaryimage"},"thumbnailUrl":"https:\/\/frivape.com\/wp-content\/uploads\/2026\/04\/vape-bang-28000-puffs-main-image.jpg.webp","datePublished":"2026-04-09T06:34:27+00:00","dateModified":"2026-04-11T11:18:17+00:00","description":"D\u00e9couvrez le Bang 28000 Puffs avec la technologie Adjustable Ice Level, une premi\u00e8re dans l'industrie. Comprend une capacit\u00e9 de 30mL, un coil mesh de 1,0\u03a9 et un flux d'air DTL. Meilleur prix et livraison rapide dans l'UE !","breadcrumb":{"@id":"https:\/\/frivape.com\/product\/bang-28000-puffs-adjustable-ice-level-disposable-vape-pen\/#breadcrumb"},"inLanguage":"fr-FR","potentialAction":[{"@type":"ReadAction","target":["https:\/\/frivape.com\/product\/bang-28000-puffs-adjustable-ice-level-disposable-vape-pen\/"]}]},{"@type":"ImageObject","inLanguage":"fr-FR","@id":"https:\/\/frivape.com\/product\/bang-28000-puffs-adjustable-ice-level-disposable-vape-pen\/#primaryimage","url":"https:\/\/frivape.com\/wp-content\/uploads\/2026\/04\/vape-bang-28000-puffs-main-image.jpg.webp","contentUrl":"https:\/\/frivape.com\/wp-content\/uploads\/2026\/04\/vape-bang-28000-puffs-main-image.jpg.webp","width":1000,"height":1000},{"@type":"BreadcrumbList","@id":"https:\/\/frivape.com\/product\/bang-28000-puffs-adjustable-ice-level-disposable-vape-pen\/#breadcrumb","itemListElement":[{"@type":"ListItem","position":1,"name":"\u9996\u9875","item":"https:\/\/frivape.com\/"},{"@type":"ListItem","position":2,"name":"Shop","item":"https:\/\/frivape.com\/shop\/"},{"@type":"ListItem","position":3,"name":"Bang 28000 Puffs Disposable Vape Pen | Adjustable Ice Level &amp; DTL Airflow"}]},{"@type":"WebSite","@id":"https:\/\/frivape.com\/#website","url":"https:\/\/frivape.com\/","name":"frivape | Online Vape Store - Best Vapes, Mods &amp; Disposable Kits","description":"Le magasin frivape, votre premier magasin de vape en ligne pour des mods authentiques, des vapes jetables et des e-liquides de premi\u00e8re qualit\u00e9. Directement de Shenzhen avec une livraison rapide en Europe. Haute qualit\u00e9 \u00e0 des prix de gros.","publisher":{"@id":"https:\/\/frivape.com\/#organization"},"potentialAction":[{"@type":"SearchAction","target":{"@type":"EntryPoint","urlTemplate":"https:\/\/frivape.com\/?s={search_term_string}"},"query-input":{"@type":"PropertyValueSpecification","valueRequired":true,"valueName":"search_term_string"}}],"inLanguage":"fr-FR"},{"@type":"Organization","@id":"https:\/\/frivape.com\/#organization","name":"frivape | Online Vape Store - Best Vapes, Mods &amp; Disposable Kits","url":"https:\/\/frivape.com\/","logo":{"@type":"ImageObject","inLanguage":"fr-FR","@id":"https:\/\/frivape.com\/#\/schema\/logo\/image\/","url":"https:\/\/frivape.com\/wp-content\/uploads\/2026\/03\/cropped-frivape-site-title-icon.png","contentUrl":"https:\/\/frivape.com\/wp-content\/uploads\/2026\/03\/cropped-frivape-site-title-icon.png","width":470,"height":110,"caption":"frivape | Online Vape Store - Best Vapes, Mods &amp; Disposable Kits"},"image":{"@id":"https:\/\/frivape.com\/#\/schema\/logo\/image\/"}}]}},"tiered_pricing_type":"fixed","tiered_pricing_fixed_rules":{"10":9.98,"50":9.28,"100":8.57,"200":7.88},"tiered_pricing_product_settings":{"layout":"default","base_unit_name":{"singular":null,"plural":null},"default_variation":{}},"tiered_pricing_minimum_quantity":null,"tiered_pricing_roles_data":[],"tiered_pricing_percentage_rules":[],"_links":{"self":[{"href":"https:\/\/frivape.com\/fr\/wp-json\/wp\/v2\/product\/8352","targetHints":{"allow":["GET"]}}],"collection":[{"href":"https:\/\/frivape.com\/fr\/wp-json\/wp\/v2\/product"}],"about":[{"href":"https:\/\/frivape.com\/fr\/wp-json\/wp\/v2\/types\/product"}],"replies":[{"embeddable":true,"href":"https:\/\/frivape.com\/fr\/wp-json\/wp\/v2\/comments?post=8352"}],"wp:featuredmedia":[{"embeddable":true,"href":"https:\/\/frivape.com\/fr\/wp-json\/wp\/v2\/media\/8390"}],"wp:attachment":[{"href":"https:\/\/frivape.com\/fr\/wp-json\/wp\/v2\/media?parent=8352"}],"wp:term":[{"taxonomy":"product_brand","embeddable":true,"href":"https:\/\/frivape.com\/fr\/wp-json\/wp\/v2\/product_brand?post=8352"},{"taxonomy":"product_cat","embeddable":true,"href":"https:\/\/frivape.com\/fr\/wp-json\/wp\/v2\/product_cat?post=8352"},{"taxonomy":"product_tag","embeddable":true,"href":"https:\/\/frivape.com\/fr\/wp-json\/wp\/v2\/product_tag?post=8352"}],"curies":[{"name":"wp","href":"https:\/\/api.w.org\/{rel}","templated":true}]}}