{"id":8441,"date":"2026-04-11T19:45:43","date_gmt":"2026-04-11T11:45:43","guid":{"rendered":"https:\/\/frivape.com\/?post_type=product&#038;p=8441"},"modified":"2026-04-11T19:55:47","modified_gmt":"2026-04-11T11:55:47","slug":"bang-king-30000-puffs-double-taste-jetable-vape","status":"publish","type":"product","link":"https:\/\/frivape.com\/fr\/product\/bang-king-30000-puffs-double-taste-jetable-vape\/","title":{"rendered":"Bang King 30000 Puffs Vape jetable - R\u00e9servoir double saveur et \u00e9cran LCD intelligent"},"content":{"rendered":"<h2 class=\"wp-block-heading has-text-align-center\"><strong>Lib\u00e9rez le roi des nuages : Bang King 30000 Puffs Smart Edition<\/strong><\/h2>\n\n\n\n<p>Le <strong>Bang King 30000 Puffs Vape jetable<\/strong> est l'incarnation ultime de la mission de Bang : <strong>\u201cPuissance, performance et saveur audacieuse\u201d.\u201d<\/strong> Alors que l'industrie du vapotage s'oriente vers des appareils de grande capacit\u00e9, Bang a une fois de plus \u00e9tabli une norme mondiale. Cette <strong>30k puff vape<\/strong> n'est pas seulement un appareil de grande capacit\u00e9, c'est aussi un appareil sophistiqu\u00e9. <strong>Syst\u00e8me d'ar\u00f4me 2 en 1<\/strong> con\u00e7u pour les passionn\u00e9s qui refusent de faire des compromis sur la vari\u00e9t\u00e9 ou la long\u00e9vit\u00e9. Que vous soyez un client au d\u00e9tail ou que vous recherchiez <strong>vente en gros de vapes jetables<\/strong>, Le Bang King 30000 offre un retour sur investissement imbattable et une alternative de qualit\u00e9 au tabac traditionnel.<\/p>\n\n\n\n<h3 class=\"wp-block-heading\"><strong>Technologie innovante de double go\u00fbt et de double r\u00e9servoir<\/strong><\/h3>\n\n\n\n<p>Qu'est-ce qui d\u00e9termine la <strong>Bang King 30 000<\/strong> dans la foule <strong>cigarette \u00e9lectronique<\/strong> march\u00e9 est son caract\u00e8re r\u00e9volutionnaire. <strong>Capacit\u00e9 de double go\u00fbt<\/strong>. \u00c9quip\u00e9 de <strong>deux r\u00e9servoirs d'e-liquide pr\u00e9-remplis de 18mL<\/strong> (totalisant un nombre massif de <strong>Capacit\u00e9 de 36 ml<\/strong>), cet appareil vous permet de transporter deux profils distincts dans un ch\u00e2ssis ergonomique. Gr\u00e2ce \u00e0 une simple bascule manuelle, vous pouvez passer des menthols rafra\u00eechissants aux fruits tropicaux sucr\u00e9s. Cela en fait le <strong>meilleur 30000 puff vape<\/strong> pour ceux qui souffrent de la \u201clangue du vapoteur\u201d et qui ont besoin d'une vari\u00e9t\u00e9 de saveurs tout au long de la journ\u00e9e.<\/p>\n\n\n\n<h3 class=\"wp-block-heading\"><strong>Surveillance intelligente de la prochaine g\u00e9n\u00e9ration et ing\u00e9nierie des bobines de maillage<\/strong><\/h3>\n\n\n\n<p>Au c\u0153ur de la <strong>Bang King 30k<\/strong> est un projet d'avant-garde <strong>1.0\u03a9 Mesh Coil<\/strong>. Cet \u00e9l\u00e9ment chauffant sp\u00e9cialis\u00e9 augmente la surface d'atomisation de l'e-liquide, ce qui permet d'obtenir un meilleur rendement. <strong>reproduction coh\u00e9rente des saveurs<\/strong> et des nuages de vapeur denses et doux d\u00e8s le premier tirage. Le syst\u00e8me int\u00e9gr\u00e9 de <strong>Afficheur num\u00e9rique Smart LCD<\/strong> offre une transparence en temps r\u00e9el, indiquant le pourcentage exact de la batterie et les niveaux d'e-liquide. Plus besoin de deviner quand votre <strong>pod de vaporisation rechargeable<\/strong> Le jus s'\u00e9puisera - c'est ce que l'on appelle la <strong>technologie de vapotage intelligente<\/strong> dans toute sa splendeur.<\/p>\n\n\n\n<h3 class=\"wp-block-heading\"><strong>Excellence du commerce de gros et conformit\u00e9 mondiale<\/strong><\/h3>\n\n\n\n<p>Pour les partenaires B2B et les acheteurs en gros, la <strong>Bang King 30000<\/strong> est une centrale de vente. Nous fournissons de multiples <strong>sel de nicotine<\/strong> concentrations-<strong>0%, 2%, 3% et 5%<\/strong>-assurant la conformit\u00e9 avec la DPT et les r\u00e9glementations r\u00e9gionales dans plus de 50 pays. Notre r\u00e9seau logistique, dot\u00e9 d'un <strong>Origine Shenzhen<\/strong> et d'un <strong>Entrep\u00f4t de l'UE<\/strong>, L'assurance de la qualit\u00e9, qui garantit que votre <strong>commandes de vape en vrac<\/strong> arrivent rapidement et en franchise d'imp\u00f4t.<\/p>\n\n\n\n<h3 class=\"wp-block-heading\"><strong>Menu exquis de 12 sets \u00e0 double saveur<\/strong><\/h3>\n\n\n\n<ol start=\"1\" class=\"wp-block-list\">\n<li><strong>Glace \u00e0 la past\u00e8que et Menthe aux myrtilles :<\/strong> Le melon croquant rencontre la menthe fra\u00eeche et rafra\u00eechissante.<\/li>\n\n\n\n<li><strong>Glace \u00e0 la past\u00e8que et Fraise \u00e0 la mangue :<\/strong> Une explosion tropicale de fruits gorg\u00e9s de soleil.<\/li>\n\n\n\n<li><strong>Fraise, past\u00e8que et kiwi, fruit de la passion, goyave :<\/strong> L'ultime m\u00e9lange de fruits exotiques.<\/li>\n\n\n\n<li><strong>Fraise, past\u00e8que et glace au raisin :<\/strong> Baies sucr\u00e9es associ\u00e9es \u00e0 des raisins de vigne givr\u00e9s.<\/li>\n\n\n\n<li><strong>Glace aux myrtilles et glace au dragon noir :<\/strong> Notes profondes de baies et myst\u00e9rieux fruits du dragon.<\/li>\n\n\n\n<li><strong>Glace \u00e0 la myrtille et banane \u00e0 la fraise :<\/strong> Un classique cr\u00e9meux et onctueux \u00e0 base de baies.<\/li>\n\n\n\n<li><strong>Red Bull et melon d'eau \u00e0 la myrtille :<\/strong> Des notes \u00e9nergisantes m\u00eal\u00e9es \u00e0 des fruits d'\u00e9t\u00e9 sucr\u00e9s.<\/li>\n\n\n\n<li><strong>Red Bull &amp; Watermelon Bubble Candy :<\/strong> La saveur \u00e9nergique rencontre la douceur nostalgique.<\/li>\n\n\n\n<li><strong>Myrtille, framboise et p\u00eache, mangue et past\u00e8que :<\/strong> Une explosion de fruits complexes et juteux.<\/li>\n\n\n\n<li><strong>Myrtille, framboise et fruits m\u00e9lang\u00e9s :<\/strong> Un m\u00e9lange sophistiqu\u00e9 de baies et de fruits rouges.<\/li>\n\n\n\n<li><strong>Fraise, kiwi et p\u00eache glac\u00e9e :<\/strong> Le kiwi acidul\u00e9 est \u00e9quilibr\u00e9 par une p\u00eache givr\u00e9e velout\u00e9e.<\/li>\n\n\n\n<li><strong>Fraise kiwi et pomme acide framboise :<\/strong> Un profil de saveur piquant et acidul\u00e9 pour les amateurs d'aventure.<\/li>\n<\/ol>\n\n\n\n<h3 class=\"wp-block-heading\"><strong>Foire aux questions (FAQ)<\/strong><\/h3>\n\n\n\n<ul class=\"wp-block-list\">\n<li><strong>Comment les 30 000 bouff\u00e9es se comparent-elles aux cigarettes traditionnelles ?<\/strong> Un <strong>Bang King 30000<\/strong> \u00e9quivaut \u00e0 environ 100-150 paquets de cigarettes traditionnelles en termes de nombre de bouff\u00e9es, ce qui en fait un produit nettement plus efficace. <strong>alternative de vapotage abordable<\/strong> et un choix plus \u00e9cologique pour les utilisateurs \u00e0 long terme.<\/li>\n\n\n\n<li><strong>Quel est l'avantage du syst\u00e8me \u00e0 deux r\u00e9servoirs ?<\/strong> La conception \u00e0 deux r\u00e9servoirs emp\u00eache les m\u00e9langes de saveurs et permet d'obtenir un r\u00e9sultat optimal. <strong>36mL d'e-liquide<\/strong> sans compromettre le format compact et portable de l'appareil. Il offre la vari\u00e9t\u00e9 de deux appareils pour le prix d'un.<\/li>\n\n\n\n<li><strong>Comment le 1.0\u03a9 Mesh Coil am\u00e9liore-t-il l'exp\u00e9rience ?<\/strong> Contrairement aux bobines de fil standard, nos <strong>Technologie Mesh Coil<\/strong> chauffe le jus de mani\u00e8re plus homog\u00e8ne. Cela permet d'\u00e9viter les coups de feu et de garantir que, m\u00eame apr\u00e8s la 30 000e bouff\u00e9e, le jus est toujours bien chaud. <strong>intensit\u00e9 de la saveur<\/strong> reste aussi audacieuse que la premi\u00e8re.<\/li>\n\n\n\n<li><strong>Ce dispositif est-il adapt\u00e9 \u00e0 la vente en gros et \u00e0 l'achat en masse ?<\/strong> Absolument. Nous sommes sp\u00e9cialis\u00e9s dans <strong>vente en gros \u00e0 l'usine<\/strong> services. Le Bang King 30k est un produit \u00e0 forte marge pour les d\u00e9taillants en raison de sa popularit\u00e9 dans le monde entier. <strong>global vape sensation<\/strong> et la forte demande des consommateurs pour des fonctions \u201cintelligentes\u201d.<\/li>\n\n\n\n<li><strong>Combien de temps faut-il pour recharger la batterie via le connecteur Type-C ?<\/strong> Gr\u00e2ce \u00e0 la haute efficacit\u00e9 <strong>Batterie de 550mAh<\/strong> et la charge rapide Type-C, vous pouvez atteindre une charge compl\u00e8te en approximativement <strong>30 \u00e0 45 minutes<\/strong>, minimiser les temps d'arr\u00eat et maximiser votre <strong>vaping on-the-go<\/strong> s\u00e9ances.<\/li>\n<\/ul>\n\n\n\n<ul class=\"wp-block-list\">\n<li><\/li>\n<\/ul>\n\n\n\n<hr class=\"wp-block-separator has-alpha-channel-opacity\"\/>\n\n\n\n<p><strong>AVERTISSEMENT :<\/strong> Ce produit contient de la nicotine. La nicotine est un produit chimique qui cr\u00e9e une d\u00e9pendance.<\/p>\n\n\n\n<p><strong>Restriction d'\u00e2ge :<\/strong> Vous devez avoir plus de 18 ans (ou l'\u00e2ge l\u00e9gal pour fumer dans votre r\u00e9gion) pour acheter et utiliser ce produit. Tenir hors de port\u00e9e des enfants et des animaux domestiques.<\/p>","protected":false},"excerpt":{"rendered":"<p data-path-to-node=\"7\">Le <b data-path-to-node=\"7\" data-index-in-node=\"4\">Bang King 30k<\/b> a red\u00e9fini l'endurance et la vari\u00e9t\u00e9 dans le monde du vapotage.<\/p>\n<ul data-path-to-node=\"8\">\n<li>\n<p data-path-to-node=\"8,0,0\"><b data-path-to-node=\"8,0,0\" data-index-in-node=\"0\">Nombre de bouff\u00e9es :<\/b> 30 000 bouff\u00e9es in\u00e9gal\u00e9es (15 000 par parfum).<\/p>\n<\/li>\n<li>\n<p data-path-to-node=\"8,1,0\"><b data-path-to-node=\"8,1,0\" data-index-in-node=\"0\">Double go\u00fbt :<\/b> Deux r\u00e9servoirs de 18 ml (36 ml au total) avec un interrupteur de saveur instantan\u00e9.<\/p>\n<\/li>\n<li>\n<p data-path-to-node=\"8,2,0\"><b data-path-to-node=\"8,2,0\" data-index-in-node=\"0\">Surveillance intelligente :<\/b> \u00c9cran LCD int\u00e9gr\u00e9 pour un suivi en temps r\u00e9el de la batterie et de l'e-liquide.<\/p>\n<\/li>\n<li>\n<p data-path-to-node=\"8,3,0\"><b data-path-to-node=\"8,3,0\" data-index-in-node=\"0\">Tronc commun avanc\u00e9 :<\/b> Technologie 1.0\u03a9 Mesh Coil pour une vapeur douce et riche.<\/p>\n<\/li>\n<li>\n<p data-path-to-node=\"8,4,0\"><b data-path-to-node=\"8,4,0\" data-index-in-node=\"0\">Puissance :<\/b> Batterie haute efficacit\u00e9 de 550mAh avec charge rapide de type C.<\/p>\n<\/li>\n<li>\n<p data-path-to-node=\"8,5,0\"><b data-path-to-node=\"8,5,0\" data-index-in-node=\"0\">Conception :<\/b> Ergonomie, portabilit\u00e9 et graphisme percutant.<\/p>\n<\/li>\n<\/ul>","protected":false},"featured_media":8442,"comment_status":"open","ping_status":"closed","template":"","meta":[],"product_brand":[61],"product_cat":[82,87,95],"product_tag":[75,76,77,79],"class_list":{"0":"post-8441","1":"product","2":"type-product","3":"status-publish","4":"has-post-thumbnail","6":"product_brand-bang","7":"product_cat-big-puffs-vapes","8":"product_cat-iced-fruit-vapes","9":"product_cat-mesh-coil-vapes","10":"product_tag-eu-warehouse","11":"product_tag-mtl-vaping","12":"product_tag-recharge","13":"product_tag-smart-screen-display","15":"first","16":"instock","17":"sale","18":"shipping-taxable","19":"purchasable","20":"product-type-variable"},"yoast_head":"<!-- This site is optimized with the Yoast SEO plugin v27.1.1 - https:\/\/yoast.com\/product\/yoast-seo-wordpress\/ -->\n<title>Bang King 30000 Puffs Disposable Vape - Double Taste Dual Tank &amp; LCD Display<\/title>\n<meta name=\"description\" content=\"Experience 30,000 puffs with the Bang King 30k. Features 36mL dual-tank Double Taste technology, 550mAh rechargeable battery, and smart LCD display. Fast EU shipping!\" \/>\n<meta name=\"robots\" content=\"noindex, follow, max-snippet:-1, max-image-preview:large, max-video-preview:-1\" \/>\n<meta property=\"og:locale\" content=\"fr_FR\" \/>\n<meta property=\"og:type\" content=\"article\" \/>\n<meta property=\"og:title\" content=\"Bang King 30000 Puffs Disposable Vape - Double Taste Dual Tank &amp; LCD Display\" \/>\n<meta property=\"og:description\" content=\"Experience 30,000 puffs with the Bang King 30k. Features 36mL dual-tank Double Taste technology, 550mAh rechargeable battery, and smart LCD display. Fast EU shipping!\" \/>\n<meta property=\"og:url\" content=\"https:\/\/frivape.com\/fr\/product\/bang-king-30000-puffs-double-taste-jetable-vape\/\" \/>\n<meta property=\"og:site_name\" content=\"frivape | Online Vape Store - Best Vapes, Mods &amp; Disposable Kits\" \/>\n<meta property=\"article:modified_time\" content=\"2026-04-11T11:55:47+00:00\" \/>\n<meta property=\"og:image\" content=\"https:\/\/frivape.com\/wp-content\/uploads\/2026\/04\/vape-bang-king-30k-30000-puffs-main-image.jpg.webp\" \/>\n\t<meta property=\"og:image:width\" content=\"1000\" \/>\n\t<meta property=\"og:image:height\" content=\"1000\" \/>\n\t<meta property=\"og:image:type\" content=\"image\/webp\" \/>\n<meta name=\"twitter:card\" content=\"summary_large_image\" \/>\n<meta name=\"twitter:label1\" content=\"Dur\u00e9e de lecture estim\u00e9e\" \/>\n\t<meta name=\"twitter:data1\" content=\"4 minutes\" \/>\n<script type=\"application\/ld+json\" class=\"yoast-schema-graph\">{\"@context\":\"https:\/\/schema.org\",\"@graph\":[{\"@type\":\"WebPage\",\"@id\":\"https:\/\/frivape.com\/product\/bang-king-30000-puffs-double-taste-disposable-vape\/\",\"url\":\"https:\/\/frivape.com\/product\/bang-king-30000-puffs-double-taste-disposable-vape\/\",\"name\":\"Bang King 30000 Puffs Disposable Vape - Double Taste Dual Tank & LCD Display\",\"isPartOf\":{\"@id\":\"https:\/\/frivape.com\/#website\"},\"primaryImageOfPage\":{\"@id\":\"https:\/\/frivape.com\/product\/bang-king-30000-puffs-double-taste-disposable-vape\/#primaryimage\"},\"image\":{\"@id\":\"https:\/\/frivape.com\/product\/bang-king-30000-puffs-double-taste-disposable-vape\/#primaryimage\"},\"thumbnailUrl\":\"https:\/\/frivape.com\/wp-content\/uploads\/2026\/04\/vape-bang-king-30k-30000-puffs-main-image.jpg.webp\",\"datePublished\":\"2026-04-11T11:45:43+00:00\",\"dateModified\":\"2026-04-11T11:55:47+00:00\",\"description\":\"Experience 30,000 puffs with the Bang King 30k. Features 36mL dual-tank Double Taste technology, 550mAh rechargeable battery, and smart LCD display. Fast EU shipping!\",\"breadcrumb\":{\"@id\":\"https:\/\/frivape.com\/product\/bang-king-30000-puffs-double-taste-disposable-vape\/#breadcrumb\"},\"inLanguage\":\"fr-FR\",\"potentialAction\":[{\"@type\":\"ReadAction\",\"target\":[\"https:\/\/frivape.com\/product\/bang-king-30000-puffs-double-taste-disposable-vape\/\"]}]},{\"@type\":\"ImageObject\",\"inLanguage\":\"fr-FR\",\"@id\":\"https:\/\/frivape.com\/product\/bang-king-30000-puffs-double-taste-disposable-vape\/#primaryimage\",\"url\":\"https:\/\/frivape.com\/wp-content\/uploads\/2026\/04\/vape-bang-king-30k-30000-puffs-main-image.jpg.webp\",\"contentUrl\":\"https:\/\/frivape.com\/wp-content\/uploads\/2026\/04\/vape-bang-king-30k-30000-puffs-main-image.jpg.webp\",\"width\":1000,\"height\":1000},{\"@type\":\"BreadcrumbList\",\"@id\":\"https:\/\/frivape.com\/product\/bang-king-30000-puffs-double-taste-disposable-vape\/#breadcrumb\",\"itemListElement\":[{\"@type\":\"ListItem\",\"position\":1,\"name\":\"\u9996\u9875\",\"item\":\"https:\/\/frivape.com\/\"},{\"@type\":\"ListItem\",\"position\":2,\"name\":\"Shop\",\"item\":\"https:\/\/frivape.com\/shop\/\"},{\"@type\":\"ListItem\",\"position\":3,\"name\":\"Bang King 30000 Puffs Disposable Vape | Dual Flavor Tank &amp; Smart LCD Display\"}]},{\"@type\":\"WebSite\",\"@id\":\"https:\/\/frivape.com\/#website\",\"url\":\"https:\/\/frivape.com\/\",\"name\":\"frivape | Online Vape Store - Best Vapes, Mods &amp; Disposable Kits\",\"description\":\"Shop frivape, your premier online vape shop for authentic mods, disposable vapes, and premium e-liquids. Direct from Shenzhen with fast Europe local shipping. High quality at wholesale prices.\",\"publisher\":{\"@id\":\"https:\/\/frivape.com\/#organization\"},\"potentialAction\":[{\"@type\":\"SearchAction\",\"target\":{\"@type\":\"EntryPoint\",\"urlTemplate\":\"https:\/\/frivape.com\/?s={search_term_string}\"},\"query-input\":{\"@type\":\"PropertyValueSpecification\",\"valueRequired\":true,\"valueName\":\"search_term_string\"}}],\"inLanguage\":\"fr-FR\"},{\"@type\":\"Organization\",\"@id\":\"https:\/\/frivape.com\/#organization\",\"name\":\"frivape | Online Vape Store - Best Vapes, Mods &amp; Disposable Kits\",\"url\":\"https:\/\/frivape.com\/\",\"logo\":{\"@type\":\"ImageObject\",\"inLanguage\":\"fr-FR\",\"@id\":\"https:\/\/frivape.com\/#\/schema\/logo\/image\/\",\"url\":\"https:\/\/frivape.com\/wp-content\/uploads\/2026\/03\/cropped-frivape-site-title-icon.png\",\"contentUrl\":\"https:\/\/frivape.com\/wp-content\/uploads\/2026\/03\/cropped-frivape-site-title-icon.png\",\"width\":470,\"height\":110,\"caption\":\"frivape | Online Vape Store - Best Vapes, Mods &amp; Disposable Kits\"},\"image\":{\"@id\":\"https:\/\/frivape.com\/#\/schema\/logo\/image\/\"}}]}<\/script>\n<!-- \/ Yoast SEO plugin. -->","yoast_head_json":{"title":"Bang King 30000 Puffs Vape jetable - Double go\u00fbt, double r\u00e9servoir et \u00e9cran LCD","description":"Faites l'exp\u00e9rience de 30 000 bouff\u00e9es avec le Bang King 30k. Dot\u00e9 d'un r\u00e9servoir double de 36 ml, de la technologie Double Taste, d'une batterie rechargeable de 550 mAh et d'un \u00e9cran LCD intelligent. Livraison rapide dans l'UE !","robots":{"index":"noindex","follow":"follow","max-snippet":"max-snippet:-1","max-image-preview":"max-image-preview:large","max-video-preview":"max-video-preview:-1"},"og_locale":"fr_FR","og_type":"article","og_title":"Bang King 30000 Puffs Disposable Vape - Double Taste Dual Tank & LCD Display","og_description":"Experience 30,000 puffs with the Bang King 30k. Features 36mL dual-tank Double Taste technology, 550mAh rechargeable battery, and smart LCD display. Fast EU shipping!","og_url":"https:\/\/frivape.com\/fr\/product\/bang-king-30000-puffs-double-taste-jetable-vape\/","og_site_name":"frivape | Online Vape Store - Best Vapes, Mods &amp; Disposable Kits","article_modified_time":"2026-04-11T11:55:47+00:00","og_image":[{"width":1000,"height":1000,"url":"https:\/\/frivape.com\/wp-content\/uploads\/2026\/04\/vape-bang-king-30k-30000-puffs-main-image.jpg.webp","type":"image\/webp"}],"twitter_card":"summary_large_image","twitter_misc":{"Dur\u00e9e de lecture estim\u00e9e":"4 minutes"},"schema":{"@context":"https:\/\/schema.org","@graph":[{"@type":"WebPage","@id":"https:\/\/frivape.com\/product\/bang-king-30000-puffs-double-taste-disposable-vape\/","url":"https:\/\/frivape.com\/product\/bang-king-30000-puffs-double-taste-disposable-vape\/","name":"Bang King 30000 Puffs Vape jetable - Double go\u00fbt, double r\u00e9servoir et \u00e9cran LCD","isPartOf":{"@id":"https:\/\/frivape.com\/#website"},"primaryImageOfPage":{"@id":"https:\/\/frivape.com\/product\/bang-king-30000-puffs-double-taste-disposable-vape\/#primaryimage"},"image":{"@id":"https:\/\/frivape.com\/product\/bang-king-30000-puffs-double-taste-disposable-vape\/#primaryimage"},"thumbnailUrl":"https:\/\/frivape.com\/wp-content\/uploads\/2026\/04\/vape-bang-king-30k-30000-puffs-main-image.jpg.webp","datePublished":"2026-04-11T11:45:43+00:00","dateModified":"2026-04-11T11:55:47+00:00","description":"Faites l'exp\u00e9rience de 30 000 bouff\u00e9es avec le Bang King 30k. Dot\u00e9 d'un r\u00e9servoir double de 36 ml, de la technologie Double Taste, d'une batterie rechargeable de 550 mAh et d'un \u00e9cran LCD intelligent. Livraison rapide dans l'UE !","breadcrumb":{"@id":"https:\/\/frivape.com\/product\/bang-king-30000-puffs-double-taste-disposable-vape\/#breadcrumb"},"inLanguage":"fr-FR","potentialAction":[{"@type":"ReadAction","target":["https:\/\/frivape.com\/product\/bang-king-30000-puffs-double-taste-disposable-vape\/"]}]},{"@type":"ImageObject","inLanguage":"fr-FR","@id":"https:\/\/frivape.com\/product\/bang-king-30000-puffs-double-taste-disposable-vape\/#primaryimage","url":"https:\/\/frivape.com\/wp-content\/uploads\/2026\/04\/vape-bang-king-30k-30000-puffs-main-image.jpg.webp","contentUrl":"https:\/\/frivape.com\/wp-content\/uploads\/2026\/04\/vape-bang-king-30k-30000-puffs-main-image.jpg.webp","width":1000,"height":1000},{"@type":"BreadcrumbList","@id":"https:\/\/frivape.com\/product\/bang-king-30000-puffs-double-taste-disposable-vape\/#breadcrumb","itemListElement":[{"@type":"ListItem","position":1,"name":"\u9996\u9875","item":"https:\/\/frivape.com\/"},{"@type":"ListItem","position":2,"name":"Shop","item":"https:\/\/frivape.com\/shop\/"},{"@type":"ListItem","position":3,"name":"Bang King 30000 Puffs Disposable Vape | Dual Flavor Tank &amp; Smart LCD Display"}]},{"@type":"WebSite","@id":"https:\/\/frivape.com\/#website","url":"https:\/\/frivape.com\/","name":"frivape | Online Vape Store - Best Vapes, Mods &amp; Disposable Kits","description":"Le magasin frivape, votre premier magasin de vape en ligne pour des mods authentiques, des vapes jetables et des e-liquides de premi\u00e8re qualit\u00e9. Directement de Shenzhen avec une livraison rapide en Europe. Haute qualit\u00e9 \u00e0 des prix de gros.","publisher":{"@id":"https:\/\/frivape.com\/#organization"},"potentialAction":[{"@type":"SearchAction","target":{"@type":"EntryPoint","urlTemplate":"https:\/\/frivape.com\/?s={search_term_string}"},"query-input":{"@type":"PropertyValueSpecification","valueRequired":true,"valueName":"search_term_string"}}],"inLanguage":"fr-FR"},{"@type":"Organization","@id":"https:\/\/frivape.com\/#organization","name":"frivape | Online Vape Store - Best Vapes, Mods &amp; Disposable Kits","url":"https:\/\/frivape.com\/","logo":{"@type":"ImageObject","inLanguage":"fr-FR","@id":"https:\/\/frivape.com\/#\/schema\/logo\/image\/","url":"https:\/\/frivape.com\/wp-content\/uploads\/2026\/03\/cropped-frivape-site-title-icon.png","contentUrl":"https:\/\/frivape.com\/wp-content\/uploads\/2026\/03\/cropped-frivape-site-title-icon.png","width":470,"height":110,"caption":"frivape | Online Vape Store - Best Vapes, Mods &amp; Disposable Kits"},"image":{"@id":"https:\/\/frivape.com\/#\/schema\/logo\/image\/"}}]}},"tiered_pricing_type":"fixed","tiered_pricing_fixed_rules":{"10":10.99,"50":9.99,"100":8.99,"200":7.99},"tiered_pricing_product_settings":{"layout":"default","base_unit_name":{"singular":null,"plural":null},"default_variation":{}},"tiered_pricing_minimum_quantity":null,"tiered_pricing_roles_data":[],"tiered_pricing_percentage_rules":[],"_links":{"self":[{"href":"https:\/\/frivape.com\/fr\/wp-json\/wp\/v2\/product\/8441","targetHints":{"allow":["GET"]}}],"collection":[{"href":"https:\/\/frivape.com\/fr\/wp-json\/wp\/v2\/product"}],"about":[{"href":"https:\/\/frivape.com\/fr\/wp-json\/wp\/v2\/types\/product"}],"replies":[{"embeddable":true,"href":"https:\/\/frivape.com\/fr\/wp-json\/wp\/v2\/comments?post=8441"}],"wp:featuredmedia":[{"embeddable":true,"href":"https:\/\/frivape.com\/fr\/wp-json\/wp\/v2\/media\/8442"}],"wp:attachment":[{"href":"https:\/\/frivape.com\/fr\/wp-json\/wp\/v2\/media?parent=8441"}],"wp:term":[{"taxonomy":"product_brand","embeddable":true,"href":"https:\/\/frivape.com\/fr\/wp-json\/wp\/v2\/product_brand?post=8441"},{"taxonomy":"product_cat","embeddable":true,"href":"https:\/\/frivape.com\/fr\/wp-json\/wp\/v2\/product_cat?post=8441"},{"taxonomy":"product_tag","embeddable":true,"href":"https:\/\/frivape.com\/fr\/wp-json\/wp\/v2\/product_tag?post=8441"}],"curies":[{"name":"wp","href":"https:\/\/api.w.org\/{rel}","templated":true}]}}