{"id":8493,"date":"2026-04-11T20:05:43","date_gmt":"2026-04-11T12:05:43","guid":{"rendered":"https:\/\/frivape.com\/?post_type=product&#038;p=8493"},"modified":"2026-04-11T20:31:52","modified_gmt":"2026-04-11T12:31:52","slug":"bang-36000-puffs-disposable-vape-40ml-dual-tank-dtl-sub-ohm-led-edition","status":"publish","type":"product","link":"https:\/\/frivape.com\/fr\/product\/bang-36000-puffs-disposable-vape-40ml-dual-tank-dtl-sub-ohm-led-edition\/","title":{"rendered":"Bang 36000 Puffs Vape jetable - 40mL Dual Tank &amp; DTL Sub-Ohm LED Edition"},"content":{"rendered":"<h2 class=\"wp-block-heading has-text-align-center\"><strong>Le z\u00e9nith du vapotage \u00e0 haute capacit\u00e9 : Bang 36000 Puffs LED Edition<\/strong><\/h2>\n\n\n\n<p>Le <strong>Bang 36000 Puffs Stylo \u00e0 Vape jetable<\/strong> repr\u00e9sente l'\u00e9volution ultime de la mission principale de Bang : <strong>\u201cPuissance, performance et saveur audacieuse\u201d.\u201d<\/strong> Con\u00e7u pour les vapoteurs qui exigent le plus grand nombre de bouff\u00e9es sans sacrifier la qualit\u00e9 de la vapeur, cet appareil associe une \u00e9norme bouff\u00e9e d'air \u00e0 une bouff\u00e9e d'air. <strong>Capacit\u00e9 de 40mL d'e-liquide<\/strong> avec des <strong>technologie sub-ohm<\/strong>. Que vous soyez \u00e0 la recherche d'un <strong>vente en gros de produits de vaporisation jetables<\/strong> pour approvisionner les rayons de votre magasin ou un v\u00e9hicule quotidien tr\u00e8s performant, le Bang 36000 se distingue comme un produit de haute qualit\u00e9. <strong>global vape sensation<\/strong>.<\/p>\n\n\n\n<h3 class=\"wp-block-heading\"><strong>Puissance directe au poumon (DTL) et innovation Sub-Ohm<\/strong><\/h3>\n\n\n\n<p>Contrairement aux produits jetables standard, le <strong>Bang 36000<\/strong> est une centrale con\u00e7ue pour les chasseurs de nuages. Dot\u00e9 d'un <strong>Bobine en maille de 0,6\u03a9<\/strong>, Il facilite la mise en place d'une <strong>Directement au poumon (DTL)<\/strong> L'inhalation produit une vapeur dense et intensifie les profils de saveurs de notre s\u00e9rie de fruits. Les <strong>syst\u00e8me \u00e0 double r\u00e9servoir<\/strong> garantit que l'\u00e9norme volume de 40 ml de jus reste frais et s'\u00e9coule de mani\u00e8re constante, offrant une exp\u00e9rience de premier ordre du premier tirage au 36 000e.<\/p>\n\n\n\n<h3 class=\"wp-block-heading\"><strong>Le style rencontre la substance : Un \u00e9clairage LED vibrant<\/strong><\/h3>\n\n\n\n<p>Au-del\u00e0 de la performance, le Bang 36000 est une d\u00e9claration visuelle. Le bo\u00eetier int\u00e9gr\u00e9 de l'appareil <strong>Lumi\u00e8re color\u00e9e LED<\/strong> s'active \u00e0 chaque tirage et brille \u00e0 travers un ch\u00e2ssis \u00e9l\u00e9gant et ergonomique. Cette caract\u00e9ristique en fait non seulement le <strong>meilleur 36k puff vape 2026<\/strong> pour les situations sociales, mais aussi pour les utilisateurs \u00e0 la recherche d'une esth\u00e9tique moderne et high-tech. Combin\u00e9 avec <strong>Chargement rapide de type C<\/strong> et une batterie fiable de 650mAh, cet appareil vous permet de passer moins de temps devant la prise et plus de temps \u00e0 profiter de nuages \u00e9pais et savoureux.<\/p>\n\n\n\n<h3 class=\"wp-block-heading\"><strong>Fiabilit\u00e9 de la vente en gros B2B et de la vente directe \u00e0 l'usine<\/strong><\/h3>\n\n\n\n<p>Fonctionnement avec un <strong>Origine Shenzhen<\/strong> r\u00e9seau logistique, nous proposons des prix directs d'usine pour les <strong>commandes de vape en vrac<\/strong>. Avec des options de nicotine allant de <strong>0% (sans nicotine)<\/strong> \u00e0 <strong>5% (Haute r\u00e9sistance)<\/strong>, Le Bang 36000 s'adapte parfaitement aux diverses r\u00e9glementations r\u00e9gionales et aux pr\u00e9f\u00e9rences des consommateurs. Chaque bo\u00eete contient <strong>8 pi\u00e8ces<\/strong>, Il est donc parfaitement adapt\u00e9 aux environnements de vente au d\u00e9tail \u00e0 fort taux de rotation qui recherchent des produits de qualit\u00e9. <strong>cigarette \u00e9lectronique fiable<\/strong> fournisseurs.<\/p>\n\n\n\n<hr class=\"wp-block-separator has-alpha-channel-opacity\"\/>\n\n\n\n<h3 class=\"wp-block-heading\"><strong>Le menu des 12 ar\u00f4mes de fruits Signature<\/strong><\/h3>\n\n\n\n<ol start=\"1\" class=\"wp-block-list\">\n<li><strong>Fraise Kiwi :<\/strong> Une harmonie classique entre l'acidul\u00e9 et le sucr\u00e9.<\/li>\n\n\n\n<li><strong>P\u00eache Mangue Past\u00e8que :<\/strong> L'ultime tierc\u00e9 tropical.<\/li>\n\n\n\n<li><strong>Fruits m\u00e9lang\u00e9s :<\/strong> Un m\u00e9lange vibrant de baies et de fruits exotiques.<\/li>\n\n\n\n<li><strong>Glace \u00e0 la menthe :<\/strong> Menthol glacial pour un rafra\u00eechissement maximal.<\/li>\n\n\n\n<li><strong>P\u00eache Mangue :<\/strong> P\u00eache velout\u00e9e m\u00e9lang\u00e9e \u00e0 de la mangue juteuse.<\/li>\n\n\n\n<li><strong>Glace de raisin :<\/strong> Raisins de cuve luxuriants avec une finale givr\u00e9e.<\/li>\n\n\n\n<li><strong>Pommes doubles :<\/strong> Un m\u00e9lange croustillant de pommes rouges sucr\u00e9es et de pommes vertes acidul\u00e9es.<\/li>\n\n\n\n<li><strong>Myrtille Framboise :<\/strong> Un duo de baies foresti\u00e8res sophistiqu\u00e9 et acidul\u00e9.<\/li>\n\n\n\n<li><strong>Glace aux myrtilles :<\/strong> Myrtilles m\u00fbres avec une expiration propre et glac\u00e9e.<\/li>\n\n\n\n<li><strong>Past\u00e8que \u00e0 la fraise :<\/strong> L'association de fruits sucr\u00e9s pr\u00e9f\u00e9r\u00e9e de l'\u00e9t\u00e9.<\/li>\n\n\n\n<li><strong>Glace \u00e0 la past\u00e8que :<\/strong> Une past\u00e8que juteuse et d\u00e9salt\u00e9rante sur glace.<\/li>\n\n\n\n<li><strong>Fraise Mangue :<\/strong> Une fusion douce et cr\u00e9meuse de fruits tropicaux.<\/li>\n<\/ol>\n\n\n\n<hr class=\"wp-block-separator has-alpha-channel-opacity\"\/>\n\n\n\n<h3 class=\"wp-block-heading\"><strong>Foire aux questions (FAQ)<\/strong><\/h3>\n\n\n\n<ul class=\"wp-block-list\">\n<li><strong>Qu'est-ce qui rend la bobine 0.6\u03a9 Mesh Coil diff\u00e9rente ?<\/strong> Le <strong>r\u00e9sistance sub-ohm<\/strong> permet d'augmenter la puissance en watts et le d\u00e9bit d'air, ce qui est essentiel pour la production d'\u00e9lectricit\u00e9. <strong>DTL vaping<\/strong>. Il produit des nuages plus importants et des saveurs plus intenses que les bobines traditionnelles de 1,0\u03a9 ou 1,2\u03a9 que l'on trouve dans les produits jetables standard.<\/li>\n\n\n\n<li><strong>Quelle est la dur\u00e9e de vie du r\u00e9servoir de 40 ml ?<\/strong> Avec jusqu'\u00e0 <strong>36 000 bouff\u00e9es<\/strong>, Le Bang 36000 est con\u00e7u pour durer de 4 \u00e0 6 semaines pour un vapoteur moyen, ce qui en fait l'un des produits les plus performants du march\u00e9. <strong>e-cigarettes rentables<\/strong> disponible d\u00e8s aujourd'hui.<\/li>\n\n\n\n<li><strong>La lumi\u00e8re LED est-elle toujours allum\u00e9e ?<\/strong> Le <strong>Lumi\u00e8re color\u00e9e LED<\/strong> est activ\u00e9 par le tirage, ce qui signifie qu'il ne s'allume que lorsque vous vapotez, pr\u00e9servant ainsi la dur\u00e9e de vie de la batterie tout en offrant un retour visuel \u00e9l\u00e9gant.<\/li>\n\n\n\n<li><strong>Quel est le d\u00e9lai d'exp\u00e9dition pour les commandes en gros ?<\/strong> Nous offrons un service d'exp\u00e9dition rapide \u00e0 partir de notre <strong>Entrep\u00f4t de Shenzhen<\/strong>. Les d\u00e9lais de livraison sont g\u00e9n\u00e9ralement compris entre 7 et 15 jours ouvrables, avec des d\u00e9lais garantis. <strong>100% d\u00e9douanement<\/strong> et sans taxes ni frais cach\u00e9s.<\/li>\n\n\n\n<li><strong>Le port Type-C prend-il en charge la charge rapide ?<\/strong> Oui, le Bang 36000 utilise <strong>Technologie Type-C<\/strong>, La batterie de 650mAh peut ainsi \u00eatre recharg\u00e9e compl\u00e8tement en un temps approximatif de <strong>60 minutes<\/strong>, et garantissent un temps d'arr\u00eat minimal.<\/li>\n<\/ul>\n\n\n\n<hr class=\"wp-block-separator has-alpha-channel-opacity\"\/>\n\n\n\n<p><strong>AVERTISSEMENT SANITAIRE :<\/strong> Ce produit contient de la nicotine. La nicotine est un produit chimique qui cr\u00e9e une d\u00e9pendance.<\/p>\n\n\n\n<p><strong>Restriction d'\u00e2ge :<\/strong> Ce produit est destin\u00e9 aux adultes uniquement (18 ans et plus ou l'\u00e2ge l\u00e9gal pour fumer dans votre juridiction). Tenir hors de port\u00e9e des enfants et des animaux domestiques. Ne pas utiliser en cas de grossesse ou d'allaitement.<\/p>","protected":false},"excerpt":{"rendered":"<p data-path-to-node=\"7\">Le <b data-path-to-node=\"7\" data-index-in-node=\"4\">Bang 36000 Puffs<\/b> \u00e9tablit une nouvelle r\u00e9f\u00e9rence en mati\u00e8re d'endurance et de style visuel sur le march\u00e9 mondial des cigarettes \u00e9lectroniques.<\/p>\n<ul data-path-to-node=\"8\">\n<li>\n<p data-path-to-node=\"8,0,0\"><b data-path-to-node=\"8,0,0\" data-index-in-node=\"0\">Capacit\u00e9 extr\u00eame :<\/b> Jusqu'\u00e0 36 000 bouff\u00e9es pour des semaines d'utilisation ininterrompue.<\/p>\n<\/li>\n<li>\n<p data-path-to-node=\"8,1,0\"><b data-path-to-node=\"8,1,0\" data-index-in-node=\"0\">Syst\u00e8me \u00e0 deux r\u00e9servoirs :<\/b> R\u00e9servoir d'e-liquide de qualit\u00e9 sup\u00e9rieure pr\u00e9-rempli de 40 ml.<\/p>\n<\/li>\n<li>\n<p data-path-to-node=\"8,2,0\"><b data-path-to-node=\"8,2,0\" data-index-in-node=\"0\">Performance Sub-Ohm :<\/b> 0.6\u03a9 Mesh Coil pour un vapotage DTL riche et orient\u00e9 vers les nuages.<\/p>\n<\/li>\n<li>\n<p data-path-to-node=\"8,3,0\"><b data-path-to-node=\"8,3,0\" data-index-in-node=\"0\">Esth\u00e9tique dynamique :<\/b> \u00c9clairage de couleur LED activ\u00e9 par tirage au sort pour un look moderne.<\/p>\n<\/li>\n<li>\n<p data-path-to-node=\"8,4,0\"><b data-path-to-node=\"8,4,0\" data-index-in-node=\"0\">R\u00e9cup\u00e9ration rapide :<\/b> Batterie rechargeable de 650mAh avec charge rapide de type C.<\/p>\n<\/li>\n<li>\n<p data-path-to-node=\"8,5,0\"><b data-path-to-node=\"8,5,0\" data-index-in-node=\"0\">Contr\u00f4le de pr\u00e9cision :<\/b> Disponible en 0%, 2%, 3% et 5%.<\/p>\n<\/li>\n<\/ul>","protected":false},"featured_media":8494,"comment_status":"open","ping_status":"closed","template":"","meta":[],"product_brand":[61],"product_cat":[82,87,95],"product_tag":[74,77],"class_list":{"0":"post-8493","1":"product","2":"type-product","3":"status-publish","4":"has-post-thumbnail","6":"product_brand-bang","7":"product_cat-big-puffs-vapes","8":"product_cat-iced-fruit-vapes","9":"product_cat-mesh-coil-vapes","10":"product_tag-dtl-vaping","11":"product_tag-recharge","13":"first","14":"instock","15":"sale","16":"shipping-taxable","17":"purchasable","18":"product-type-variable"},"yoast_head":"<!-- This site is optimized with the Yoast SEO plugin v27.1.1 - https:\/\/yoast.com\/product\/yoast-seo-wordpress\/ -->\n<title>Bang 36000 Puffs Disposable Vape - LED Light &amp; 40mL DTL Sub-Ohm<\/title>\n<meta name=\"description\" content=\"Illuminate your clouds with Bang 36000 Puffs. Features a 40mL dual-tank, 0.6\u03a9 Sub-Ohm coil for DTL vaping, and vibrant LED lights. Factory direct wholesale &amp; fast shipping.\" \/>\n<meta name=\"robots\" content=\"noindex, follow, max-snippet:-1, max-image-preview:large, max-video-preview:-1\" \/>\n<meta property=\"og:locale\" content=\"fr_FR\" \/>\n<meta property=\"og:type\" content=\"article\" \/>\n<meta property=\"og:title\" content=\"Bang 36000 Puffs Disposable Vape - LED Light &amp; 40mL DTL Sub-Ohm\" \/>\n<meta property=\"og:description\" content=\"Illuminate your clouds with Bang 36000 Puffs. Features a 40mL dual-tank, 0.6\u03a9 Sub-Ohm coil for DTL vaping, and vibrant LED lights. Factory direct wholesale &amp; fast shipping.\" \/>\n<meta property=\"og:url\" content=\"https:\/\/frivape.com\/fr\/product\/bang-36000-puffs-disposable-vape-40ml-dual-tank-dtl-sub-ohm-led-edition\/\" \/>\n<meta property=\"og:site_name\" content=\"frivape | Online Vape Store - Best Vapes, Mods &amp; Disposable Kits\" \/>\n<meta property=\"article:modified_time\" content=\"2026-04-11T12:31:52+00:00\" \/>\n<meta property=\"og:image\" content=\"https:\/\/frivape.com\/wp-content\/uploads\/2026\/04\/Puff-36k-Bang-36000-Puffs-Disposable-Vape-Pen-Hookah-Shisha-1.webp\" \/>\n\t<meta property=\"og:image:width\" content=\"800\" \/>\n\t<meta property=\"og:image:height\" content=\"800\" \/>\n\t<meta property=\"og:image:type\" content=\"image\/webp\" \/>\n<meta name=\"twitter:card\" content=\"summary_large_image\" \/>\n<meta name=\"twitter:label1\" content=\"Dur\u00e9e de lecture estim\u00e9e\" \/>\n\t<meta name=\"twitter:data1\" content=\"3 minutes\" \/>\n<script type=\"application\/ld+json\" class=\"yoast-schema-graph\">{\"@context\":\"https:\/\/schema.org\",\"@graph\":[{\"@type\":\"WebPage\",\"@id\":\"https:\/\/frivape.com\/product\/bang-36000-puffs-disposable-vape-40ml-dual-tank-dtl-sub-ohm-led-edition\/\",\"url\":\"https:\/\/frivape.com\/product\/bang-36000-puffs-disposable-vape-40ml-dual-tank-dtl-sub-ohm-led-edition\/\",\"name\":\"Bang 36000 Puffs Disposable Vape - LED Light & 40mL DTL Sub-Ohm\",\"isPartOf\":{\"@id\":\"https:\/\/frivape.com\/#website\"},\"primaryImageOfPage\":{\"@id\":\"https:\/\/frivape.com\/product\/bang-36000-puffs-disposable-vape-40ml-dual-tank-dtl-sub-ohm-led-edition\/#primaryimage\"},\"image\":{\"@id\":\"https:\/\/frivape.com\/product\/bang-36000-puffs-disposable-vape-40ml-dual-tank-dtl-sub-ohm-led-edition\/#primaryimage\"},\"thumbnailUrl\":\"https:\/\/frivape.com\/wp-content\/uploads\/2026\/04\/Puff-36k-Bang-36000-Puffs-Disposable-Vape-Pen-Hookah-Shisha-1.webp\",\"datePublished\":\"2026-04-11T12:05:43+00:00\",\"dateModified\":\"2026-04-11T12:31:52+00:00\",\"description\":\"Illuminate your clouds with Bang 36000 Puffs. Features a 40mL dual-tank, 0.6\u03a9 Sub-Ohm coil for DTL vaping, and vibrant LED lights. Factory direct wholesale & fast shipping.\",\"breadcrumb\":{\"@id\":\"https:\/\/frivape.com\/product\/bang-36000-puffs-disposable-vape-40ml-dual-tank-dtl-sub-ohm-led-edition\/#breadcrumb\"},\"inLanguage\":\"fr-FR\",\"potentialAction\":[{\"@type\":\"ReadAction\",\"target\":[\"https:\/\/frivape.com\/product\/bang-36000-puffs-disposable-vape-40ml-dual-tank-dtl-sub-ohm-led-edition\/\"]}]},{\"@type\":\"ImageObject\",\"inLanguage\":\"fr-FR\",\"@id\":\"https:\/\/frivape.com\/product\/bang-36000-puffs-disposable-vape-40ml-dual-tank-dtl-sub-ohm-led-edition\/#primaryimage\",\"url\":\"https:\/\/frivape.com\/wp-content\/uploads\/2026\/04\/Puff-36k-Bang-36000-Puffs-Disposable-Vape-Pen-Hookah-Shisha-1.webp\",\"contentUrl\":\"https:\/\/frivape.com\/wp-content\/uploads\/2026\/04\/Puff-36k-Bang-36000-Puffs-Disposable-Vape-Pen-Hookah-Shisha-1.webp\",\"width\":800,\"height\":800},{\"@type\":\"BreadcrumbList\",\"@id\":\"https:\/\/frivape.com\/product\/bang-36000-puffs-disposable-vape-40ml-dual-tank-dtl-sub-ohm-led-edition\/#breadcrumb\",\"itemListElement\":[{\"@type\":\"ListItem\",\"position\":1,\"name\":\"\u9996\u9875\",\"item\":\"https:\/\/frivape.com\/\"},{\"@type\":\"ListItem\",\"position\":2,\"name\":\"Shop\",\"item\":\"https:\/\/frivape.com\/shop\/\"},{\"@type\":\"ListItem\",\"position\":3,\"name\":\"Bang 36000 Puffs Disposable Vape | 40mL Dual Tank &amp; DTL Sub-Ohm LED Edition\"}]},{\"@type\":\"WebSite\",\"@id\":\"https:\/\/frivape.com\/#website\",\"url\":\"https:\/\/frivape.com\/\",\"name\":\"frivape | Online Vape Store - Best Vapes, Mods &amp; Disposable Kits\",\"description\":\"Shop frivape, your premier online vape shop for authentic mods, disposable vapes, and premium e-liquids. Direct from Shenzhen with fast Europe local shipping. High quality at wholesale prices.\",\"publisher\":{\"@id\":\"https:\/\/frivape.com\/#organization\"},\"potentialAction\":[{\"@type\":\"SearchAction\",\"target\":{\"@type\":\"EntryPoint\",\"urlTemplate\":\"https:\/\/frivape.com\/?s={search_term_string}\"},\"query-input\":{\"@type\":\"PropertyValueSpecification\",\"valueRequired\":true,\"valueName\":\"search_term_string\"}}],\"inLanguage\":\"fr-FR\"},{\"@type\":\"Organization\",\"@id\":\"https:\/\/frivape.com\/#organization\",\"name\":\"frivape | Online Vape Store - Best Vapes, Mods &amp; Disposable Kits\",\"url\":\"https:\/\/frivape.com\/\",\"logo\":{\"@type\":\"ImageObject\",\"inLanguage\":\"fr-FR\",\"@id\":\"https:\/\/frivape.com\/#\/schema\/logo\/image\/\",\"url\":\"https:\/\/frivape.com\/wp-content\/uploads\/2026\/03\/cropped-frivape-site-title-icon.png\",\"contentUrl\":\"https:\/\/frivape.com\/wp-content\/uploads\/2026\/03\/cropped-frivape-site-title-icon.png\",\"width\":470,\"height\":110,\"caption\":\"frivape | Online Vape Store - Best Vapes, Mods &amp; Disposable Kits\"},\"image\":{\"@id\":\"https:\/\/frivape.com\/#\/schema\/logo\/image\/\"}}]}<\/script>\n<!-- \/ Yoast SEO plugin. -->","yoast_head_json":{"title":"Bang 36000 Puffs Vape jetable - Lumi\u00e8re LED &amp; 40mL DTL Sub-Ohm","description":"Illuminez vos nuages avec Bang 36000 Puffs. Comprend un r\u00e9servoir double de 40mL, une bobine Sub-Ohm de 0,6\u03a9 pour le vapotage DTL, et des lumi\u00e8res LED vibrantes. Vente en gros directe de l'usine et exp\u00e9dition rapide.","robots":{"index":"noindex","follow":"follow","max-snippet":"max-snippet:-1","max-image-preview":"max-image-preview:large","max-video-preview":"max-video-preview:-1"},"og_locale":"fr_FR","og_type":"article","og_title":"Bang 36000 Puffs Disposable Vape - LED Light & 40mL DTL Sub-Ohm","og_description":"Illuminate your clouds with Bang 36000 Puffs. Features a 40mL dual-tank, 0.6\u03a9 Sub-Ohm coil for DTL vaping, and vibrant LED lights. Factory direct wholesale & fast shipping.","og_url":"https:\/\/frivape.com\/fr\/product\/bang-36000-puffs-disposable-vape-40ml-dual-tank-dtl-sub-ohm-led-edition\/","og_site_name":"frivape | Online Vape Store - Best Vapes, Mods &amp; Disposable Kits","article_modified_time":"2026-04-11T12:31:52+00:00","og_image":[{"width":800,"height":800,"url":"https:\/\/frivape.com\/wp-content\/uploads\/2026\/04\/Puff-36k-Bang-36000-Puffs-Disposable-Vape-Pen-Hookah-Shisha-1.webp","type":"image\/webp"}],"twitter_card":"summary_large_image","twitter_misc":{"Dur\u00e9e de lecture estim\u00e9e":"3 minutes"},"schema":{"@context":"https:\/\/schema.org","@graph":[{"@type":"WebPage","@id":"https:\/\/frivape.com\/product\/bang-36000-puffs-disposable-vape-40ml-dual-tank-dtl-sub-ohm-led-edition\/","url":"https:\/\/frivape.com\/product\/bang-36000-puffs-disposable-vape-40ml-dual-tank-dtl-sub-ohm-led-edition\/","name":"Bang 36000 Puffs Vape jetable - Lumi\u00e8re LED &amp; 40mL DTL Sub-Ohm","isPartOf":{"@id":"https:\/\/frivape.com\/#website"},"primaryImageOfPage":{"@id":"https:\/\/frivape.com\/product\/bang-36000-puffs-disposable-vape-40ml-dual-tank-dtl-sub-ohm-led-edition\/#primaryimage"},"image":{"@id":"https:\/\/frivape.com\/product\/bang-36000-puffs-disposable-vape-40ml-dual-tank-dtl-sub-ohm-led-edition\/#primaryimage"},"thumbnailUrl":"https:\/\/frivape.com\/wp-content\/uploads\/2026\/04\/Puff-36k-Bang-36000-Puffs-Disposable-Vape-Pen-Hookah-Shisha-1.webp","datePublished":"2026-04-11T12:05:43+00:00","dateModified":"2026-04-11T12:31:52+00:00","description":"Illuminez vos nuages avec Bang 36000 Puffs. Comprend un r\u00e9servoir double de 40mL, une bobine Sub-Ohm de 0,6\u03a9 pour le vapotage DTL, et des lumi\u00e8res LED vibrantes. Vente en gros directe de l'usine et exp\u00e9dition rapide.","breadcrumb":{"@id":"https:\/\/frivape.com\/product\/bang-36000-puffs-disposable-vape-40ml-dual-tank-dtl-sub-ohm-led-edition\/#breadcrumb"},"inLanguage":"fr-FR","potentialAction":[{"@type":"ReadAction","target":["https:\/\/frivape.com\/product\/bang-36000-puffs-disposable-vape-40ml-dual-tank-dtl-sub-ohm-led-edition\/"]}]},{"@type":"ImageObject","inLanguage":"fr-FR","@id":"https:\/\/frivape.com\/product\/bang-36000-puffs-disposable-vape-40ml-dual-tank-dtl-sub-ohm-led-edition\/#primaryimage","url":"https:\/\/frivape.com\/wp-content\/uploads\/2026\/04\/Puff-36k-Bang-36000-Puffs-Disposable-Vape-Pen-Hookah-Shisha-1.webp","contentUrl":"https:\/\/frivape.com\/wp-content\/uploads\/2026\/04\/Puff-36k-Bang-36000-Puffs-Disposable-Vape-Pen-Hookah-Shisha-1.webp","width":800,"height":800},{"@type":"BreadcrumbList","@id":"https:\/\/frivape.com\/product\/bang-36000-puffs-disposable-vape-40ml-dual-tank-dtl-sub-ohm-led-edition\/#breadcrumb","itemListElement":[{"@type":"ListItem","position":1,"name":"\u9996\u9875","item":"https:\/\/frivape.com\/"},{"@type":"ListItem","position":2,"name":"Shop","item":"https:\/\/frivape.com\/shop\/"},{"@type":"ListItem","position":3,"name":"Bang 36000 Puffs Disposable Vape | 40mL Dual Tank &amp; DTL Sub-Ohm LED Edition"}]},{"@type":"WebSite","@id":"https:\/\/frivape.com\/#website","url":"https:\/\/frivape.com\/","name":"frivape | Online Vape Store - Best Vapes, Mods &amp; Disposable Kits","description":"Le magasin frivape, votre premier magasin de vape en ligne pour des mods authentiques, des vapes jetables et des e-liquides de premi\u00e8re qualit\u00e9. Directement de Shenzhen avec une livraison rapide en Europe. Haute qualit\u00e9 \u00e0 des prix de gros.","publisher":{"@id":"https:\/\/frivape.com\/#organization"},"potentialAction":[{"@type":"SearchAction","target":{"@type":"EntryPoint","urlTemplate":"https:\/\/frivape.com\/?s={search_term_string}"},"query-input":{"@type":"PropertyValueSpecification","valueRequired":true,"valueName":"search_term_string"}}],"inLanguage":"fr-FR"},{"@type":"Organization","@id":"https:\/\/frivape.com\/#organization","name":"frivape | Online Vape Store - Best Vapes, Mods &amp; Disposable Kits","url":"https:\/\/frivape.com\/","logo":{"@type":"ImageObject","inLanguage":"fr-FR","@id":"https:\/\/frivape.com\/#\/schema\/logo\/image\/","url":"https:\/\/frivape.com\/wp-content\/uploads\/2026\/03\/cropped-frivape-site-title-icon.png","contentUrl":"https:\/\/frivape.com\/wp-content\/uploads\/2026\/03\/cropped-frivape-site-title-icon.png","width":470,"height":110,"caption":"frivape | Online Vape Store - Best Vapes, Mods &amp; Disposable Kits"},"image":{"@id":"https:\/\/frivape.com\/#\/schema\/logo\/image\/"}}]}},"tiered_pricing_type":"fixed","tiered_pricing_fixed_rules":{"10":10.88,"50":9.88,"100":8.88,"200":7.88},"tiered_pricing_product_settings":{"layout":"default","base_unit_name":{"singular":null,"plural":null},"default_variation":{}},"tiered_pricing_minimum_quantity":null,"tiered_pricing_roles_data":[],"tiered_pricing_percentage_rules":[],"_links":{"self":[{"href":"https:\/\/frivape.com\/fr\/wp-json\/wp\/v2\/product\/8493","targetHints":{"allow":["GET"]}}],"collection":[{"href":"https:\/\/frivape.com\/fr\/wp-json\/wp\/v2\/product"}],"about":[{"href":"https:\/\/frivape.com\/fr\/wp-json\/wp\/v2\/types\/product"}],"replies":[{"embeddable":true,"href":"https:\/\/frivape.com\/fr\/wp-json\/wp\/v2\/comments?post=8493"}],"wp:featuredmedia":[{"embeddable":true,"href":"https:\/\/frivape.com\/fr\/wp-json\/wp\/v2\/media\/8494"}],"wp:attachment":[{"href":"https:\/\/frivape.com\/fr\/wp-json\/wp\/v2\/media?parent=8493"}],"wp:term":[{"taxonomy":"product_brand","embeddable":true,"href":"https:\/\/frivape.com\/fr\/wp-json\/wp\/v2\/product_brand?post=8493"},{"taxonomy":"product_cat","embeddable":true,"href":"https:\/\/frivape.com\/fr\/wp-json\/wp\/v2\/product_cat?post=8493"},{"taxonomy":"product_tag","embeddable":true,"href":"https:\/\/frivape.com\/fr\/wp-json\/wp\/v2\/product_tag?post=8493"}],"curies":[{"name":"wp","href":"https:\/\/api.w.org\/{rel}","templated":true}]}}