{"id":8594,"date":"2026-04-12T01:16:33","date_gmt":"2026-04-11T17:16:33","guid":{"rendered":"https:\/\/frivape.com\/?post_type=product&#038;p=8594"},"modified":"2026-04-12T01:46:00","modified_gmt":"2026-04-11T17:46:00","slug":"vozol-rave-40000-puffs-led-display-disposable-vape","status":"publish","type":"product","link":"https:\/\/frivape.com\/fr\/product\/vozol-rave-40000-puffs-led-display-disposable-vape\/","title":{"rendered":"VOZOL RAVE 40000 Puffs Vape jetable | 270\u00b0 LED Light Show | S.I.L.C Tech"},"content":{"rendered":"<h2 class=\"wp-block-heading has-text-align-center\"><strong>La prochaine \u00e9volution du vapotage : VOZOL RAVE 40000 bouff\u00e9es<\/strong><\/h2>\n\n\n\n<p>En tant que leader mondialement reconnu depuis 2019, VOZOL continue de red\u00e9finir l'exp\u00e9rience de l'e-cigarette. L'e-cigarette <strong>VOZOL RAVE 40000<\/strong> n'est pas seulement un jetable de grande capacit\u00e9, c'est une explosion sensorielle. Con\u00e7u pour des utilisateurs adultes dans plus de 70 pays, ce dispositif int\u00e8gre un syst\u00e8me massif d'alimentation en eau potable. <strong>Volume d'e-liquide de 20mL<\/strong> avec un spectacle \u00e0 couper le souffle <strong>Design \u00e0 270\u00b0 et \u00e0 l'\u00e9clat vibrant<\/strong>. Que vous soyez \u00e0 la recherche d'un <strong>vente en gros de produits de vaporisation jetables<\/strong> ou un compagnon de tous les jours, le VOZOL RAVE offre une fusion parfaite entre les deux. <strong>Un design \u00e9l\u00e9gant, une qualit\u00e9 fiable et un prix abordable.<\/strong><\/p>\n\n\n\n<figure class=\"wp-block-image size-full\"><img fetchpriority=\"high\" decoding=\"async\" width=\"2260\" height=\"1077\" src=\"https:\/\/frivape.com\/wp-content\/uploads\/2026\/04\/VOZOL-RAVE-40000-Puffs-Disposable-Vape-270\u00b0-LED-Light-Show-S.I.L.C-Tech-1.webp\" alt=\"\" class=\"wp-image-8629\" srcset=\"https:\/\/frivape.com\/wp-content\/uploads\/2026\/04\/VOZOL-RAVE-40000-Puffs-Disposable-Vape-270\u00b0-LED-Light-Show-S.I.L.C-Tech-1.webp 2260w, https:\/\/frivape.com\/wp-content\/uploads\/2026\/04\/VOZOL-RAVE-40000-Puffs-Disposable-Vape-270\u00b0-LED-Light-Show-S.I.L.C-Tech-1-300x143.webp 300w, https:\/\/frivape.com\/wp-content\/uploads\/2026\/04\/VOZOL-RAVE-40000-Puffs-Disposable-Vape-270\u00b0-LED-Light-Show-S.I.L.C-Tech-1-1024x488.webp 1024w, https:\/\/frivape.com\/wp-content\/uploads\/2026\/04\/VOZOL-RAVE-40000-Puffs-Disposable-Vape-270\u00b0-LED-Light-Show-S.I.L.C-Tech-1-768x366.webp 768w, https:\/\/frivape.com\/wp-content\/uploads\/2026\/04\/VOZOL-RAVE-40000-Puffs-Disposable-Vape-270\u00b0-LED-Light-Show-S.I.L.C-Tech-1-1536x732.webp 1536w, https:\/\/frivape.com\/wp-content\/uploads\/2026\/04\/VOZOL-RAVE-40000-Puffs-Disposable-Vape-270\u00b0-LED-Light-Show-S.I.L.C-Tech-1-2048x976.webp 2048w, https:\/\/frivape.com\/wp-content\/uploads\/2026\/04\/VOZOL-RAVE-40000-Puffs-Disposable-Vape-270\u00b0-LED-Light-Show-S.I.L.C-Tech-1-990x472.webp 990w, https:\/\/frivape.com\/wp-content\/uploads\/2026\/04\/VOZOL-RAVE-40000-Puffs-Disposable-Vape-270\u00b0-LED-Light-Show-S.I.L.C-Tech-1-441x210.webp 441w, https:\/\/frivape.com\/wp-content\/uploads\/2026\/04\/VOZOL-RAVE-40000-Puffs-Disposable-Vape-270\u00b0-LED-Light-Show-S.I.L.C-Tech-1-800x381.webp 800w, https:\/\/frivape.com\/wp-content\/uploads\/2026\/04\/VOZOL-RAVE-40000-Puffs-Disposable-Vape-270\u00b0-LED-Light-Show-S.I.L.C-Tech-1-150x71.webp 150w\" sizes=\"(max-width: 2260px) 100vw, 2260px\" \/><\/figure>\n\n\n\n<h3 class=\"wp-block-heading\"><strong>Technologie S.I.L.C. avanc\u00e9e et pr\u00e9cision de 1,2\u03a9<\/strong><\/h3>\n\n\n\n<p>Le secret de la performance sup\u00e9rieure du VOZOL RAVE r\u00e9side dans sa technologie exclusive. <strong>Technologie S.I.L.C<\/strong>. En garantissant une <strong>Lisse, identique, durable et propre<\/strong> Ce dispositif \u00e9limine la perte de saveur. Le syst\u00e8me int\u00e9gr\u00e9 de <strong>1.2\u03a9 Bobine en maille de haute pr\u00e9cision<\/strong> maintient une stabilit\u00e9 thermique constante, emp\u00eachant la \u201ccaram\u00e9lisation\u201d de l'e-liquide ou les go\u00fbts de br\u00fbl\u00e9. Cela garantit que votre 40 000\u00e8me bouff\u00e9e aura le m\u00eame go\u00fbt que la toute premi\u00e8re, offrant une \u201cdouceur propre\u201d qui \u00e9vite la langue du vapoteur.<\/p>\n\n\n\n<h3 class=\"wp-block-heading\"><strong>Menu Saveurs Signature<\/strong><\/h3>\n\n\n\n<p>Explorez notre collection d'ar\u00f4mes m\u00e9ticuleusement \u00e9labor\u00e9e, qui va des menthols classiques aux m\u00e9langes de fruits exotiques :<\/p>\n\n\n\n<figure class=\"wp-block-image size-full\"><img decoding=\"async\" width=\"1739\" height=\"2560\" src=\"https:\/\/frivape.com\/wp-content\/uploads\/2026\/04\/fXktLZDaNjfNzisHOTQErYmXNCbmX97O8V2YVQTF-scaled.webp\" alt=\"\" class=\"wp-image-8625\" srcset=\"https:\/\/frivape.com\/wp-content\/uploads\/2026\/04\/fXktLZDaNjfNzisHOTQErYmXNCbmX97O8V2YVQTF-scaled.webp 1739w, https:\/\/frivape.com\/wp-content\/uploads\/2026\/04\/fXktLZDaNjfNzisHOTQErYmXNCbmX97O8V2YVQTF-204x300.webp 204w, https:\/\/frivape.com\/wp-content\/uploads\/2026\/04\/fXktLZDaNjfNzisHOTQErYmXNCbmX97O8V2YVQTF-696x1024.webp 696w, https:\/\/frivape.com\/wp-content\/uploads\/2026\/04\/fXktLZDaNjfNzisHOTQErYmXNCbmX97O8V2YVQTF-768x1130.webp 768w, https:\/\/frivape.com\/wp-content\/uploads\/2026\/04\/fXktLZDaNjfNzisHOTQErYmXNCbmX97O8V2YVQTF-1044x1536.webp 1044w, https:\/\/frivape.com\/wp-content\/uploads\/2026\/04\/fXktLZDaNjfNzisHOTQErYmXNCbmX97O8V2YVQTF-1391x2048.webp 1391w, https:\/\/frivape.com\/wp-content\/uploads\/2026\/04\/fXktLZDaNjfNzisHOTQErYmXNCbmX97O8V2YVQTF-990x1457.webp 990w, https:\/\/frivape.com\/wp-content\/uploads\/2026\/04\/fXktLZDaNjfNzisHOTQErYmXNCbmX97O8V2YVQTF-441x649.webp 441w, https:\/\/frivape.com\/wp-content\/uploads\/2026\/04\/fXktLZDaNjfNzisHOTQErYmXNCbmX97O8V2YVQTF-300x442.webp 300w, https:\/\/frivape.com\/wp-content\/uploads\/2026\/04\/fXktLZDaNjfNzisHOTQErYmXNCbmX97O8V2YVQTF-800x1178.webp 800w, https:\/\/frivape.com\/wp-content\/uploads\/2026\/04\/fXktLZDaNjfNzisHOTQErYmXNCbmX97O8V2YVQTF-150x221.webp 150w\" sizes=\"(max-width: 1739px) 100vw, 1739px\" \/><\/figure>\n\n\n\n<h3 class=\"wp-block-heading\"><strong>Mode Party : 270\u00b0 Glow &amp; Beat-Synced Lighting<\/strong><\/h3>\n\n\n\n<p>Le VOZOL RAVE 40k est con\u00e7u pour \u00eatre aussi dynamique que la musique que vous aimez. Le VOZOL RAVE <strong>\u00c9cran LED \u00e0 d\u00e9tection de rythme<\/strong> r\u00e9agit au rythme de votre tirage, transformant chaque bouff\u00e9e en un spectacle lumineux personnel. Associ\u00e9 \u00e0 la <strong>Animation Eclipse Vaping<\/strong> Gr\u00e2ce \u00e0 l'\u00e9cran de l'appareil, la v\u00e9rification des niveaux de batterie et d'\u00e9nergie donne l'impression d'interagir avec une smartwatch haut de gamme. C'est l'accessoire id\u00e9al pour les situations sociales \u00e0 forte intensit\u00e9 \u00e9nerg\u00e9tique, ce qui en fait un produit phare de la gamme des montres intelligentes. <strong>Vapes VOZOL<\/strong> de la gamme.<\/p>\n\n\n\n<h3 class=\"wp-block-heading\"><strong>Foire aux questions (FAQ)<\/strong><\/h3>\n\n\n\n<ul class=\"wp-block-list\">\n<li><strong>Comment la technologie S.I.L.C. am\u00e9liore-t-elle l'exp\u00e9rience ?<\/strong> S.I.L.C. veille \u00e0 ce que l'ar\u00f4me demeure <strong>Identique<\/strong> pendant toute la dur\u00e9e de vie du r\u00e9servoir et <strong>Nettoyer<\/strong> de toute teinte br\u00fbl\u00e9e, ce qui permet d'obtenir la plus <strong>Longue dur\u00e9e<\/strong> et <strong>Lisse<\/strong> l'exp\u00e9rience.<\/li>\n\n\n\n<li><strong>Quelle est la vitesse de chargement du VOZOL RAVE ?<\/strong> L'appareil se charge \u00e0 la vitesse de l'\u00e9clair, atteignant un <strong>80% se charge en 20 minutes seulement<\/strong>, Le syst\u00e8me d'alimentation en eau de l'appareil permet de r\u00e9duire au minimum les temps d'arr\u00eat pour les vapoteurs en d\u00e9placement.<\/li>\n\n\n\n<li><strong>L'effet de la nicotine est-il doux ou rude ?<\/strong> Au <strong>5% (50mg\/mL)<\/strong>, Il fournit un hit satisfaisant et puissant, mais la bobine de haute pr\u00e9cision garantit une vapeur soyeuse et confortable pour la gorge.<\/li>\n<\/ul>\n\n\n\n<p><strong>AVERTISSEMENT SANITAIRE :<\/strong> Ce produit contient de la nicotine. La nicotine est un produit chimique qui cr\u00e9e une d\u00e9pendance.<\/p>\n\n\n\n<p><strong>Restriction d'\u00e2ge :<\/strong> Ce produit est destin\u00e9 aux adultes uniquement (18 ans et plus ou l'\u00e2ge l\u00e9gal pour fumer dans votre juridiction). Tenir hors de port\u00e9e des enfants et des animaux domestiques. Ne pas utiliser en cas de grossesse ou d'allaitement.<\/p>","protected":false},"excerpt":{"rendered":"<p data-path-to-node=\"7\">Le <b data-path-to-node=\"7\" data-index-in-node=\"4\">VOZOL RAVE 40000<\/b> est l'endroit o\u00f9 la technologie futuriste rencontre la saveur de la haute-fid\u00e9lit\u00e9.<\/p>\n<ul data-path-to-node=\"8\">\n<li>\n<p data-path-to-node=\"8,0,0\"><b data-path-to-node=\"8,0,0\" data-index-in-node=\"0\">Une long\u00e9vit\u00e9 in\u00e9gal\u00e9e :<\/b> Jusqu'\u00e0 40 000 bouff\u00e9es \u00e0 partir d'un r\u00e9servoir pr\u00e9-rempli de 20 ml.<\/p>\n<\/li>\n<li>\n<p data-path-to-node=\"8,1,0\"><b data-path-to-node=\"8,1,0\" data-index-in-node=\"0\">Spectacle visuel :<\/b> \u00c9cran LED \u00e0 d\u00e9tection de rythme 270\u00b0 avec animations de vapotage Eclipse.<\/p>\n<\/li>\n<li>\n<p data-path-to-node=\"8,2,0\"><b data-path-to-node=\"8,2,0\" data-index-in-node=\"0\">Technologie S.I.L.C :<\/b> Des saveurs douces, identiques, durables et propres.<\/p>\n<\/li>\n<li>\n<p data-path-to-node=\"8,3,0\"><b data-path-to-node=\"8,3,0\" data-index-in-node=\"0\">R\u00e9cup\u00e9ration ultra-rapide :<\/b> La batterie de 1000mAh se charge en seulement 20 minutes via le Type-C avec le 80%.<\/p>\n<\/li>\n<li>\n<p data-path-to-node=\"8,4,0\"><b data-path-to-node=\"8,4,0\" data-index-in-node=\"0\">Pr\u00e9cision des ar\u00f4mes :<\/b> La bobine de 1,2\u03a9 \u00e0 mailles de haute pr\u00e9cision maintient la stabilit\u00e9 thermique.<\/p>\n<\/li>\n<li>\n<p data-path-to-node=\"8,5,0\"><b data-path-to-node=\"8,5,0\" data-index-in-node=\"0\">Fiabilit\u00e9 globale :<\/b> Exp\u00e9di\u00e9 depuis notre <b data-path-to-node=\"8,5,0\" data-index-in-node=\"37\">Entrep\u00f4t de l'UE<\/b> (livraison en 1-3 jours).<\/p>\n<\/li>\n<\/ul>","protected":false},"featured_media":8619,"comment_status":"open","ping_status":"closed","template":"","meta":[],"product_brand":[55],"product_cat":[82,96,87],"product_tag":[75,76,77,79],"class_list":{"0":"post-8594","1":"product","2":"type-product","3":"status-publish","4":"has-post-thumbnail","6":"product_brand-vozol","7":"product_cat-big-puffs-vapes","8":"product_cat-dual-mesh-vapes","9":"product_cat-iced-fruit-vapes","10":"product_tag-eu-warehouse","11":"product_tag-mtl-vaping","12":"product_tag-recharge","13":"product_tag-smart-screen-display","15":"first","16":"instock","17":"sale","18":"shipping-taxable","19":"purchasable","20":"product-type-variable"},"yoast_head":"<!-- This site is optimized with the Yoast SEO plugin v27.1.1 - https:\/\/yoast.com\/product\/yoast-seo-wordpress\/ -->\n<title>VOZOL RAVE 40000 Puffs Disposable Vape - 270\u00b0 LED &amp; S.I.L.C Tech<\/title>\n<meta name=\"description\" content=\"Experience VOZOL RAVE 40000. Features 40k puffs, 20mL tank, S.I.L.C Tech, and a 270\u00b0 LED party mode. 80% charge in 20 mins. 24 fruit flavors available.\" \/>\n<meta name=\"robots\" content=\"noindex, follow, max-snippet:-1, max-image-preview:large, max-video-preview:-1\" \/>\n<meta property=\"og:locale\" content=\"fr_FR\" \/>\n<meta property=\"og:type\" content=\"article\" \/>\n<meta property=\"og:title\" content=\"VOZOL RAVE 40000 Puffs Disposable Vape - 270\u00b0 LED &amp; S.I.L.C Tech\" \/>\n<meta property=\"og:description\" content=\"Experience VOZOL RAVE 40000. Features 40k puffs, 20mL tank, S.I.L.C Tech, and a 270\u00b0 LED party mode. 80% charge in 20 mins. 24 fruit flavors available.\" \/>\n<meta property=\"og:url\" content=\"https:\/\/frivape.com\/fr\/product\/vozol-rave-40000-puffs-led-display-disposable-vape\/\" \/>\n<meta property=\"og:site_name\" content=\"frivape | Online Vape Store - Best Vapes, Mods &amp; Disposable Kits\" \/>\n<meta property=\"article:modified_time\" content=\"2026-04-11T17:46:00+00:00\" \/>\n<meta property=\"og:image\" content=\"https:\/\/frivape.com\/wp-content\/uploads\/2026\/04\/vozol-rave-40000-Blue-Razz-Ice-3.webp\" \/>\n\t<meta property=\"og:image:width\" content=\"1200\" \/>\n\t<meta property=\"og:image:height\" content=\"1200\" \/>\n\t<meta property=\"og:image:type\" content=\"image\/webp\" \/>\n<meta name=\"twitter:card\" content=\"summary_large_image\" \/>\n<meta name=\"twitter:label1\" content=\"Dur\u00e9e de lecture estim\u00e9e\" \/>\n\t<meta name=\"twitter:data1\" content=\"3 minutes\" \/>\n<script type=\"application\/ld+json\" class=\"yoast-schema-graph\">{\"@context\":\"https:\/\/schema.org\",\"@graph\":[{\"@type\":\"WebPage\",\"@id\":\"https:\/\/frivape.com\/product\/vozol-rave-40000-puffs-led-display-disposable-vape\/\",\"url\":\"https:\/\/frivape.com\/product\/vozol-rave-40000-puffs-led-display-disposable-vape\/\",\"name\":\"VOZOL RAVE 40000 Puffs Disposable Vape - 270\u00b0 LED & S.I.L.C Tech\",\"isPartOf\":{\"@id\":\"https:\/\/frivape.com\/#website\"},\"primaryImageOfPage\":{\"@id\":\"https:\/\/frivape.com\/product\/vozol-rave-40000-puffs-led-display-disposable-vape\/#primaryimage\"},\"image\":{\"@id\":\"https:\/\/frivape.com\/product\/vozol-rave-40000-puffs-led-display-disposable-vape\/#primaryimage\"},\"thumbnailUrl\":\"https:\/\/frivape.com\/wp-content\/uploads\/2026\/04\/vozol-rave-40000-Blue-Razz-Ice-3.webp\",\"datePublished\":\"2026-04-11T17:16:33+00:00\",\"dateModified\":\"2026-04-11T17:46:00+00:00\",\"description\":\"Experience VOZOL RAVE 40000. Features 40k puffs, 20mL tank, S.I.L.C Tech, and a 270\u00b0 LED party mode. 80% charge in 20 mins. 24 fruit flavors available.\",\"breadcrumb\":{\"@id\":\"https:\/\/frivape.com\/product\/vozol-rave-40000-puffs-led-display-disposable-vape\/#breadcrumb\"},\"inLanguage\":\"fr-FR\",\"potentialAction\":[{\"@type\":\"ReadAction\",\"target\":[\"https:\/\/frivape.com\/product\/vozol-rave-40000-puffs-led-display-disposable-vape\/\"]}]},{\"@type\":\"ImageObject\",\"inLanguage\":\"fr-FR\",\"@id\":\"https:\/\/frivape.com\/product\/vozol-rave-40000-puffs-led-display-disposable-vape\/#primaryimage\",\"url\":\"https:\/\/frivape.com\/wp-content\/uploads\/2026\/04\/vozol-rave-40000-Blue-Razz-Ice-3.webp\",\"contentUrl\":\"https:\/\/frivape.com\/wp-content\/uploads\/2026\/04\/vozol-rave-40000-Blue-Razz-Ice-3.webp\",\"width\":1200,\"height\":1200},{\"@type\":\"BreadcrumbList\",\"@id\":\"https:\/\/frivape.com\/product\/vozol-rave-40000-puffs-led-display-disposable-vape\/#breadcrumb\",\"itemListElement\":[{\"@type\":\"ListItem\",\"position\":1,\"name\":\"\u9996\u9875\",\"item\":\"https:\/\/frivape.com\/\"},{\"@type\":\"ListItem\",\"position\":2,\"name\":\"Shop\",\"item\":\"https:\/\/frivape.com\/shop\/\"},{\"@type\":\"ListItem\",\"position\":3,\"name\":\"VOZOL RAVE 40000 Puffs Disposable Vape | 270\u00b0 LED Light Show | S.I.L.C Tech\"}]},{\"@type\":\"WebSite\",\"@id\":\"https:\/\/frivape.com\/#website\",\"url\":\"https:\/\/frivape.com\/\",\"name\":\"frivape | Online Vape Store - Best Vapes, Mods &amp; Disposable Kits\",\"description\":\"Shop frivape, your premier online vape shop for authentic mods, disposable vapes, and premium e-liquids. Direct from Shenzhen with fast Europe local shipping. High quality at wholesale prices.\",\"publisher\":{\"@id\":\"https:\/\/frivape.com\/#organization\"},\"potentialAction\":[{\"@type\":\"SearchAction\",\"target\":{\"@type\":\"EntryPoint\",\"urlTemplate\":\"https:\/\/frivape.com\/?s={search_term_string}\"},\"query-input\":{\"@type\":\"PropertyValueSpecification\",\"valueRequired\":true,\"valueName\":\"search_term_string\"}}],\"inLanguage\":\"fr-FR\"},{\"@type\":\"Organization\",\"@id\":\"https:\/\/frivape.com\/#organization\",\"name\":\"frivape | Online Vape Store - Best Vapes, Mods &amp; Disposable Kits\",\"url\":\"https:\/\/frivape.com\/\",\"logo\":{\"@type\":\"ImageObject\",\"inLanguage\":\"fr-FR\",\"@id\":\"https:\/\/frivape.com\/#\/schema\/logo\/image\/\",\"url\":\"https:\/\/frivape.com\/wp-content\/uploads\/2026\/03\/cropped-frivape-site-title-icon.png\",\"contentUrl\":\"https:\/\/frivape.com\/wp-content\/uploads\/2026\/03\/cropped-frivape-site-title-icon.png\",\"width\":470,\"height\":110,\"caption\":\"frivape | Online Vape Store - Best Vapes, Mods &amp; Disposable Kits\"},\"image\":{\"@id\":\"https:\/\/frivape.com\/#\/schema\/logo\/image\/\"}}]}<\/script>\n<!-- \/ Yoast SEO plugin. -->","yoast_head_json":{"title":"VOZOL RAVE 40000 Puffs Vape jetable - 270\u00b0 LED &amp; S.I.L.C Tech","description":"D\u00e9couvrez la VOZOL RAVE 40000. 40k bouff\u00e9es, r\u00e9servoir de 20mL, S.I.L.C Tech, et un mode party LED 270\u00b0. Charge 80% en 20 minutes. 24 saveurs de fruits disponibles.","robots":{"index":"noindex","follow":"follow","max-snippet":"max-snippet:-1","max-image-preview":"max-image-preview:large","max-video-preview":"max-video-preview:-1"},"og_locale":"fr_FR","og_type":"article","og_title":"VOZOL RAVE 40000 Puffs Disposable Vape - 270\u00b0 LED & S.I.L.C Tech","og_description":"Experience VOZOL RAVE 40000. Features 40k puffs, 20mL tank, S.I.L.C Tech, and a 270\u00b0 LED party mode. 80% charge in 20 mins. 24 fruit flavors available.","og_url":"https:\/\/frivape.com\/fr\/product\/vozol-rave-40000-puffs-led-display-disposable-vape\/","og_site_name":"frivape | Online Vape Store - Best Vapes, Mods &amp; Disposable Kits","article_modified_time":"2026-04-11T17:46:00+00:00","og_image":[{"width":1200,"height":1200,"url":"https:\/\/frivape.com\/wp-content\/uploads\/2026\/04\/vozol-rave-40000-Blue-Razz-Ice-3.webp","type":"image\/webp"}],"twitter_card":"summary_large_image","twitter_misc":{"Dur\u00e9e de lecture estim\u00e9e":"3 minutes"},"schema":{"@context":"https:\/\/schema.org","@graph":[{"@type":"WebPage","@id":"https:\/\/frivape.com\/product\/vozol-rave-40000-puffs-led-display-disposable-vape\/","url":"https:\/\/frivape.com\/product\/vozol-rave-40000-puffs-led-display-disposable-vape\/","name":"VOZOL RAVE 40000 Puffs Vape jetable - 270\u00b0 LED &amp; S.I.L.C Tech","isPartOf":{"@id":"https:\/\/frivape.com\/#website"},"primaryImageOfPage":{"@id":"https:\/\/frivape.com\/product\/vozol-rave-40000-puffs-led-display-disposable-vape\/#primaryimage"},"image":{"@id":"https:\/\/frivape.com\/product\/vozol-rave-40000-puffs-led-display-disposable-vape\/#primaryimage"},"thumbnailUrl":"https:\/\/frivape.com\/wp-content\/uploads\/2026\/04\/vozol-rave-40000-Blue-Razz-Ice-3.webp","datePublished":"2026-04-11T17:16:33+00:00","dateModified":"2026-04-11T17:46:00+00:00","description":"D\u00e9couvrez la VOZOL RAVE 40000. 40k bouff\u00e9es, r\u00e9servoir de 20mL, S.I.L.C Tech, et un mode party LED 270\u00b0. Charge 80% en 20 minutes. 24 saveurs de fruits disponibles.","breadcrumb":{"@id":"https:\/\/frivape.com\/product\/vozol-rave-40000-puffs-led-display-disposable-vape\/#breadcrumb"},"inLanguage":"fr-FR","potentialAction":[{"@type":"ReadAction","target":["https:\/\/frivape.com\/product\/vozol-rave-40000-puffs-led-display-disposable-vape\/"]}]},{"@type":"ImageObject","inLanguage":"fr-FR","@id":"https:\/\/frivape.com\/product\/vozol-rave-40000-puffs-led-display-disposable-vape\/#primaryimage","url":"https:\/\/frivape.com\/wp-content\/uploads\/2026\/04\/vozol-rave-40000-Blue-Razz-Ice-3.webp","contentUrl":"https:\/\/frivape.com\/wp-content\/uploads\/2026\/04\/vozol-rave-40000-Blue-Razz-Ice-3.webp","width":1200,"height":1200},{"@type":"BreadcrumbList","@id":"https:\/\/frivape.com\/product\/vozol-rave-40000-puffs-led-display-disposable-vape\/#breadcrumb","itemListElement":[{"@type":"ListItem","position":1,"name":"\u9996\u9875","item":"https:\/\/frivape.com\/"},{"@type":"ListItem","position":2,"name":"Shop","item":"https:\/\/frivape.com\/shop\/"},{"@type":"ListItem","position":3,"name":"VOZOL RAVE 40000 Puffs Disposable Vape | 270\u00b0 LED Light Show | S.I.L.C Tech"}]},{"@type":"WebSite","@id":"https:\/\/frivape.com\/#website","url":"https:\/\/frivape.com\/","name":"frivape | Online Vape Store - Best Vapes, Mods &amp; Disposable Kits","description":"Le magasin frivape, votre premier magasin de vape en ligne pour des mods authentiques, des vapes jetables et des e-liquides de premi\u00e8re qualit\u00e9. Directement de Shenzhen avec une livraison rapide en Europe. Haute qualit\u00e9 \u00e0 des prix de gros.","publisher":{"@id":"https:\/\/frivape.com\/#organization"},"potentialAction":[{"@type":"SearchAction","target":{"@type":"EntryPoint","urlTemplate":"https:\/\/frivape.com\/?s={search_term_string}"},"query-input":{"@type":"PropertyValueSpecification","valueRequired":true,"valueName":"search_term_string"}}],"inLanguage":"fr-FR"},{"@type":"Organization","@id":"https:\/\/frivape.com\/#organization","name":"frivape | Online Vape Store - Best Vapes, Mods &amp; Disposable Kits","url":"https:\/\/frivape.com\/","logo":{"@type":"ImageObject","inLanguage":"fr-FR","@id":"https:\/\/frivape.com\/#\/schema\/logo\/image\/","url":"https:\/\/frivape.com\/wp-content\/uploads\/2026\/03\/cropped-frivape-site-title-icon.png","contentUrl":"https:\/\/frivape.com\/wp-content\/uploads\/2026\/03\/cropped-frivape-site-title-icon.png","width":470,"height":110,"caption":"frivape | Online Vape Store - Best Vapes, Mods &amp; Disposable Kits"},"image":{"@id":"https:\/\/frivape.com\/#\/schema\/logo\/image\/"}}]}},"tiered_pricing_type":"fixed","tiered_pricing_fixed_rules":{"10":12.99,"50":11.99,"100":10.99,"200":9.99},"tiered_pricing_product_settings":{"layout":"default","base_unit_name":{"singular":null,"plural":null},"default_variation":{}},"tiered_pricing_minimum_quantity":null,"tiered_pricing_roles_data":[],"tiered_pricing_percentage_rules":[],"_links":{"self":[{"href":"https:\/\/frivape.com\/fr\/wp-json\/wp\/v2\/product\/8594","targetHints":{"allow":["GET"]}}],"collection":[{"href":"https:\/\/frivape.com\/fr\/wp-json\/wp\/v2\/product"}],"about":[{"href":"https:\/\/frivape.com\/fr\/wp-json\/wp\/v2\/types\/product"}],"replies":[{"embeddable":true,"href":"https:\/\/frivape.com\/fr\/wp-json\/wp\/v2\/comments?post=8594"}],"wp:featuredmedia":[{"embeddable":true,"href":"https:\/\/frivape.com\/fr\/wp-json\/wp\/v2\/media\/8619"}],"wp:attachment":[{"href":"https:\/\/frivape.com\/fr\/wp-json\/wp\/v2\/media?parent=8594"}],"wp:term":[{"taxonomy":"product_brand","embeddable":true,"href":"https:\/\/frivape.com\/fr\/wp-json\/wp\/v2\/product_brand?post=8594"},{"taxonomy":"product_cat","embeddable":true,"href":"https:\/\/frivape.com\/fr\/wp-json\/wp\/v2\/product_cat?post=8594"},{"taxonomy":"product_tag","embeddable":true,"href":"https:\/\/frivape.com\/fr\/wp-json\/wp\/v2\/product_tag?post=8594"}],"curies":[{"name":"wp","href":"https:\/\/api.w.org\/{rel}","templated":true}]}}