{"id":8946,"date":"2026-04-12T15:35:49","date_gmt":"2026-04-12T07:35:49","guid":{"rendered":"https:\/\/frivape.com\/?post_type=product&#038;p=8946"},"modified":"2026-04-12T15:43:25","modified_gmt":"2026-04-12T07:43:25","slug":"jnr-falcon-x-18000-puffs-digital-display-vape","status":"publish","type":"product","link":"https:\/\/frivape.com\/fr\/product\/jnr-falcon-x-18000-puffs-digital-display-vape\/","title":{"rendered":"JNR Falcon X 18000 Puffs Vape jetable | 0.6\u03a9 Dual Mesh &amp; Digital Display | 24mL"},"content":{"rendered":"<h2 class=\"wp-block-heading has-text-align-center\"><strong>L'ing\u00e9nierie derri\u00e8re le Falcon X 18000 de la JNR<\/strong><\/h2>\n\n\n\n<p>Le <strong>JNR Falcon X 18000<\/strong> n'est pas seulement un produit jetable, c'est une station de vapotage con\u00e7ue avec pr\u00e9cision. Anim\u00e9 par la vision de <strong>\u201cFiabilit\u00e9 ultime\u201d.\u201d<\/strong> JNR a \u00e9quip\u00e9 ce mod\u00e8le d'un <strong>Contr\u00f4le double c\u0153ur<\/strong> qui alterne entre ses bobines en maille. Cela permet d'\u00e9viter la d\u00e9gradation des saveurs au fil du temps et de garantir que la derni\u00e8re bouff\u00e9e est aussi vibrante que la premi\u00e8re. Avec un <strong>R\u00e9servoir XL 24mL<\/strong>, En outre, il offre l'un des ratios e-liquide\/bouff\u00e9e les plus \u00e9lev\u00e9s de l'industrie, ce qui en fait le choix id\u00e9al pour les utilisateurs fr\u00e9quents et les grossistes.<\/p>\n\n\n\n<h3 class=\"wp-block-heading\"><strong>0.6\u03a9 Dual Mesh : Une v\u00e9ritable exp\u00e9rience Sub-Ohm<\/strong><\/h3>\n\n\n\n<p>Contrairement aux bobines standard de 1,2\u03a9 que l'on trouve dans les produits jetables de base, le Falcon X utilise une bobine de 1,2\u03a9. <strong>faible r\u00e9sistance 0,6\u03a9 Dual Mesh<\/strong> de l'installation. Cela permet d'obtenir une puissance \u00e9quivalente en watts plus \u00e9lev\u00e9e, ce qui se traduit par <strong>Nuages de vapeur denses<\/strong> et un profil \u201cBold Flavor\u201d typique des kits de modulation co\u00fbteux. Que vous utilisiez le <strong>2% (20mg\/mL)<\/strong> ou <strong>5% (50mg\/mL)<\/strong> Gr\u00e2ce aux options de sel de nicotine, l'effet de gorge reste doux et satisfaisant gr\u00e2ce \u00e0 la technologie d'atomisation avanc\u00e9e.<\/p>\n\n\n\n<h3 class=\"wp-block-heading\"><strong>Visibilit\u00e9 totale gr\u00e2ce \u00e0 l'affichage LED intelligent<\/strong><\/h3>\n\n\n\n<p>Ne vous laissez jamais surprendre par une batterie \u00e0 plat ou un r\u00e9servoir vide. Les <strong>JNR Falcon X<\/strong> est dot\u00e9 d'un \u00e9cran cristallin <strong>Tableau de bord num\u00e9rique \u00e0 LED<\/strong>. Cette interface de haute technologie fournit un compte \u00e0 rebours en temps r\u00e9el des ressources restantes. Associ\u00e9e \u00e0 l'interface <strong>Batterie rechargeable de 950mAh<\/strong>, Le Falcon X, qui se recharge compl\u00e8tement en 45 \u00e0 60 minutes environ via Type-C, offre une exp\u00e9rience de vapotage \u201csans anxi\u00e9t\u00e9\u201d.<\/p>\n\n\n\n<h3 class=\"wp-block-heading\"><strong>Collection de plus de 50 ar\u00f4mes de premi\u00e8re qualit\u00e9<\/strong><\/h3>\n\n\n\n<p>D\u00e9couvrez un monde de fruits exotiques, de glaces rafra\u00eechissantes et de m\u00e9langes signature de JNR :<\/p>\n\n\n\n<ol start=\"1\" class=\"wp-block-list\">\n<li><strong>Glace Blue Razz<\/strong> | 02. <strong>Myrtille Framboise<\/strong> | 03. <strong>Menthe fra\u00eeche<\/strong> | 04. <strong>Glace au kiwi et \u00e0 la past\u00e8que<\/strong> | 05. <strong>Glace de raisin<\/strong> | 06. <strong>Fraise Kiwi<\/strong> | 07. <strong>Glace \u00e0 la fraise et \u00e0 la past\u00e8que<\/strong> | 08. <strong>Glace \u00e0 la past\u00e8que<\/strong> | 09. <strong>Glace \u00e0 la fraise<\/strong> | 10. <strong>Baies m\u00e9lang\u00e9es<\/strong> | 11. <strong>Past\u00e8que Bubblegum<\/strong> | 12. <strong>Glace \u00e0 la pomme acide<\/strong> | 13. <strong>Glace \u00e0 la p\u00eache<\/strong> | 14. <strong>Ours en gomme<\/strong> | 15. <strong>\u00c9clat de baies<\/strong> | 16. <strong>Myrtille Framboise Cerise<\/strong> | 17. <strong>Baie de cerise<\/strong> | 18. <strong>Fraise et banane<\/strong> | 19. <strong>Citron et citron vert<\/strong> | 20. <strong>Myrtille Kiwi<\/strong> | 21. <strong>Fruit de la passion Kiwi<\/strong> | 22. <strong>P\u00eache blanche Razz<\/strong> | 23. <strong>Bleu Razz Cherry<\/strong> | 24. <strong>Gel \u00e0 la cerise et \u00e0 la past\u00e8que<\/strong> | 25. <strong>Cola \u00e0 la cerise<\/strong> | 26. <strong>Glace \u00e0 la p\u00eache d'\u00e9t\u00e9<\/strong> | 27. <strong>Myrtille Cerise Canneberge<\/strong> | 28. <strong>P\u00eache Mangue Ananas<\/strong> | 29. <strong>P\u00eache Baies<\/strong> | 30. <strong>Banane glac\u00e9e<\/strong> | 31. <strong>Skittles<\/strong> | 32. <strong>Triple melon<\/strong> | 33. <strong>M. Bleu<\/strong> | 34. <strong>Glace \u00e0 la cerise<\/strong> | 35. <strong>Past\u00e8que Lychee<\/strong> | 36. <strong>Glace noire<\/strong> | 37. <strong>Amour 66<\/strong> | 38. <strong>Hawa\u00ef<\/strong> | 39. <strong>Mi Amor<\/strong> | 40. <strong>Lady Killa<\/strong> | 41. <strong>Framboise Rhubarbe<\/strong> | 42. <strong>Limonade \u00e0 la p\u00eache et \u00e0 la cerise<\/strong> | 43. <strong>Explosion de cerises bleues<\/strong> | 44. <strong>Pomme Poire<\/strong> | 45. <strong>Fruits tropicaux<\/strong> | 46. <strong>JNR Cerise p\u00e9tillante<\/strong> | 47. <strong>JNR Watermelon Rooty Fizz<\/strong> | 48. <strong>Mousseux de cacao bleu JNR<\/strong> | 49. <strong>JNR Baies de fruits acidul\u00e9s<\/strong> | 50. <strong>JNR Framboise Rouge Gumdrop<\/strong><\/li>\n<\/ol>\n\n\n\n<h3 class=\"wp-block-heading\"><strong>Foire aux questions (FAQ)<\/strong><\/h3>\n\n\n\n<ul class=\"wp-block-list\">\n<li><strong>Quelle est la dur\u00e9e de vie typique d'un dispositif JNR 18k ?<\/strong> Avec <strong>18 000 bouff\u00e9es<\/strong> et un <strong>R\u00e9servoir de 24mL<\/strong>, Un seul appareil dure de 3 \u00e0 5 semaines pour un utilisateur moyen.<\/li>\n\n\n\n<li><strong>Quel est l'avantage de la bobine de 0,6\u03a9 ?<\/strong> Il offre une exp\u00e9rience \u201cSub-Ohm\u201d, ce qui signifie plus de vapeur et une saveur plus intense. Il est id\u00e9al pour les utilisateurs qui s'\u00e9loignent des narguil\u00e9s traditionnels.<\/li>\n\n\n\n<li><strong>Le d\u00e9bit d'air est-il vraiment r\u00e9glable ?<\/strong> Oui. La base de l'appareil est \u00e9quip\u00e9e d'une bascule qui vous permet de passer d'un mode de fonctionnement serr\u00e9 \u00e0 un mode de fonctionnement plus souple. <strong>MTL (bouche \u00e0 poumon)<\/strong> et d'une plus grande ouverture. <strong>RDL (Restricted Direct Lung)<\/strong> dessin.<\/li>\n\n\n\n<li><strong>Y a-t-il des taxes cach\u00e9es pour les envois dans l'UE ?<\/strong> Non. Tous nos envois en provenance de la <strong>Entrep\u00f4t de l'UE<\/strong> utiliser <strong>DDP (Delivered Duty Paid) (livr\u00e9s droits acquitt\u00e9s)<\/strong> conditions. Nous nous occupons de tous les frais de douane et de toutes les taxes.<\/li>\n<\/ul>\n\n\n\n<p><strong>AVERTISSEMENT SANITAIRE :<\/strong> Ce produit contient de la nicotine. La nicotine est un produit chimique qui cr\u00e9e une d\u00e9pendance.<\/p>\n\n\n\n<p><strong>Restriction d'\u00e2ge :<\/strong> Ce produit est destin\u00e9 aux adultes uniquement (18+). Tenir hors de port\u00e9e des enfants et des animaux domestiques.<\/p>","protected":false},"excerpt":{"rendered":"<p data-path-to-node=\"10\">Entrez dans l'avenir du vapotage avec le <b data-path-to-node=\"10\" data-index-in-node=\"40\">JNR Falcon X 18k<\/b>, o\u00f9 la surveillance de haute technologie rencontre la performance brute.<\/p>\n<ul data-path-to-node=\"11\">\n<li>\n<p data-path-to-node=\"11,0,0\"><b data-path-to-node=\"11,0,0\" data-index-in-node=\"0\">Nombre de bouff\u00e9es extr\u00eame :<\/b> Jusqu'\u00e0 18 000 bouff\u00e9es gr\u00e2ce \u00e0 un syst\u00e8me dual-core ultra-efficace.<\/p>\n<\/li>\n<li>\n<p data-path-to-node=\"11,1,0\"><b data-path-to-node=\"11,1,0\" data-index-in-node=\"0\">Performance Sub-Ohm :<\/b> La bobine Dual Mesh Coil de 0,6\u03a9 assure une chauffe rapide et des \u00e9clats de nuages massifs.<\/p>\n<\/li>\n<li>\n<p data-path-to-node=\"11,2,0\"><b data-path-to-node=\"11,2,0\" data-index-in-node=\"0\">Surveillance intelligente :<\/b> L'\u00e9cran LED haute d\u00e9finition affiche le pourcentage de la batterie et l'\u00e9tat de l'\u00e9nergie.<\/p>\n<\/li>\n<li>\n<p data-path-to-node=\"11,3,0\"><b data-path-to-node=\"11,3,0\" data-index-in-node=\"0\">Flux d'air personnalis\u00e9 :<\/b> Bascule sur le bas pour un tirage MTL serr\u00e9 ou un tirage RDL avec beaucoup de nuages.<\/p>\n<\/li>\n<li>\n<p data-path-to-node=\"11,4,0\"><b data-path-to-node=\"11,4,0\" data-index-in-node=\"0\">R\u00e9cup\u00e9ration rapide :<\/b> Batterie cobalt 950mAh avec charge rapide Type-C (20-25 minutes pour 80%).<\/p>\n<\/li>\n<li>\n<p data-path-to-node=\"11,5,0\"><b data-path-to-node=\"11,5,0\" data-index-in-node=\"0\">L'avantage B2B :<\/b> Exp\u00e9di\u00e9 \u00e0 partir de <b data-path-to-node=\"11,5,0\" data-index-in-node=\"28\">Berlin\/Allemagne Entrep\u00f4t<\/b> avec une garantie de d\u00e9douanement de 100%.<\/p>\n<\/li>\n<\/ul>","protected":false},"featured_media":8947,"comment_status":"open","ping_status":"closed","template":"","meta":[],"product_brand":[65],"product_cat":[88,89,96,87,83],"product_tag":[75,76,93,77,79],"class_list":{"0":"post-8946","1":"product","2":"type-product","3":"status-publish","4":"has-post-thumbnail","6":"product_brand-jnr","7":"product_cat-beverage-soda-vapes","8":"product_cat-candy-sweet-vapes","9":"product_cat-dual-mesh-vapes","10":"product_cat-iced-fruit-vapes","11":"product_cat-pro-puffs-vapes","12":"product_tag-eu-warehouse","13":"product_tag-mtl-vaping","14":"product_tag-rdl-vaping","15":"product_tag-recharge","16":"product_tag-smart-screen-display","18":"first","19":"instock","20":"sale","21":"shipping-taxable","22":"purchasable","23":"product-type-variable"},"yoast_head":"<!-- This site is optimized with the Yoast SEO plugin v27.1.1 - https:\/\/yoast.com\/product\/yoast-seo-wordpress\/ -->\n<title>JNR Falcon X 18000 Puffs Vape - 0.6\u03a9 Dual Mesh &amp; LED Display<\/title>\n<meta name=\"description\" content=\"Explore the JNR Falcon X 18000. Features 18k puffs, 24mL reservoir, 0.6\u03a9 Dual Mesh coil, and Smart LED screen. Wholesale discounts &amp; fast EU shipping.\" \/>\n<meta name=\"robots\" content=\"noindex, follow, max-snippet:-1, max-image-preview:large, max-video-preview:-1\" \/>\n<meta property=\"og:locale\" content=\"fr_FR\" \/>\n<meta property=\"og:type\" content=\"article\" \/>\n<meta property=\"og:title\" content=\"JNR Falcon X 18000 Puffs Vape - 0.6\u03a9 Dual Mesh &amp; LED Display\" \/>\n<meta property=\"og:description\" content=\"Explore the JNR Falcon X 18000. Features 18k puffs, 24mL reservoir, 0.6\u03a9 Dual Mesh coil, and Smart LED screen. Wholesale discounts &amp; fast EU shipping.\" \/>\n<meta property=\"og:url\" content=\"https:\/\/frivape.com\/fr\/product\/jnr-falcon-x-18000-puffs-digital-display-vape\/\" \/>\n<meta property=\"og:site_name\" content=\"frivape | Online Vape Store - Best Vapes, Mods &amp; Disposable Kits\" \/>\n<meta property=\"article:modified_time\" content=\"2026-04-12T07:43:25+00:00\" \/>\n<meta property=\"og:image\" content=\"https:\/\/frivape.com\/wp-content\/uploads\/2026\/04\/jnr-falon-x-18000-puffs-24hvape-jnr-falon-x-18000-puffs-sleek-vape-jnr-falon-x-18000-puffs-home-page-picture.jpg.webp\" \/>\n\t<meta property=\"og:image:width\" content=\"1000\" \/>\n\t<meta property=\"og:image:height\" content=\"1000\" \/>\n\t<meta property=\"og:image:type\" content=\"image\/webp\" \/>\n<meta name=\"twitter:card\" content=\"summary_large_image\" \/>\n<meta name=\"twitter:label1\" content=\"Dur\u00e9e de lecture estim\u00e9e\" \/>\n\t<meta name=\"twitter:data1\" content=\"3 minutes\" \/>\n<script type=\"application\/ld+json\" class=\"yoast-schema-graph\">{\"@context\":\"https:\/\/schema.org\",\"@graph\":[{\"@type\":\"WebPage\",\"@id\":\"https:\/\/frivape.com\/product\/jnr-falcon-x-18000-puffs-digital-display-vape\/\",\"url\":\"https:\/\/frivape.com\/product\/jnr-falcon-x-18000-puffs-digital-display-vape\/\",\"name\":\"JNR Falcon X 18000 Puffs Vape - 0.6\u03a9 Dual Mesh & LED Display\",\"isPartOf\":{\"@id\":\"https:\/\/frivape.com\/#website\"},\"primaryImageOfPage\":{\"@id\":\"https:\/\/frivape.com\/product\/jnr-falcon-x-18000-puffs-digital-display-vape\/#primaryimage\"},\"image\":{\"@id\":\"https:\/\/frivape.com\/product\/jnr-falcon-x-18000-puffs-digital-display-vape\/#primaryimage\"},\"thumbnailUrl\":\"https:\/\/frivape.com\/wp-content\/uploads\/2026\/04\/jnr-falon-x-18000-puffs-24hvape-jnr-falon-x-18000-puffs-sleek-vape-jnr-falon-x-18000-puffs-home-page-picture.jpg.webp\",\"datePublished\":\"2026-04-12T07:35:49+00:00\",\"dateModified\":\"2026-04-12T07:43:25+00:00\",\"description\":\"Explore the JNR Falcon X 18000. Features 18k puffs, 24mL reservoir, 0.6\u03a9 Dual Mesh coil, and Smart LED screen. Wholesale discounts & fast EU shipping.\",\"breadcrumb\":{\"@id\":\"https:\/\/frivape.com\/product\/jnr-falcon-x-18000-puffs-digital-display-vape\/#breadcrumb\"},\"inLanguage\":\"fr-FR\",\"potentialAction\":[{\"@type\":\"ReadAction\",\"target\":[\"https:\/\/frivape.com\/product\/jnr-falcon-x-18000-puffs-digital-display-vape\/\"]}]},{\"@type\":\"ImageObject\",\"inLanguage\":\"fr-FR\",\"@id\":\"https:\/\/frivape.com\/product\/jnr-falcon-x-18000-puffs-digital-display-vape\/#primaryimage\",\"url\":\"https:\/\/frivape.com\/wp-content\/uploads\/2026\/04\/jnr-falon-x-18000-puffs-24hvape-jnr-falon-x-18000-puffs-sleek-vape-jnr-falon-x-18000-puffs-home-page-picture.jpg.webp\",\"contentUrl\":\"https:\/\/frivape.com\/wp-content\/uploads\/2026\/04\/jnr-falon-x-18000-puffs-24hvape-jnr-falon-x-18000-puffs-sleek-vape-jnr-falon-x-18000-puffs-home-page-picture.jpg.webp\",\"width\":1000,\"height\":1000},{\"@type\":\"BreadcrumbList\",\"@id\":\"https:\/\/frivape.com\/product\/jnr-falcon-x-18000-puffs-digital-display-vape\/#breadcrumb\",\"itemListElement\":[{\"@type\":\"ListItem\",\"position\":1,\"name\":\"\u9996\u9875\",\"item\":\"https:\/\/frivape.com\/\"},{\"@type\":\"ListItem\",\"position\":2,\"name\":\"Shop\",\"item\":\"https:\/\/frivape.com\/shop\/\"},{\"@type\":\"ListItem\",\"position\":3,\"name\":\"JNR Falcon X 18000 Puffs Disposable Vape | 0.6\u03a9 Dual Mesh &amp; Digital Display | 24mL\"}]},{\"@type\":\"WebSite\",\"@id\":\"https:\/\/frivape.com\/#website\",\"url\":\"https:\/\/frivape.com\/\",\"name\":\"frivape | Online Vape Store - Best Vapes, Mods &amp; Disposable Kits\",\"description\":\"Shop frivape, your premier online vape shop for authentic mods, disposable vapes, and premium e-liquids. Direct from Shenzhen with fast Europe local shipping. High quality at wholesale prices.\",\"publisher\":{\"@id\":\"https:\/\/frivape.com\/#organization\"},\"potentialAction\":[{\"@type\":\"SearchAction\",\"target\":{\"@type\":\"EntryPoint\",\"urlTemplate\":\"https:\/\/frivape.com\/?s={search_term_string}\"},\"query-input\":{\"@type\":\"PropertyValueSpecification\",\"valueRequired\":true,\"valueName\":\"search_term_string\"}}],\"inLanguage\":\"fr-FR\"},{\"@type\":\"Organization\",\"@id\":\"https:\/\/frivape.com\/#organization\",\"name\":\"frivape | Online Vape Store - Best Vapes, Mods &amp; Disposable Kits\",\"url\":\"https:\/\/frivape.com\/\",\"logo\":{\"@type\":\"ImageObject\",\"inLanguage\":\"fr-FR\",\"@id\":\"https:\/\/frivape.com\/#\/schema\/logo\/image\/\",\"url\":\"https:\/\/frivape.com\/wp-content\/uploads\/2026\/03\/cropped-frivape-site-title-icon.png\",\"contentUrl\":\"https:\/\/frivape.com\/wp-content\/uploads\/2026\/03\/cropped-frivape-site-title-icon.png\",\"width\":470,\"height\":110,\"caption\":\"frivape | Online Vape Store - Best Vapes, Mods &amp; Disposable Kits\"},\"image\":{\"@id\":\"https:\/\/frivape.com\/#\/schema\/logo\/image\/\"}}]}<\/script>\n<!-- \/ Yoast SEO plugin. -->","yoast_head_json":{"title":"JNR Falcon X 18000 Puffs Vape - 0.6\u03a9 Dual Mesh &amp; LED Display","description":"D\u00e9couvrez la JNR Falcon X 18000. Comprend 18k bouff\u00e9es, un r\u00e9servoir de 24mL, une bobine Dual Mesh de 0,6\u03a9 et un \u00e9cran LED intelligent. Prix de gros et livraison rapide dans l'UE.","robots":{"index":"noindex","follow":"follow","max-snippet":"max-snippet:-1","max-image-preview":"max-image-preview:large","max-video-preview":"max-video-preview:-1"},"og_locale":"fr_FR","og_type":"article","og_title":"JNR Falcon X 18000 Puffs Vape - 0.6\u03a9 Dual Mesh & LED Display","og_description":"Explore the JNR Falcon X 18000. Features 18k puffs, 24mL reservoir, 0.6\u03a9 Dual Mesh coil, and Smart LED screen. Wholesale discounts & fast EU shipping.","og_url":"https:\/\/frivape.com\/fr\/product\/jnr-falcon-x-18000-puffs-digital-display-vape\/","og_site_name":"frivape | Online Vape Store - Best Vapes, Mods &amp; Disposable Kits","article_modified_time":"2026-04-12T07:43:25+00:00","og_image":[{"width":1000,"height":1000,"url":"https:\/\/frivape.com\/wp-content\/uploads\/2026\/04\/jnr-falon-x-18000-puffs-24hvape-jnr-falon-x-18000-puffs-sleek-vape-jnr-falon-x-18000-puffs-home-page-picture.jpg.webp","type":"image\/webp"}],"twitter_card":"summary_large_image","twitter_misc":{"Dur\u00e9e de lecture estim\u00e9e":"3 minutes"},"schema":{"@context":"https:\/\/schema.org","@graph":[{"@type":"WebPage","@id":"https:\/\/frivape.com\/product\/jnr-falcon-x-18000-puffs-digital-display-vape\/","url":"https:\/\/frivape.com\/product\/jnr-falcon-x-18000-puffs-digital-display-vape\/","name":"JNR Falcon X 18000 Puffs Vape - 0.6\u03a9 Dual Mesh &amp; LED Display","isPartOf":{"@id":"https:\/\/frivape.com\/#website"},"primaryImageOfPage":{"@id":"https:\/\/frivape.com\/product\/jnr-falcon-x-18000-puffs-digital-display-vape\/#primaryimage"},"image":{"@id":"https:\/\/frivape.com\/product\/jnr-falcon-x-18000-puffs-digital-display-vape\/#primaryimage"},"thumbnailUrl":"https:\/\/frivape.com\/wp-content\/uploads\/2026\/04\/jnr-falon-x-18000-puffs-24hvape-jnr-falon-x-18000-puffs-sleek-vape-jnr-falon-x-18000-puffs-home-page-picture.jpg.webp","datePublished":"2026-04-12T07:35:49+00:00","dateModified":"2026-04-12T07:43:25+00:00","description":"D\u00e9couvrez la JNR Falcon X 18000. Comprend 18k bouff\u00e9es, un r\u00e9servoir de 24mL, une bobine Dual Mesh de 0,6\u03a9 et un \u00e9cran LED intelligent. Prix de gros et livraison rapide dans l'UE.","breadcrumb":{"@id":"https:\/\/frivape.com\/product\/jnr-falcon-x-18000-puffs-digital-display-vape\/#breadcrumb"},"inLanguage":"fr-FR","potentialAction":[{"@type":"ReadAction","target":["https:\/\/frivape.com\/product\/jnr-falcon-x-18000-puffs-digital-display-vape\/"]}]},{"@type":"ImageObject","inLanguage":"fr-FR","@id":"https:\/\/frivape.com\/product\/jnr-falcon-x-18000-puffs-digital-display-vape\/#primaryimage","url":"https:\/\/frivape.com\/wp-content\/uploads\/2026\/04\/jnr-falon-x-18000-puffs-24hvape-jnr-falon-x-18000-puffs-sleek-vape-jnr-falon-x-18000-puffs-home-page-picture.jpg.webp","contentUrl":"https:\/\/frivape.com\/wp-content\/uploads\/2026\/04\/jnr-falon-x-18000-puffs-24hvape-jnr-falon-x-18000-puffs-sleek-vape-jnr-falon-x-18000-puffs-home-page-picture.jpg.webp","width":1000,"height":1000},{"@type":"BreadcrumbList","@id":"https:\/\/frivape.com\/product\/jnr-falcon-x-18000-puffs-digital-display-vape\/#breadcrumb","itemListElement":[{"@type":"ListItem","position":1,"name":"\u9996\u9875","item":"https:\/\/frivape.com\/"},{"@type":"ListItem","position":2,"name":"Shop","item":"https:\/\/frivape.com\/shop\/"},{"@type":"ListItem","position":3,"name":"JNR Falcon X 18000 Puffs Disposable Vape | 0.6\u03a9 Dual Mesh &amp; Digital Display | 24mL"}]},{"@type":"WebSite","@id":"https:\/\/frivape.com\/#website","url":"https:\/\/frivape.com\/","name":"frivape | Online Vape Store - Best Vapes, Mods &amp; Disposable Kits","description":"Le magasin frivape, votre premier magasin de vape en ligne pour des mods authentiques, des vapes jetables et des e-liquides de premi\u00e8re qualit\u00e9. Directement de Shenzhen avec une livraison rapide en Europe. Haute qualit\u00e9 \u00e0 des prix de gros.","publisher":{"@id":"https:\/\/frivape.com\/#organization"},"potentialAction":[{"@type":"SearchAction","target":{"@type":"EntryPoint","urlTemplate":"https:\/\/frivape.com\/?s={search_term_string}"},"query-input":{"@type":"PropertyValueSpecification","valueRequired":true,"valueName":"search_term_string"}}],"inLanguage":"fr-FR"},{"@type":"Organization","@id":"https:\/\/frivape.com\/#organization","name":"frivape | Online Vape Store - Best Vapes, Mods &amp; Disposable Kits","url":"https:\/\/frivape.com\/","logo":{"@type":"ImageObject","inLanguage":"fr-FR","@id":"https:\/\/frivape.com\/#\/schema\/logo\/image\/","url":"https:\/\/frivape.com\/wp-content\/uploads\/2026\/03\/cropped-frivape-site-title-icon.png","contentUrl":"https:\/\/frivape.com\/wp-content\/uploads\/2026\/03\/cropped-frivape-site-title-icon.png","width":470,"height":110,"caption":"frivape | Online Vape Store - Best Vapes, Mods &amp; Disposable Kits"},"image":{"@id":"https:\/\/frivape.com\/#\/schema\/logo\/image\/"}}]}},"tiered_pricing_type":"fixed","tiered_pricing_fixed_rules":{"10":12.39,"50":11.59,"100":10.79,"200":9.99},"tiered_pricing_product_settings":{"layout":"default","base_unit_name":{"singular":null,"plural":null},"default_variation":{}},"tiered_pricing_minimum_quantity":null,"tiered_pricing_roles_data":[],"tiered_pricing_percentage_rules":[],"_links":{"self":[{"href":"https:\/\/frivape.com\/fr\/wp-json\/wp\/v2\/product\/8946","targetHints":{"allow":["GET"]}}],"collection":[{"href":"https:\/\/frivape.com\/fr\/wp-json\/wp\/v2\/product"}],"about":[{"href":"https:\/\/frivape.com\/fr\/wp-json\/wp\/v2\/types\/product"}],"replies":[{"embeddable":true,"href":"https:\/\/frivape.com\/fr\/wp-json\/wp\/v2\/comments?post=8946"}],"wp:featuredmedia":[{"embeddable":true,"href":"https:\/\/frivape.com\/fr\/wp-json\/wp\/v2\/media\/8947"}],"wp:attachment":[{"href":"https:\/\/frivape.com\/fr\/wp-json\/wp\/v2\/media?parent=8946"}],"wp:term":[{"taxonomy":"product_brand","embeddable":true,"href":"https:\/\/frivape.com\/fr\/wp-json\/wp\/v2\/product_brand?post=8946"},{"taxonomy":"product_cat","embeddable":true,"href":"https:\/\/frivape.com\/fr\/wp-json\/wp\/v2\/product_cat?post=8946"},{"taxonomy":"product_tag","embeddable":true,"href":"https:\/\/frivape.com\/fr\/wp-json\/wp\/v2\/product_tag?post=8946"}],"curies":[{"name":"wp","href":"https:\/\/api.w.org\/{rel}","templated":true}]}}