{"id":9050,"date":"2026-04-12T16:00:01","date_gmt":"2026-04-12T08:00:01","guid":{"rendered":"https:\/\/frivape.com\/?post_type=product&#038;p=9050"},"modified":"2026-04-12T16:10:31","modified_gmt":"2026-04-12T08:10:31","slug":"jnr-alien-10000-puffs-rgb-jetable-vape-wholesale","status":"publish","type":"product","link":"https:\/\/frivape.com\/fr\/product\/jnr-alien-10000-puffs-rgb-jetable-vape-wholesale\/","title":{"rendered":"JNR Alien 10000 Puffs Vape jetable | RGB LED Lights &amp; 1.2\u03a9 Mesh Coil"},"content":{"rendered":"<h2 class=\"wp-block-heading has-text-align-center\"><strong>La mission de JNR : Puissance, performance, saveur audacieuse<\/strong><\/h2>\n\n\n\n<p>Au c\u0153ur de la <strong>JNR Alien 10000<\/strong> est un engagement au sommet de l'ing\u00e9nierie du vapotage. Produit au c\u0153ur de l'industrie (Shenzhen Origin), cet appareil incarne la mission de la marque JNR : fournir des produits de vapotage de haute qualit\u00e9. <strong>Puissance, performance et saveur audacieuse<\/strong> dans un format compact et sans entretien. L'Alien 10k est con\u00e7u pour \u00e9liminer les frustrations courantes des produits jetables standard, en offrant un service de qualit\u00e9 sup\u00e9rieure. <strong>Stylo E-cigarette rechargeable<\/strong> qui maintient une production maximale de la premi\u00e8re \u00e0 la derni\u00e8re bouff\u00e9e.<\/p>\n\n\n\n<h3 class=\"wp-block-heading\"><strong>Ing\u00e9nierie MTL de pr\u00e9cision et innovation RVB<\/strong><\/h3>\n\n\n\n<p>Pour ceux qui recherchent le <strong>Best 10000 Puff Vape 2026<\/strong>, L'Alien 10k se distingue par son <strong>1.2\u03a9 bobine en maille de haute qualit\u00e9<\/strong>. Contrairement aux coils de qualit\u00e9 inf\u00e9rieure, cette architecture en maille assure un chauffage uniforme, \u00e9vitant les coups br\u00fbl\u00e9s et maximisant la clart\u00e9 de chaque note d'e-liquide. Il s'agit d'un coil d\u00e9di\u00e9 \u00e0 l'e-liquide. <strong>Bouche-\u00e0-poumon (MTL)<\/strong> et fournit un effet de gorge parfait pour les vapoteurs en transition et les amateurs de saveurs. Le dispositif <strong>Lumi\u00e8res LED RVB<\/strong> fournissent un retour d'information visuel imm\u00e9diat, s'illuminant pendant l'utilisation et la charge, ajoutant une couche de sophistication high-tech \u00e0 votre routine quotidienne.<\/p>\n\n\n\n<h3 class=\"wp-block-heading\"><strong>Avantage pour les grossistes et fiabilit\u00e9 en vrac<\/strong><\/h3>\n\n\n\n<p>Nous sommes sp\u00e9cialis\u00e9s dans <strong>Vente en gros de vapes jetables de Chine<\/strong>, Le JNR Alien a \u00e9t\u00e9 con\u00e7u pour r\u00e9pondre aux normes de contr\u00f4le de qualit\u00e9 les plus strictes, ce qui garantit que chaque unit\u00e9 JNR Alien r\u00e9pond aux normes de contr\u00f4le de qualit\u00e9 les plus strictes. Pour les partenaires B2B, ce mod\u00e8le repr\u00e9sente un produit \u00e0 fort taux de rotation en raison de son design embl\u00e9matique et de sa batterie fiable de 850mAh. En utilisant notre <strong>Entrep\u00f4t de l'UE<\/strong>, Les d\u00e9taillants peuvent b\u00e9n\u00e9ficier d'une logistique localis\u00e9e, en contournant les obstacles douaniers complexes et en veillant \u00e0 ce que leurs stocks soient toujours pr\u00eats \u00e0 r\u00e9pondre \u00e0 la demande des consommateurs.<\/p>\n\n\n\n<h3 class=\"wp-block-heading\"><strong>Foire aux questions (FAQ)<\/strong><\/h3>\n\n\n\n<ul class=\"wp-block-list\">\n<li><strong>Q : Comment puis-je savoir si l'Alien JNR est vide ?<\/strong> R : Lorsque la production de vapeur diminue de mani\u00e8re significative ou que la saveur commence \u00e0 s'estomper, le r\u00e9servoir de 20 ml est \u00e9puis\u00e9. Les lumi\u00e8res RVB fournissent \u00e9galement des signaux d'\u00e9tat pendant l'utilisation.<\/li>\n\n\n\n<li><strong>Q : La batterie est-elle rechargeable ?<\/strong> R : Oui, il est dot\u00e9 d'un <strong>Batterie rechargeable de 850mAh<\/strong>. Utilisez un c\u00e2ble Type-C standard pour r\u00e9tablir l'alimentation en 45 \u00e0 60 minutes environ.<\/li>\n\n\n\n<li><strong>Q : Proposez-vous un service d'exp\u00e9dition DDP pour les achats en gros ?<\/strong> R : Oui, toutes les commandes de notre <strong>Entrep\u00f4t de l'UE<\/strong> et de nombreux itin\u00e9raires internationaux de vente en gros comprennent des options DDP (Delivered Duty Paid) afin de garantir l'absence de frais cach\u00e9s.<\/li>\n<\/ul>\n\n\n\n<h3 class=\"wp-block-heading\"><strong>Avertissement sanitaire<\/strong><\/h3>\n\n\n\n<p><strong>AVERTISSEMENT :<\/strong> Ce produit contient de la nicotine. La nicotine est un produit chimique qui cr\u00e9e une d\u00e9pendance. Ce produit est strictement r\u00e9serv\u00e9 aux adultes \u00e2g\u00e9s de <strong>21+<\/strong> (ou l'\u00e2ge l\u00e9gal pour fumer dans votre juridiction). Il ne convient pas aux femmes enceintes ou allaitantes, ni aux personnes souffrant de troubles cardiovasculaires ou respiratoires. Conservez cet appareil et tous les e-liquides hors de port\u00e9e des enfants et des animaux domestiques \u00e0 tout moment.<\/p>","protected":false},"excerpt":{"rendered":"<p data-path-to-node=\"8\">D\u00e9couvrez la fusion parfaite d'un design futuriste et d'une vapeur de qualit\u00e9 sup\u00e9rieure avec le <b data-path-to-node=\"8\" data-index-in-node=\"78\">JNR Alien 10k<\/b>.<\/p>\n<ul data-path-to-node=\"9\">\n<li>\n<p data-path-to-node=\"9,0,0\"><b data-path-to-node=\"9,0,0\" data-index-in-node=\"0\">Endurance massive :<\/b> Jusqu'\u00e0 10 000 bouff\u00e9es \u00e0 partir d'un r\u00e9servoir d'e-liquide haute capacit\u00e9 de 20 ml.<\/p>\n<\/li>\n<li>\n<p data-path-to-node=\"9,1,0\"><b data-path-to-node=\"9,1,0\" data-index-in-node=\"0\">Pr\u00e9cision des ar\u00f4mes :<\/b> Le serpentin 1.2\u03a9 Mesh Coil permet une chauffe uniforme pour des profils de go\u00fbt riches et vari\u00e9s.<\/p>\n<\/li>\n<li>\n<p data-path-to-node=\"9,2,0\"><b data-path-to-node=\"9,2,0\" data-index-in-node=\"0\">Identit\u00e9 visuelle :<\/b> Les lumi\u00e8res LED RVB int\u00e9gr\u00e9es \u00e9mettent des impulsions lors de l'activation pour une esth\u00e9tique \u00e9poustouflante.<\/p>\n<\/li>\n<li>\n<p data-path-to-node=\"9,3,0\"><b data-path-to-node=\"9,3,0\" data-index-in-node=\"0\">Une alimentation fiable :<\/b> La batterie de 850mAh avec charge rapide Type-C minimise les temps d'arr\u00eat.<\/p>\n<\/li>\n<li>\n<p data-path-to-node=\"9,4,0\"><b data-path-to-node=\"9,4,0\" data-index-in-node=\"0\">Portabilit\u00e9 ergonomique :<\/b> Conception \u201cAlien\u201d compacte avec harnais inclus pour un transport facile.<\/p>\n<\/li>\n<li>\n<p data-path-to-node=\"9,5,0\"><b data-path-to-node=\"9,5,0\" data-index-in-node=\"0\">Avantage logistique :<\/b> Disponible pour exp\u00e9dition imm\u00e9diate \u00e0 partir de notre <b data-path-to-node=\"9,5,0\" data-index-in-node=\"63\">Entrep\u00f4t de l'UE<\/b> avec garantie de d\u00e9douanement.<\/p>\n<\/li>\n<\/ul>","protected":false},"featured_media":9051,"comment_status":"open","ping_status":"closed","template":"","meta":[],"product_brand":[65],"product_cat":[88,89,81,87,95,85],"product_tag":[75,76,77],"class_list":{"0":"post-9050","1":"product","2":"type-product","3":"status-publish","4":"has-post-thumbnail","6":"product_brand-jnr","7":"product_cat-beverage-soda-vapes","8":"product_cat-candy-sweet-vapes","9":"product_cat-daily-puffs-vapes","10":"product_cat-iced-fruit-vapes","11":"product_cat-mesh-coil-vapes","12":"product_cat-no-nicotine-vape","13":"product_tag-eu-warehouse","14":"product_tag-mtl-vaping","15":"product_tag-recharge","17":"first","18":"instock","19":"sale","20":"shipping-taxable","21":"purchasable","22":"product-type-variable"},"yoast_head":"<!-- This site is optimized with the Yoast SEO plugin v27.1.1 - https:\/\/yoast.com\/product\/yoast-seo-wordpress\/ -->\n<title>JNR Alien 10000 Puffs Disposable Vape | RGB LED &amp; Mesh Coil<\/title>\n<meta name=\"description\" content=\"Shop the JNR Alien 10000 Puffs. Features 20mL capacity, 1.2\u03a9 mesh coil for MTL, and dynamic RGB lights. 0%-5% Nicotine. Fast shipping from EU Warehouse.\" \/>\n<meta name=\"robots\" content=\"noindex, follow, max-snippet:-1, max-image-preview:large, max-video-preview:-1\" \/>\n<meta property=\"og:locale\" content=\"fr_FR\" \/>\n<meta property=\"og:type\" content=\"article\" \/>\n<meta property=\"og:title\" content=\"JNR Alien 10000 Puffs Disposable Vape | RGB LED &amp; Mesh Coil\" \/>\n<meta property=\"og:description\" content=\"Shop the JNR Alien 10000 Puffs. Features 20mL capacity, 1.2\u03a9 mesh coil for MTL, and dynamic RGB lights. 0%-5% Nicotine. Fast shipping from EU Warehouse.\" \/>\n<meta property=\"og:url\" content=\"https:\/\/frivape.com\/fr\/product\/jnr-alien-10000-puffs-rgb-jetable-vape-wholesale\/\" \/>\n<meta property=\"og:site_name\" content=\"frivape | Online Vape Store - Best Vapes, Mods &amp; Disposable Kits\" \/>\n<meta property=\"article:modified_time\" content=\"2026-04-12T08:10:31+00:00\" \/>\n<meta property=\"og:image\" content=\"https:\/\/frivape.com\/wp-content\/uploads\/2026\/04\/JNR-Alien-10000-Puffs-Disposable-Vape.webp\" \/>\n\t<meta property=\"og:image:width\" content=\"1000\" \/>\n\t<meta property=\"og:image:height\" content=\"1000\" \/>\n\t<meta property=\"og:image:type\" content=\"image\/webp\" \/>\n<meta name=\"twitter:card\" content=\"summary_large_image\" \/>\n<meta name=\"twitter:label1\" content=\"Dur\u00e9e de lecture estim\u00e9e\" \/>\n\t<meta name=\"twitter:data1\" content=\"2 minutes\" \/>\n<script type=\"application\/ld+json\" class=\"yoast-schema-graph\">{\"@context\":\"https:\/\/schema.org\",\"@graph\":[{\"@type\":\"WebPage\",\"@id\":\"https:\/\/frivape.com\/product\/jnr-alien-10000-puffs-rgb-disposable-vape-wholesale\/\",\"url\":\"https:\/\/frivape.com\/product\/jnr-alien-10000-puffs-rgb-disposable-vape-wholesale\/\",\"name\":\"JNR Alien 10000 Puffs Disposable Vape | RGB LED & Mesh Coil\",\"isPartOf\":{\"@id\":\"https:\/\/frivape.com\/#website\"},\"primaryImageOfPage\":{\"@id\":\"https:\/\/frivape.com\/product\/jnr-alien-10000-puffs-rgb-disposable-vape-wholesale\/#primaryimage\"},\"image\":{\"@id\":\"https:\/\/frivape.com\/product\/jnr-alien-10000-puffs-rgb-disposable-vape-wholesale\/#primaryimage\"},\"thumbnailUrl\":\"https:\/\/frivape.com\/wp-content\/uploads\/2026\/04\/JNR-Alien-10000-Puffs-Disposable-Vape.webp\",\"datePublished\":\"2026-04-12T08:00:01+00:00\",\"dateModified\":\"2026-04-12T08:10:31+00:00\",\"description\":\"Shop the JNR Alien 10000 Puffs. Features 20mL capacity, 1.2\u03a9 mesh coil for MTL, and dynamic RGB lights. 0%-5% Nicotine. Fast shipping from EU Warehouse.\",\"breadcrumb\":{\"@id\":\"https:\/\/frivape.com\/product\/jnr-alien-10000-puffs-rgb-disposable-vape-wholesale\/#breadcrumb\"},\"inLanguage\":\"fr-FR\",\"potentialAction\":[{\"@type\":\"ReadAction\",\"target\":[\"https:\/\/frivape.com\/product\/jnr-alien-10000-puffs-rgb-disposable-vape-wholesale\/\"]}]},{\"@type\":\"ImageObject\",\"inLanguage\":\"fr-FR\",\"@id\":\"https:\/\/frivape.com\/product\/jnr-alien-10000-puffs-rgb-disposable-vape-wholesale\/#primaryimage\",\"url\":\"https:\/\/frivape.com\/wp-content\/uploads\/2026\/04\/JNR-Alien-10000-Puffs-Disposable-Vape.webp\",\"contentUrl\":\"https:\/\/frivape.com\/wp-content\/uploads\/2026\/04\/JNR-Alien-10000-Puffs-Disposable-Vape.webp\",\"width\":1000,\"height\":1000},{\"@type\":\"BreadcrumbList\",\"@id\":\"https:\/\/frivape.com\/product\/jnr-alien-10000-puffs-rgb-disposable-vape-wholesale\/#breadcrumb\",\"itemListElement\":[{\"@type\":\"ListItem\",\"position\":1,\"name\":\"\u9996\u9875\",\"item\":\"https:\/\/frivape.com\/\"},{\"@type\":\"ListItem\",\"position\":2,\"name\":\"Shop\",\"item\":\"https:\/\/frivape.com\/shop\/\"},{\"@type\":\"ListItem\",\"position\":3,\"name\":\"JNR Alien 10000 Puffs Disposable Vape | RGB LED Lights &amp; 1.2\u03a9 Mesh Coil\"}]},{\"@type\":\"WebSite\",\"@id\":\"https:\/\/frivape.com\/#website\",\"url\":\"https:\/\/frivape.com\/\",\"name\":\"frivape | Online Vape Store - Best Vapes, Mods &amp; Disposable Kits\",\"description\":\"Shop frivape, your premier online vape shop for authentic mods, disposable vapes, and premium e-liquids. Direct from Shenzhen with fast Europe local shipping. High quality at wholesale prices.\",\"publisher\":{\"@id\":\"https:\/\/frivape.com\/#organization\"},\"potentialAction\":[{\"@type\":\"SearchAction\",\"target\":{\"@type\":\"EntryPoint\",\"urlTemplate\":\"https:\/\/frivape.com\/?s={search_term_string}\"},\"query-input\":{\"@type\":\"PropertyValueSpecification\",\"valueRequired\":true,\"valueName\":\"search_term_string\"}}],\"inLanguage\":\"fr-FR\"},{\"@type\":\"Organization\",\"@id\":\"https:\/\/frivape.com\/#organization\",\"name\":\"frivape | Online Vape Store - Best Vapes, Mods &amp; Disposable Kits\",\"url\":\"https:\/\/frivape.com\/\",\"logo\":{\"@type\":\"ImageObject\",\"inLanguage\":\"fr-FR\",\"@id\":\"https:\/\/frivape.com\/#\/schema\/logo\/image\/\",\"url\":\"https:\/\/frivape.com\/wp-content\/uploads\/2026\/03\/cropped-frivape-site-title-icon.png\",\"contentUrl\":\"https:\/\/frivape.com\/wp-content\/uploads\/2026\/03\/cropped-frivape-site-title-icon.png\",\"width\":470,\"height\":110,\"caption\":\"frivape | Online Vape Store - Best Vapes, Mods &amp; Disposable Kits\"},\"image\":{\"@id\":\"https:\/\/frivape.com\/#\/schema\/logo\/image\/\"}}]}<\/script>\n<!-- \/ Yoast SEO plugin. -->","yoast_head_json":{"title":"JNR Alien 10000 Puffs Disposable Vape | RGB LED &amp; Mesh Coil","description":"Magasinez le JNR Alien 10000 Puffs. Comprend une capacit\u00e9 de 20mL, une bobine mesh de 1,2\u03a9 pour MTL, et des lumi\u00e8res RGB dynamiques. 0%-5% Nicotine. Livraison rapide depuis l'entrep\u00f4t de l'UE.","robots":{"index":"noindex","follow":"follow","max-snippet":"max-snippet:-1","max-image-preview":"max-image-preview:large","max-video-preview":"max-video-preview:-1"},"og_locale":"fr_FR","og_type":"article","og_title":"JNR Alien 10000 Puffs Disposable Vape | RGB LED & Mesh Coil","og_description":"Shop the JNR Alien 10000 Puffs. Features 20mL capacity, 1.2\u03a9 mesh coil for MTL, and dynamic RGB lights. 0%-5% Nicotine. Fast shipping from EU Warehouse.","og_url":"https:\/\/frivape.com\/fr\/product\/jnr-alien-10000-puffs-rgb-jetable-vape-wholesale\/","og_site_name":"frivape | Online Vape Store - Best Vapes, Mods &amp; Disposable Kits","article_modified_time":"2026-04-12T08:10:31+00:00","og_image":[{"width":1000,"height":1000,"url":"https:\/\/frivape.com\/wp-content\/uploads\/2026\/04\/JNR-Alien-10000-Puffs-Disposable-Vape.webp","type":"image\/webp"}],"twitter_card":"summary_large_image","twitter_misc":{"Dur\u00e9e de lecture estim\u00e9e":"2 minutes"},"schema":{"@context":"https:\/\/schema.org","@graph":[{"@type":"WebPage","@id":"https:\/\/frivape.com\/product\/jnr-alien-10000-puffs-rgb-disposable-vape-wholesale\/","url":"https:\/\/frivape.com\/product\/jnr-alien-10000-puffs-rgb-disposable-vape-wholesale\/","name":"JNR Alien 10000 Puffs Disposable Vape | RGB LED &amp; Mesh Coil","isPartOf":{"@id":"https:\/\/frivape.com\/#website"},"primaryImageOfPage":{"@id":"https:\/\/frivape.com\/product\/jnr-alien-10000-puffs-rgb-disposable-vape-wholesale\/#primaryimage"},"image":{"@id":"https:\/\/frivape.com\/product\/jnr-alien-10000-puffs-rgb-disposable-vape-wholesale\/#primaryimage"},"thumbnailUrl":"https:\/\/frivape.com\/wp-content\/uploads\/2026\/04\/JNR-Alien-10000-Puffs-Disposable-Vape.webp","datePublished":"2026-04-12T08:00:01+00:00","dateModified":"2026-04-12T08:10:31+00:00","description":"Magasinez le JNR Alien 10000 Puffs. Comprend une capacit\u00e9 de 20mL, une bobine mesh de 1,2\u03a9 pour MTL, et des lumi\u00e8res RGB dynamiques. 0%-5% Nicotine. Livraison rapide depuis l'entrep\u00f4t de l'UE.","breadcrumb":{"@id":"https:\/\/frivape.com\/product\/jnr-alien-10000-puffs-rgb-disposable-vape-wholesale\/#breadcrumb"},"inLanguage":"fr-FR","potentialAction":[{"@type":"ReadAction","target":["https:\/\/frivape.com\/product\/jnr-alien-10000-puffs-rgb-disposable-vape-wholesale\/"]}]},{"@type":"ImageObject","inLanguage":"fr-FR","@id":"https:\/\/frivape.com\/product\/jnr-alien-10000-puffs-rgb-disposable-vape-wholesale\/#primaryimage","url":"https:\/\/frivape.com\/wp-content\/uploads\/2026\/04\/JNR-Alien-10000-Puffs-Disposable-Vape.webp","contentUrl":"https:\/\/frivape.com\/wp-content\/uploads\/2026\/04\/JNR-Alien-10000-Puffs-Disposable-Vape.webp","width":1000,"height":1000},{"@type":"BreadcrumbList","@id":"https:\/\/frivape.com\/product\/jnr-alien-10000-puffs-rgb-disposable-vape-wholesale\/#breadcrumb","itemListElement":[{"@type":"ListItem","position":1,"name":"\u9996\u9875","item":"https:\/\/frivape.com\/"},{"@type":"ListItem","position":2,"name":"Shop","item":"https:\/\/frivape.com\/shop\/"},{"@type":"ListItem","position":3,"name":"JNR Alien 10000 Puffs Disposable Vape | RGB LED Lights &amp; 1.2\u03a9 Mesh Coil"}]},{"@type":"WebSite","@id":"https:\/\/frivape.com\/#website","url":"https:\/\/frivape.com\/","name":"frivape | Online Vape Store - Best Vapes, Mods &amp; Disposable Kits","description":"Le magasin frivape, votre premier magasin de vape en ligne pour des mods authentiques, des vapes jetables et des e-liquides de premi\u00e8re qualit\u00e9. Directement de Shenzhen avec une livraison rapide en Europe. Haute qualit\u00e9 \u00e0 des prix de gros.","publisher":{"@id":"https:\/\/frivape.com\/#organization"},"potentialAction":[{"@type":"SearchAction","target":{"@type":"EntryPoint","urlTemplate":"https:\/\/frivape.com\/?s={search_term_string}"},"query-input":{"@type":"PropertyValueSpecification","valueRequired":true,"valueName":"search_term_string"}}],"inLanguage":"fr-FR"},{"@type":"Organization","@id":"https:\/\/frivape.com\/#organization","name":"frivape | Online Vape Store - Best Vapes, Mods &amp; Disposable Kits","url":"https:\/\/frivape.com\/","logo":{"@type":"ImageObject","inLanguage":"fr-FR","@id":"https:\/\/frivape.com\/#\/schema\/logo\/image\/","url":"https:\/\/frivape.com\/wp-content\/uploads\/2026\/03\/cropped-frivape-site-title-icon.png","contentUrl":"https:\/\/frivape.com\/wp-content\/uploads\/2026\/03\/cropped-frivape-site-title-icon.png","width":470,"height":110,"caption":"frivape | Online Vape Store - Best Vapes, Mods &amp; Disposable Kits"},"image":{"@id":"https:\/\/frivape.com\/#\/schema\/logo\/image\/"}}]}},"tiered_pricing_type":"fixed","tiered_pricing_fixed_rules":{"10":11.66,"50":10.66,"100":9.66,"200":8.66},"tiered_pricing_product_settings":{"layout":"default","base_unit_name":{"singular":null,"plural":null},"default_variation":{}},"tiered_pricing_minimum_quantity":null,"tiered_pricing_roles_data":[],"tiered_pricing_percentage_rules":[],"_links":{"self":[{"href":"https:\/\/frivape.com\/fr\/wp-json\/wp\/v2\/product\/9050","targetHints":{"allow":["GET"]}}],"collection":[{"href":"https:\/\/frivape.com\/fr\/wp-json\/wp\/v2\/product"}],"about":[{"href":"https:\/\/frivape.com\/fr\/wp-json\/wp\/v2\/types\/product"}],"replies":[{"embeddable":true,"href":"https:\/\/frivape.com\/fr\/wp-json\/wp\/v2\/comments?post=9050"}],"wp:featuredmedia":[{"embeddable":true,"href":"https:\/\/frivape.com\/fr\/wp-json\/wp\/v2\/media\/9051"}],"wp:attachment":[{"href":"https:\/\/frivape.com\/fr\/wp-json\/wp\/v2\/media?parent=9050"}],"wp:term":[{"taxonomy":"product_brand","embeddable":true,"href":"https:\/\/frivape.com\/fr\/wp-json\/wp\/v2\/product_brand?post=9050"},{"taxonomy":"product_cat","embeddable":true,"href":"https:\/\/frivape.com\/fr\/wp-json\/wp\/v2\/product_cat?post=9050"},{"taxonomy":"product_tag","embeddable":true,"href":"https:\/\/frivape.com\/fr\/wp-json\/wp\/v2\/product_tag?post=9050"}],"curies":[{"name":"wp","href":"https:\/\/api.w.org\/{rel}","templated":true}]}}