{"id":9236,"date":"2026-04-16T00:40:44","date_gmt":"2026-04-15T16:40:44","guid":{"rendered":"https:\/\/frivape.com\/?post_type=product&#038;p=9236"},"modified":"2026-04-16T00:50:47","modified_gmt":"2026-04-15T16:50:47","slug":"fumot-50k-eco-2in1-50000-puffs-jetable-vape","status":"publish","type":"product","link":"https:\/\/frivape.com\/fr\/product\/fumot-50k-eco-2in1-50000-puffs-jetable-vape\/","title":{"rendered":"Fumot ECO 2in1 50000 Puffs Vape jetable | R\u00e9servoir double ar\u00f4me | Smart Display &amp; RGB"},"content":{"rendered":"<h3 class=\"wp-block-heading\"><strong>Fumot : Vaping Made Smarter<\/strong><\/h3>\n\n\n\n<p><strong>Fumot<\/strong> est une marque leader ax\u00e9e sur la technologie qui s'engage \u00e0 cr\u00e9er l'exp\u00e9rience ultime de vapotage. En tant que marque ma\u00eetresse \u00e0 l'origine de l'embl\u00e9matique <strong>RandM Tornade<\/strong> Fumot continue de repousser les limites avec la s\u00e9rie <strong>Fumot ECO 2in1 50000<\/strong>. Ce dispositif incarne l'accent mis par la marque sur une esth\u00e9tique audacieuse et un contr\u00f4le de qualit\u00e9 rigoureux, offrant une alternative performante au tabagisme traditionnel pour les adultes enthousiastes dans plus de 60 pays.<\/p>\n\n\n\n<h3 class=\"wp-block-heading\"><strong>Deux fois plus de saveur, deux fois plus de satisfaction<\/strong><\/h3>\n\n\n\n<p>La caract\u00e9ristique principale du Fumot 50k est son <strong>Syst\u00e8me \u00e0 double r\u00e9servoir 10ml+10ml<\/strong>. Pourquoi se contenter d'un seul go\u00fbt quand on peut en avoir deux ? En utilisant un interrupteur physique, vous pouvez passer instantan\u00e9ment d'un profil de saveur \u00e0 l'autre. Ce syst\u00e8me permet d'\u00e9viter la \u201clangue du vapoteur\u201d et de s'assurer que l'ar\u00f4me de la cigarette est toujours le m\u00eame. <strong>Bobine \u00e0 mailles de 0,9\u03a9<\/strong> procure une sensation de fra\u00eecheur et d'intensit\u00e9 \u00e0 chaque inhalation. C'est le parfait <strong>Stylo E-cigarette rechargeable<\/strong> pour ceux qui cherchent <strong>Vente en gros de vapes jetables de Chine<\/strong> avec un argument de vente unique.<\/p>\n\n\n\n<h3 class=\"wp-block-heading\"><strong>Contr\u00f4le intelligent et esth\u00e9tique iris\u00e9e<\/strong><\/h3>\n\n\n\n<p>Restez ma\u00eetre de la situation gr\u00e2ce \u00e0 l'\u00e9cran haute d\u00e9finition <strong>\u00c9cran d'affichage intelligent<\/strong>, qui fournit des informations en temps r\u00e9el sur votre batterie de 950 mAh et sur l'\u00e9tat de l'huile. L'appareil n'est pas seulement intelligent, il est aussi \u00e9l\u00e9gant. La signature <strong>\u00e9clairage dynamique iris\u00e9<\/strong> Le Fumot ECO 2in1 est un chef-d'\u0153uvre visuel. Con\u00e7u pour un usage raffin\u00e9 <strong>MTL (bouche \u00e0 poumon)<\/strong> \u00e0 <strong>RDL (Restricted Direct Lung)<\/strong> Il garantit que chaque bouff\u00e9e est douce et satisfaisante.<\/p>\n\n\n\n<h3 class=\"wp-block-heading\"><strong>Combinaisons d'ar\u00f4mes en vedette : Un voyage \u00e0 double sens<\/strong><\/h3>\n\n\n\n<p>Le <strong>Fumot ECO 2in1 50000<\/strong> est con\u00e7u pour \u00e9liminer la \u201cfatigue des saveurs\u201d. Gr\u00e2ce \u00e0 nos 24 paires s\u00e9lectionn\u00e9es par des experts, vous pouvez passer d'une humeur \u00e0 l'autre, d'une saison \u00e0 l'autre ou d'une envie \u00e0 l'autre d'un simple geste.<\/p>\n\n\n\n<ul class=\"wp-block-list\">\n<li><strong>01. Black Mamba &amp; Mr Blue :<\/strong> Un m\u00e9lange myst\u00e9rieux de baies sombres avec un c\u00f4t\u00e9 sauvage, associ\u00e9 \u00e0 un m\u00e9lange de fruits bleus mondialement connu.<\/li>\n\n\n\n<li><strong>02. Black Ice &amp; Grape Ice :<\/strong> Des m\u00fbres intenses avec une finale menthol\u00e9e \u00e9crasante rencontrent des raisins violets m\u00fbris au soleil et doux comme des bonbons.<\/li>\n\n\n\n<li><strong>03. Peach Ice &amp; White Mamba :<\/strong> Des p\u00eaches velout\u00e9es, r\u00e9frig\u00e9r\u00e9es \u00e0 la perfection, accompagn\u00e9es d'une fusion secr\u00e8te et cr\u00e9meuse de fruits exotiques.<\/li>\n\n\n\n<li><strong>04. Lady Killer &amp; Love 66 :<\/strong> Deux profils l\u00e9gendaires inspir\u00e9s de la shisha - m\u00e9lange de melons sucr\u00e9s, de fruits de la passion et d'un soup\u00e7on de menthe.<\/li>\n\n\n\n<li><strong>05. Blueberry Hubba Bubba &amp; Watermelon Hubba Bubba :<\/strong> Un retour nostalgique \u00e0 l'enfance avec des profils classiques et juteux de bubblegum.<\/li>\n\n\n\n<li><strong>06. Ourson de gomme au raisin et Ourson de gomme \u00e0 la fraise :<\/strong> Un bonbon \u00e0 m\u00e2cher, inspir\u00e9 de la g\u00e9latine, avec des raisins profonds et des fraises d'un rouge \u00e9clatant.<\/li>\n\n\n\n<li><strong>07. Pomme acide et p\u00eache juteuse :<\/strong> Le contraste ultime entre les pommes Granny Smith acidul\u00e9es et les p\u00eaches succulentes gorg\u00e9es de soleil.<\/li>\n\n\n\n<li><strong>08. Fanta &amp; Cola Ice :<\/strong> Un duo de boissons p\u00e9tillantes qui imite vos sodas frais pr\u00e9f\u00e9r\u00e9s pour une vape rafra\u00eechissante tout au long de la journ\u00e9e.<\/li>\n\n\n\n<li><strong>09. Gummy Bear &amp; Skittles :<\/strong> Un arc-en-ciel d'ar\u00f4mes de bonbons aux fruits qui satisferont tous les gourmands \u00e0 chaque bouff\u00e9e.<\/li>\n\n\n\n<li><strong>10. Cactus Ice et Cactus Kiwi :<\/strong> Des notes uniques et hydratantes de cactus associ\u00e9es \u00e0 un kiwi piquant pour une exp\u00e9rience sophistiqu\u00e9e et l\u00e9g\u00e8rement acidul\u00e9e.<\/li>\n\n\n\n<li><strong>11. P\u00eache Mangue Past\u00e8que et Pina Colada :<\/strong> Une \u00e9vasion tropicale m\u00ealant trois g\u00e9ants juteux \u00e0 un parfum de vacances cr\u00e9meux \u00e0 la noix de coco et \u00e0 l'ananas.<\/li>\n\n\n\n<li><strong>12. Cherry Ice &amp; Blue Razz Cherry :<\/strong> Menthol de cerise fonc\u00e9 et profond contre une \u00e9tincelle de cerise bleue framboise \u00e0 haute tension.<\/li>\n\n\n\n<li><strong>13. Glace \u00e0 la menthe et \u00e0 la past\u00e8que :<\/strong> La norme en mati\u00e8re de fra\u00eecheur - la menthe poivr\u00e9e \u00e9pic\u00e9e et croustillante associ\u00e9e au fruit hydratant pr\u00e9f\u00e9r\u00e9 de l'\u00e9t\u00e9.<\/li>\n\n\n\n<li><strong>14. Citron, citron vert et past\u00e8que \u00e0 la fraise :<\/strong> Rafra\u00eechissement piquant, ax\u00e9 sur les agrumes d'un c\u00f4t\u00e9 ; harmonie sucr\u00e9e de l'autre, ax\u00e9e sur les fruits rouges.<\/li>\n\n\n\n<li><strong>15. Limonade rose et bonbons acidul\u00e9s :<\/strong> Une limonade acidul\u00e9e et piquante, \u00e9quilibr\u00e9e par une d\u00e9licieuse finale de bonbon acidul\u00e9.<\/li>\n\n\n\n<li><strong>16. Vimto &amp; Watermelon Bubblegum :<\/strong> Le profil classique d'une boisson aux baies britanniques rencontre une gomme de past\u00e8que juteuse et persistante.<\/li>\n\n\n\n<li><strong>17. Banana Ice et Black Dragon Ice :<\/strong> Les bananes cr\u00e9meuses et glac\u00e9es contrastent avec l'exotisme des fruits du dragon et des baies.<\/li>\n\n\n\n<li><strong>18. Ours en gomme Blue Razz et glace Blue Razz :<\/strong> Deux fa\u00e7ons d'appr\u00e9cier l'\u00e9ruption bleue - l'une \u00e0 m\u00e2cher et semblable \u00e0 un bonbon, l'autre glac\u00e9e et revitalisante.<\/li>\n\n\n\n<li><strong>19. Ice Pop &amp; Kiwi Fruit de la Passion Goyave :<\/strong> Un popsicle nostalgique rouge-blanc-bleu associ\u00e9 \u00e0 l'ultime \u201cTrinit\u00e9\u201d tropicale.\u201d<\/li>\n\n\n\n<li><strong>20. Glace \u00e0 la fraise et myrtille :<\/strong> Les fraises sucr\u00e9es famili\u00e8res sur glace rencontrent les notes rares, acidul\u00e9es et sauvages des myrtilles de montagne.<\/li>\n\n\n\n<li><strong>21. Baies m\u00e9lang\u00e9es et limonade Blue Razz :<\/strong> Une explosion de fruits des bois d'un c\u00f4t\u00e9, une limonade bleue acidul\u00e9e de l'autre.<\/li>\n\n\n\n<li><strong>22. Red Bull Ice et Blueberry Peach Ice :<\/strong> Une boisson \u00e9nergisante associ\u00e9e \u00e0 un m\u00e9lange menthol\u00e9 doux et fruit\u00e9.<\/li>\n\n\n\n<li><strong>23. Fraise, kiwi et myrtille, framboise acide :<\/strong> Les associations de fruits les plus populaires au monde, affin\u00e9es pour la bobine de 0,9\u03a9.<\/li>\n\n\n\n<li><strong>24. Cola Citron &amp; Ananas Citron Pomme Verte :<\/strong> Un cola aux agrumes sophistiqu\u00e9 contre un trio piquant d'ananas, de citron et de pomme verte.<\/li>\n<\/ul>\n\n\n\n<h4 class=\"wp-block-heading\"><strong>FAQ<\/strong><\/h4>\n\n\n\n<ul class=\"wp-block-list\">\n<li><strong>Q : Comment puis-je passer d'une saveur \u00e0 l'autre ?<\/strong> R : L'appareil est dot\u00e9 d'un interrupteur manuel ou d'un m\u00e9canisme de bouton qui redirige le flux d'air et l'activation du serpentin vers le r\u00e9servoir de 10 ml souhait\u00e9.<\/li>\n\n\n\n<li><strong>Q : Le nombre de 50 000 bouff\u00e9es est-il garanti ?<\/strong> R : Oui, gr\u00e2ce au syst\u00e8me modulaire de 24 ml et \u00e0 l'efficacit\u00e9 du mode ECO, l'appareil est con\u00e7u pour atteindre sa capacit\u00e9 nominale dans le cadre d'une utilisation normale.<\/li>\n\n\n\n<li><strong>Q : Quel est l'avantage d'acheter dans l'entrep\u00f4t de l'UE ?<\/strong> R : Nous offrons un d\u00e9lai de livraison de 1 \u00e0 3 jours en Europe, des droits de douane nuls et une livraison garantie pour nos partenaires grossistes.<\/li>\n<\/ul>\n\n\n\n<h3 class=\"wp-block-heading\"><strong>Avertissement sanitaire<\/strong><\/h3>\n\n\n\n<p><strong>AVERTISSEMENT :<\/strong> Ce produit contient de la nicotine. La nicotine est un produit chimique qui cr\u00e9e une d\u00e9pendance. Ce produit est strictement r\u00e9serv\u00e9 \u00e0 un usage adulte <strong>(21 ans et plus)<\/strong>. Ne pas utiliser chez les femmes enceintes ou allaitantes, ni chez les personnes souffrant de troubles cardiaques ou respiratoires. Tenir hors de port\u00e9e des enfants et des animaux domestiques.<\/p>\n\n\n\n<p><\/p>","protected":false},"excerpt":{"rendered":"<ul>\n<li>\n<p data-path-to-node=\"7,0,0\"><b data-path-to-node=\"7,0,0\" data-index-in-node=\"0\">Innovation \u00e0 double ar\u00f4me :<\/b> 20ml d'e-liquide au total (10ml+10ml) avec un changement d'ar\u00f4me instantan\u00e9.<\/p>\n<\/li>\n<li>\n<p data-path-to-node=\"7,1,0\"><b data-path-to-node=\"7,1,0\" data-index-in-node=\"0\">Long\u00e9vit\u00e9 extr\u00eame :<\/b> Jusqu'\u00e0 50 000 bouff\u00e9es gr\u00e2ce \u00e0 la gestion de l'\u00e9nergie en mode ECO.<\/p>\n<\/li>\n<li>\n<p data-path-to-node=\"7,2,0\"><b data-path-to-node=\"7,2,0\" data-index-in-node=\"0\">Surveillance intelligente :<\/b> L'\u00e9cran intelligent haute d\u00e9finition permet de suivre les niveaux de batterie % et d'huile.<\/p>\n<\/li>\n<li>\n<p data-path-to-node=\"7,3,0\"><b data-path-to-node=\"7,3,0\" data-index-in-node=\"0\">Performance de la maille :<\/b> La bobine Mesh Coil de 0,9\u03a9 offre un chauffage rapide et une clart\u00e9 de go\u00fbt intense.<\/p>\n<\/li>\n<li>\n<p data-path-to-node=\"7,4,0\"><b data-path-to-node=\"7,4,0\" data-index-in-node=\"0\">Visuels haut de gamme :<\/b> \u00c9clairage dynamique RVB iris\u00e9 pour une esth\u00e9tique sophistiqu\u00e9e.<\/p>\n<\/li>\n<li>\n<p data-path-to-node=\"7,5,0\"><b data-path-to-node=\"7,5,0\" data-index-in-node=\"0\">Logistique B2B :<\/b> Stock\u00e9 dans notre <b data-path-to-node=\"7,5,0\" data-index-in-node=\"30\">Entrep\u00f4t de l'UE<\/b> pour une livraison en 1 \u00e0 3 jours dans toute l'Europe.<\/p>\n<\/li>\n<\/ul>","protected":false},"featured_media":9237,"comment_status":"open","ping_status":"closed","template":"","meta":[],"product_brand":[62],"product_cat":[88,82,89,87,95],"product_tag":[75,76,93,77,79],"class_list":{"0":"post-9236","1":"product","2":"type-product","3":"status-publish","4":"has-post-thumbnail","6":"product_brand-fumot","7":"product_cat-beverage-soda-vapes","8":"product_cat-big-puffs-vapes","9":"product_cat-candy-sweet-vapes","10":"product_cat-iced-fruit-vapes","11":"product_cat-mesh-coil-vapes","12":"product_tag-eu-warehouse","13":"product_tag-mtl-vaping","14":"product_tag-rdl-vaping","15":"product_tag-recharge","16":"product_tag-smart-screen-display","18":"first","19":"instock","20":"sale","21":"shipping-taxable","22":"purchasable","23":"product-type-variable"},"yoast_head":"<!-- This site is optimized with the Yoast SEO plugin v27.1.1 - https:\/\/yoast.com\/product\/yoast-seo-wordpress\/ -->\n<title>Fumot 50k ECO 2in1 50000 Puffs Vape | Dual Flavor &amp; Smart Screen<\/title>\n<meta name=\"description\" content=\"Experience the Fumot 50k ECO 2in1. 50,000 puffs, dual-tank (10ml+10ml) flavor switching, 0.9\u03a9 mesh coil, and Smart Display. Fast EU Warehouse wholesale.\" \/>\n<meta name=\"robots\" content=\"noindex, follow, max-snippet:-1, max-image-preview:large, max-video-preview:-1\" \/>\n<meta property=\"og:locale\" content=\"fr_FR\" \/>\n<meta property=\"og:type\" content=\"article\" \/>\n<meta property=\"og:title\" content=\"Fumot 50k ECO 2in1 50000 Puffs Vape | Dual Flavor &amp; Smart Screen\" \/>\n<meta property=\"og:description\" content=\"Experience the Fumot 50k ECO 2in1. 50,000 puffs, dual-tank (10ml+10ml) flavor switching, 0.9\u03a9 mesh coil, and Smart Display. Fast EU Warehouse wholesale.\" \/>\n<meta property=\"og:url\" content=\"https:\/\/frivape.com\/fr\/product\/fumot-50k-eco-2in1-50000-puffs-jetable-vape\/\" \/>\n<meta property=\"og:site_name\" content=\"frivape | Online Vape Store - Best Vapes, Mods &amp; Disposable Kits\" \/>\n<meta property=\"article:modified_time\" content=\"2026-04-15T16:50:47+00:00\" \/>\n<meta property=\"og:image\" content=\"https:\/\/frivape.com\/wp-content\/uploads\/2026\/04\/Fumot-50k-ECO-2in1-50000-Fanta-Cola-ice-4-800x800-1.webp\" \/>\n\t<meta property=\"og:image:width\" content=\"800\" \/>\n\t<meta property=\"og:image:height\" content=\"800\" \/>\n\t<meta property=\"og:image:type\" content=\"image\/webp\" \/>\n<meta name=\"twitter:card\" content=\"summary_large_image\" \/>\n<meta name=\"twitter:label1\" content=\"Dur\u00e9e de lecture estim\u00e9e\" \/>\n\t<meta name=\"twitter:data1\" content=\"4 minutes\" \/>\n<script type=\"application\/ld+json\" class=\"yoast-schema-graph\">{\"@context\":\"https:\/\/schema.org\",\"@graph\":[{\"@type\":\"WebPage\",\"@id\":\"https:\/\/frivape.com\/product\/fumot-50k-eco-2in1-50000-puffs-disposable-vape\/\",\"url\":\"https:\/\/frivape.com\/product\/fumot-50k-eco-2in1-50000-puffs-disposable-vape\/\",\"name\":\"Fumot 50k ECO 2in1 50000 Puffs Vape | Dual Flavor & Smart Screen\",\"isPartOf\":{\"@id\":\"https:\/\/frivape.com\/#website\"},\"primaryImageOfPage\":{\"@id\":\"https:\/\/frivape.com\/product\/fumot-50k-eco-2in1-50000-puffs-disposable-vape\/#primaryimage\"},\"image\":{\"@id\":\"https:\/\/frivape.com\/product\/fumot-50k-eco-2in1-50000-puffs-disposable-vape\/#primaryimage\"},\"thumbnailUrl\":\"https:\/\/frivape.com\/wp-content\/uploads\/2026\/04\/Fumot-50k-ECO-2in1-50000-Fanta-Cola-ice-4-800x800-1.webp\",\"datePublished\":\"2026-04-15T16:40:44+00:00\",\"dateModified\":\"2026-04-15T16:50:47+00:00\",\"description\":\"Experience the Fumot 50k ECO 2in1. 50,000 puffs, dual-tank (10ml+10ml) flavor switching, 0.9\u03a9 mesh coil, and Smart Display. Fast EU Warehouse wholesale.\",\"breadcrumb\":{\"@id\":\"https:\/\/frivape.com\/product\/fumot-50k-eco-2in1-50000-puffs-disposable-vape\/#breadcrumb\"},\"inLanguage\":\"fr-FR\",\"potentialAction\":[{\"@type\":\"ReadAction\",\"target\":[\"https:\/\/frivape.com\/product\/fumot-50k-eco-2in1-50000-puffs-disposable-vape\/\"]}]},{\"@type\":\"ImageObject\",\"inLanguage\":\"fr-FR\",\"@id\":\"https:\/\/frivape.com\/product\/fumot-50k-eco-2in1-50000-puffs-disposable-vape\/#primaryimage\",\"url\":\"https:\/\/frivape.com\/wp-content\/uploads\/2026\/04\/Fumot-50k-ECO-2in1-50000-Fanta-Cola-ice-4-800x800-1.webp\",\"contentUrl\":\"https:\/\/frivape.com\/wp-content\/uploads\/2026\/04\/Fumot-50k-ECO-2in1-50000-Fanta-Cola-ice-4-800x800-1.webp\",\"width\":800,\"height\":800},{\"@type\":\"BreadcrumbList\",\"@id\":\"https:\/\/frivape.com\/product\/fumot-50k-eco-2in1-50000-puffs-disposable-vape\/#breadcrumb\",\"itemListElement\":[{\"@type\":\"ListItem\",\"position\":1,\"name\":\"\u9996\u9875\",\"item\":\"https:\/\/frivape.com\/\"},{\"@type\":\"ListItem\",\"position\":2,\"name\":\"Shop\",\"item\":\"https:\/\/frivape.com\/shop\/\"},{\"@type\":\"ListItem\",\"position\":3,\"name\":\"Fumot ECO 2in1 50000 Puffs Disposable Vape | Dual-Flavor Tank | Smart Display &amp; RGB\"}]},{\"@type\":\"WebSite\",\"@id\":\"https:\/\/frivape.com\/#website\",\"url\":\"https:\/\/frivape.com\/\",\"name\":\"frivape | Online Vape Store - Best Vapes, Mods &amp; Disposable Kits\",\"description\":\"Shop frivape, your premier online vape shop for authentic mods, disposable vapes, and premium e-liquids. Direct from Shenzhen with fast Europe local shipping. High quality at wholesale prices.\",\"publisher\":{\"@id\":\"https:\/\/frivape.com\/#organization\"},\"potentialAction\":[{\"@type\":\"SearchAction\",\"target\":{\"@type\":\"EntryPoint\",\"urlTemplate\":\"https:\/\/frivape.com\/?s={search_term_string}\"},\"query-input\":{\"@type\":\"PropertyValueSpecification\",\"valueRequired\":true,\"valueName\":\"search_term_string\"}}],\"inLanguage\":\"fr-FR\"},{\"@type\":\"Organization\",\"@id\":\"https:\/\/frivape.com\/#organization\",\"name\":\"frivape | Online Vape Store - Best Vapes, Mods &amp; Disposable Kits\",\"url\":\"https:\/\/frivape.com\/\",\"logo\":{\"@type\":\"ImageObject\",\"inLanguage\":\"fr-FR\",\"@id\":\"https:\/\/frivape.com\/#\/schema\/logo\/image\/\",\"url\":\"https:\/\/frivape.com\/wp-content\/uploads\/2026\/03\/cropped-frivape-site-title-icon.png\",\"contentUrl\":\"https:\/\/frivape.com\/wp-content\/uploads\/2026\/03\/cropped-frivape-site-title-icon.png\",\"width\":470,\"height\":110,\"caption\":\"frivape | Online Vape Store - Best Vapes, Mods &amp; Disposable Kits\"},\"image\":{\"@id\":\"https:\/\/frivape.com\/#\/schema\/logo\/image\/\"}}]}<\/script>\n<!-- \/ Yoast SEO plugin. -->","yoast_head_json":{"title":"Fumot 50k ECO 2in1 50000 Puffs Vape | Dual Flavor &amp; Smart Screen","description":"D\u00e9couvrez le Fumot 50k ECO 2in1. 50 000 bouff\u00e9es, dual-tank (10ml+10ml) flavor switching, 0.9\u03a9 mesh coil, et Smart Display. Vente en gros rapide dans l'entrep\u00f4t de l'UE.","robots":{"index":"noindex","follow":"follow","max-snippet":"max-snippet:-1","max-image-preview":"max-image-preview:large","max-video-preview":"max-video-preview:-1"},"og_locale":"fr_FR","og_type":"article","og_title":"Fumot 50k ECO 2in1 50000 Puffs Vape | Dual Flavor & Smart Screen","og_description":"Experience the Fumot 50k ECO 2in1. 50,000 puffs, dual-tank (10ml+10ml) flavor switching, 0.9\u03a9 mesh coil, and Smart Display. Fast EU Warehouse wholesale.","og_url":"https:\/\/frivape.com\/fr\/product\/fumot-50k-eco-2in1-50000-puffs-jetable-vape\/","og_site_name":"frivape | Online Vape Store - Best Vapes, Mods &amp; Disposable Kits","article_modified_time":"2026-04-15T16:50:47+00:00","og_image":[{"width":800,"height":800,"url":"https:\/\/frivape.com\/wp-content\/uploads\/2026\/04\/Fumot-50k-ECO-2in1-50000-Fanta-Cola-ice-4-800x800-1.webp","type":"image\/webp"}],"twitter_card":"summary_large_image","twitter_misc":{"Dur\u00e9e de lecture estim\u00e9e":"4 minutes"},"schema":{"@context":"https:\/\/schema.org","@graph":[{"@type":"WebPage","@id":"https:\/\/frivape.com\/product\/fumot-50k-eco-2in1-50000-puffs-disposable-vape\/","url":"https:\/\/frivape.com\/product\/fumot-50k-eco-2in1-50000-puffs-disposable-vape\/","name":"Fumot 50k ECO 2in1 50000 Puffs Vape | Dual Flavor &amp; Smart Screen","isPartOf":{"@id":"https:\/\/frivape.com\/#website"},"primaryImageOfPage":{"@id":"https:\/\/frivape.com\/product\/fumot-50k-eco-2in1-50000-puffs-disposable-vape\/#primaryimage"},"image":{"@id":"https:\/\/frivape.com\/product\/fumot-50k-eco-2in1-50000-puffs-disposable-vape\/#primaryimage"},"thumbnailUrl":"https:\/\/frivape.com\/wp-content\/uploads\/2026\/04\/Fumot-50k-ECO-2in1-50000-Fanta-Cola-ice-4-800x800-1.webp","datePublished":"2026-04-15T16:40:44+00:00","dateModified":"2026-04-15T16:50:47+00:00","description":"D\u00e9couvrez le Fumot 50k ECO 2in1. 50 000 bouff\u00e9es, dual-tank (10ml+10ml) flavor switching, 0.9\u03a9 mesh coil, et Smart Display. Vente en gros rapide dans l'entrep\u00f4t de l'UE.","breadcrumb":{"@id":"https:\/\/frivape.com\/product\/fumot-50k-eco-2in1-50000-puffs-disposable-vape\/#breadcrumb"},"inLanguage":"fr-FR","potentialAction":[{"@type":"ReadAction","target":["https:\/\/frivape.com\/product\/fumot-50k-eco-2in1-50000-puffs-disposable-vape\/"]}]},{"@type":"ImageObject","inLanguage":"fr-FR","@id":"https:\/\/frivape.com\/product\/fumot-50k-eco-2in1-50000-puffs-disposable-vape\/#primaryimage","url":"https:\/\/frivape.com\/wp-content\/uploads\/2026\/04\/Fumot-50k-ECO-2in1-50000-Fanta-Cola-ice-4-800x800-1.webp","contentUrl":"https:\/\/frivape.com\/wp-content\/uploads\/2026\/04\/Fumot-50k-ECO-2in1-50000-Fanta-Cola-ice-4-800x800-1.webp","width":800,"height":800},{"@type":"BreadcrumbList","@id":"https:\/\/frivape.com\/product\/fumot-50k-eco-2in1-50000-puffs-disposable-vape\/#breadcrumb","itemListElement":[{"@type":"ListItem","position":1,"name":"\u9996\u9875","item":"https:\/\/frivape.com\/"},{"@type":"ListItem","position":2,"name":"Shop","item":"https:\/\/frivape.com\/shop\/"},{"@type":"ListItem","position":3,"name":"Fumot ECO 2in1 50000 Puffs Disposable Vape | Dual-Flavor Tank | Smart Display &amp; RGB"}]},{"@type":"WebSite","@id":"https:\/\/frivape.com\/#website","url":"https:\/\/frivape.com\/","name":"frivape | Online Vape Store - Best Vapes, Mods &amp; Disposable Kits","description":"Le magasin frivape, votre premier magasin de vape en ligne pour des mods authentiques, des vapes jetables et des e-liquides de premi\u00e8re qualit\u00e9. Directement de Shenzhen avec une livraison rapide en Europe. Haute qualit\u00e9 \u00e0 des prix de gros.","publisher":{"@id":"https:\/\/frivape.com\/#organization"},"potentialAction":[{"@type":"SearchAction","target":{"@type":"EntryPoint","urlTemplate":"https:\/\/frivape.com\/?s={search_term_string}"},"query-input":{"@type":"PropertyValueSpecification","valueRequired":true,"valueName":"search_term_string"}}],"inLanguage":"fr-FR"},{"@type":"Organization","@id":"https:\/\/frivape.com\/#organization","name":"frivape | Online Vape Store - Best Vapes, Mods &amp; Disposable Kits","url":"https:\/\/frivape.com\/","logo":{"@type":"ImageObject","inLanguage":"fr-FR","@id":"https:\/\/frivape.com\/#\/schema\/logo\/image\/","url":"https:\/\/frivape.com\/wp-content\/uploads\/2026\/03\/cropped-frivape-site-title-icon.png","contentUrl":"https:\/\/frivape.com\/wp-content\/uploads\/2026\/03\/cropped-frivape-site-title-icon.png","width":470,"height":110,"caption":"frivape | Online Vape Store - Best Vapes, Mods &amp; Disposable Kits"},"image":{"@id":"https:\/\/frivape.com\/#\/schema\/logo\/image\/"}}]}},"tiered_pricing_type":"fixed","tiered_pricing_fixed_rules":{"10":14.99,"50":13.99,"100":12.99,"200":11.99},"tiered_pricing_product_settings":{"layout":"default","base_unit_name":{"singular":null,"plural":null},"default_variation":{}},"tiered_pricing_minimum_quantity":null,"tiered_pricing_roles_data":[],"tiered_pricing_percentage_rules":[],"_links":{"self":[{"href":"https:\/\/frivape.com\/fr\/wp-json\/wp\/v2\/product\/9236","targetHints":{"allow":["GET"]}}],"collection":[{"href":"https:\/\/frivape.com\/fr\/wp-json\/wp\/v2\/product"}],"about":[{"href":"https:\/\/frivape.com\/fr\/wp-json\/wp\/v2\/types\/product"}],"replies":[{"embeddable":true,"href":"https:\/\/frivape.com\/fr\/wp-json\/wp\/v2\/comments?post=9236"}],"wp:featuredmedia":[{"embeddable":true,"href":"https:\/\/frivape.com\/fr\/wp-json\/wp\/v2\/media\/9237"}],"wp:attachment":[{"href":"https:\/\/frivape.com\/fr\/wp-json\/wp\/v2\/media?parent=9236"}],"wp:term":[{"taxonomy":"product_brand","embeddable":true,"href":"https:\/\/frivape.com\/fr\/wp-json\/wp\/v2\/product_brand?post=9236"},{"taxonomy":"product_cat","embeddable":true,"href":"https:\/\/frivape.com\/fr\/wp-json\/wp\/v2\/product_cat?post=9236"},{"taxonomy":"product_tag","embeddable":true,"href":"https:\/\/frivape.com\/fr\/wp-json\/wp\/v2\/product_tag?post=9236"}],"curies":[{"name":"wp","href":"https:\/\/api.w.org\/{rel}","templated":true}]}}