{"id":8299,"date":"2026-04-09T11:49:24","date_gmt":"2026-04-09T03:49:24","guid":{"rendered":"https:\/\/frivape.com\/?post_type=product&#038;p=8299"},"modified":"2026-04-09T12:02:57","modified_gmt":"2026-04-09T04:02:57","slug":"bang-25000-puff-monouso-vape-display-led-intelligente","status":"publish","type":"product","link":"https:\/\/frivape.com\/it\/product\/bang-25000-puff-monouso-vape-display-led-intelligente\/","title":{"rendered":"Bang 25000 boccate di vapore usa e getta con display a LED intelligente e capsula a rete da 1,0 \u03a9"},"content":{"rendered":"<h2 class=\"wp-block-heading has-text-align-center\"><strong>Provate l'esperienza di \u201cpotenza e gusto audace\u201d con Bang 25000 Puffs<\/strong><\/h2>\n\n\n\n<p>Come sensazione globale nel settore del vaping, <strong>Bang<\/strong> continua la sua missione di fornire tecnologia all'avanguardia. Il <strong>Bang 25000 Puff (Edizione 25k)<\/strong> non \u00e8 una semplice sigaretta: \u00e8 una sigaretta elettronica ad alte prestazioni progettata per sostituire il fumo tradizionale con un'alternativa pi\u00f9 soddisfacente e tecnologica. Utilizzando la firma <strong>Tecnologia Mesh Coil<\/strong>, Questo dispositivo garantisce che ogni estrazione, dalla prima alla 25.000, sia ricca di sapore intenso.<\/p>\n\n\n\n<h3 class=\"wp-block-heading\"><strong>Tecnologia di vaping avanzata<\/strong><\/h3>\n\n\n\n<ul class=\"wp-block-list\">\n<li><strong>Display digitale del cruscotto:<\/strong> Rimanete informati con il programma integrato <strong>Schermo LED intelligente<\/strong>. Fornisce una chiara lettura digitale della percentuale di batteria rimanente e dei livelli di e-liquid, assicurando che non siate mai colti di sorpresa da un colpo secco o da un dispositivo scarico.<\/li>\n\n\n\n<li><strong>Capacit\u00e0 impareggiabile di 30 ml:<\/strong> Dotata di un'enorme camera per e-liquid da 30 ml, Bang 25000 \u00e8 progettata per durare nel tempo. \u00c8 la scelta migliore per i consumatori abituali e per chi cerca una penna da svapo usa e getta economica e di lunga durata.<\/li>\n\n\n\n<li><strong>Controllo del vapore personalizzabile:<\/strong> Il sistema di flusso d'aria regolabile consente di regolare con precisione l'estrazione. Stringetelo per un'estrazione classica <strong>MTL (Mouth to Lung)<\/strong> sigaretta, oppure aprirlo per una sensazione pi\u00f9 <strong>RDL (Restricted Direct Lung)<\/strong> esperienza di cloud-chasing.<\/li>\n\n\n\n<li><strong>Ricarica rapida di tipo C:<\/strong> Alimentato da una batteria ricaricabile da 650 mAh, Bang 25k supporta la ricarica rapida e raggiunge la piena potenza in circa 20-30 minuti, riducendo al minimo i tempi di inattivit\u00e0.<\/li>\n<\/ul>\n\n\n\n<h3 class=\"wp-block-heading\"><strong>La serie dei 12 sapori audaci<\/strong><\/h3>\n\n\n\n<ol start=\"1\" class=\"wp-block-list\">\n<li><strong>Ghiaccio al mirtillo:<\/strong> Bacche aspre con un finale agghiacciante di mentolo.<\/li>\n\n\n\n<li><strong>Kiwi alla fragola:<\/strong> Una classica fusione tropicale dolce e piccante.<\/li>\n\n\n\n<li><strong>Anguria alla fragola:<\/strong> Bacche estive e melone rinfrescante.<\/li>\n\n\n\n<li><strong>Frutta mista:<\/strong> Una vibrante esplosione di diversi profili di frutta.<\/li>\n\n\n\n<li><strong>Menta e mirtillo:<\/strong> Note profonde di mirtillo con un'esalazione rinfrescante di menta.<\/li>\n\n\n\n<li><strong>Sangue di tigre:<\/strong> Un'audace ed esotica miscela di frutta.<\/li>\n\n\n\n<li><strong>Mango e pesca:<\/strong> Vellutato mango tropicale abbinato a succose pesche.<\/li>\n\n\n\n<li><strong>Ghiaccio d'uva:<\/strong> Uva matura glassata.<\/li>\n\n\n\n<li><strong>Mirtillo e lampone:<\/strong> Un sofisticato duo di bacche con una dolcezza equilibrata.<\/li>\n\n\n\n<li><strong>Ghiaccio all'anguria:<\/strong> Rinfresco puro e ghiacciato.<\/li>\n\n\n\n<li><strong>Gomma da masticare all'anguria:<\/strong> Una caramella dolce e nostalgica.<\/li>\n\n\n\n<li><strong>Ghiaccio alla fragola:<\/strong> Fragole mature, baciate dal sole e ghiacciate.<\/li>\n<\/ol>\n\n\n\n<h3 class=\"wp-block-heading\"><strong>Domande frequenti (FAQ)<\/strong><\/h3>\n\n\n\n<ul class=\"wp-block-list\">\n<li><strong>Il Bang 25000 \u00e8 adatto ai principianti?<\/strong> Assolutamente. Si tratta di un dispositivo ad estrazione senza pulsanti complicati, che lo rende perfetto sia per i nuovi vapers che per quelli pi\u00f9 esperti.<\/li>\n\n\n\n<li><strong>Come funziona lo Smart Screen?<\/strong> Lo schermo si attiva automaticamente quando si inspira, visualizzando la percentuale esatta della batteria e il livello di olio rimanente nel serbatoio.<\/li>\n\n\n\n<li><strong>Qual \u00e8 il vantaggio della bobina a maglie da 1,0\u03a9?<\/strong> La struttura a maglie fornisce una maggiore superficie per riscaldare l'e-liquid, con un conseguente colpo di gola pi\u00f9 morbido e una migliore riproduzione del sapore rispetto alle bobine standard.<\/li>\n\n\n\n<li><strong>\u00c8 possibile effettuare spedizioni in tutto il mondo?<\/strong> S\u00ec, offriamo una spedizione veloce e affidabile dal nostro <strong>Magazzino UE<\/strong> e <strong>Shenzhen<\/strong> che assicurano lo sdoganamento e la consegna esente da imposte nella maggior parte delle regioni.<\/li>\n<\/ul>\n\n\n\n<hr class=\"wp-block-separator has-alpha-channel-opacity\"\/>\n\n\n\n<p><strong>ATTENZIONE:<\/strong> Questo prodotto contiene nicotina. La nicotina \u00e8 una sostanza chimica che crea dipendenza.<\/p>\n\n\n\n<p><strong>Limiti di et\u00e0:<\/strong> Per acquistare e utilizzare questo prodotto \u00e8 necessario avere pi\u00f9 di 18 anni (o l'et\u00e0 legale per fumare nella propria regione). Tenere fuori dalla portata dei bambini e degli animali domestici.<\/p>","protected":false},"excerpt":{"rendered":"<p data-path-to-node=\"7\">Il <b data-path-to-node=\"7\" data-index-in-node=\"4\">Bang 25000<\/b> stabilisce un nuovo punto di riferimento per i vapers monouso di lunga durata.<\/p>\n<ul data-path-to-node=\"8\">\n<li>\n<p data-path-to-node=\"8,0,0\"><b data-path-to-node=\"8,0,0\" data-index-in-node=\"0\">Conteggio dei soffi:<\/b> 25.000 boccate per un uso prolungato.<\/p>\n<\/li>\n<li>\n<p data-path-to-node=\"8,1,0\"><b data-path-to-node=\"8,1,0\" data-index-in-node=\"0\">Liquido elettronico:<\/b> Serbatoio Premium pre-riempito da 30 ml.<\/p>\n<\/li>\n<li>\n<p data-path-to-node=\"8,2,0\"><b data-path-to-node=\"8,2,0\" data-index-in-node=\"0\">Tecnologia intelligente:<\/b> Schermo LED digitale per il monitoraggio in tempo reale della batteria e della carica.<\/p>\n<\/li>\n<li>\n<p data-path-to-node=\"8,3,0\"><b data-path-to-node=\"8,3,0\" data-index-in-node=\"0\">Batteria:<\/b> Batteria ad alta densit\u00e0 da 650 mAh (ricaricabile di tipo C).<\/p>\n<\/li>\n<li>\n<p data-path-to-node=\"8,4,0\"><b data-path-to-node=\"8,4,0\" data-index-in-node=\"0\">Riscaldamento di precisione:<\/b> Bobina a maglia da 1,0\u03a9 per un vapore ricco e costante.<\/p>\n<\/li>\n<li>\n<p data-path-to-node=\"8,5,0\"><b data-path-to-node=\"8,5,0\" data-index-in-node=\"0\">Flusso d'aria:<\/b> Ghiera del flusso d'aria completamente regolabile per gli stili MTL e RDL.<\/p>\n<\/li>\n<\/ul>\n<p>&nbsp;<\/p>","protected":false},"featured_media":8300,"comment_status":"open","ping_status":"closed","template":"","meta":[],"product_brand":[61],"product_cat":[87,95,83],"product_tag":[75,76,93,77,79],"class_list":{"0":"post-8299","1":"product","2":"type-product","3":"status-publish","4":"has-post-thumbnail","6":"product_brand-bang","7":"product_cat-iced-fruit-vapes","8":"product_cat-mesh-coil-vapes","9":"product_cat-pro-puffs-vapes","10":"product_tag-eu-warehouse","11":"product_tag-mtl-vaping","12":"product_tag-rdl-vaping","13":"product_tag-recharge","14":"product_tag-smart-screen-display","16":"first","17":"instock","18":"sale","19":"shipping-taxable","20":"purchasable","21":"product-type-variable"},"yoast_head":"<!-- This site is optimized with the Yoast SEO plugin v27.1.1 - https:\/\/yoast.com\/product\/yoast-seo-wordpress\/ -->\n<title>Bang 25000 25k Puffs Disposable Vape - Smart LED Display &amp; Adjustable Airflow<\/title>\n<meta name=\"description\" content=\"Shop the Bang 25000 Puffs Disposable Vape. Features 30mL e-liquid, 650mAh battery, Smart LED screen, and adjustable airflow. Available in 0%-5% nicotine. Fast shipping!\" \/>\n<meta name=\"robots\" content=\"noindex, follow, max-snippet:-1, max-image-preview:large, max-video-preview:-1\" \/>\n<meta property=\"og:locale\" content=\"it_IT\" \/>\n<meta property=\"og:type\" content=\"article\" \/>\n<meta property=\"og:title\" content=\"Bang 25000 25k Puffs Disposable Vape - Smart LED Display &amp; Adjustable Airflow\" \/>\n<meta property=\"og:description\" content=\"Shop the Bang 25000 Puffs Disposable Vape. Features 30mL e-liquid, 650mAh battery, Smart LED screen, and adjustable airflow. Available in 0%-5% nicotine. Fast shipping!\" \/>\n<meta property=\"og:url\" content=\"https:\/\/frivape.com\/it\/product\/bang-25000-puff-monouso-vape-display-led-intelligente\/\" \/>\n<meta property=\"og:site_name\" content=\"frivape | Online Vape Store - Best Vapes, Mods &amp; Disposable Kits\" \/>\n<meta property=\"article:modified_time\" content=\"2026-04-09T04:02:57+00:00\" \/>\n<meta property=\"og:image\" content=\"https:\/\/frivape.com\/wp-content\/uploads\/2026\/04\/bang-25000-puffs-tiger-blood-flavor.webp\" \/>\n\t<meta property=\"og:image:width\" content=\"1000\" \/>\n\t<meta property=\"og:image:height\" content=\"1000\" \/>\n\t<meta property=\"og:image:type\" content=\"image\/webp\" \/>\n<meta name=\"twitter:card\" content=\"summary_large_image\" \/>\n<meta name=\"twitter:label1\" content=\"Tempo di lettura stimato\" \/>\n\t<meta name=\"twitter:data1\" content=\"3 minuti\" \/>\n<script type=\"application\/ld+json\" class=\"yoast-schema-graph\">{\"@context\":\"https:\/\/schema.org\",\"@graph\":[{\"@type\":\"WebPage\",\"@id\":\"https:\/\/frivape.com\/product\/bang-25000-puffs-disposable-vape-smart-led-display\/\",\"url\":\"https:\/\/frivape.com\/product\/bang-25000-puffs-disposable-vape-smart-led-display\/\",\"name\":\"Bang 25000 25k Puffs Disposable Vape - Smart LED Display & Adjustable Airflow\",\"isPartOf\":{\"@id\":\"https:\/\/frivape.com\/#website\"},\"primaryImageOfPage\":{\"@id\":\"https:\/\/frivape.com\/product\/bang-25000-puffs-disposable-vape-smart-led-display\/#primaryimage\"},\"image\":{\"@id\":\"https:\/\/frivape.com\/product\/bang-25000-puffs-disposable-vape-smart-led-display\/#primaryimage\"},\"thumbnailUrl\":\"https:\/\/frivape.com\/wp-content\/uploads\/2026\/04\/bang-25000-puffs-tiger-blood-flavor.webp\",\"datePublished\":\"2026-04-09T03:49:24+00:00\",\"dateModified\":\"2026-04-09T04:02:57+00:00\",\"description\":\"Shop the Bang 25000 Puffs Disposable Vape. Features 30mL e-liquid, 650mAh battery, Smart LED screen, and adjustable airflow. Available in 0%-5% nicotine. Fast shipping!\",\"breadcrumb\":{\"@id\":\"https:\/\/frivape.com\/product\/bang-25000-puffs-disposable-vape-smart-led-display\/#breadcrumb\"},\"inLanguage\":\"it-IT\",\"potentialAction\":[{\"@type\":\"ReadAction\",\"target\":[\"https:\/\/frivape.com\/product\/bang-25000-puffs-disposable-vape-smart-led-display\/\"]}]},{\"@type\":\"ImageObject\",\"inLanguage\":\"it-IT\",\"@id\":\"https:\/\/frivape.com\/product\/bang-25000-puffs-disposable-vape-smart-led-display\/#primaryimage\",\"url\":\"https:\/\/frivape.com\/wp-content\/uploads\/2026\/04\/bang-25000-puffs-tiger-blood-flavor.webp\",\"contentUrl\":\"https:\/\/frivape.com\/wp-content\/uploads\/2026\/04\/bang-25000-puffs-tiger-blood-flavor.webp\",\"width\":1000,\"height\":1000},{\"@type\":\"BreadcrumbList\",\"@id\":\"https:\/\/frivape.com\/product\/bang-25000-puffs-disposable-vape-smart-led-display\/#breadcrumb\",\"itemListElement\":[{\"@type\":\"ListItem\",\"position\":1,\"name\":\"\u9996\u9875\",\"item\":\"https:\/\/frivape.com\/\"},{\"@type\":\"ListItem\",\"position\":2,\"name\":\"Shop\",\"item\":\"https:\/\/frivape.com\/shop\/\"},{\"@type\":\"ListItem\",\"position\":3,\"name\":\"Bang 25000 Puffs Disposable Vape | Smart LED Display &amp; 1.0\u03a9 Mesh Coil Pod\"}]},{\"@type\":\"WebSite\",\"@id\":\"https:\/\/frivape.com\/#website\",\"url\":\"https:\/\/frivape.com\/\",\"name\":\"frivape | Online Vape Store - Best Vapes, Mods &amp; Disposable Kits\",\"description\":\"Shop frivape, your premier online vape shop for authentic mods, disposable vapes, and premium e-liquids. Direct from Shenzhen with fast Europe local shipping. High quality at wholesale prices.\",\"publisher\":{\"@id\":\"https:\/\/frivape.com\/#organization\"},\"potentialAction\":[{\"@type\":\"SearchAction\",\"target\":{\"@type\":\"EntryPoint\",\"urlTemplate\":\"https:\/\/frivape.com\/?s={search_term_string}\"},\"query-input\":{\"@type\":\"PropertyValueSpecification\",\"valueRequired\":true,\"valueName\":\"search_term_string\"}}],\"inLanguage\":\"it-IT\"},{\"@type\":\"Organization\",\"@id\":\"https:\/\/frivape.com\/#organization\",\"name\":\"frivape | Online Vape Store - Best Vapes, Mods &amp; Disposable Kits\",\"url\":\"https:\/\/frivape.com\/\",\"logo\":{\"@type\":\"ImageObject\",\"inLanguage\":\"it-IT\",\"@id\":\"https:\/\/frivape.com\/#\/schema\/logo\/image\/\",\"url\":\"https:\/\/frivape.com\/wp-content\/uploads\/2026\/03\/cropped-frivape-site-title-icon.png\",\"contentUrl\":\"https:\/\/frivape.com\/wp-content\/uploads\/2026\/03\/cropped-frivape-site-title-icon.png\",\"width\":470,\"height\":110,\"caption\":\"frivape | Online Vape Store - Best Vapes, Mods &amp; Disposable Kits\"},\"image\":{\"@id\":\"https:\/\/frivape.com\/#\/schema\/logo\/image\/\"}}]}<\/script>\n<!-- \/ Yoast SEO plugin. -->","yoast_head_json":{"title":"Bang 25000 25k Puff usa e getta - Display LED intelligente e flusso d'aria regolabile","description":"Acquista il Vape usa e getta Bang 25000 Puffs. Dispone di 30 ml di e-liquid, batteria da 650 mAh, schermo LED intelligente e flusso d'aria regolabile. Disponibile con nicotina 0%-5%. Spedizione veloce!","robots":{"index":"noindex","follow":"follow","max-snippet":"max-snippet:-1","max-image-preview":"max-image-preview:large","max-video-preview":"max-video-preview:-1"},"og_locale":"it_IT","og_type":"article","og_title":"Bang 25000 25k Puffs Disposable Vape - Smart LED Display & Adjustable Airflow","og_description":"Shop the Bang 25000 Puffs Disposable Vape. Features 30mL e-liquid, 650mAh battery, Smart LED screen, and adjustable airflow. Available in 0%-5% nicotine. Fast shipping!","og_url":"https:\/\/frivape.com\/it\/product\/bang-25000-puff-monouso-vape-display-led-intelligente\/","og_site_name":"frivape | Online Vape Store - Best Vapes, Mods &amp; Disposable Kits","article_modified_time":"2026-04-09T04:02:57+00:00","og_image":[{"width":1000,"height":1000,"url":"https:\/\/frivape.com\/wp-content\/uploads\/2026\/04\/bang-25000-puffs-tiger-blood-flavor.webp","type":"image\/webp"}],"twitter_card":"summary_large_image","twitter_misc":{"Tempo di lettura stimato":"3 minuti"},"schema":{"@context":"https:\/\/schema.org","@graph":[{"@type":"WebPage","@id":"https:\/\/frivape.com\/product\/bang-25000-puffs-disposable-vape-smart-led-display\/","url":"https:\/\/frivape.com\/product\/bang-25000-puffs-disposable-vape-smart-led-display\/","name":"Bang 25000 25k Puff usa e getta - Display LED intelligente e flusso d'aria regolabile","isPartOf":{"@id":"https:\/\/frivape.com\/#website"},"primaryImageOfPage":{"@id":"https:\/\/frivape.com\/product\/bang-25000-puffs-disposable-vape-smart-led-display\/#primaryimage"},"image":{"@id":"https:\/\/frivape.com\/product\/bang-25000-puffs-disposable-vape-smart-led-display\/#primaryimage"},"thumbnailUrl":"https:\/\/frivape.com\/wp-content\/uploads\/2026\/04\/bang-25000-puffs-tiger-blood-flavor.webp","datePublished":"2026-04-09T03:49:24+00:00","dateModified":"2026-04-09T04:02:57+00:00","description":"Acquista il Vape usa e getta Bang 25000 Puffs. Dispone di 30 ml di e-liquid, batteria da 650 mAh, schermo LED intelligente e flusso d'aria regolabile. Disponibile con nicotina 0%-5%. Spedizione veloce!","breadcrumb":{"@id":"https:\/\/frivape.com\/product\/bang-25000-puffs-disposable-vape-smart-led-display\/#breadcrumb"},"inLanguage":"it-IT","potentialAction":[{"@type":"ReadAction","target":["https:\/\/frivape.com\/product\/bang-25000-puffs-disposable-vape-smart-led-display\/"]}]},{"@type":"ImageObject","inLanguage":"it-IT","@id":"https:\/\/frivape.com\/product\/bang-25000-puffs-disposable-vape-smart-led-display\/#primaryimage","url":"https:\/\/frivape.com\/wp-content\/uploads\/2026\/04\/bang-25000-puffs-tiger-blood-flavor.webp","contentUrl":"https:\/\/frivape.com\/wp-content\/uploads\/2026\/04\/bang-25000-puffs-tiger-blood-flavor.webp","width":1000,"height":1000},{"@type":"BreadcrumbList","@id":"https:\/\/frivape.com\/product\/bang-25000-puffs-disposable-vape-smart-led-display\/#breadcrumb","itemListElement":[{"@type":"ListItem","position":1,"name":"\u9996\u9875","item":"https:\/\/frivape.com\/"},{"@type":"ListItem","position":2,"name":"Shop","item":"https:\/\/frivape.com\/shop\/"},{"@type":"ListItem","position":3,"name":"Bang 25000 Puffs Disposable Vape | Smart LED Display &amp; 1.0\u03a9 Mesh Coil Pod"}]},{"@type":"WebSite","@id":"https:\/\/frivape.com\/#website","url":"https:\/\/frivape.com\/","name":"frivape | Negozio di vaping online - Migliori vapori, mod e kit usa e getta","description":"Acquista frivape, il tuo principale negozio di vape online per mod autentiche, vapes usa e getta e e-liquid premium. Direttamente da Shenzhen con spedizione veloce in Europa. Alta qualit\u00e0 a prezzi all'ingrosso.","publisher":{"@id":"https:\/\/frivape.com\/#organization"},"potentialAction":[{"@type":"SearchAction","target":{"@type":"EntryPoint","urlTemplate":"https:\/\/frivape.com\/?s={search_term_string}"},"query-input":{"@type":"PropertyValueSpecification","valueRequired":true,"valueName":"search_term_string"}}],"inLanguage":"it-IT"},{"@type":"Organization","@id":"https:\/\/frivape.com\/#organization","name":"frivape | Negozio di vaping online - Migliori vapori, mod e kit usa e getta","url":"https:\/\/frivape.com\/","logo":{"@type":"ImageObject","inLanguage":"it-IT","@id":"https:\/\/frivape.com\/#\/schema\/logo\/image\/","url":"https:\/\/frivape.com\/wp-content\/uploads\/2026\/03\/cropped-frivape-site-title-icon.png","contentUrl":"https:\/\/frivape.com\/wp-content\/uploads\/2026\/03\/cropped-frivape-site-title-icon.png","width":470,"height":110,"caption":"frivape | Online Vape Store - Best Vapes, Mods &amp; Disposable Kits"},"image":{"@id":"https:\/\/frivape.com\/#\/schema\/logo\/image\/"}}]}},"tiered_pricing_type":"fixed","tiered_pricing_fixed_rules":{"10":11.98,"50":10.98,"100":9.98,"200":8.68},"tiered_pricing_product_settings":{"layout":"default","base_unit_name":{"singular":null,"plural":null},"default_variation":{}},"tiered_pricing_minimum_quantity":null,"tiered_pricing_roles_data":[],"tiered_pricing_percentage_rules":[],"_links":{"self":[{"href":"https:\/\/frivape.com\/it\/wp-json\/wp\/v2\/product\/8299","targetHints":{"allow":["GET"]}}],"collection":[{"href":"https:\/\/frivape.com\/it\/wp-json\/wp\/v2\/product"}],"about":[{"href":"https:\/\/frivape.com\/it\/wp-json\/wp\/v2\/types\/product"}],"replies":[{"embeddable":true,"href":"https:\/\/frivape.com\/it\/wp-json\/wp\/v2\/comments?post=8299"}],"wp:featuredmedia":[{"embeddable":true,"href":"https:\/\/frivape.com\/it\/wp-json\/wp\/v2\/media\/8300"}],"wp:attachment":[{"href":"https:\/\/frivape.com\/it\/wp-json\/wp\/v2\/media?parent=8299"}],"wp:term":[{"taxonomy":"product_brand","embeddable":true,"href":"https:\/\/frivape.com\/it\/wp-json\/wp\/v2\/product_brand?post=8299"},{"taxonomy":"product_cat","embeddable":true,"href":"https:\/\/frivape.com\/it\/wp-json\/wp\/v2\/product_cat?post=8299"},{"taxonomy":"product_tag","embeddable":true,"href":"https:\/\/frivape.com\/it\/wp-json\/wp\/v2\/product_tag?post=8299"}],"curies":[{"name":"wp","href":"https:\/\/api.w.org\/{rel}","templated":true}]}}