{"id":8441,"date":"2026-04-11T19:45:43","date_gmt":"2026-04-11T11:45:43","guid":{"rendered":"https:\/\/frivape.com\/?post_type=product&#038;p=8441"},"modified":"2026-04-11T19:55:47","modified_gmt":"2026-04-11T11:55:47","slug":"bang-king-30000-puffs-doppio-gusto-monouso-vape","status":"publish","type":"product","link":"https:\/\/frivape.com\/it\/product\/bang-king-30000-puffs-doppio-gusto-monouso-vape\/","title":{"rendered":"Bang King 30000 boccate di vapore usa e getta e serbatoio a doppio sapore e display LCD intelligente"},"content":{"rendered":"<h2 class=\"wp-block-heading has-text-align-center\"><strong>Scatenate il re delle nuvole: Bang King 30000 Puffs Edizione Smart<\/strong><\/h2>\n\n\n\n<p>Il <strong>Bang King 30000 boccate di vapore monouso<\/strong> \u00e8 l'incarnazione definitiva della missione di Bang: <strong>\u201cPotenza, prestazioni e sapore deciso\u201d.\u201d<\/strong> Mentre l'industria del vaping si muove verso dispositivi ad alta capacit\u00e0, Bang ha ancora una volta stabilito uno standard globale. Questo <strong>30k puff vape<\/strong> non \u00e8 solo un dispositivo ad alta capacit\u00e0, ma un sofisticato dispositivo di <strong>Sistema di aromi 2 in 1<\/strong> progettato per gli appassionati che si rifiutano di scendere a compromessi in termini di variet\u00e0 o longevit\u00e0. Che siate clienti al dettaglio o alla ricerca di <strong>vapes monouso all'ingrosso<\/strong>, Bang King 30000 offre un ROI imbattibile e un'alternativa premium al tabacco tradizionale.<\/p>\n\n\n\n<h3 class=\"wp-block-heading\"><strong>Innovativa tecnologia a doppio gusto e doppio serbatoio<\/strong><\/h3>\n\n\n\n<p>Cosa stabilisce il <strong>Bang King 30.000<\/strong> a parte nell'affollato <strong>sigaretta elettronica<\/strong> mercato \u00e8 il suo rivoluzionario <strong>Capacit\u00e0 di doppio gusto<\/strong>. Dotato di <strong>doppio serbatoio per e-liquid da 18 ml pre-riempito<\/strong> (per un totale di un enorme <strong>Capacit\u00e0 di 36 ml<\/strong>), questo dispositivo consente di avere due profili distinti in un unico telaio ergonomico. Con una semplice levetta manuale, \u00e8 possibile passare dal rinfrescante mentolo al dolce frutto tropicale. Questo lo rende il <strong>miglior vape 30000 puff<\/strong> per chi soffre di \u201clingua del vaper\u201d e ha bisogno di una variet\u00e0 di sapori durante la giornata.<\/p>\n\n\n\n<h3 class=\"wp-block-heading\"><strong>Monitoraggio intelligente di nuova generazione e ingegneria delle bobine a maglia<\/strong><\/h3>\n\n\n\n<p>Il cuore del <strong>Bang King 30k<\/strong> \u00e8 un prodotto all'avanguardia <strong>Bobina a maglia da 1,0\u03a9<\/strong>. Questo elemento riscaldante specializzato aumenta la superficie di atomizzazione dell'e-liquid, con il risultato che <strong>riproduzione omogenea del sapore<\/strong> e nuvole di vapore dense e uniformi fin dalla prima estrazione. Il sistema integrato <strong>Display digitale LCD intelligente<\/strong> fornisce una trasparenza in tempo reale, mostrando l'esatta percentuale di batteria e i livelli di e-liquid. Non dovrete pi\u00f9 tirare a indovinare quando il vostro <strong>cialda ricaricabile per vape<\/strong> si esaurir\u00e0 il succo - questo \u00e8 <strong>tecnologia di vaping intelligente<\/strong> al meglio.<\/p>\n\n\n\n<h3 class=\"wp-block-heading\"><strong>Eccellenza all'ingrosso e conformit\u00e0 globale<\/strong><\/h3>\n\n\n\n<p>Per i partner B2B e per gli acquirenti all'ingrosso, il <strong>Bang King 30000<\/strong> \u00e8 una potenza di vendita di prim'ordine. Forniamo molteplici <strong>sale di nicotina<\/strong> concentrazioni-<strong>0%, 2%, 3% e 5%<\/strong>-garantendo la conformit\u00e0 alla TPD e alle normative regionali in oltre 50 Paesi. La nostra rete logistica, caratterizzata da una <strong>Origine Shenzhen<\/strong> e di un'area dedicata <strong>Magazzino UE<\/strong>, garantisce che il vostro <strong>ordini di vape all'ingrosso<\/strong> arrivano velocemente e senza tasse.<\/p>\n\n\n\n<h3 class=\"wp-block-heading\"><strong>Squisito menu a doppio gusto in 12 set<\/strong><\/h3>\n\n\n\n<ol start=\"1\" class=\"wp-block-list\">\n<li><strong>Ghiaccio all'anguria e menta al mirtillo:<\/strong> Il melone fresco incontra la menta fresca e rinfrescante.<\/li>\n\n\n\n<li><strong>Ghiaccio all'anguria e Mango alla fragola:<\/strong> Un'esplosione tropicale di frutti baciati dal sole.<\/li>\n\n\n\n<li><strong>Fragola, anguria e kiwi, frutto della passione e guaiava:<\/strong> L'ultimo miscuglio di frutta esotica.<\/li>\n\n\n\n<li><strong>Ghiaccio alla fragola e all'uva:<\/strong> Frutti di bosco dolci abbinati a uva di vigna smerigliata.<\/li>\n\n\n\n<li><strong>Ghiaccio al mirtillo e ghiaccio al drago nero:<\/strong> Note profonde di frutti di bosco e misterioso frutto del drago.<\/li>\n\n\n\n<li><strong>Ghiaccio al mirtillo e banana alla fragola:<\/strong> Un classico cremoso e morbido ai frutti di bosco.<\/li>\n\n\n\n<li><strong>Red Bull e anguria al mirtillo:<\/strong> Note energizzanti mescolate a dolci frutti estivi.<\/li>\n\n\n\n<li><strong>Red Bull e caramelle a bolle d'aria all'anguria:<\/strong> Il gusto ad alta energia incontra la dolcezza nostalgica.<\/li>\n\n\n\n<li><strong>Mirtillo, lampone e pesca, mango e anguria:<\/strong> Un'esplosione di frutta complessa e succosa.<\/li>\n\n\n\n<li><strong>Mirtillo, lampone e frutta mista:<\/strong> Una sofisticata miscela di frutti di bosco.<\/li>\n\n\n\n<li><strong>Ghiaccio alla fragola, al kiwi e alla pesca:<\/strong> Il kiwi aspro \u00e8 bilanciato dalla vellutata pesca glassata.<\/li>\n\n\n\n<li><strong>Fragola Kiwi e Mela Acida Lampone:<\/strong> Un profilo gustativo saporito e piccante per gli amanti dell'avventura.<\/li>\n<\/ol>\n\n\n\n<h3 class=\"wp-block-heading\"><strong>Domande frequenti (FAQ)<\/strong><\/h3>\n\n\n\n<ul class=\"wp-block-list\">\n<li><strong>Come sono le 30.000 boccate rispetto alle sigarette tradizionali?<\/strong> Uno <strong>Bang King 30000<\/strong> equivale a circa 100-150 pacchetti di sigarette tradizionali in termini di numero di boccate, il che lo rende un prodotto significativamente pi\u00f9 <strong>alternativa al vaping a prezzi accessibili<\/strong> e una scelta pi\u00f9 ecologica per gli utenti a lungo termine.<\/li>\n\n\n\n<li><strong>Qual \u00e8 il vantaggio del sistema a doppio serbatoio?<\/strong> Il design a doppio serbatoio impedisce la miscelazione degli aromi e consente di <strong>36 ml di e-liquid<\/strong> senza compromettere il fattore di forma compatto e portatile del dispositivo. Offre la variet\u00e0 di due dispositivi al prezzo di uno.<\/li>\n\n\n\n<li><strong>In che modo la bobina a rete da 1,0\u03a9 migliora l'esperienza?<\/strong> A differenza delle bobine di filo standard, le nostre <strong>Tecnologia Mesh Coil<\/strong> riscalda il succo in modo pi\u00f9 uniforme. In questo modo si evitano le bruciature e si garantisce che anche alla 30.000esima boccata il <strong>intensit\u00e0 del sapore<\/strong> rimane audace come il primo.<\/li>\n\n\n\n<li><strong>Questo dispositivo \u00e8 adatto per l'acquisto all'ingrosso e in grandi quantit\u00e0?<\/strong> Assolutamente. Siamo specializzati in <strong>vendita all'ingrosso diretta in fabbrica<\/strong> servizi. Il Bang King 30k \u00e8 un prodotto ad alto margine di guadagno per i rivenditori grazie alla sua popolarit\u00e0 nel mercato. <strong>sensazione globale di vape<\/strong> e l'elevata domanda di funzioni \u201cintelligenti\u201d da parte dei consumatori.<\/li>\n\n\n\n<li><strong>Quanto tempo ci vuole per la ricarica tramite Type-C?<\/strong> Grazie all'alta efficienza <strong>Batteria da 550 mAh<\/strong> e la ricarica rapida di Tipo-C, \u00e8 possibile raggiungere la carica completa in circa <strong>Da 30 a 45 minuti<\/strong>, riducendo al minimo i tempi di inattivit\u00e0 e massimizzando il vostro <strong>vaping in movimento<\/strong> sessioni.<\/li>\n<\/ul>\n\n\n\n<ul class=\"wp-block-list\">\n<li><\/li>\n<\/ul>\n\n\n\n<hr class=\"wp-block-separator has-alpha-channel-opacity\"\/>\n\n\n\n<p><strong>ATTENZIONE:<\/strong> Questo prodotto contiene nicotina. La nicotina \u00e8 una sostanza chimica che crea dipendenza.<\/p>\n\n\n\n<p><strong>Limiti di et\u00e0:<\/strong> Per acquistare e utilizzare questo prodotto \u00e8 necessario avere pi\u00f9 di 18 anni (o l'et\u00e0 legale per fumare nella propria regione). Tenere fuori dalla portata dei bambini e degli animali domestici.<\/p>","protected":false},"excerpt":{"rendered":"<p data-path-to-node=\"7\">Il <b data-path-to-node=\"7\" data-index-in-node=\"4\">Bang King 30k<\/b> ha ridefinito la resistenza e la variet\u00e0 nel mondo del vaping.<\/p>\n<ul data-path-to-node=\"8\">\n<li>\n<p data-path-to-node=\"8,0,0\"><b data-path-to-node=\"8,0,0\" data-index-in-node=\"0\">Conteggio dei soffi:<\/b> Ineguagliabile 30.000 soffi (15.000 per gusto).<\/p>\n<\/li>\n<li>\n<p data-path-to-node=\"8,1,0\"><b data-path-to-node=\"8,1,0\" data-index-in-node=\"0\">Doppio gusto:<\/b> Doppio serbatoio da 18 ml (36 ml in totale) con commutazione istantanea dell'aroma.<\/p>\n<\/li>\n<li>\n<p data-path-to-node=\"8,2,0\"><b data-path-to-node=\"8,2,0\" data-index-in-node=\"0\">Monitoraggio intelligente:<\/b> Schermo LCD integrato per il monitoraggio in tempo reale della batteria e del liquido elettronico.<\/p>\n<\/li>\n<li>\n<p data-path-to-node=\"8,3,0\"><b data-path-to-node=\"8,3,0\" data-index-in-node=\"0\">Nucleo avanzato:<\/b> Tecnologia a bobina a rete da 1,0\u03a9 per un vapore fluido e ricco.<\/p>\n<\/li>\n<li>\n<p data-path-to-node=\"8,4,0\"><b data-path-to-node=\"8,4,0\" data-index-in-node=\"0\">Potenza:<\/b> Batteria ad alta efficienza da 550 mAh con ricarica rapida Type-C.<\/p>\n<\/li>\n<li>\n<p data-path-to-node=\"8,5,0\"><b data-path-to-node=\"8,5,0\" data-index-in-node=\"0\">Design:<\/b> Ergonomico, portatile e dalla grafica accattivante.<\/p>\n<\/li>\n<\/ul>","protected":false},"featured_media":8442,"comment_status":"open","ping_status":"closed","template":"","meta":[],"product_brand":[61],"product_cat":[82,87,95],"product_tag":[75,76,77,79],"class_list":{"0":"post-8441","1":"product","2":"type-product","3":"status-publish","4":"has-post-thumbnail","6":"product_brand-bang","7":"product_cat-big-puffs-vapes","8":"product_cat-iced-fruit-vapes","9":"product_cat-mesh-coil-vapes","10":"product_tag-eu-warehouse","11":"product_tag-mtl-vaping","12":"product_tag-recharge","13":"product_tag-smart-screen-display","15":"first","16":"instock","17":"sale","18":"shipping-taxable","19":"purchasable","20":"product-type-variable"},"yoast_head":"<!-- This site is optimized with the Yoast SEO plugin v27.1.1 - https:\/\/yoast.com\/product\/yoast-seo-wordpress\/ -->\n<title>Bang King 30000 Puffs Disposable Vape - Double Taste Dual Tank &amp; LCD Display<\/title>\n<meta name=\"description\" content=\"Experience 30,000 puffs with the Bang King 30k. Features 36mL dual-tank Double Taste technology, 550mAh rechargeable battery, and smart LCD display. Fast EU shipping!\" \/>\n<meta name=\"robots\" content=\"noindex, follow, max-snippet:-1, max-image-preview:large, max-video-preview:-1\" \/>\n<meta property=\"og:locale\" content=\"it_IT\" \/>\n<meta property=\"og:type\" content=\"article\" \/>\n<meta property=\"og:title\" content=\"Bang King 30000 Puffs Disposable Vape - Double Taste Dual Tank &amp; LCD Display\" \/>\n<meta property=\"og:description\" content=\"Experience 30,000 puffs with the Bang King 30k. Features 36mL dual-tank Double Taste technology, 550mAh rechargeable battery, and smart LCD display. Fast EU shipping!\" \/>\n<meta property=\"og:url\" content=\"https:\/\/frivape.com\/it\/product\/bang-king-30000-puffs-doppio-gusto-monouso-vape\/\" \/>\n<meta property=\"og:site_name\" content=\"frivape | Online Vape Store - Best Vapes, Mods &amp; Disposable Kits\" \/>\n<meta property=\"article:modified_time\" content=\"2026-04-11T11:55:47+00:00\" \/>\n<meta property=\"og:image\" content=\"https:\/\/frivape.com\/wp-content\/uploads\/2026\/04\/vape-bang-king-30k-30000-puffs-main-image.jpg.webp\" \/>\n\t<meta property=\"og:image:width\" content=\"1000\" \/>\n\t<meta property=\"og:image:height\" content=\"1000\" \/>\n\t<meta property=\"og:image:type\" content=\"image\/webp\" \/>\n<meta name=\"twitter:card\" content=\"summary_large_image\" \/>\n<meta name=\"twitter:label1\" content=\"Tempo di lettura stimato\" \/>\n\t<meta name=\"twitter:data1\" content=\"4 minuti\" \/>\n<script type=\"application\/ld+json\" class=\"yoast-schema-graph\">{\"@context\":\"https:\/\/schema.org\",\"@graph\":[{\"@type\":\"WebPage\",\"@id\":\"https:\/\/frivape.com\/product\/bang-king-30000-puffs-double-taste-disposable-vape\/\",\"url\":\"https:\/\/frivape.com\/product\/bang-king-30000-puffs-double-taste-disposable-vape\/\",\"name\":\"Bang King 30000 Puffs Disposable Vape - Double Taste Dual Tank & LCD Display\",\"isPartOf\":{\"@id\":\"https:\/\/frivape.com\/#website\"},\"primaryImageOfPage\":{\"@id\":\"https:\/\/frivape.com\/product\/bang-king-30000-puffs-double-taste-disposable-vape\/#primaryimage\"},\"image\":{\"@id\":\"https:\/\/frivape.com\/product\/bang-king-30000-puffs-double-taste-disposable-vape\/#primaryimage\"},\"thumbnailUrl\":\"https:\/\/frivape.com\/wp-content\/uploads\/2026\/04\/vape-bang-king-30k-30000-puffs-main-image.jpg.webp\",\"datePublished\":\"2026-04-11T11:45:43+00:00\",\"dateModified\":\"2026-04-11T11:55:47+00:00\",\"description\":\"Experience 30,000 puffs with the Bang King 30k. Features 36mL dual-tank Double Taste technology, 550mAh rechargeable battery, and smart LCD display. Fast EU shipping!\",\"breadcrumb\":{\"@id\":\"https:\/\/frivape.com\/product\/bang-king-30000-puffs-double-taste-disposable-vape\/#breadcrumb\"},\"inLanguage\":\"it-IT\",\"potentialAction\":[{\"@type\":\"ReadAction\",\"target\":[\"https:\/\/frivape.com\/product\/bang-king-30000-puffs-double-taste-disposable-vape\/\"]}]},{\"@type\":\"ImageObject\",\"inLanguage\":\"it-IT\",\"@id\":\"https:\/\/frivape.com\/product\/bang-king-30000-puffs-double-taste-disposable-vape\/#primaryimage\",\"url\":\"https:\/\/frivape.com\/wp-content\/uploads\/2026\/04\/vape-bang-king-30k-30000-puffs-main-image.jpg.webp\",\"contentUrl\":\"https:\/\/frivape.com\/wp-content\/uploads\/2026\/04\/vape-bang-king-30k-30000-puffs-main-image.jpg.webp\",\"width\":1000,\"height\":1000},{\"@type\":\"BreadcrumbList\",\"@id\":\"https:\/\/frivape.com\/product\/bang-king-30000-puffs-double-taste-disposable-vape\/#breadcrumb\",\"itemListElement\":[{\"@type\":\"ListItem\",\"position\":1,\"name\":\"\u9996\u9875\",\"item\":\"https:\/\/frivape.com\/\"},{\"@type\":\"ListItem\",\"position\":2,\"name\":\"Shop\",\"item\":\"https:\/\/frivape.com\/shop\/\"},{\"@type\":\"ListItem\",\"position\":3,\"name\":\"Bang King 30000 Puffs Disposable Vape | Dual Flavor Tank &amp; Smart LCD Display\"}]},{\"@type\":\"WebSite\",\"@id\":\"https:\/\/frivape.com\/#website\",\"url\":\"https:\/\/frivape.com\/\",\"name\":\"frivape | Online Vape Store - Best Vapes, Mods &amp; Disposable Kits\",\"description\":\"Shop frivape, your premier online vape shop for authentic mods, disposable vapes, and premium e-liquids. Direct from Shenzhen with fast Europe local shipping. High quality at wholesale prices.\",\"publisher\":{\"@id\":\"https:\/\/frivape.com\/#organization\"},\"potentialAction\":[{\"@type\":\"SearchAction\",\"target\":{\"@type\":\"EntryPoint\",\"urlTemplate\":\"https:\/\/frivape.com\/?s={search_term_string}\"},\"query-input\":{\"@type\":\"PropertyValueSpecification\",\"valueRequired\":true,\"valueName\":\"search_term_string\"}}],\"inLanguage\":\"it-IT\"},{\"@type\":\"Organization\",\"@id\":\"https:\/\/frivape.com\/#organization\",\"name\":\"frivape | Online Vape Store - Best Vapes, Mods &amp; Disposable Kits\",\"url\":\"https:\/\/frivape.com\/\",\"logo\":{\"@type\":\"ImageObject\",\"inLanguage\":\"it-IT\",\"@id\":\"https:\/\/frivape.com\/#\/schema\/logo\/image\/\",\"url\":\"https:\/\/frivape.com\/wp-content\/uploads\/2026\/03\/cropped-frivape-site-title-icon.png\",\"contentUrl\":\"https:\/\/frivape.com\/wp-content\/uploads\/2026\/03\/cropped-frivape-site-title-icon.png\",\"width\":470,\"height\":110,\"caption\":\"frivape | Online Vape Store - Best Vapes, Mods &amp; Disposable Kits\"},\"image\":{\"@id\":\"https:\/\/frivape.com\/#\/schema\/logo\/image\/\"}}]}<\/script>\n<!-- \/ Yoast SEO plugin. -->","yoast_head_json":{"title":"Bang King 30000 boccate di vapore usa e getta - serbatoio doppio gusto e display LCD","description":"Provate 30.000 boccate con Bang King 30k. Dispone di un doppio serbatoio da 36 ml con tecnologia Double Taste, batteria ricaricabile da 550 mAh e display LCD intelligente. Spedizione rapida nell'UE!","robots":{"index":"noindex","follow":"follow","max-snippet":"max-snippet:-1","max-image-preview":"max-image-preview:large","max-video-preview":"max-video-preview:-1"},"og_locale":"it_IT","og_type":"article","og_title":"Bang King 30000 Puffs Disposable Vape - Double Taste Dual Tank & LCD Display","og_description":"Experience 30,000 puffs with the Bang King 30k. Features 36mL dual-tank Double Taste technology, 550mAh rechargeable battery, and smart LCD display. Fast EU shipping!","og_url":"https:\/\/frivape.com\/it\/product\/bang-king-30000-puffs-doppio-gusto-monouso-vape\/","og_site_name":"frivape | Online Vape Store - Best Vapes, Mods &amp; Disposable Kits","article_modified_time":"2026-04-11T11:55:47+00:00","og_image":[{"width":1000,"height":1000,"url":"https:\/\/frivape.com\/wp-content\/uploads\/2026\/04\/vape-bang-king-30k-30000-puffs-main-image.jpg.webp","type":"image\/webp"}],"twitter_card":"summary_large_image","twitter_misc":{"Tempo di lettura stimato":"4 minuti"},"schema":{"@context":"https:\/\/schema.org","@graph":[{"@type":"WebPage","@id":"https:\/\/frivape.com\/product\/bang-king-30000-puffs-double-taste-disposable-vape\/","url":"https:\/\/frivape.com\/product\/bang-king-30000-puffs-double-taste-disposable-vape\/","name":"Bang King 30000 boccate di vapore usa e getta - serbatoio doppio gusto e display LCD","isPartOf":{"@id":"https:\/\/frivape.com\/#website"},"primaryImageOfPage":{"@id":"https:\/\/frivape.com\/product\/bang-king-30000-puffs-double-taste-disposable-vape\/#primaryimage"},"image":{"@id":"https:\/\/frivape.com\/product\/bang-king-30000-puffs-double-taste-disposable-vape\/#primaryimage"},"thumbnailUrl":"https:\/\/frivape.com\/wp-content\/uploads\/2026\/04\/vape-bang-king-30k-30000-puffs-main-image.jpg.webp","datePublished":"2026-04-11T11:45:43+00:00","dateModified":"2026-04-11T11:55:47+00:00","description":"Provate 30.000 boccate con Bang King 30k. Dispone di un doppio serbatoio da 36 ml con tecnologia Double Taste, batteria ricaricabile da 550 mAh e display LCD intelligente. Spedizione rapida nell'UE!","breadcrumb":{"@id":"https:\/\/frivape.com\/product\/bang-king-30000-puffs-double-taste-disposable-vape\/#breadcrumb"},"inLanguage":"it-IT","potentialAction":[{"@type":"ReadAction","target":["https:\/\/frivape.com\/product\/bang-king-30000-puffs-double-taste-disposable-vape\/"]}]},{"@type":"ImageObject","inLanguage":"it-IT","@id":"https:\/\/frivape.com\/product\/bang-king-30000-puffs-double-taste-disposable-vape\/#primaryimage","url":"https:\/\/frivape.com\/wp-content\/uploads\/2026\/04\/vape-bang-king-30k-30000-puffs-main-image.jpg.webp","contentUrl":"https:\/\/frivape.com\/wp-content\/uploads\/2026\/04\/vape-bang-king-30k-30000-puffs-main-image.jpg.webp","width":1000,"height":1000},{"@type":"BreadcrumbList","@id":"https:\/\/frivape.com\/product\/bang-king-30000-puffs-double-taste-disposable-vape\/#breadcrumb","itemListElement":[{"@type":"ListItem","position":1,"name":"\u9996\u9875","item":"https:\/\/frivape.com\/"},{"@type":"ListItem","position":2,"name":"Shop","item":"https:\/\/frivape.com\/shop\/"},{"@type":"ListItem","position":3,"name":"Bang King 30000 Puffs Disposable Vape | Dual Flavor Tank &amp; Smart LCD Display"}]},{"@type":"WebSite","@id":"https:\/\/frivape.com\/#website","url":"https:\/\/frivape.com\/","name":"frivape | Negozio di vaping online - Migliori vapori, mod e kit usa e getta","description":"Acquista frivape, il tuo principale negozio di vape online per mod autentiche, vapes usa e getta e e-liquid premium. Direttamente da Shenzhen con spedizione veloce in Europa. Alta qualit\u00e0 a prezzi all'ingrosso.","publisher":{"@id":"https:\/\/frivape.com\/#organization"},"potentialAction":[{"@type":"SearchAction","target":{"@type":"EntryPoint","urlTemplate":"https:\/\/frivape.com\/?s={search_term_string}"},"query-input":{"@type":"PropertyValueSpecification","valueRequired":true,"valueName":"search_term_string"}}],"inLanguage":"it-IT"},{"@type":"Organization","@id":"https:\/\/frivape.com\/#organization","name":"frivape | Negozio di vaping online - Migliori vapori, mod e kit usa e getta","url":"https:\/\/frivape.com\/","logo":{"@type":"ImageObject","inLanguage":"it-IT","@id":"https:\/\/frivape.com\/#\/schema\/logo\/image\/","url":"https:\/\/frivape.com\/wp-content\/uploads\/2026\/03\/cropped-frivape-site-title-icon.png","contentUrl":"https:\/\/frivape.com\/wp-content\/uploads\/2026\/03\/cropped-frivape-site-title-icon.png","width":470,"height":110,"caption":"frivape | Online Vape Store - Best Vapes, Mods &amp; Disposable Kits"},"image":{"@id":"https:\/\/frivape.com\/#\/schema\/logo\/image\/"}}]}},"tiered_pricing_type":"fixed","tiered_pricing_fixed_rules":{"10":10.99,"50":9.99,"100":8.99,"200":7.99},"tiered_pricing_product_settings":{"layout":"default","base_unit_name":{"singular":null,"plural":null},"default_variation":{}},"tiered_pricing_minimum_quantity":null,"tiered_pricing_roles_data":[],"tiered_pricing_percentage_rules":[],"_links":{"self":[{"href":"https:\/\/frivape.com\/it\/wp-json\/wp\/v2\/product\/8441","targetHints":{"allow":["GET"]}}],"collection":[{"href":"https:\/\/frivape.com\/it\/wp-json\/wp\/v2\/product"}],"about":[{"href":"https:\/\/frivape.com\/it\/wp-json\/wp\/v2\/types\/product"}],"replies":[{"embeddable":true,"href":"https:\/\/frivape.com\/it\/wp-json\/wp\/v2\/comments?post=8441"}],"wp:featuredmedia":[{"embeddable":true,"href":"https:\/\/frivape.com\/it\/wp-json\/wp\/v2\/media\/8442"}],"wp:attachment":[{"href":"https:\/\/frivape.com\/it\/wp-json\/wp\/v2\/media?parent=8441"}],"wp:term":[{"taxonomy":"product_brand","embeddable":true,"href":"https:\/\/frivape.com\/it\/wp-json\/wp\/v2\/product_brand?post=8441"},{"taxonomy":"product_cat","embeddable":true,"href":"https:\/\/frivape.com\/it\/wp-json\/wp\/v2\/product_cat?post=8441"},{"taxonomy":"product_tag","embeddable":true,"href":"https:\/\/frivape.com\/it\/wp-json\/wp\/v2\/product_tag?post=8441"}],"curies":[{"name":"wp","href":"https:\/\/api.w.org\/{rel}","templated":true}]}}