{"id":8946,"date":"2026-04-12T15:35:49","date_gmt":"2026-04-12T07:35:49","guid":{"rendered":"https:\/\/frivape.com\/?post_type=product&#038;p=8946"},"modified":"2026-04-12T15:43:25","modified_gmt":"2026-04-12T07:43:25","slug":"jnr-falcon-x-18000-puff-display-digitale-vape","status":"publish","type":"product","link":"https:\/\/frivape.com\/it\/product\/jnr-falcon-x-18000-puff-display-digitale-vape\/","title":{"rendered":"JNR Falcon X 18000 boccate di vapore usa e getta | 0,6 \u03a9 Dual Mesh &amp; Digital Display | 24mL"},"content":{"rendered":"<h2 class=\"wp-block-heading has-text-align-center\"><strong>L'ingegneria dietro il JNR Falcon X 18000<\/strong><\/h2>\n\n\n\n<p>Il <strong>JNR Falcon X 18000<\/strong> non \u00e8 un semplice usa e getta, ma una stazione di vaping progettata con precisione. Guidato dalla visione di <strong>\u201cAffidabilit\u00e0 definitiva\u201d.\u201d<\/strong> JNR ha dotato questo modello di un <strong>Controllo Dual-Core<\/strong> che alterna le sue bobine a rete. Ci\u00f2 impedisce la degradazione del sapore nel tempo, assicurando che l'ultima boccata sia vibrante come la prima. Con un <strong>Serbatoio XL da 24 ml<\/strong>, Il rapporto e-liquid\/puffa \u00e8 uno dei pi\u00f9 alti del settore, il che lo rende la scelta perfetta per gli utilizzatori abituali e i grossisti.<\/p>\n\n\n\n<h3 class=\"wp-block-heading\"><strong>0,6\u03a9 a doppia maglia: Una vera esperienza Sub-Ohm<\/strong><\/h3>\n\n\n\n<p>A differenza delle bobine standard da 1,2\u03a9 che si trovano nei prodotti monouso di base, Falcon X utilizza una bobina di <strong>a bassa resistenza 0,6\u03a9 a doppia maglia<\/strong> configurazione. In questo modo \u00e8 possibile ottenere un'uscita equivalente in watt pi\u00f9 elevata, che si traduce in <strong>Nuvole di vapore dense<\/strong> e un profilo \u201cBold Flavor\u201d tipico dei kit mod costosi. Sia che si utilizzi il <strong>2% (20mg\/mL)<\/strong> o <strong>5% (50mg\/mL)<\/strong> Il colpo in gola rimane morbido e soddisfacente grazie all'avanzata tecnologia di atomizzazione.<\/p>\n\n\n\n<h3 class=\"wp-block-heading\"><strong>Visibilit\u00e0 totale con il display LED intelligente<\/strong><\/h3>\n\n\n\n<p>Non fatevi mai cogliere di sorpresa da una batteria scarica o da un serbatoio vuoto. Il <strong>JNR Falcon X<\/strong> \u00e8 dotato di un'immagine cristallina <strong>Cruscotto digitale a LED<\/strong>. Questa interfaccia high-tech fornisce un conto alla rovescia in tempo reale delle risorse rimanenti. In abbinamento con il <strong>Batteria ricaricabile da 950 mAh<\/strong>, Falcon X, che si ricarica completamente in circa 45-60 minuti tramite Type-C, offre un viaggio di vaping a \u201czero ansia\u201d.<\/p>\n\n\n\n<h3 class=\"wp-block-heading\"><strong>Collezione curata di oltre 50 sapori premium<\/strong><\/h3>\n\n\n\n<p>Scoprite un mondo di frutti esotici, di gelati rinfrescanti e di miscele JNR:<\/p>\n\n\n\n<ol start=\"1\" class=\"wp-block-list\">\n<li><strong>Ghiaccio Blu Razz<\/strong> | 02. <strong>Mirtillo Lampone<\/strong> | 03. <strong>Menta fresca<\/strong> | 04. <strong>Ghiaccio al kiwi e anguria<\/strong> | 05. <strong>Ghiaccio d'uva<\/strong> | 06. <strong>Fragola Kiwi<\/strong> | 07. <strong>Ghiaccio alla fragola e anguria<\/strong> | 08. <strong>Ghiaccio all'anguria<\/strong> | 09. <strong>Ghiaccio alla fragola<\/strong> | 10. <strong>Bacche miste<\/strong> | 11. <strong>Anguria Bubblegum<\/strong> | 12. <strong>Ghiaccio alla mela acida<\/strong> | 13. <strong>Ghiaccio alla pesca<\/strong> | 14. <strong>Orso gommoso<\/strong> | 15. <strong>Bacca di bosco<\/strong> | 16. <strong>Mirtillo Lampone Ciliegia<\/strong> | 17. <strong>Bacca di ciliegia<\/strong> | 18. <strong>Fragola e banana<\/strong> | 19. <strong>Limone e lime<\/strong> | 20. <strong>Mirtillo Kiwi<\/strong> | 21. <strong>Frutto della passione Kiwi<\/strong> | 22. <strong>Pesca bianca Razz<\/strong> | 23. <strong>Blu Razz Ciliegia<\/strong> | 24. <strong>Anguria alla ciliegia congelata<\/strong> | 25. <strong>Ciliegia Cola<\/strong> | 26. <strong>Ghiaccio alla pesca estivo<\/strong> | 27. <strong>Mirtillo Ciliegia Mirtillo Rosso<\/strong> | 28. <strong>Pesca Mango Ananas<\/strong> | 29. <strong>Bacca di pesca<\/strong> | 30. <strong>Ghiaccio alla banana<\/strong> | 31. <strong>Birilli<\/strong> | 32. <strong>Triplo melone<\/strong> | 33. <strong>Mr. Blue<\/strong> | 34. <strong>Ghiaccio alla ciliegia<\/strong> | 35. <strong>Anguria Litchi<\/strong> | 36. <strong>Ghiaccio nero<\/strong> | 37. <strong>Amore 66<\/strong> | 38. <strong>Hawaii<\/strong> | 39. <strong>Mi Amor<\/strong> | 40. <strong>Lady Killa<\/strong> | 41. <strong>Lampone Rabarbaro<\/strong> | 42. <strong>Limonata alla ciliegia e alla pesca<\/strong> | 43. <strong>Esplosione di ciliegie blu<\/strong> | 44. <strong>Mela Pera<\/strong> | 45. <strong>Frutta tropicale<\/strong> | 46. <strong>JNR Ciliegia frizzante<\/strong> | 47. <strong>JNR Anguria Rooty Fizz<\/strong> | 48. <strong>Mousseux al cacao blu JNR<\/strong> | 49. <strong>JNR Frutti di bosco piccanti<\/strong> | 50. <strong>JNR Lampone rosso Gumdrop<\/strong><\/li>\n<\/ol>\n\n\n\n<h3 class=\"wp-block-heading\"><strong>Domande frequenti (FAQ)<\/strong><\/h3>\n\n\n\n<ul class=\"wp-block-list\">\n<li><strong>Quanto dura in genere un dispositivo JNR 18k?<\/strong> Con <strong>18.000 soffi<\/strong> e un <strong>Serbatoio da 24 ml<\/strong>, Un singolo dispositivo dura dalle 3 alle 5 settimane per un utente medio.<\/li>\n\n\n\n<li><strong>Qual \u00e8 il vantaggio della bobina da 0,6\u03a9?<\/strong> Offre un'esperienza \u201cSub-Ohm\u201d, che significa pi\u00f9 vapore e un'intensit\u00e0 di sapore maggiore. \u00c8 ideale per gli utenti che si allontanano dai narghil\u00e8 tradizionali.<\/li>\n\n\n\n<li><strong>Il flusso d'aria \u00e8 veramente regolabile?<\/strong> S\u00ec. La base del dispositivo \u00e8 dotata di una levetta che consente di passare da un'alimentazione stretta a un'altra. <strong>MTL (Mouth-to-Lung)<\/strong> e un disegno pi\u00f9 aperto <strong>RDL (Restricted Direct Lung)<\/strong> sorteggio.<\/li>\n\n\n\n<li><strong>Ci sono tasse nascoste per la spedizione nell'UE?<\/strong> No. Tutte le nostre spedizioni dal <strong>Magazzino UE<\/strong> utilizzo <strong>DDP (Delivered Duty Paid)<\/strong> condizioni. Ci occupiamo di tutte le dogane e le tasse.<\/li>\n<\/ul>\n\n\n\n<p><strong>AVVISO PER LA SALUTE:<\/strong> Questo prodotto contiene nicotina. La nicotina \u00e8 una sostanza chimica che crea dipendenza.<\/p>\n\n\n\n<p><strong>Limiti di et\u00e0:<\/strong> Questo prodotto \u00e8 destinato esclusivamente agli adulti (18+). Tenere fuori dalla portata dei bambini e degli animali domestici.<\/p>","protected":false},"excerpt":{"rendered":"<p data-path-to-node=\"10\">Entrate nel futuro del vaping con il <b data-path-to-node=\"10\" data-index-in-node=\"40\">JNR Falcon X 18k<\/b>, dove il monitoraggio ad alta tecnologia incontra le prestazioni pi\u00f9 semplici.<\/p>\n<ul data-path-to-node=\"11\">\n<li>\n<p data-path-to-node=\"11,0,0\"><b data-path-to-node=\"11,0,0\" data-index-in-node=\"0\">Conteggio dei soffi estremo:<\/b> Fino a 18.000 soffi supportati da un sistema dual-core ultra-efficiente.<\/p>\n<\/li>\n<li>\n<p data-path-to-node=\"11,1,0\"><b data-path-to-node=\"11,1,0\" data-index-in-node=\"0\">Prestazioni sub-ohm:<\/b> La bobina a doppia maglia da 0,6 \u03a9 garantisce un riscaldamento rapido e un'esplosione massiccia di nuvole.<\/p>\n<\/li>\n<li>\n<p data-path-to-node=\"11,2,0\"><b data-path-to-node=\"11,2,0\" data-index-in-node=\"0\">Monitoraggio intelligente:<\/b> Lo schermo LED ad alta definizione visualizza la percentuale della batteria e lo stato di carica.<\/p>\n<\/li>\n<li>\n<p data-path-to-node=\"11,3,0\"><b data-path-to-node=\"11,3,0\" data-index-in-node=\"0\">Flusso d'aria personalizzato:<\/b> Ghiera montata sul fondo per un'estrazione MTL stretta o un tiro RDL pesante come una nuvola.<\/p>\n<\/li>\n<li>\n<p data-path-to-node=\"11,4,0\"><b data-path-to-node=\"11,4,0\" data-index-in-node=\"0\">Recupero rapido:<\/b> Batteria al cobalto da 950 mAh con ricarica rapida Type-C (20-25 minuti per 80%).<\/p>\n<\/li>\n<li>\n<p data-path-to-node=\"11,5,0\"><b data-path-to-node=\"11,5,0\" data-index-in-node=\"0\">Vantaggio B2B:<\/b> Spedito da <b data-path-to-node=\"11,5,0\" data-index-in-node=\"28\">Berlino\/Germania Magazzino<\/b> con garanzia di sdoganamento 100%.<\/p>\n<\/li>\n<\/ul>","protected":false},"featured_media":8947,"comment_status":"open","ping_status":"closed","template":"","meta":[],"product_brand":[65],"product_cat":[88,89,96,87,83],"product_tag":[75,76,93,77,79],"class_list":{"0":"post-8946","1":"product","2":"type-product","3":"status-publish","4":"has-post-thumbnail","6":"product_brand-jnr","7":"product_cat-beverage-soda-vapes","8":"product_cat-candy-sweet-vapes","9":"product_cat-dual-mesh-vapes","10":"product_cat-iced-fruit-vapes","11":"product_cat-pro-puffs-vapes","12":"product_tag-eu-warehouse","13":"product_tag-mtl-vaping","14":"product_tag-rdl-vaping","15":"product_tag-recharge","16":"product_tag-smart-screen-display","18":"first","19":"instock","20":"sale","21":"shipping-taxable","22":"purchasable","23":"product-type-variable"},"yoast_head":"<!-- This site is optimized with the Yoast SEO plugin v27.1.1 - https:\/\/yoast.com\/product\/yoast-seo-wordpress\/ -->\n<title>JNR Falcon X 18000 Puffs Vape - 0.6\u03a9 Dual Mesh &amp; LED Display<\/title>\n<meta name=\"description\" content=\"Explore the JNR Falcon X 18000. Features 18k puffs, 24mL reservoir, 0.6\u03a9 Dual Mesh coil, and Smart LED screen. Wholesale discounts &amp; fast EU shipping.\" \/>\n<meta name=\"robots\" content=\"noindex, follow, max-snippet:-1, max-image-preview:large, max-video-preview:-1\" \/>\n<meta property=\"og:locale\" content=\"it_IT\" \/>\n<meta property=\"og:type\" content=\"article\" \/>\n<meta property=\"og:title\" content=\"JNR Falcon X 18000 Puffs Vape - 0.6\u03a9 Dual Mesh &amp; LED Display\" \/>\n<meta property=\"og:description\" content=\"Explore the JNR Falcon X 18000. Features 18k puffs, 24mL reservoir, 0.6\u03a9 Dual Mesh coil, and Smart LED screen. Wholesale discounts &amp; fast EU shipping.\" \/>\n<meta property=\"og:url\" content=\"https:\/\/frivape.com\/it\/product\/jnr-falcon-x-18000-puff-display-digitale-vape\/\" \/>\n<meta property=\"og:site_name\" content=\"frivape | Online Vape Store - Best Vapes, Mods &amp; Disposable Kits\" \/>\n<meta property=\"article:modified_time\" content=\"2026-04-12T07:43:25+00:00\" \/>\n<meta property=\"og:image\" content=\"https:\/\/frivape.com\/wp-content\/uploads\/2026\/04\/jnr-falon-x-18000-puffs-24hvape-jnr-falon-x-18000-puffs-sleek-vape-jnr-falon-x-18000-puffs-home-page-picture.jpg.webp\" \/>\n\t<meta property=\"og:image:width\" content=\"1000\" \/>\n\t<meta property=\"og:image:height\" content=\"1000\" \/>\n\t<meta property=\"og:image:type\" content=\"image\/webp\" \/>\n<meta name=\"twitter:card\" content=\"summary_large_image\" \/>\n<meta name=\"twitter:label1\" content=\"Tempo di lettura stimato\" \/>\n\t<meta name=\"twitter:data1\" content=\"3 minuti\" \/>\n<script type=\"application\/ld+json\" class=\"yoast-schema-graph\">{\"@context\":\"https:\/\/schema.org\",\"@graph\":[{\"@type\":\"WebPage\",\"@id\":\"https:\/\/frivape.com\/product\/jnr-falcon-x-18000-puffs-digital-display-vape\/\",\"url\":\"https:\/\/frivape.com\/product\/jnr-falcon-x-18000-puffs-digital-display-vape\/\",\"name\":\"JNR Falcon X 18000 Puffs Vape - 0.6\u03a9 Dual Mesh & LED Display\",\"isPartOf\":{\"@id\":\"https:\/\/frivape.com\/#website\"},\"primaryImageOfPage\":{\"@id\":\"https:\/\/frivape.com\/product\/jnr-falcon-x-18000-puffs-digital-display-vape\/#primaryimage\"},\"image\":{\"@id\":\"https:\/\/frivape.com\/product\/jnr-falcon-x-18000-puffs-digital-display-vape\/#primaryimage\"},\"thumbnailUrl\":\"https:\/\/frivape.com\/wp-content\/uploads\/2026\/04\/jnr-falon-x-18000-puffs-24hvape-jnr-falon-x-18000-puffs-sleek-vape-jnr-falon-x-18000-puffs-home-page-picture.jpg.webp\",\"datePublished\":\"2026-04-12T07:35:49+00:00\",\"dateModified\":\"2026-04-12T07:43:25+00:00\",\"description\":\"Explore the JNR Falcon X 18000. Features 18k puffs, 24mL reservoir, 0.6\u03a9 Dual Mesh coil, and Smart LED screen. Wholesale discounts & fast EU shipping.\",\"breadcrumb\":{\"@id\":\"https:\/\/frivape.com\/product\/jnr-falcon-x-18000-puffs-digital-display-vape\/#breadcrumb\"},\"inLanguage\":\"it-IT\",\"potentialAction\":[{\"@type\":\"ReadAction\",\"target\":[\"https:\/\/frivape.com\/product\/jnr-falcon-x-18000-puffs-digital-display-vape\/\"]}]},{\"@type\":\"ImageObject\",\"inLanguage\":\"it-IT\",\"@id\":\"https:\/\/frivape.com\/product\/jnr-falcon-x-18000-puffs-digital-display-vape\/#primaryimage\",\"url\":\"https:\/\/frivape.com\/wp-content\/uploads\/2026\/04\/jnr-falon-x-18000-puffs-24hvape-jnr-falon-x-18000-puffs-sleek-vape-jnr-falon-x-18000-puffs-home-page-picture.jpg.webp\",\"contentUrl\":\"https:\/\/frivape.com\/wp-content\/uploads\/2026\/04\/jnr-falon-x-18000-puffs-24hvape-jnr-falon-x-18000-puffs-sleek-vape-jnr-falon-x-18000-puffs-home-page-picture.jpg.webp\",\"width\":1000,\"height\":1000},{\"@type\":\"BreadcrumbList\",\"@id\":\"https:\/\/frivape.com\/product\/jnr-falcon-x-18000-puffs-digital-display-vape\/#breadcrumb\",\"itemListElement\":[{\"@type\":\"ListItem\",\"position\":1,\"name\":\"\u9996\u9875\",\"item\":\"https:\/\/frivape.com\/\"},{\"@type\":\"ListItem\",\"position\":2,\"name\":\"Shop\",\"item\":\"https:\/\/frivape.com\/shop\/\"},{\"@type\":\"ListItem\",\"position\":3,\"name\":\"JNR Falcon X 18000 Puffs Disposable Vape | 0.6\u03a9 Dual Mesh &amp; Digital Display | 24mL\"}]},{\"@type\":\"WebSite\",\"@id\":\"https:\/\/frivape.com\/#website\",\"url\":\"https:\/\/frivape.com\/\",\"name\":\"frivape | Online Vape Store - Best Vapes, Mods &amp; Disposable Kits\",\"description\":\"Shop frivape, your premier online vape shop for authentic mods, disposable vapes, and premium e-liquids. Direct from Shenzhen with fast Europe local shipping. High quality at wholesale prices.\",\"publisher\":{\"@id\":\"https:\/\/frivape.com\/#organization\"},\"potentialAction\":[{\"@type\":\"SearchAction\",\"target\":{\"@type\":\"EntryPoint\",\"urlTemplate\":\"https:\/\/frivape.com\/?s={search_term_string}\"},\"query-input\":{\"@type\":\"PropertyValueSpecification\",\"valueRequired\":true,\"valueName\":\"search_term_string\"}}],\"inLanguage\":\"it-IT\"},{\"@type\":\"Organization\",\"@id\":\"https:\/\/frivape.com\/#organization\",\"name\":\"frivape | Online Vape Store - Best Vapes, Mods &amp; Disposable Kits\",\"url\":\"https:\/\/frivape.com\/\",\"logo\":{\"@type\":\"ImageObject\",\"inLanguage\":\"it-IT\",\"@id\":\"https:\/\/frivape.com\/#\/schema\/logo\/image\/\",\"url\":\"https:\/\/frivape.com\/wp-content\/uploads\/2026\/03\/cropped-frivape-site-title-icon.png\",\"contentUrl\":\"https:\/\/frivape.com\/wp-content\/uploads\/2026\/03\/cropped-frivape-site-title-icon.png\",\"width\":470,\"height\":110,\"caption\":\"frivape | Online Vape Store - Best Vapes, Mods &amp; Disposable Kits\"},\"image\":{\"@id\":\"https:\/\/frivape.com\/#\/schema\/logo\/image\/\"}}]}<\/script>\n<!-- \/ Yoast SEO plugin. -->","yoast_head_json":{"title":"JNR Falcon X 18000 boccate di vapore - 0,6 \u03a9 Doppia maglia e display a LED","description":"Scoprite il JNR Falcon X 18000. Dispone di 18k boccate, serbatoio da 24mL, bobina a doppia maglia da 0,6\u03a9 e schermo LED intelligente. Sconti all'ingrosso e spedizione rapida nell'UE.","robots":{"index":"noindex","follow":"follow","max-snippet":"max-snippet:-1","max-image-preview":"max-image-preview:large","max-video-preview":"max-video-preview:-1"},"og_locale":"it_IT","og_type":"article","og_title":"JNR Falcon X 18000 Puffs Vape - 0.6\u03a9 Dual Mesh & LED Display","og_description":"Explore the JNR Falcon X 18000. Features 18k puffs, 24mL reservoir, 0.6\u03a9 Dual Mesh coil, and Smart LED screen. Wholesale discounts & fast EU shipping.","og_url":"https:\/\/frivape.com\/it\/product\/jnr-falcon-x-18000-puff-display-digitale-vape\/","og_site_name":"frivape | Online Vape Store - Best Vapes, Mods &amp; Disposable Kits","article_modified_time":"2026-04-12T07:43:25+00:00","og_image":[{"width":1000,"height":1000,"url":"https:\/\/frivape.com\/wp-content\/uploads\/2026\/04\/jnr-falon-x-18000-puffs-24hvape-jnr-falon-x-18000-puffs-sleek-vape-jnr-falon-x-18000-puffs-home-page-picture.jpg.webp","type":"image\/webp"}],"twitter_card":"summary_large_image","twitter_misc":{"Tempo di lettura stimato":"3 minuti"},"schema":{"@context":"https:\/\/schema.org","@graph":[{"@type":"WebPage","@id":"https:\/\/frivape.com\/product\/jnr-falcon-x-18000-puffs-digital-display-vape\/","url":"https:\/\/frivape.com\/product\/jnr-falcon-x-18000-puffs-digital-display-vape\/","name":"JNR Falcon X 18000 boccate di vapore - 0,6 \u03a9 Doppia maglia e display a LED","isPartOf":{"@id":"https:\/\/frivape.com\/#website"},"primaryImageOfPage":{"@id":"https:\/\/frivape.com\/product\/jnr-falcon-x-18000-puffs-digital-display-vape\/#primaryimage"},"image":{"@id":"https:\/\/frivape.com\/product\/jnr-falcon-x-18000-puffs-digital-display-vape\/#primaryimage"},"thumbnailUrl":"https:\/\/frivape.com\/wp-content\/uploads\/2026\/04\/jnr-falon-x-18000-puffs-24hvape-jnr-falon-x-18000-puffs-sleek-vape-jnr-falon-x-18000-puffs-home-page-picture.jpg.webp","datePublished":"2026-04-12T07:35:49+00:00","dateModified":"2026-04-12T07:43:25+00:00","description":"Scoprite il JNR Falcon X 18000. Dispone di 18k boccate, serbatoio da 24mL, bobina a doppia maglia da 0,6\u03a9 e schermo LED intelligente. Sconti all'ingrosso e spedizione rapida nell'UE.","breadcrumb":{"@id":"https:\/\/frivape.com\/product\/jnr-falcon-x-18000-puffs-digital-display-vape\/#breadcrumb"},"inLanguage":"it-IT","potentialAction":[{"@type":"ReadAction","target":["https:\/\/frivape.com\/product\/jnr-falcon-x-18000-puffs-digital-display-vape\/"]}]},{"@type":"ImageObject","inLanguage":"it-IT","@id":"https:\/\/frivape.com\/product\/jnr-falcon-x-18000-puffs-digital-display-vape\/#primaryimage","url":"https:\/\/frivape.com\/wp-content\/uploads\/2026\/04\/jnr-falon-x-18000-puffs-24hvape-jnr-falon-x-18000-puffs-sleek-vape-jnr-falon-x-18000-puffs-home-page-picture.jpg.webp","contentUrl":"https:\/\/frivape.com\/wp-content\/uploads\/2026\/04\/jnr-falon-x-18000-puffs-24hvape-jnr-falon-x-18000-puffs-sleek-vape-jnr-falon-x-18000-puffs-home-page-picture.jpg.webp","width":1000,"height":1000},{"@type":"BreadcrumbList","@id":"https:\/\/frivape.com\/product\/jnr-falcon-x-18000-puffs-digital-display-vape\/#breadcrumb","itemListElement":[{"@type":"ListItem","position":1,"name":"\u9996\u9875","item":"https:\/\/frivape.com\/"},{"@type":"ListItem","position":2,"name":"Shop","item":"https:\/\/frivape.com\/shop\/"},{"@type":"ListItem","position":3,"name":"JNR Falcon X 18000 Puffs Disposable Vape | 0.6\u03a9 Dual Mesh &amp; Digital Display | 24mL"}]},{"@type":"WebSite","@id":"https:\/\/frivape.com\/#website","url":"https:\/\/frivape.com\/","name":"frivape | Negozio di vaping online - Migliori vapori, mod e kit usa e getta","description":"Acquista frivape, il tuo principale negozio di vape online per mod autentiche, vapes usa e getta e e-liquid premium. Direttamente da Shenzhen con spedizione veloce in Europa. Alta qualit\u00e0 a prezzi all'ingrosso.","publisher":{"@id":"https:\/\/frivape.com\/#organization"},"potentialAction":[{"@type":"SearchAction","target":{"@type":"EntryPoint","urlTemplate":"https:\/\/frivape.com\/?s={search_term_string}"},"query-input":{"@type":"PropertyValueSpecification","valueRequired":true,"valueName":"search_term_string"}}],"inLanguage":"it-IT"},{"@type":"Organization","@id":"https:\/\/frivape.com\/#organization","name":"frivape | Negozio di vaping online - Migliori vapori, mod e kit usa e getta","url":"https:\/\/frivape.com\/","logo":{"@type":"ImageObject","inLanguage":"it-IT","@id":"https:\/\/frivape.com\/#\/schema\/logo\/image\/","url":"https:\/\/frivape.com\/wp-content\/uploads\/2026\/03\/cropped-frivape-site-title-icon.png","contentUrl":"https:\/\/frivape.com\/wp-content\/uploads\/2026\/03\/cropped-frivape-site-title-icon.png","width":470,"height":110,"caption":"frivape | Online Vape Store - Best Vapes, Mods &amp; Disposable Kits"},"image":{"@id":"https:\/\/frivape.com\/#\/schema\/logo\/image\/"}}]}},"tiered_pricing_type":"fixed","tiered_pricing_fixed_rules":{"10":12.39,"50":11.59,"100":10.79,"200":9.99},"tiered_pricing_product_settings":{"layout":"default","base_unit_name":{"singular":null,"plural":null},"default_variation":{}},"tiered_pricing_minimum_quantity":null,"tiered_pricing_roles_data":[],"tiered_pricing_percentage_rules":[],"_links":{"self":[{"href":"https:\/\/frivape.com\/it\/wp-json\/wp\/v2\/product\/8946","targetHints":{"allow":["GET"]}}],"collection":[{"href":"https:\/\/frivape.com\/it\/wp-json\/wp\/v2\/product"}],"about":[{"href":"https:\/\/frivape.com\/it\/wp-json\/wp\/v2\/types\/product"}],"replies":[{"embeddable":true,"href":"https:\/\/frivape.com\/it\/wp-json\/wp\/v2\/comments?post=8946"}],"wp:featuredmedia":[{"embeddable":true,"href":"https:\/\/frivape.com\/it\/wp-json\/wp\/v2\/media\/8947"}],"wp:attachment":[{"href":"https:\/\/frivape.com\/it\/wp-json\/wp\/v2\/media?parent=8946"}],"wp:term":[{"taxonomy":"product_brand","embeddable":true,"href":"https:\/\/frivape.com\/it\/wp-json\/wp\/v2\/product_brand?post=8946"},{"taxonomy":"product_cat","embeddable":true,"href":"https:\/\/frivape.com\/it\/wp-json\/wp\/v2\/product_cat?post=8946"},{"taxonomy":"product_tag","embeddable":true,"href":"https:\/\/frivape.com\/it\/wp-json\/wp\/v2\/product_tag?post=8946"}],"curies":[{"name":"wp","href":"https:\/\/api.w.org\/{rel}","templated":true}]}}