{"id":9050,"date":"2026-04-12T16:00:01","date_gmt":"2026-04-12T08:00:01","guid":{"rendered":"https:\/\/frivape.com\/?post_type=product&#038;p=9050"},"modified":"2026-04-12T16:10:31","modified_gmt":"2026-04-12T08:10:31","slug":"jnr-alien-10000-puffs-rgb-monouso-vape-allingrosso","status":"publish","type":"product","link":"https:\/\/frivape.com\/it\/product\/jnr-alien-10000-puffs-rgb-monouso-vape-allingrosso\/","title":{"rendered":"JNR Alien 10000 boccate di vapore usa e getta - Luci LED RGB e bobina a rete da 1,2 \u03a9"},"content":{"rendered":"<h2 class=\"wp-block-heading has-text-align-center\"><strong>La missione di JNR: Potenza, prestazioni, gusto deciso<\/strong><\/h2>\n\n\n\n<p>Il cuore del <strong>JNR Alieno 10000<\/strong> \u00e8 un impegno verso l'apice dell'ingegneria del vaping. Prodotto nel cuore dell'industria (origine Shenzhen), questo dispositivo incarna la missione del marchio JNR: fornire <strong>Potenza, prestazioni e sapore intenso<\/strong> in un formato compatto e privo di manutenzione. Alien 10k \u00e8 stato progettato per eliminare le frustrazioni comuni dei prodotti monouso standard, offrendo un <strong>penna per sigaretta elettronica ricaricabile<\/strong> che mantiene il picco di potenza dal primo all'ultimo soffio.<\/p>\n\n\n\n<h3 class=\"wp-block-heading\"><strong>Ingegneria MTL di precisione e innovazione RGB<\/strong><\/h3>\n\n\n\n<p>Per chi \u00e8 alla ricerca del <strong>I migliori 10000 Puff Vape 2026<\/strong>, L'Alien 10k si distingue per le sue caratteristiche di <strong>Bobina a rete da 1,2\u03a9 di alta qualit\u00e0<\/strong>. A differenza delle bobine di qualit\u00e0 inferiore, questa architettura a rete garantisce un riscaldamento uniforme, evitando bruciature e massimizzando la chiarezza di ogni nota di e-liquid. Si tratta di una bobina dedicata <strong>Da bocca a polmone (MTL)<\/strong> per fornire il perfetto colpo di gola a chi \u00e8 in fase di transizione e agli appassionati di aromi. Il sistema integrato <strong>Luci LED RGB<\/strong> forniscono un feedback visivo immediato, illuminandosi durante l'uso e la ricarica, aggiungendo un livello di sofisticazione high-tech alla vostra routine quotidiana.<\/p>\n\n\n\n<h3 class=\"wp-block-heading\"><strong>Vantaggio all'ingrosso e affidabilit\u00e0 all'ingrosso<\/strong><\/h3>\n\n\n\n<p>Siamo specializzati in <strong>Commercio all'ingrosso di vapes monouso dalla Cina<\/strong>, garantendo che ogni unit\u00e0 JNR Alien soddisfi i rigorosi standard di controllo della qualit\u00e0. Per i partner B2B, questo modello rappresenta un prodotto ad alto tasso di rotazione grazie al suo design iconico e all'affidabile batteria da 850 mAh. Utilizzando il nostro <strong>Magazzino UE<\/strong>, I rivenditori possono beneficiare di una logistica localizzata, aggirando i complessi ostacoli doganali e assicurando che le scorte siano sempre pronte per la domanda dei consumatori.<\/p>\n\n\n\n<h3 class=\"wp-block-heading\"><strong>Domande frequenti (FAQ)<\/strong><\/h3>\n\n\n\n<ul class=\"wp-block-list\">\n<li><strong>D: Come faccio a sapere quando il JNR Alien \u00e8 vuoto?<\/strong> R: Quando la produzione di vapore diminuisce significativamente o l'aroma inizia a svanire, il serbatoio da 20 ml \u00e8 esaurito. Anche le luci RGB forniscono segnali di stato durante l'uso.<\/li>\n\n\n\n<li><strong>D: La batteria \u00e8 ricaricabile?<\/strong> R: S\u00ec, \u00e8 dotato di un <strong>Batteria ricaricabile da 850 mAh<\/strong>. Utilizzare un cavo standard Type-C per ripristinare l'alimentazione in circa 45-60 minuti.<\/li>\n\n\n\n<li><strong>D: Offrite la spedizione DDP per acquisti in blocco?<\/strong> R: S\u00ec, tutti gli ordini del nostro <strong>Magazzino UE<\/strong> e molte rotte internazionali all'ingrosso includono opzioni DDP (Delivered Duty Paid) per garantire l'assenza di spese nascoste.<\/li>\n<\/ul>\n\n\n\n<h3 class=\"wp-block-heading\"><strong>Avvertenza sulla salute<\/strong><\/h3>\n\n\n\n<p><strong>ATTENZIONE:<\/strong> Questo prodotto contiene nicotina. La nicotina \u00e8 una sostanza chimica che crea dipendenza. Questo prodotto \u00e8 strettamente riservato agli adulti di et\u00e0 <strong>21+<\/strong> (o l'et\u00e0 legale per fumare nella propria giurisdizione). Non \u00e8 adatto all'uso da parte di donne in gravidanza o in fase di allattamento o di persone con patologie cardiovascolari o respiratorie. Tenere sempre questo dispositivo e tutti gli e-liquid fuori dalla portata dei bambini e degli animali domestici.<\/p>","protected":false},"excerpt":{"rendered":"<p data-path-to-node=\"8\">Provate la perfetta fusione di design futuristico e vapore di qualit\u00e0 superiore con il modello <b data-path-to-node=\"8\" data-index-in-node=\"78\">JNR Alien 10k<\/b>.<\/p>\n<ul data-path-to-node=\"9\">\n<li>\n<p data-path-to-node=\"9,0,0\"><b data-path-to-node=\"9,0,0\" data-index-in-node=\"0\">Massima resistenza:<\/b> Fino a 10.000 boccate da un serbatoio di e-liquid da 20 ml ad alta capacit\u00e0.<\/p>\n<\/li>\n<li>\n<p data-path-to-node=\"9,1,0\"><b data-path-to-node=\"9,1,0\" data-index-in-node=\"0\">Precisione del gusto:<\/b> La bobina a rete da 1,2\u03a9 garantisce un riscaldamento uniforme per profili di gusto ricchi e stratificati.<\/p>\n<\/li>\n<li>\n<p data-path-to-node=\"9,2,0\"><b data-path-to-node=\"9,2,0\" data-index-in-node=\"0\">Identit\u00e0 visiva:<\/b> Le luci LED RGB integrate pulsano durante l'attivazione per un'estetica straordinaria.<\/p>\n<\/li>\n<li>\n<p data-path-to-node=\"9,3,0\"><b data-path-to-node=\"9,3,0\" data-index-in-node=\"0\">Potenza affidabile:<\/b> La batteria da 850 mAh con ricarica rapida Type-C riduce al minimo i tempi di inattivit\u00e0.<\/p>\n<\/li>\n<li>\n<p data-path-to-node=\"9,4,0\"><b data-path-to-node=\"9,4,0\" data-index-in-node=\"0\">Portabilit\u00e0 ergonomica:<\/b> Design compatto \u201cAlien\u201d con imbracatura inclusa per un facile trasporto.<\/p>\n<\/li>\n<li>\n<p data-path-to-node=\"9,5,0\"><b data-path-to-node=\"9,5,0\" data-index-in-node=\"0\">Vantaggio logistico:<\/b> Disponibile per la spedizione immediata dal nostro <b data-path-to-node=\"9,5,0\" data-index-in-node=\"63\">Magazzino UE<\/b> con garanzia di sdoganamento.<\/p>\n<\/li>\n<\/ul>","protected":false},"featured_media":9051,"comment_status":"open","ping_status":"closed","template":"","meta":[],"product_brand":[65],"product_cat":[88,89,81,87,95,85],"product_tag":[75,76,77],"class_list":{"0":"post-9050","1":"product","2":"type-product","3":"status-publish","4":"has-post-thumbnail","6":"product_brand-jnr","7":"product_cat-beverage-soda-vapes","8":"product_cat-candy-sweet-vapes","9":"product_cat-daily-puffs-vapes","10":"product_cat-iced-fruit-vapes","11":"product_cat-mesh-coil-vapes","12":"product_cat-no-nicotine-vape","13":"product_tag-eu-warehouse","14":"product_tag-mtl-vaping","15":"product_tag-recharge","17":"first","18":"instock","19":"sale","20":"shipping-taxable","21":"purchasable","22":"product-type-variable"},"yoast_head":"<!-- This site is optimized with the Yoast SEO plugin v27.1.1 - https:\/\/yoast.com\/product\/yoast-seo-wordpress\/ -->\n<title>JNR Alien 10000 Puffs Disposable Vape | RGB LED &amp; Mesh Coil<\/title>\n<meta name=\"description\" content=\"Shop the JNR Alien 10000 Puffs. Features 20mL capacity, 1.2\u03a9 mesh coil for MTL, and dynamic RGB lights. 0%-5% Nicotine. Fast shipping from EU Warehouse.\" \/>\n<meta name=\"robots\" content=\"noindex, follow, max-snippet:-1, max-image-preview:large, max-video-preview:-1\" \/>\n<meta property=\"og:locale\" content=\"it_IT\" \/>\n<meta property=\"og:type\" content=\"article\" \/>\n<meta property=\"og:title\" content=\"JNR Alien 10000 Puffs Disposable Vape | RGB LED &amp; Mesh Coil\" \/>\n<meta property=\"og:description\" content=\"Shop the JNR Alien 10000 Puffs. Features 20mL capacity, 1.2\u03a9 mesh coil for MTL, and dynamic RGB lights. 0%-5% Nicotine. Fast shipping from EU Warehouse.\" \/>\n<meta property=\"og:url\" content=\"https:\/\/frivape.com\/it\/product\/jnr-alien-10000-puffs-rgb-monouso-vape-allingrosso\/\" \/>\n<meta property=\"og:site_name\" content=\"frivape | Online Vape Store - Best Vapes, Mods &amp; Disposable Kits\" \/>\n<meta property=\"article:modified_time\" content=\"2026-04-12T08:10:31+00:00\" \/>\n<meta property=\"og:image\" content=\"https:\/\/frivape.com\/wp-content\/uploads\/2026\/04\/JNR-Alien-10000-Puffs-Disposable-Vape.webp\" \/>\n\t<meta property=\"og:image:width\" content=\"1000\" \/>\n\t<meta property=\"og:image:height\" content=\"1000\" \/>\n\t<meta property=\"og:image:type\" content=\"image\/webp\" \/>\n<meta name=\"twitter:card\" content=\"summary_large_image\" \/>\n<meta name=\"twitter:label1\" content=\"Tempo di lettura stimato\" \/>\n\t<meta name=\"twitter:data1\" content=\"2 minuti\" \/>\n<script type=\"application\/ld+json\" class=\"yoast-schema-graph\">{\"@context\":\"https:\/\/schema.org\",\"@graph\":[{\"@type\":\"WebPage\",\"@id\":\"https:\/\/frivape.com\/product\/jnr-alien-10000-puffs-rgb-disposable-vape-wholesale\/\",\"url\":\"https:\/\/frivape.com\/product\/jnr-alien-10000-puffs-rgb-disposable-vape-wholesale\/\",\"name\":\"JNR Alien 10000 Puffs Disposable Vape | RGB LED & Mesh Coil\",\"isPartOf\":{\"@id\":\"https:\/\/frivape.com\/#website\"},\"primaryImageOfPage\":{\"@id\":\"https:\/\/frivape.com\/product\/jnr-alien-10000-puffs-rgb-disposable-vape-wholesale\/#primaryimage\"},\"image\":{\"@id\":\"https:\/\/frivape.com\/product\/jnr-alien-10000-puffs-rgb-disposable-vape-wholesale\/#primaryimage\"},\"thumbnailUrl\":\"https:\/\/frivape.com\/wp-content\/uploads\/2026\/04\/JNR-Alien-10000-Puffs-Disposable-Vape.webp\",\"datePublished\":\"2026-04-12T08:00:01+00:00\",\"dateModified\":\"2026-04-12T08:10:31+00:00\",\"description\":\"Shop the JNR Alien 10000 Puffs. Features 20mL capacity, 1.2\u03a9 mesh coil for MTL, and dynamic RGB lights. 0%-5% Nicotine. Fast shipping from EU Warehouse.\",\"breadcrumb\":{\"@id\":\"https:\/\/frivape.com\/product\/jnr-alien-10000-puffs-rgb-disposable-vape-wholesale\/#breadcrumb\"},\"inLanguage\":\"it-IT\",\"potentialAction\":[{\"@type\":\"ReadAction\",\"target\":[\"https:\/\/frivape.com\/product\/jnr-alien-10000-puffs-rgb-disposable-vape-wholesale\/\"]}]},{\"@type\":\"ImageObject\",\"inLanguage\":\"it-IT\",\"@id\":\"https:\/\/frivape.com\/product\/jnr-alien-10000-puffs-rgb-disposable-vape-wholesale\/#primaryimage\",\"url\":\"https:\/\/frivape.com\/wp-content\/uploads\/2026\/04\/JNR-Alien-10000-Puffs-Disposable-Vape.webp\",\"contentUrl\":\"https:\/\/frivape.com\/wp-content\/uploads\/2026\/04\/JNR-Alien-10000-Puffs-Disposable-Vape.webp\",\"width\":1000,\"height\":1000},{\"@type\":\"BreadcrumbList\",\"@id\":\"https:\/\/frivape.com\/product\/jnr-alien-10000-puffs-rgb-disposable-vape-wholesale\/#breadcrumb\",\"itemListElement\":[{\"@type\":\"ListItem\",\"position\":1,\"name\":\"\u9996\u9875\",\"item\":\"https:\/\/frivape.com\/\"},{\"@type\":\"ListItem\",\"position\":2,\"name\":\"Shop\",\"item\":\"https:\/\/frivape.com\/shop\/\"},{\"@type\":\"ListItem\",\"position\":3,\"name\":\"JNR Alien 10000 Puffs Disposable Vape | RGB LED Lights &amp; 1.2\u03a9 Mesh Coil\"}]},{\"@type\":\"WebSite\",\"@id\":\"https:\/\/frivape.com\/#website\",\"url\":\"https:\/\/frivape.com\/\",\"name\":\"frivape | Online Vape Store - Best Vapes, Mods &amp; Disposable Kits\",\"description\":\"Shop frivape, your premier online vape shop for authentic mods, disposable vapes, and premium e-liquids. Direct from Shenzhen with fast Europe local shipping. High quality at wholesale prices.\",\"publisher\":{\"@id\":\"https:\/\/frivape.com\/#organization\"},\"potentialAction\":[{\"@type\":\"SearchAction\",\"target\":{\"@type\":\"EntryPoint\",\"urlTemplate\":\"https:\/\/frivape.com\/?s={search_term_string}\"},\"query-input\":{\"@type\":\"PropertyValueSpecification\",\"valueRequired\":true,\"valueName\":\"search_term_string\"}}],\"inLanguage\":\"it-IT\"},{\"@type\":\"Organization\",\"@id\":\"https:\/\/frivape.com\/#organization\",\"name\":\"frivape | Online Vape Store - Best Vapes, Mods &amp; Disposable Kits\",\"url\":\"https:\/\/frivape.com\/\",\"logo\":{\"@type\":\"ImageObject\",\"inLanguage\":\"it-IT\",\"@id\":\"https:\/\/frivape.com\/#\/schema\/logo\/image\/\",\"url\":\"https:\/\/frivape.com\/wp-content\/uploads\/2026\/03\/cropped-frivape-site-title-icon.png\",\"contentUrl\":\"https:\/\/frivape.com\/wp-content\/uploads\/2026\/03\/cropped-frivape-site-title-icon.png\",\"width\":470,\"height\":110,\"caption\":\"frivape | Online Vape Store - Best Vapes, Mods &amp; Disposable Kits\"},\"image\":{\"@id\":\"https:\/\/frivape.com\/#\/schema\/logo\/image\/\"}}]}<\/script>\n<!-- \/ Yoast SEO plugin. -->","yoast_head_json":{"title":"JNR Alien 10000 boccate di Vape usa e getta - LED RGB e bobina a rete","description":"Acquista la JNR Alien 10000 Puffs. Capacit\u00e0 di 20 ml, bobina da 1,2\u03a9 per MTL e luci dinamiche RGB. Nicotina 0%-5%. Spedizione veloce dal magazzino UE.","robots":{"index":"noindex","follow":"follow","max-snippet":"max-snippet:-1","max-image-preview":"max-image-preview:large","max-video-preview":"max-video-preview:-1"},"og_locale":"it_IT","og_type":"article","og_title":"JNR Alien 10000 Puffs Disposable Vape | RGB LED & Mesh Coil","og_description":"Shop the JNR Alien 10000 Puffs. Features 20mL capacity, 1.2\u03a9 mesh coil for MTL, and dynamic RGB lights. 0%-5% Nicotine. Fast shipping from EU Warehouse.","og_url":"https:\/\/frivape.com\/it\/product\/jnr-alien-10000-puffs-rgb-monouso-vape-allingrosso\/","og_site_name":"frivape | Online Vape Store - Best Vapes, Mods &amp; Disposable Kits","article_modified_time":"2026-04-12T08:10:31+00:00","og_image":[{"width":1000,"height":1000,"url":"https:\/\/frivape.com\/wp-content\/uploads\/2026\/04\/JNR-Alien-10000-Puffs-Disposable-Vape.webp","type":"image\/webp"}],"twitter_card":"summary_large_image","twitter_misc":{"Tempo di lettura stimato":"2 minuti"},"schema":{"@context":"https:\/\/schema.org","@graph":[{"@type":"WebPage","@id":"https:\/\/frivape.com\/product\/jnr-alien-10000-puffs-rgb-disposable-vape-wholesale\/","url":"https:\/\/frivape.com\/product\/jnr-alien-10000-puffs-rgb-disposable-vape-wholesale\/","name":"JNR Alien 10000 boccate di Vape usa e getta - LED RGB e bobina a rete","isPartOf":{"@id":"https:\/\/frivape.com\/#website"},"primaryImageOfPage":{"@id":"https:\/\/frivape.com\/product\/jnr-alien-10000-puffs-rgb-disposable-vape-wholesale\/#primaryimage"},"image":{"@id":"https:\/\/frivape.com\/product\/jnr-alien-10000-puffs-rgb-disposable-vape-wholesale\/#primaryimage"},"thumbnailUrl":"https:\/\/frivape.com\/wp-content\/uploads\/2026\/04\/JNR-Alien-10000-Puffs-Disposable-Vape.webp","datePublished":"2026-04-12T08:00:01+00:00","dateModified":"2026-04-12T08:10:31+00:00","description":"Acquista la JNR Alien 10000 Puffs. Capacit\u00e0 di 20 ml, bobina da 1,2\u03a9 per MTL e luci dinamiche RGB. Nicotina 0%-5%. Spedizione veloce dal magazzino UE.","breadcrumb":{"@id":"https:\/\/frivape.com\/product\/jnr-alien-10000-puffs-rgb-disposable-vape-wholesale\/#breadcrumb"},"inLanguage":"it-IT","potentialAction":[{"@type":"ReadAction","target":["https:\/\/frivape.com\/product\/jnr-alien-10000-puffs-rgb-disposable-vape-wholesale\/"]}]},{"@type":"ImageObject","inLanguage":"it-IT","@id":"https:\/\/frivape.com\/product\/jnr-alien-10000-puffs-rgb-disposable-vape-wholesale\/#primaryimage","url":"https:\/\/frivape.com\/wp-content\/uploads\/2026\/04\/JNR-Alien-10000-Puffs-Disposable-Vape.webp","contentUrl":"https:\/\/frivape.com\/wp-content\/uploads\/2026\/04\/JNR-Alien-10000-Puffs-Disposable-Vape.webp","width":1000,"height":1000},{"@type":"BreadcrumbList","@id":"https:\/\/frivape.com\/product\/jnr-alien-10000-puffs-rgb-disposable-vape-wholesale\/#breadcrumb","itemListElement":[{"@type":"ListItem","position":1,"name":"\u9996\u9875","item":"https:\/\/frivape.com\/"},{"@type":"ListItem","position":2,"name":"Shop","item":"https:\/\/frivape.com\/shop\/"},{"@type":"ListItem","position":3,"name":"JNR Alien 10000 Puffs Disposable Vape | RGB LED Lights &amp; 1.2\u03a9 Mesh Coil"}]},{"@type":"WebSite","@id":"https:\/\/frivape.com\/#website","url":"https:\/\/frivape.com\/","name":"frivape | Negozio di vaping online - Migliori vapori, mod e kit usa e getta","description":"Acquista frivape, il tuo principale negozio di vape online per mod autentiche, vapes usa e getta e e-liquid premium. Direttamente da Shenzhen con spedizione veloce in Europa. Alta qualit\u00e0 a prezzi all'ingrosso.","publisher":{"@id":"https:\/\/frivape.com\/#organization"},"potentialAction":[{"@type":"SearchAction","target":{"@type":"EntryPoint","urlTemplate":"https:\/\/frivape.com\/?s={search_term_string}"},"query-input":{"@type":"PropertyValueSpecification","valueRequired":true,"valueName":"search_term_string"}}],"inLanguage":"it-IT"},{"@type":"Organization","@id":"https:\/\/frivape.com\/#organization","name":"frivape | Negozio di vaping online - Migliori vapori, mod e kit usa e getta","url":"https:\/\/frivape.com\/","logo":{"@type":"ImageObject","inLanguage":"it-IT","@id":"https:\/\/frivape.com\/#\/schema\/logo\/image\/","url":"https:\/\/frivape.com\/wp-content\/uploads\/2026\/03\/cropped-frivape-site-title-icon.png","contentUrl":"https:\/\/frivape.com\/wp-content\/uploads\/2026\/03\/cropped-frivape-site-title-icon.png","width":470,"height":110,"caption":"frivape | Online Vape Store - Best Vapes, Mods &amp; Disposable Kits"},"image":{"@id":"https:\/\/frivape.com\/#\/schema\/logo\/image\/"}}]}},"tiered_pricing_type":"fixed","tiered_pricing_fixed_rules":{"10":11.66,"50":10.66,"100":9.66,"200":8.66},"tiered_pricing_product_settings":{"layout":"default","base_unit_name":{"singular":null,"plural":null},"default_variation":{}},"tiered_pricing_minimum_quantity":null,"tiered_pricing_roles_data":[],"tiered_pricing_percentage_rules":[],"_links":{"self":[{"href":"https:\/\/frivape.com\/it\/wp-json\/wp\/v2\/product\/9050","targetHints":{"allow":["GET"]}}],"collection":[{"href":"https:\/\/frivape.com\/it\/wp-json\/wp\/v2\/product"}],"about":[{"href":"https:\/\/frivape.com\/it\/wp-json\/wp\/v2\/types\/product"}],"replies":[{"embeddable":true,"href":"https:\/\/frivape.com\/it\/wp-json\/wp\/v2\/comments?post=9050"}],"wp:featuredmedia":[{"embeddable":true,"href":"https:\/\/frivape.com\/it\/wp-json\/wp\/v2\/media\/9051"}],"wp:attachment":[{"href":"https:\/\/frivape.com\/it\/wp-json\/wp\/v2\/media?parent=9050"}],"wp:term":[{"taxonomy":"product_brand","embeddable":true,"href":"https:\/\/frivape.com\/it\/wp-json\/wp\/v2\/product_brand?post=9050"},{"taxonomy":"product_cat","embeddable":true,"href":"https:\/\/frivape.com\/it\/wp-json\/wp\/v2\/product_cat?post=9050"},{"taxonomy":"product_tag","embeddable":true,"href":"https:\/\/frivape.com\/it\/wp-json\/wp\/v2\/product_tag?post=9050"}],"curies":[{"name":"wp","href":"https:\/\/api.w.org\/{rel}","templated":true}]}}