{"id":9236,"date":"2026-04-16T00:40:44","date_gmt":"2026-04-15T16:40:44","guid":{"rendered":"https:\/\/frivape.com\/?post_type=product&#038;p=9236"},"modified":"2026-04-16T00:50:47","modified_gmt":"2026-04-15T16:50:47","slug":"fumot-50k-eco-2in1-50000-boccate-di-vapore-monouso","status":"publish","type":"product","link":"https:\/\/frivape.com\/it\/product\/fumot-50k-eco-2in1-50000-boccate-di-vapore-monouso\/","title":{"rendered":"Fumot ECO 2in1 50000 boccate di vapore monouso | Serbatoio a doppio gusto | Display intelligente e RGB"},"content":{"rendered":"<h3 class=\"wp-block-heading\"><strong>Fumot: Il vaping pi\u00f9 intelligente<\/strong><\/h3>\n\n\n\n<p><strong>Fumot<\/strong> \u00e8 un marchio leader nel settore della tecnologia, impegnato a creare un'esperienza di vaping all'avanguardia. Come marchio principale dietro l'iconico <strong>Tornado RandM<\/strong> Fumot continua a spingersi oltre i confini con la serie <strong>Fumot ECO 2in1 50000<\/strong>. Questo dispositivo incarna l'attenzione del marchio per l'estetica audace e il rigoroso controllo di qualit\u00e0, fornendo un'alternativa ad alte prestazioni al fumo tradizionale per gli appassionati adulti in oltre 60 paesi.<\/p>\n\n\n\n<h3 class=\"wp-block-heading\"><strong>Raddoppia il sapore, raddoppia la soddisfazione<\/strong><\/h3>\n\n\n\n<p>La caratteristica distintiva del Fumot 50k \u00e8 la sua <strong>Sistema a doppio serbatoio da 10ml+10ml<\/strong>. Perch\u00e9 accontentarsi di un solo gusto quando se ne possono avere due? Utilizzando una levetta fisica, \u00e8 possibile passare istantaneamente da un profilo aromatico all'altro. Questo sistema impedisce la \u201clingua del vaper\u201d e garantisce che il <strong>Bobina con maglia da 0,9\u03a9<\/strong> offre una sensazione fresca e intensa ad ogni inspirazione. \u00c8 il perfetto <strong>penna per sigaretta elettronica ricaricabile<\/strong> per chi cerca <strong>Commercio all'ingrosso di vapes monouso dalla Cina<\/strong> con un punto di vendita unico.<\/p>\n\n\n\n<h3 class=\"wp-block-heading\"><strong>Controllo intelligente ed estetica cangiante<\/strong><\/h3>\n\n\n\n<p>Mantenete il comando con la tecnologia ad alta definizione <strong>Schermo intelligente<\/strong>, che fornisce aggiornamenti in tempo reale sullo stato della batteria da 950 mAh e dell'olio. Il dispositivo non \u00e8 solo intelligente, ma anche elegante. La firma <strong>illuminazione dinamica iridescente<\/strong> Durante l'uso, il Fumot ECO 2in1 \u00e8 un capolavoro visivo. Progettato per un'immagine raffinata <strong>MTL (Mouth-to-Lung)<\/strong> a <strong>RDL (Restricted Direct Lung)<\/strong> Il disegno, infatti, assicura che ogni boccata sia liscia e soddisfacente.<\/p>\n\n\n\n<h3 class=\"wp-block-heading\"><strong>Combinazioni di sapori in primo piano: Un viaggio a doppio senso<\/strong><\/h3>\n\n\n\n<p>Il <strong>Fumot ECO 2in1 50000<\/strong> \u00e8 stato progettato per eliminare la \u201cstanchezza da sapore\u201d. Con le nostre 24 coppie sapientemente curate, potete passare da uno stato d'animo all'altro, da una stagione all'altra o da una voglia all'altra con un semplice gesto.<\/p>\n\n\n\n<ul class=\"wp-block-list\">\n<li><strong>01. Black Mamba &amp; Mr Blue:<\/strong> Una misteriosa miscela di bacche scure con un tocco selvaggio, abbinata al famoso mix di frutti blu.<\/li>\n\n\n\n<li><strong>02. Ghiaccio nero e ghiaccio d'uva:<\/strong> Le more intense con un finale di mentolo schiacciante incontrano l'uva viola maturata al sole e dolce come una caramella.<\/li>\n\n\n\n<li><strong>03. Ghiaccio alla pesca e Mamba bianco:<\/strong> Pesche morbide e vellutate raffreddate alla perfezione insieme a una segreta e cremosa fusione di frutta esotica.<\/li>\n\n\n\n<li><strong>04. Lady Killer &amp; Love 66:<\/strong> Due leggendari profili ispirati alla shisha: melone dolce, frutto della passione e un pizzico di menta.<\/li>\n\n\n\n<li><strong>05. Hubba Bubba al mirtillo e Hubba Bubba all'anguria:<\/strong> Un nostalgico viaggio a ritroso nell'infanzia con i classici e succosi profili di bubblegum.<\/li>\n\n\n\n<li><strong>06. Orso gommoso all'uva e orso gommoso alla fragola:<\/strong> Una caramella gommosa, ispirata alla gelatina e caratterizzata da un'uva intensa e da una fragola rossa brillante.<\/li>\n\n\n\n<li><strong>07. Mela acida e pesca succosa:<\/strong> Il contrasto definitivo tra le aspre mele Granny Smith e le succulente pesche al sole.<\/li>\n\n\n\n<li><strong>08. Fanta e Cola Ice:<\/strong> Un duo di bevande frizzanti che imita le vostre bibite ghiacciate preferite per una svapata rinfrescante che dura tutto il giorno.<\/li>\n\n\n\n<li><strong>09. Orso gommoso e caramelle gommose:<\/strong> Un arcobaleno di sapori di caramelle alla frutta che soddisferanno ogni desiderio di dolcezza ad ogni boccata.<\/li>\n\n\n\n<li><strong>10. Cactus Ice e Cactus Kiwi:<\/strong> Note uniche e idratanti di cactus abbinate a un kiwi deciso per un'esperienza sofisticata e leggermente aspra.<\/li>\n\n\n\n<li><strong>11. Pesca, mango, anguria e Pina Colada:<\/strong> Una fuga tropicale che mescola tre giganti succosi con una cremosa atmosfera vacanziera a base di cocco e ananas.<\/li>\n\n\n\n<li><strong>12. Cherry Ice e Blue Razz Cherry:<\/strong> Mentolo profondo e scuro di ciliegia contro una scintilla di lampone blu ad alta tensione di ciliegia.<\/li>\n\n\n\n<li><strong>13. Ghiaccio alla menta e all'anguria:<\/strong> Lo standard di freschezza: menta piperita fresca e frizzante abbinata al frutto idratante preferito dell'estate.<\/li>\n\n\n\n<li><strong>14. Limone e lime e anguria alla fragola:<\/strong> Rinfrescante e agrumato da un lato; dolce armonia di frutti rossi dall'altro.<\/li>\n\n\n\n<li><strong>15. Limonata rosa e caramelle acide:<\/strong> Una limonata aspra e saporita, bilanciata da un delizioso finale di caramella acida.<\/li>\n\n\n\n<li><strong>16. Vimto e Bubblegum all'anguria:<\/strong> Il profilo classico delle bacche britanniche incontra la succosa e duratura gomma dell'anguria.<\/li>\n\n\n\n<li><strong>17. Ghiaccio alla banana e ghiaccio del drago nero:<\/strong> Le banane cremose e ghiacciate contrastano con l'esotico, scuro dragonfruit e i frutti di bosco.<\/li>\n\n\n\n<li><strong>18. Orsetto gommoso Blue Razz e ghiacciolo Blue Razz:<\/strong> Due modi di gustare il blu razz: uno gommoso e caramelloso, l'altro ghiacciato e rivitalizzante.<\/li>\n\n\n\n<li><strong>19. Ice Pop e Kiwi Passion Fruit Guava:<\/strong> Un nostalgico ghiacciolo rosso-bianco-blu abbinato alla \u201cTrinit\u00e0\u201d tropicale per eccellenza.\u201d<\/li>\n\n\n\n<li><strong>20. Ghiaccio alla fragola e mirtillo:<\/strong> Le familiari fragole dolci con ghiaccio incontrano le note rare, aspre e selvatiche dei mirtilli di montagna.<\/li>\n\n\n\n<li><strong>21. Bacche miste e limonata Blue Razz:<\/strong> Un'esplosione di frutti di bosco da un lato e una limonata blu elettrico dall'altro.<\/li>\n\n\n\n<li><strong>22. Red Bull Ice e Blueberry Peach Ice:<\/strong> Una bevanda energizzante abbinata a una miscela di mentolo liscia e fruttata.<\/li>\n\n\n\n<li><strong>23. Kiwi alla fragola e lampone acido al mirtillo:<\/strong> Gli abbinamenti di frutta pi\u00f9 popolari al mondo, perfezionati per la bobina a maglie da 0,9\u03a9.<\/li>\n\n\n\n<li><strong>24. Cola Limone e Ananas Limone Mela Verde:<\/strong> Sofisticata cola agli agrumi contro un trio acuto e saporito di ananas, limone e mela verde.<\/li>\n<\/ul>\n\n\n\n<h4 class=\"wp-block-heading\"><strong>FAQ<\/strong><\/h4>\n\n\n\n<ul class=\"wp-block-list\">\n<li><strong>D: Come si passa da un gusto all'altro?<\/strong> R: Il dispositivo \u00e8 dotato di un interruttore manuale o di un meccanismo a pulsante che reindirizza il flusso d'aria e l'attivazione della bobina al serbatoio da 10 ml desiderato.<\/li>\n\n\n\n<li><strong>D: Il conteggio dei 50.000 soffi \u00e8 garantito?<\/strong> R: S\u00ec, grazie al sistema modulare da 24 ml e all'efficienza della modalit\u00e0 ECO, il dispositivo \u00e8 costruito per raggiungere la sua capacit\u00e0 nominale in condizioni di utilizzo normale.<\/li>\n\n\n\n<li><strong>D: Qual \u00e8 il vantaggio di acquistare dal Magazzino UE?<\/strong> R: Offriamo spedizioni in 1-3 giorni in Europa, zero dazi doganali e consegna garantita per i nostri partner all'ingrosso.<\/li>\n<\/ul>\n\n\n\n<h3 class=\"wp-block-heading\"><strong>Avvertenza sulla salute<\/strong><\/h3>\n\n\n\n<p><strong>ATTENZIONE:<\/strong> Questo prodotto contiene nicotina. La nicotina \u00e8 una sostanza chimica che crea dipendenza. Questo prodotto \u00e8 destinato esclusivamente all'uso da parte di adulti <strong>(21+ anni)<\/strong>. Non utilizzare in donne in gravidanza o in allattamento o in persone con problemi cardiaci o respiratori. Tenere fuori dalla portata dei bambini e degli animali domestici.<\/p>\n\n\n\n<p><\/p>","protected":false},"excerpt":{"rendered":"<ul>\n<li>\n<p data-path-to-node=\"7,0,0\"><b data-path-to-node=\"7,0,0\" data-index-in-node=\"0\">Innovazione a doppio gusto:<\/b> 20ml di e-liquid totali (10ml+10ml) con un selettore di aromi istantaneo.<\/p>\n<\/li>\n<li>\n<p data-path-to-node=\"7,1,0\"><b data-path-to-node=\"7,1,0\" data-index-in-node=\"0\">Longevit\u00e0 estrema:<\/b> Fino a 50.000 soffi supportati dalla gestione energetica in modalit\u00e0 ECO.<\/p>\n<\/li>\n<li>\n<p data-path-to-node=\"7,2,0\"><b data-path-to-node=\"7,2,0\" data-index-in-node=\"0\">Monitoraggio intelligente:<\/b> Lo schermo intelligente ad alta definizione tiene traccia dei livelli della batteria % e dell'olio.<\/p>\n<\/li>\n<li>\n<p data-path-to-node=\"7,3,0\"><b data-path-to-node=\"7,3,0\" data-index-in-node=\"0\">Prestazioni della maglia:<\/b> La bobina a rete da 0,9\u03a9 offre un riscaldamento rapido e un'intensa nitidezza del sapore.<\/p>\n<\/li>\n<li>\n<p data-path-to-node=\"7,4,0\"><b data-path-to-node=\"7,4,0\" data-index-in-node=\"0\">Immagini premium:<\/b> Illuminazione dinamica RGB iridescente per un'estetica sofisticata.<\/p>\n<\/li>\n<li>\n<p data-path-to-node=\"7,5,0\"><b data-path-to-node=\"7,5,0\" data-index-in-node=\"0\">Logistica B2B:<\/b> In magazzino nel nostro <b data-path-to-node=\"7,5,0\" data-index-in-node=\"30\">Magazzino UE<\/b> per la consegna in 1-3 giorni in tutta Europa.<\/p>\n<\/li>\n<\/ul>","protected":false},"featured_media":9237,"comment_status":"open","ping_status":"closed","template":"","meta":[],"product_brand":[62],"product_cat":[88,82,89,87,95],"product_tag":[75,76,93,77,79],"class_list":{"0":"post-9236","1":"product","2":"type-product","3":"status-publish","4":"has-post-thumbnail","6":"product_brand-fumot","7":"product_cat-beverage-soda-vapes","8":"product_cat-big-puffs-vapes","9":"product_cat-candy-sweet-vapes","10":"product_cat-iced-fruit-vapes","11":"product_cat-mesh-coil-vapes","12":"product_tag-eu-warehouse","13":"product_tag-mtl-vaping","14":"product_tag-rdl-vaping","15":"product_tag-recharge","16":"product_tag-smart-screen-display","18":"first","19":"instock","20":"sale","21":"shipping-taxable","22":"purchasable","23":"product-type-variable"},"yoast_head":"<!-- This site is optimized with the Yoast SEO plugin v27.1.1 - https:\/\/yoast.com\/product\/yoast-seo-wordpress\/ -->\n<title>Fumot 50k ECO 2in1 50000 Puffs Vape | Dual Flavor &amp; Smart Screen<\/title>\n<meta name=\"description\" content=\"Experience the Fumot 50k ECO 2in1. 50,000 puffs, dual-tank (10ml+10ml) flavor switching, 0.9\u03a9 mesh coil, and Smart Display. Fast EU Warehouse wholesale.\" \/>\n<meta name=\"robots\" content=\"noindex, follow, max-snippet:-1, max-image-preview:large, max-video-preview:-1\" \/>\n<meta property=\"og:locale\" content=\"it_IT\" \/>\n<meta property=\"og:type\" content=\"article\" \/>\n<meta property=\"og:title\" content=\"Fumot 50k ECO 2in1 50000 Puffs Vape | Dual Flavor &amp; Smart Screen\" \/>\n<meta property=\"og:description\" content=\"Experience the Fumot 50k ECO 2in1. 50,000 puffs, dual-tank (10ml+10ml) flavor switching, 0.9\u03a9 mesh coil, and Smart Display. Fast EU Warehouse wholesale.\" \/>\n<meta property=\"og:url\" content=\"https:\/\/frivape.com\/it\/product\/fumot-50k-eco-2in1-50000-boccate-di-vapore-monouso\/\" \/>\n<meta property=\"og:site_name\" content=\"frivape | Online Vape Store - Best Vapes, Mods &amp; Disposable Kits\" \/>\n<meta property=\"article:modified_time\" content=\"2026-04-15T16:50:47+00:00\" \/>\n<meta property=\"og:image\" content=\"https:\/\/frivape.com\/wp-content\/uploads\/2026\/04\/Fumot-50k-ECO-2in1-50000-Fanta-Cola-ice-4-800x800-1.webp\" \/>\n\t<meta property=\"og:image:width\" content=\"800\" \/>\n\t<meta property=\"og:image:height\" content=\"800\" \/>\n\t<meta property=\"og:image:type\" content=\"image\/webp\" \/>\n<meta name=\"twitter:card\" content=\"summary_large_image\" \/>\n<meta name=\"twitter:label1\" content=\"Tempo di lettura stimato\" \/>\n\t<meta name=\"twitter:data1\" content=\"4 minuti\" \/>\n<script type=\"application\/ld+json\" class=\"yoast-schema-graph\">{\"@context\":\"https:\/\/schema.org\",\"@graph\":[{\"@type\":\"WebPage\",\"@id\":\"https:\/\/frivape.com\/product\/fumot-50k-eco-2in1-50000-puffs-disposable-vape\/\",\"url\":\"https:\/\/frivape.com\/product\/fumot-50k-eco-2in1-50000-puffs-disposable-vape\/\",\"name\":\"Fumot 50k ECO 2in1 50000 Puffs Vape | Dual Flavor & Smart Screen\",\"isPartOf\":{\"@id\":\"https:\/\/frivape.com\/#website\"},\"primaryImageOfPage\":{\"@id\":\"https:\/\/frivape.com\/product\/fumot-50k-eco-2in1-50000-puffs-disposable-vape\/#primaryimage\"},\"image\":{\"@id\":\"https:\/\/frivape.com\/product\/fumot-50k-eco-2in1-50000-puffs-disposable-vape\/#primaryimage\"},\"thumbnailUrl\":\"https:\/\/frivape.com\/wp-content\/uploads\/2026\/04\/Fumot-50k-ECO-2in1-50000-Fanta-Cola-ice-4-800x800-1.webp\",\"datePublished\":\"2026-04-15T16:40:44+00:00\",\"dateModified\":\"2026-04-15T16:50:47+00:00\",\"description\":\"Experience the Fumot 50k ECO 2in1. 50,000 puffs, dual-tank (10ml+10ml) flavor switching, 0.9\u03a9 mesh coil, and Smart Display. Fast EU Warehouse wholesale.\",\"breadcrumb\":{\"@id\":\"https:\/\/frivape.com\/product\/fumot-50k-eco-2in1-50000-puffs-disposable-vape\/#breadcrumb\"},\"inLanguage\":\"it-IT\",\"potentialAction\":[{\"@type\":\"ReadAction\",\"target\":[\"https:\/\/frivape.com\/product\/fumot-50k-eco-2in1-50000-puffs-disposable-vape\/\"]}]},{\"@type\":\"ImageObject\",\"inLanguage\":\"it-IT\",\"@id\":\"https:\/\/frivape.com\/product\/fumot-50k-eco-2in1-50000-puffs-disposable-vape\/#primaryimage\",\"url\":\"https:\/\/frivape.com\/wp-content\/uploads\/2026\/04\/Fumot-50k-ECO-2in1-50000-Fanta-Cola-ice-4-800x800-1.webp\",\"contentUrl\":\"https:\/\/frivape.com\/wp-content\/uploads\/2026\/04\/Fumot-50k-ECO-2in1-50000-Fanta-Cola-ice-4-800x800-1.webp\",\"width\":800,\"height\":800},{\"@type\":\"BreadcrumbList\",\"@id\":\"https:\/\/frivape.com\/product\/fumot-50k-eco-2in1-50000-puffs-disposable-vape\/#breadcrumb\",\"itemListElement\":[{\"@type\":\"ListItem\",\"position\":1,\"name\":\"\u9996\u9875\",\"item\":\"https:\/\/frivape.com\/\"},{\"@type\":\"ListItem\",\"position\":2,\"name\":\"Shop\",\"item\":\"https:\/\/frivape.com\/shop\/\"},{\"@type\":\"ListItem\",\"position\":3,\"name\":\"Fumot ECO 2in1 50000 Puffs Disposable Vape | Dual-Flavor Tank | Smart Display &amp; RGB\"}]},{\"@type\":\"WebSite\",\"@id\":\"https:\/\/frivape.com\/#website\",\"url\":\"https:\/\/frivape.com\/\",\"name\":\"frivape | Online Vape Store - Best Vapes, Mods &amp; Disposable Kits\",\"description\":\"Shop frivape, your premier online vape shop for authentic mods, disposable vapes, and premium e-liquids. Direct from Shenzhen with fast Europe local shipping. High quality at wholesale prices.\",\"publisher\":{\"@id\":\"https:\/\/frivape.com\/#organization\"},\"potentialAction\":[{\"@type\":\"SearchAction\",\"target\":{\"@type\":\"EntryPoint\",\"urlTemplate\":\"https:\/\/frivape.com\/?s={search_term_string}\"},\"query-input\":{\"@type\":\"PropertyValueSpecification\",\"valueRequired\":true,\"valueName\":\"search_term_string\"}}],\"inLanguage\":\"it-IT\"},{\"@type\":\"Organization\",\"@id\":\"https:\/\/frivape.com\/#organization\",\"name\":\"frivape | Online Vape Store - Best Vapes, Mods &amp; Disposable Kits\",\"url\":\"https:\/\/frivape.com\/\",\"logo\":{\"@type\":\"ImageObject\",\"inLanguage\":\"it-IT\",\"@id\":\"https:\/\/frivape.com\/#\/schema\/logo\/image\/\",\"url\":\"https:\/\/frivape.com\/wp-content\/uploads\/2026\/03\/cropped-frivape-site-title-icon.png\",\"contentUrl\":\"https:\/\/frivape.com\/wp-content\/uploads\/2026\/03\/cropped-frivape-site-title-icon.png\",\"width\":470,\"height\":110,\"caption\":\"frivape | Online Vape Store - Best Vapes, Mods &amp; Disposable Kits\"},\"image\":{\"@id\":\"https:\/\/frivape.com\/#\/schema\/logo\/image\/\"}}]}<\/script>\n<!-- \/ Yoast SEO plugin. -->","yoast_head_json":{"title":"Fumot 50k ECO 2in1 50000 boccate Vape | Gusto doppio e schermo intelligente","description":"Provate Fumot 50k ECO 2in1. 50.000 boccate, commutazione del sapore a doppio serbatoio (10ml+10ml), bobina a maglia da 0,9\u03a9 e Smart Display. Veloce magazzino UE all'ingrosso.","robots":{"index":"noindex","follow":"follow","max-snippet":"max-snippet:-1","max-image-preview":"max-image-preview:large","max-video-preview":"max-video-preview:-1"},"og_locale":"it_IT","og_type":"article","og_title":"Fumot 50k ECO 2in1 50000 Puffs Vape | Dual Flavor & Smart Screen","og_description":"Experience the Fumot 50k ECO 2in1. 50,000 puffs, dual-tank (10ml+10ml) flavor switching, 0.9\u03a9 mesh coil, and Smart Display. Fast EU Warehouse wholesale.","og_url":"https:\/\/frivape.com\/it\/product\/fumot-50k-eco-2in1-50000-boccate-di-vapore-monouso\/","og_site_name":"frivape | Online Vape Store - Best Vapes, Mods &amp; Disposable Kits","article_modified_time":"2026-04-15T16:50:47+00:00","og_image":[{"width":800,"height":800,"url":"https:\/\/frivape.com\/wp-content\/uploads\/2026\/04\/Fumot-50k-ECO-2in1-50000-Fanta-Cola-ice-4-800x800-1.webp","type":"image\/webp"}],"twitter_card":"summary_large_image","twitter_misc":{"Tempo di lettura stimato":"4 minuti"},"schema":{"@context":"https:\/\/schema.org","@graph":[{"@type":"WebPage","@id":"https:\/\/frivape.com\/product\/fumot-50k-eco-2in1-50000-puffs-disposable-vape\/","url":"https:\/\/frivape.com\/product\/fumot-50k-eco-2in1-50000-puffs-disposable-vape\/","name":"Fumot 50k ECO 2in1 50000 boccate Vape | Gusto doppio e schermo intelligente","isPartOf":{"@id":"https:\/\/frivape.com\/#website"},"primaryImageOfPage":{"@id":"https:\/\/frivape.com\/product\/fumot-50k-eco-2in1-50000-puffs-disposable-vape\/#primaryimage"},"image":{"@id":"https:\/\/frivape.com\/product\/fumot-50k-eco-2in1-50000-puffs-disposable-vape\/#primaryimage"},"thumbnailUrl":"https:\/\/frivape.com\/wp-content\/uploads\/2026\/04\/Fumot-50k-ECO-2in1-50000-Fanta-Cola-ice-4-800x800-1.webp","datePublished":"2026-04-15T16:40:44+00:00","dateModified":"2026-04-15T16:50:47+00:00","description":"Provate Fumot 50k ECO 2in1. 50.000 boccate, commutazione del sapore a doppio serbatoio (10ml+10ml), bobina a maglia da 0,9\u03a9 e Smart Display. Veloce magazzino UE all'ingrosso.","breadcrumb":{"@id":"https:\/\/frivape.com\/product\/fumot-50k-eco-2in1-50000-puffs-disposable-vape\/#breadcrumb"},"inLanguage":"it-IT","potentialAction":[{"@type":"ReadAction","target":["https:\/\/frivape.com\/product\/fumot-50k-eco-2in1-50000-puffs-disposable-vape\/"]}]},{"@type":"ImageObject","inLanguage":"it-IT","@id":"https:\/\/frivape.com\/product\/fumot-50k-eco-2in1-50000-puffs-disposable-vape\/#primaryimage","url":"https:\/\/frivape.com\/wp-content\/uploads\/2026\/04\/Fumot-50k-ECO-2in1-50000-Fanta-Cola-ice-4-800x800-1.webp","contentUrl":"https:\/\/frivape.com\/wp-content\/uploads\/2026\/04\/Fumot-50k-ECO-2in1-50000-Fanta-Cola-ice-4-800x800-1.webp","width":800,"height":800},{"@type":"BreadcrumbList","@id":"https:\/\/frivape.com\/product\/fumot-50k-eco-2in1-50000-puffs-disposable-vape\/#breadcrumb","itemListElement":[{"@type":"ListItem","position":1,"name":"\u9996\u9875","item":"https:\/\/frivape.com\/"},{"@type":"ListItem","position":2,"name":"Shop","item":"https:\/\/frivape.com\/shop\/"},{"@type":"ListItem","position":3,"name":"Fumot ECO 2in1 50000 Puffs Disposable Vape | Dual-Flavor Tank | Smart Display &amp; RGB"}]},{"@type":"WebSite","@id":"https:\/\/frivape.com\/#website","url":"https:\/\/frivape.com\/","name":"frivape | Negozio di vaping online - Migliori vapori, mod e kit usa e getta","description":"Acquista frivape, il tuo principale negozio di vape online per mod autentiche, vapes usa e getta e e-liquid premium. Direttamente da Shenzhen con spedizione veloce in Europa. Alta qualit\u00e0 a prezzi all'ingrosso.","publisher":{"@id":"https:\/\/frivape.com\/#organization"},"potentialAction":[{"@type":"SearchAction","target":{"@type":"EntryPoint","urlTemplate":"https:\/\/frivape.com\/?s={search_term_string}"},"query-input":{"@type":"PropertyValueSpecification","valueRequired":true,"valueName":"search_term_string"}}],"inLanguage":"it-IT"},{"@type":"Organization","@id":"https:\/\/frivape.com\/#organization","name":"frivape | Negozio di vaping online - Migliori vapori, mod e kit usa e getta","url":"https:\/\/frivape.com\/","logo":{"@type":"ImageObject","inLanguage":"it-IT","@id":"https:\/\/frivape.com\/#\/schema\/logo\/image\/","url":"https:\/\/frivape.com\/wp-content\/uploads\/2026\/03\/cropped-frivape-site-title-icon.png","contentUrl":"https:\/\/frivape.com\/wp-content\/uploads\/2026\/03\/cropped-frivape-site-title-icon.png","width":470,"height":110,"caption":"frivape | Online Vape Store - Best Vapes, Mods &amp; Disposable Kits"},"image":{"@id":"https:\/\/frivape.com\/#\/schema\/logo\/image\/"}}]}},"tiered_pricing_type":"fixed","tiered_pricing_fixed_rules":{"10":14.99,"50":13.99,"100":12.99,"200":11.99},"tiered_pricing_product_settings":{"layout":"default","base_unit_name":{"singular":null,"plural":null},"default_variation":{}},"tiered_pricing_minimum_quantity":null,"tiered_pricing_roles_data":[],"tiered_pricing_percentage_rules":[],"_links":{"self":[{"href":"https:\/\/frivape.com\/it\/wp-json\/wp\/v2\/product\/9236","targetHints":{"allow":["GET"]}}],"collection":[{"href":"https:\/\/frivape.com\/it\/wp-json\/wp\/v2\/product"}],"about":[{"href":"https:\/\/frivape.com\/it\/wp-json\/wp\/v2\/types\/product"}],"replies":[{"embeddable":true,"href":"https:\/\/frivape.com\/it\/wp-json\/wp\/v2\/comments?post=9236"}],"wp:featuredmedia":[{"embeddable":true,"href":"https:\/\/frivape.com\/it\/wp-json\/wp\/v2\/media\/9237"}],"wp:attachment":[{"href":"https:\/\/frivape.com\/it\/wp-json\/wp\/v2\/media?parent=9236"}],"wp:term":[{"taxonomy":"product_brand","embeddable":true,"href":"https:\/\/frivape.com\/it\/wp-json\/wp\/v2\/product_brand?post=9236"},{"taxonomy":"product_cat","embeddable":true,"href":"https:\/\/frivape.com\/it\/wp-json\/wp\/v2\/product_cat?post=9236"},{"taxonomy":"product_tag","embeddable":true,"href":"https:\/\/frivape.com\/it\/wp-json\/wp\/v2\/product_tag?post=9236"}],"curies":[{"name":"wp","href":"https:\/\/api.w.org\/{rel}","templated":true}]}}