{"id":8049,"date":"2026-04-06T14:44:27","date_gmt":"2026-04-06T06:44:27","guid":{"rendered":"https:\/\/frivape.com\/?post_type=product&#038;p=8049"},"modified":"2026-04-09T11:21:05","modified_gmt":"2026-04-09T03:21:05","slug":"bang-king-tornado-40000-puff-jednorazowy-wyswietlacz-led-vape","status":"publish","type":"product","link":"https:\/\/frivape.com\/pl\/product\/bang-king-tornado-40000-puff-jednorazowy-wyswietlacz-led-vape\/","title":{"rendered":"Bang King Tornado 40000 Puffs Jednorazowy Vape | Inteligentny wy\u015bwietlacz LED i regulowany przep\u0142yw powietrza"},"content":{"rendered":"<h2 class=\"wp-block-heading has-text-align-center\"><strong>Poznaj przysz\u0142o\u015b\u0107 waporyzacji: Bang King Tornado 40000 Puffs<\/strong><\/h2>\n\n\n\n<p>The <strong>Bang King Tornado 40000<\/strong> (seria Tornado) to ostateczny wyb\u00f3r dla vaper\u00f3w, kt\u00f3rzy wymagaj\u0105 \u201chardkorowej\u201d wydajno\u015bci i eleganckiej estetyki. Ta edycja z wy\u015bwietlaczem LED zosta\u0142a skrupulatnie zaprojektowana, aby zapewni\u0107 ogromn\u0105 produkcj\u0119 pary i niezmienny smak od pierwszego do 40 000 zaci\u0105gni\u0119cia.<\/p>\n\n\n\n<h3 class=\"wp-block-heading\"><strong>Najwa\u017cniejsze informacje techniczne<\/strong><\/h3>\n\n\n\n<ul class=\"wp-block-list\">\n<li><strong>Inteligentny wy\u015bwietlacz cyfrowy LED:<\/strong> Nigdy wi\u0119cej zgadywania. Zintegrowany ekran zapewnia monitorowanie w czasie rzeczywistym zar\u00f3wno <strong>procent baterii<\/strong> oraz <strong>pozosta\u0142y poziom e-cieczy<\/strong>.<\/li>\n\n\n\n<li><strong>Pojemny zbiornik na p\u0142yn o pojemno\u015bci 35 ml:<\/strong> Jedna z najwi\u0119kszych pojemno\u015bci na rynku, zapewniaj\u0105ca tygodnie satysfakcji bez konieczno\u015bci wymiany.<\/li>\n\n\n\n<li><strong>Precyzyjna cewka siatkowa 1,0\u03a9:<\/strong> Zaawansowana technologia siatki zapewnia r\u00f3wnomierne ogrzewanie, zapobiegaj\u0105c przypalaniu i zapewniaj\u0105c czysty, \u017cywy smak.<\/li>\n\n\n\n<li><strong>Dynamicznie regulowany przep\u0142yw powietrza:<\/strong> Prze\u0142\u0105czaj si\u0119 mi\u0119dzy ciasnym zaci\u0105ganiem MTL (Mouth-to-Lung) lub bardziej otwartym DTL (Direct-to-Lung) za pomoc\u0105 prostego przesuni\u0119cia dolnego prze\u0142\u0105cznika.<\/li>\n\n\n\n<li><strong>Wytrzyma\u0142a bateria 1000 mAh:<\/strong> Akumulator o du\u017cej g\u0119sto\u015bci w po\u0142\u0105czeniu z szybkim \u0142adowaniem typu C oznacza wi\u0119cej czasu na waporyzacj\u0119 i mniej czasu na uwi\u0119zi na kablu.<\/li>\n<\/ul>\n\n\n\n<h3 class=\"wp-block-heading\"><strong>Opcje mocy nikotyny<\/strong><\/h3>\n\n\n\n<p>Aby zaspokoi\u0107 wszystkie preferencje, Bang King Tornado 40k jest dost\u0119pny w czterech r\u00f3\u017cnych st\u0119\u017ceniach nikotyny:<\/p>\n\n\n\n<ul class=\"wp-block-list\">\n<li><strong>0% (0mg\/mL):<\/strong> Czysty smak, zero nikotyny.<\/li>\n\n\n\n<li><strong>2% (20 mg\/ml):<\/strong> P\u0142ynne uderzenie dla zwyk\u0142ych vaper\u00f3w.<\/li>\n\n\n\n<li><strong>3% (30 mg\/ml):<\/strong> Zr\u00f3wnowa\u017cona satysfakcja.<\/li>\n\n\n\n<li><strong>5% (50 mg\/ml):<\/strong> Mocne uderzenie w gard\u0142o dla do\u015bwiadczonych u\u017cytkownik\u00f3w.<\/li>\n<\/ul>\n\n\n\n<h3 class=\"wp-block-heading\"><strong>12 Premium Flavor Feast<\/strong><\/h3>\n\n\n\n<ol start=\"1\" class=\"wp-block-list\">\n<li><strong>Arbuz:<\/strong> Chrupi\u0105ce, klasyczne letnie orze\u017awienie.<\/li>\n\n\n\n<li><strong>Arbuz truskawkowy:<\/strong> Soczysta mieszanka s\u0142odkich jag\u00f3d i melona.<\/li>\n\n\n\n<li><strong>L\u00f3d jagodowy:<\/strong> Cierpkie jagody z ch\u0142odz\u0105cym mentolowym finiszem.<\/li>\n\n\n\n<li><strong>Blueberry Raspberry:<\/strong> Wyrafinowany s\u0142odko-pikantny le\u015bny duet.<\/li>\n\n\n\n<li><strong>L\u00f3d truskawkowy:<\/strong> Mro\u017cone dojrza\u0142e truskawki.<\/li>\n\n\n\n<li><strong>Truskawka Kiwi:<\/strong> Najlepsze zr\u00f3wnowa\u017cone tropikalne po\u0142\u0105czenie.<\/li>\n\n\n\n<li><strong>Mango Brzoskwinia Arbuz:<\/strong> Egzotyczna mieszanka trzech owoc\u00f3w.<\/li>\n\n\n\n<li><strong>Kiwi Passion Fruit Pomegranate:<\/strong> G\u0142\u0119boko aromatyczny i warstwowy.<\/li>\n\n\n\n<li><strong>Peach Ice:<\/strong> Aksamitna, dojrza\u0142a w s\u0142o\u0144cu brzoskwinia z ch\u0142odnym wydechem.<\/li>\n\n\n\n<li><strong>Jagody mieszane:<\/strong> Mocna eksplozja czerwonych i ciemnych jag\u00f3d.<\/li>\n\n\n\n<li><strong>Blueberry Grape:<\/strong> Soczyste winogrona \u0142\u0105cz\u0105 si\u0119 ze s\u0142odkimi jagodami.<\/li>\n\n\n\n<li><strong>Watermelon Bubblegum:<\/strong> Nostalgiczny melonowy przysmak inspirowany s\u0142odyczami.<\/li>\n<\/ol>\n\n\n\n<h3 class=\"wp-block-heading\"><strong>U\u017cytkowanie i konserwacja produktu<\/strong><\/h3>\n\n\n\n<ul class=\"wp-block-list\">\n<li><strong>Aktywacja:<\/strong> Wystarczy narysowa\u0107 ustnik (automatyczne rysowanie).<\/li>\n\n\n\n<li><strong>\u0141adowanie:<\/strong> U\u017cyj standardowego kabla typu C. \u0141adowanie trwa zwykle 30-45 minut. Unikaj u\u017cywania \u201csuper\u0142adowarek\u201d o du\u017cej mocy, aby chroni\u0107 \u017cywotno\u015b\u0107 baterii.<\/li>\n\n\n\n<li><strong>Przechowywanie:<\/strong> Nieu\u017cywane urz\u0105dzenie nale\u017cy przechowywa\u0107 w ch\u0142odnym i suchym miejscu.<\/li>\n<\/ul>\n\n\n\n<h3 class=\"wp-block-heading\"><strong>Cz\u0119sto zadawane pytania (FAQ)<\/strong><\/h3>\n\n\n\n<ul class=\"wp-block-list\">\n<li><strong>Ile zaci\u0105gni\u0119\u0107 faktycznie zapewnia?<\/strong> Zosta\u0142 zaprojektowany na maksymalnie 40 000 zaci\u0105gni\u0119\u0107. Rzeczywista liczba zaci\u0105gni\u0119\u0107 mo\u017ce si\u0119 r\u00f3\u017cni\u0107 w zale\u017cno\u015bci od d\u0142ugo\u015bci zaci\u0105gania si\u0119.<\/li>\n\n\n\n<li><strong>Czy nadaje si\u0119 do sprzeda\u017cy hurtowej?<\/strong> Tak, oferujemy ceny fabryczne dla zam\u00f3wie\u0144 hurtowych i hurtowych.<\/li>\n\n\n\n<li><strong>Jakie metody wysy\u0142ki s\u0105 stosowane?<\/strong> Korzystamy z us\u0142ug niezawodnych przewo\u017anik\u00f3w, takich jak UPS, DHL, FedEx i DPD. Zajmujemy si\u0119 wszystkimi odprawami celnymi, zapewniaj\u0105c nieopodatkowan\u0105 dostaw\u0119 100% do wi\u0119kszo\u015bci region\u00f3w.<\/li>\n\n\n\n<li><strong>Jak d\u0142ugi jest czas dostawy?<\/strong> Przygotowanie zam\u00f3wienia trwa 1-3 dni. Wysy\u0142ka trwa zazwyczaj 7-15 dni roboczych w zale\u017cno\u015bci od lokalizacji.<\/li>\n\n\n\n<li><strong>Czy p\u0142atno\u015b\u0107 jest bezpieczna?<\/strong> Akceptujemy PayPal (z ochron\u0105 kupuj\u0105cych), Stripe, karty kredytowe i kryptowaluty.<\/li>\n<\/ul>\n\n\n\n<p><strong>OSTRZE\u017bENIE:<\/strong> Ten produkt zawiera nikotyn\u0119. Nikotyna jest uzale\u017cniaj\u0105c\u0105 substancj\u0105 chemiczn\u0105.<\/p>\n\n\n\n<p><strong>Ograniczenia wiekowe:<\/strong> Musisz mie\u0107 uko\u0144czone 18 lat (lub by\u0107 w wieku uprawniaj\u0105cym do palenia w danym regionie), aby kupi\u0107 i u\u017cywa\u0107 tego produktu. Przechowywa\u0107 poza zasi\u0119giem dzieci i zwierz\u0105t domowych.<\/p>\n\n\n\n<p><\/p>","protected":false},"excerpt":{"rendered":"<p data-path-to-node=\"7\">Zdominuj swoj\u0105 przygod\u0119 z waporyzacj\u0105 dzi\u0119ki <b data-path-to-node=\"7\" data-index-in-node=\"41\">Bang King Tornado 40k<\/b>.<\/p>\n<ul data-path-to-node=\"8\">\n<li>\n<p data-path-to-node=\"8,0,0\"><b data-path-to-node=\"8,0,0\" data-index-in-node=\"0\">Liczba zaci\u0105gni\u0119\u0107:<\/b> Do 40 000 zaci\u0105gni\u0119\u0107<\/p>\n<\/li>\n<li>\n<p data-path-to-node=\"8,1,0\"><b data-path-to-node=\"8,1,0\" data-index-in-node=\"0\">Bateria:<\/b> 1000 mAh (akumulator typu C)<\/p>\n<\/li>\n<li>\n<p data-path-to-node=\"8,2,0\"><b data-path-to-node=\"8,2,0\" data-index-in-node=\"0\">Pojemno\u015b\u0107:<\/b> E-liquid Premium 35 ml<\/p>\n<\/li>\n<li>\n<p data-path-to-node=\"8,3,0\"><b data-path-to-node=\"8,3,0\" data-index-in-node=\"0\">Technologia:<\/b> Siatkowa cewka 1,0\u03a9 i inteligentny ekran cyfrowy LED<\/p>\n<\/li>\n<li>\n<p data-path-to-node=\"8,4,0\"><b data-path-to-node=\"8,4,0\" data-index-in-node=\"0\">Personalizacja:<\/b> Regulowana kontrola przep\u0142ywu powietrza<\/p>\n<\/li>\n<li>\n<p data-path-to-node=\"8,5,0\"><b data-path-to-node=\"8,5,0\" data-index-in-node=\"0\">Nikotyna:<\/b> Dost\u0119pne w wersjach 0%, 2%, 3% i 5%.<\/p>\n<\/li>\n<\/ul>","protected":false},"featured_media":8055,"comment_status":"open","ping_status":"closed","template":"","meta":[],"product_brand":[61],"product_cat":[82,87,95],"product_tag":[74,75,76,77,79],"class_list":{"0":"post-8049","1":"product","2":"type-product","3":"status-publish","4":"has-post-thumbnail","6":"product_brand-bang","7":"product_cat-big-puffs-vapes","8":"product_cat-iced-fruit-vapes","9":"product_cat-mesh-coil-vapes","10":"product_tag-dtl-vaping","11":"product_tag-eu-warehouse","12":"product_tag-mtl-vaping","13":"product_tag-recharge","14":"product_tag-smart-screen-display","15":"pa_product-attr-nicotine-nicotine0","16":"pa_product-attr-nicotine-nicotine2","17":"pa_product-attr-nicotine-nicotine3","18":"pa_product-attr-nicotine-nicotine5","20":"first","21":"instock","22":"sale","23":"shipping-taxable","24":"purchasable","25":"product-type-variable"},"yoast_head":"<!-- This site is optimized with the Yoast SEO plugin v27.1.1 - https:\/\/yoast.com\/product\/yoast-seo-wordpress\/ -->\n<title>Bang King Tornado 40000 Puffs Disposable Vape - LED Display 40k Vape<\/title>\n<meta name=\"description\" content=\"Buy the Bang King Tornado 40000 Puffs. Features 35mL e-liquid, 1000mAh rechargeable battery, 1.0\u03a9 mesh coil, and smart LED display. Available in 0%-5% nicotine. Fast EU shipping!\" \/>\n<meta name=\"robots\" content=\"noindex, follow, max-snippet:-1, max-image-preview:large, max-video-preview:-1\" \/>\n<meta property=\"og:locale\" content=\"pl_PL\" \/>\n<meta property=\"og:type\" content=\"article\" \/>\n<meta property=\"og:title\" content=\"Bang King Tornado 40000 Puffs Disposable Vape - LED Display 40k Vape\" \/>\n<meta property=\"og:description\" content=\"Buy the Bang King Tornado 40000 Puffs. Features 35mL e-liquid, 1000mAh rechargeable battery, 1.0\u03a9 mesh coil, and smart LED display. Available in 0%-5% nicotine. Fast EU shipping!\" \/>\n<meta property=\"og:url\" content=\"https:\/\/frivape.com\/pl\/product\/bang-king-tornado-40000-puff-jednorazowy-wyswietlacz-led-vape\/\" \/>\n<meta property=\"og:site_name\" content=\"frivape | Online Vape Store - Best Vapes, Mods &amp; Disposable Kits\" \/>\n<meta property=\"article:modified_time\" content=\"2026-04-09T03:21:05+00:00\" \/>\n<meta property=\"og:image\" content=\"https:\/\/frivape.com\/wp-content\/uploads\/2026\/04\/vape-maison-bang-king-tornado-40000-puffs-watermelon-800x800-1.webp\" \/>\n\t<meta property=\"og:image:width\" content=\"800\" \/>\n\t<meta property=\"og:image:height\" content=\"800\" \/>\n\t<meta property=\"og:image:type\" content=\"image\/webp\" \/>\n<meta name=\"twitter:card\" content=\"summary_large_image\" \/>\n<meta name=\"twitter:label1\" content=\"Szacowany czas czytania\" \/>\n\t<meta name=\"twitter:data1\" content=\"3 minuty\" \/>\n<script type=\"application\/ld+json\" class=\"yoast-schema-graph\">{\"@context\":\"https:\/\/schema.org\",\"@graph\":[{\"@type\":\"WebPage\",\"@id\":\"https:\/\/frivape.com\/product\/bang-king-tornado-40000-puffs-disposable-vape-led-display\/\",\"url\":\"https:\/\/frivape.com\/product\/bang-king-tornado-40000-puffs-disposable-vape-led-display\/\",\"name\":\"Bang King Tornado 40000 Puffs Disposable Vape - LED Display 40k Vape\",\"isPartOf\":{\"@id\":\"https:\/\/frivape.com\/#website\"},\"primaryImageOfPage\":{\"@id\":\"https:\/\/frivape.com\/product\/bang-king-tornado-40000-puffs-disposable-vape-led-display\/#primaryimage\"},\"image\":{\"@id\":\"https:\/\/frivape.com\/product\/bang-king-tornado-40000-puffs-disposable-vape-led-display\/#primaryimage\"},\"thumbnailUrl\":\"https:\/\/frivape.com\/wp-content\/uploads\/2026\/04\/vape-maison-bang-king-tornado-40000-puffs-watermelon-800x800-1.webp\",\"datePublished\":\"2026-04-06T06:44:27+00:00\",\"dateModified\":\"2026-04-09T03:21:05+00:00\",\"description\":\"Buy the Bang King Tornado 40000 Puffs. Features 35mL e-liquid, 1000mAh rechargeable battery, 1.0\u03a9 mesh coil, and smart LED display. Available in 0%-5% nicotine. Fast EU shipping!\",\"breadcrumb\":{\"@id\":\"https:\/\/frivape.com\/product\/bang-king-tornado-40000-puffs-disposable-vape-led-display\/#breadcrumb\"},\"inLanguage\":\"pl-PL\",\"potentialAction\":[{\"@type\":\"ReadAction\",\"target\":[\"https:\/\/frivape.com\/product\/bang-king-tornado-40000-puffs-disposable-vape-led-display\/\"]}]},{\"@type\":\"ImageObject\",\"inLanguage\":\"pl-PL\",\"@id\":\"https:\/\/frivape.com\/product\/bang-king-tornado-40000-puffs-disposable-vape-led-display\/#primaryimage\",\"url\":\"https:\/\/frivape.com\/wp-content\/uploads\/2026\/04\/vape-maison-bang-king-tornado-40000-puffs-watermelon-800x800-1.webp\",\"contentUrl\":\"https:\/\/frivape.com\/wp-content\/uploads\/2026\/04\/vape-maison-bang-king-tornado-40000-puffs-watermelon-800x800-1.webp\",\"width\":800,\"height\":800},{\"@type\":\"BreadcrumbList\",\"@id\":\"https:\/\/frivape.com\/product\/bang-king-tornado-40000-puffs-disposable-vape-led-display\/#breadcrumb\",\"itemListElement\":[{\"@type\":\"ListItem\",\"position\":1,\"name\":\"\u9996\u9875\",\"item\":\"https:\/\/frivape.com\/\"},{\"@type\":\"ListItem\",\"position\":2,\"name\":\"Shop\",\"item\":\"https:\/\/frivape.com\/shop\/\"},{\"@type\":\"ListItem\",\"position\":3,\"name\":\"Bang King Tornado 40000 Puffs Disposable Vape | Smart LED Display &amp; Adjustable Airflow\"}]},{\"@type\":\"WebSite\",\"@id\":\"https:\/\/frivape.com\/#website\",\"url\":\"https:\/\/frivape.com\/\",\"name\":\"frivape | Online Vape Store - Best Vapes, Mods &amp; Disposable Kits\",\"description\":\"Shop frivape, your premier online vape shop for authentic mods, disposable vapes, and premium e-liquids. Direct from Shenzhen with fast Europe local shipping. High quality at wholesale prices.\",\"publisher\":{\"@id\":\"https:\/\/frivape.com\/#organization\"},\"potentialAction\":[{\"@type\":\"SearchAction\",\"target\":{\"@type\":\"EntryPoint\",\"urlTemplate\":\"https:\/\/frivape.com\/?s={search_term_string}\"},\"query-input\":{\"@type\":\"PropertyValueSpecification\",\"valueRequired\":true,\"valueName\":\"search_term_string\"}}],\"inLanguage\":\"pl-PL\"},{\"@type\":\"Organization\",\"@id\":\"https:\/\/frivape.com\/#organization\",\"name\":\"frivape | Online Vape Store - Best Vapes, Mods &amp; Disposable Kits\",\"url\":\"https:\/\/frivape.com\/\",\"logo\":{\"@type\":\"ImageObject\",\"inLanguage\":\"pl-PL\",\"@id\":\"https:\/\/frivape.com\/#\/schema\/logo\/image\/\",\"url\":\"https:\/\/frivape.com\/wp-content\/uploads\/2026\/03\/cropped-frivape-site-title-icon.png\",\"contentUrl\":\"https:\/\/frivape.com\/wp-content\/uploads\/2026\/03\/cropped-frivape-site-title-icon.png\",\"width\":470,\"height\":110,\"caption\":\"frivape | Online Vape Store - Best Vapes, Mods &amp; Disposable Kits\"},\"image\":{\"@id\":\"https:\/\/frivape.com\/#\/schema\/logo\/image\/\"}}]}<\/script>\n<!-- \/ Yoast SEO plugin. -->","yoast_head_json":{"title":"Bang King Tornado 40000 Puffs Jednorazowy Vape - Wy\u015bwietlacz LED 40k Vape","description":"Kup Bang King Tornado 40000 Puffs. Posiada 35 ml e-liquidu, akumulator 1000 mAh, cewk\u0119 siatkow\u0105 1,0 \u03a9 i inteligentny wy\u015bwietlacz LED. Dost\u0119pny w wersjach nikotynowych 0%-5%. Szybka wysy\u0142ka na terenie UE!","robots":{"index":"noindex","follow":"follow","max-snippet":"max-snippet:-1","max-image-preview":"max-image-preview:large","max-video-preview":"max-video-preview:-1"},"og_locale":"pl_PL","og_type":"article","og_title":"Bang King Tornado 40000 Puffs Disposable Vape - LED Display 40k Vape","og_description":"Buy the Bang King Tornado 40000 Puffs. Features 35mL e-liquid, 1000mAh rechargeable battery, 1.0\u03a9 mesh coil, and smart LED display. Available in 0%-5% nicotine. Fast EU shipping!","og_url":"https:\/\/frivape.com\/pl\/product\/bang-king-tornado-40000-puff-jednorazowy-wyswietlacz-led-vape\/","og_site_name":"frivape | Online Vape Store - Best Vapes, Mods &amp; Disposable Kits","article_modified_time":"2026-04-09T03:21:05+00:00","og_image":[{"width":800,"height":800,"url":"https:\/\/frivape.com\/wp-content\/uploads\/2026\/04\/vape-maison-bang-king-tornado-40000-puffs-watermelon-800x800-1.webp","type":"image\/webp"}],"twitter_card":"summary_large_image","twitter_misc":{"Szacowany czas czytania":"3 minuty"},"schema":{"@context":"https:\/\/schema.org","@graph":[{"@type":"WebPage","@id":"https:\/\/frivape.com\/product\/bang-king-tornado-40000-puffs-disposable-vape-led-display\/","url":"https:\/\/frivape.com\/product\/bang-king-tornado-40000-puffs-disposable-vape-led-display\/","name":"Bang King Tornado 40000 Puffs Jednorazowy Vape - Wy\u015bwietlacz LED 40k Vape","isPartOf":{"@id":"https:\/\/frivape.com\/#website"},"primaryImageOfPage":{"@id":"https:\/\/frivape.com\/product\/bang-king-tornado-40000-puffs-disposable-vape-led-display\/#primaryimage"},"image":{"@id":"https:\/\/frivape.com\/product\/bang-king-tornado-40000-puffs-disposable-vape-led-display\/#primaryimage"},"thumbnailUrl":"https:\/\/frivape.com\/wp-content\/uploads\/2026\/04\/vape-maison-bang-king-tornado-40000-puffs-watermelon-800x800-1.webp","datePublished":"2026-04-06T06:44:27+00:00","dateModified":"2026-04-09T03:21:05+00:00","description":"Kup Bang King Tornado 40000 Puffs. Posiada 35 ml e-liquidu, akumulator 1000 mAh, cewk\u0119 siatkow\u0105 1,0 \u03a9 i inteligentny wy\u015bwietlacz LED. Dost\u0119pny w wersjach nikotynowych 0%-5%. Szybka wysy\u0142ka na terenie UE!","breadcrumb":{"@id":"https:\/\/frivape.com\/product\/bang-king-tornado-40000-puffs-disposable-vape-led-display\/#breadcrumb"},"inLanguage":"pl-PL","potentialAction":[{"@type":"ReadAction","target":["https:\/\/frivape.com\/product\/bang-king-tornado-40000-puffs-disposable-vape-led-display\/"]}]},{"@type":"ImageObject","inLanguage":"pl-PL","@id":"https:\/\/frivape.com\/product\/bang-king-tornado-40000-puffs-disposable-vape-led-display\/#primaryimage","url":"https:\/\/frivape.com\/wp-content\/uploads\/2026\/04\/vape-maison-bang-king-tornado-40000-puffs-watermelon-800x800-1.webp","contentUrl":"https:\/\/frivape.com\/wp-content\/uploads\/2026\/04\/vape-maison-bang-king-tornado-40000-puffs-watermelon-800x800-1.webp","width":800,"height":800},{"@type":"BreadcrumbList","@id":"https:\/\/frivape.com\/product\/bang-king-tornado-40000-puffs-disposable-vape-led-display\/#breadcrumb","itemListElement":[{"@type":"ListItem","position":1,"name":"\u9996\u9875","item":"https:\/\/frivape.com\/"},{"@type":"ListItem","position":2,"name":"Shop","item":"https:\/\/frivape.com\/shop\/"},{"@type":"ListItem","position":3,"name":"Bang King Tornado 40000 Puffs Disposable Vape | Smart LED Display &amp; Adjustable Airflow"}]},{"@type":"WebSite","@id":"https:\/\/frivape.com\/#website","url":"https:\/\/frivape.com\/","name":"frivape | Internetowy sklep Vape - najlepsze waporyzatory, modemy i zestawy jednorazowe","description":"Sklep frivape, najlepszy internetowy sklep vape z autentycznymi modami, jednorazowymi waporyzatorami i najwy\u017cszej jako\u015bci e-liquidami. Bezpo\u015brednio z Shenzhen z szybk\u0105 wysy\u0142k\u0105 lokaln\u0105 w Europie. Wysoka jako\u015b\u0107 w cenach hurtowych.","publisher":{"@id":"https:\/\/frivape.com\/#organization"},"potentialAction":[{"@type":"SearchAction","target":{"@type":"EntryPoint","urlTemplate":"https:\/\/frivape.com\/?s={search_term_string}"},"query-input":{"@type":"PropertyValueSpecification","valueRequired":true,"valueName":"search_term_string"}}],"inLanguage":"pl-PL"},{"@type":"Organization","@id":"https:\/\/frivape.com\/#organization","name":"frivape | Internetowy sklep Vape - najlepsze waporyzatory, modemy i zestawy jednorazowe","url":"https:\/\/frivape.com\/","logo":{"@type":"ImageObject","inLanguage":"pl-PL","@id":"https:\/\/frivape.com\/#\/schema\/logo\/image\/","url":"https:\/\/frivape.com\/wp-content\/uploads\/2026\/03\/cropped-frivape-site-title-icon.png","contentUrl":"https:\/\/frivape.com\/wp-content\/uploads\/2026\/03\/cropped-frivape-site-title-icon.png","width":470,"height":110,"caption":"frivape | Online Vape Store - Best Vapes, Mods &amp; Disposable Kits"},"image":{"@id":"https:\/\/frivape.com\/#\/schema\/logo\/image\/"}}]}},"tiered_pricing_type":"fixed","tiered_pricing_fixed_rules":{"10":9.48,"50":8.88,"100":8.28,"200":7.68},"tiered_pricing_product_settings":{"layout":"blocks","base_unit_name":{"singular":null,"plural":null},"default_variation":{}},"tiered_pricing_minimum_quantity":null,"tiered_pricing_roles_data":[],"tiered_pricing_percentage_rules":[],"_links":{"self":[{"href":"https:\/\/frivape.com\/pl\/wp-json\/wp\/v2\/product\/8049","targetHints":{"allow":["GET"]}}],"collection":[{"href":"https:\/\/frivape.com\/pl\/wp-json\/wp\/v2\/product"}],"about":[{"href":"https:\/\/frivape.com\/pl\/wp-json\/wp\/v2\/types\/product"}],"replies":[{"embeddable":true,"href":"https:\/\/frivape.com\/pl\/wp-json\/wp\/v2\/comments?post=8049"}],"wp:featuredmedia":[{"embeddable":true,"href":"https:\/\/frivape.com\/pl\/wp-json\/wp\/v2\/media\/8055"}],"wp:attachment":[{"href":"https:\/\/frivape.com\/pl\/wp-json\/wp\/v2\/media?parent=8049"}],"wp:term":[{"taxonomy":"product_brand","embeddable":true,"href":"https:\/\/frivape.com\/pl\/wp-json\/wp\/v2\/product_brand?post=8049"},{"taxonomy":"product_cat","embeddable":true,"href":"https:\/\/frivape.com\/pl\/wp-json\/wp\/v2\/product_cat?post=8049"},{"taxonomy":"product_tag","embeddable":true,"href":"https:\/\/frivape.com\/pl\/wp-json\/wp\/v2\/product_tag?post=8049"}],"curies":[{"name":"wp","href":"https:\/\/api.w.org\/{rel}","templated":true}]}}