{"id":8234,"date":"2026-04-09T01:00:26","date_gmt":"2026-04-08T17:00:26","guid":{"rendered":"https:\/\/frivape.com\/?post_type=product&#038;p=8234"},"modified":"2026-04-09T11:08:24","modified_gmt":"2026-04-09T03:08:24","slug":"bang-20000-puff-jednorazowy-vape-wyswietlacz-led-akumulator","status":"publish","type":"product","link":"https:\/\/frivape.com\/pl\/product\/bang-20000-puff-jednorazowy-vape-wyswietlacz-led-akumulator\/","title":{"rendered":"Bang 20000 Puffs Jednorazowy Vape | Inteligentny wy\u015bwietlacz LED i cewka siatkowa 0,8\u03a9"},"content":{"rendered":"<h2 class=\"wp-block-heading has-text-align-center\"><strong>Precyzyjna in\u017cynieria i ogromna wydajno\u015b\u0107: Bang 20000 Puffs<\/strong><\/h2>\n\n\n\n<p>The <strong>Jednorazowy Vape z wy\u015bwietlaczem LED Bang 20000 Puffs<\/strong> zosta\u0142 zaprojektowany dla vaper\u00f3w, dla kt\u00f3rych priorytetem jest zar\u00f3wno d\u0142ugowieczno\u015b\u0107, jak i kontrola w czasie rzeczywistym. To urz\u0105dzenie \u201cSmart Edition\u201d eliminuje zgadywanie, umo\u017cliwiaj\u0105c monitorowanie poziom\u00f3w, jednocze\u015bnie ciesz\u0105c si\u0119 mocnym smakiem wytwarzanym przez najnowocze\u015bniejszy system ogrzewania siatkowego.<\/p>\n\n\n\n<h3 class=\"wp-block-heading\"><strong>Zaawansowane funkcje techniczne<\/strong><\/h3>\n\n\n\n<ul class=\"wp-block-list\">\n<li><strong>Inteligencja cyfrowa:<\/strong> Zintegrowany <strong>Cyfrowy wy\u015bwietlacz LED<\/strong> zapewnia natychmiastow\u0105 informacj\u0119 zwrotn\u0105 na temat \u017cywotno\u015bci baterii i zu\u017cycia e-cieczy. Nigdy wi\u0119cej nie martw si\u0119 o nieoczekiwany suchy strza\u0142 lub roz\u0142adowan\u0105 bateri\u0119.<\/li>\n\n\n\n<li><strong>Siatkowa cewka Flavor-First 0,8\u03a9:<\/strong> Specjalnie dostosowana do zbiornika o pojemno\u015bci 25 ml, 0,8-omowa cewka siatkowa zwi\u0119ksza powierzchni\u0119 grzewcz\u0105, co skutkuje g\u0119stszymi chmurami i bardziej intensywnym profilem smakowym w por\u00f3wnaniu do tradycyjnych cewek.<\/li>\n\n\n\n<li><strong>Rozszerzona wydajno\u015b\u0107 20k:<\/strong> Dzi\u0119ki zdumiewaj\u0105cej pojemno\u015bci 20 000 zaci\u0105gni\u0119\u0107, urz\u0105dzenie to jest zbudowane tak, aby przetrwa\u0107 konkurencj\u0119, co czyni go op\u0142acalnym i niezawodnym wyborem do codziennego u\u017cytku.<\/li>\n\n\n\n<li><strong>Moc szybkiego odzyskiwania:<\/strong> The <strong>Akumulator 650 mAh<\/strong> jest zoptymalizowany pod k\u0105tem wydajno\u015bci i sparowany z <strong>Port \u0142adowania typu C<\/strong> aby sp\u0119dzi\u0107 wi\u0119cej czasu na wapowaniu, a mniej na czekaniu.<\/li>\n<\/ul>\n\n\n\n<h3 class=\"wp-block-heading\"><strong>Kompleksowy wyb\u00f3r smak\u00f3w<\/strong><\/h3>\n\n\n\n<p>Rozkoszuj si\u0119 zr\u00f3\u017cnicowanym spektrum ponad 13 smak\u00f3w premium:<\/p>\n\n\n\n<ol start=\"1\" class=\"wp-block-list\">\n<li><strong>Mi\u0119ta:<\/strong> Wyra\u017any, ch\u0142odz\u0105cy podmuch czystego mentolu.<\/li>\n\n\n\n<li><strong>Strawberry Lychee:<\/strong> S\u0142odkie truskawki w po\u0142\u0105czeniu z egzotycznym liczi.<\/li>\n\n\n\n<li><strong>Truskawka Kiwi:<\/strong> Klasyczny pikantny i s\u0142odki tropikalny duet.<\/li>\n\n\n\n<li><strong>Red Bull:<\/strong> Energetyzuj\u0105cy i b\u0105belkowy nap\u00f3j inspirowany vape.<\/li>\n\n\n\n<li><strong>Owoce mieszane:<\/strong> Bujna mieszanka ulubionych owoc\u00f3w z ca\u0142ego \u015bwiata.<\/li>\n\n\n\n<li><strong>L\u00f3d jagodowy:<\/strong> Dojrza\u0142e jagody z mro\u017anym finiszem.<\/li>\n\n\n\n<li><strong>Blueberry Raspberry:<\/strong> Eksplozja cierpkich i s\u0142odkich jag\u00f3d.<\/li>\n\n\n\n<li><strong>Arbuz z jagodami:<\/strong> Orze\u017awiaj\u0105cy melon \u0142\u0105czy si\u0119 z g\u0142\u0119bokimi nutami jag\u00f3d.<\/li>\n\n\n\n<li><strong>Arbuz:<\/strong> Proste, soczyste i gasz\u0105ce pragnienie.<\/li>\n\n\n\n<li><strong>Arbuz malinowy:<\/strong> Pikantna wariacja na temat klasycznego arbuza.<\/li>\n\n\n\n<li><strong>Truskawka Mango:<\/strong> Kremowe tropikalne mango ze s\u0142odk\u0105 truskawk\u0105.<\/li>\n\n\n\n<li><strong>Podw\u00f3jne jab\u0142ko:<\/strong> Chrupi\u0105ca mieszanka czerwonych i zielonych jab\u0142ek.<\/li>\n\n\n\n<li><strong>Mango Brzoskwinia Arbuz:<\/strong> Najlepsze po\u0142\u0105czenie letnich owoc\u00f3w.<\/li>\n<\/ol>\n\n\n\n<h3 class=\"wp-block-heading\"><strong>Cz\u0119sto zadawane pytania (FAQ)<\/strong><\/h3>\n\n\n\n<ul class=\"wp-block-list\">\n<li><strong>Co sprawia, \u017ce cewka mesh 0,8\u03a9 jest lepsza?<\/strong> Zapewnia szybsze nagrzewanie i wi\u0119kszy przep\u0142yw powietrza, co poprawia smak e-liquidu i zapewnia \u0142agodniejsze uderzenie w gard\u0142o.<\/li>\n\n\n\n<li><strong>Sk\u0105d mam wiedzie\u0107, kiedy urz\u0105dzenie jest puste?<\/strong> Wy\u015bwietlacz LED poka\u017ce malej\u0105cy poziom e-liquidu. Gdy poziom soku osi\u0105gnie zero na ekranie, urz\u0105dzenie osi\u0105gnie swoj\u0105 pojemno\u015b\u0107.<\/li>\n\n\n\n<li><strong>Czy kabel do \u0142adowania jest do\u0142\u0105czony?<\/strong> Zwykle kable typu C nie s\u0105 do\u0142\u0105czane do poszczeg\u00f3lnych opakowa\u0144, aby zminimalizowa\u0107 ilo\u015b\u0107 odpad\u00f3w \u015brodowiskowych, ale ka\u017cdy standardowy kabel typu C b\u0119dzie dzia\u0142a\u0142.<\/li>\n\n\n\n<li><strong>Jak d\u0142ugo wystarcza 20 000 zaci\u0105gni\u0119\u0107?<\/strong> Dla przeci\u0119tnego wapera urz\u0105dzenie to mo\u017ce dzia\u0142a\u0107 od 15 do 25 dni, w zale\u017cno\u015bci od nawyk\u00f3w u\u017cytkowania.<\/li>\n<\/ul>\n\n\n\n<hr class=\"wp-block-separator has-alpha-channel-opacity\"\/>\n\n\n\n<p><strong>OSTRZE\u017bENIE:<\/strong> Ten produkt zawiera nikotyn\u0119. Nikotyna jest uzale\u017cniaj\u0105c\u0105 substancj\u0105 chemiczn\u0105.<\/p>\n\n\n\n<p><strong>Ograniczenia wiekowe:<\/strong> Musisz mie\u0107 uko\u0144czone 18 lat (lub by\u0107 w wieku uprawniaj\u0105cym do palenia w danym regionie), aby kupi\u0107 i u\u017cywa\u0107 tego produktu. Przechowywa\u0107 poza zasi\u0119giem dzieci i zwierz\u0105t domowych.<\/p>","protected":false},"excerpt":{"rendered":"<p data-path-to-node=\"7\">The <b data-path-to-node=\"7\" data-index-in-node=\"4\">Bang 20000<\/b> to idealne po\u0142\u0105czenie wysokiej wydajno\u015bci i nowoczesnej technologii.<\/p>\n<ul data-path-to-node=\"8\">\n<li>\n<p data-path-to-node=\"8,0,0\"><b data-path-to-node=\"8,0,0\" data-index-in-node=\"0\">Liczba zaci\u0105gni\u0119\u0107:<\/b> Do 20 000 zaci\u0105gni\u0119\u0107<\/p>\n<\/li>\n<li>\n<p data-path-to-node=\"8,1,0\"><b data-path-to-node=\"8,1,0\" data-index-in-node=\"0\">Pojemno\u015b\u0107:<\/b> Wst\u0119pnie nape\u0142niony e-liquid 25 ml<\/p>\n<\/li>\n<li>\n<p data-path-to-node=\"8,2,0\"><b data-path-to-node=\"8,2,0\" data-index-in-node=\"0\">Wy\u015bwietlacz:<\/b> Ekran LED w czasie rzeczywistym (monitorowanie baterii i soku)<\/p>\n<\/li>\n<li>\n<p data-path-to-node=\"8,3,0\"><b data-path-to-node=\"8,3,0\" data-index-in-node=\"0\">Bateria:<\/b> 650 mAh (akumulator typu C)<\/p>\n<\/li>\n<li>\n<p data-path-to-node=\"8,4,0\"><b data-path-to-node=\"8,4,0\" data-index-in-node=\"0\">Ogrzewanie:<\/b> Zaawansowana cewka siatkowa 0,8\u03a9 dla bogatej pary<\/p>\n<\/li>\n<li>\n<p data-path-to-node=\"8,5,0\"><b data-path-to-node=\"8,5,0\" data-index-in-node=\"0\">Projekt:<\/b> Elegancka, przeno\u015bna i przyjazna dla \u015brodowiska konstrukcja<\/p>\n<\/li>\n<\/ul>","protected":false},"featured_media":8237,"comment_status":"open","ping_status":"closed","template":"","meta":[],"product_brand":[61],"product_cat":[96,87,95,83],"product_tag":[76,93,77,79],"class_list":{"0":"post-8234","1":"product","2":"type-product","3":"status-publish","4":"has-post-thumbnail","6":"product_brand-bang","7":"product_cat-dual-mesh-vapes","8":"product_cat-iced-fruit-vapes","9":"product_cat-mesh-coil-vapes","10":"product_cat-pro-puffs-vapes","11":"product_tag-mtl-vaping","12":"product_tag-rdl-vaping","13":"product_tag-recharge","14":"product_tag-smart-screen-display","16":"first","17":"instock","18":"sale","19":"shipping-taxable","20":"purchasable","21":"product-type-variable"},"yoast_head":"<!-- This site is optimized with the Yoast SEO plugin v27.1.1 - https:\/\/yoast.com\/product\/yoast-seo-wordpress\/ -->\n<title>Bang 20000 Puffs Disposable Vape - Smart LED Display &amp; Mesh Coil<\/title>\n<meta name=\"description\" content=\"Experience the Bang 20000 Puffs with a smart LED display. Features 25mL e-liquid, 0.8\u03a9 mesh coil, and 650mAh rechargeable battery. Fast shipping on all 20k vapes!\" \/>\n<meta name=\"robots\" content=\"noindex, follow, max-snippet:-1, max-image-preview:large, max-video-preview:-1\" \/>\n<meta property=\"og:locale\" content=\"pl_PL\" \/>\n<meta property=\"og:type\" content=\"article\" \/>\n<meta property=\"og:title\" content=\"Bang 20000 Puffs Disposable Vape - Smart LED Display &amp; Mesh Coil\" \/>\n<meta property=\"og:description\" content=\"Experience the Bang 20000 Puffs with a smart LED display. Features 25mL e-liquid, 0.8\u03a9 mesh coil, and 650mAh rechargeable battery. Fast shipping on all 20k vapes!\" \/>\n<meta property=\"og:url\" content=\"https:\/\/frivape.com\/pl\/product\/bang-20000-puff-jednorazowy-vape-wyswietlacz-led-akumulator\/\" \/>\n<meta property=\"og:site_name\" content=\"frivape | Online Vape Store - Best Vapes, Mods &amp; Disposable Kits\" \/>\n<meta property=\"article:modified_time\" content=\"2026-04-09T03:08:24+00:00\" \/>\n<meta property=\"og:image\" content=\"https:\/\/frivape.com\/wp-content\/uploads\/2026\/04\/vape-bang-20000-Puffs-00018.jpg.webp\" \/>\n\t<meta property=\"og:image:width\" content=\"1000\" \/>\n\t<meta property=\"og:image:height\" content=\"1000\" \/>\n\t<meta property=\"og:image:type\" content=\"image\/webp\" \/>\n<meta name=\"twitter:card\" content=\"summary_large_image\" \/>\n<meta name=\"twitter:label1\" content=\"Szacowany czas czytania\" \/>\n\t<meta name=\"twitter:data1\" content=\"3 minuty\" \/>\n<script type=\"application\/ld+json\" class=\"yoast-schema-graph\">{\"@context\":\"https:\/\/schema.org\",\"@graph\":[{\"@type\":\"WebPage\",\"@id\":\"https:\/\/frivape.com\/product\/bang-20000-puffs-disposable-vape-led-display-rechargeable\/\",\"url\":\"https:\/\/frivape.com\/product\/bang-20000-puffs-disposable-vape-led-display-rechargeable\/\",\"name\":\"Bang 20000 Puffs Disposable Vape - Smart LED Display & Mesh Coil\",\"isPartOf\":{\"@id\":\"https:\/\/frivape.com\/#website\"},\"primaryImageOfPage\":{\"@id\":\"https:\/\/frivape.com\/product\/bang-20000-puffs-disposable-vape-led-display-rechargeable\/#primaryimage\"},\"image\":{\"@id\":\"https:\/\/frivape.com\/product\/bang-20000-puffs-disposable-vape-led-display-rechargeable\/#primaryimage\"},\"thumbnailUrl\":\"https:\/\/frivape.com\/wp-content\/uploads\/2026\/04\/vape-bang-20000-Puffs-00018.jpg.webp\",\"datePublished\":\"2026-04-08T17:00:26+00:00\",\"dateModified\":\"2026-04-09T03:08:24+00:00\",\"description\":\"Experience the Bang 20000 Puffs with a smart LED display. Features 25mL e-liquid, 0.8\u03a9 mesh coil, and 650mAh rechargeable battery. Fast shipping on all 20k vapes!\",\"breadcrumb\":{\"@id\":\"https:\/\/frivape.com\/product\/bang-20000-puffs-disposable-vape-led-display-rechargeable\/#breadcrumb\"},\"inLanguage\":\"pl-PL\",\"potentialAction\":[{\"@type\":\"ReadAction\",\"target\":[\"https:\/\/frivape.com\/product\/bang-20000-puffs-disposable-vape-led-display-rechargeable\/\"]}]},{\"@type\":\"ImageObject\",\"inLanguage\":\"pl-PL\",\"@id\":\"https:\/\/frivape.com\/product\/bang-20000-puffs-disposable-vape-led-display-rechargeable\/#primaryimage\",\"url\":\"https:\/\/frivape.com\/wp-content\/uploads\/2026\/04\/vape-bang-20000-Puffs-00018.jpg.webp\",\"contentUrl\":\"https:\/\/frivape.com\/wp-content\/uploads\/2026\/04\/vape-bang-20000-Puffs-00018.jpg.webp\",\"width\":1000,\"height\":1000},{\"@type\":\"BreadcrumbList\",\"@id\":\"https:\/\/frivape.com\/product\/bang-20000-puffs-disposable-vape-led-display-rechargeable\/#breadcrumb\",\"itemListElement\":[{\"@type\":\"ListItem\",\"position\":1,\"name\":\"\u9996\u9875\",\"item\":\"https:\/\/frivape.com\/\"},{\"@type\":\"ListItem\",\"position\":2,\"name\":\"Shop\",\"item\":\"https:\/\/frivape.com\/shop\/\"},{\"@type\":\"ListItem\",\"position\":3,\"name\":\"Bang 20000 Puffs Disposable Vape | Smart LED Display &amp; 0.8\u03a9 Mesh Coil\"}]},{\"@type\":\"WebSite\",\"@id\":\"https:\/\/frivape.com\/#website\",\"url\":\"https:\/\/frivape.com\/\",\"name\":\"frivape | Online Vape Store - Best Vapes, Mods &amp; Disposable Kits\",\"description\":\"Shop frivape, your premier online vape shop for authentic mods, disposable vapes, and premium e-liquids. Direct from Shenzhen with fast Europe local shipping. High quality at wholesale prices.\",\"publisher\":{\"@id\":\"https:\/\/frivape.com\/#organization\"},\"potentialAction\":[{\"@type\":\"SearchAction\",\"target\":{\"@type\":\"EntryPoint\",\"urlTemplate\":\"https:\/\/frivape.com\/?s={search_term_string}\"},\"query-input\":{\"@type\":\"PropertyValueSpecification\",\"valueRequired\":true,\"valueName\":\"search_term_string\"}}],\"inLanguage\":\"pl-PL\"},{\"@type\":\"Organization\",\"@id\":\"https:\/\/frivape.com\/#organization\",\"name\":\"frivape | Online Vape Store - Best Vapes, Mods &amp; Disposable Kits\",\"url\":\"https:\/\/frivape.com\/\",\"logo\":{\"@type\":\"ImageObject\",\"inLanguage\":\"pl-PL\",\"@id\":\"https:\/\/frivape.com\/#\/schema\/logo\/image\/\",\"url\":\"https:\/\/frivape.com\/wp-content\/uploads\/2026\/03\/cropped-frivape-site-title-icon.png\",\"contentUrl\":\"https:\/\/frivape.com\/wp-content\/uploads\/2026\/03\/cropped-frivape-site-title-icon.png\",\"width\":470,\"height\":110,\"caption\":\"frivape | Online Vape Store - Best Vapes, Mods &amp; Disposable Kits\"},\"image\":{\"@id\":\"https:\/\/frivape.com\/#\/schema\/logo\/image\/\"}}]}<\/script>\n<!-- \/ Yoast SEO plugin. -->","yoast_head_json":{"title":"Jednorazowy Vape Bang 20000 Puffs - inteligentny wy\u015bwietlacz LED i cewka siatkowa","description":"Do\u015bwiadcz Bang 20000 Puffs z inteligentnym wy\u015bwietlaczem LED. Posiada 25 ml e-liquidu, cewk\u0119 siatkow\u0105 0,8 \u03a9 i akumulator 650 mAh. Szybka wysy\u0142ka na wszystkie waporyzatory 20k!","robots":{"index":"noindex","follow":"follow","max-snippet":"max-snippet:-1","max-image-preview":"max-image-preview:large","max-video-preview":"max-video-preview:-1"},"og_locale":"pl_PL","og_type":"article","og_title":"Bang 20000 Puffs Disposable Vape - Smart LED Display & Mesh Coil","og_description":"Experience the Bang 20000 Puffs with a smart LED display. Features 25mL e-liquid, 0.8\u03a9 mesh coil, and 650mAh rechargeable battery. Fast shipping on all 20k vapes!","og_url":"https:\/\/frivape.com\/pl\/product\/bang-20000-puff-jednorazowy-vape-wyswietlacz-led-akumulator\/","og_site_name":"frivape | Online Vape Store - Best Vapes, Mods &amp; Disposable Kits","article_modified_time":"2026-04-09T03:08:24+00:00","og_image":[{"width":1000,"height":1000,"url":"https:\/\/frivape.com\/wp-content\/uploads\/2026\/04\/vape-bang-20000-Puffs-00018.jpg.webp","type":"image\/webp"}],"twitter_card":"summary_large_image","twitter_misc":{"Szacowany czas czytania":"3 minuty"},"schema":{"@context":"https:\/\/schema.org","@graph":[{"@type":"WebPage","@id":"https:\/\/frivape.com\/product\/bang-20000-puffs-disposable-vape-led-display-rechargeable\/","url":"https:\/\/frivape.com\/product\/bang-20000-puffs-disposable-vape-led-display-rechargeable\/","name":"Jednorazowy Vape Bang 20000 Puffs - inteligentny wy\u015bwietlacz LED i cewka siatkowa","isPartOf":{"@id":"https:\/\/frivape.com\/#website"},"primaryImageOfPage":{"@id":"https:\/\/frivape.com\/product\/bang-20000-puffs-disposable-vape-led-display-rechargeable\/#primaryimage"},"image":{"@id":"https:\/\/frivape.com\/product\/bang-20000-puffs-disposable-vape-led-display-rechargeable\/#primaryimage"},"thumbnailUrl":"https:\/\/frivape.com\/wp-content\/uploads\/2026\/04\/vape-bang-20000-Puffs-00018.jpg.webp","datePublished":"2026-04-08T17:00:26+00:00","dateModified":"2026-04-09T03:08:24+00:00","description":"Do\u015bwiadcz Bang 20000 Puffs z inteligentnym wy\u015bwietlaczem LED. Posiada 25 ml e-liquidu, cewk\u0119 siatkow\u0105 0,8 \u03a9 i akumulator 650 mAh. Szybka wysy\u0142ka na wszystkie waporyzatory 20k!","breadcrumb":{"@id":"https:\/\/frivape.com\/product\/bang-20000-puffs-disposable-vape-led-display-rechargeable\/#breadcrumb"},"inLanguage":"pl-PL","potentialAction":[{"@type":"ReadAction","target":["https:\/\/frivape.com\/product\/bang-20000-puffs-disposable-vape-led-display-rechargeable\/"]}]},{"@type":"ImageObject","inLanguage":"pl-PL","@id":"https:\/\/frivape.com\/product\/bang-20000-puffs-disposable-vape-led-display-rechargeable\/#primaryimage","url":"https:\/\/frivape.com\/wp-content\/uploads\/2026\/04\/vape-bang-20000-Puffs-00018.jpg.webp","contentUrl":"https:\/\/frivape.com\/wp-content\/uploads\/2026\/04\/vape-bang-20000-Puffs-00018.jpg.webp","width":1000,"height":1000},{"@type":"BreadcrumbList","@id":"https:\/\/frivape.com\/product\/bang-20000-puffs-disposable-vape-led-display-rechargeable\/#breadcrumb","itemListElement":[{"@type":"ListItem","position":1,"name":"\u9996\u9875","item":"https:\/\/frivape.com\/"},{"@type":"ListItem","position":2,"name":"Shop","item":"https:\/\/frivape.com\/shop\/"},{"@type":"ListItem","position":3,"name":"Bang 20000 Puffs Disposable Vape | Smart LED Display &amp; 0.8\u03a9 Mesh Coil"}]},{"@type":"WebSite","@id":"https:\/\/frivape.com\/#website","url":"https:\/\/frivape.com\/","name":"frivape | Internetowy sklep Vape - najlepsze waporyzatory, modemy i zestawy jednorazowe","description":"Sklep frivape, najlepszy internetowy sklep vape z autentycznymi modami, jednorazowymi waporyzatorami i najwy\u017cszej jako\u015bci e-liquidami. Bezpo\u015brednio z Shenzhen z szybk\u0105 wysy\u0142k\u0105 lokaln\u0105 w Europie. Wysoka jako\u015b\u0107 w cenach hurtowych.","publisher":{"@id":"https:\/\/frivape.com\/#organization"},"potentialAction":[{"@type":"SearchAction","target":{"@type":"EntryPoint","urlTemplate":"https:\/\/frivape.com\/?s={search_term_string}"},"query-input":{"@type":"PropertyValueSpecification","valueRequired":true,"valueName":"search_term_string"}}],"inLanguage":"pl-PL"},{"@type":"Organization","@id":"https:\/\/frivape.com\/#organization","name":"frivape | Internetowy sklep Vape - najlepsze waporyzatory, modemy i zestawy jednorazowe","url":"https:\/\/frivape.com\/","logo":{"@type":"ImageObject","inLanguage":"pl-PL","@id":"https:\/\/frivape.com\/#\/schema\/logo\/image\/","url":"https:\/\/frivape.com\/wp-content\/uploads\/2026\/03\/cropped-frivape-site-title-icon.png","contentUrl":"https:\/\/frivape.com\/wp-content\/uploads\/2026\/03\/cropped-frivape-site-title-icon.png","width":470,"height":110,"caption":"frivape | Online Vape Store - Best Vapes, Mods &amp; Disposable Kits"},"image":{"@id":"https:\/\/frivape.com\/#\/schema\/logo\/image\/"}}]}},"tiered_pricing_type":"fixed","tiered_pricing_fixed_rules":{"10":9.88,"50":8.88,"100":7.88,"200":6.99},"tiered_pricing_product_settings":{"layout":"default","base_unit_name":{"singular":null,"plural":null},"default_variation":{}},"tiered_pricing_minimum_quantity":null,"tiered_pricing_roles_data":[],"tiered_pricing_percentage_rules":[],"_links":{"self":[{"href":"https:\/\/frivape.com\/pl\/wp-json\/wp\/v2\/product\/8234","targetHints":{"allow":["GET"]}}],"collection":[{"href":"https:\/\/frivape.com\/pl\/wp-json\/wp\/v2\/product"}],"about":[{"href":"https:\/\/frivape.com\/pl\/wp-json\/wp\/v2\/types\/product"}],"replies":[{"embeddable":true,"href":"https:\/\/frivape.com\/pl\/wp-json\/wp\/v2\/comments?post=8234"}],"wp:featuredmedia":[{"embeddable":true,"href":"https:\/\/frivape.com\/pl\/wp-json\/wp\/v2\/media\/8237"}],"wp:attachment":[{"href":"https:\/\/frivape.com\/pl\/wp-json\/wp\/v2\/media?parent=8234"}],"wp:term":[{"taxonomy":"product_brand","embeddable":true,"href":"https:\/\/frivape.com\/pl\/wp-json\/wp\/v2\/product_brand?post=8234"},{"taxonomy":"product_cat","embeddable":true,"href":"https:\/\/frivape.com\/pl\/wp-json\/wp\/v2\/product_cat?post=8234"},{"taxonomy":"product_tag","embeddable":true,"href":"https:\/\/frivape.com\/pl\/wp-json\/wp\/v2\/product_tag?post=8234"}],"curies":[{"name":"wp","href":"https:\/\/api.w.org\/{rel}","templated":true}]}}