{"id":8299,"date":"2026-04-09T11:49:24","date_gmt":"2026-04-09T03:49:24","guid":{"rendered":"https:\/\/frivape.com\/?post_type=product&#038;p=8299"},"modified":"2026-04-09T12:02:57","modified_gmt":"2026-04-09T04:02:57","slug":"bang-25000-puff-jednorazowy-vape-inteligentny-wyswietlacz-led","status":"publish","type":"product","link":"https:\/\/frivape.com\/pl\/product\/bang-25000-puff-jednorazowy-vape-inteligentny-wyswietlacz-led\/","title":{"rendered":"Bang 25000 Puffs Jednorazowy Vape | Inteligentny wy\u015bwietlacz LED i cewka siatkowa 1,0\u03a9 Pod"},"content":{"rendered":"<h2 class=\"wp-block-heading has-text-align-center\"><strong>Do\u015bwiadcz \u201cmocy i odwa\u017cnego smaku\u201d dzi\u0119ki Bang 25000 Puffs<\/strong><\/h2>\n\n\n\n<p>Jako globalna sensacja w bran\u017cy waporyzacji, <strong>Bang<\/strong> kontynuuje swoj\u0105 misj\u0119 dostarczania technologii wyznaczaj\u0105cych trendy. The <strong>Bang 25000 Puffs (25k Edition)<\/strong> to nie tylko vape; to wysokowydajny elektroniczny papieros zaprojektowany w celu zast\u0105pienia tradycyjnego palenia bardziej satysfakcjonuj\u0105c\u0105 i zaawansowan\u0105 technologicznie alternatyw\u0105. Wykorzystuj\u0105c sygnatur\u0119 <strong>Technologia Mesh Coil<\/strong>, To urz\u0105dzenie zapewnia, \u017ce ka\u017cde zaci\u0105gni\u0119cie - od pierwszego do 25 000 - jest wype\u0142nione intensywnym smakiem.<\/p>\n\n\n\n<h3 class=\"wp-block-heading\"><strong>Zaawansowana technologia waporyzacji<\/strong><\/h3>\n\n\n\n<ul class=\"wp-block-list\">\n<li><strong>Cyfrowy wy\u015bwietlacz na desce rozdzielczej:<\/strong> B\u0105d\u017a na bie\u017c\u0105co dzi\u0119ki zintegrowanemu <strong>Inteligentny ekran LED<\/strong>. Zapewnia wyra\u017any cyfrowy odczyt pozosta\u0142ego procentu baterii i poziomu e-liquidu, dzi\u0119ki czemu nigdy nie zostaniesz zaskoczony suchym uderzeniem lub martwym urz\u0105dzeniem.<\/li>\n\n\n\n<li><strong>Bezkonkurencyjna pojemno\u015b\u0107 30 ml:<\/strong> Bang 25000 posiada ogromn\u0105 komor\u0119 na 30 ml e-liquidu i zosta\u0142 zaprojektowany z my\u015bl\u0105 o wytrzyma\u0142o\u015bci. Jest to najlepszy wyb\u00f3r dla ci\u0119\u017ckich u\u017cytkownik\u00f3w i tych, kt\u00f3rzy szukaj\u0105 op\u0142acalnego, d\u0142ugotrwa\u0142ego jednorazowego pi\u00f3ra vape.<\/li>\n\n\n\n<li><strong>Konfigurowalna kontrola opar\u00f3w:<\/strong> Regulowany system przep\u0142ywu powietrza pozwala precyzyjnie dostroi\u0107 zaci\u0105ganie. Dokr\u0119\u0107 go, aby uzyska\u0107 klasyczny <strong>MTL (Mouth to Lung)<\/strong> papierosa lub otworzy\u0107 go, aby uzyska\u0107 bardziej p\u0142ynn\u0105 <strong>RDL (Restricted Direct Lung)<\/strong> do\u015bwiadczenie w pogoni za chmur\u0105.<\/li>\n\n\n\n<li><strong>Szybkie \u0142adowanie typu C:<\/strong> Zasilany akumulatorem 650 mAh, Bang 25k obs\u0142uguje szybkie \u0142adowanie, osi\u0105gaj\u0105c pe\u0142n\u0105 moc w oko\u0142o 20-30 minut, minimalizuj\u0105c przestoje.<\/li>\n<\/ul>\n\n\n\n<h3 class=\"wp-block-heading\"><strong>Seria 12 odwa\u017cnych smak\u00f3w<\/strong><\/h3>\n\n\n\n<ol start=\"1\" class=\"wp-block-list\">\n<li><strong>L\u00f3d jagodowy:<\/strong> Cierpkie jagody z ch\u0142odz\u0105cym mentolowym finiszem.<\/li>\n\n\n\n<li><strong>Truskawka Kiwi:<\/strong> Klasyczne s\u0142odkie i pikantne tropikalne po\u0142\u0105czenie.<\/li>\n\n\n\n<li><strong>Arbuz truskawkowy:<\/strong> Bujne letnie jagody i orze\u017awiaj\u0105cy melon.<\/li>\n\n\n\n<li><strong>Owoce mieszane:<\/strong> Wibruj\u0105ca eksplozja r\u00f3\u017cnorodnych profili owocowych.<\/li>\n\n\n\n<li><strong>Blueberry Mint:<\/strong> G\u0142\u0119bokie nuty jagodowe z orze\u017awiaj\u0105cym mi\u0119towym wydechem.<\/li>\n\n\n\n<li><strong>Tygrysia Krew:<\/strong> Odwa\u017cna, egzotyczna, energetyczna mieszanka owoc\u00f3w.<\/li>\n\n\n\n<li><strong>Mango Peach:<\/strong> Aksamitne tropikalne mango w po\u0142\u0105czeniu z soczystymi brzoskwiniami.<\/li>\n\n\n\n<li><strong>Grape Ice:<\/strong> Mro\u017cone dojrzewaj\u0105ce winogrona.<\/li>\n\n\n\n<li><strong>Blueberry Raspberry:<\/strong> Wyrafinowany duet jag\u00f3d o zr\u00f3wnowa\u017conej s\u0142odyczy.<\/li>\n\n\n\n<li><strong>Arbuzowy l\u00f3d:<\/strong> Czyste, lodowate orze\u017awienie.<\/li>\n\n\n\n<li><strong>Arbuzowa guma balonowa:<\/strong> S\u0142odki, nostalgiczny cukierek.<\/li>\n\n\n\n<li><strong>L\u00f3d truskawkowy:<\/strong> Dojrza\u0142e, mu\u015bni\u0119te s\u0142o\u0144cem truskawki na lodzie.<\/li>\n<\/ol>\n\n\n\n<h3 class=\"wp-block-heading\"><strong>Cz\u0119sto zadawane pytania (FAQ)<\/strong><\/h3>\n\n\n\n<ul class=\"wp-block-list\">\n<li><strong>Czy Bang 25000 jest odpowiedni dla pocz\u0105tkuj\u0105cych?<\/strong> Absolutnie. Jest to urz\u0105dzenie aktywowane rysunkiem bez skomplikowanych przycisk\u00f3w, dzi\u0119ki czemu jest idealne zar\u00f3wno dla nowych, jak i do\u015bwiadczonych vaper\u00f3w.<\/li>\n\n\n\n<li><strong>Jak dzia\u0142a inteligentny ekran?<\/strong> Ekran aktywuje si\u0119 automatycznie podczas wdechu, wy\u015bwietlaj\u0105c dok\u0142adny procent baterii i pozosta\u0142y poziom oleju w zbiorniku.<\/li>\n\n\n\n<li><strong>Jakie s\u0105 zalety cewki Mesh Coil 1,0\u03a9?<\/strong> Struktura siatki zapewnia wi\u0119ksz\u0105 powierzchni\u0119 do podgrzewania e-cieczy, co skutkuje \u0142agodniejszym uderzeniem w gard\u0142o i znacznie lepszym odwzorowaniem smaku w por\u00f3wnaniu do standardowych cewek.<\/li>\n\n\n\n<li><strong>Czy dost\u0119pna jest wysy\u0142ka na ca\u0142y \u015bwiat?<\/strong> Tak, oferujemy szybk\u0105 i niezawodn\u0105 wysy\u0142k\u0119 z naszego <strong>Magazyn UE<\/strong> oraz <strong>Shenzhen<\/strong> zapewniaj\u0105c odpraw\u0119 celn\u0105 100% i dostaw\u0119 bez podatku w wi\u0119kszo\u015bci region\u00f3w.<\/li>\n<\/ul>\n\n\n\n<hr class=\"wp-block-separator has-alpha-channel-opacity\"\/>\n\n\n\n<p><strong>OSTRZE\u017bENIE:<\/strong> Ten produkt zawiera nikotyn\u0119. Nikotyna jest uzale\u017cniaj\u0105c\u0105 substancj\u0105 chemiczn\u0105.<\/p>\n\n\n\n<p><strong>Ograniczenia wiekowe:<\/strong> Musisz mie\u0107 uko\u0144czone 18 lat (lub by\u0107 w wieku uprawniaj\u0105cym do palenia w danym regionie), aby kupi\u0107 i u\u017cywa\u0107 tego produktu. Przechowywa\u0107 poza zasi\u0119giem dzieci i zwierz\u0105t domowych.<\/p>","protected":false},"excerpt":{"rendered":"<p data-path-to-node=\"7\">The <b data-path-to-node=\"7\" data-index-in-node=\"4\">Bang 25000<\/b> wyznacza nowy punkt odniesienia dla d\u0142ugotrwa\u0142ych waporyzator\u00f3w jednorazowych.<\/p>\n<ul data-path-to-node=\"8\">\n<li>\n<p data-path-to-node=\"8,0,0\"><b data-path-to-node=\"8,0,0\" data-index-in-node=\"0\">Liczba zaci\u0105gni\u0119\u0107:<\/b> Ogromne 25 000 zaci\u0105gni\u0119\u0107 dla d\u0142u\u017cszego u\u017cytkowania.<\/p>\n<\/li>\n<li>\n<p data-path-to-node=\"8,1,0\"><b data-path-to-node=\"8,1,0\" data-index-in-node=\"0\">E-Liquid:<\/b> Wst\u0119pnie nape\u0142niony zbiornik o pojemno\u015bci 30 ml.<\/p>\n<\/li>\n<li>\n<p data-path-to-node=\"8,2,0\"><b data-path-to-node=\"8,2,0\" data-index-in-node=\"0\">Inteligentna technologia:<\/b> Cyfrowy ekran LED do monitorowania baterii i soku w czasie rzeczywistym.<\/p>\n<\/li>\n<li>\n<p data-path-to-node=\"8,3,0\"><b data-path-to-node=\"8,3,0\" data-index-in-node=\"0\">Bateria:<\/b> Bateria o wysokiej g\u0119sto\u015bci 650 mAh (akumulator typu C).<\/p>\n<\/li>\n<li>\n<p data-path-to-node=\"8,4,0\"><b data-path-to-node=\"8,4,0\" data-index-in-node=\"0\">Precyzyjne ogrzewanie:<\/b> Siatkowa cewka 1,0\u03a9 zapewnia bogat\u0105, sta\u0142\u0105 par\u0119.<\/p>\n<\/li>\n<li>\n<p data-path-to-node=\"8,5,0\"><b data-path-to-node=\"8,5,0\" data-index-in-node=\"0\">Przep\u0142yw powietrza:<\/b> W pe\u0142ni regulowany prze\u0142\u0105cznik przep\u0142ywu powietrza dla styl\u00f3w MTL i RDL.<\/p>\n<\/li>\n<\/ul>\n<p>&nbsp;<\/p>","protected":false},"featured_media":8300,"comment_status":"open","ping_status":"closed","template":"","meta":[],"product_brand":[61],"product_cat":[87,95,83],"product_tag":[75,76,93,77,79],"class_list":{"0":"post-8299","1":"product","2":"type-product","3":"status-publish","4":"has-post-thumbnail","6":"product_brand-bang","7":"product_cat-iced-fruit-vapes","8":"product_cat-mesh-coil-vapes","9":"product_cat-pro-puffs-vapes","10":"product_tag-eu-warehouse","11":"product_tag-mtl-vaping","12":"product_tag-rdl-vaping","13":"product_tag-recharge","14":"product_tag-smart-screen-display","16":"first","17":"instock","18":"sale","19":"shipping-taxable","20":"purchasable","21":"product-type-variable"},"yoast_head":"<!-- This site is optimized with the Yoast SEO plugin v27.1.1 - https:\/\/yoast.com\/product\/yoast-seo-wordpress\/ -->\n<title>Bang 25000 25k Puffs Disposable Vape - Smart LED Display &amp; Adjustable Airflow<\/title>\n<meta name=\"description\" content=\"Shop the Bang 25000 Puffs Disposable Vape. Features 30mL e-liquid, 650mAh battery, Smart LED screen, and adjustable airflow. Available in 0%-5% nicotine. Fast shipping!\" \/>\n<meta name=\"robots\" content=\"noindex, follow, max-snippet:-1, max-image-preview:large, max-video-preview:-1\" \/>\n<meta property=\"og:locale\" content=\"pl_PL\" \/>\n<meta property=\"og:type\" content=\"article\" \/>\n<meta property=\"og:title\" content=\"Bang 25000 25k Puffs Disposable Vape - Smart LED Display &amp; Adjustable Airflow\" \/>\n<meta property=\"og:description\" content=\"Shop the Bang 25000 Puffs Disposable Vape. Features 30mL e-liquid, 650mAh battery, Smart LED screen, and adjustable airflow. Available in 0%-5% nicotine. Fast shipping!\" \/>\n<meta property=\"og:url\" content=\"https:\/\/frivape.com\/pl\/product\/bang-25000-puff-jednorazowy-vape-inteligentny-wyswietlacz-led\/\" \/>\n<meta property=\"og:site_name\" content=\"frivape | Online Vape Store - Best Vapes, Mods &amp; Disposable Kits\" \/>\n<meta property=\"article:modified_time\" content=\"2026-04-09T04:02:57+00:00\" \/>\n<meta property=\"og:image\" content=\"https:\/\/frivape.com\/wp-content\/uploads\/2026\/04\/bang-25000-puffs-tiger-blood-flavor.webp\" \/>\n\t<meta property=\"og:image:width\" content=\"1000\" \/>\n\t<meta property=\"og:image:height\" content=\"1000\" \/>\n\t<meta property=\"og:image:type\" content=\"image\/webp\" \/>\n<meta name=\"twitter:card\" content=\"summary_large_image\" \/>\n<meta name=\"twitter:label1\" content=\"Szacowany czas czytania\" \/>\n\t<meta name=\"twitter:data1\" content=\"3 minuty\" \/>\n<script type=\"application\/ld+json\" class=\"yoast-schema-graph\">{\"@context\":\"https:\/\/schema.org\",\"@graph\":[{\"@type\":\"WebPage\",\"@id\":\"https:\/\/frivape.com\/product\/bang-25000-puffs-disposable-vape-smart-led-display\/\",\"url\":\"https:\/\/frivape.com\/product\/bang-25000-puffs-disposable-vape-smart-led-display\/\",\"name\":\"Bang 25000 25k Puffs Disposable Vape - Smart LED Display & Adjustable Airflow\",\"isPartOf\":{\"@id\":\"https:\/\/frivape.com\/#website\"},\"primaryImageOfPage\":{\"@id\":\"https:\/\/frivape.com\/product\/bang-25000-puffs-disposable-vape-smart-led-display\/#primaryimage\"},\"image\":{\"@id\":\"https:\/\/frivape.com\/product\/bang-25000-puffs-disposable-vape-smart-led-display\/#primaryimage\"},\"thumbnailUrl\":\"https:\/\/frivape.com\/wp-content\/uploads\/2026\/04\/bang-25000-puffs-tiger-blood-flavor.webp\",\"datePublished\":\"2026-04-09T03:49:24+00:00\",\"dateModified\":\"2026-04-09T04:02:57+00:00\",\"description\":\"Shop the Bang 25000 Puffs Disposable Vape. Features 30mL e-liquid, 650mAh battery, Smart LED screen, and adjustable airflow. Available in 0%-5% nicotine. Fast shipping!\",\"breadcrumb\":{\"@id\":\"https:\/\/frivape.com\/product\/bang-25000-puffs-disposable-vape-smart-led-display\/#breadcrumb\"},\"inLanguage\":\"pl-PL\",\"potentialAction\":[{\"@type\":\"ReadAction\",\"target\":[\"https:\/\/frivape.com\/product\/bang-25000-puffs-disposable-vape-smart-led-display\/\"]}]},{\"@type\":\"ImageObject\",\"inLanguage\":\"pl-PL\",\"@id\":\"https:\/\/frivape.com\/product\/bang-25000-puffs-disposable-vape-smart-led-display\/#primaryimage\",\"url\":\"https:\/\/frivape.com\/wp-content\/uploads\/2026\/04\/bang-25000-puffs-tiger-blood-flavor.webp\",\"contentUrl\":\"https:\/\/frivape.com\/wp-content\/uploads\/2026\/04\/bang-25000-puffs-tiger-blood-flavor.webp\",\"width\":1000,\"height\":1000},{\"@type\":\"BreadcrumbList\",\"@id\":\"https:\/\/frivape.com\/product\/bang-25000-puffs-disposable-vape-smart-led-display\/#breadcrumb\",\"itemListElement\":[{\"@type\":\"ListItem\",\"position\":1,\"name\":\"\u9996\u9875\",\"item\":\"https:\/\/frivape.com\/\"},{\"@type\":\"ListItem\",\"position\":2,\"name\":\"Shop\",\"item\":\"https:\/\/frivape.com\/shop\/\"},{\"@type\":\"ListItem\",\"position\":3,\"name\":\"Bang 25000 Puffs Disposable Vape | Smart LED Display &amp; 1.0\u03a9 Mesh Coil Pod\"}]},{\"@type\":\"WebSite\",\"@id\":\"https:\/\/frivape.com\/#website\",\"url\":\"https:\/\/frivape.com\/\",\"name\":\"frivape | Online Vape Store - Best Vapes, Mods &amp; Disposable Kits\",\"description\":\"Shop frivape, your premier online vape shop for authentic mods, disposable vapes, and premium e-liquids. Direct from Shenzhen with fast Europe local shipping. High quality at wholesale prices.\",\"publisher\":{\"@id\":\"https:\/\/frivape.com\/#organization\"},\"potentialAction\":[{\"@type\":\"SearchAction\",\"target\":{\"@type\":\"EntryPoint\",\"urlTemplate\":\"https:\/\/frivape.com\/?s={search_term_string}\"},\"query-input\":{\"@type\":\"PropertyValueSpecification\",\"valueRequired\":true,\"valueName\":\"search_term_string\"}}],\"inLanguage\":\"pl-PL\"},{\"@type\":\"Organization\",\"@id\":\"https:\/\/frivape.com\/#organization\",\"name\":\"frivape | Online Vape Store - Best Vapes, Mods &amp; Disposable Kits\",\"url\":\"https:\/\/frivape.com\/\",\"logo\":{\"@type\":\"ImageObject\",\"inLanguage\":\"pl-PL\",\"@id\":\"https:\/\/frivape.com\/#\/schema\/logo\/image\/\",\"url\":\"https:\/\/frivape.com\/wp-content\/uploads\/2026\/03\/cropped-frivape-site-title-icon.png\",\"contentUrl\":\"https:\/\/frivape.com\/wp-content\/uploads\/2026\/03\/cropped-frivape-site-title-icon.png\",\"width\":470,\"height\":110,\"caption\":\"frivape | Online Vape Store - Best Vapes, Mods &amp; Disposable Kits\"},\"image\":{\"@id\":\"https:\/\/frivape.com\/#\/schema\/logo\/image\/\"}}]}<\/script>\n<!-- \/ Yoast SEO plugin. -->","yoast_head_json":{"title":"Bang 25000 25k Puffs jednorazowy Vape - inteligentny wy\u015bwietlacz LED i regulowany przep\u0142yw powietrza","description":"Kup jednorazowy waporyzator Bang 25000 Puffs. Posiada 30 ml e-liquidu, bateri\u0119 650 mAh, inteligentny ekran LED i regulowany przep\u0142yw powietrza. Dost\u0119pny w wersjach nikotynowych 0%-5%. Szybka wysy\u0142ka!","robots":{"index":"noindex","follow":"follow","max-snippet":"max-snippet:-1","max-image-preview":"max-image-preview:large","max-video-preview":"max-video-preview:-1"},"og_locale":"pl_PL","og_type":"article","og_title":"Bang 25000 25k Puffs Disposable Vape - Smart LED Display & Adjustable Airflow","og_description":"Shop the Bang 25000 Puffs Disposable Vape. Features 30mL e-liquid, 650mAh battery, Smart LED screen, and adjustable airflow. Available in 0%-5% nicotine. Fast shipping!","og_url":"https:\/\/frivape.com\/pl\/product\/bang-25000-puff-jednorazowy-vape-inteligentny-wyswietlacz-led\/","og_site_name":"frivape | Online Vape Store - Best Vapes, Mods &amp; Disposable Kits","article_modified_time":"2026-04-09T04:02:57+00:00","og_image":[{"width":1000,"height":1000,"url":"https:\/\/frivape.com\/wp-content\/uploads\/2026\/04\/bang-25000-puffs-tiger-blood-flavor.webp","type":"image\/webp"}],"twitter_card":"summary_large_image","twitter_misc":{"Szacowany czas czytania":"3 minuty"},"schema":{"@context":"https:\/\/schema.org","@graph":[{"@type":"WebPage","@id":"https:\/\/frivape.com\/product\/bang-25000-puffs-disposable-vape-smart-led-display\/","url":"https:\/\/frivape.com\/product\/bang-25000-puffs-disposable-vape-smart-led-display\/","name":"Bang 25000 25k Puffs jednorazowy Vape - inteligentny wy\u015bwietlacz LED i regulowany przep\u0142yw powietrza","isPartOf":{"@id":"https:\/\/frivape.com\/#website"},"primaryImageOfPage":{"@id":"https:\/\/frivape.com\/product\/bang-25000-puffs-disposable-vape-smart-led-display\/#primaryimage"},"image":{"@id":"https:\/\/frivape.com\/product\/bang-25000-puffs-disposable-vape-smart-led-display\/#primaryimage"},"thumbnailUrl":"https:\/\/frivape.com\/wp-content\/uploads\/2026\/04\/bang-25000-puffs-tiger-blood-flavor.webp","datePublished":"2026-04-09T03:49:24+00:00","dateModified":"2026-04-09T04:02:57+00:00","description":"Kup jednorazowy waporyzator Bang 25000 Puffs. Posiada 30 ml e-liquidu, bateri\u0119 650 mAh, inteligentny ekran LED i regulowany przep\u0142yw powietrza. Dost\u0119pny w wersjach nikotynowych 0%-5%. Szybka wysy\u0142ka!","breadcrumb":{"@id":"https:\/\/frivape.com\/product\/bang-25000-puffs-disposable-vape-smart-led-display\/#breadcrumb"},"inLanguage":"pl-PL","potentialAction":[{"@type":"ReadAction","target":["https:\/\/frivape.com\/product\/bang-25000-puffs-disposable-vape-smart-led-display\/"]}]},{"@type":"ImageObject","inLanguage":"pl-PL","@id":"https:\/\/frivape.com\/product\/bang-25000-puffs-disposable-vape-smart-led-display\/#primaryimage","url":"https:\/\/frivape.com\/wp-content\/uploads\/2026\/04\/bang-25000-puffs-tiger-blood-flavor.webp","contentUrl":"https:\/\/frivape.com\/wp-content\/uploads\/2026\/04\/bang-25000-puffs-tiger-blood-flavor.webp","width":1000,"height":1000},{"@type":"BreadcrumbList","@id":"https:\/\/frivape.com\/product\/bang-25000-puffs-disposable-vape-smart-led-display\/#breadcrumb","itemListElement":[{"@type":"ListItem","position":1,"name":"\u9996\u9875","item":"https:\/\/frivape.com\/"},{"@type":"ListItem","position":2,"name":"Shop","item":"https:\/\/frivape.com\/shop\/"},{"@type":"ListItem","position":3,"name":"Bang 25000 Puffs Disposable Vape | Smart LED Display &amp; 1.0\u03a9 Mesh Coil Pod"}]},{"@type":"WebSite","@id":"https:\/\/frivape.com\/#website","url":"https:\/\/frivape.com\/","name":"frivape | Internetowy sklep Vape - najlepsze waporyzatory, modemy i zestawy jednorazowe","description":"Sklep frivape, najlepszy internetowy sklep vape z autentycznymi modami, jednorazowymi waporyzatorami i najwy\u017cszej jako\u015bci e-liquidami. Bezpo\u015brednio z Shenzhen z szybk\u0105 wysy\u0142k\u0105 lokaln\u0105 w Europie. Wysoka jako\u015b\u0107 w cenach hurtowych.","publisher":{"@id":"https:\/\/frivape.com\/#organization"},"potentialAction":[{"@type":"SearchAction","target":{"@type":"EntryPoint","urlTemplate":"https:\/\/frivape.com\/?s={search_term_string}"},"query-input":{"@type":"PropertyValueSpecification","valueRequired":true,"valueName":"search_term_string"}}],"inLanguage":"pl-PL"},{"@type":"Organization","@id":"https:\/\/frivape.com\/#organization","name":"frivape | Internetowy sklep Vape - najlepsze waporyzatory, modemy i zestawy jednorazowe","url":"https:\/\/frivape.com\/","logo":{"@type":"ImageObject","inLanguage":"pl-PL","@id":"https:\/\/frivape.com\/#\/schema\/logo\/image\/","url":"https:\/\/frivape.com\/wp-content\/uploads\/2026\/03\/cropped-frivape-site-title-icon.png","contentUrl":"https:\/\/frivape.com\/wp-content\/uploads\/2026\/03\/cropped-frivape-site-title-icon.png","width":470,"height":110,"caption":"frivape | Online Vape Store - Best Vapes, Mods &amp; Disposable Kits"},"image":{"@id":"https:\/\/frivape.com\/#\/schema\/logo\/image\/"}}]}},"tiered_pricing_type":"fixed","tiered_pricing_fixed_rules":{"10":11.98,"50":10.98,"100":9.98,"200":8.68},"tiered_pricing_product_settings":{"layout":"default","base_unit_name":{"singular":null,"plural":null},"default_variation":{}},"tiered_pricing_minimum_quantity":null,"tiered_pricing_roles_data":[],"tiered_pricing_percentage_rules":[],"_links":{"self":[{"href":"https:\/\/frivape.com\/pl\/wp-json\/wp\/v2\/product\/8299","targetHints":{"allow":["GET"]}}],"collection":[{"href":"https:\/\/frivape.com\/pl\/wp-json\/wp\/v2\/product"}],"about":[{"href":"https:\/\/frivape.com\/pl\/wp-json\/wp\/v2\/types\/product"}],"replies":[{"embeddable":true,"href":"https:\/\/frivape.com\/pl\/wp-json\/wp\/v2\/comments?post=8299"}],"wp:featuredmedia":[{"embeddable":true,"href":"https:\/\/frivape.com\/pl\/wp-json\/wp\/v2\/media\/8300"}],"wp:attachment":[{"href":"https:\/\/frivape.com\/pl\/wp-json\/wp\/v2\/media?parent=8299"}],"wp:term":[{"taxonomy":"product_brand","embeddable":true,"href":"https:\/\/frivape.com\/pl\/wp-json\/wp\/v2\/product_brand?post=8299"},{"taxonomy":"product_cat","embeddable":true,"href":"https:\/\/frivape.com\/pl\/wp-json\/wp\/v2\/product_cat?post=8299"},{"taxonomy":"product_tag","embeddable":true,"href":"https:\/\/frivape.com\/pl\/wp-json\/wp\/v2\/product_tag?post=8299"}],"curies":[{"name":"wp","href":"https:\/\/api.w.org\/{rel}","templated":true}]}}