{"id":8352,"date":"2026-04-09T14:34:27","date_gmt":"2026-04-09T06:34:27","guid":{"rendered":"https:\/\/frivape.com\/?post_type=product&#038;p=8352"},"modified":"2026-04-11T19:18:17","modified_gmt":"2026-04-11T11:18:17","slug":"bang-28000-puff-regulowany-poziom-lodu-jednorazowe-pioro-vape","status":"publish","type":"product","link":"https:\/\/frivape.com\/pl\/product\/bang-28000-puff-regulowany-poziom-lodu-jednorazowe-pioro-vape\/","title":{"rendered":"Bang 28000 Puffs Jednorazowy Vape Pen | Regulowany poziom lodu i przep\u0142yw powietrza DTL"},"content":{"rendered":"<h2 class=\"wp-block-heading has-text-align-center\"><strong>Spersonalizowana wytrzyma\u0142o\u015b\u0107: Bang 28000 Adjustable Ice Experience<\/strong><\/h2>\n\n\n\n<p>The <strong>Jednorazowy d\u0142ugopis Vape Pen Bang 28000 Puffs<\/strong> reprezentuje przysz\u0142o\u015b\u0107 waporyzacji o du\u017cej pojemno\u015bci. Kieruj\u0105c si\u0119 misj\u0105 marki Bang polegaj\u0105c\u0105 na zapewnieniu wyznaczaj\u0105cej trendy i przyst\u0119pnej cenowo alternatywy dla tradycyjnego palenia, urz\u0105dzenie to wprowadza prze\u0142omowe <strong>Regulowany poziom lodu<\/strong> funkcja. Niezale\u017cnie od tego, czy pragniesz mro\u017c\u0105cego krew w \u017cy\u0142ach mentolowego podmuchu, czy te\u017c \u0142agodnego, subtelnego ch\u0142odu, masz teraz pe\u0142n\u0105 kontrol\u0119 nad \u015brodowiskiem waporyzacji.<\/p>\n\n\n\n<h3 class=\"wp-block-heading\"><strong>In\u017cynieria o wysokiej wydajno\u015bci<\/strong><\/h3>\n\n\n\n<ul class=\"wp-block-list\">\n<li><strong>Ekstremalna d\u0142ugowieczno\u015b\u0107:<\/strong> Z niezwyk\u0142ym <strong>Pojemno\u015b\u0107 28 000 puff\u00f3w<\/strong> oraz <strong>Zbiornik e-liquidu o pojemno\u015bci 30 ml<\/strong>, To urz\u0105dzenie eliminuje k\u0142opoty z cz\u0119stymi wymianami, dzia\u0142aj\u0105c przez wiele tygodni nawet w przypadku intensywnych u\u017cytkownik\u00f3w.<\/li>\n\n\n\n<li><strong>Regulowana intensywno\u015b\u0107 ch\u0142odzenia:<\/strong> Innowacyjny prze\u0142\u0105cznik Ice Level pozwala precyzyjnie dostosowa\u0107 doznania mentolowe do w\u0142asnych preferencji, co czyni go wyr\u00f3\u017cniaj\u0105cym si\u0119 wyborem na globalnym rynku e-papieros\u00f3w.<\/li>\n\n\n\n<li><strong>Precyzyjne dostarczanie smaku:<\/strong> Wyposa\u017cony w <strong>Siatkowa cewka 1,0\u03a9<\/strong> i zintegrowany system smart-chip, Bang 28000 zapewnia intensywn\u0105, sta\u0142\u0105 produkcj\u0119 pary i bogate odwzorowanie smaku od pierwszego do ostatniego zaci\u0105gni\u0119cia.<\/li>\n\n\n\n<li><strong>Wszechstronno\u015b\u0107 DTL i przep\u0142ywu powietrza:<\/strong> Zaprojektowany dla entuzjast\u00f3w, kt\u00f3rzy kochaj\u0105 odwa\u017cne smaki i g\u0119ste chmury, regulowany przep\u0142yw powietrza obs\u0142uguje solidne <strong>Direct-to-Lung (DTL)<\/strong> do\u015bwiadczenie, rzadkie w kategorii jednorazowego u\u017cytku.<\/li>\n<\/ul>\n\n\n\n<h3 class=\"wp-block-heading\"><strong>Wyb\u00f3r 12 smak\u00f3w premium<\/strong><\/h3>\n\n\n\n<ol start=\"1\" class=\"wp-block-list\">\n<li><strong>Arbuz truskawkowy:<\/strong> Bujny, s\u0142odki letni duet.<\/li>\n\n\n\n<li><strong>L\u00f3d jagodowy:<\/strong> Dojrza\u0142e jagody z dostosowywanym poziomem mrozu.<\/li>\n\n\n\n<li><strong>Blood And Sand:<\/strong> Odwa\u017cna, egzotyczna mieszanka koktajli owocowych.<\/li>\n\n\n\n<li><strong>Kokos z ananasem:<\/strong> Kremowa tropikalna pina colada.<\/li>\n\n\n\n<li><strong>Strawberry Banana:<\/strong> G\u0142adki, kremowy owocowy klasyk.<\/li>\n\n\n\n<li><strong>Owoce mieszane:<\/strong> Wibruj\u0105ca mieszanka ulubionych owoc\u00f3w z ca\u0142ego \u015bwiata.<\/li>\n\n\n\n<li><strong>Jagody Maliny:<\/strong> Wyrafinowana i pikantna eksplozja jag\u00f3d.<\/li>\n\n\n\n<li><strong>Peach Ice:<\/strong> S\u0142odkie, soczyste brzoskwinie z orze\u017awiaj\u0105cym finiszem.<\/li>\n\n\n\n<li><strong>Mango Peach:<\/strong> Aksamitne tropikalne mango w po\u0142\u0105czeniu z dojrza\u0142ymi brzoskwiniami.<\/li>\n\n\n\n<li><strong>Arbuz:<\/strong> Proste, soczyste i gasz\u0105ce pragnienie.<\/li>\n\n\n\n<li><strong>Grape Ice:<\/strong> Dojrzewaj\u0105ce winogrona z ch\u0142odnym wydechem.<\/li>\n\n\n\n<li><strong>Owoce truskawki i kiwi:<\/strong> Idealna r\u00f3wnowaga mi\u0119dzy cierpko\u015bci\u0105 i s\u0142odycz\u0105.<\/li>\n<\/ol>\n\n\n\n<h3 class=\"wp-block-heading\"><strong>Cz\u0119sto zadawane pytania (FAQ)<\/strong><\/h3>\n\n\n\n<ul class=\"wp-block-list\">\n<li><strong>Jak dzia\u0142a regulowany poziom lodu?<\/strong> Na urz\u0105dzeniu znajduje si\u0119 fizyczny mechanizm regulacji, kt\u00f3ry kontroluje st\u0119\u017cenie mentolu dostarczane w ka\u017cdym zaci\u0105gni\u0119ciu, umo\u017cliwiaj\u0105c prze\u0142\u0105czanie mi\u0119dzy nisk\u0105 i wysok\u0105 intensywno\u015bci\u0105 ch\u0142odzenia.<\/li>\n\n\n\n<li><strong>Jakie s\u0105 zalety cewki Mesh Coil 1,0\u03a9?<\/strong> Zapewnia wi\u0119ksz\u0105 powierzchni\u0119 grzewcz\u0105, dzi\u0119ki czemu 30 ml e-liquidu jest skutecznie odparowywane, zapewniaj\u0105c g\u0142adkie uderzenie w gard\u0142o i realistyczny smak.<\/li>\n\n\n\n<li><strong>Jak d\u0142ugo trwa pe\u0142ne \u0142adowanie?<\/strong> Dzi\u0119ki <strong>Szybkie \u0142adowanie typu C<\/strong> Bateria o pojemno\u015bci 650 mAh mo\u017ce zosta\u0107 w pe\u0142ni na\u0142adowana w ci\u0105gu oko\u0142o 20-30 minut.<\/li>\n\n\n\n<li><strong>Czy wysy\u0142ka jest bezpieczna i dyskretna?<\/strong> Tak. Korzystamy z us\u0142ug UPS\/DHL\/FedEx\/DPD i gwarantujemy <strong>100% odprawa celna<\/strong> z naszego <strong>Shenzhen<\/strong> oraz <strong>Magazyny UE<\/strong>, bez dodatkowych podatk\u00f3w i op\u0142at.<\/li>\n<\/ul>\n\n\n\n<hr class=\"wp-block-separator has-alpha-channel-opacity\"\/>\n\n\n\n<p><strong>OSTRZE\u017bENIE:<\/strong> Ten produkt zawiera nikotyn\u0119. Nikotyna jest uzale\u017cniaj\u0105c\u0105 substancj\u0105 chemiczn\u0105.<\/p>\n\n\n\n<p><strong>Ograniczenia wiekowe:<\/strong> Musisz mie\u0107 uko\u0144czone 18 lat (lub by\u0107 w wieku uprawniaj\u0105cym do palenia w danym regionie), aby kupi\u0107 i u\u017cywa\u0107 tego produktu. Przechowywa\u0107 poza zasi\u0119giem dzieci i zwierz\u0105t domowych.<\/p>","protected":false},"excerpt":{"rendered":"<p data-path-to-node=\"7\">The <b data-path-to-node=\"7\" data-index-in-node=\"4\">Bang 28000<\/b> to krok naprz\u00f3d w spersonalizowanej technologii waporyzacji.<\/p>\n<ul data-path-to-node=\"8\">\n<li>\n<p data-path-to-node=\"8,0,0\"><b data-path-to-node=\"8,0,0\" data-index-in-node=\"0\">Liczba zaci\u0105gni\u0119\u0107:<\/b> Wiod\u0105ca w bran\u017cy liczba 28 000 zaci\u0105gni\u0119\u0107.<\/p>\n<\/li>\n<li>\n<p data-path-to-node=\"8,1,0\"><b data-path-to-node=\"8,1,0\" data-index-in-node=\"0\">Innowacyjno\u015b\u0107:<\/b> Na wy\u0142\u0105czno\u015b\u0107 <b data-path-to-node=\"8,1,0\" data-index-in-node=\"22\">Regulowany poziom lodu<\/b> (Dostosuj intensywno\u015b\u0107 ch\u0142odzenia).<\/p>\n<\/li>\n<li>\n<p data-path-to-node=\"8,2,0\"><b data-path-to-node=\"8,2,0\" data-index-in-node=\"0\">Pojemno\u015b\u0107:<\/b> E-liquid o pojemno\u015bci 30 ml.<\/p>\n<\/li>\n<li>\n<p data-path-to-node=\"8,3,0\"><b data-path-to-node=\"8,3,0\" data-index-in-node=\"0\">Wydajno\u015b\u0107:<\/b> Zaawansowana cewka siatkowa 1,0\u03a9 zapewniaj\u0105ca precyzyjny smak.<\/p>\n<\/li>\n<li>\n<p data-path-to-node=\"8,4,0\"><b data-path-to-node=\"8,4,0\" data-index-in-node=\"0\">Przep\u0142yw powietrza:<\/b> Zoptymalizowany dla <b data-path-to-node=\"8,4,0\" data-index-in-node=\"23\">DTL (Direct-to-Lung)<\/b> z regulowanym wlotem.<\/p>\n<\/li>\n<li>\n<p data-path-to-node=\"8,5,0\"><b data-path-to-node=\"8,5,0\" data-index-in-node=\"0\">Moc:<\/b> Akumulator 650 mAh z funkcj\u0105 szybkiego \u0142adowania typu C.<\/p>\n<\/li>\n<\/ul>","protected":false},"featured_media":8390,"comment_status":"open","ping_status":"closed","template":"","meta":[],"product_brand":[61],"product_cat":[87,95,83],"product_tag":[74,75,76,77],"class_list":{"0":"post-8352","1":"product","2":"type-product","3":"status-publish","4":"has-post-thumbnail","6":"product_brand-bang","7":"product_cat-iced-fruit-vapes","8":"product_cat-mesh-coil-vapes","9":"product_cat-pro-puffs-vapes","10":"product_tag-dtl-vaping","11":"product_tag-eu-warehouse","12":"product_tag-mtl-vaping","13":"product_tag-recharge","15":"first","16":"instock","17":"sale","18":"shipping-taxable","19":"purchasable","20":"product-type-variable"},"yoast_head":"<!-- This site is optimized with the Yoast SEO plugin v27.1.1 - https:\/\/yoast.com\/product\/yoast-seo-wordpress\/ -->\n<title>Bang 28000 Puffs Disposable Vape - Adjustable Ice Level &amp; DTL Support<\/title>\n<meta name=\"description\" content=\"Discover the Bang 28000 Puffs with industry-first Adjustable Ice Level technology. Features 30mL capacity, 1.0\u03a9 mesh coil, and DTL airflow. Best price and fast EU shipping!\" \/>\n<meta name=\"robots\" content=\"noindex, follow, max-snippet:-1, max-image-preview:large, max-video-preview:-1\" \/>\n<meta property=\"og:locale\" content=\"pl_PL\" \/>\n<meta property=\"og:type\" content=\"article\" \/>\n<meta property=\"og:title\" content=\"Bang 28000 Puffs Disposable Vape - Adjustable Ice Level &amp; DTL Support\" \/>\n<meta property=\"og:description\" content=\"Discover the Bang 28000 Puffs with industry-first Adjustable Ice Level technology. Features 30mL capacity, 1.0\u03a9 mesh coil, and DTL airflow. Best price and fast EU shipping!\" \/>\n<meta property=\"og:url\" content=\"https:\/\/frivape.com\/pl\/product\/bang-28000-puff-regulowany-poziom-lodu-jednorazowe-pioro-vape\/\" \/>\n<meta property=\"og:site_name\" content=\"frivape | Online Vape Store - Best Vapes, Mods &amp; Disposable Kits\" \/>\n<meta property=\"article:modified_time\" content=\"2026-04-11T11:18:17+00:00\" \/>\n<meta property=\"og:image\" content=\"https:\/\/frivape.com\/wp-content\/uploads\/2026\/04\/vape-bang-28000-puffs-main-image.jpg.webp\" \/>\n\t<meta property=\"og:image:width\" content=\"1000\" \/>\n\t<meta property=\"og:image:height\" content=\"1000\" \/>\n\t<meta property=\"og:image:type\" content=\"image\/webp\" \/>\n<meta name=\"twitter:card\" content=\"summary_large_image\" \/>\n<meta name=\"twitter:label1\" content=\"Szacowany czas czytania\" \/>\n\t<meta name=\"twitter:data1\" content=\"3 minuty\" \/>\n<script type=\"application\/ld+json\" class=\"yoast-schema-graph\">{\"@context\":\"https:\/\/schema.org\",\"@graph\":[{\"@type\":\"WebPage\",\"@id\":\"https:\/\/frivape.com\/product\/bang-28000-puffs-adjustable-ice-level-disposable-vape-pen\/\",\"url\":\"https:\/\/frivape.com\/product\/bang-28000-puffs-adjustable-ice-level-disposable-vape-pen\/\",\"name\":\"Bang 28000 Puffs Disposable Vape - Adjustable Ice Level & DTL Support\",\"isPartOf\":{\"@id\":\"https:\/\/frivape.com\/#website\"},\"primaryImageOfPage\":{\"@id\":\"https:\/\/frivape.com\/product\/bang-28000-puffs-adjustable-ice-level-disposable-vape-pen\/#primaryimage\"},\"image\":{\"@id\":\"https:\/\/frivape.com\/product\/bang-28000-puffs-adjustable-ice-level-disposable-vape-pen\/#primaryimage\"},\"thumbnailUrl\":\"https:\/\/frivape.com\/wp-content\/uploads\/2026\/04\/vape-bang-28000-puffs-main-image.jpg.webp\",\"datePublished\":\"2026-04-09T06:34:27+00:00\",\"dateModified\":\"2026-04-11T11:18:17+00:00\",\"description\":\"Discover the Bang 28000 Puffs with industry-first Adjustable Ice Level technology. Features 30mL capacity, 1.0\u03a9 mesh coil, and DTL airflow. Best price and fast EU shipping!\",\"breadcrumb\":{\"@id\":\"https:\/\/frivape.com\/product\/bang-28000-puffs-adjustable-ice-level-disposable-vape-pen\/#breadcrumb\"},\"inLanguage\":\"pl-PL\",\"potentialAction\":[{\"@type\":\"ReadAction\",\"target\":[\"https:\/\/frivape.com\/product\/bang-28000-puffs-adjustable-ice-level-disposable-vape-pen\/\"]}]},{\"@type\":\"ImageObject\",\"inLanguage\":\"pl-PL\",\"@id\":\"https:\/\/frivape.com\/product\/bang-28000-puffs-adjustable-ice-level-disposable-vape-pen\/#primaryimage\",\"url\":\"https:\/\/frivape.com\/wp-content\/uploads\/2026\/04\/vape-bang-28000-puffs-main-image.jpg.webp\",\"contentUrl\":\"https:\/\/frivape.com\/wp-content\/uploads\/2026\/04\/vape-bang-28000-puffs-main-image.jpg.webp\",\"width\":1000,\"height\":1000},{\"@type\":\"BreadcrumbList\",\"@id\":\"https:\/\/frivape.com\/product\/bang-28000-puffs-adjustable-ice-level-disposable-vape-pen\/#breadcrumb\",\"itemListElement\":[{\"@type\":\"ListItem\",\"position\":1,\"name\":\"\u9996\u9875\",\"item\":\"https:\/\/frivape.com\/\"},{\"@type\":\"ListItem\",\"position\":2,\"name\":\"Shop\",\"item\":\"https:\/\/frivape.com\/shop\/\"},{\"@type\":\"ListItem\",\"position\":3,\"name\":\"Bang 28000 Puffs Disposable Vape Pen | Adjustable Ice Level &amp; DTL Airflow\"}]},{\"@type\":\"WebSite\",\"@id\":\"https:\/\/frivape.com\/#website\",\"url\":\"https:\/\/frivape.com\/\",\"name\":\"frivape | Online Vape Store - Best Vapes, Mods &amp; Disposable Kits\",\"description\":\"Shop frivape, your premier online vape shop for authentic mods, disposable vapes, and premium e-liquids. Direct from Shenzhen with fast Europe local shipping. High quality at wholesale prices.\",\"publisher\":{\"@id\":\"https:\/\/frivape.com\/#organization\"},\"potentialAction\":[{\"@type\":\"SearchAction\",\"target\":{\"@type\":\"EntryPoint\",\"urlTemplate\":\"https:\/\/frivape.com\/?s={search_term_string}\"},\"query-input\":{\"@type\":\"PropertyValueSpecification\",\"valueRequired\":true,\"valueName\":\"search_term_string\"}}],\"inLanguage\":\"pl-PL\"},{\"@type\":\"Organization\",\"@id\":\"https:\/\/frivape.com\/#organization\",\"name\":\"frivape | Online Vape Store - Best Vapes, Mods &amp; Disposable Kits\",\"url\":\"https:\/\/frivape.com\/\",\"logo\":{\"@type\":\"ImageObject\",\"inLanguage\":\"pl-PL\",\"@id\":\"https:\/\/frivape.com\/#\/schema\/logo\/image\/\",\"url\":\"https:\/\/frivape.com\/wp-content\/uploads\/2026\/03\/cropped-frivape-site-title-icon.png\",\"contentUrl\":\"https:\/\/frivape.com\/wp-content\/uploads\/2026\/03\/cropped-frivape-site-title-icon.png\",\"width\":470,\"height\":110,\"caption\":\"frivape | Online Vape Store - Best Vapes, Mods &amp; Disposable Kits\"},\"image\":{\"@id\":\"https:\/\/frivape.com\/#\/schema\/logo\/image\/\"}}]}<\/script>\n<!-- \/ Yoast SEO plugin. -->","yoast_head_json":{"title":"Vape jednorazowe Bang 28000 Puffs - regulowany poziom lodu i obs\u0142uga DTL","description":"Odkryj Bang 28000 Puffs z pierwsz\u0105 w bran\u017cy technologi\u0105 Adjustable Ice Level. Charakteryzuje si\u0119 pojemno\u015bci\u0105 30 ml, cewk\u0105 siatkow\u0105 1,0 \u03a9 i przep\u0142ywem powietrza DTL. Najlepsza cena i szybka wysy\u0142ka na terenie UE!","robots":{"index":"noindex","follow":"follow","max-snippet":"max-snippet:-1","max-image-preview":"max-image-preview:large","max-video-preview":"max-video-preview:-1"},"og_locale":"pl_PL","og_type":"article","og_title":"Bang 28000 Puffs Disposable Vape - Adjustable Ice Level & DTL Support","og_description":"Discover the Bang 28000 Puffs with industry-first Adjustable Ice Level technology. Features 30mL capacity, 1.0\u03a9 mesh coil, and DTL airflow. Best price and fast EU shipping!","og_url":"https:\/\/frivape.com\/pl\/product\/bang-28000-puff-regulowany-poziom-lodu-jednorazowe-pioro-vape\/","og_site_name":"frivape | Online Vape Store - Best Vapes, Mods &amp; Disposable Kits","article_modified_time":"2026-04-11T11:18:17+00:00","og_image":[{"width":1000,"height":1000,"url":"https:\/\/frivape.com\/wp-content\/uploads\/2026\/04\/vape-bang-28000-puffs-main-image.jpg.webp","type":"image\/webp"}],"twitter_card":"summary_large_image","twitter_misc":{"Szacowany czas czytania":"3 minuty"},"schema":{"@context":"https:\/\/schema.org","@graph":[{"@type":"WebPage","@id":"https:\/\/frivape.com\/product\/bang-28000-puffs-adjustable-ice-level-disposable-vape-pen\/","url":"https:\/\/frivape.com\/product\/bang-28000-puffs-adjustable-ice-level-disposable-vape-pen\/","name":"Vape jednorazowe Bang 28000 Puffs - regulowany poziom lodu i obs\u0142uga DTL","isPartOf":{"@id":"https:\/\/frivape.com\/#website"},"primaryImageOfPage":{"@id":"https:\/\/frivape.com\/product\/bang-28000-puffs-adjustable-ice-level-disposable-vape-pen\/#primaryimage"},"image":{"@id":"https:\/\/frivape.com\/product\/bang-28000-puffs-adjustable-ice-level-disposable-vape-pen\/#primaryimage"},"thumbnailUrl":"https:\/\/frivape.com\/wp-content\/uploads\/2026\/04\/vape-bang-28000-puffs-main-image.jpg.webp","datePublished":"2026-04-09T06:34:27+00:00","dateModified":"2026-04-11T11:18:17+00:00","description":"Odkryj Bang 28000 Puffs z pierwsz\u0105 w bran\u017cy technologi\u0105 Adjustable Ice Level. Charakteryzuje si\u0119 pojemno\u015bci\u0105 30 ml, cewk\u0105 siatkow\u0105 1,0 \u03a9 i przep\u0142ywem powietrza DTL. Najlepsza cena i szybka wysy\u0142ka na terenie UE!","breadcrumb":{"@id":"https:\/\/frivape.com\/product\/bang-28000-puffs-adjustable-ice-level-disposable-vape-pen\/#breadcrumb"},"inLanguage":"pl-PL","potentialAction":[{"@type":"ReadAction","target":["https:\/\/frivape.com\/product\/bang-28000-puffs-adjustable-ice-level-disposable-vape-pen\/"]}]},{"@type":"ImageObject","inLanguage":"pl-PL","@id":"https:\/\/frivape.com\/product\/bang-28000-puffs-adjustable-ice-level-disposable-vape-pen\/#primaryimage","url":"https:\/\/frivape.com\/wp-content\/uploads\/2026\/04\/vape-bang-28000-puffs-main-image.jpg.webp","contentUrl":"https:\/\/frivape.com\/wp-content\/uploads\/2026\/04\/vape-bang-28000-puffs-main-image.jpg.webp","width":1000,"height":1000},{"@type":"BreadcrumbList","@id":"https:\/\/frivape.com\/product\/bang-28000-puffs-adjustable-ice-level-disposable-vape-pen\/#breadcrumb","itemListElement":[{"@type":"ListItem","position":1,"name":"\u9996\u9875","item":"https:\/\/frivape.com\/"},{"@type":"ListItem","position":2,"name":"Shop","item":"https:\/\/frivape.com\/shop\/"},{"@type":"ListItem","position":3,"name":"Bang 28000 Puffs Disposable Vape Pen | Adjustable Ice Level &amp; DTL Airflow"}]},{"@type":"WebSite","@id":"https:\/\/frivape.com\/#website","url":"https:\/\/frivape.com\/","name":"frivape | Internetowy sklep Vape - najlepsze waporyzatory, modemy i zestawy jednorazowe","description":"Sklep frivape, najlepszy internetowy sklep vape z autentycznymi modami, jednorazowymi waporyzatorami i najwy\u017cszej jako\u015bci e-liquidami. Bezpo\u015brednio z Shenzhen z szybk\u0105 wysy\u0142k\u0105 lokaln\u0105 w Europie. Wysoka jako\u015b\u0107 w cenach hurtowych.","publisher":{"@id":"https:\/\/frivape.com\/#organization"},"potentialAction":[{"@type":"SearchAction","target":{"@type":"EntryPoint","urlTemplate":"https:\/\/frivape.com\/?s={search_term_string}"},"query-input":{"@type":"PropertyValueSpecification","valueRequired":true,"valueName":"search_term_string"}}],"inLanguage":"pl-PL"},{"@type":"Organization","@id":"https:\/\/frivape.com\/#organization","name":"frivape | Internetowy sklep Vape - najlepsze waporyzatory, modemy i zestawy jednorazowe","url":"https:\/\/frivape.com\/","logo":{"@type":"ImageObject","inLanguage":"pl-PL","@id":"https:\/\/frivape.com\/#\/schema\/logo\/image\/","url":"https:\/\/frivape.com\/wp-content\/uploads\/2026\/03\/cropped-frivape-site-title-icon.png","contentUrl":"https:\/\/frivape.com\/wp-content\/uploads\/2026\/03\/cropped-frivape-site-title-icon.png","width":470,"height":110,"caption":"frivape | Online Vape Store - Best Vapes, Mods &amp; Disposable Kits"},"image":{"@id":"https:\/\/frivape.com\/#\/schema\/logo\/image\/"}}]}},"tiered_pricing_type":"fixed","tiered_pricing_fixed_rules":{"10":9.98,"50":9.28,"100":8.57,"200":7.88},"tiered_pricing_product_settings":{"layout":"default","base_unit_name":{"singular":null,"plural":null},"default_variation":{}},"tiered_pricing_minimum_quantity":null,"tiered_pricing_roles_data":[],"tiered_pricing_percentage_rules":[],"_links":{"self":[{"href":"https:\/\/frivape.com\/pl\/wp-json\/wp\/v2\/product\/8352","targetHints":{"allow":["GET"]}}],"collection":[{"href":"https:\/\/frivape.com\/pl\/wp-json\/wp\/v2\/product"}],"about":[{"href":"https:\/\/frivape.com\/pl\/wp-json\/wp\/v2\/types\/product"}],"replies":[{"embeddable":true,"href":"https:\/\/frivape.com\/pl\/wp-json\/wp\/v2\/comments?post=8352"}],"wp:featuredmedia":[{"embeddable":true,"href":"https:\/\/frivape.com\/pl\/wp-json\/wp\/v2\/media\/8390"}],"wp:attachment":[{"href":"https:\/\/frivape.com\/pl\/wp-json\/wp\/v2\/media?parent=8352"}],"wp:term":[{"taxonomy":"product_brand","embeddable":true,"href":"https:\/\/frivape.com\/pl\/wp-json\/wp\/v2\/product_brand?post=8352"},{"taxonomy":"product_cat","embeddable":true,"href":"https:\/\/frivape.com\/pl\/wp-json\/wp\/v2\/product_cat?post=8352"},{"taxonomy":"product_tag","embeddable":true,"href":"https:\/\/frivape.com\/pl\/wp-json\/wp\/v2\/product_tag?post=8352"}],"curies":[{"name":"wp","href":"https:\/\/api.w.org\/{rel}","templated":true}]}}