{"id":8441,"date":"2026-04-11T19:45:43","date_gmt":"2026-04-11T11:45:43","guid":{"rendered":"https:\/\/frivape.com\/?post_type=product&#038;p=8441"},"modified":"2026-04-11T19:55:47","modified_gmt":"2026-04-11T11:55:47","slug":"bang-king-30000-puffow-jednorazowy-vape-o-podwojnym-smaku","status":"publish","type":"product","link":"https:\/\/frivape.com\/pl\/product\/bang-king-30000-puffow-jednorazowy-vape-o-podwojnym-smaku\/","title":{"rendered":"Bang King 30000 Puffs Jednorazowy Vape | Zbiornik o dw\u00f3ch smakach i inteligentny wy\u015bwietlacz LCD"},"content":{"rendered":"<h2 class=\"wp-block-heading has-text-align-center\"><strong>Uwolnij kr\u00f3la chmur: Bang King 30000 Puffs Smart Edition<\/strong><\/h2>\n\n\n\n<p>The <strong>Bang King 30000 Puffs jednorazowe Vape<\/strong> jest ostatecznym uciele\u015bnieniem misji Bang: <strong>\u201cMoc, wydajno\u015b\u0107 i odwa\u017cny smak\u201d.\u201d<\/strong> Poniewa\u017c bran\u017ca waporyzacji zmierza w kierunku urz\u0105dze\u0144 o du\u017cej pojemno\u015bci, Bang po raz kolejny ustanowi\u0142 globalny standard. To <strong>30k puff vape<\/strong> to nie tylko urz\u0105dzenie o du\u017cej pojemno\u015bci; to wyrafinowany <strong>System aromat\u00f3w 2 w 1<\/strong> zaprojektowany dla entuzjast\u00f3w, kt\u00f3rzy nie uznaj\u0105 kompromis\u00f3w w zakresie r\u00f3\u017cnorodno\u015bci i trwa\u0142o\u015bci. Niezale\u017cnie od tego, czy jeste\u015b klientem detalicznym, czy szukasz <strong>hurtowe waporyzatory jednorazowe<\/strong>, Bang King 30000 oferuje bezkonkurencyjny zwrot z inwestycji i doskona\u0142\u0105 alternatyw\u0119 dla tradycyjnego tytoniu.<\/p>\n\n\n\n<h3 class=\"wp-block-heading\"><strong>Innowacyjna technologia podw\u00f3jnego smaku i podw\u00f3jnego zbiornika<\/strong><\/h3>\n\n\n\n<p>Co ustawia <strong>Bang King 30,000<\/strong> w zat\u0142oczonym <strong>elektroniczny papieros<\/strong> rynek jest jego rewolucyjny <strong>Mo\u017cliwo\u015b\u0107 podw\u00f3jnego smaku<\/strong>. Wyposa\u017cony w <strong>Dwa wst\u0119pnie nape\u0142nione zbiorniki e-liquidu o pojemno\u015bci 18 ml<\/strong> (o \u0142\u0105cznej warto\u015bci <strong>Pojemno\u015b\u0107 36 ml<\/strong>), urz\u0105dzenie to pozwala na noszenie dw\u00f3ch r\u00f3\u017cnych profili w jednej ergonomicznej obudowie. Za pomoc\u0105 prostego r\u0119cznego prze\u0142\u0105cznika mo\u017cna prze\u0142\u0105cza\u0107 si\u0119 mi\u0119dzy orze\u017awiaj\u0105cymi mentolami i s\u0142odkimi owocami tropikalnymi. To sprawia, \u017ce jest to <strong>najlepszy vape 30000 puff<\/strong> dla tych, kt\u00f3rzy cierpi\u0105 na \u201cj\u0119zyk wapera\u201d i potrzebuj\u0105 r\u00f3\u017cnorodno\u015bci smak\u00f3w przez ca\u0142y dzie\u0144.<\/p>\n\n\n\n<h3 class=\"wp-block-heading\"><strong>Inteligentny monitoring nowej generacji i in\u017cynieria cewek siatkowych<\/strong><\/h3>\n\n\n\n<p>W samym sercu <strong>Bang King 30k<\/strong> jest najnowocze\u015bniejszym <strong>Siatkowa cewka 1,0\u03a9<\/strong>. Ten wyspecjalizowany element grzewczy zwi\u0119ksza powierzchni\u0119 rozpylania e-cieczy, co skutkuje <strong>sp\u00f3jne odwzorowanie smaku<\/strong> i g\u0119ste, g\u0142adkie chmury pary od pierwszego zaci\u0105gni\u0119cia. Zintegrowany <strong>Inteligentny wy\u015bwietlacz cyfrowy LCD<\/strong> zapewnia przejrzysto\u015b\u0107 w czasie rzeczywistym, pokazuj\u0105c dok\u0142adny procent baterii i poziom e-cieczy. Koniec ze zgadywaniem, kiedy <strong>\u0142adowalna kapsu\u0142a vape<\/strong> sko\u0144czy si\u0119 sok - to jest <strong>inteligentna technologia waporyzacji<\/strong> w najlepszym wydaniu.<\/p>\n\n\n\n<h3 class=\"wp-block-heading\"><strong>Doskona\u0142o\u015b\u0107 sprzeda\u017cy hurtowej i globalna zgodno\u015b\u0107<\/strong><\/h3>\n\n\n\n<p>Dla partner\u00f3w B2B i nabywc\u00f3w hurtowych <strong>Bang King 30000<\/strong> jest najlepiej sprzedaj\u0105c\u0105 si\u0119 firm\u0105. Zapewniamy wiele <strong>s\u00f3l nikotynowa<\/strong> st\u0119\u017cenia-<strong>0%, 2%, 3% i 5%<\/strong>-zapewnienie zgodno\u015bci z dyrektyw\u0105 TPD i przepisami regionalnymi w ponad 50 krajach. Nasza sie\u0107 logistyczna, obejmuj\u0105ca <strong>Pochodzenie Shenzhen<\/strong> i dedykowany <strong>Magazyn UE<\/strong>, gwarantuje, \u017ce <strong>hurtowe zam\u00f3wienia vape<\/strong> dotr\u0105 szybko i bez podatku.<\/p>\n\n\n\n<h3 class=\"wp-block-heading\"><strong>Wykwintne menu 12 zestaw\u00f3w o dw\u00f3ch smakach<\/strong><\/h3>\n\n\n\n<ol start=\"1\" class=\"wp-block-list\">\n<li><strong>Watermelon Ice i Blueberry Mint:<\/strong> Chrupi\u0105cy melon \u0142\u0105czy si\u0119 z orze\u017awiaj\u0105c\u0105, ch\u0142odn\u0105 mi\u0119t\u0105.<\/li>\n\n\n\n<li><strong>Watermelon Ice i Strawberry Mango:<\/strong> Tropikalny podmuch sk\u0105panych w s\u0142o\u0144cu owoc\u00f3w.<\/li>\n\n\n\n<li><strong>Truskawka, arbuz i kiwi, marakuja, guawa:<\/strong> Najlepsza mieszanka owoc\u00f3w egzotycznych.<\/li>\n\n\n\n<li><strong>Truskawkowy arbuz i l\u00f3d winogronowy:<\/strong> S\u0142odkie jagody po\u0142\u0105czone z oszronionymi winogronami z winnicy.<\/li>\n\n\n\n<li><strong>Blueberry Ice i Black Dragon Ice:<\/strong> G\u0142\u0119bokie nuty jagodowe i tajemniczy smoczy owoc.<\/li>\n\n\n\n<li><strong>Blueberry Ice i Strawberry Banana:<\/strong> Kremowy, g\u0142adki jagodowy klasyk.<\/li>\n\n\n\n<li><strong>Red Bull i jagodowy arbuz:<\/strong> Energetyzuj\u0105ce nuty zmieszane ze s\u0142odkimi letnimi owocami.<\/li>\n\n\n\n<li><strong>Red Bull i arbuzowe cukierki b\u0105belkowe:<\/strong> Wysokoenergetyczny smak \u0142\u0105czy si\u0119 z nostalgiczn\u0105 s\u0142odycz\u0105.<\/li>\n\n\n\n<li><strong>Blueberry Raspberry &amp; Peach Mango Watermelon:<\/strong> Z\u0142o\u017cona, soczysta eksplozja owoc\u00f3w.<\/li>\n\n\n\n<li><strong>Bor\u00f3wka, malina i owoce mieszane:<\/strong> Wyrafinowana jagodowa mieszanka.<\/li>\n\n\n\n<li><strong>Strawberry Kiwi &amp; Peach Ice:<\/strong> Cierpkie kiwi zr\u00f3wnowa\u017cone aksamitn\u0105 brzoskwini\u0105.<\/li>\n\n\n\n<li><strong>Truskawka Kiwi i Kwa\u015bne Jab\u0142ko Malina:<\/strong> Ostry, pikantny profil smakowy dla poszukiwaczy przyg\u00f3d.<\/li>\n<\/ol>\n\n\n\n<h3 class=\"wp-block-heading\"><strong>Cz\u0119sto zadawane pytania (FAQ)<\/strong><\/h3>\n\n\n\n<ul class=\"wp-block-list\">\n<li><strong>Jak 30 000 zaci\u0105gni\u0119\u0107 ma si\u0119 do tradycyjnych papieros\u00f3w?<\/strong> Jeden <strong>Bang King 30000<\/strong> jest odpowiednikiem oko\u0142o 100-150 paczek tradycyjnych papieros\u00f3w pod wzgl\u0119dem liczby zaci\u0105gni\u0119\u0107, co czyni go znacznie bardziej wydajnym. <strong>niedroga alternatywa dla waporyzacji<\/strong> i bardziej ekologiczny wyb\u00f3r dla d\u0142ugoterminowych u\u017cytkownik\u00f3w.<\/li>\n\n\n\n<li><strong>Jakie s\u0105 zalety systemu Dual-Tank?<\/strong> Konstrukcja z dwoma zbiornikami zapobiega mieszaniu si\u0119 smak\u00f3w i pozwala na <strong>36 ml e-liquidu<\/strong> pami\u0119ci masowej bez uszczerbku dla kompaktowej, przeno\u015bnej obudowy urz\u0105dzenia. Oferuje r\u00f3\u017cnorodno\u015b\u0107 dw\u00f3ch urz\u0105dze\u0144 w cenie jednego.<\/li>\n\n\n\n<li><strong>W jaki spos\u00f3b cewka Mesh Coil 1,0\u03a9 poprawia doznania?<\/strong> W przeciwie\u0144stwie do standardowych cewek drucianych, nasze <strong>Technologia Mesh Coil<\/strong> podgrzewa sok bardziej r\u00f3wnomiernie. Zapobiega to przypalaniu i gwarantuje, \u017ce nawet przy 30 000 zaci\u0105gni\u0119\u0107 <strong>intensywno\u015b\u0107 smaku<\/strong> pozostaje tak samo odwa\u017cny jak pierwszy.<\/li>\n\n\n\n<li><strong>Czy to urz\u0105dzenie nadaje si\u0119 do zakup\u00f3w hurtowych?<\/strong> Absolutnie. Specjalizujemy si\u0119 w <strong>sprzeda\u017c hurtowa bezpo\u015brednio z fabryki<\/strong> us\u0142ugi. Bang King 30k jest produktem wysokomar\u017cowym dla sprzedawc\u00f3w detalicznych ze wzgl\u0119du na jego popularno\u015b\u0107 na rynku. <strong>global vape sensation<\/strong> rankingi i wysokie zapotrzebowanie konsument\u00f3w na funkcje \u201cSmart\u201d.<\/li>\n\n\n\n<li><strong>Jak d\u0142ugo trwa \u0142adowanie przez z\u0142\u0105cze Type-C?<\/strong> Dzi\u0119ki wysokiej wydajno\u015bci <strong>Bateria 550 mAh<\/strong> i szybkie \u0142adowanie typu C, pe\u0142ne na\u0142adowanie mo\u017cna osi\u0105gn\u0105\u0107 w oko\u0142o <strong>30 do 45 minut<\/strong>, minimalizuj\u0105c czas przestoju i maksymalizuj\u0105c wydajno\u015b\u0107 <strong>waporyzacja w podr\u00f3\u017cy<\/strong> sesje.<\/li>\n<\/ul>\n\n\n\n<ul class=\"wp-block-list\">\n<li><\/li>\n<\/ul>\n\n\n\n<hr class=\"wp-block-separator has-alpha-channel-opacity\"\/>\n\n\n\n<p><strong>OSTRZE\u017bENIE:<\/strong> Ten produkt zawiera nikotyn\u0119. Nikotyna jest uzale\u017cniaj\u0105c\u0105 substancj\u0105 chemiczn\u0105.<\/p>\n\n\n\n<p><strong>Ograniczenia wiekowe:<\/strong> Musisz mie\u0107 uko\u0144czone 18 lat (lub by\u0107 w wieku uprawniaj\u0105cym do palenia w danym regionie), aby kupi\u0107 i u\u017cywa\u0107 tego produktu. Przechowywa\u0107 poza zasi\u0119giem dzieci i zwierz\u0105t domowych.<\/p>","protected":false},"excerpt":{"rendered":"<p data-path-to-node=\"7\">The <b data-path-to-node=\"7\" data-index-in-node=\"4\">Bang King 30k<\/b> na nowo zdefiniowa\u0142a wytrzyma\u0142o\u015b\u0107 i r\u00f3\u017cnorodno\u015b\u0107 w \u015bwiecie waporyzacji.<\/p>\n<ul data-path-to-node=\"8\">\n<li>\n<p data-path-to-node=\"8,0,0\"><b data-path-to-node=\"8,0,0\" data-index-in-node=\"0\">Liczba zaci\u0105gni\u0119\u0107:<\/b> Niezr\u00f3wnane 30 000 puff\u00f3w (15 000 na smak).<\/p>\n<\/li>\n<li>\n<p data-path-to-node=\"8,1,0\"><b data-path-to-node=\"8,1,0\" data-index-in-node=\"0\">Podw\u00f3jny smak:<\/b> Dwa zbiorniki o pojemno\u015bci 18 ml (\u0142\u0105cznie 36 ml) z natychmiastowym prze\u0142\u0105cznikiem smaku.<\/p>\n<\/li>\n<li>\n<p data-path-to-node=\"8,2,0\"><b data-path-to-node=\"8,2,0\" data-index-in-node=\"0\">Inteligentne monitorowanie:<\/b> Zintegrowany ekran LCD do \u015bledzenia stanu baterii i e-cieczy w czasie rzeczywistym.<\/p>\n<\/li>\n<li>\n<p data-path-to-node=\"8,3,0\"><b data-path-to-node=\"8,3,0\" data-index-in-node=\"0\">Advanced Core:<\/b> Technologia 1.0\u03a9 Mesh Coil zapewnia g\u0142adk\u0105, bogat\u0105 par\u0119.<\/p>\n<\/li>\n<li>\n<p data-path-to-node=\"8,4,0\"><b data-path-to-node=\"8,4,0\" data-index-in-node=\"0\">Moc:<\/b> Wysokowydajna bateria 550 mAh z funkcj\u0105 szybkiego \u0142adowania typu C.<\/p>\n<\/li>\n<li>\n<p data-path-to-node=\"8,5,0\"><b data-path-to-node=\"8,5,0\" data-index-in-node=\"0\">Projekt:<\/b> Ergonomiczna, przeno\u015bna i przyci\u0105gaj\u0105ca wzrok grafika.<\/p>\n<\/li>\n<\/ul>","protected":false},"featured_media":8442,"comment_status":"open","ping_status":"closed","template":"","meta":[],"product_brand":[61],"product_cat":[82,87,95],"product_tag":[75,76,77,79],"class_list":{"0":"post-8441","1":"product","2":"type-product","3":"status-publish","4":"has-post-thumbnail","6":"product_brand-bang","7":"product_cat-big-puffs-vapes","8":"product_cat-iced-fruit-vapes","9":"product_cat-mesh-coil-vapes","10":"product_tag-eu-warehouse","11":"product_tag-mtl-vaping","12":"product_tag-recharge","13":"product_tag-smart-screen-display","15":"first","16":"instock","17":"sale","18":"shipping-taxable","19":"purchasable","20":"product-type-variable"},"yoast_head":"<!-- This site is optimized with the Yoast SEO plugin v27.1.1 - https:\/\/yoast.com\/product\/yoast-seo-wordpress\/ -->\n<title>Bang King 30000 Puffs Disposable Vape - Double Taste Dual Tank &amp; LCD Display<\/title>\n<meta name=\"description\" content=\"Experience 30,000 puffs with the Bang King 30k. Features 36mL dual-tank Double Taste technology, 550mAh rechargeable battery, and smart LCD display. Fast EU shipping!\" \/>\n<meta name=\"robots\" content=\"noindex, follow, max-snippet:-1, max-image-preview:large, max-video-preview:-1\" \/>\n<meta property=\"og:locale\" content=\"pl_PL\" \/>\n<meta property=\"og:type\" content=\"article\" \/>\n<meta property=\"og:title\" content=\"Bang King 30000 Puffs Disposable Vape - Double Taste Dual Tank &amp; LCD Display\" \/>\n<meta property=\"og:description\" content=\"Experience 30,000 puffs with the Bang King 30k. Features 36mL dual-tank Double Taste technology, 550mAh rechargeable battery, and smart LCD display. Fast EU shipping!\" \/>\n<meta property=\"og:url\" content=\"https:\/\/frivape.com\/pl\/product\/bang-king-30000-puffow-jednorazowy-vape-o-podwojnym-smaku\/\" \/>\n<meta property=\"og:site_name\" content=\"frivape | Online Vape Store - Best Vapes, Mods &amp; Disposable Kits\" \/>\n<meta property=\"article:modified_time\" content=\"2026-04-11T11:55:47+00:00\" \/>\n<meta property=\"og:image\" content=\"https:\/\/frivape.com\/wp-content\/uploads\/2026\/04\/vape-bang-king-30k-30000-puffs-main-image.jpg.webp\" \/>\n\t<meta property=\"og:image:width\" content=\"1000\" \/>\n\t<meta property=\"og:image:height\" content=\"1000\" \/>\n\t<meta property=\"og:image:type\" content=\"image\/webp\" \/>\n<meta name=\"twitter:card\" content=\"summary_large_image\" \/>\n<meta name=\"twitter:label1\" content=\"Szacowany czas czytania\" \/>\n\t<meta name=\"twitter:data1\" content=\"4 minuty\" \/>\n<script type=\"application\/ld+json\" class=\"yoast-schema-graph\">{\"@context\":\"https:\/\/schema.org\",\"@graph\":[{\"@type\":\"WebPage\",\"@id\":\"https:\/\/frivape.com\/product\/bang-king-30000-puffs-double-taste-disposable-vape\/\",\"url\":\"https:\/\/frivape.com\/product\/bang-king-30000-puffs-double-taste-disposable-vape\/\",\"name\":\"Bang King 30000 Puffs Disposable Vape - Double Taste Dual Tank & LCD Display\",\"isPartOf\":{\"@id\":\"https:\/\/frivape.com\/#website\"},\"primaryImageOfPage\":{\"@id\":\"https:\/\/frivape.com\/product\/bang-king-30000-puffs-double-taste-disposable-vape\/#primaryimage\"},\"image\":{\"@id\":\"https:\/\/frivape.com\/product\/bang-king-30000-puffs-double-taste-disposable-vape\/#primaryimage\"},\"thumbnailUrl\":\"https:\/\/frivape.com\/wp-content\/uploads\/2026\/04\/vape-bang-king-30k-30000-puffs-main-image.jpg.webp\",\"datePublished\":\"2026-04-11T11:45:43+00:00\",\"dateModified\":\"2026-04-11T11:55:47+00:00\",\"description\":\"Experience 30,000 puffs with the Bang King 30k. Features 36mL dual-tank Double Taste technology, 550mAh rechargeable battery, and smart LCD display. Fast EU shipping!\",\"breadcrumb\":{\"@id\":\"https:\/\/frivape.com\/product\/bang-king-30000-puffs-double-taste-disposable-vape\/#breadcrumb\"},\"inLanguage\":\"pl-PL\",\"potentialAction\":[{\"@type\":\"ReadAction\",\"target\":[\"https:\/\/frivape.com\/product\/bang-king-30000-puffs-double-taste-disposable-vape\/\"]}]},{\"@type\":\"ImageObject\",\"inLanguage\":\"pl-PL\",\"@id\":\"https:\/\/frivape.com\/product\/bang-king-30000-puffs-double-taste-disposable-vape\/#primaryimage\",\"url\":\"https:\/\/frivape.com\/wp-content\/uploads\/2026\/04\/vape-bang-king-30k-30000-puffs-main-image.jpg.webp\",\"contentUrl\":\"https:\/\/frivape.com\/wp-content\/uploads\/2026\/04\/vape-bang-king-30k-30000-puffs-main-image.jpg.webp\",\"width\":1000,\"height\":1000},{\"@type\":\"BreadcrumbList\",\"@id\":\"https:\/\/frivape.com\/product\/bang-king-30000-puffs-double-taste-disposable-vape\/#breadcrumb\",\"itemListElement\":[{\"@type\":\"ListItem\",\"position\":1,\"name\":\"\u9996\u9875\",\"item\":\"https:\/\/frivape.com\/\"},{\"@type\":\"ListItem\",\"position\":2,\"name\":\"Shop\",\"item\":\"https:\/\/frivape.com\/shop\/\"},{\"@type\":\"ListItem\",\"position\":3,\"name\":\"Bang King 30000 Puffs Disposable Vape | Dual Flavor Tank &amp; Smart LCD Display\"}]},{\"@type\":\"WebSite\",\"@id\":\"https:\/\/frivape.com\/#website\",\"url\":\"https:\/\/frivape.com\/\",\"name\":\"frivape | Online Vape Store - Best Vapes, Mods &amp; Disposable Kits\",\"description\":\"Shop frivape, your premier online vape shop for authentic mods, disposable vapes, and premium e-liquids. Direct from Shenzhen with fast Europe local shipping. High quality at wholesale prices.\",\"publisher\":{\"@id\":\"https:\/\/frivape.com\/#organization\"},\"potentialAction\":[{\"@type\":\"SearchAction\",\"target\":{\"@type\":\"EntryPoint\",\"urlTemplate\":\"https:\/\/frivape.com\/?s={search_term_string}\"},\"query-input\":{\"@type\":\"PropertyValueSpecification\",\"valueRequired\":true,\"valueName\":\"search_term_string\"}}],\"inLanguage\":\"pl-PL\"},{\"@type\":\"Organization\",\"@id\":\"https:\/\/frivape.com\/#organization\",\"name\":\"frivape | Online Vape Store - Best Vapes, Mods &amp; Disposable Kits\",\"url\":\"https:\/\/frivape.com\/\",\"logo\":{\"@type\":\"ImageObject\",\"inLanguage\":\"pl-PL\",\"@id\":\"https:\/\/frivape.com\/#\/schema\/logo\/image\/\",\"url\":\"https:\/\/frivape.com\/wp-content\/uploads\/2026\/03\/cropped-frivape-site-title-icon.png\",\"contentUrl\":\"https:\/\/frivape.com\/wp-content\/uploads\/2026\/03\/cropped-frivape-site-title-icon.png\",\"width\":470,\"height\":110,\"caption\":\"frivape | Online Vape Store - Best Vapes, Mods &amp; Disposable Kits\"},\"image\":{\"@id\":\"https:\/\/frivape.com\/#\/schema\/logo\/image\/\"}}]}<\/script>\n<!-- \/ Yoast SEO plugin. -->","yoast_head_json":{"title":"Bang King 30000 Puffs jednorazowy Vape - podw\u00f3jny smak, podw\u00f3jny zbiornik i wy\u015bwietlacz LCD","description":"Do\u015bwiadcz 30 000 zaci\u0105gni\u0119\u0107 dzi\u0119ki Bang King 30k. Wyposa\u017cony w 36 ml podw\u00f3jny zbiornik z technologi\u0105 Double Taste, akumulator 550 mAh i inteligentny wy\u015bwietlacz LCD. Szybka wysy\u0142ka na terenie UE!","robots":{"index":"noindex","follow":"follow","max-snippet":"max-snippet:-1","max-image-preview":"max-image-preview:large","max-video-preview":"max-video-preview:-1"},"og_locale":"pl_PL","og_type":"article","og_title":"Bang King 30000 Puffs Disposable Vape - Double Taste Dual Tank & LCD Display","og_description":"Experience 30,000 puffs with the Bang King 30k. Features 36mL dual-tank Double Taste technology, 550mAh rechargeable battery, and smart LCD display. Fast EU shipping!","og_url":"https:\/\/frivape.com\/pl\/product\/bang-king-30000-puffow-jednorazowy-vape-o-podwojnym-smaku\/","og_site_name":"frivape | Online Vape Store - Best Vapes, Mods &amp; Disposable Kits","article_modified_time":"2026-04-11T11:55:47+00:00","og_image":[{"width":1000,"height":1000,"url":"https:\/\/frivape.com\/wp-content\/uploads\/2026\/04\/vape-bang-king-30k-30000-puffs-main-image.jpg.webp","type":"image\/webp"}],"twitter_card":"summary_large_image","twitter_misc":{"Szacowany czas czytania":"4 minuty"},"schema":{"@context":"https:\/\/schema.org","@graph":[{"@type":"WebPage","@id":"https:\/\/frivape.com\/product\/bang-king-30000-puffs-double-taste-disposable-vape\/","url":"https:\/\/frivape.com\/product\/bang-king-30000-puffs-double-taste-disposable-vape\/","name":"Bang King 30000 Puffs jednorazowy Vape - podw\u00f3jny smak, podw\u00f3jny zbiornik i wy\u015bwietlacz LCD","isPartOf":{"@id":"https:\/\/frivape.com\/#website"},"primaryImageOfPage":{"@id":"https:\/\/frivape.com\/product\/bang-king-30000-puffs-double-taste-disposable-vape\/#primaryimage"},"image":{"@id":"https:\/\/frivape.com\/product\/bang-king-30000-puffs-double-taste-disposable-vape\/#primaryimage"},"thumbnailUrl":"https:\/\/frivape.com\/wp-content\/uploads\/2026\/04\/vape-bang-king-30k-30000-puffs-main-image.jpg.webp","datePublished":"2026-04-11T11:45:43+00:00","dateModified":"2026-04-11T11:55:47+00:00","description":"Do\u015bwiadcz 30 000 zaci\u0105gni\u0119\u0107 dzi\u0119ki Bang King 30k. Wyposa\u017cony w 36 ml podw\u00f3jny zbiornik z technologi\u0105 Double Taste, akumulator 550 mAh i inteligentny wy\u015bwietlacz LCD. Szybka wysy\u0142ka na terenie UE!","breadcrumb":{"@id":"https:\/\/frivape.com\/product\/bang-king-30000-puffs-double-taste-disposable-vape\/#breadcrumb"},"inLanguage":"pl-PL","potentialAction":[{"@type":"ReadAction","target":["https:\/\/frivape.com\/product\/bang-king-30000-puffs-double-taste-disposable-vape\/"]}]},{"@type":"ImageObject","inLanguage":"pl-PL","@id":"https:\/\/frivape.com\/product\/bang-king-30000-puffs-double-taste-disposable-vape\/#primaryimage","url":"https:\/\/frivape.com\/wp-content\/uploads\/2026\/04\/vape-bang-king-30k-30000-puffs-main-image.jpg.webp","contentUrl":"https:\/\/frivape.com\/wp-content\/uploads\/2026\/04\/vape-bang-king-30k-30000-puffs-main-image.jpg.webp","width":1000,"height":1000},{"@type":"BreadcrumbList","@id":"https:\/\/frivape.com\/product\/bang-king-30000-puffs-double-taste-disposable-vape\/#breadcrumb","itemListElement":[{"@type":"ListItem","position":1,"name":"\u9996\u9875","item":"https:\/\/frivape.com\/"},{"@type":"ListItem","position":2,"name":"Shop","item":"https:\/\/frivape.com\/shop\/"},{"@type":"ListItem","position":3,"name":"Bang King 30000 Puffs Disposable Vape | Dual Flavor Tank &amp; Smart LCD Display"}]},{"@type":"WebSite","@id":"https:\/\/frivape.com\/#website","url":"https:\/\/frivape.com\/","name":"frivape | Internetowy sklep Vape - najlepsze waporyzatory, modemy i zestawy jednorazowe","description":"Sklep frivape, najlepszy internetowy sklep vape z autentycznymi modami, jednorazowymi waporyzatorami i najwy\u017cszej jako\u015bci e-liquidami. Bezpo\u015brednio z Shenzhen z szybk\u0105 wysy\u0142k\u0105 lokaln\u0105 w Europie. Wysoka jako\u015b\u0107 w cenach hurtowych.","publisher":{"@id":"https:\/\/frivape.com\/#organization"},"potentialAction":[{"@type":"SearchAction","target":{"@type":"EntryPoint","urlTemplate":"https:\/\/frivape.com\/?s={search_term_string}"},"query-input":{"@type":"PropertyValueSpecification","valueRequired":true,"valueName":"search_term_string"}}],"inLanguage":"pl-PL"},{"@type":"Organization","@id":"https:\/\/frivape.com\/#organization","name":"frivape | Internetowy sklep Vape - najlepsze waporyzatory, modemy i zestawy jednorazowe","url":"https:\/\/frivape.com\/","logo":{"@type":"ImageObject","inLanguage":"pl-PL","@id":"https:\/\/frivape.com\/#\/schema\/logo\/image\/","url":"https:\/\/frivape.com\/wp-content\/uploads\/2026\/03\/cropped-frivape-site-title-icon.png","contentUrl":"https:\/\/frivape.com\/wp-content\/uploads\/2026\/03\/cropped-frivape-site-title-icon.png","width":470,"height":110,"caption":"frivape | Online Vape Store - Best Vapes, Mods &amp; Disposable Kits"},"image":{"@id":"https:\/\/frivape.com\/#\/schema\/logo\/image\/"}}]}},"tiered_pricing_type":"fixed","tiered_pricing_fixed_rules":{"10":10.99,"50":9.99,"100":8.99,"200":7.99},"tiered_pricing_product_settings":{"layout":"default","base_unit_name":{"singular":null,"plural":null},"default_variation":{}},"tiered_pricing_minimum_quantity":null,"tiered_pricing_roles_data":[],"tiered_pricing_percentage_rules":[],"_links":{"self":[{"href":"https:\/\/frivape.com\/pl\/wp-json\/wp\/v2\/product\/8441","targetHints":{"allow":["GET"]}}],"collection":[{"href":"https:\/\/frivape.com\/pl\/wp-json\/wp\/v2\/product"}],"about":[{"href":"https:\/\/frivape.com\/pl\/wp-json\/wp\/v2\/types\/product"}],"replies":[{"embeddable":true,"href":"https:\/\/frivape.com\/pl\/wp-json\/wp\/v2\/comments?post=8441"}],"wp:featuredmedia":[{"embeddable":true,"href":"https:\/\/frivape.com\/pl\/wp-json\/wp\/v2\/media\/8442"}],"wp:attachment":[{"href":"https:\/\/frivape.com\/pl\/wp-json\/wp\/v2\/media?parent=8441"}],"wp:term":[{"taxonomy":"product_brand","embeddable":true,"href":"https:\/\/frivape.com\/pl\/wp-json\/wp\/v2\/product_brand?post=8441"},{"taxonomy":"product_cat","embeddable":true,"href":"https:\/\/frivape.com\/pl\/wp-json\/wp\/v2\/product_cat?post=8441"},{"taxonomy":"product_tag","embeddable":true,"href":"https:\/\/frivape.com\/pl\/wp-json\/wp\/v2\/product_tag?post=8441"}],"curies":[{"name":"wp","href":"https:\/\/api.w.org\/{rel}","templated":true}]}}