{"id":8493,"date":"2026-04-11T20:05:43","date_gmt":"2026-04-11T12:05:43","guid":{"rendered":"https:\/\/frivape.com\/?post_type=product&#038;p=8493"},"modified":"2026-04-11T20:31:52","modified_gmt":"2026-04-11T12:31:52","slug":"bang-36000-puffs-jednorazowe-vape-40ml-dual-tank-dtl-sub-ohm-led-edition","status":"publish","type":"product","link":"https:\/\/frivape.com\/pl\/product\/bang-36000-puffs-jednorazowe-vape-40ml-dual-tank-dtl-sub-ohm-led-edition\/","title":{"rendered":"Bang 36000 Puffs Disposable Vape | 40mL Dual Tank &amp; DTL Sub-Ohm LED Edition"},"content":{"rendered":"<h2 class=\"wp-block-heading has-text-align-center\"><strong>Zenit waporyzacji o du\u017cej pojemno\u015bci: Bang 36000 Puffs LED Edition<\/strong><\/h2>\n\n\n\n<p>The <strong>Jednorazowy d\u0142ugopis Vape Pen Bang 36000 Puffs<\/strong> reprezentuje ostateczn\u0105 ewolucj\u0119 g\u0142\u00f3wnej misji Bang: <strong>\u201cMoc, wydajno\u015b\u0107 i odwa\u017cny smak\u201d.\u201d<\/strong> Zaprojektowane dla vaper\u00f3w, kt\u00f3rzy wymagaj\u0105 najwi\u0119kszej liczby zaci\u0105gni\u0119\u0107 bez po\u015bwi\u0119cania jako\u015bci pary, urz\u0105dzenie to \u0142\u0105czy w sobie masywn\u0105 <strong>Pojemno\u015b\u0107 e-liquidu 40 ml<\/strong> z najnowocze\u015bniejszymi <strong>Technologia sub-ohm<\/strong>. Niezale\u017cnie od tego, czy szukasz <strong>hurtowe jednorazowe vape<\/strong> do zaopatrywania p\u00f3\u0142ek sklepowych lub wysokowydajny codzienny kierowca, Bang 36000 wyr\u00f3\u017cnia si\u0119 jako <strong>global vape sensation<\/strong>.<\/p>\n\n\n\n<h3 class=\"wp-block-heading\"><strong>Moc Direct-to-Lung (DTL) i innowacja Sub-Ohm<\/strong><\/h3>\n\n\n\n<p>W przeciwie\u0144stwie do standardowych produkt\u00f3w jednorazowych <strong>Bang 36000<\/strong> to pot\u0119\u017cne urz\u0105dzenie zaprojektowane z my\u015bl\u0105 o poszukiwaczach chmur. Wyposa\u017cony w zaawansowany <strong>Siatkowa cewka 0,6\u03a9<\/strong>, u\u0142atwia p\u0142ynne <strong>Direct-to-Lung (DTL)<\/strong> inhalacji, wytwarzaj\u0105c g\u0119st\u0105 par\u0119 i intensyfikuj\u0105c profile smakowe naszej charakterystycznej serii owoc\u00f3w. The <strong>System z dwoma zbiornikami<\/strong> Zapewnia, \u017ce ogromne 40 ml soku pozostaje \u015bwie\u017ce i stale przep\u0142ywa, zapewniaj\u0105c najwy\u017cszej jako\u015bci doznania od pierwszego do 36 000 razy.<\/p>\n\n\n\n<h3 class=\"wp-block-heading\"><strong>Styl \u0142\u0105czy si\u0119 z tre\u015bci\u0105: \u017bywe o\u015bwietlenie LED<\/strong><\/h3>\n\n\n\n<p>Bang 36000 to nie tylko wydajno\u015b\u0107, ale tak\u017ce wygl\u0105d. Zintegrowany <strong>Kolorowe \u015bwiat\u0142o LED<\/strong> aktywuje si\u0119 przy ka\u017cdym poci\u0105gni\u0119ciu, \u015bwiec\u0105c przez eleganck\u0105, ergonomiczn\u0105 obudow\u0119. Ta funkcja nie tylko sprawia, \u017ce <strong>najlepszy puff vape 36k 2026<\/strong> do spotka\u0144 towarzyskich, ale tak\u017ce przemawia do u\u017cytkownik\u00f3w poszukuj\u0105cych nowoczesnej, zaawansowanej technologicznie estetyki. W po\u0142\u0105czeniu z <strong>Szybkie \u0142adowanie typu C<\/strong> i niezawodna bateria o pojemno\u015bci 650 mAh sprawiaj\u0105, \u017ce urz\u0105dzenie to pozwala sp\u0119dza\u0107 mniej czasu przy gniazdku, a wi\u0119cej na cieszeniu si\u0119 g\u0119stymi, aromatycznymi chmurami.<\/p>\n\n\n\n<h3 class=\"wp-block-heading\"><strong>Sprzeda\u017c hurtowa B2B i niezawodno\u015b\u0107 Factory Direct<\/strong><\/h3>\n\n\n\n<p>Praca z <strong>Pochodzenie z Shenzhen<\/strong> sie\u0107 logistyczna, zapewniamy bezpo\u015brednie ceny fabryczne dla <strong>hurtowe zam\u00f3wienia vape<\/strong>. Z opcjami nikotynowymi od <strong>0% (bez nikotyny)<\/strong> do <strong>5% (wysoka wytrzyma\u0142o\u015b\u0107)<\/strong>, Bang 36000 mo\u017cna w pe\u0142ni dostosowa\u0107 do r\u00f3\u017cnych przepis\u00f3w regionalnych i preferencji konsument\u00f3w. Ka\u017cde pude\u0142ko zawiera <strong>8 sztuk<\/strong>, dzi\u0119ki czemu idealnie pasuje do \u015brodowisk detalicznych o wysokich obrotach, poszukuj\u0105cych <strong>niezawodny elektroniczny papieros<\/strong> dostawc\u00f3w.<\/p>\n\n\n\n<hr class=\"wp-block-separator has-alpha-channel-opacity\"\/>\n\n\n\n<h3 class=\"wp-block-heading\"><strong>Menu 12 charakterystycznych smak\u00f3w owocowych<\/strong><\/h3>\n\n\n\n<ol start=\"1\" class=\"wp-block-list\">\n<li><strong>Truskawka Kiwi:<\/strong> Klasyczna cierpko-s\u0142odka harmonia.<\/li>\n\n\n\n<li><strong>Brzoskwinia Mango Arbuz:<\/strong> Najlepsze tropikalne trifecta.<\/li>\n\n\n\n<li><strong>Owoce mieszane:<\/strong> Wibruj\u0105ca mieszanka jag\u00f3d i egzotycznych owoc\u00f3w.<\/li>\n\n\n\n<li><strong>Mi\u0119towy l\u00f3d:<\/strong> Ch\u0142odz\u0105cy mentol zapewnia maksymalne orze\u017awienie.<\/li>\n\n\n\n<li><strong>Peach Mango:<\/strong> Aksamitna brzoskwinia po\u0142\u0105czona z soczystym mango.<\/li>\n\n\n\n<li><strong>Grape Ice:<\/strong> Bujne winogrona z oszronionym finiszem.<\/li>\n\n\n\n<li><strong>Podw\u00f3jne jab\u0142ka:<\/strong> Chrupi\u0105ca mieszanka s\u0142odkich czerwonych i cierpkich zielonych jab\u0142ek.<\/li>\n\n\n\n<li><strong>Blueberry Raspberry:<\/strong> Wyrafinowany i pikantny duet le\u015bnych jag\u00f3d.<\/li>\n\n\n\n<li><strong>L\u00f3d jagodowy:<\/strong> Dojrza\u0142e jagody z czystym, lodowatym wydechem.<\/li>\n\n\n\n<li><strong>Arbuz truskawkowy:<\/strong> Ulubione po\u0142\u0105czenie s\u0142odkich owoc\u00f3w na lato.<\/li>\n\n\n\n<li><strong>Arbuzowy l\u00f3d:<\/strong> Soczysty, gasz\u0105cy pragnienie arbuz z lodem.<\/li>\n\n\n\n<li><strong>Truskawka Mango:<\/strong> G\u0142adkie, kremowe po\u0142\u0105czenie owoc\u00f3w tropikalnych.<\/li>\n<\/ol>\n\n\n\n<hr class=\"wp-block-separator has-alpha-channel-opacity\"\/>\n\n\n\n<h3 class=\"wp-block-heading\"><strong>Cz\u0119sto zadawane pytania (FAQ)<\/strong><\/h3>\n\n\n\n<ul class=\"wp-block-list\">\n<li><strong>Co wyr\u00f3\u017cnia cewk\u0119 Mesh Coil 0,6\u03a9?<\/strong> The <strong>Rezystancja sub-ohm<\/strong> Pozwala na wy\u017csz\u0105 moc wyj\u015bciow\u0105 i zwi\u0119kszony przep\u0142yw powietrza, co jest niezb\u0119dne dla <strong>DTL vaping<\/strong>. Wytwarza wi\u0119ksze chmury i bardziej intensywny smak w por\u00f3wnaniu z tradycyjnymi cewkami 1,0\u03a9 lub 1,2\u03a9, kt\u00f3re mo\u017cna znale\u017a\u0107 w standardowych urz\u0105dzeniach jednorazowych.<\/li>\n\n\n\n<li><strong>Jak d\u0142ugo wystarcza zbiornik o pojemno\u015bci 40 ml?<\/strong> Z maksymalnie <strong>36 000 zaci\u0105gni\u0119\u0107<\/strong>, Bang 36000 zosta\u0142 zaprojektowany tak, aby wystarczy\u0107 na 4-6 tygodni dla przeci\u0119tnego wapera, co czyni go jednym z najbardziej wydajnych. <strong>op\u0142acalne e-papierosy<\/strong> dost\u0119pne ju\u017c dzi\u015b.<\/li>\n\n\n\n<li><strong>Czy dioda LED jest zawsze w\u0142\u0105czona?<\/strong> The <strong>Kolorowe \u015bwiat\u0142o LED<\/strong> jest aktywowany przez naci\u015bni\u0119cie, co oznacza, \u017ce pod\u015bwietla si\u0119 tylko podczas waporyzacji, oszcz\u0119dzaj\u0105c bateri\u0119 i zapewniaj\u0105c stylow\u0105 wizualn\u0105 informacj\u0119 zwrotn\u0105.<\/li>\n\n\n\n<li><strong>Jaki jest czas wysy\u0142ki zam\u00f3wie\u0144 hurtowych?<\/strong> Oferujemy szybk\u0105 wysy\u0142k\u0119 z naszego <strong>Magazyn w Shenzhen<\/strong>. Typowy czas dostawy wynosi od 7 do 15 dni roboczych, z gwarancj\u0105 <strong>100% odprawa celna<\/strong> i \u017cadnych ukrytych podatk\u00f3w ani op\u0142at.<\/li>\n\n\n\n<li><strong>Czy port Type-C obs\u0142uguje szybkie \u0142adowanie?<\/strong> Tak, Bang 36000 wykorzystuje <strong>Technologia typu C<\/strong>, dzi\u0119ki czemu bateria 650 mAh osi\u0105ga pe\u0142ne na\u0142adowanie w ok. <strong>60 minut<\/strong>, zapewniaj\u0105c minimalny czas przestoju.<\/li>\n<\/ul>\n\n\n\n<hr class=\"wp-block-separator has-alpha-channel-opacity\"\/>\n\n\n\n<p><strong>OSTRZE\u017bENIE ZDROWOTNE:<\/strong> Ten produkt zawiera nikotyn\u0119. Nikotyna jest uzale\u017cniaj\u0105c\u0105 substancj\u0105 chemiczn\u0105.<\/p>\n\n\n\n<p><strong>Ograniczenia wiekowe:<\/strong> Ten produkt jest przeznaczony wy\u0142\u0105cznie dla os\u00f3b doros\u0142ych (powy\u017cej 18 roku \u017cycia lub wieku palenia zgodnego z prawem w danej jurysdykcji). Przechowywa\u0107 poza zasi\u0119giem dzieci i zwierz\u0105t domowych. Nie stosowa\u0107 u kobiet w ci\u0105\u017cy lub karmi\u0105cych piersi\u0105.<\/p>","protected":false},"excerpt":{"rendered":"<p data-path-to-node=\"7\">The <b data-path-to-node=\"7\" data-index-in-node=\"4\">Bang 36000 Puffs<\/b> wyznacza nowy punkt odniesienia dla wytrzyma\u0142o\u015bci i stylu wizualnego na globalnym rynku papieros\u00f3w elektronicznych.<\/p>\n<ul data-path-to-node=\"8\">\n<li>\n<p data-path-to-node=\"8,0,0\"><b data-path-to-node=\"8,0,0\" data-index-in-node=\"0\">Ekstremalna pojemno\u015b\u0107:<\/b> Do 36 000 zaci\u0105gni\u0119\u0107 przez wiele tygodni nieprzerwanego u\u017cytkowania.<\/p>\n<\/li>\n<li>\n<p data-path-to-node=\"8,1,0\"><b data-path-to-node=\"8,1,0\" data-index-in-node=\"0\">System podw\u00f3jnego zbiornika:<\/b> Wst\u0119pnie nape\u0142niony zbiornik e-liquidu premium o pojemno\u015bci 40 ml.<\/p>\n<\/li>\n<li>\n<p data-path-to-node=\"8,2,0\"><b data-path-to-node=\"8,2,0\" data-index-in-node=\"0\">Wydajno\u015b\u0107 sub-Ohm:<\/b> Siatkowa cewka 0,6\u03a9 do bogatej, skoncentrowanej na chmurze waporyzacji DTL.<\/p>\n<\/li>\n<li>\n<p data-path-to-node=\"8,3,0\"><b data-path-to-node=\"8,3,0\" data-index-in-node=\"0\">Dynamiczna estetyka:<\/b> Kolorowe o\u015bwietlenie LED aktywowane rysikiem zapewnia nowoczesny wygl\u0105d.<\/p>\n<\/li>\n<li>\n<p data-path-to-node=\"8,4,0\"><b data-path-to-node=\"8,4,0\" data-index-in-node=\"0\">Szybkie odzyskiwanie:<\/b> Akumulator 650 mAh z funkcj\u0105 szybkiego \u0142adowania typu C.<\/p>\n<\/li>\n<li>\n<p data-path-to-node=\"8,5,0\"><b data-path-to-node=\"8,5,0\" data-index-in-node=\"0\">Precyzyjna kontrola:<\/b> Dost\u0119pne w wersjach 0%, 2%, 3% i 5% o mocy soli nikotyny.<\/p>\n<\/li>\n<\/ul>","protected":false},"featured_media":8494,"comment_status":"open","ping_status":"closed","template":"","meta":[],"product_brand":[61],"product_cat":[82,87,95],"product_tag":[74,77],"class_list":{"0":"post-8493","1":"product","2":"type-product","3":"status-publish","4":"has-post-thumbnail","6":"product_brand-bang","7":"product_cat-big-puffs-vapes","8":"product_cat-iced-fruit-vapes","9":"product_cat-mesh-coil-vapes","10":"product_tag-dtl-vaping","11":"product_tag-recharge","13":"first","14":"instock","15":"sale","16":"shipping-taxable","17":"purchasable","18":"product-type-variable"},"yoast_head":"<!-- This site is optimized with the Yoast SEO plugin v27.1.1 - https:\/\/yoast.com\/product\/yoast-seo-wordpress\/ -->\n<title>Bang 36000 Puffs Disposable Vape - LED Light &amp; 40mL DTL Sub-Ohm<\/title>\n<meta name=\"description\" content=\"Illuminate your clouds with Bang 36000 Puffs. Features a 40mL dual-tank, 0.6\u03a9 Sub-Ohm coil for DTL vaping, and vibrant LED lights. Factory direct wholesale &amp; fast shipping.\" \/>\n<meta name=\"robots\" content=\"noindex, follow, max-snippet:-1, max-image-preview:large, max-video-preview:-1\" \/>\n<meta property=\"og:locale\" content=\"pl_PL\" \/>\n<meta property=\"og:type\" content=\"article\" \/>\n<meta property=\"og:title\" content=\"Bang 36000 Puffs Disposable Vape - LED Light &amp; 40mL DTL Sub-Ohm\" \/>\n<meta property=\"og:description\" content=\"Illuminate your clouds with Bang 36000 Puffs. Features a 40mL dual-tank, 0.6\u03a9 Sub-Ohm coil for DTL vaping, and vibrant LED lights. Factory direct wholesale &amp; fast shipping.\" \/>\n<meta property=\"og:url\" content=\"https:\/\/frivape.com\/pl\/product\/bang-36000-puffs-jednorazowe-vape-40ml-dual-tank-dtl-sub-ohm-led-edition\/\" \/>\n<meta property=\"og:site_name\" content=\"frivape | Online Vape Store - Best Vapes, Mods &amp; Disposable Kits\" \/>\n<meta property=\"article:modified_time\" content=\"2026-04-11T12:31:52+00:00\" \/>\n<meta property=\"og:image\" content=\"https:\/\/frivape.com\/wp-content\/uploads\/2026\/04\/Puff-36k-Bang-36000-Puffs-Disposable-Vape-Pen-Hookah-Shisha-1.webp\" \/>\n\t<meta property=\"og:image:width\" content=\"800\" \/>\n\t<meta property=\"og:image:height\" content=\"800\" \/>\n\t<meta property=\"og:image:type\" content=\"image\/webp\" \/>\n<meta name=\"twitter:card\" content=\"summary_large_image\" \/>\n<meta name=\"twitter:label1\" content=\"Szacowany czas czytania\" \/>\n\t<meta name=\"twitter:data1\" content=\"3 minuty\" \/>\n<script type=\"application\/ld+json\" class=\"yoast-schema-graph\">{\"@context\":\"https:\/\/schema.org\",\"@graph\":[{\"@type\":\"WebPage\",\"@id\":\"https:\/\/frivape.com\/product\/bang-36000-puffs-disposable-vape-40ml-dual-tank-dtl-sub-ohm-led-edition\/\",\"url\":\"https:\/\/frivape.com\/product\/bang-36000-puffs-disposable-vape-40ml-dual-tank-dtl-sub-ohm-led-edition\/\",\"name\":\"Bang 36000 Puffs Disposable Vape - LED Light & 40mL DTL Sub-Ohm\",\"isPartOf\":{\"@id\":\"https:\/\/frivape.com\/#website\"},\"primaryImageOfPage\":{\"@id\":\"https:\/\/frivape.com\/product\/bang-36000-puffs-disposable-vape-40ml-dual-tank-dtl-sub-ohm-led-edition\/#primaryimage\"},\"image\":{\"@id\":\"https:\/\/frivape.com\/product\/bang-36000-puffs-disposable-vape-40ml-dual-tank-dtl-sub-ohm-led-edition\/#primaryimage\"},\"thumbnailUrl\":\"https:\/\/frivape.com\/wp-content\/uploads\/2026\/04\/Puff-36k-Bang-36000-Puffs-Disposable-Vape-Pen-Hookah-Shisha-1.webp\",\"datePublished\":\"2026-04-11T12:05:43+00:00\",\"dateModified\":\"2026-04-11T12:31:52+00:00\",\"description\":\"Illuminate your clouds with Bang 36000 Puffs. Features a 40mL dual-tank, 0.6\u03a9 Sub-Ohm coil for DTL vaping, and vibrant LED lights. Factory direct wholesale & fast shipping.\",\"breadcrumb\":{\"@id\":\"https:\/\/frivape.com\/product\/bang-36000-puffs-disposable-vape-40ml-dual-tank-dtl-sub-ohm-led-edition\/#breadcrumb\"},\"inLanguage\":\"pl-PL\",\"potentialAction\":[{\"@type\":\"ReadAction\",\"target\":[\"https:\/\/frivape.com\/product\/bang-36000-puffs-disposable-vape-40ml-dual-tank-dtl-sub-ohm-led-edition\/\"]}]},{\"@type\":\"ImageObject\",\"inLanguage\":\"pl-PL\",\"@id\":\"https:\/\/frivape.com\/product\/bang-36000-puffs-disposable-vape-40ml-dual-tank-dtl-sub-ohm-led-edition\/#primaryimage\",\"url\":\"https:\/\/frivape.com\/wp-content\/uploads\/2026\/04\/Puff-36k-Bang-36000-Puffs-Disposable-Vape-Pen-Hookah-Shisha-1.webp\",\"contentUrl\":\"https:\/\/frivape.com\/wp-content\/uploads\/2026\/04\/Puff-36k-Bang-36000-Puffs-Disposable-Vape-Pen-Hookah-Shisha-1.webp\",\"width\":800,\"height\":800},{\"@type\":\"BreadcrumbList\",\"@id\":\"https:\/\/frivape.com\/product\/bang-36000-puffs-disposable-vape-40ml-dual-tank-dtl-sub-ohm-led-edition\/#breadcrumb\",\"itemListElement\":[{\"@type\":\"ListItem\",\"position\":1,\"name\":\"\u9996\u9875\",\"item\":\"https:\/\/frivape.com\/\"},{\"@type\":\"ListItem\",\"position\":2,\"name\":\"Shop\",\"item\":\"https:\/\/frivape.com\/shop\/\"},{\"@type\":\"ListItem\",\"position\":3,\"name\":\"Bang 36000 Puffs Disposable Vape | 40mL Dual Tank &amp; DTL Sub-Ohm LED Edition\"}]},{\"@type\":\"WebSite\",\"@id\":\"https:\/\/frivape.com\/#website\",\"url\":\"https:\/\/frivape.com\/\",\"name\":\"frivape | Online Vape Store - Best Vapes, Mods &amp; Disposable Kits\",\"description\":\"Shop frivape, your premier online vape shop for authentic mods, disposable vapes, and premium e-liquids. Direct from Shenzhen with fast Europe local shipping. High quality at wholesale prices.\",\"publisher\":{\"@id\":\"https:\/\/frivape.com\/#organization\"},\"potentialAction\":[{\"@type\":\"SearchAction\",\"target\":{\"@type\":\"EntryPoint\",\"urlTemplate\":\"https:\/\/frivape.com\/?s={search_term_string}\"},\"query-input\":{\"@type\":\"PropertyValueSpecification\",\"valueRequired\":true,\"valueName\":\"search_term_string\"}}],\"inLanguage\":\"pl-PL\"},{\"@type\":\"Organization\",\"@id\":\"https:\/\/frivape.com\/#organization\",\"name\":\"frivape | Online Vape Store - Best Vapes, Mods &amp; Disposable Kits\",\"url\":\"https:\/\/frivape.com\/\",\"logo\":{\"@type\":\"ImageObject\",\"inLanguage\":\"pl-PL\",\"@id\":\"https:\/\/frivape.com\/#\/schema\/logo\/image\/\",\"url\":\"https:\/\/frivape.com\/wp-content\/uploads\/2026\/03\/cropped-frivape-site-title-icon.png\",\"contentUrl\":\"https:\/\/frivape.com\/wp-content\/uploads\/2026\/03\/cropped-frivape-site-title-icon.png\",\"width\":470,\"height\":110,\"caption\":\"frivape | Online Vape Store - Best Vapes, Mods &amp; Disposable Kits\"},\"image\":{\"@id\":\"https:\/\/frivape.com\/#\/schema\/logo\/image\/\"}}]}<\/script>\n<!-- \/ Yoast SEO plugin. -->","yoast_head_json":{"title":"Bang 36000 Puffs jednorazowy Vape - o\u015bwietlenie LED i 40 ml DTL Sub-Ohm","description":"Roz\u015bwietl swoje chmury dzi\u0119ki Bang 36000 Puffs. Posiada podw\u00f3jny zbiornik o pojemno\u015bci 40 ml, cewk\u0119 Sub-Ohm 0,6\u03a9 do waporyzacji DTL i \u017cywe \u015bwiat\u0142a LED. Bezpo\u015brednia sprzeda\u017c hurtowa i szybka wysy\u0142ka.","robots":{"index":"noindex","follow":"follow","max-snippet":"max-snippet:-1","max-image-preview":"max-image-preview:large","max-video-preview":"max-video-preview:-1"},"og_locale":"pl_PL","og_type":"article","og_title":"Bang 36000 Puffs Disposable Vape - LED Light & 40mL DTL Sub-Ohm","og_description":"Illuminate your clouds with Bang 36000 Puffs. Features a 40mL dual-tank, 0.6\u03a9 Sub-Ohm coil for DTL vaping, and vibrant LED lights. Factory direct wholesale & fast shipping.","og_url":"https:\/\/frivape.com\/pl\/product\/bang-36000-puffs-jednorazowe-vape-40ml-dual-tank-dtl-sub-ohm-led-edition\/","og_site_name":"frivape | Online Vape Store - Best Vapes, Mods &amp; Disposable Kits","article_modified_time":"2026-04-11T12:31:52+00:00","og_image":[{"width":800,"height":800,"url":"https:\/\/frivape.com\/wp-content\/uploads\/2026\/04\/Puff-36k-Bang-36000-Puffs-Disposable-Vape-Pen-Hookah-Shisha-1.webp","type":"image\/webp"}],"twitter_card":"summary_large_image","twitter_misc":{"Szacowany czas czytania":"3 minuty"},"schema":{"@context":"https:\/\/schema.org","@graph":[{"@type":"WebPage","@id":"https:\/\/frivape.com\/product\/bang-36000-puffs-disposable-vape-40ml-dual-tank-dtl-sub-ohm-led-edition\/","url":"https:\/\/frivape.com\/product\/bang-36000-puffs-disposable-vape-40ml-dual-tank-dtl-sub-ohm-led-edition\/","name":"Bang 36000 Puffs jednorazowy Vape - o\u015bwietlenie LED i 40 ml DTL Sub-Ohm","isPartOf":{"@id":"https:\/\/frivape.com\/#website"},"primaryImageOfPage":{"@id":"https:\/\/frivape.com\/product\/bang-36000-puffs-disposable-vape-40ml-dual-tank-dtl-sub-ohm-led-edition\/#primaryimage"},"image":{"@id":"https:\/\/frivape.com\/product\/bang-36000-puffs-disposable-vape-40ml-dual-tank-dtl-sub-ohm-led-edition\/#primaryimage"},"thumbnailUrl":"https:\/\/frivape.com\/wp-content\/uploads\/2026\/04\/Puff-36k-Bang-36000-Puffs-Disposable-Vape-Pen-Hookah-Shisha-1.webp","datePublished":"2026-04-11T12:05:43+00:00","dateModified":"2026-04-11T12:31:52+00:00","description":"Roz\u015bwietl swoje chmury dzi\u0119ki Bang 36000 Puffs. Posiada podw\u00f3jny zbiornik o pojemno\u015bci 40 ml, cewk\u0119 Sub-Ohm 0,6\u03a9 do waporyzacji DTL i \u017cywe \u015bwiat\u0142a LED. Bezpo\u015brednia sprzeda\u017c hurtowa i szybka wysy\u0142ka.","breadcrumb":{"@id":"https:\/\/frivape.com\/product\/bang-36000-puffs-disposable-vape-40ml-dual-tank-dtl-sub-ohm-led-edition\/#breadcrumb"},"inLanguage":"pl-PL","potentialAction":[{"@type":"ReadAction","target":["https:\/\/frivape.com\/product\/bang-36000-puffs-disposable-vape-40ml-dual-tank-dtl-sub-ohm-led-edition\/"]}]},{"@type":"ImageObject","inLanguage":"pl-PL","@id":"https:\/\/frivape.com\/product\/bang-36000-puffs-disposable-vape-40ml-dual-tank-dtl-sub-ohm-led-edition\/#primaryimage","url":"https:\/\/frivape.com\/wp-content\/uploads\/2026\/04\/Puff-36k-Bang-36000-Puffs-Disposable-Vape-Pen-Hookah-Shisha-1.webp","contentUrl":"https:\/\/frivape.com\/wp-content\/uploads\/2026\/04\/Puff-36k-Bang-36000-Puffs-Disposable-Vape-Pen-Hookah-Shisha-1.webp","width":800,"height":800},{"@type":"BreadcrumbList","@id":"https:\/\/frivape.com\/product\/bang-36000-puffs-disposable-vape-40ml-dual-tank-dtl-sub-ohm-led-edition\/#breadcrumb","itemListElement":[{"@type":"ListItem","position":1,"name":"\u9996\u9875","item":"https:\/\/frivape.com\/"},{"@type":"ListItem","position":2,"name":"Shop","item":"https:\/\/frivape.com\/shop\/"},{"@type":"ListItem","position":3,"name":"Bang 36000 Puffs Disposable Vape | 40mL Dual Tank &amp; DTL Sub-Ohm LED Edition"}]},{"@type":"WebSite","@id":"https:\/\/frivape.com\/#website","url":"https:\/\/frivape.com\/","name":"frivape | Internetowy sklep Vape - najlepsze waporyzatory, modemy i zestawy jednorazowe","description":"Sklep frivape, najlepszy internetowy sklep vape z autentycznymi modami, jednorazowymi waporyzatorami i najwy\u017cszej jako\u015bci e-liquidami. Bezpo\u015brednio z Shenzhen z szybk\u0105 wysy\u0142k\u0105 lokaln\u0105 w Europie. Wysoka jako\u015b\u0107 w cenach hurtowych.","publisher":{"@id":"https:\/\/frivape.com\/#organization"},"potentialAction":[{"@type":"SearchAction","target":{"@type":"EntryPoint","urlTemplate":"https:\/\/frivape.com\/?s={search_term_string}"},"query-input":{"@type":"PropertyValueSpecification","valueRequired":true,"valueName":"search_term_string"}}],"inLanguage":"pl-PL"},{"@type":"Organization","@id":"https:\/\/frivape.com\/#organization","name":"frivape | Internetowy sklep Vape - najlepsze waporyzatory, modemy i zestawy jednorazowe","url":"https:\/\/frivape.com\/","logo":{"@type":"ImageObject","inLanguage":"pl-PL","@id":"https:\/\/frivape.com\/#\/schema\/logo\/image\/","url":"https:\/\/frivape.com\/wp-content\/uploads\/2026\/03\/cropped-frivape-site-title-icon.png","contentUrl":"https:\/\/frivape.com\/wp-content\/uploads\/2026\/03\/cropped-frivape-site-title-icon.png","width":470,"height":110,"caption":"frivape | Online Vape Store - Best Vapes, Mods &amp; Disposable Kits"},"image":{"@id":"https:\/\/frivape.com\/#\/schema\/logo\/image\/"}}]}},"tiered_pricing_type":"fixed","tiered_pricing_fixed_rules":{"10":10.88,"50":9.88,"100":8.88,"200":7.88},"tiered_pricing_product_settings":{"layout":"default","base_unit_name":{"singular":null,"plural":null},"default_variation":{}},"tiered_pricing_minimum_quantity":null,"tiered_pricing_roles_data":[],"tiered_pricing_percentage_rules":[],"_links":{"self":[{"href":"https:\/\/frivape.com\/pl\/wp-json\/wp\/v2\/product\/8493","targetHints":{"allow":["GET"]}}],"collection":[{"href":"https:\/\/frivape.com\/pl\/wp-json\/wp\/v2\/product"}],"about":[{"href":"https:\/\/frivape.com\/pl\/wp-json\/wp\/v2\/types\/product"}],"replies":[{"embeddable":true,"href":"https:\/\/frivape.com\/pl\/wp-json\/wp\/v2\/comments?post=8493"}],"wp:featuredmedia":[{"embeddable":true,"href":"https:\/\/frivape.com\/pl\/wp-json\/wp\/v2\/media\/8494"}],"wp:attachment":[{"href":"https:\/\/frivape.com\/pl\/wp-json\/wp\/v2\/media?parent=8493"}],"wp:term":[{"taxonomy":"product_brand","embeddable":true,"href":"https:\/\/frivape.com\/pl\/wp-json\/wp\/v2\/product_brand?post=8493"},{"taxonomy":"product_cat","embeddable":true,"href":"https:\/\/frivape.com\/pl\/wp-json\/wp\/v2\/product_cat?post=8493"},{"taxonomy":"product_tag","embeddable":true,"href":"https:\/\/frivape.com\/pl\/wp-json\/wp\/v2\/product_tag?post=8493"}],"curies":[{"name":"wp","href":"https:\/\/api.w.org\/{rel}","templated":true}]}}