{"id":8594,"date":"2026-04-12T01:16:33","date_gmt":"2026-04-11T17:16:33","guid":{"rendered":"https:\/\/frivape.com\/?post_type=product&#038;p=8594"},"modified":"2026-04-12T01:46:00","modified_gmt":"2026-04-11T17:46:00","slug":"vozol-rave-40000-puffs-wyswietlacz-led-jednorazowy-vape","status":"publish","type":"product","link":"https:\/\/frivape.com\/pl\/product\/vozol-rave-40000-puffs-wyswietlacz-led-jednorazowy-vape\/","title":{"rendered":"VOZOL RAVE 40000 Puffs Jednorazowe Vape | 270\u00b0 LED Light Show | S.I.L.C Tech"},"content":{"rendered":"<h2 class=\"wp-block-heading has-text-align-center\"><strong>Kolejna ewolucja waporyzacji: VOZOL RAVE 40000 Puffs<\/strong><\/h2>\n\n\n\n<p>Jako uznany na ca\u0142ym \u015bwiecie lider od 2019 roku, VOZOL nadal na nowo definiuje do\u015bwiadczenia zwi\u0105zane z e-papierosami. The <strong>VOZOL RAVE 40000<\/strong> to nie tylko jednorazowe urz\u0105dzenie o du\u017cej pojemno\u015bci; to eksplozja zmys\u0142\u00f3w. Zaprojektowane dla doros\u0142ych u\u017cytkownik\u00f3w w ponad 70 krajach, urz\u0105dzenie to integruje w sobie ogromny <strong>Pojemno\u015b\u0107 e-liquidu 20 ml<\/strong> z zapieraj\u0105cym dech w piersiach <strong>270\u00b0 Vibrant Glow Design<\/strong>. Niezale\u017cnie od tego, czy szukasz <strong>hurtowe jednorazowe vape<\/strong> lub codzienny towarzysz klasy premium, VOZOL RAVE oferuje idealne po\u0142\u0105czenie <strong>Elegancki wygl\u0105d, niezawodna jako\u015b\u0107 i przyst\u0119pna cena.<\/strong><\/p>\n\n\n\n<figure class=\"wp-block-image size-full\"><img fetchpriority=\"high\" decoding=\"async\" width=\"2260\" height=\"1077\" src=\"https:\/\/frivape.com\/wp-content\/uploads\/2026\/04\/VOZOL-RAVE-40000-Puffs-Disposable-Vape-270\u00b0-LED-Light-Show-S.I.L.C-Tech-1.webp\" alt=\"\" class=\"wp-image-8629\" srcset=\"https:\/\/frivape.com\/wp-content\/uploads\/2026\/04\/VOZOL-RAVE-40000-Puffs-Disposable-Vape-270\u00b0-LED-Light-Show-S.I.L.C-Tech-1.webp 2260w, https:\/\/frivape.com\/wp-content\/uploads\/2026\/04\/VOZOL-RAVE-40000-Puffs-Disposable-Vape-270\u00b0-LED-Light-Show-S.I.L.C-Tech-1-300x143.webp 300w, https:\/\/frivape.com\/wp-content\/uploads\/2026\/04\/VOZOL-RAVE-40000-Puffs-Disposable-Vape-270\u00b0-LED-Light-Show-S.I.L.C-Tech-1-1024x488.webp 1024w, https:\/\/frivape.com\/wp-content\/uploads\/2026\/04\/VOZOL-RAVE-40000-Puffs-Disposable-Vape-270\u00b0-LED-Light-Show-S.I.L.C-Tech-1-768x366.webp 768w, https:\/\/frivape.com\/wp-content\/uploads\/2026\/04\/VOZOL-RAVE-40000-Puffs-Disposable-Vape-270\u00b0-LED-Light-Show-S.I.L.C-Tech-1-1536x732.webp 1536w, https:\/\/frivape.com\/wp-content\/uploads\/2026\/04\/VOZOL-RAVE-40000-Puffs-Disposable-Vape-270\u00b0-LED-Light-Show-S.I.L.C-Tech-1-2048x976.webp 2048w, https:\/\/frivape.com\/wp-content\/uploads\/2026\/04\/VOZOL-RAVE-40000-Puffs-Disposable-Vape-270\u00b0-LED-Light-Show-S.I.L.C-Tech-1-990x472.webp 990w, https:\/\/frivape.com\/wp-content\/uploads\/2026\/04\/VOZOL-RAVE-40000-Puffs-Disposable-Vape-270\u00b0-LED-Light-Show-S.I.L.C-Tech-1-441x210.webp 441w, https:\/\/frivape.com\/wp-content\/uploads\/2026\/04\/VOZOL-RAVE-40000-Puffs-Disposable-Vape-270\u00b0-LED-Light-Show-S.I.L.C-Tech-1-800x381.webp 800w, https:\/\/frivape.com\/wp-content\/uploads\/2026\/04\/VOZOL-RAVE-40000-Puffs-Disposable-Vape-270\u00b0-LED-Light-Show-S.I.L.C-Tech-1-150x71.webp 150w\" sizes=\"(max-width: 2260px) 100vw, 2260px\" \/><\/figure>\n\n\n\n<h3 class=\"wp-block-heading\"><strong>Zaawansowana technologia S.I.L.C i precyzja 1,2\u03a9<\/strong><\/h3>\n\n\n\n<p>Sekret najwy\u017cszej wydajno\u015bci VOZOL RAVE tkwi w jego opatentowanej technologii. <strong>Technologia S.I.L.C<\/strong>. Zapewniaj\u0105c <strong>G\u0142adka, identyczna, d\u0142ugotrwa\u0142a i czysta<\/strong> To urz\u0105dzenie eliminuje zanikanie smaku. Zintegrowany <strong>Precyzyjna cewka siatkowa 1,2\u03a9<\/strong> utrzymuje sta\u0142\u0105 stabilno\u015b\u0107 termiczn\u0105, zapobiegaj\u0105c \u201ckarmelizacji\u201d lub przypaleniu e-liquidu. Gwarantuje to, \u017ce 40 000 zaci\u0105gni\u0119\u0107 smakuje tak samo rze\u015bko jak pierwsze, zapewniaj\u0105c \u201cczyst\u0105 s\u0142odycz\u201d, kt\u00f3ra omija j\u0119zyk wapera.<\/p>\n\n\n\n<h3 class=\"wp-block-heading\"><strong>Menu charakterystycznych smak\u00f3w<\/strong><\/h3>\n\n\n\n<p>Zapoznaj si\u0119 z nasz\u0105 starannie opracowan\u0105 kolekcj\u0105 smak\u00f3w, obejmuj\u0105c\u0105 wszystko, od klasycznych mentoli po egzotyczne mieszanki owocowe:<\/p>\n\n\n\n<figure class=\"wp-block-image size-full\"><img decoding=\"async\" width=\"1739\" height=\"2560\" src=\"https:\/\/frivape.com\/wp-content\/uploads\/2026\/04\/fXktLZDaNjfNzisHOTQErYmXNCbmX97O8V2YVQTF-scaled.webp\" alt=\"\" class=\"wp-image-8625\" srcset=\"https:\/\/frivape.com\/wp-content\/uploads\/2026\/04\/fXktLZDaNjfNzisHOTQErYmXNCbmX97O8V2YVQTF-scaled.webp 1739w, https:\/\/frivape.com\/wp-content\/uploads\/2026\/04\/fXktLZDaNjfNzisHOTQErYmXNCbmX97O8V2YVQTF-204x300.webp 204w, https:\/\/frivape.com\/wp-content\/uploads\/2026\/04\/fXktLZDaNjfNzisHOTQErYmXNCbmX97O8V2YVQTF-696x1024.webp 696w, https:\/\/frivape.com\/wp-content\/uploads\/2026\/04\/fXktLZDaNjfNzisHOTQErYmXNCbmX97O8V2YVQTF-768x1130.webp 768w, https:\/\/frivape.com\/wp-content\/uploads\/2026\/04\/fXktLZDaNjfNzisHOTQErYmXNCbmX97O8V2YVQTF-1044x1536.webp 1044w, https:\/\/frivape.com\/wp-content\/uploads\/2026\/04\/fXktLZDaNjfNzisHOTQErYmXNCbmX97O8V2YVQTF-1391x2048.webp 1391w, https:\/\/frivape.com\/wp-content\/uploads\/2026\/04\/fXktLZDaNjfNzisHOTQErYmXNCbmX97O8V2YVQTF-990x1457.webp 990w, https:\/\/frivape.com\/wp-content\/uploads\/2026\/04\/fXktLZDaNjfNzisHOTQErYmXNCbmX97O8V2YVQTF-441x649.webp 441w, https:\/\/frivape.com\/wp-content\/uploads\/2026\/04\/fXktLZDaNjfNzisHOTQErYmXNCbmX97O8V2YVQTF-300x442.webp 300w, https:\/\/frivape.com\/wp-content\/uploads\/2026\/04\/fXktLZDaNjfNzisHOTQErYmXNCbmX97O8V2YVQTF-800x1178.webp 800w, https:\/\/frivape.com\/wp-content\/uploads\/2026\/04\/fXktLZDaNjfNzisHOTQErYmXNCbmX97O8V2YVQTF-150x221.webp 150w\" sizes=\"(max-width: 1739px) 100vw, 1739px\" \/><\/figure>\n\n\n\n<h3 class=\"wp-block-heading\"><strong>Tryb imprezowy: blask 270\u00b0 i o\u015bwietlenie zsynchronizowane z rytmem<\/strong><\/h3>\n\n\n\n<p>S\u0142uchawki VOZOL RAVE 40k zosta\u0142y zaprojektowane tak, aby by\u0142y tak dynamiczne, jak muzyka, kt\u00f3r\u0105 kochasz. G\u0142o\u015bnik <strong>Wy\u015bwietlacz LED wykrywaj\u0105cy rytm<\/strong> reaguje na rytm zaci\u0105gania si\u0119, zamieniaj\u0105c ka\u017cde zaci\u0105gni\u0119cie w osobisty pokaz \u015bwietlny. W po\u0142\u0105czeniu z <strong>Animacja Eclipse Vaping<\/strong> ekran, sprawdzanie poziomu na\u0142adowania baterii i energii jest jak interakcja z wysokiej klasy smartwatchem. Jest to najlepsze akcesorium do wysokoenergetycznych spotka\u0144 towarzyskich, dzi\u0119ki czemu wyr\u00f3\u017cnia si\u0119 na rynku. <strong>VOZOL vapes<\/strong> sk\u0142ad.<\/p>\n\n\n\n<h3 class=\"wp-block-heading\"><strong>Cz\u0119sto zadawane pytania (FAQ)<\/strong><\/h3>\n\n\n\n<ul class=\"wp-block-list\">\n<li><strong>W jaki spos\u00f3b technologia S.I.L.C. poprawia wra\u017cenia?<\/strong> S.I.L.C zapewnia zachowanie smaku <strong>Identyczny<\/strong> przez ca\u0142y okres eksploatacji zbiornika i <strong>Czysto\u015b\u0107<\/strong> od wszelkich spalonych odcieni, zapewniaj\u0105c najbardziej <strong>D\u0142ugotrwa\u0142y<\/strong> oraz <strong>G\u0142adki<\/strong> do\u015bwiadczenie.<\/li>\n\n\n\n<li><strong>Jak szybko \u0142aduje si\u0119 VOZOL RAVE?<\/strong> Urz\u0105dzenie cechuje si\u0119 b\u0142yskawicznym \u0142adowaniem, osi\u0105gaj\u0105c przy tym <strong>80% \u0142aduje si\u0119 w zaledwie 20 minut<\/strong>, minimalizuj\u0105c czas przestoju dla vaper\u00f3w \u201cw ruchu\u201d.<\/li>\n\n\n\n<li><strong>Czy uderzenie nikotyny jest \u0142agodne czy ostre?<\/strong> Przy <strong>5% (50 mg\/ml)<\/strong>, Zapewnia satysfakcjonuj\u0105ce, mocne uderzenie, ale precyzyjna cewka zapewnia jedwabist\u0105 i komfortow\u0105 par\u0119 w gardle.<\/li>\n<\/ul>\n\n\n\n<p><strong>OSTRZE\u017bENIE ZDROWOTNE:<\/strong> Ten produkt zawiera nikotyn\u0119. Nikotyna jest uzale\u017cniaj\u0105c\u0105 substancj\u0105 chemiczn\u0105.<\/p>\n\n\n\n<p><strong>Ograniczenia wiekowe:<\/strong> Ten produkt jest przeznaczony wy\u0142\u0105cznie dla os\u00f3b doros\u0142ych (powy\u017cej 18 roku \u017cycia lub wieku palenia zgodnego z prawem w danej jurysdykcji). Przechowywa\u0107 poza zasi\u0119giem dzieci i zwierz\u0105t domowych. Nie stosowa\u0107 u kobiet w ci\u0105\u017cy lub karmi\u0105cych piersi\u0105.<\/p>","protected":false},"excerpt":{"rendered":"<p data-path-to-node=\"7\">The <b data-path-to-node=\"7\" data-index-in-node=\"4\">VOZOL RAVE 40000<\/b> to miejsce, w kt\u00f3rym futurystyczna technologia spotyka si\u0119 z wysokiej jako\u015bci smakiem.<\/p>\n<ul data-path-to-node=\"8\">\n<li>\n<p data-path-to-node=\"8,0,0\"><b data-path-to-node=\"8,0,0\" data-index-in-node=\"0\">Niezr\u00f3wnana trwa\u0142o\u015b\u0107:<\/b> Do 40 000 zaci\u0105gni\u0119\u0107 z fabrycznie nape\u0142nionego zbiornika o pojemno\u015bci 20 ml.<\/p>\n<\/li>\n<li>\n<p data-path-to-node=\"8,1,0\"><b data-path-to-node=\"8,1,0\" data-index-in-node=\"0\">Spektakl wizualny:<\/b> Wy\u015bwietlacz LED wykrywaj\u0105cy rytm 270\u00b0 z animacjami waporyzacji Eclipse.<\/p>\n<\/li>\n<li>\n<p data-path-to-node=\"8,2,0\"><b data-path-to-node=\"8,2,0\" data-index-in-node=\"0\">Technologia S.I.L.C:<\/b> G\u0142adki, identyczny, d\u0142ugotrwa\u0142y i czysty smak.<\/p>\n<\/li>\n<li>\n<p data-path-to-node=\"8,3,0\"><b data-path-to-node=\"8,3,0\" data-index-in-node=\"0\">Ultraszybka regeneracja:<\/b> Bateria o pojemno\u015bci 1000 mAh \u0142aduje si\u0119 w 80% w zaledwie 20 minut przez Type-C.<\/p>\n<\/li>\n<li>\n<p data-path-to-node=\"8,4,0\"><b data-path-to-node=\"8,4,0\" data-index-in-node=\"0\">Precyzja smaku:<\/b> Precyzyjna cewka siatkowa 1,2\u03a9 zapewnia stabilno\u015b\u0107 termiczn\u0105.<\/p>\n<\/li>\n<li>\n<p data-path-to-node=\"8,5,0\"><b data-path-to-node=\"8,5,0\" data-index-in-node=\"0\">Globalna niezawodno\u015b\u0107:<\/b> Wysy\u0142ane z naszego <b data-path-to-node=\"8,5,0\" data-index-in-node=\"37\">Magazyn UE<\/b> (dostawa w ci\u0105gu 1-3 dni).<\/p>\n<\/li>\n<\/ul>","protected":false},"featured_media":8619,"comment_status":"open","ping_status":"closed","template":"","meta":[],"product_brand":[55],"product_cat":[82,96,87],"product_tag":[75,76,77,79],"class_list":{"0":"post-8594","1":"product","2":"type-product","3":"status-publish","4":"has-post-thumbnail","6":"product_brand-vozol","7":"product_cat-big-puffs-vapes","8":"product_cat-dual-mesh-vapes","9":"product_cat-iced-fruit-vapes","10":"product_tag-eu-warehouse","11":"product_tag-mtl-vaping","12":"product_tag-recharge","13":"product_tag-smart-screen-display","15":"first","16":"instock","17":"sale","18":"shipping-taxable","19":"purchasable","20":"product-type-variable"},"yoast_head":"<!-- This site is optimized with the Yoast SEO plugin v27.1.1 - https:\/\/yoast.com\/product\/yoast-seo-wordpress\/ -->\n<title>VOZOL RAVE 40000 Puffs Disposable Vape - 270\u00b0 LED &amp; S.I.L.C Tech<\/title>\n<meta name=\"description\" content=\"Experience VOZOL RAVE 40000. Features 40k puffs, 20mL tank, S.I.L.C Tech, and a 270\u00b0 LED party mode. 80% charge in 20 mins. 24 fruit flavors available.\" \/>\n<meta name=\"robots\" content=\"noindex, follow, max-snippet:-1, max-image-preview:large, max-video-preview:-1\" \/>\n<meta property=\"og:locale\" content=\"pl_PL\" \/>\n<meta property=\"og:type\" content=\"article\" \/>\n<meta property=\"og:title\" content=\"VOZOL RAVE 40000 Puffs Disposable Vape - 270\u00b0 LED &amp; S.I.L.C Tech\" \/>\n<meta property=\"og:description\" content=\"Experience VOZOL RAVE 40000. Features 40k puffs, 20mL tank, S.I.L.C Tech, and a 270\u00b0 LED party mode. 80% charge in 20 mins. 24 fruit flavors available.\" \/>\n<meta property=\"og:url\" content=\"https:\/\/frivape.com\/pl\/product\/vozol-rave-40000-puffs-wyswietlacz-led-jednorazowy-vape\/\" \/>\n<meta property=\"og:site_name\" content=\"frivape | Online Vape Store - Best Vapes, Mods &amp; Disposable Kits\" \/>\n<meta property=\"article:modified_time\" content=\"2026-04-11T17:46:00+00:00\" \/>\n<meta property=\"og:image\" content=\"https:\/\/frivape.com\/wp-content\/uploads\/2026\/04\/vozol-rave-40000-Blue-Razz-Ice-3.webp\" \/>\n\t<meta property=\"og:image:width\" content=\"1200\" \/>\n\t<meta property=\"og:image:height\" content=\"1200\" \/>\n\t<meta property=\"og:image:type\" content=\"image\/webp\" \/>\n<meta name=\"twitter:card\" content=\"summary_large_image\" \/>\n<meta name=\"twitter:label1\" content=\"Szacowany czas czytania\" \/>\n\t<meta name=\"twitter:data1\" content=\"3 minuty\" \/>\n<script type=\"application\/ld+json\" class=\"yoast-schema-graph\">{\"@context\":\"https:\/\/schema.org\",\"@graph\":[{\"@type\":\"WebPage\",\"@id\":\"https:\/\/frivape.com\/product\/vozol-rave-40000-puffs-led-display-disposable-vape\/\",\"url\":\"https:\/\/frivape.com\/product\/vozol-rave-40000-puffs-led-display-disposable-vape\/\",\"name\":\"VOZOL RAVE 40000 Puffs Disposable Vape - 270\u00b0 LED & S.I.L.C Tech\",\"isPartOf\":{\"@id\":\"https:\/\/frivape.com\/#website\"},\"primaryImageOfPage\":{\"@id\":\"https:\/\/frivape.com\/product\/vozol-rave-40000-puffs-led-display-disposable-vape\/#primaryimage\"},\"image\":{\"@id\":\"https:\/\/frivape.com\/product\/vozol-rave-40000-puffs-led-display-disposable-vape\/#primaryimage\"},\"thumbnailUrl\":\"https:\/\/frivape.com\/wp-content\/uploads\/2026\/04\/vozol-rave-40000-Blue-Razz-Ice-3.webp\",\"datePublished\":\"2026-04-11T17:16:33+00:00\",\"dateModified\":\"2026-04-11T17:46:00+00:00\",\"description\":\"Experience VOZOL RAVE 40000. Features 40k puffs, 20mL tank, S.I.L.C Tech, and a 270\u00b0 LED party mode. 80% charge in 20 mins. 24 fruit flavors available.\",\"breadcrumb\":{\"@id\":\"https:\/\/frivape.com\/product\/vozol-rave-40000-puffs-led-display-disposable-vape\/#breadcrumb\"},\"inLanguage\":\"pl-PL\",\"potentialAction\":[{\"@type\":\"ReadAction\",\"target\":[\"https:\/\/frivape.com\/product\/vozol-rave-40000-puffs-led-display-disposable-vape\/\"]}]},{\"@type\":\"ImageObject\",\"inLanguage\":\"pl-PL\",\"@id\":\"https:\/\/frivape.com\/product\/vozol-rave-40000-puffs-led-display-disposable-vape\/#primaryimage\",\"url\":\"https:\/\/frivape.com\/wp-content\/uploads\/2026\/04\/vozol-rave-40000-Blue-Razz-Ice-3.webp\",\"contentUrl\":\"https:\/\/frivape.com\/wp-content\/uploads\/2026\/04\/vozol-rave-40000-Blue-Razz-Ice-3.webp\",\"width\":1200,\"height\":1200},{\"@type\":\"BreadcrumbList\",\"@id\":\"https:\/\/frivape.com\/product\/vozol-rave-40000-puffs-led-display-disposable-vape\/#breadcrumb\",\"itemListElement\":[{\"@type\":\"ListItem\",\"position\":1,\"name\":\"\u9996\u9875\",\"item\":\"https:\/\/frivape.com\/\"},{\"@type\":\"ListItem\",\"position\":2,\"name\":\"Shop\",\"item\":\"https:\/\/frivape.com\/shop\/\"},{\"@type\":\"ListItem\",\"position\":3,\"name\":\"VOZOL RAVE 40000 Puffs Disposable Vape | 270\u00b0 LED Light Show | S.I.L.C Tech\"}]},{\"@type\":\"WebSite\",\"@id\":\"https:\/\/frivape.com\/#website\",\"url\":\"https:\/\/frivape.com\/\",\"name\":\"frivape | Online Vape Store - Best Vapes, Mods &amp; Disposable Kits\",\"description\":\"Shop frivape, your premier online vape shop for authentic mods, disposable vapes, and premium e-liquids. Direct from Shenzhen with fast Europe local shipping. High quality at wholesale prices.\",\"publisher\":{\"@id\":\"https:\/\/frivape.com\/#organization\"},\"potentialAction\":[{\"@type\":\"SearchAction\",\"target\":{\"@type\":\"EntryPoint\",\"urlTemplate\":\"https:\/\/frivape.com\/?s={search_term_string}\"},\"query-input\":{\"@type\":\"PropertyValueSpecification\",\"valueRequired\":true,\"valueName\":\"search_term_string\"}}],\"inLanguage\":\"pl-PL\"},{\"@type\":\"Organization\",\"@id\":\"https:\/\/frivape.com\/#organization\",\"name\":\"frivape | Online Vape Store - Best Vapes, Mods &amp; Disposable Kits\",\"url\":\"https:\/\/frivape.com\/\",\"logo\":{\"@type\":\"ImageObject\",\"inLanguage\":\"pl-PL\",\"@id\":\"https:\/\/frivape.com\/#\/schema\/logo\/image\/\",\"url\":\"https:\/\/frivape.com\/wp-content\/uploads\/2026\/03\/cropped-frivape-site-title-icon.png\",\"contentUrl\":\"https:\/\/frivape.com\/wp-content\/uploads\/2026\/03\/cropped-frivape-site-title-icon.png\",\"width\":470,\"height\":110,\"caption\":\"frivape | Online Vape Store - Best Vapes, Mods &amp; Disposable Kits\"},\"image\":{\"@id\":\"https:\/\/frivape.com\/#\/schema\/logo\/image\/\"}}]}<\/script>\n<!-- \/ Yoast SEO plugin. -->","yoast_head_json":{"title":"VOZOL RAVE 40000 Puffs Jednorazowy Vape - 270\u00b0 LED i technologia S.I.L.C.","description":"Poznaj VOZOL RAVE 40000. Posiada 40 tys. zaci\u0105gni\u0119\u0107, zbiornik 20 ml, technologi\u0119 S.I.L.C i tryb imprezowy LED 270\u00b0. 80% \u0142aduje si\u0119 w 20 minut. Dost\u0119pne 24 smaki owocowe.","robots":{"index":"noindex","follow":"follow","max-snippet":"max-snippet:-1","max-image-preview":"max-image-preview:large","max-video-preview":"max-video-preview:-1"},"og_locale":"pl_PL","og_type":"article","og_title":"VOZOL RAVE 40000 Puffs Disposable Vape - 270\u00b0 LED & S.I.L.C Tech","og_description":"Experience VOZOL RAVE 40000. Features 40k puffs, 20mL tank, S.I.L.C Tech, and a 270\u00b0 LED party mode. 80% charge in 20 mins. 24 fruit flavors available.","og_url":"https:\/\/frivape.com\/pl\/product\/vozol-rave-40000-puffs-wyswietlacz-led-jednorazowy-vape\/","og_site_name":"frivape | Online Vape Store - Best Vapes, Mods &amp; Disposable Kits","article_modified_time":"2026-04-11T17:46:00+00:00","og_image":[{"width":1200,"height":1200,"url":"https:\/\/frivape.com\/wp-content\/uploads\/2026\/04\/vozol-rave-40000-Blue-Razz-Ice-3.webp","type":"image\/webp"}],"twitter_card":"summary_large_image","twitter_misc":{"Szacowany czas czytania":"3 minuty"},"schema":{"@context":"https:\/\/schema.org","@graph":[{"@type":"WebPage","@id":"https:\/\/frivape.com\/product\/vozol-rave-40000-puffs-led-display-disposable-vape\/","url":"https:\/\/frivape.com\/product\/vozol-rave-40000-puffs-led-display-disposable-vape\/","name":"VOZOL RAVE 40000 Puffs Jednorazowy Vape - 270\u00b0 LED i technologia S.I.L.C.","isPartOf":{"@id":"https:\/\/frivape.com\/#website"},"primaryImageOfPage":{"@id":"https:\/\/frivape.com\/product\/vozol-rave-40000-puffs-led-display-disposable-vape\/#primaryimage"},"image":{"@id":"https:\/\/frivape.com\/product\/vozol-rave-40000-puffs-led-display-disposable-vape\/#primaryimage"},"thumbnailUrl":"https:\/\/frivape.com\/wp-content\/uploads\/2026\/04\/vozol-rave-40000-Blue-Razz-Ice-3.webp","datePublished":"2026-04-11T17:16:33+00:00","dateModified":"2026-04-11T17:46:00+00:00","description":"Poznaj VOZOL RAVE 40000. Posiada 40 tys. zaci\u0105gni\u0119\u0107, zbiornik 20 ml, technologi\u0119 S.I.L.C i tryb imprezowy LED 270\u00b0. 80% \u0142aduje si\u0119 w 20 minut. Dost\u0119pne 24 smaki owocowe.","breadcrumb":{"@id":"https:\/\/frivape.com\/product\/vozol-rave-40000-puffs-led-display-disposable-vape\/#breadcrumb"},"inLanguage":"pl-PL","potentialAction":[{"@type":"ReadAction","target":["https:\/\/frivape.com\/product\/vozol-rave-40000-puffs-led-display-disposable-vape\/"]}]},{"@type":"ImageObject","inLanguage":"pl-PL","@id":"https:\/\/frivape.com\/product\/vozol-rave-40000-puffs-led-display-disposable-vape\/#primaryimage","url":"https:\/\/frivape.com\/wp-content\/uploads\/2026\/04\/vozol-rave-40000-Blue-Razz-Ice-3.webp","contentUrl":"https:\/\/frivape.com\/wp-content\/uploads\/2026\/04\/vozol-rave-40000-Blue-Razz-Ice-3.webp","width":1200,"height":1200},{"@type":"BreadcrumbList","@id":"https:\/\/frivape.com\/product\/vozol-rave-40000-puffs-led-display-disposable-vape\/#breadcrumb","itemListElement":[{"@type":"ListItem","position":1,"name":"\u9996\u9875","item":"https:\/\/frivape.com\/"},{"@type":"ListItem","position":2,"name":"Shop","item":"https:\/\/frivape.com\/shop\/"},{"@type":"ListItem","position":3,"name":"VOZOL RAVE 40000 Puffs Disposable Vape | 270\u00b0 LED Light Show | S.I.L.C Tech"}]},{"@type":"WebSite","@id":"https:\/\/frivape.com\/#website","url":"https:\/\/frivape.com\/","name":"frivape | Internetowy sklep Vape - najlepsze waporyzatory, modemy i zestawy jednorazowe","description":"Sklep frivape, najlepszy internetowy sklep vape z autentycznymi modami, jednorazowymi waporyzatorami i najwy\u017cszej jako\u015bci e-liquidami. Bezpo\u015brednio z Shenzhen z szybk\u0105 wysy\u0142k\u0105 lokaln\u0105 w Europie. Wysoka jako\u015b\u0107 w cenach hurtowych.","publisher":{"@id":"https:\/\/frivape.com\/#organization"},"potentialAction":[{"@type":"SearchAction","target":{"@type":"EntryPoint","urlTemplate":"https:\/\/frivape.com\/?s={search_term_string}"},"query-input":{"@type":"PropertyValueSpecification","valueRequired":true,"valueName":"search_term_string"}}],"inLanguage":"pl-PL"},{"@type":"Organization","@id":"https:\/\/frivape.com\/#organization","name":"frivape | Internetowy sklep Vape - najlepsze waporyzatory, modemy i zestawy jednorazowe","url":"https:\/\/frivape.com\/","logo":{"@type":"ImageObject","inLanguage":"pl-PL","@id":"https:\/\/frivape.com\/#\/schema\/logo\/image\/","url":"https:\/\/frivape.com\/wp-content\/uploads\/2026\/03\/cropped-frivape-site-title-icon.png","contentUrl":"https:\/\/frivape.com\/wp-content\/uploads\/2026\/03\/cropped-frivape-site-title-icon.png","width":470,"height":110,"caption":"frivape | Online Vape Store - Best Vapes, Mods &amp; Disposable Kits"},"image":{"@id":"https:\/\/frivape.com\/#\/schema\/logo\/image\/"}}]}},"tiered_pricing_type":"fixed","tiered_pricing_fixed_rules":{"10":12.99,"50":11.99,"100":10.99,"200":9.99},"tiered_pricing_product_settings":{"layout":"default","base_unit_name":{"singular":null,"plural":null},"default_variation":{}},"tiered_pricing_minimum_quantity":null,"tiered_pricing_roles_data":[],"tiered_pricing_percentage_rules":[],"_links":{"self":[{"href":"https:\/\/frivape.com\/pl\/wp-json\/wp\/v2\/product\/8594","targetHints":{"allow":["GET"]}}],"collection":[{"href":"https:\/\/frivape.com\/pl\/wp-json\/wp\/v2\/product"}],"about":[{"href":"https:\/\/frivape.com\/pl\/wp-json\/wp\/v2\/types\/product"}],"replies":[{"embeddable":true,"href":"https:\/\/frivape.com\/pl\/wp-json\/wp\/v2\/comments?post=8594"}],"wp:featuredmedia":[{"embeddable":true,"href":"https:\/\/frivape.com\/pl\/wp-json\/wp\/v2\/media\/8619"}],"wp:attachment":[{"href":"https:\/\/frivape.com\/pl\/wp-json\/wp\/v2\/media?parent=8594"}],"wp:term":[{"taxonomy":"product_brand","embeddable":true,"href":"https:\/\/frivape.com\/pl\/wp-json\/wp\/v2\/product_brand?post=8594"},{"taxonomy":"product_cat","embeddable":true,"href":"https:\/\/frivape.com\/pl\/wp-json\/wp\/v2\/product_cat?post=8594"},{"taxonomy":"product_tag","embeddable":true,"href":"https:\/\/frivape.com\/pl\/wp-json\/wp\/v2\/product_tag?post=8594"}],"curies":[{"name":"wp","href":"https:\/\/api.w.org\/{rel}","templated":true}]}}