{"id":8946,"date":"2026-04-12T15:35:49","date_gmt":"2026-04-12T07:35:49","guid":{"rendered":"https:\/\/frivape.com\/?post_type=product&#038;p=8946"},"modified":"2026-04-12T15:43:25","modified_gmt":"2026-04-12T07:43:25","slug":"jnr-falcon-x-18000-puffow-vape-z-wyswietlaczem-cyfrowym","status":"publish","type":"product","link":"https:\/\/frivape.com\/pl\/product\/jnr-falcon-x-18000-puffow-vape-z-wyswietlaczem-cyfrowym\/","title":{"rendered":"JNR Falcon X 18000 Puffs Jednorazowe Vape | 0,6\u03a9 Podw\u00f3jna siatka i cyfrowy wy\u015bwietlacz | 24 ml"},"content":{"rendered":"<h2 class=\"wp-block-heading has-text-align-center\"><strong>In\u017cynieria stoj\u0105ca za JNR Falcon X 18000<\/strong><\/h2>\n\n\n\n<p>The <strong>JNR Falcon X 18000<\/strong> to nie tylko jednoraz\u00f3wka; to precyzyjnie zaprojektowana stacja waporyzacyjna. Nap\u0119dzany wizj\u0105 <strong>\u201cNajwy\u017csza niezawodno\u015b\u0107\u201d<\/strong> JNR wyposa\u017cy\u0142 ten model w <strong>Sterowanie dwurdzeniowe<\/strong> kt\u00f3ry naprzemiennie wykorzystuje cewki siatkowe. Zapobiega to degradacji smaku w miar\u0119 up\u0142ywu czasu, zapewniaj\u0105c, \u017ce ostatnie zaci\u0105gni\u0119cie jest tak samo \u017cywe jak pierwsze. Dzi\u0119ki <strong>Zbiornik XL o pojemno\u015bci 24 ml<\/strong>, Zapewnia jeden z najwy\u017cszych w bran\u017cy stosunek e-liquidu do zaci\u0105gni\u0119cia si\u0119, co czyni go idealnym wyborem zar\u00f3wno dla u\u017cytkownik\u00f3w o wysokiej cz\u0119stotliwo\u015bci, jak i hurtownik\u00f3w.<\/p>\n\n\n\n<h3 class=\"wp-block-heading\"><strong>Podw\u00f3jna siatka 0,6\u03a9: Prawdziwe do\u015bwiadczenie Sub-Ohm<\/strong><\/h3>\n\n\n\n<p>W przeciwie\u0144stwie do standardowych cewek 1,2\u03a9, kt\u00f3re mo\u017cna znale\u017a\u0107 w podstawowych jednoraz\u00f3wkach, Falcon X wykorzystuje <strong>Podw\u00f3jna siatka 0,6\u03a9 o niskiej rezystancji<\/strong> konfiguracja. Pozwala to na uzyskanie wy\u017cszego ekwiwalentu mocy wyj\u015bciowej, co przek\u0142ada si\u0119 na <strong>G\u0119ste chmury opar\u00f3w<\/strong> i profil \u201cBold Flavor\u201d typowy dla drogich zestaw\u00f3w mod\u00f3w. Niezale\u017cnie od tego, czy u\u017cywasz <strong>2% (20 mg\/ml)<\/strong> lub <strong>5% (50 mg\/ml)<\/strong> Opcje soli nikotyny, uderzenie w gard\u0142o pozostaje g\u0142adkie i satysfakcjonuj\u0105ce dzi\u0119ki zaawansowanej technologii atomizacji.<\/p>\n\n\n\n<h3 class=\"wp-block-heading\"><strong>Ca\u0142kowita widoczno\u015b\u0107 dzi\u0119ki inteligentnemu wy\u015bwietlaczowi LED<\/strong><\/h3>\n\n\n\n<p>Nigdy nie daj si\u0119 zaskoczy\u0107 roz\u0142adowanym akumulatorem lub pustym bakiem. W takim przypadku <strong>JNR Falcon X<\/strong> posiada krystalicznie czysty <strong>Cyfrowa deska rozdzielcza LED<\/strong>. Ten zaawansowany technologicznie interfejs zapewnia odliczanie na \u017cywo pozosta\u0142ych zasob\u00f3w. W po\u0142\u0105czeniu z <strong>Akumulator o pojemno\u015bci 950 mAh<\/strong>, Falcon X, kt\u00f3ry \u0142aduje si\u0119 w pe\u0142ni w oko\u0142o 45-60 minut za po\u015brednictwem z\u0142\u0105cza typu C, oferuje \u201cbezstresow\u0105\u201d podr\u00f3\u017c waporyzacyjn\u0105.<\/p>\n\n\n\n<h3 class=\"wp-block-heading\"><strong>Wyselekcjonowana kolekcja ponad 50 smak\u00f3w premium<\/strong><\/h3>\n\n\n\n<p>Odkryj \u015bwiat egzotycznych owoc\u00f3w, orze\u017awiaj\u0105cych lod\u00f3w i charakterystycznych mieszanek JNR:<\/p>\n\n\n\n<ol start=\"1\" class=\"wp-block-list\">\n<li><strong>Blue Razz Ice<\/strong> | 02. <strong>Bor\u00f3wka Malina<\/strong> | 03. <strong>Cool Mint<\/strong> | 04. <strong>Kiwi Watermelon Ice<\/strong> | 05. <strong>L\u00f3d winogronowy<\/strong> | 06. <strong>Truskawka Kiwi<\/strong> | 07. <strong>Truskawkowy l\u00f3d arbuzowy<\/strong> | 08. <strong>Arbuzowy l\u00f3d<\/strong> | 09. <strong>L\u00f3d truskawkowy<\/strong> | 10. <strong>Jagody mieszane<\/strong> | 11. <strong>Arbuz Bubblegum<\/strong> | 12. <strong>L\u00f3d z kwa\u015bnego jab\u0142ka<\/strong> | 13. <strong>L\u00f3d brzoskwiniowy<\/strong> | 14. <strong>Gummy Bear<\/strong> | 15. <strong>Berry Burst<\/strong> | 16. <strong>Jagoda Malina Wi\u015bnia<\/strong> | 17. <strong>Cherry Berry<\/strong> | 18. <strong>Banan truskawkowy<\/strong> | 19. <strong>Cytryna i limonka<\/strong> | 20. <strong>Jagoda Kiwi<\/strong> | 21. <strong>Passion Fruit Kiwi<\/strong> | 22. <strong>White Peach Razz<\/strong> | 23. <strong>Blue Razz Cherry<\/strong> | 24. <strong>Wi\u015bniowy arbuz mro\u017cony<\/strong> | 25. <strong>Cherry Cola<\/strong> | 26. <strong>Letni l\u00f3d brzoskwiniowy<\/strong> | 27. <strong>Jagoda Wi\u015bnia \u017burawina<\/strong> | 28. <strong>Brzoskwinia Mango Ananas<\/strong> | 29. <strong>Peach Berry<\/strong> | 30. <strong>L\u00f3d bananowy<\/strong> | 31. <strong>Kr\u0119gle<\/strong> | 32. <strong>Potr\u00f3jny melon<\/strong> | 33. <strong>Mr. Blue<\/strong> | 34. <strong>Cherry Ice<\/strong> | 35. <strong>Arbuz Liczi<\/strong> | 36. <strong>Czarny l\u00f3d<\/strong> | 37. <strong>Love 66<\/strong> | 38. <strong>Hawaje<\/strong> | 39. <strong>Mi Amor<\/strong> | 40. <strong>Lady Killa<\/strong> | 41. <strong>Rabarbar malinowy<\/strong> | 42. <strong>Lemoniada wi\u015bniowo-brzoskwiniowa<\/strong> | 43. <strong>Eksplozja niebieskich wi\u015bni<\/strong> | 44. <strong>Jab\u0142ko Gruszka<\/strong> | 45. <strong>Owoce tropikalne<\/strong> | 46. <strong>JNR Sparkling Cherry<\/strong> | 47. <strong>JNR Watermelon Rooty Fizz<\/strong> | 48. <strong>JNR Blue Cocoa Mousseux<\/strong> | 49. <strong>JNR Tangy Fruit Berries<\/strong> | 50. <strong>JNR Raspberry Rouge Gumdrop<\/strong><\/li>\n<\/ol>\n\n\n\n<h3 class=\"wp-block-heading\"><strong>Cz\u0119sto zadawane pytania (FAQ)<\/strong><\/h3>\n\n\n\n<ul class=\"wp-block-list\">\n<li><strong>Jak d\u0142ugo zazwyczaj dzia\u0142a urz\u0105dzenie JNR 18k?<\/strong> Z <strong>18 000 zaci\u0105gni\u0119\u0107<\/strong> oraz <strong>Zbiornik 24 ml<\/strong>, Pojedyncze urz\u0105dzenie wystarcza na 3 do 5 tygodni dla przeci\u0119tnego u\u017cytkownika.<\/li>\n\n\n\n<li><strong>Jaka jest zaleta cewki 0,6\u03a9?<\/strong> Zapewnia doznania \u201cSub-Ohm\u201d, co oznacza wi\u0119cej pary i bardziej intensywny smak. Jest to idealne rozwi\u0105zanie dla u\u017cytkownik\u00f3w odchodz\u0105cych od tradycyjnych sziszy.<\/li>\n\n\n\n<li><strong>Czy przep\u0142yw powietrza jest naprawd\u0119 regulowany?<\/strong> Tak. W podstawie urz\u0105dzenia znajduje si\u0119 prze\u0142\u0105cznik, kt\u00f3ry umo\u017cliwia prze\u0142\u0105czanie mi\u0119dzy \u015bcis\u0142ym <strong>MTL (Mouth-to-Lung)<\/strong> losowanie i bardziej otwarty <strong>RDL (Restricted Direct Lung)<\/strong> losowanie.<\/li>\n\n\n\n<li><strong>Czy s\u0105 jakie\u015b ukryte podatki za wysy\u0142k\u0119 na terenie UE?<\/strong> Nie. Wszystkie nasze przesy\u0142ki z <strong>Magazyn UE<\/strong> u\u017cycie <strong>DDP (Delivered Duty Paid)<\/strong> warunki. Obs\u0142ugujemy wszystkie c\u0142a i podatki.<\/li>\n<\/ul>\n\n\n\n<p><strong>OSTRZE\u017bENIE ZDROWOTNE:<\/strong> Ten produkt zawiera nikotyn\u0119. Nikotyna jest uzale\u017cniaj\u0105c\u0105 substancj\u0105 chemiczn\u0105.<\/p>\n\n\n\n<p><strong>Ograniczenia wiekowe:<\/strong> Ten produkt jest przeznaczony wy\u0142\u0105cznie dla os\u00f3b doros\u0142ych (18+). Przechowywa\u0107 poza zasi\u0119giem dzieci i zwierz\u0105t domowych.<\/p>","protected":false},"excerpt":{"rendered":"<p data-path-to-node=\"10\">Wkrocz w przysz\u0142o\u015b\u0107 waporyzacji z urz\u0105dzeniem <b data-path-to-node=\"10\" data-index-in-node=\"40\">JNR Falcon X 18k<\/b>, gdzie zaawansowany technologicznie monitoring \u0142\u0105czy si\u0119 z surow\u0105 wydajno\u015bci\u0105.<\/p>\n<ul data-path-to-node=\"11\">\n<li>\n<p data-path-to-node=\"11,0,0\"><b data-path-to-node=\"11,0,0\" data-index-in-node=\"0\">Ekstremalna liczba puff\u00f3w:<\/b> Do 18 000 zaci\u0105gni\u0119\u0107 obs\u0142ugiwanych przez ultra-wydajny dwurdzeniowy system.<\/p>\n<\/li>\n<li>\n<p data-path-to-node=\"11,1,0\"><b data-path-to-node=\"11,1,0\" data-index-in-node=\"0\">Wydajno\u015b\u0107 sub-Ohm:<\/b> Podw\u00f3jna cewka siatkowa 0,6\u03a9 zapewnia szybkie nagrzewanie i pot\u0119\u017cne wybuchy chmury.<\/p>\n<\/li>\n<li>\n<p data-path-to-node=\"11,2,0\"><b data-path-to-node=\"11,2,0\" data-index-in-node=\"0\">Inteligentne monitorowanie:<\/b> Ekran LED o wysokiej rozdzielczo\u015bci wy\u015bwietla procent baterii i stan na\u0142adowania.<\/p>\n<\/li>\n<li>\n<p data-path-to-node=\"11,3,0\"><b data-path-to-node=\"11,3,0\" data-index-in-node=\"0\">Niestandardowy przep\u0142yw powietrza:<\/b> Prze\u0142\u0105cznik montowany u do\u0142u umo\u017cliwia ciasne zaci\u0105gni\u0119cie MTL lub uderzenie RDL z du\u017c\u0105 ilo\u015bci\u0105 chmur.<\/p>\n<\/li>\n<li>\n<p data-path-to-node=\"11,4,0\"><b data-path-to-node=\"11,4,0\" data-index-in-node=\"0\">Szybkie odzyskiwanie:<\/b> Bateria kobaltowa 950 mAh z szybkim \u0142adowaniem typu C (20-25 minut do 80%).<\/p>\n<\/li>\n<li>\n<p data-path-to-node=\"11,5,0\"><b data-path-to-node=\"11,5,0\" data-index-in-node=\"0\">Przewaga B2B:<\/b> Wysy\u0142ka z <b data-path-to-node=\"11,5,0\" data-index-in-node=\"28\">Berlin\/Niemcy Magazyn<\/b> z gwarancj\u0105 odprawy celnej 100%.<\/p>\n<\/li>\n<\/ul>","protected":false},"featured_media":8947,"comment_status":"open","ping_status":"closed","template":"","meta":[],"product_brand":[65],"product_cat":[88,89,96,87,83],"product_tag":[75,76,93,77,79],"class_list":{"0":"post-8946","1":"product","2":"type-product","3":"status-publish","4":"has-post-thumbnail","6":"product_brand-jnr","7":"product_cat-beverage-soda-vapes","8":"product_cat-candy-sweet-vapes","9":"product_cat-dual-mesh-vapes","10":"product_cat-iced-fruit-vapes","11":"product_cat-pro-puffs-vapes","12":"product_tag-eu-warehouse","13":"product_tag-mtl-vaping","14":"product_tag-rdl-vaping","15":"product_tag-recharge","16":"product_tag-smart-screen-display","18":"first","19":"instock","20":"sale","21":"shipping-taxable","22":"purchasable","23":"product-type-variable"},"yoast_head":"<!-- This site is optimized with the Yoast SEO plugin v27.1.1 - https:\/\/yoast.com\/product\/yoast-seo-wordpress\/ -->\n<title>JNR Falcon X 18000 Puffs Vape - 0.6\u03a9 Dual Mesh &amp; LED Display<\/title>\n<meta name=\"description\" content=\"Explore the JNR Falcon X 18000. Features 18k puffs, 24mL reservoir, 0.6\u03a9 Dual Mesh coil, and Smart LED screen. Wholesale discounts &amp; fast EU shipping.\" \/>\n<meta name=\"robots\" content=\"noindex, follow, max-snippet:-1, max-image-preview:large, max-video-preview:-1\" \/>\n<meta property=\"og:locale\" content=\"pl_PL\" \/>\n<meta property=\"og:type\" content=\"article\" \/>\n<meta property=\"og:title\" content=\"JNR Falcon X 18000 Puffs Vape - 0.6\u03a9 Dual Mesh &amp; LED Display\" \/>\n<meta property=\"og:description\" content=\"Explore the JNR Falcon X 18000. Features 18k puffs, 24mL reservoir, 0.6\u03a9 Dual Mesh coil, and Smart LED screen. Wholesale discounts &amp; fast EU shipping.\" \/>\n<meta property=\"og:url\" content=\"https:\/\/frivape.com\/pl\/product\/jnr-falcon-x-18000-puffow-vape-z-wyswietlaczem-cyfrowym\/\" \/>\n<meta property=\"og:site_name\" content=\"frivape | Online Vape Store - Best Vapes, Mods &amp; Disposable Kits\" \/>\n<meta property=\"article:modified_time\" content=\"2026-04-12T07:43:25+00:00\" \/>\n<meta property=\"og:image\" content=\"https:\/\/frivape.com\/wp-content\/uploads\/2026\/04\/jnr-falon-x-18000-puffs-24hvape-jnr-falon-x-18000-puffs-sleek-vape-jnr-falon-x-18000-puffs-home-page-picture.jpg.webp\" \/>\n\t<meta property=\"og:image:width\" content=\"1000\" \/>\n\t<meta property=\"og:image:height\" content=\"1000\" \/>\n\t<meta property=\"og:image:type\" content=\"image\/webp\" \/>\n<meta name=\"twitter:card\" content=\"summary_large_image\" \/>\n<meta name=\"twitter:label1\" content=\"Szacowany czas czytania\" \/>\n\t<meta name=\"twitter:data1\" content=\"3 minuty\" \/>\n<script type=\"application\/ld+json\" class=\"yoast-schema-graph\">{\"@context\":\"https:\/\/schema.org\",\"@graph\":[{\"@type\":\"WebPage\",\"@id\":\"https:\/\/frivape.com\/product\/jnr-falcon-x-18000-puffs-digital-display-vape\/\",\"url\":\"https:\/\/frivape.com\/product\/jnr-falcon-x-18000-puffs-digital-display-vape\/\",\"name\":\"JNR Falcon X 18000 Puffs Vape - 0.6\u03a9 Dual Mesh & LED Display\",\"isPartOf\":{\"@id\":\"https:\/\/frivape.com\/#website\"},\"primaryImageOfPage\":{\"@id\":\"https:\/\/frivape.com\/product\/jnr-falcon-x-18000-puffs-digital-display-vape\/#primaryimage\"},\"image\":{\"@id\":\"https:\/\/frivape.com\/product\/jnr-falcon-x-18000-puffs-digital-display-vape\/#primaryimage\"},\"thumbnailUrl\":\"https:\/\/frivape.com\/wp-content\/uploads\/2026\/04\/jnr-falon-x-18000-puffs-24hvape-jnr-falon-x-18000-puffs-sleek-vape-jnr-falon-x-18000-puffs-home-page-picture.jpg.webp\",\"datePublished\":\"2026-04-12T07:35:49+00:00\",\"dateModified\":\"2026-04-12T07:43:25+00:00\",\"description\":\"Explore the JNR Falcon X 18000. Features 18k puffs, 24mL reservoir, 0.6\u03a9 Dual Mesh coil, and Smart LED screen. Wholesale discounts & fast EU shipping.\",\"breadcrumb\":{\"@id\":\"https:\/\/frivape.com\/product\/jnr-falcon-x-18000-puffs-digital-display-vape\/#breadcrumb\"},\"inLanguage\":\"pl-PL\",\"potentialAction\":[{\"@type\":\"ReadAction\",\"target\":[\"https:\/\/frivape.com\/product\/jnr-falcon-x-18000-puffs-digital-display-vape\/\"]}]},{\"@type\":\"ImageObject\",\"inLanguage\":\"pl-PL\",\"@id\":\"https:\/\/frivape.com\/product\/jnr-falcon-x-18000-puffs-digital-display-vape\/#primaryimage\",\"url\":\"https:\/\/frivape.com\/wp-content\/uploads\/2026\/04\/jnr-falon-x-18000-puffs-24hvape-jnr-falon-x-18000-puffs-sleek-vape-jnr-falon-x-18000-puffs-home-page-picture.jpg.webp\",\"contentUrl\":\"https:\/\/frivape.com\/wp-content\/uploads\/2026\/04\/jnr-falon-x-18000-puffs-24hvape-jnr-falon-x-18000-puffs-sleek-vape-jnr-falon-x-18000-puffs-home-page-picture.jpg.webp\",\"width\":1000,\"height\":1000},{\"@type\":\"BreadcrumbList\",\"@id\":\"https:\/\/frivape.com\/product\/jnr-falcon-x-18000-puffs-digital-display-vape\/#breadcrumb\",\"itemListElement\":[{\"@type\":\"ListItem\",\"position\":1,\"name\":\"\u9996\u9875\",\"item\":\"https:\/\/frivape.com\/\"},{\"@type\":\"ListItem\",\"position\":2,\"name\":\"Shop\",\"item\":\"https:\/\/frivape.com\/shop\/\"},{\"@type\":\"ListItem\",\"position\":3,\"name\":\"JNR Falcon X 18000 Puffs Disposable Vape | 0.6\u03a9 Dual Mesh &amp; Digital Display | 24mL\"}]},{\"@type\":\"WebSite\",\"@id\":\"https:\/\/frivape.com\/#website\",\"url\":\"https:\/\/frivape.com\/\",\"name\":\"frivape | Online Vape Store - Best Vapes, Mods &amp; Disposable Kits\",\"description\":\"Shop frivape, your premier online vape shop for authentic mods, disposable vapes, and premium e-liquids. Direct from Shenzhen with fast Europe local shipping. High quality at wholesale prices.\",\"publisher\":{\"@id\":\"https:\/\/frivape.com\/#organization\"},\"potentialAction\":[{\"@type\":\"SearchAction\",\"target\":{\"@type\":\"EntryPoint\",\"urlTemplate\":\"https:\/\/frivape.com\/?s={search_term_string}\"},\"query-input\":{\"@type\":\"PropertyValueSpecification\",\"valueRequired\":true,\"valueName\":\"search_term_string\"}}],\"inLanguage\":\"pl-PL\"},{\"@type\":\"Organization\",\"@id\":\"https:\/\/frivape.com\/#organization\",\"name\":\"frivape | Online Vape Store - Best Vapes, Mods &amp; Disposable Kits\",\"url\":\"https:\/\/frivape.com\/\",\"logo\":{\"@type\":\"ImageObject\",\"inLanguage\":\"pl-PL\",\"@id\":\"https:\/\/frivape.com\/#\/schema\/logo\/image\/\",\"url\":\"https:\/\/frivape.com\/wp-content\/uploads\/2026\/03\/cropped-frivape-site-title-icon.png\",\"contentUrl\":\"https:\/\/frivape.com\/wp-content\/uploads\/2026\/03\/cropped-frivape-site-title-icon.png\",\"width\":470,\"height\":110,\"caption\":\"frivape | Online Vape Store - Best Vapes, Mods &amp; Disposable Kits\"},\"image\":{\"@id\":\"https:\/\/frivape.com\/#\/schema\/logo\/image\/\"}}]}<\/script>\n<!-- \/ Yoast SEO plugin. -->","yoast_head_json":{"title":"JNR Falcon X 18000 Puffs Vape - 0,6\u03a9 Dual Mesh i wy\u015bwietlacz LED","description":"Poznaj JNR Falcon X 18000. Posiada 18 tys. zaci\u0105gni\u0119\u0107, zbiornik o pojemno\u015bci 24 ml, cewk\u0119 Dual Mesh 0,6\u03a9 i inteligentny ekran LED. Hurtowe rabaty i szybka wysy\u0142ka na terenie UE.","robots":{"index":"noindex","follow":"follow","max-snippet":"max-snippet:-1","max-image-preview":"max-image-preview:large","max-video-preview":"max-video-preview:-1"},"og_locale":"pl_PL","og_type":"article","og_title":"JNR Falcon X 18000 Puffs Vape - 0.6\u03a9 Dual Mesh & LED Display","og_description":"Explore the JNR Falcon X 18000. Features 18k puffs, 24mL reservoir, 0.6\u03a9 Dual Mesh coil, and Smart LED screen. Wholesale discounts & fast EU shipping.","og_url":"https:\/\/frivape.com\/pl\/product\/jnr-falcon-x-18000-puffow-vape-z-wyswietlaczem-cyfrowym\/","og_site_name":"frivape | Online Vape Store - Best Vapes, Mods &amp; Disposable Kits","article_modified_time":"2026-04-12T07:43:25+00:00","og_image":[{"width":1000,"height":1000,"url":"https:\/\/frivape.com\/wp-content\/uploads\/2026\/04\/jnr-falon-x-18000-puffs-24hvape-jnr-falon-x-18000-puffs-sleek-vape-jnr-falon-x-18000-puffs-home-page-picture.jpg.webp","type":"image\/webp"}],"twitter_card":"summary_large_image","twitter_misc":{"Szacowany czas czytania":"3 minuty"},"schema":{"@context":"https:\/\/schema.org","@graph":[{"@type":"WebPage","@id":"https:\/\/frivape.com\/product\/jnr-falcon-x-18000-puffs-digital-display-vape\/","url":"https:\/\/frivape.com\/product\/jnr-falcon-x-18000-puffs-digital-display-vape\/","name":"JNR Falcon X 18000 Puffs Vape - 0,6\u03a9 Dual Mesh i wy\u015bwietlacz LED","isPartOf":{"@id":"https:\/\/frivape.com\/#website"},"primaryImageOfPage":{"@id":"https:\/\/frivape.com\/product\/jnr-falcon-x-18000-puffs-digital-display-vape\/#primaryimage"},"image":{"@id":"https:\/\/frivape.com\/product\/jnr-falcon-x-18000-puffs-digital-display-vape\/#primaryimage"},"thumbnailUrl":"https:\/\/frivape.com\/wp-content\/uploads\/2026\/04\/jnr-falon-x-18000-puffs-24hvape-jnr-falon-x-18000-puffs-sleek-vape-jnr-falon-x-18000-puffs-home-page-picture.jpg.webp","datePublished":"2026-04-12T07:35:49+00:00","dateModified":"2026-04-12T07:43:25+00:00","description":"Poznaj JNR Falcon X 18000. Posiada 18 tys. zaci\u0105gni\u0119\u0107, zbiornik o pojemno\u015bci 24 ml, cewk\u0119 Dual Mesh 0,6\u03a9 i inteligentny ekran LED. Hurtowe rabaty i szybka wysy\u0142ka na terenie UE.","breadcrumb":{"@id":"https:\/\/frivape.com\/product\/jnr-falcon-x-18000-puffs-digital-display-vape\/#breadcrumb"},"inLanguage":"pl-PL","potentialAction":[{"@type":"ReadAction","target":["https:\/\/frivape.com\/product\/jnr-falcon-x-18000-puffs-digital-display-vape\/"]}]},{"@type":"ImageObject","inLanguage":"pl-PL","@id":"https:\/\/frivape.com\/product\/jnr-falcon-x-18000-puffs-digital-display-vape\/#primaryimage","url":"https:\/\/frivape.com\/wp-content\/uploads\/2026\/04\/jnr-falon-x-18000-puffs-24hvape-jnr-falon-x-18000-puffs-sleek-vape-jnr-falon-x-18000-puffs-home-page-picture.jpg.webp","contentUrl":"https:\/\/frivape.com\/wp-content\/uploads\/2026\/04\/jnr-falon-x-18000-puffs-24hvape-jnr-falon-x-18000-puffs-sleek-vape-jnr-falon-x-18000-puffs-home-page-picture.jpg.webp","width":1000,"height":1000},{"@type":"BreadcrumbList","@id":"https:\/\/frivape.com\/product\/jnr-falcon-x-18000-puffs-digital-display-vape\/#breadcrumb","itemListElement":[{"@type":"ListItem","position":1,"name":"\u9996\u9875","item":"https:\/\/frivape.com\/"},{"@type":"ListItem","position":2,"name":"Shop","item":"https:\/\/frivape.com\/shop\/"},{"@type":"ListItem","position":3,"name":"JNR Falcon X 18000 Puffs Disposable Vape | 0.6\u03a9 Dual Mesh &amp; Digital Display | 24mL"}]},{"@type":"WebSite","@id":"https:\/\/frivape.com\/#website","url":"https:\/\/frivape.com\/","name":"frivape | Internetowy sklep Vape - najlepsze waporyzatory, modemy i zestawy jednorazowe","description":"Sklep frivape, najlepszy internetowy sklep vape z autentycznymi modami, jednorazowymi waporyzatorami i najwy\u017cszej jako\u015bci e-liquidami. Bezpo\u015brednio z Shenzhen z szybk\u0105 wysy\u0142k\u0105 lokaln\u0105 w Europie. Wysoka jako\u015b\u0107 w cenach hurtowych.","publisher":{"@id":"https:\/\/frivape.com\/#organization"},"potentialAction":[{"@type":"SearchAction","target":{"@type":"EntryPoint","urlTemplate":"https:\/\/frivape.com\/?s={search_term_string}"},"query-input":{"@type":"PropertyValueSpecification","valueRequired":true,"valueName":"search_term_string"}}],"inLanguage":"pl-PL"},{"@type":"Organization","@id":"https:\/\/frivape.com\/#organization","name":"frivape | Internetowy sklep Vape - najlepsze waporyzatory, modemy i zestawy jednorazowe","url":"https:\/\/frivape.com\/","logo":{"@type":"ImageObject","inLanguage":"pl-PL","@id":"https:\/\/frivape.com\/#\/schema\/logo\/image\/","url":"https:\/\/frivape.com\/wp-content\/uploads\/2026\/03\/cropped-frivape-site-title-icon.png","contentUrl":"https:\/\/frivape.com\/wp-content\/uploads\/2026\/03\/cropped-frivape-site-title-icon.png","width":470,"height":110,"caption":"frivape | Online Vape Store - Best Vapes, Mods &amp; Disposable Kits"},"image":{"@id":"https:\/\/frivape.com\/#\/schema\/logo\/image\/"}}]}},"tiered_pricing_type":"fixed","tiered_pricing_fixed_rules":{"10":12.39,"50":11.59,"100":10.79,"200":9.99},"tiered_pricing_product_settings":{"layout":"default","base_unit_name":{"singular":null,"plural":null},"default_variation":{}},"tiered_pricing_minimum_quantity":null,"tiered_pricing_roles_data":[],"tiered_pricing_percentage_rules":[],"_links":{"self":[{"href":"https:\/\/frivape.com\/pl\/wp-json\/wp\/v2\/product\/8946","targetHints":{"allow":["GET"]}}],"collection":[{"href":"https:\/\/frivape.com\/pl\/wp-json\/wp\/v2\/product"}],"about":[{"href":"https:\/\/frivape.com\/pl\/wp-json\/wp\/v2\/types\/product"}],"replies":[{"embeddable":true,"href":"https:\/\/frivape.com\/pl\/wp-json\/wp\/v2\/comments?post=8946"}],"wp:featuredmedia":[{"embeddable":true,"href":"https:\/\/frivape.com\/pl\/wp-json\/wp\/v2\/media\/8947"}],"wp:attachment":[{"href":"https:\/\/frivape.com\/pl\/wp-json\/wp\/v2\/media?parent=8946"}],"wp:term":[{"taxonomy":"product_brand","embeddable":true,"href":"https:\/\/frivape.com\/pl\/wp-json\/wp\/v2\/product_brand?post=8946"},{"taxonomy":"product_cat","embeddable":true,"href":"https:\/\/frivape.com\/pl\/wp-json\/wp\/v2\/product_cat?post=8946"},{"taxonomy":"product_tag","embeddable":true,"href":"https:\/\/frivape.com\/pl\/wp-json\/wp\/v2\/product_tag?post=8946"}],"curies":[{"name":"wp","href":"https:\/\/api.w.org\/{rel}","templated":true}]}}