{"id":9050,"date":"2026-04-12T16:00:01","date_gmt":"2026-04-12T08:00:01","guid":{"rendered":"https:\/\/frivape.com\/?post_type=product&#038;p=9050"},"modified":"2026-04-12T16:10:31","modified_gmt":"2026-04-12T08:10:31","slug":"jnr-alien-10000-puffow-rgb-jednorazowe-vape-hurtownia","status":"publish","type":"product","link":"https:\/\/frivape.com\/pl\/product\/jnr-alien-10000-puffow-rgb-jednorazowe-vape-hurtownia\/","title":{"rendered":"JNR Alien 10000 Puffs Jednorazowe Vape | \u015awiat\u0142a LED RGB i cewka siatkowa 1,2\u03a9"},"content":{"rendered":"<h2 class=\"wp-block-heading has-text-align-center\"><strong>Misja JNR: Moc, wydajno\u015b\u0107, odwa\u017cny smak<\/strong><\/h2>\n\n\n\n<p>U podstaw <strong>JNR Alien 10000<\/strong> to zobowi\u0105zanie do osi\u0105gni\u0119cia szczytu in\u017cynierii waporyzacji. Wyprodukowane w samym sercu bran\u017cy (Shenzhen Origin), urz\u0105dzenie to uciele\u015bnia misj\u0119 marki JNR: dostarczanie <strong>Moc, wydajno\u015b\u0107 i wyrazisty smak<\/strong> w kompaktowym, bezobs\u0142ugowym formacie. Alien 10k zosta\u0142 zaprojektowany w celu wyeliminowania typowych frustracji zwi\u0105zanych ze standardowymi urz\u0105dzeniami jednorazowymi - oferuj\u0105c <strong>Pi\u00f3ro do e-papieros\u00f3w z mo\u017cliwo\u015bci\u0105 \u0142adowania<\/strong> kt\u00f3ry utrzymuje szczytow\u0105 wydajno\u015b\u0107 od pierwszego do ostatniego zaci\u0105gni\u0119cia.<\/p>\n\n\n\n<h3 class=\"wp-block-heading\"><strong>Precyzyjna in\u017cynieria MTL i innowacje RGB<\/strong><\/h3>\n\n\n\n<p>Dla tych, kt\u00f3rzy szukaj\u0105 <strong>Najlepsze 10000 Puff Vape 2026<\/strong>, Alien 10k wyr\u00f3\u017cnia si\u0119 swoj\u0105 <strong>Wysokiej jako\u015bci cewka siatkowa 1,2\u03a9<\/strong>. W przeciwie\u0144stwie do cewek ni\u017cszej klasy, ta siatkowa architektura zapewnia r\u00f3wnomierne ogrzewanie, zapobiegaj\u0105c przypaleniom i maksymalizuj\u0105c klarowno\u015b\u0107 ka\u017cdej nuty e-cieczy. Jest to dedykowany <strong>Mouth-to-Lung (MTL)<\/strong> urz\u0105dzenie, zapewniaj\u0105c idealne uderzenie w gard\u0142o zar\u00f3wno dla os\u00f3b w okresie przej\u015bciowym, jak i entuzjast\u00f3w smaku. Zintegrowany <strong>\u015awiat\u0142a LED RGB<\/strong> zapewniaj\u0105 natychmiastow\u0105 wizualn\u0105 informacj\u0119 zwrotn\u0105, \u015bwiec\u0105c podczas u\u017cytkowania i \u0142adowania, dodaj\u0105c warstw\u0119 zaawansowanej technologii do codziennej rutyny.<\/p>\n\n\n\n<h3 class=\"wp-block-heading\"><strong>Przewaga hurtowa i niezawodno\u015b\u0107 hurtowa<\/strong><\/h3>\n\n\n\n<p>Specjalizujemy si\u0119 w <strong>Sprzeda\u017c hurtowa jednorazowych vape z Chin<\/strong>, zapewniaj\u0105c, \u017ce ka\u017cda jednostka JNR Alien spe\u0142nia rygorystyczne standardy kontroli jako\u015bci. Dla partner\u00f3w B2B model ten stanowi produkt o wysokim obrocie ze wzgl\u0119du na sw\u00f3j kultowy design i niezawodn\u0105 bateri\u0119 850 mAh. Wykorzystuj\u0105c nasze <strong>Magazyn UE<\/strong>, Sprzedawcy detaliczni mog\u0105 czerpa\u0107 korzy\u015bci ze zlokalizowanej logistyki, omijaj\u0105c z\u0142o\u017cone przeszkody celne i zapewniaj\u0105c, \u017ce zapasy s\u0105 zawsze gotowe na zapotrzebowanie konsument\u00f3w.<\/p>\n\n\n\n<h3 class=\"wp-block-heading\"><strong>Cz\u0119sto zadawane pytania (FAQ)<\/strong><\/h3>\n\n\n\n<ul class=\"wp-block-list\">\n<li><strong>P: Sk\u0105d mam wiedzie\u0107, kiedy JNR Alien jest pusty?<\/strong> O: Gdy produkcja pary znacz\u0105co spada lub smak zaczyna zanika\u0107, zbiornik o pojemno\u015bci 20 ml jest wyczerpany. \u015awiat\u0142a RGB b\u0119d\u0105 r\u00f3wnie\u017c sygnalizowa\u0107 stan podczas u\u017cytkowania.<\/li>\n\n\n\n<li><strong>P: Czy bateri\u0119 mo\u017cna \u0142adowa\u0107?<\/strong> O: Tak, jest wyposa\u017cony w <strong>Akumulator o pojemno\u015bci 850 mAh<\/strong>. U\u017cyj standardowego kabla typu C, aby przywr\u00f3ci\u0107 zasilanie w oko\u0142o 45-60 minut.<\/li>\n\n\n\n<li><strong>P: Czy oferujecie wysy\u0142k\u0119 DDP dla zakup\u00f3w hurtowych?<\/strong> O: Tak, wszystkie zam\u00f3wienia z naszego <strong>Magazyn UE<\/strong> a wiele mi\u0119dzynarodowych tras hurtowych obejmuje opcje DDP (Delivered Duty Paid), aby zapewni\u0107 brak ukrytych op\u0142at.<\/li>\n<\/ul>\n\n\n\n<h3 class=\"wp-block-heading\"><strong>Ostrze\u017cenie zdrowotne<\/strong><\/h3>\n\n\n\n<p><strong>OSTRZE\u017bENIE:<\/strong> Ten produkt zawiera nikotyn\u0119. Nikotyna jest uzale\u017cniaj\u0105c\u0105 substancj\u0105 chemiczn\u0105. Ten produkt jest przeznaczony wy\u0142\u0105cznie dla os\u00f3b doros\u0142ych w wieku <strong>21+<\/strong> (lub ustawowy wiek palenia w danej jurysdykcji). Nie nadaje si\u0119 do u\u017cytku przez kobiety w ci\u0105\u017cy lub karmi\u0105ce piersi\u0105 oraz osoby z chorobami uk\u0142adu kr\u0105\u017cenia lub uk\u0142adu oddechowego. Urz\u0105dzenie i wszystkie e-liquidy nale\u017cy zawsze przechowywa\u0107 w miejscu niedost\u0119pnym dla dzieci i zwierz\u0105t domowych.<\/p>","protected":false},"excerpt":{"rendered":"<p data-path-to-node=\"8\">Do\u015bwiadcz doskona\u0142ego po\u0142\u0105czenia futurystycznego designu i wysokiej jako\u015bci pary dzi\u0119ki <b data-path-to-node=\"8\" data-index-in-node=\"78\">JNR Alien 10k<\/b>.<\/p>\n<ul data-path-to-node=\"9\">\n<li>\n<p data-path-to-node=\"9,0,0\"><b data-path-to-node=\"9,0,0\" data-index-in-node=\"0\">Ogromna wytrzyma\u0142o\u015b\u0107:<\/b> Do 10 000 zaci\u0105gni\u0119\u0107 ze zbiornika e-liquidu o pojemno\u015bci 20 ml.<\/p>\n<\/li>\n<li>\n<p data-path-to-node=\"9,1,0\"><b data-path-to-node=\"9,1,0\" data-index-in-node=\"0\">Precyzja smaku:<\/b> Siatkowa cewka 1,2\u03a9 zapewnia r\u00f3wnomierne nagrzewanie, zapewniaj\u0105c bogate, wielowarstwowe profile smakowe.<\/p>\n<\/li>\n<li>\n<p data-path-to-node=\"9,2,0\"><b data-path-to-node=\"9,2,0\" data-index-in-node=\"0\">Identyfikacja wizualna:<\/b> Zintegrowane diody LED RGB pulsuj\u0105 podczas aktywacji, zapewniaj\u0105c osza\u0142amiaj\u0105c\u0105 estetyk\u0119.<\/p>\n<\/li>\n<li>\n<p data-path-to-node=\"9,3,0\"><b data-path-to-node=\"9,3,0\" data-index-in-node=\"0\">Niezawodne zasilanie:<\/b> Bateria 850 mAh z szybkim \u0142adowaniem typu C minimalizuje przestoje.<\/p>\n<\/li>\n<li>\n<p data-path-to-node=\"9,4,0\"><b data-path-to-node=\"9,4,0\" data-index-in-node=\"0\">Ergonomiczna przeno\u015bno\u015b\u0107:<\/b> Kompaktowa konstrukcja \u201cAlien\u201d z do\u0142\u0105czonym uchwytem u\u0142atwiaj\u0105cym przenoszenie.<\/p>\n<\/li>\n<li>\n<p data-path-to-node=\"9,5,0\"><b data-path-to-node=\"9,5,0\" data-index-in-node=\"0\">Przewaga logistyczna:<\/b> Dost\u0119pne do natychmiastowej wysy\u0142ki z naszego <b data-path-to-node=\"9,5,0\" data-index-in-node=\"63\">Magazyn UE<\/b> z gwarantowan\u0105 odpraw\u0105 celn\u0105.<\/p>\n<\/li>\n<\/ul>","protected":false},"featured_media":9051,"comment_status":"open","ping_status":"closed","template":"","meta":[],"product_brand":[65],"product_cat":[88,89,81,87,95,85],"product_tag":[75,76,77],"class_list":{"0":"post-9050","1":"product","2":"type-product","3":"status-publish","4":"has-post-thumbnail","6":"product_brand-jnr","7":"product_cat-beverage-soda-vapes","8":"product_cat-candy-sweet-vapes","9":"product_cat-daily-puffs-vapes","10":"product_cat-iced-fruit-vapes","11":"product_cat-mesh-coil-vapes","12":"product_cat-no-nicotine-vape","13":"product_tag-eu-warehouse","14":"product_tag-mtl-vaping","15":"product_tag-recharge","17":"first","18":"instock","19":"sale","20":"shipping-taxable","21":"purchasable","22":"product-type-variable"},"yoast_head":"<!-- This site is optimized with the Yoast SEO plugin v27.1.1 - https:\/\/yoast.com\/product\/yoast-seo-wordpress\/ -->\n<title>JNR Alien 10000 Puffs Disposable Vape | RGB LED &amp; Mesh Coil<\/title>\n<meta name=\"description\" content=\"Shop the JNR Alien 10000 Puffs. Features 20mL capacity, 1.2\u03a9 mesh coil for MTL, and dynamic RGB lights. 0%-5% Nicotine. Fast shipping from EU Warehouse.\" \/>\n<meta name=\"robots\" content=\"noindex, follow, max-snippet:-1, max-image-preview:large, max-video-preview:-1\" \/>\n<meta property=\"og:locale\" content=\"pl_PL\" \/>\n<meta property=\"og:type\" content=\"article\" \/>\n<meta property=\"og:title\" content=\"JNR Alien 10000 Puffs Disposable Vape | RGB LED &amp; Mesh Coil\" \/>\n<meta property=\"og:description\" content=\"Shop the JNR Alien 10000 Puffs. Features 20mL capacity, 1.2\u03a9 mesh coil for MTL, and dynamic RGB lights. 0%-5% Nicotine. Fast shipping from EU Warehouse.\" \/>\n<meta property=\"og:url\" content=\"https:\/\/frivape.com\/pl\/product\/jnr-alien-10000-puffow-rgb-jednorazowe-vape-hurtownia\/\" \/>\n<meta property=\"og:site_name\" content=\"frivape | Online Vape Store - Best Vapes, Mods &amp; Disposable Kits\" \/>\n<meta property=\"article:modified_time\" content=\"2026-04-12T08:10:31+00:00\" \/>\n<meta property=\"og:image\" content=\"https:\/\/frivape.com\/wp-content\/uploads\/2026\/04\/JNR-Alien-10000-Puffs-Disposable-Vape.webp\" \/>\n\t<meta property=\"og:image:width\" content=\"1000\" \/>\n\t<meta property=\"og:image:height\" content=\"1000\" \/>\n\t<meta property=\"og:image:type\" content=\"image\/webp\" \/>\n<meta name=\"twitter:card\" content=\"summary_large_image\" \/>\n<meta name=\"twitter:label1\" content=\"Szacowany czas czytania\" \/>\n\t<meta name=\"twitter:data1\" content=\"2 minuty\" \/>\n<script type=\"application\/ld+json\" class=\"yoast-schema-graph\">{\"@context\":\"https:\/\/schema.org\",\"@graph\":[{\"@type\":\"WebPage\",\"@id\":\"https:\/\/frivape.com\/product\/jnr-alien-10000-puffs-rgb-disposable-vape-wholesale\/\",\"url\":\"https:\/\/frivape.com\/product\/jnr-alien-10000-puffs-rgb-disposable-vape-wholesale\/\",\"name\":\"JNR Alien 10000 Puffs Disposable Vape | RGB LED & Mesh Coil\",\"isPartOf\":{\"@id\":\"https:\/\/frivape.com\/#website\"},\"primaryImageOfPage\":{\"@id\":\"https:\/\/frivape.com\/product\/jnr-alien-10000-puffs-rgb-disposable-vape-wholesale\/#primaryimage\"},\"image\":{\"@id\":\"https:\/\/frivape.com\/product\/jnr-alien-10000-puffs-rgb-disposable-vape-wholesale\/#primaryimage\"},\"thumbnailUrl\":\"https:\/\/frivape.com\/wp-content\/uploads\/2026\/04\/JNR-Alien-10000-Puffs-Disposable-Vape.webp\",\"datePublished\":\"2026-04-12T08:00:01+00:00\",\"dateModified\":\"2026-04-12T08:10:31+00:00\",\"description\":\"Shop the JNR Alien 10000 Puffs. Features 20mL capacity, 1.2\u03a9 mesh coil for MTL, and dynamic RGB lights. 0%-5% Nicotine. Fast shipping from EU Warehouse.\",\"breadcrumb\":{\"@id\":\"https:\/\/frivape.com\/product\/jnr-alien-10000-puffs-rgb-disposable-vape-wholesale\/#breadcrumb\"},\"inLanguage\":\"pl-PL\",\"potentialAction\":[{\"@type\":\"ReadAction\",\"target\":[\"https:\/\/frivape.com\/product\/jnr-alien-10000-puffs-rgb-disposable-vape-wholesale\/\"]}]},{\"@type\":\"ImageObject\",\"inLanguage\":\"pl-PL\",\"@id\":\"https:\/\/frivape.com\/product\/jnr-alien-10000-puffs-rgb-disposable-vape-wholesale\/#primaryimage\",\"url\":\"https:\/\/frivape.com\/wp-content\/uploads\/2026\/04\/JNR-Alien-10000-Puffs-Disposable-Vape.webp\",\"contentUrl\":\"https:\/\/frivape.com\/wp-content\/uploads\/2026\/04\/JNR-Alien-10000-Puffs-Disposable-Vape.webp\",\"width\":1000,\"height\":1000},{\"@type\":\"BreadcrumbList\",\"@id\":\"https:\/\/frivape.com\/product\/jnr-alien-10000-puffs-rgb-disposable-vape-wholesale\/#breadcrumb\",\"itemListElement\":[{\"@type\":\"ListItem\",\"position\":1,\"name\":\"\u9996\u9875\",\"item\":\"https:\/\/frivape.com\/\"},{\"@type\":\"ListItem\",\"position\":2,\"name\":\"Shop\",\"item\":\"https:\/\/frivape.com\/shop\/\"},{\"@type\":\"ListItem\",\"position\":3,\"name\":\"JNR Alien 10000 Puffs Disposable Vape | RGB LED Lights &amp; 1.2\u03a9 Mesh Coil\"}]},{\"@type\":\"WebSite\",\"@id\":\"https:\/\/frivape.com\/#website\",\"url\":\"https:\/\/frivape.com\/\",\"name\":\"frivape | Online Vape Store - Best Vapes, Mods &amp; Disposable Kits\",\"description\":\"Shop frivape, your premier online vape shop for authentic mods, disposable vapes, and premium e-liquids. Direct from Shenzhen with fast Europe local shipping. High quality at wholesale prices.\",\"publisher\":{\"@id\":\"https:\/\/frivape.com\/#organization\"},\"potentialAction\":[{\"@type\":\"SearchAction\",\"target\":{\"@type\":\"EntryPoint\",\"urlTemplate\":\"https:\/\/frivape.com\/?s={search_term_string}\"},\"query-input\":{\"@type\":\"PropertyValueSpecification\",\"valueRequired\":true,\"valueName\":\"search_term_string\"}}],\"inLanguage\":\"pl-PL\"},{\"@type\":\"Organization\",\"@id\":\"https:\/\/frivape.com\/#organization\",\"name\":\"frivape | Online Vape Store - Best Vapes, Mods &amp; Disposable Kits\",\"url\":\"https:\/\/frivape.com\/\",\"logo\":{\"@type\":\"ImageObject\",\"inLanguage\":\"pl-PL\",\"@id\":\"https:\/\/frivape.com\/#\/schema\/logo\/image\/\",\"url\":\"https:\/\/frivape.com\/wp-content\/uploads\/2026\/03\/cropped-frivape-site-title-icon.png\",\"contentUrl\":\"https:\/\/frivape.com\/wp-content\/uploads\/2026\/03\/cropped-frivape-site-title-icon.png\",\"width\":470,\"height\":110,\"caption\":\"frivape | Online Vape Store - Best Vapes, Mods &amp; Disposable Kits\"},\"image\":{\"@id\":\"https:\/\/frivape.com\/#\/schema\/logo\/image\/\"}}]}<\/script>\n<!-- \/ Yoast SEO plugin. -->","yoast_head_json":{"title":"JNR Alien 10000 Puffs Jednorazowe Vape | RGB LED i cewka siatkowa","description":"Kup JNR Alien 10000 Puffs. Posiada pojemno\u015b\u0107 20 ml, cewk\u0119 siatkow\u0105 1,2 \u03a9 do MTL i dynamiczne o\u015bwietlenie RGB. Nikotyna 0%-5%. Szybka wysy\u0142ka z magazynu w UE.","robots":{"index":"noindex","follow":"follow","max-snippet":"max-snippet:-1","max-image-preview":"max-image-preview:large","max-video-preview":"max-video-preview:-1"},"og_locale":"pl_PL","og_type":"article","og_title":"JNR Alien 10000 Puffs Disposable Vape | RGB LED & Mesh Coil","og_description":"Shop the JNR Alien 10000 Puffs. Features 20mL capacity, 1.2\u03a9 mesh coil for MTL, and dynamic RGB lights. 0%-5% Nicotine. Fast shipping from EU Warehouse.","og_url":"https:\/\/frivape.com\/pl\/product\/jnr-alien-10000-puffow-rgb-jednorazowe-vape-hurtownia\/","og_site_name":"frivape | Online Vape Store - Best Vapes, Mods &amp; Disposable Kits","article_modified_time":"2026-04-12T08:10:31+00:00","og_image":[{"width":1000,"height":1000,"url":"https:\/\/frivape.com\/wp-content\/uploads\/2026\/04\/JNR-Alien-10000-Puffs-Disposable-Vape.webp","type":"image\/webp"}],"twitter_card":"summary_large_image","twitter_misc":{"Szacowany czas czytania":"2 minuty"},"schema":{"@context":"https:\/\/schema.org","@graph":[{"@type":"WebPage","@id":"https:\/\/frivape.com\/product\/jnr-alien-10000-puffs-rgb-disposable-vape-wholesale\/","url":"https:\/\/frivape.com\/product\/jnr-alien-10000-puffs-rgb-disposable-vape-wholesale\/","name":"JNR Alien 10000 Puffs Jednorazowe Vape | RGB LED i cewka siatkowa","isPartOf":{"@id":"https:\/\/frivape.com\/#website"},"primaryImageOfPage":{"@id":"https:\/\/frivape.com\/product\/jnr-alien-10000-puffs-rgb-disposable-vape-wholesale\/#primaryimage"},"image":{"@id":"https:\/\/frivape.com\/product\/jnr-alien-10000-puffs-rgb-disposable-vape-wholesale\/#primaryimage"},"thumbnailUrl":"https:\/\/frivape.com\/wp-content\/uploads\/2026\/04\/JNR-Alien-10000-Puffs-Disposable-Vape.webp","datePublished":"2026-04-12T08:00:01+00:00","dateModified":"2026-04-12T08:10:31+00:00","description":"Kup JNR Alien 10000 Puffs. Posiada pojemno\u015b\u0107 20 ml, cewk\u0119 siatkow\u0105 1,2 \u03a9 do MTL i dynamiczne o\u015bwietlenie RGB. Nikotyna 0%-5%. Szybka wysy\u0142ka z magazynu w UE.","breadcrumb":{"@id":"https:\/\/frivape.com\/product\/jnr-alien-10000-puffs-rgb-disposable-vape-wholesale\/#breadcrumb"},"inLanguage":"pl-PL","potentialAction":[{"@type":"ReadAction","target":["https:\/\/frivape.com\/product\/jnr-alien-10000-puffs-rgb-disposable-vape-wholesale\/"]}]},{"@type":"ImageObject","inLanguage":"pl-PL","@id":"https:\/\/frivape.com\/product\/jnr-alien-10000-puffs-rgb-disposable-vape-wholesale\/#primaryimage","url":"https:\/\/frivape.com\/wp-content\/uploads\/2026\/04\/JNR-Alien-10000-Puffs-Disposable-Vape.webp","contentUrl":"https:\/\/frivape.com\/wp-content\/uploads\/2026\/04\/JNR-Alien-10000-Puffs-Disposable-Vape.webp","width":1000,"height":1000},{"@type":"BreadcrumbList","@id":"https:\/\/frivape.com\/product\/jnr-alien-10000-puffs-rgb-disposable-vape-wholesale\/#breadcrumb","itemListElement":[{"@type":"ListItem","position":1,"name":"\u9996\u9875","item":"https:\/\/frivape.com\/"},{"@type":"ListItem","position":2,"name":"Shop","item":"https:\/\/frivape.com\/shop\/"},{"@type":"ListItem","position":3,"name":"JNR Alien 10000 Puffs Disposable Vape | RGB LED Lights &amp; 1.2\u03a9 Mesh Coil"}]},{"@type":"WebSite","@id":"https:\/\/frivape.com\/#website","url":"https:\/\/frivape.com\/","name":"frivape | Internetowy sklep Vape - najlepsze waporyzatory, modemy i zestawy jednorazowe","description":"Sklep frivape, najlepszy internetowy sklep vape z autentycznymi modami, jednorazowymi waporyzatorami i najwy\u017cszej jako\u015bci e-liquidami. Bezpo\u015brednio z Shenzhen z szybk\u0105 wysy\u0142k\u0105 lokaln\u0105 w Europie. Wysoka jako\u015b\u0107 w cenach hurtowych.","publisher":{"@id":"https:\/\/frivape.com\/#organization"},"potentialAction":[{"@type":"SearchAction","target":{"@type":"EntryPoint","urlTemplate":"https:\/\/frivape.com\/?s={search_term_string}"},"query-input":{"@type":"PropertyValueSpecification","valueRequired":true,"valueName":"search_term_string"}}],"inLanguage":"pl-PL"},{"@type":"Organization","@id":"https:\/\/frivape.com\/#organization","name":"frivape | Internetowy sklep Vape - najlepsze waporyzatory, modemy i zestawy jednorazowe","url":"https:\/\/frivape.com\/","logo":{"@type":"ImageObject","inLanguage":"pl-PL","@id":"https:\/\/frivape.com\/#\/schema\/logo\/image\/","url":"https:\/\/frivape.com\/wp-content\/uploads\/2026\/03\/cropped-frivape-site-title-icon.png","contentUrl":"https:\/\/frivape.com\/wp-content\/uploads\/2026\/03\/cropped-frivape-site-title-icon.png","width":470,"height":110,"caption":"frivape | Online Vape Store - Best Vapes, Mods &amp; Disposable Kits"},"image":{"@id":"https:\/\/frivape.com\/#\/schema\/logo\/image\/"}}]}},"tiered_pricing_type":"fixed","tiered_pricing_fixed_rules":{"10":11.66,"50":10.66,"100":9.66,"200":8.66},"tiered_pricing_product_settings":{"layout":"default","base_unit_name":{"singular":null,"plural":null},"default_variation":{}},"tiered_pricing_minimum_quantity":null,"tiered_pricing_roles_data":[],"tiered_pricing_percentage_rules":[],"_links":{"self":[{"href":"https:\/\/frivape.com\/pl\/wp-json\/wp\/v2\/product\/9050","targetHints":{"allow":["GET"]}}],"collection":[{"href":"https:\/\/frivape.com\/pl\/wp-json\/wp\/v2\/product"}],"about":[{"href":"https:\/\/frivape.com\/pl\/wp-json\/wp\/v2\/types\/product"}],"replies":[{"embeddable":true,"href":"https:\/\/frivape.com\/pl\/wp-json\/wp\/v2\/comments?post=9050"}],"wp:featuredmedia":[{"embeddable":true,"href":"https:\/\/frivape.com\/pl\/wp-json\/wp\/v2\/media\/9051"}],"wp:attachment":[{"href":"https:\/\/frivape.com\/pl\/wp-json\/wp\/v2\/media?parent=9050"}],"wp:term":[{"taxonomy":"product_brand","embeddable":true,"href":"https:\/\/frivape.com\/pl\/wp-json\/wp\/v2\/product_brand?post=9050"},{"taxonomy":"product_cat","embeddable":true,"href":"https:\/\/frivape.com\/pl\/wp-json\/wp\/v2\/product_cat?post=9050"},{"taxonomy":"product_tag","embeddable":true,"href":"https:\/\/frivape.com\/pl\/wp-json\/wp\/v2\/product_tag?post=9050"}],"curies":[{"name":"wp","href":"https:\/\/api.w.org\/{rel}","templated":true}]}}