{"id":9236,"date":"2026-04-16T00:40:44","date_gmt":"2026-04-15T16:40:44","guid":{"rendered":"https:\/\/frivape.com\/?post_type=product&#038;p=9236"},"modified":"2026-04-16T00:50:47","modified_gmt":"2026-04-15T16:50:47","slug":"fumot-50k-eco-2w1-50000-puffow-jednorazowy-vape","status":"publish","type":"product","link":"https:\/\/frivape.com\/pl\/product\/fumot-50k-eco-2w1-50000-puffow-jednorazowy-vape\/","title":{"rendered":"Fumot ECO 2w1 50000 Puffs Jednorazowy Vape | Zbiornik o dw\u00f3ch smakach | Inteligentny wy\u015bwietlacz i RGB"},"content":{"rendered":"<h3 class=\"wp-block-heading\"><strong>Fumot: Vaping Made Smarter<\/strong><\/h3>\n\n\n\n<p><strong>Fumot<\/strong> to wiod\u0105ca marka technologiczna, kt\u00f3rej celem jest tworzenie najlepszych wra\u017ce\u0144 z waporyzacji. Jako g\u0142\u00f3wna marka stoj\u0105ca za kultowymi <strong>RandM Tornado<\/strong> seria, Fumot nadal przesuwa granice z <strong>Fumot ECO 2w1 50000<\/strong>. Urz\u0105dzenie to uosabia koncentracj\u0119 marki na odwa\u017cnej estetyce i rygorystycznej kontroli jako\u015bci, zapewniaj\u0105c wysokowydajn\u0105 alternatyw\u0119 dla tradycyjnego palenia dla doros\u0142ych entuzjast\u00f3w w ponad 60 krajach.<\/p>\n\n\n\n<h3 class=\"wp-block-heading\"><strong>Podw\u00f3jny smak, podw\u00f3jna satysfakcja<\/strong><\/h3>\n\n\n\n<p>Cech\u0105 wyr\u00f3\u017cniaj\u0105c\u0105 Fumot 50k jest jego <strong>System podw\u00f3jnego zbiornika 10 ml + 10 ml<\/strong>. Po co zadowala\u0107 si\u0119 jednym smakiem, skoro mo\u017cna mie\u0107 dwa? Wykorzystuj\u0105c fizyczny prze\u0142\u0105cznik, mo\u017cna natychmiast prze\u0142\u0105cza\u0107 si\u0119 mi\u0119dzy uzupe\u0142niaj\u0105cymi si\u0119 profilami smakowymi. System ten zapobiega \u201cj\u0119zykowi wapera\u201d i zapewnia, \u017ce <strong>Cewka o oczkach 0,9\u03a9<\/strong> zapewnia \u015bwie\u017ce, intensywne doznania przy ka\u017cdym wdechu. Jest idealny <strong>Pi\u00f3ro do e-papieros\u00f3w z mo\u017cliwo\u015bci\u0105 \u0142adowania<\/strong> dla tych, kt\u00f3rzy szukaj\u0105 <strong>Sprzeda\u017c hurtowa jednorazowych vape z Chin<\/strong> z unikalnym punktem sprzeda\u017cy.<\/p>\n\n\n\n<h3 class=\"wp-block-heading\"><strong>Inteligentne sterowanie i opalizuj\u0105ca estetyka<\/strong><\/h3>\n\n\n\n<p>Zachowaj kontrol\u0119 dzi\u0119ki wysokiej rozdzielczo\u015bci <strong>Inteligentny ekran wy\u015bwietlacza<\/strong>, kt\u00f3ry zapewnia aktualizacje w czasie rzeczywistym na temat stanu baterii 950 mAh i oleju. Urz\u0105dzenie jest nie tylko inteligentne, ale i stylowe. Podpis <strong>Opalizuj\u0105ce dynamiczne o\u015bwietlenie<\/strong> pulsuje podczas u\u017cytkowania, czyni\u0105c Fumot ECO 2w1 wizualnym arcydzie\u0142em. Zaprojektowany dla wyrafinowanego <strong>MTL (Mouth-to-Lung)<\/strong> do <strong>RDL (Restricted Direct Lung)<\/strong> Dzi\u0119ki temu ka\u017cde zaci\u0105gni\u0119cie jest g\u0142adkie i satysfakcjonuj\u0105ce.<\/p>\n\n\n\n<h3 class=\"wp-block-heading\"><strong>Polecane kombinacje smak\u00f3w: Podr\u00f3\u017c dw\u00f3ch zmys\u0142\u00f3w<\/strong><\/h3>\n\n\n\n<p>The <strong>Fumot ECO 2w1 50000<\/strong> ma na celu wyeliminowanie \u201czm\u0119czenia smakiem\u201d. Dzi\u0119ki naszym 24 starannie dobranym parom mo\u017cesz prze\u0142\u0105cza\u0107 si\u0119 mi\u0119dzy nastrojami, porami roku lub zachciankami za pomoc\u0105 prostego prze\u0142\u0105cznika.<\/p>\n\n\n\n<ul class=\"wp-block-list\">\n<li><strong>01. Black Mamba &amp; Mr Blue:<\/strong> Tajemnicza mieszanka ciemnych jag\u00f3d z dzik\u0105 nut\u0105 w po\u0142\u0105czeniu ze s\u0142ynn\u0105 na ca\u0142ym \u015bwiecie mieszank\u0105 niebieskich owoc\u00f3w.<\/li>\n\n\n\n<li><strong>02. Black Ice &amp; Grape Ice:<\/strong> Intensywne je\u017cyny z mia\u017cd\u017c\u0105cym mentolowym finiszem \u0142\u0105cz\u0105 si\u0119 z dojrza\u0142ymi w s\u0142o\u0144cu, s\u0142odko-fioletowymi winogronami.<\/li>\n\n\n\n<li><strong>03. Peach Ice &amp; White Mamba:<\/strong> Aksamitnie g\u0142adkie brzoskwinie sch\u0142odzone do perfekcji wraz z tajemnicz\u0105, kremow\u0105 mieszank\u0105 owoc\u00f3w egzotycznych.<\/li>\n\n\n\n<li><strong>04. Lady Killer &amp; Love 66:<\/strong> Dwa legendarne profile inspirowane shish\u0105 - \u0142\u0105cz\u0105ce s\u0142odkie melony, marakuj\u0119 i nut\u0119 mi\u0119ty.<\/li>\n\n\n\n<li><strong>05. Blueberry Hubba Bubba &amp; Watermelon Hubba Bubba:<\/strong> Nostalgiczny powr\u00f3t do dzieci\u0144stwa dzi\u0119ki klasycznym, soczystym profilom gumy balonowej.<\/li>\n\n\n\n<li><strong>06. Grape Gummy Bear &amp; Strawberry Gummy Bear:<\/strong> Cukierki do \u017cucia, inspirowane \u017celatyn\u0105, z g\u0142\u0119bokim winogronem i jaskrawoczerwon\u0105 truskawk\u0105.<\/li>\n\n\n\n<li><strong>07. Kwa\u015bne jab\u0142ko i soczysta brzoskwinia:<\/strong> Doskona\u0142y kontrast mi\u0119dzy cierpkimi jab\u0142kami Granny Smith i soczystymi, sk\u0105panymi w s\u0142o\u0144cu brzoskwiniami.<\/li>\n\n\n\n<li><strong>08. Fanta &amp; Cola Ice:<\/strong> Duet napoj\u00f3w gazowanych, kt\u00f3ry na\u015bladuje ulubione sch\u0142odzone napoje gazowane, zapewniaj\u0105c orze\u017awiaj\u0105cy aromat przez ca\u0142y dzie\u0144.<\/li>\n\n\n\n<li><strong>09. Gummy Bear &amp; Skittles:<\/strong> T\u0119cza owocowych smak\u00f3w cukierk\u00f3w, kt\u00f3re zaspokoj\u0105 ka\u017cdy apetyt na s\u0142odycze z ka\u017cdym zaci\u0105gni\u0119ciem.<\/li>\n\n\n\n<li><strong>10. Cactus Ice &amp; Cactus Kiwi:<\/strong> Wyj\u0105tkowe, nawil\u017caj\u0105ce nuty kaktusa w po\u0142\u0105czeniu z ostrym kiwi zapewniaj\u0105 wyrafinowane, lekko cierpkie doznania.<\/li>\n\n\n\n<li><strong>11. Brzoskwinia, mango, arbuz i pina colada:<\/strong> Tropikalna ucieczka \u0142\u0105cz\u0105ca trzy soczyste giganty z kremowym, kokosowo-ananasowym wakacyjnym klimatem.<\/li>\n\n\n\n<li><strong>12. Cherry Ice &amp; Blue Razz Cherry:<\/strong> G\u0142\u0119boka, ciemna wi\u015bnia mentolowa kontra niebieska wi\u015bnia malinowa o wysokim napi\u0119ciu.<\/li>\n\n\n\n<li><strong>13. Cool Mint &amp; Watermelon Ice:<\/strong> Standard dla \u015bwie\u017co\u015bci - ostra, chrupi\u0105ca mi\u0119ta pieprzowa w po\u0142\u0105czeniu z ulubionym letnim owocem nawil\u017caj\u0105cym.<\/li>\n\n\n\n<li><strong>14. Lemon &amp; Lime &amp; Strawberry Watermelon:<\/strong> Pikantne, cytrusowe orze\u017awienie z jednej strony; s\u0142odka harmonia czerwonych owoc\u00f3w z drugiej.<\/li>\n\n\n\n<li><strong>15. R\u00f3\u017cowa lemoniada i kwa\u015bne cukierki:<\/strong> Cierpka, pikantna lemoniada zr\u00f3wnowa\u017cona pysznym, kwa\u015bnym, cukierkowym finiszem.<\/li>\n\n\n\n<li><strong>16. Vimto &amp; Watermelon Bubblegum:<\/strong> Klasyczny profil brytyjskiego napoju jagodowego \u0142\u0105czy si\u0119 z soczyst\u0105, trwa\u0142\u0105 gum\u0105 arbuzow\u0105.<\/li>\n\n\n\n<li><strong>17. Banana Ice i Black Dragon Ice:<\/strong> Kremowe, mro\u017cone banany kontrastuj\u0105 z egzotycznym, ciemnym smoczym owocem i jagodowym ch\u0142odem.<\/li>\n\n\n\n<li><strong>18. Blue Razz Gummy Bear &amp; Blue Razz Ice Pop:<\/strong> Dwa sposoby na cieszenie si\u0119 niebieskim razzem - jeden do \u017cucia i przypominaj\u0105cy cukierki, drugi lodowaty i rewitalizuj\u0105cy.<\/li>\n\n\n\n<li><strong>19. Ice Pop &amp; Kiwi Passion Fruit Guava:<\/strong> Nostalgiczny czerwono-bia\u0142o-niebieski popsicle w po\u0142\u0105czeniu z najlepsz\u0105 tropikaln\u0105 \u201cTr\u00f3jc\u0105\u201d.\u201d<\/li>\n\n\n\n<li><strong>20. Strawberry Ice &amp; Huckleberry:<\/strong> Znajome s\u0142odkie truskawki na lodzie spotykaj\u0105 si\u0119 z rzadkimi, cierpkimi i dzikimi nutami bor\u00f3wki brusznicy.<\/li>\n\n\n\n<li><strong>21. Mieszane jagody i lemoniada Blue Razz:<\/strong> Eksplozja owoc\u00f3w le\u015bnych z jednej strony, z pikantn\u0105, elektrycznie niebiesk\u0105 lemoniad\u0105 z drugiej.<\/li>\n\n\n\n<li><strong>22. Red Bull Ice i Blueberry Peach Ice:<\/strong> Energetyzuj\u0105cy \u201cnap\u00f3j\u201d w po\u0142\u0105czeniu z g\u0142adk\u0105, owocow\u0105 mieszank\u0105 mentolu.<\/li>\n\n\n\n<li><strong>23. Truskawka Kiwi &amp; Jagoda Kwa\u015bna Malina:<\/strong> Najpopularniejsze po\u0142\u0105czenia owoc\u00f3w na \u015bwiecie, dopracowane pod k\u0105tem cewki z oczkiem 0,9\u03a9.<\/li>\n\n\n\n<li><strong>24. Cola Lemon &amp; Pineapple Lemon Green Apple:<\/strong> Wyrafinowana cytrusowa cola kontra ostre, pikantne trio ananasa, cytryny i zielonego jab\u0142ka.<\/li>\n<\/ul>\n\n\n\n<h4 class=\"wp-block-heading\"><strong>FAQ<\/strong><\/h4>\n\n\n\n<ul class=\"wp-block-list\">\n<li><strong>P: Jak prze\u0142\u0105cza\u0107 si\u0119 mi\u0119dzy tymi dwoma smakami?<\/strong> O: Urz\u0105dzenie jest wyposa\u017cone w r\u0119czny prze\u0142\u0105cznik lub mechanizm przyciskowy, kt\u00f3ry przekierowuje przep\u0142yw powietrza i aktywacj\u0119 cewki do wybranego zbiornika o pojemno\u015bci 10 ml.<\/li>\n\n\n\n<li><strong>P: Czy liczba 50 000 puff\u00f3w jest gwarantowana?<\/strong> O: Tak, dzi\u0119ki zastosowaniu modu\u0142owego systemu o pojemno\u015bci 24 ml i wydajno\u015bci w trybie ECO, urz\u0105dzenie jest zbudowane tak, aby osi\u0105gn\u0105\u0107 swoj\u0105 znamionow\u0105 pojemno\u015b\u0107 podczas normalnego u\u017cytkowania.<\/li>\n\n\n\n<li><strong>P: Jakie s\u0105 korzy\u015bci z kupowania w EU Warehouse?<\/strong> Oferujemy wysy\u0142k\u0119 w ci\u0105gu 1-3 dni na terenie Europy, zerowe op\u0142aty celne i gwarantowan\u0105 dostaw\u0119 dla naszych partner\u00f3w hurtowych.<\/li>\n<\/ul>\n\n\n\n<h3 class=\"wp-block-heading\"><strong>Ostrze\u017cenie zdrowotne<\/strong><\/h3>\n\n\n\n<p><strong>OSTRZE\u017bENIE:<\/strong> Ten produkt zawiera nikotyn\u0119. Nikotyna jest uzale\u017cniaj\u0105c\u0105 substancj\u0105 chemiczn\u0105. Ten produkt jest przeznaczony wy\u0142\u0105cznie dla os\u00f3b doros\u0142ych <strong>(powy\u017cej 21 lat)<\/strong>. Nie stosowa\u0107 u kobiet w ci\u0105\u017cy lub karmi\u0105cych piersi\u0105 oraz u os\u00f3b z chorobami serca lub uk\u0142adu oddechowego. Przechowywa\u0107 poza zasi\u0119giem dzieci i zwierz\u0105t domowych.<\/p>\n\n\n\n<p><\/p>","protected":false},"excerpt":{"rendered":"<ul>\n<li>\n<p data-path-to-node=\"7,0,0\"><b data-path-to-node=\"7,0,0\" data-index-in-node=\"0\">Innowacyjny podw\u00f3jny smak:<\/b> E-p\u0142yn o \u0142\u0105cznej pojemno\u015bci 20 ml (10 ml + 10 ml) z natychmiastowym prze\u0142\u0105cznikiem smaku.<\/p>\n<\/li>\n<li>\n<p data-path-to-node=\"7,1,0\"><b data-path-to-node=\"7,1,0\" data-index-in-node=\"0\">Ekstremalna d\u0142ugowieczno\u015b\u0107:<\/b> Do 50 000 zaci\u0105gni\u0119\u0107 dzi\u0119ki zarz\u0105dzaniu energi\u0105 w trybie ECO.<\/p>\n<\/li>\n<li>\n<p data-path-to-node=\"7,2,0\"><b data-path-to-node=\"7,2,0\" data-index-in-node=\"0\">Inteligentne monitorowanie:<\/b> Inteligentny ekran o wysokiej rozdzielczo\u015bci \u015bledzi poziom na\u0142adowania akumulatora % i oleju.<\/p>\n<\/li>\n<li>\n<p data-path-to-node=\"7,3,0\"><b data-path-to-node=\"7,3,0\" data-index-in-node=\"0\">Wydajno\u015b\u0107 siatki:<\/b> Siatkowa cewka 0,9\u03a9 zapewnia szybkie nagrzewanie i intensywny smak.<\/p>\n<\/li>\n<li>\n<p data-path-to-node=\"7,4,0\"><b data-path-to-node=\"7,4,0\" data-index-in-node=\"0\">Wizualizacje premium:<\/b> Opalizuj\u0105ce, dynamiczne o\u015bwietlenie RGB zapewnia wyrafinowan\u0105 estetyk\u0119.<\/p>\n<\/li>\n<li>\n<p data-path-to-node=\"7,5,0\"><b data-path-to-node=\"7,5,0\" data-index-in-node=\"0\">Logistyka B2B:<\/b> Dost\u0119pne w naszym magazynie <b data-path-to-node=\"7,5,0\" data-index-in-node=\"30\">Magazyn UE<\/b> z dostaw\u0105 w ci\u0105gu 1-3 dni w ca\u0142ej Europie.<\/p>\n<\/li>\n<\/ul>","protected":false},"featured_media":9237,"comment_status":"open","ping_status":"closed","template":"","meta":[],"product_brand":[62],"product_cat":[88,82,89,87,95],"product_tag":[75,76,93,77,79],"class_list":{"0":"post-9236","1":"product","2":"type-product","3":"status-publish","4":"has-post-thumbnail","6":"product_brand-fumot","7":"product_cat-beverage-soda-vapes","8":"product_cat-big-puffs-vapes","9":"product_cat-candy-sweet-vapes","10":"product_cat-iced-fruit-vapes","11":"product_cat-mesh-coil-vapes","12":"product_tag-eu-warehouse","13":"product_tag-mtl-vaping","14":"product_tag-rdl-vaping","15":"product_tag-recharge","16":"product_tag-smart-screen-display","18":"first","19":"instock","20":"sale","21":"shipping-taxable","22":"purchasable","23":"product-type-variable"},"yoast_head":"<!-- This site is optimized with the Yoast SEO plugin v27.1.1 - https:\/\/yoast.com\/product\/yoast-seo-wordpress\/ -->\n<title>Fumot 50k ECO 2in1 50000 Puffs Vape | Dual Flavor &amp; Smart Screen<\/title>\n<meta name=\"description\" content=\"Experience the Fumot 50k ECO 2in1. 50,000 puffs, dual-tank (10ml+10ml) flavor switching, 0.9\u03a9 mesh coil, and Smart Display. Fast EU Warehouse wholesale.\" \/>\n<meta name=\"robots\" content=\"noindex, follow, max-snippet:-1, max-image-preview:large, max-video-preview:-1\" \/>\n<meta property=\"og:locale\" content=\"pl_PL\" \/>\n<meta property=\"og:type\" content=\"article\" \/>\n<meta property=\"og:title\" content=\"Fumot 50k ECO 2in1 50000 Puffs Vape | Dual Flavor &amp; Smart Screen\" \/>\n<meta property=\"og:description\" content=\"Experience the Fumot 50k ECO 2in1. 50,000 puffs, dual-tank (10ml+10ml) flavor switching, 0.9\u03a9 mesh coil, and Smart Display. Fast EU Warehouse wholesale.\" \/>\n<meta property=\"og:url\" content=\"https:\/\/frivape.com\/pl\/product\/fumot-50k-eco-2w1-50000-puffow-jednorazowy-vape\/\" \/>\n<meta property=\"og:site_name\" content=\"frivape | Online Vape Store - Best Vapes, Mods &amp; Disposable Kits\" \/>\n<meta property=\"article:modified_time\" content=\"2026-04-15T16:50:47+00:00\" \/>\n<meta property=\"og:image\" content=\"https:\/\/frivape.com\/wp-content\/uploads\/2026\/04\/Fumot-50k-ECO-2in1-50000-Fanta-Cola-ice-4-800x800-1.webp\" \/>\n\t<meta property=\"og:image:width\" content=\"800\" \/>\n\t<meta property=\"og:image:height\" content=\"800\" \/>\n\t<meta property=\"og:image:type\" content=\"image\/webp\" \/>\n<meta name=\"twitter:card\" content=\"summary_large_image\" \/>\n<meta name=\"twitter:label1\" content=\"Szacowany czas czytania\" \/>\n\t<meta name=\"twitter:data1\" content=\"4 minuty\" \/>\n<script type=\"application\/ld+json\" class=\"yoast-schema-graph\">{\"@context\":\"https:\/\/schema.org\",\"@graph\":[{\"@type\":\"WebPage\",\"@id\":\"https:\/\/frivape.com\/product\/fumot-50k-eco-2in1-50000-puffs-disposable-vape\/\",\"url\":\"https:\/\/frivape.com\/product\/fumot-50k-eco-2in1-50000-puffs-disposable-vape\/\",\"name\":\"Fumot 50k ECO 2in1 50000 Puffs Vape | Dual Flavor & Smart Screen\",\"isPartOf\":{\"@id\":\"https:\/\/frivape.com\/#website\"},\"primaryImageOfPage\":{\"@id\":\"https:\/\/frivape.com\/product\/fumot-50k-eco-2in1-50000-puffs-disposable-vape\/#primaryimage\"},\"image\":{\"@id\":\"https:\/\/frivape.com\/product\/fumot-50k-eco-2in1-50000-puffs-disposable-vape\/#primaryimage\"},\"thumbnailUrl\":\"https:\/\/frivape.com\/wp-content\/uploads\/2026\/04\/Fumot-50k-ECO-2in1-50000-Fanta-Cola-ice-4-800x800-1.webp\",\"datePublished\":\"2026-04-15T16:40:44+00:00\",\"dateModified\":\"2026-04-15T16:50:47+00:00\",\"description\":\"Experience the Fumot 50k ECO 2in1. 50,000 puffs, dual-tank (10ml+10ml) flavor switching, 0.9\u03a9 mesh coil, and Smart Display. Fast EU Warehouse wholesale.\",\"breadcrumb\":{\"@id\":\"https:\/\/frivape.com\/product\/fumot-50k-eco-2in1-50000-puffs-disposable-vape\/#breadcrumb\"},\"inLanguage\":\"pl-PL\",\"potentialAction\":[{\"@type\":\"ReadAction\",\"target\":[\"https:\/\/frivape.com\/product\/fumot-50k-eco-2in1-50000-puffs-disposable-vape\/\"]}]},{\"@type\":\"ImageObject\",\"inLanguage\":\"pl-PL\",\"@id\":\"https:\/\/frivape.com\/product\/fumot-50k-eco-2in1-50000-puffs-disposable-vape\/#primaryimage\",\"url\":\"https:\/\/frivape.com\/wp-content\/uploads\/2026\/04\/Fumot-50k-ECO-2in1-50000-Fanta-Cola-ice-4-800x800-1.webp\",\"contentUrl\":\"https:\/\/frivape.com\/wp-content\/uploads\/2026\/04\/Fumot-50k-ECO-2in1-50000-Fanta-Cola-ice-4-800x800-1.webp\",\"width\":800,\"height\":800},{\"@type\":\"BreadcrumbList\",\"@id\":\"https:\/\/frivape.com\/product\/fumot-50k-eco-2in1-50000-puffs-disposable-vape\/#breadcrumb\",\"itemListElement\":[{\"@type\":\"ListItem\",\"position\":1,\"name\":\"\u9996\u9875\",\"item\":\"https:\/\/frivape.com\/\"},{\"@type\":\"ListItem\",\"position\":2,\"name\":\"Shop\",\"item\":\"https:\/\/frivape.com\/shop\/\"},{\"@type\":\"ListItem\",\"position\":3,\"name\":\"Fumot ECO 2in1 50000 Puffs Disposable Vape | Dual-Flavor Tank | Smart Display &amp; RGB\"}]},{\"@type\":\"WebSite\",\"@id\":\"https:\/\/frivape.com\/#website\",\"url\":\"https:\/\/frivape.com\/\",\"name\":\"frivape | Online Vape Store - Best Vapes, Mods &amp; Disposable Kits\",\"description\":\"Shop frivape, your premier online vape shop for authentic mods, disposable vapes, and premium e-liquids. Direct from Shenzhen with fast Europe local shipping. High quality at wholesale prices.\",\"publisher\":{\"@id\":\"https:\/\/frivape.com\/#organization\"},\"potentialAction\":[{\"@type\":\"SearchAction\",\"target\":{\"@type\":\"EntryPoint\",\"urlTemplate\":\"https:\/\/frivape.com\/?s={search_term_string}\"},\"query-input\":{\"@type\":\"PropertyValueSpecification\",\"valueRequired\":true,\"valueName\":\"search_term_string\"}}],\"inLanguage\":\"pl-PL\"},{\"@type\":\"Organization\",\"@id\":\"https:\/\/frivape.com\/#organization\",\"name\":\"frivape | Online Vape Store - Best Vapes, Mods &amp; Disposable Kits\",\"url\":\"https:\/\/frivape.com\/\",\"logo\":{\"@type\":\"ImageObject\",\"inLanguage\":\"pl-PL\",\"@id\":\"https:\/\/frivape.com\/#\/schema\/logo\/image\/\",\"url\":\"https:\/\/frivape.com\/wp-content\/uploads\/2026\/03\/cropped-frivape-site-title-icon.png\",\"contentUrl\":\"https:\/\/frivape.com\/wp-content\/uploads\/2026\/03\/cropped-frivape-site-title-icon.png\",\"width\":470,\"height\":110,\"caption\":\"frivape | Online Vape Store - Best Vapes, Mods &amp; Disposable Kits\"},\"image\":{\"@id\":\"https:\/\/frivape.com\/#\/schema\/logo\/image\/\"}}]}<\/script>\n<!-- \/ Yoast SEO plugin. -->","yoast_head_json":{"title":"Fumot 50k ECO 2w1 50000 Puffs Vape | Podw\u00f3jny smak i inteligentny ekran","description":"Poznaj Fumot 50k ECO 2w1. 50 000 zaci\u0105gni\u0119\u0107, podw\u00f3jny zbiornik (10 ml + 10 ml), prze\u0142\u0105czanie smak\u00f3w, cewka siatkowa 0,9\u03a9 i inteligentny wy\u015bwietlacz. Szybka sprzeda\u017c hurtowa w UE.","robots":{"index":"noindex","follow":"follow","max-snippet":"max-snippet:-1","max-image-preview":"max-image-preview:large","max-video-preview":"max-video-preview:-1"},"og_locale":"pl_PL","og_type":"article","og_title":"Fumot 50k ECO 2in1 50000 Puffs Vape | Dual Flavor & Smart Screen","og_description":"Experience the Fumot 50k ECO 2in1. 50,000 puffs, dual-tank (10ml+10ml) flavor switching, 0.9\u03a9 mesh coil, and Smart Display. Fast EU Warehouse wholesale.","og_url":"https:\/\/frivape.com\/pl\/product\/fumot-50k-eco-2w1-50000-puffow-jednorazowy-vape\/","og_site_name":"frivape | Online Vape Store - Best Vapes, Mods &amp; Disposable Kits","article_modified_time":"2026-04-15T16:50:47+00:00","og_image":[{"width":800,"height":800,"url":"https:\/\/frivape.com\/wp-content\/uploads\/2026\/04\/Fumot-50k-ECO-2in1-50000-Fanta-Cola-ice-4-800x800-1.webp","type":"image\/webp"}],"twitter_card":"summary_large_image","twitter_misc":{"Szacowany czas czytania":"4 minuty"},"schema":{"@context":"https:\/\/schema.org","@graph":[{"@type":"WebPage","@id":"https:\/\/frivape.com\/product\/fumot-50k-eco-2in1-50000-puffs-disposable-vape\/","url":"https:\/\/frivape.com\/product\/fumot-50k-eco-2in1-50000-puffs-disposable-vape\/","name":"Fumot 50k ECO 2w1 50000 Puffs Vape | Podw\u00f3jny smak i inteligentny ekran","isPartOf":{"@id":"https:\/\/frivape.com\/#website"},"primaryImageOfPage":{"@id":"https:\/\/frivape.com\/product\/fumot-50k-eco-2in1-50000-puffs-disposable-vape\/#primaryimage"},"image":{"@id":"https:\/\/frivape.com\/product\/fumot-50k-eco-2in1-50000-puffs-disposable-vape\/#primaryimage"},"thumbnailUrl":"https:\/\/frivape.com\/wp-content\/uploads\/2026\/04\/Fumot-50k-ECO-2in1-50000-Fanta-Cola-ice-4-800x800-1.webp","datePublished":"2026-04-15T16:40:44+00:00","dateModified":"2026-04-15T16:50:47+00:00","description":"Poznaj Fumot 50k ECO 2w1. 50 000 zaci\u0105gni\u0119\u0107, podw\u00f3jny zbiornik (10 ml + 10 ml), prze\u0142\u0105czanie smak\u00f3w, cewka siatkowa 0,9\u03a9 i inteligentny wy\u015bwietlacz. Szybka sprzeda\u017c hurtowa w UE.","breadcrumb":{"@id":"https:\/\/frivape.com\/product\/fumot-50k-eco-2in1-50000-puffs-disposable-vape\/#breadcrumb"},"inLanguage":"pl-PL","potentialAction":[{"@type":"ReadAction","target":["https:\/\/frivape.com\/product\/fumot-50k-eco-2in1-50000-puffs-disposable-vape\/"]}]},{"@type":"ImageObject","inLanguage":"pl-PL","@id":"https:\/\/frivape.com\/product\/fumot-50k-eco-2in1-50000-puffs-disposable-vape\/#primaryimage","url":"https:\/\/frivape.com\/wp-content\/uploads\/2026\/04\/Fumot-50k-ECO-2in1-50000-Fanta-Cola-ice-4-800x800-1.webp","contentUrl":"https:\/\/frivape.com\/wp-content\/uploads\/2026\/04\/Fumot-50k-ECO-2in1-50000-Fanta-Cola-ice-4-800x800-1.webp","width":800,"height":800},{"@type":"BreadcrumbList","@id":"https:\/\/frivape.com\/product\/fumot-50k-eco-2in1-50000-puffs-disposable-vape\/#breadcrumb","itemListElement":[{"@type":"ListItem","position":1,"name":"\u9996\u9875","item":"https:\/\/frivape.com\/"},{"@type":"ListItem","position":2,"name":"Shop","item":"https:\/\/frivape.com\/shop\/"},{"@type":"ListItem","position":3,"name":"Fumot ECO 2in1 50000 Puffs Disposable Vape | Dual-Flavor Tank | Smart Display &amp; RGB"}]},{"@type":"WebSite","@id":"https:\/\/frivape.com\/#website","url":"https:\/\/frivape.com\/","name":"frivape | Internetowy sklep Vape - najlepsze waporyzatory, modemy i zestawy jednorazowe","description":"Sklep frivape, najlepszy internetowy sklep vape z autentycznymi modami, jednorazowymi waporyzatorami i najwy\u017cszej jako\u015bci e-liquidami. Bezpo\u015brednio z Shenzhen z szybk\u0105 wysy\u0142k\u0105 lokaln\u0105 w Europie. Wysoka jako\u015b\u0107 w cenach hurtowych.","publisher":{"@id":"https:\/\/frivape.com\/#organization"},"potentialAction":[{"@type":"SearchAction","target":{"@type":"EntryPoint","urlTemplate":"https:\/\/frivape.com\/?s={search_term_string}"},"query-input":{"@type":"PropertyValueSpecification","valueRequired":true,"valueName":"search_term_string"}}],"inLanguage":"pl-PL"},{"@type":"Organization","@id":"https:\/\/frivape.com\/#organization","name":"frivape | Internetowy sklep Vape - najlepsze waporyzatory, modemy i zestawy jednorazowe","url":"https:\/\/frivape.com\/","logo":{"@type":"ImageObject","inLanguage":"pl-PL","@id":"https:\/\/frivape.com\/#\/schema\/logo\/image\/","url":"https:\/\/frivape.com\/wp-content\/uploads\/2026\/03\/cropped-frivape-site-title-icon.png","contentUrl":"https:\/\/frivape.com\/wp-content\/uploads\/2026\/03\/cropped-frivape-site-title-icon.png","width":470,"height":110,"caption":"frivape | Online Vape Store - Best Vapes, Mods &amp; Disposable Kits"},"image":{"@id":"https:\/\/frivape.com\/#\/schema\/logo\/image\/"}}]}},"tiered_pricing_type":"fixed","tiered_pricing_fixed_rules":{"10":14.99,"50":13.99,"100":12.99,"200":11.99},"tiered_pricing_product_settings":{"layout":"default","base_unit_name":{"singular":null,"plural":null},"default_variation":{}},"tiered_pricing_minimum_quantity":null,"tiered_pricing_roles_data":[],"tiered_pricing_percentage_rules":[],"_links":{"self":[{"href":"https:\/\/frivape.com\/pl\/wp-json\/wp\/v2\/product\/9236","targetHints":{"allow":["GET"]}}],"collection":[{"href":"https:\/\/frivape.com\/pl\/wp-json\/wp\/v2\/product"}],"about":[{"href":"https:\/\/frivape.com\/pl\/wp-json\/wp\/v2\/types\/product"}],"replies":[{"embeddable":true,"href":"https:\/\/frivape.com\/pl\/wp-json\/wp\/v2\/comments?post=9236"}],"wp:featuredmedia":[{"embeddable":true,"href":"https:\/\/frivape.com\/pl\/wp-json\/wp\/v2\/media\/9237"}],"wp:attachment":[{"href":"https:\/\/frivape.com\/pl\/wp-json\/wp\/v2\/media?parent=9236"}],"wp:term":[{"taxonomy":"product_brand","embeddable":true,"href":"https:\/\/frivape.com\/pl\/wp-json\/wp\/v2\/product_brand?post=9236"},{"taxonomy":"product_cat","embeddable":true,"href":"https:\/\/frivape.com\/pl\/wp-json\/wp\/v2\/product_cat?post=9236"},{"taxonomy":"product_tag","embeddable":true,"href":"https:\/\/frivape.com\/pl\/wp-json\/wp\/v2\/product_tag?post=9236"}],"curies":[{"name":"wp","href":"https:\/\/api.w.org\/{rel}","templated":true}]}}