{"id":3,"date":"2026-03-12T11:15:50","date_gmt":"2026-03-12T03:15:50","guid":{"rendered":"https:\/\/frivape.com\/?page_id=3"},"modified":"2026-03-20T01:38:13","modified_gmt":"2026-03-19T17:38:13","slug":"politica-de-privacidade","status":"publish","type":"page","link":"https:\/\/frivape.com\/pt\/politica-de-privacidade\/","title":{"rendered":"Pol\u00edtica de privacidade"},"content":{"rendered":"<h2 class=\"wp-block-heading has-base-font-size\"><strong>\u00daltima atualiza\u00e7\u00e3o: 13 de mar\u00e7o de 2025<\/strong><\/h2>\n\n\n\n<h2 class=\"wp-block-heading\">1. Introdu\u00e7\u00e3o<\/h2>\n\n\n\n<p>Bem-vindo ao <strong><a href=\"https:\/\/frivape.com\/pt\/\" type=\"link\" id=\"https:\/\/frivape.com\/\" target=\"_blank\" rel=\"noreferrer noopener\">FRIVAPE<\/a><\/strong>. Valorizamos a sua privacidade e estamos empenhados em proteger as suas informa\u00e7\u00f5es pessoais em conformidade com as leis internacionais de privacidade (incluindo o RGPD e a CCPA) e os regulamentos relevantes relativos aos cigarros eletr\u00f3nicos. Esta Pol\u00edtica de Privacidade explica como recolhemos, utilizamos e protegemos as suas informa\u00e7\u00f5es quando visita o nosso s\u00edtio Web.<\/p>\n\n\n\n<h2 class=\"wp-block-heading\">2. Recolha de informa\u00e7\u00f5es<\/h2>\n\n\n\n<p>Recolhemos dois tipos de informa\u00e7\u00f5es para garantir uma experi\u00eancia de compra sem problemas:<\/p>\n\n\n\n<ul class=\"wp-block-list\">\n<li><strong>Informa\u00e7\u00f5es pessoais:<\/strong> Nome, endere\u00e7o de correio eletr\u00f3nico, n\u00famero de telefone, endere\u00e7o de envio e hist\u00f3rico de compras. Isto \u00e9 recolhido quando se regista, encomenda ou nos contacta.<\/li>\n\n\n\n<li><strong>Informa\u00e7\u00f5es n\u00e3o pessoais:<\/strong> Endere\u00e7o IP, tipo de browser, sistema operativo e comportamento de navega\u00e7\u00e3o (p\u00e1ginas visitadas, tempo despendido). Isto ajuda-nos a otimizar o desempenho do s\u00edtio Web.<\/li>\n<\/ul>\n\n\n\n<h2 class=\"wp-block-heading\">3. Como utilizamos as suas informa\u00e7\u00f5es<\/h2>\n\n\n\n<p>Utilizamos os seus dados estritamente para fins comerciais leg\u00edtimos:<\/p>\n\n\n\n<ul class=\"wp-block-list\">\n<li><strong>Cumprimento da encomenda:<\/strong> Para processar pagamentos e coordenar o envio internacional a partir da nossa base em Shenzhen.<\/li>\n\n\n\n<li><strong>Apoio ao cliente:<\/strong> Tratar dos pedidos de informa\u00e7\u00e3o e do servi\u00e7o p\u00f3s-venda.<\/li>\n\n\n\n<li><strong>Marketing:<\/strong> Para enviar actualiza\u00e7\u00f5es ou promo\u00e7\u00f5es (apenas se o utilizador tiver optado por participar).<\/li>\n\n\n\n<li><strong>Conformidade:<\/strong> Para verificar a sua idade e cumprir os regulamentos globais relativos ao com\u00e9rcio de cigarros electr\u00f3nicos.<\/li>\n<\/ul>\n\n\n\n<h2 class=\"wp-block-heading\">4. Prote\u00e7\u00e3o e seguran\u00e7a da informa\u00e7\u00e3o<\/h2>\n\n\n\n<p>Levamos a seguran\u00e7a a s\u00e9rio. N\u00f3s implementamos:<\/p>\n\n\n\n<ul class=\"wp-block-list\">\n<li><strong>Encripta\u00e7\u00e3o SSL:<\/strong> Todos os dados transmitidos de e para o nosso s\u00edtio s\u00e3o encriptados.<\/li>\n\n\n\n<li><strong>Pagamentos de terceiros:<\/strong> Utilizamos processadores de pagamento padr\u00e3o do sector. Fazemos <strong>n\u00e3o<\/strong> armazenar as informa\u00e7\u00f5es completas do seu cart\u00e3o de cr\u00e9dito nos nossos servidores.<\/li>\n\n\n\n<li><strong>Controlo de acesso:<\/strong> Apenas o pessoal autorizado envolvido no cumprimento da encomenda pode aceder aos detalhes da encomenda.<\/li>\n<\/ul>\n\n\n\n<h2 class=\"wp-block-heading\">5. Partilha de informa\u00e7\u00f5es<\/h2>\n\n\n\n<p>N\u00f3s <strong>nunca<\/strong> vender ou alugar os seus dados pessoais. Apenas partilhamos informa\u00e7\u00f5es com:<\/p>\n\n\n\n<ul class=\"wp-block-list\">\n<li><strong>Parceiros log\u00edsticos:<\/strong> Transportadoras de confian\u00e7a necess\u00e1rias para entregar a sua encomenda.<\/li>\n\n\n\n<li><strong>Prestadores de servi\u00e7os de pagamento:<\/strong> Para verificar e concluir transac\u00e7\u00f5es.<\/li>\n\n\n\n<li><strong>Autoridades legais:<\/strong> Quando exigido por lei ou para proteger os nossos direitos legais relativamente \u00e0 supervis\u00e3o de cigarros electr\u00f3nicos.<\/li>\n<\/ul>\n\n\n\n<h2 class=\"wp-block-heading\">6. Cookies e rastreio<\/h2>\n\n\n\n<p>Utilizamos cookies para recordar as suas prefer\u00eancias e analisar o tr\u00e1fego. Pode gerir ou desativar os cookies nas defini\u00e7\u00f5es do seu browser, embora algumas funcionalidades do FRIVAPE possam n\u00e3o funcionar corretamente sem eles.<\/p>\n\n\n\n<h2 class=\"wp-block-heading\">7. Prote\u00e7\u00e3o rigorosa dos menores (pol\u00edtica de idade)<\/h2>\n\n\n\n<p>A FRIVAPE mant\u00e9m uma pol\u00edtica de toler\u00e2ncia zero relativamente \u00e0 venda a menores.<\/p>\n\n\n\n<ul class=\"wp-block-list\">\n<li>Os nossos produtos n\u00e3o se destinam a pessoas com idade inferior a <strong>18<\/strong> (ou a idade legal na sua jurisdi\u00e7\u00e3o, como <strong>21<\/strong> em algumas partes dos EUA).<\/li>\n\n\n\n<li>Reservamo-nos o direito de cancelar qualquer encomenda se a verifica\u00e7\u00e3o da idade falhar. Se descobrirmos que foram recolhidos dados de um menor, estes ser\u00e3o imediatamente eliminados.<\/li>\n<\/ul>\n\n\n\n<h2 class=\"wp-block-heading\">8. Os seus direitos internacionais<\/h2>\n\n\n\n<p>Independentemente do local onde se encontra, tem o direito de:<\/p>\n\n\n\n<ul class=\"wp-block-list\">\n<li><strong>Acesso e atualiza\u00e7\u00e3o:<\/strong> Ver ou corrigir os seus dados pessoais.<\/li>\n\n\n\n<li><strong>Apagamento de dados:<\/strong> Solicitar a elimina\u00e7\u00e3o da sua conta e dos seus dados (\u201cDireito a ser esquecido\u201d).<\/li>\n\n\n\n<li><strong>Optar por n\u00e3o participar:<\/strong> Cancelar a subscri\u00e7\u00e3o de quaisquer comunica\u00e7\u00f5es de marketing em qualquer altura.<\/li>\n\n\n\n<li><strong>Portabilidade dos dados:<\/strong> Solicitar uma c\u00f3pia dos seus dados num formato leg\u00edvel por m\u00e1quina.<\/li>\n<\/ul>\n\n\n\n<h2 class=\"wp-block-heading\">9. Actualiza\u00e7\u00f5es de pol\u00edticas<\/h2>\n\n\n\n<p>Poderemos atualizar esta pol\u00edtica para refletir altera\u00e7\u00f5es nas leis globais ou nas nossas pr\u00e1ticas comerciais. As altera\u00e7\u00f5es significativas ser\u00e3o anunciadas atrav\u00e9s de um aviso na nossa p\u00e1gina inicial.<\/p>\n\n\n\n<h2 class=\"wp-block-heading\">10. Contactar-nos<\/h2>\n\n\n\n<p>Para quaisquer quest\u00f5es relacionadas com a sua privacidade, contacte:<\/p>\n\n\n\n<p><strong>Endere\u00e7o:<\/strong> Shenzhen, prov\u00edncia de Guangdong, China.<\/p>\n\n\n\n<p><strong>Correio eletr\u00f3nico:<\/strong> frivape@gmail.com<\/p>\n\n\n\n<p><strong>P\u00e1gina de contacto:<\/strong> <a href=\"https:\/\/frivape.com\/pt\/contactar-nos\/\">https:\/\/frivape.com\/contact-us\/<\/a><\/p>","protected":false},"excerpt":{"rendered":"<p>Last Updated: March 13, 2025 1. Introduction Welcome to FRIVAPE. We value your privacy and are committed to protecting your personal information in compliance with international privacy laws (including GDPR and CCPA) and relevant e-cigarette regulations. This Privacy Policy explains how we collect, use, and safeguard your information when you visit our website. 2. Information [&hellip;]<\/p>\n","protected":false},"author":1,"featured_media":0,"parent":0,"menu_order":0,"comment_status":"closed","ping_status":"closed","template":"template-fullwidth.php","meta":{"footnotes":""},"class_list":["post-3","page","type-page","status-publish","hentry"],"yoast_head":"<!-- This site is optimized with the Yoast SEO plugin v27.1.1 - https:\/\/yoast.com\/product\/yoast-seo-wordpress\/ -->\n<title>Privacy Policy - frivape | Online Vape Store - Best Vapes, Mods &amp; Disposable Kits<\/title>\n<meta name=\"description\" content=\"Your privacy is important to FRIVAPE. Read our Privacy Policy to understand how we secure your data while providing a safe shopping experience for our global customers.\" \/>\n<meta name=\"robots\" content=\"noindex, follow, max-snippet:-1, max-image-preview:large, max-video-preview:-1\" \/>\n<meta property=\"og:locale\" content=\"pt_PT\" \/>\n<meta property=\"og:type\" content=\"article\" \/>\n<meta property=\"og:title\" content=\"Privacy Policy - frivape | Online Vape Store - Best Vapes, Mods &amp; Disposable Kits\" \/>\n<meta property=\"og:description\" content=\"Your privacy is important to FRIVAPE. Read our Privacy Policy to understand how we secure your data while providing a safe shopping experience for our global customers.\" \/>\n<meta property=\"og:url\" content=\"https:\/\/frivape.com\/pt\/politica-de-privacidade\/\" \/>\n<meta property=\"og:site_name\" content=\"frivape | Online Vape Store - Best Vapes, Mods &amp; Disposable Kits\" \/>\n<meta property=\"article:modified_time\" content=\"2026-03-19T17:38:13+00:00\" \/>\n<meta name=\"twitter:card\" content=\"summary_large_image\" \/>\n<meta name=\"twitter:label1\" content=\"Tempo estimado de leitura\" \/>\n\t<meta name=\"twitter:data1\" content=\"3 minutos\" \/>\n<script type=\"application\/ld+json\" class=\"yoast-schema-graph\">{\"@context\":\"https:\/\/schema.org\",\"@graph\":[{\"@type\":\"WebPage\",\"@id\":\"https:\/\/frivape.com\/privacy-policy\/\",\"url\":\"https:\/\/frivape.com\/privacy-policy\/\",\"name\":\"Privacy Policy - frivape | Online Vape Store - Best Vapes, Mods &amp; Disposable Kits\",\"isPartOf\":{\"@id\":\"https:\/\/frivape.com\/#website\"},\"datePublished\":\"2026-03-12T03:15:50+00:00\",\"dateModified\":\"2026-03-19T17:38:13+00:00\",\"description\":\"Your privacy is important to FRIVAPE. Read our Privacy Policy to understand how we secure your data while providing a safe shopping experience for our global customers.\",\"breadcrumb\":{\"@id\":\"https:\/\/frivape.com\/privacy-policy\/#breadcrumb\"},\"inLanguage\":\"pt-PT\",\"potentialAction\":[{\"@type\":\"ReadAction\",\"target\":[\"https:\/\/frivape.com\/privacy-policy\/\"]}]},{\"@type\":\"BreadcrumbList\",\"@id\":\"https:\/\/frivape.com\/privacy-policy\/#breadcrumb\",\"itemListElement\":[{\"@type\":\"ListItem\",\"position\":1,\"name\":\"\u9996\u9875\",\"item\":\"https:\/\/frivape.com\/\"},{\"@type\":\"ListItem\",\"position\":2,\"name\":\"Privacy Policy\"}]},{\"@type\":\"WebSite\",\"@id\":\"https:\/\/frivape.com\/#website\",\"url\":\"https:\/\/frivape.com\/\",\"name\":\"frivape | Online Vape Store - Best Vapes, Mods &amp; Disposable Kits\",\"description\":\"Shop frivape, your premier online vape shop for authentic mods, disposable vapes, and premium e-liquids. Direct from Shenzhen with fast Europe local shipping. High quality at wholesale prices.\",\"publisher\":{\"@id\":\"https:\/\/frivape.com\/#organization\"},\"potentialAction\":[{\"@type\":\"SearchAction\",\"target\":{\"@type\":\"EntryPoint\",\"urlTemplate\":\"https:\/\/frivape.com\/?s={search_term_string}\"},\"query-input\":{\"@type\":\"PropertyValueSpecification\",\"valueRequired\":true,\"valueName\":\"search_term_string\"}}],\"inLanguage\":\"pt-PT\"},{\"@type\":\"Organization\",\"@id\":\"https:\/\/frivape.com\/#organization\",\"name\":\"frivape | Online Vape Store - Best Vapes, Mods &amp; Disposable Kits\",\"url\":\"https:\/\/frivape.com\/\",\"logo\":{\"@type\":\"ImageObject\",\"inLanguage\":\"pt-PT\",\"@id\":\"https:\/\/frivape.com\/#\/schema\/logo\/image\/\",\"url\":\"https:\/\/frivape.com\/wp-content\/uploads\/2026\/03\/cropped-frivape-site-title-icon.png\",\"contentUrl\":\"https:\/\/frivape.com\/wp-content\/uploads\/2026\/03\/cropped-frivape-site-title-icon.png\",\"width\":470,\"height\":110,\"caption\":\"frivape | Online Vape Store - Best Vapes, Mods &amp; Disposable Kits\"},\"image\":{\"@id\":\"https:\/\/frivape.com\/#\/schema\/logo\/image\/\"}}]}<\/script>\n<!-- \/ Yoast SEO plugin. -->","yoast_head_json":{"title":"Pol\u00edtica de Privacidade - frivape | Loja Online de Vape - Melhores Vapes, Mods e Kits Descart\u00e1veis","description":"A sua privacidade \u00e9 importante para a FRIVAPE. Leia a nossa Pol\u00edtica de Privacidade para compreender como protegemos os seus dados e como proporcionamos uma experi\u00eancia de compra segura aos nossos clientes globais.","robots":{"index":"noindex","follow":"follow","max-snippet":"max-snippet:-1","max-image-preview":"max-image-preview:large","max-video-preview":"max-video-preview:-1"},"og_locale":"pt_PT","og_type":"article","og_title":"Privacy Policy - frivape | Online Vape Store - Best Vapes, Mods &amp; Disposable Kits","og_description":"Your privacy is important to FRIVAPE. Read our Privacy Policy to understand how we secure your data while providing a safe shopping experience for our global customers.","og_url":"https:\/\/frivape.com\/pt\/politica-de-privacidade\/","og_site_name":"frivape | Online Vape Store - Best Vapes, Mods &amp; Disposable Kits","article_modified_time":"2026-03-19T17:38:13+00:00","twitter_card":"summary_large_image","twitter_misc":{"Tempo estimado de leitura":"3 minutos"},"schema":{"@context":"https:\/\/schema.org","@graph":[{"@type":"WebPage","@id":"https:\/\/frivape.com\/privacy-policy\/","url":"https:\/\/frivape.com\/privacy-policy\/","name":"Pol\u00edtica de Privacidade - frivape | Loja Online de Vape - Melhores Vapes, Mods e Kits Descart\u00e1veis","isPartOf":{"@id":"https:\/\/frivape.com\/#website"},"datePublished":"2026-03-12T03:15:50+00:00","dateModified":"2026-03-19T17:38:13+00:00","description":"A sua privacidade \u00e9 importante para a FRIVAPE. Leia a nossa Pol\u00edtica de Privacidade para compreender como protegemos os seus dados e como proporcionamos uma experi\u00eancia de compra segura aos nossos clientes globais.","breadcrumb":{"@id":"https:\/\/frivape.com\/privacy-policy\/#breadcrumb"},"inLanguage":"pt-PT","potentialAction":[{"@type":"ReadAction","target":["https:\/\/frivape.com\/privacy-policy\/"]}]},{"@type":"BreadcrumbList","@id":"https:\/\/frivape.com\/privacy-policy\/#breadcrumb","itemListElement":[{"@type":"ListItem","position":1,"name":"\u9996\u9875","item":"https:\/\/frivape.com\/"},{"@type":"ListItem","position":2,"name":"Privacy Policy"}]},{"@type":"WebSite","@id":"https:\/\/frivape.com\/#website","url":"https:\/\/frivape.com\/","name":"frivape | Loja Online de Vape - Melhores Vapes, Mods e Kits Descart\u00e1veis","description":"Compre na frivape, a sua principal loja online de vape para mods aut\u00eanticos, vapes descart\u00e1veis e e-l\u00edquidos de primeira qualidade. Diretamente de Shenzhen com envio local r\u00e1pido para a Europa. Alta qualidade a pre\u00e7os grossistas.","publisher":{"@id":"https:\/\/frivape.com\/#organization"},"potentialAction":[{"@type":"SearchAction","target":{"@type":"EntryPoint","urlTemplate":"https:\/\/frivape.com\/?s={search_term_string}"},"query-input":{"@type":"PropertyValueSpecification","valueRequired":true,"valueName":"search_term_string"}}],"inLanguage":"pt-PT"},{"@type":"Organization","@id":"https:\/\/frivape.com\/#organization","name":"frivape | Loja Online de Vape - Melhores Vapes, Mods e Kits Descart\u00e1veis","url":"https:\/\/frivape.com\/","logo":{"@type":"ImageObject","inLanguage":"pt-PT","@id":"https:\/\/frivape.com\/#\/schema\/logo\/image\/","url":"https:\/\/frivape.com\/wp-content\/uploads\/2026\/03\/cropped-frivape-site-title-icon.png","contentUrl":"https:\/\/frivape.com\/wp-content\/uploads\/2026\/03\/cropped-frivape-site-title-icon.png","width":470,"height":110,"caption":"frivape | Online Vape Store - Best Vapes, Mods &amp; Disposable Kits"},"image":{"@id":"https:\/\/frivape.com\/#\/schema\/logo\/image\/"}}]}},"_links":{"self":[{"href":"https:\/\/frivape.com\/pt\/wp-json\/wp\/v2\/pages\/3","targetHints":{"allow":["GET"]}}],"collection":[{"href":"https:\/\/frivape.com\/pt\/wp-json\/wp\/v2\/pages"}],"about":[{"href":"https:\/\/frivape.com\/pt\/wp-json\/wp\/v2\/types\/page"}],"author":[{"embeddable":true,"href":"https:\/\/frivape.com\/pt\/wp-json\/wp\/v2\/users\/1"}],"replies":[{"embeddable":true,"href":"https:\/\/frivape.com\/pt\/wp-json\/wp\/v2\/comments?post=3"}],"version-history":[{"count":6,"href":"https:\/\/frivape.com\/pt\/wp-json\/wp\/v2\/pages\/3\/revisions"}],"predecessor-version":[{"id":7259,"href":"https:\/\/frivape.com\/pt\/wp-json\/wp\/v2\/pages\/3\/revisions\/7259"}],"wp:attachment":[{"href":"https:\/\/frivape.com\/pt\/wp-json\/wp\/v2\/media?parent=3"}],"curies":[{"name":"wp","href":"https:\/\/api.w.org\/{rel}","templated":true}]}}