{"id":8049,"date":"2026-04-06T14:44:27","date_gmt":"2026-04-06T06:44:27","guid":{"rendered":"https:\/\/frivape.com\/?post_type=product&#038;p=8049"},"modified":"2026-04-09T11:21:05","modified_gmt":"2026-04-09T03:21:05","slug":"bang-king-tornado-40000-puffs-vape-descartavel-visor-led","status":"publish","type":"product","link":"https:\/\/frivape.com\/pt\/product\/bang-king-tornado-40000-puffs-vape-descartavel-visor-led\/","title":{"rendered":"Bang King Tornado 40000 Puffs Vape descart\u00e1vel | Ecr\u00e3 LED inteligente e fluxo de ar ajust\u00e1vel"},"content":{"rendered":"<h2 class=\"wp-block-heading has-text-align-center\"><strong>Experimente o futuro do vaping: Bang King Tornado 40000 Puffs<\/strong><\/h2>\n\n\n\n<p>O <strong>Bang King Tornado 40000<\/strong> (Tornado Series) \u00e9 a escolha definitiva para os vapers que exigem um desempenho \u201chardcore\u201d e uma est\u00e9tica elegante. Esta edi\u00e7\u00e3o com ecr\u00e3 LED foi meticulosamente concebida para proporcionar uma produ\u00e7\u00e3o maci\u00e7a de vapor e um sabor consistente desde a primeira baforada at\u00e9 \u00e0 40.000\u00aa.<\/p>\n\n\n\n<h3 class=\"wp-block-heading\"><strong>Principais destaques t\u00e9cnicos<\/strong><\/h3>\n\n\n\n<ul class=\"wp-block-list\">\n<li><strong>Ecr\u00e3 digital LED inteligente:<\/strong> N\u00e3o volte a adivinhar. O ecr\u00e3 integrado permite a monitoriza\u00e7\u00e3o em tempo real dos seus <strong>percentagem da bateria<\/strong> e <strong>n\u00edveis restantes de e-l\u00edquido<\/strong>.<\/li>\n\n\n\n<li><strong>Enorme reservat\u00f3rio de 35 ml de E-l\u00edquido:<\/strong> Uma das maiores capacidades do mercado, garantindo semanas de satisfa\u00e7\u00e3o sem necessidade de substitui\u00e7\u00e3o.<\/li>\n\n\n\n<li><strong>Bobina de malha de 1,0\u03a9 de alta precis\u00e3o:<\/strong> A tecnologia de malha avan\u00e7ada garante um aquecimento uniforme, evitando queimaduras e proporcionando um sabor puro e vibrante.<\/li>\n\n\n\n<li><strong>Fluxo de ar ajust\u00e1vel din\u00e2mico:<\/strong> Alterne entre um estilo de extra\u00e7\u00e3o MTL (Mouth-to-Lung) apertado ou um estilo DTL (Diret-to-Lung) mais aberto com um simples toque no interrutor inferior.<\/li>\n\n\n\n<li><strong>Bateria robusta de 1000mAh:<\/strong> Uma bateria recarreg\u00e1vel de alta densidade combinada com o carregamento r\u00e1pido Tipo C significa mais tempo a vaporizar e menos tempo preso a um cabo.<\/li>\n<\/ul>\n\n\n\n<h3 class=\"wp-block-heading\"><strong>Op\u00e7\u00f5es de dosagem de nicotina<\/strong><\/h3>\n\n\n\n<p>Para satisfazer todas as prefer\u00eancias, o Bang King Tornado 40k est\u00e1 dispon\u00edvel em quatro concentra\u00e7\u00f5es distintas de nicotina:<\/p>\n\n\n\n<ul class=\"wp-block-list\">\n<li><strong>0% (0mg\/mL):<\/strong> Puro sabor, zero nicotina.<\/li>\n\n\n\n<li><strong>2% (20mg\/mL):<\/strong> Batida suave para vapers casuais.<\/li>\n\n\n\n<li><strong>3% (30mg\/mL):<\/strong> Satisfa\u00e7\u00e3o equilibrada.<\/li>\n\n\n\n<li><strong>5% (50mg\/mL):<\/strong> Forte batida na garganta para utilizadores experientes.<\/li>\n<\/ul>\n\n\n\n<h3 class=\"wp-block-heading\"><strong>12 Festa de sabores Premium<\/strong><\/h3>\n\n\n\n<ol start=\"1\" class=\"wp-block-list\">\n<li><strong>Melancia:<\/strong> Um refresco de ver\u00e3o cl\u00e1ssico e fresco.<\/li>\n\n\n\n<li><strong>Melancia com morango:<\/strong> Uma mistura deliciosa de bagas doces e mel\u00e3o.<\/li>\n\n\n\n<li><strong>Gelo de mirtilo:<\/strong> Mirtilos azedos com um final mentolado arrepiante.<\/li>\n\n\n\n<li><strong>Mirtilo Framboesa:<\/strong> Um duo sofisticado de floresta doce e picante.<\/li>\n\n\n\n<li><strong>Gelo de morango:<\/strong> Morangos maduros com cobertura.<\/li>\n\n\n\n<li><strong>Morango Kiwi:<\/strong> A derradeira fus\u00e3o tropical equilibrada.<\/li>\n\n\n\n<li><strong>Manga P\u00eassego Melancia:<\/strong> Uma mistura ex\u00f3tica de frutos triplos.<\/li>\n\n\n\n<li><strong>Kiwi Maracuj\u00e1 Rom\u00e3:<\/strong> Profundamente arom\u00e1tico e estratificado.<\/li>\n\n\n\n<li><strong>Gelo de p\u00eassego:<\/strong> P\u00eassego aveludado amadurecido pelo sol com uma exala\u00e7\u00e3o fresca.<\/li>\n\n\n\n<li><strong>Bagas mistas:<\/strong> Uma explos\u00e3o robusta de bagas vermelhas e escuras.<\/li>\n\n\n\n<li><strong>Mirtilo Uva:<\/strong> As suculentas uvas de vinha encontram-se com o doce mirtilo.<\/li>\n\n\n\n<li><strong>Pastilha el\u00e1stica de melancia:<\/strong> Um doce nost\u00e1lgico inspirado no mel\u00e3o.<\/li>\n<\/ol>\n\n\n\n<h3 class=\"wp-block-heading\"><strong>Utiliza\u00e7\u00e3o e manuten\u00e7\u00e3o do produto<\/strong><\/h3>\n\n\n\n<ul class=\"wp-block-list\">\n<li><strong>Ativa\u00e7\u00e3o:<\/strong> Basta desenhar na boquilha (Auto-draw).<\/li>\n\n\n\n<li><strong>Carregamento:<\/strong> Utilize um cabo tipo C normal. O carregamento demora normalmente 30 a 45 minutos. Evite utilizar \u201csuper carregadores\u201d de telem\u00f3vel de alta pot\u00eancia para proteger a vida \u00fatil da bateria.<\/li>\n\n\n\n<li><strong>Armazenamento:<\/strong> Mantenha o dispositivo num local fresco e seco quando n\u00e3o estiver a ser utilizado.<\/li>\n<\/ul>\n\n\n\n<h3 class=\"wp-block-heading\"><strong>Perguntas mais frequentes (FAQs)<\/strong><\/h3>\n\n\n\n<ul class=\"wp-block-list\">\n<li><strong>Quantas baforadas d\u00e1 realmente?<\/strong> Foi concebido para um m\u00e1ximo de 40.000 baforadas. A contagem real pode variar consoante a dura\u00e7\u00e3o da tragada de cada pessoa.<\/li>\n\n\n\n<li><strong>\u00c9 adequado para venda por grosso?<\/strong> Sim, oferecemos pre\u00e7os diretos de f\u00e1brica para encomendas a granel e por grosso.<\/li>\n\n\n\n<li><strong>Que m\u00e9todos de envio s\u00e3o utilizados?<\/strong> Utilizamos transportadoras fi\u00e1veis como a UPS, a DHL, a FedEx e a DPD. Tratamos de todos os despachos alfandeg\u00e1rios, assegurando a entrega sem impostos do 100% na maioria das regi\u00f5es.<\/li>\n\n\n\n<li><strong>Qual \u00e9 o prazo de entrega?<\/strong> A prepara\u00e7\u00e3o da encomenda demora 1-3 dias. O envio demora normalmente 7-15 dias \u00fateis, consoante a sua localiza\u00e7\u00e3o.<\/li>\n\n\n\n<li><strong>O pagamento \u00e9 seguro?<\/strong> Aceitamos PayPal (com prote\u00e7\u00e3o do comprador), Stripe, cart\u00f5es de cr\u00e9dito e criptomoeda.<\/li>\n<\/ul>\n\n\n\n<p><strong>AVISO:<\/strong> Este produto cont\u00e9m nicotina. A nicotina \u00e9 uma subst\u00e2ncia qu\u00edmica que causa depend\u00eancia.<\/p>\n\n\n\n<p><strong>Restri\u00e7\u00e3o de idade:<\/strong> \u00c9 necess\u00e1rio ter mais de 18 anos (ou a idade legal para fumar na sua regi\u00e3o) para comprar e utilizar este produto. Manter fora do alcance das crian\u00e7as e dos animais dom\u00e9sticos.<\/p>\n\n\n\n<p><\/p>","protected":false},"excerpt":{"rendered":"<p data-path-to-node=\"7\">Domine a sua experi\u00eancia de vaporiza\u00e7\u00e3o com o <b data-path-to-node=\"7\" data-index-in-node=\"41\">Bang King Tornado 40k<\/b>.<\/p>\n<ul data-path-to-node=\"8\">\n<li>\n<p data-path-to-node=\"8,0,0\"><b data-path-to-node=\"8,0,0\" data-index-in-node=\"0\">Contagem de baforadas:<\/b> At\u00e9 40.000 baforadas<\/p>\n<\/li>\n<li>\n<p data-path-to-node=\"8,1,0\"><b data-path-to-node=\"8,1,0\" data-index-in-node=\"0\">Bateria:<\/b> 1000mAh (Recarreg\u00e1vel tipo C)<\/p>\n<\/li>\n<li>\n<p data-path-to-node=\"8,2,0\"><b data-path-to-node=\"8,2,0\" data-index-in-node=\"0\">Capacidade:<\/b> E-l\u00edquido Premium 35mL<\/p>\n<\/li>\n<li>\n<p data-path-to-node=\"8,3,0\"><b data-path-to-node=\"8,3,0\" data-index-in-node=\"0\">Tecnologia:<\/b> Bobina de malha de 1,0\u03a9 e ecr\u00e3 digital LED inteligente<\/p>\n<\/li>\n<li>\n<p data-path-to-node=\"8,4,0\"><b data-path-to-node=\"8,4,0\" data-index-in-node=\"0\">Personaliza\u00e7\u00e3o:<\/b> Controlo ajust\u00e1vel do fluxo de ar<\/p>\n<\/li>\n<li>\n<p data-path-to-node=\"8,5,0\"><b data-path-to-node=\"8,5,0\" data-index-in-node=\"0\">Nicotina:<\/b> Dispon\u00edvel nas resist\u00eancias 0%, 2%, 3% e 5%.<\/p>\n<\/li>\n<\/ul>","protected":false},"featured_media":8055,"comment_status":"open","ping_status":"closed","template":"","meta":[],"product_brand":[61],"product_cat":[82,87,95],"product_tag":[74,75,76,77,79],"class_list":{"0":"post-8049","1":"product","2":"type-product","3":"status-publish","4":"has-post-thumbnail","6":"product_brand-bang","7":"product_cat-big-puffs-vapes","8":"product_cat-iced-fruit-vapes","9":"product_cat-mesh-coil-vapes","10":"product_tag-dtl-vaping","11":"product_tag-eu-warehouse","12":"product_tag-mtl-vaping","13":"product_tag-recharge","14":"product_tag-smart-screen-display","15":"pa_product-attr-nicotine-nicotine0","16":"pa_product-attr-nicotine-nicotine2","17":"pa_product-attr-nicotine-nicotine3","18":"pa_product-attr-nicotine-nicotine5","20":"first","21":"instock","22":"sale","23":"shipping-taxable","24":"purchasable","25":"product-type-variable"},"yoast_head":"<!-- This site is optimized with the Yoast SEO plugin v27.1.1 - https:\/\/yoast.com\/product\/yoast-seo-wordpress\/ -->\n<title>Bang King Tornado 40000 Puffs Disposable Vape - LED Display 40k Vape<\/title>\n<meta name=\"description\" content=\"Buy the Bang King Tornado 40000 Puffs. Features 35mL e-liquid, 1000mAh rechargeable battery, 1.0\u03a9 mesh coil, and smart LED display. Available in 0%-5% nicotine. Fast EU shipping!\" \/>\n<meta name=\"robots\" content=\"noindex, follow, max-snippet:-1, max-image-preview:large, max-video-preview:-1\" \/>\n<meta property=\"og:locale\" content=\"pt_PT\" \/>\n<meta property=\"og:type\" content=\"article\" \/>\n<meta property=\"og:title\" content=\"Bang King Tornado 40000 Puffs Disposable Vape - LED Display 40k Vape\" \/>\n<meta property=\"og:description\" content=\"Buy the Bang King Tornado 40000 Puffs. Features 35mL e-liquid, 1000mAh rechargeable battery, 1.0\u03a9 mesh coil, and smart LED display. Available in 0%-5% nicotine. Fast EU shipping!\" \/>\n<meta property=\"og:url\" content=\"https:\/\/frivape.com\/pt\/product\/bang-king-tornado-40000-puffs-vape-descartavel-visor-led\/\" \/>\n<meta property=\"og:site_name\" content=\"frivape | Online Vape Store - Best Vapes, Mods &amp; Disposable Kits\" \/>\n<meta property=\"article:modified_time\" content=\"2026-04-09T03:21:05+00:00\" \/>\n<meta property=\"og:image\" content=\"https:\/\/frivape.com\/wp-content\/uploads\/2026\/04\/vape-maison-bang-king-tornado-40000-puffs-watermelon-800x800-1.webp\" \/>\n\t<meta property=\"og:image:width\" content=\"800\" \/>\n\t<meta property=\"og:image:height\" content=\"800\" \/>\n\t<meta property=\"og:image:type\" content=\"image\/webp\" \/>\n<meta name=\"twitter:card\" content=\"summary_large_image\" \/>\n<meta name=\"twitter:label1\" content=\"Tempo estimado de leitura\" \/>\n\t<meta name=\"twitter:data1\" content=\"3 minutos\" \/>\n<script type=\"application\/ld+json\" class=\"yoast-schema-graph\">{\"@context\":\"https:\/\/schema.org\",\"@graph\":[{\"@type\":\"WebPage\",\"@id\":\"https:\/\/frivape.com\/product\/bang-king-tornado-40000-puffs-disposable-vape-led-display\/\",\"url\":\"https:\/\/frivape.com\/product\/bang-king-tornado-40000-puffs-disposable-vape-led-display\/\",\"name\":\"Bang King Tornado 40000 Puffs Disposable Vape - LED Display 40k Vape\",\"isPartOf\":{\"@id\":\"https:\/\/frivape.com\/#website\"},\"primaryImageOfPage\":{\"@id\":\"https:\/\/frivape.com\/product\/bang-king-tornado-40000-puffs-disposable-vape-led-display\/#primaryimage\"},\"image\":{\"@id\":\"https:\/\/frivape.com\/product\/bang-king-tornado-40000-puffs-disposable-vape-led-display\/#primaryimage\"},\"thumbnailUrl\":\"https:\/\/frivape.com\/wp-content\/uploads\/2026\/04\/vape-maison-bang-king-tornado-40000-puffs-watermelon-800x800-1.webp\",\"datePublished\":\"2026-04-06T06:44:27+00:00\",\"dateModified\":\"2026-04-09T03:21:05+00:00\",\"description\":\"Buy the Bang King Tornado 40000 Puffs. Features 35mL e-liquid, 1000mAh rechargeable battery, 1.0\u03a9 mesh coil, and smart LED display. Available in 0%-5% nicotine. Fast EU shipping!\",\"breadcrumb\":{\"@id\":\"https:\/\/frivape.com\/product\/bang-king-tornado-40000-puffs-disposable-vape-led-display\/#breadcrumb\"},\"inLanguage\":\"pt-PT\",\"potentialAction\":[{\"@type\":\"ReadAction\",\"target\":[\"https:\/\/frivape.com\/product\/bang-king-tornado-40000-puffs-disposable-vape-led-display\/\"]}]},{\"@type\":\"ImageObject\",\"inLanguage\":\"pt-PT\",\"@id\":\"https:\/\/frivape.com\/product\/bang-king-tornado-40000-puffs-disposable-vape-led-display\/#primaryimage\",\"url\":\"https:\/\/frivape.com\/wp-content\/uploads\/2026\/04\/vape-maison-bang-king-tornado-40000-puffs-watermelon-800x800-1.webp\",\"contentUrl\":\"https:\/\/frivape.com\/wp-content\/uploads\/2026\/04\/vape-maison-bang-king-tornado-40000-puffs-watermelon-800x800-1.webp\",\"width\":800,\"height\":800},{\"@type\":\"BreadcrumbList\",\"@id\":\"https:\/\/frivape.com\/product\/bang-king-tornado-40000-puffs-disposable-vape-led-display\/#breadcrumb\",\"itemListElement\":[{\"@type\":\"ListItem\",\"position\":1,\"name\":\"\u9996\u9875\",\"item\":\"https:\/\/frivape.com\/\"},{\"@type\":\"ListItem\",\"position\":2,\"name\":\"Shop\",\"item\":\"https:\/\/frivape.com\/shop\/\"},{\"@type\":\"ListItem\",\"position\":3,\"name\":\"Bang King Tornado 40000 Puffs Disposable Vape | Smart LED Display &amp; Adjustable Airflow\"}]},{\"@type\":\"WebSite\",\"@id\":\"https:\/\/frivape.com\/#website\",\"url\":\"https:\/\/frivape.com\/\",\"name\":\"frivape | Online Vape Store - Best Vapes, Mods &amp; Disposable Kits\",\"description\":\"Shop frivape, your premier online vape shop for authentic mods, disposable vapes, and premium e-liquids. Direct from Shenzhen with fast Europe local shipping. High quality at wholesale prices.\",\"publisher\":{\"@id\":\"https:\/\/frivape.com\/#organization\"},\"potentialAction\":[{\"@type\":\"SearchAction\",\"target\":{\"@type\":\"EntryPoint\",\"urlTemplate\":\"https:\/\/frivape.com\/?s={search_term_string}\"},\"query-input\":{\"@type\":\"PropertyValueSpecification\",\"valueRequired\":true,\"valueName\":\"search_term_string\"}}],\"inLanguage\":\"pt-PT\"},{\"@type\":\"Organization\",\"@id\":\"https:\/\/frivape.com\/#organization\",\"name\":\"frivape | Online Vape Store - Best Vapes, Mods &amp; Disposable Kits\",\"url\":\"https:\/\/frivape.com\/\",\"logo\":{\"@type\":\"ImageObject\",\"inLanguage\":\"pt-PT\",\"@id\":\"https:\/\/frivape.com\/#\/schema\/logo\/image\/\",\"url\":\"https:\/\/frivape.com\/wp-content\/uploads\/2026\/03\/cropped-frivape-site-title-icon.png\",\"contentUrl\":\"https:\/\/frivape.com\/wp-content\/uploads\/2026\/03\/cropped-frivape-site-title-icon.png\",\"width\":470,\"height\":110,\"caption\":\"frivape | Online Vape Store - Best Vapes, Mods &amp; Disposable Kits\"},\"image\":{\"@id\":\"https:\/\/frivape.com\/#\/schema\/logo\/image\/\"}}]}<\/script>\n<!-- \/ Yoast SEO plugin. -->","yoast_head_json":{"title":"Bang King Tornado 40000 Puffs Vape descart\u00e1vel - Visor LED 40k Vape","description":"Comprar o Bang King Tornado 40000 Puffs. Possui 35mL de e-l\u00edquido, bateria recarreg\u00e1vel de 1000mAh, bobina de malha de 1,0\u03a9 e display LED inteligente. Dispon\u00edvel em 0%-5% nicotina. Envio r\u00e1pido para a UE!","robots":{"index":"noindex","follow":"follow","max-snippet":"max-snippet:-1","max-image-preview":"max-image-preview:large","max-video-preview":"max-video-preview:-1"},"og_locale":"pt_PT","og_type":"article","og_title":"Bang King Tornado 40000 Puffs Disposable Vape - LED Display 40k Vape","og_description":"Buy the Bang King Tornado 40000 Puffs. Features 35mL e-liquid, 1000mAh rechargeable battery, 1.0\u03a9 mesh coil, and smart LED display. Available in 0%-5% nicotine. Fast EU shipping!","og_url":"https:\/\/frivape.com\/pt\/product\/bang-king-tornado-40000-puffs-vape-descartavel-visor-led\/","og_site_name":"frivape | Online Vape Store - Best Vapes, Mods &amp; Disposable Kits","article_modified_time":"2026-04-09T03:21:05+00:00","og_image":[{"width":800,"height":800,"url":"https:\/\/frivape.com\/wp-content\/uploads\/2026\/04\/vape-maison-bang-king-tornado-40000-puffs-watermelon-800x800-1.webp","type":"image\/webp"}],"twitter_card":"summary_large_image","twitter_misc":{"Tempo estimado de leitura":"3 minutos"},"schema":{"@context":"https:\/\/schema.org","@graph":[{"@type":"WebPage","@id":"https:\/\/frivape.com\/product\/bang-king-tornado-40000-puffs-disposable-vape-led-display\/","url":"https:\/\/frivape.com\/product\/bang-king-tornado-40000-puffs-disposable-vape-led-display\/","name":"Bang King Tornado 40000 Puffs Vape descart\u00e1vel - Visor LED 40k Vape","isPartOf":{"@id":"https:\/\/frivape.com\/#website"},"primaryImageOfPage":{"@id":"https:\/\/frivape.com\/product\/bang-king-tornado-40000-puffs-disposable-vape-led-display\/#primaryimage"},"image":{"@id":"https:\/\/frivape.com\/product\/bang-king-tornado-40000-puffs-disposable-vape-led-display\/#primaryimage"},"thumbnailUrl":"https:\/\/frivape.com\/wp-content\/uploads\/2026\/04\/vape-maison-bang-king-tornado-40000-puffs-watermelon-800x800-1.webp","datePublished":"2026-04-06T06:44:27+00:00","dateModified":"2026-04-09T03:21:05+00:00","description":"Comprar o Bang King Tornado 40000 Puffs. Possui 35mL de e-l\u00edquido, bateria recarreg\u00e1vel de 1000mAh, bobina de malha de 1,0\u03a9 e display LED inteligente. Dispon\u00edvel em 0%-5% nicotina. Envio r\u00e1pido para a UE!","breadcrumb":{"@id":"https:\/\/frivape.com\/product\/bang-king-tornado-40000-puffs-disposable-vape-led-display\/#breadcrumb"},"inLanguage":"pt-PT","potentialAction":[{"@type":"ReadAction","target":["https:\/\/frivape.com\/product\/bang-king-tornado-40000-puffs-disposable-vape-led-display\/"]}]},{"@type":"ImageObject","inLanguage":"pt-PT","@id":"https:\/\/frivape.com\/product\/bang-king-tornado-40000-puffs-disposable-vape-led-display\/#primaryimage","url":"https:\/\/frivape.com\/wp-content\/uploads\/2026\/04\/vape-maison-bang-king-tornado-40000-puffs-watermelon-800x800-1.webp","contentUrl":"https:\/\/frivape.com\/wp-content\/uploads\/2026\/04\/vape-maison-bang-king-tornado-40000-puffs-watermelon-800x800-1.webp","width":800,"height":800},{"@type":"BreadcrumbList","@id":"https:\/\/frivape.com\/product\/bang-king-tornado-40000-puffs-disposable-vape-led-display\/#breadcrumb","itemListElement":[{"@type":"ListItem","position":1,"name":"\u9996\u9875","item":"https:\/\/frivape.com\/"},{"@type":"ListItem","position":2,"name":"Shop","item":"https:\/\/frivape.com\/shop\/"},{"@type":"ListItem","position":3,"name":"Bang King Tornado 40000 Puffs Disposable Vape | Smart LED Display &amp; Adjustable Airflow"}]},{"@type":"WebSite","@id":"https:\/\/frivape.com\/#website","url":"https:\/\/frivape.com\/","name":"frivape | Loja Online de Vape - Melhores Vapes, Mods e Kits Descart\u00e1veis","description":"Compre na frivape, a sua principal loja online de vape para mods aut\u00eanticos, vapes descart\u00e1veis e e-l\u00edquidos de primeira qualidade. Diretamente de Shenzhen com envio local r\u00e1pido para a Europa. Alta qualidade a pre\u00e7os grossistas.","publisher":{"@id":"https:\/\/frivape.com\/#organization"},"potentialAction":[{"@type":"SearchAction","target":{"@type":"EntryPoint","urlTemplate":"https:\/\/frivape.com\/?s={search_term_string}"},"query-input":{"@type":"PropertyValueSpecification","valueRequired":true,"valueName":"search_term_string"}}],"inLanguage":"pt-PT"},{"@type":"Organization","@id":"https:\/\/frivape.com\/#organization","name":"frivape | Loja Online de Vape - Melhores Vapes, Mods e Kits Descart\u00e1veis","url":"https:\/\/frivape.com\/","logo":{"@type":"ImageObject","inLanguage":"pt-PT","@id":"https:\/\/frivape.com\/#\/schema\/logo\/image\/","url":"https:\/\/frivape.com\/wp-content\/uploads\/2026\/03\/cropped-frivape-site-title-icon.png","contentUrl":"https:\/\/frivape.com\/wp-content\/uploads\/2026\/03\/cropped-frivape-site-title-icon.png","width":470,"height":110,"caption":"frivape | Online Vape Store - Best Vapes, Mods &amp; Disposable Kits"},"image":{"@id":"https:\/\/frivape.com\/#\/schema\/logo\/image\/"}}]}},"tiered_pricing_type":"fixed","tiered_pricing_fixed_rules":{"10":9.48,"50":8.88,"100":8.28,"200":7.68},"tiered_pricing_product_settings":{"layout":"blocks","base_unit_name":{"singular":null,"plural":null},"default_variation":{}},"tiered_pricing_minimum_quantity":null,"tiered_pricing_roles_data":[],"tiered_pricing_percentage_rules":[],"_links":{"self":[{"href":"https:\/\/frivape.com\/pt\/wp-json\/wp\/v2\/product\/8049","targetHints":{"allow":["GET"]}}],"collection":[{"href":"https:\/\/frivape.com\/pt\/wp-json\/wp\/v2\/product"}],"about":[{"href":"https:\/\/frivape.com\/pt\/wp-json\/wp\/v2\/types\/product"}],"replies":[{"embeddable":true,"href":"https:\/\/frivape.com\/pt\/wp-json\/wp\/v2\/comments?post=8049"}],"wp:featuredmedia":[{"embeddable":true,"href":"https:\/\/frivape.com\/pt\/wp-json\/wp\/v2\/media\/8055"}],"wp:attachment":[{"href":"https:\/\/frivape.com\/pt\/wp-json\/wp\/v2\/media?parent=8049"}],"wp:term":[{"taxonomy":"product_brand","embeddable":true,"href":"https:\/\/frivape.com\/pt\/wp-json\/wp\/v2\/product_brand?post=8049"},{"taxonomy":"product_cat","embeddable":true,"href":"https:\/\/frivape.com\/pt\/wp-json\/wp\/v2\/product_cat?post=8049"},{"taxonomy":"product_tag","embeddable":true,"href":"https:\/\/frivape.com\/pt\/wp-json\/wp\/v2\/product_tag?post=8049"}],"curies":[{"name":"wp","href":"https:\/\/api.w.org\/{rel}","templated":true}]}}