{"id":8234,"date":"2026-04-09T01:00:26","date_gmt":"2026-04-08T17:00:26","guid":{"rendered":"https:\/\/frivape.com\/?post_type=product&#038;p=8234"},"modified":"2026-04-09T11:08:24","modified_gmt":"2026-04-09T03:08:24","slug":"bang-20000-puffs-vape-descartavel-visor-led-recarregavel","status":"publish","type":"product","link":"https:\/\/frivape.com\/pt\/product\/bang-20000-puffs-vape-descartavel-visor-led-recarregavel\/","title":{"rendered":"Vape descart\u00e1vel Bang 20000 Puffs | Display LED inteligente e bobina de malha de 0,8\u03a9"},"content":{"rendered":"<h2 class=\"wp-block-heading has-text-align-center\"><strong>A engenharia de precis\u00e3o encontra a capacidade maci\u00e7a: Bang 20000 Puffs<\/strong><\/h2>\n\n\n\n<p>O <strong>Bang 20000 Puffs Visor LED Vape descart\u00e1vel<\/strong> foi concebido para os vapers que d\u00e3o prioridade \u00e0 longevidade e ao controlo em tempo real. Este dispositivo \u201cSmart Edition\u201d elimina as suposi\u00e7\u00f5es, permitindo-lhe monitorizar os seus n\u00edveis enquanto desfruta do sabor robusto produzido pelo seu sistema de aquecimento de malha de \u00faltima gera\u00e7\u00e3o.<\/p>\n\n\n\n<h3 class=\"wp-block-heading\"><strong>Destaques t\u00e9cnicos avan\u00e7ados<\/strong><\/h3>\n\n\n\n<ul class=\"wp-block-list\">\n<li><strong>Intelig\u00eancia digital:<\/strong> O sistema integrado <strong>Ecr\u00e3 digital LED<\/strong> fornece informa\u00e7\u00f5es instant\u00e2neas sobre a dura\u00e7\u00e3o da bateria e o consumo de e-l\u00edquido. Nunca mais se preocupe com uma batida seca inesperada ou uma bateria descarregada.<\/li>\n\n\n\n<li><strong>Bobina de malha Flavor-First 0.8\u03a9:<\/strong> Especificamente ajustada para o reservat\u00f3rio de 25 ml, a bobina de malha de 0,8 ohm aumenta a \u00e1rea de superf\u00edcie para aquecimento, resultando em nuvens mais densas e um perfil de sabor mais intenso em compara\u00e7\u00e3o com as bobinas tradicionais.<\/li>\n\n\n\n<li><strong>Desempenho alargado de 20k:<\/strong> Com uma capacidade espantosa de 20.000 baforadas, este dispositivo foi concebido para durar mais do que a concorr\u00eancia, o que o torna uma escolha econ\u00f3mica e fi\u00e1vel para utiliza\u00e7\u00e3o di\u00e1ria.<\/li>\n\n\n\n<li><strong>Poder de recupera\u00e7\u00e3o r\u00e1pida:<\/strong> O <strong>Bateria de 650mAh<\/strong> \u00e9 optimizado para efici\u00eancia e emparelhado com um <strong>Porta de carregamento tipo C<\/strong> para garantir que passa mais tempo a vaporizar e menos tempo \u00e0 espera.<\/li>\n<\/ul>\n\n\n\n<h3 class=\"wp-block-heading\"><strong>Sele\u00e7\u00e3o abrangente de sabores<\/strong><\/h3>\n\n\n\n<p>Delicie-se com um espetro diversificado de mais de 13 sabores de primeira qualidade:<\/p>\n\n\n\n<ol start=\"1\" class=\"wp-block-list\">\n<li><strong>Hortel\u00e3:<\/strong> Uma explos\u00e3o crocante e refrescante de puro mentol.<\/li>\n\n\n\n<li><strong>Lichia de morango:<\/strong> Morangos doces combinados com l\u00edchias ex\u00f3ticas.<\/li>\n\n\n\n<li><strong>Morango Kiwi:<\/strong> Um cl\u00e1ssico duo tropical picante e doce.<\/li>\n\n\n\n<li><strong>Red Bull:<\/strong> Um vape energizante e borbulhante inspirado em bebidas.<\/li>\n\n\n\n<li><strong>Frutos mistos:<\/strong> Uma mistura exuberante de frutas favoritas do mundo.<\/li>\n\n\n\n<li><strong>Gelo de mirtilo:<\/strong> Mirtilos maduros com um final gelado.<\/li>\n\n\n\n<li><strong>Mirtilo Framboesa:<\/strong> Uma explos\u00e3o de frutos silvestres azedos e doces.<\/li>\n\n\n\n<li><strong>Melancia com mirtilo:<\/strong> O mel\u00e3o refrescante encontra notas profundas de frutos silvestres.<\/li>\n\n\n\n<li><strong>Melancia:<\/strong> Simples, sumarento e que mata a sede.<\/li>\n\n\n\n<li><strong>Melancia com framboesa:<\/strong> Um toque picante na melancia cl\u00e1ssica.<\/li>\n\n\n\n<li><strong>Manga com morango:<\/strong> Manga tropical cremosa com morango doce.<\/li>\n\n\n\n<li><strong>Ma\u00e7\u00e3 dupla:<\/strong> Uma mistura crocante de ma\u00e7\u00e3s vermelhas e verdes.<\/li>\n\n\n\n<li><strong>Manga P\u00eassego Melancia:<\/strong> A derradeira fus\u00e3o de frutos de ver\u00e3o.<\/li>\n<\/ol>\n\n\n\n<h3 class=\"wp-block-heading\"><strong>Perguntas mais frequentes (FAQs)<\/strong><\/h3>\n\n\n\n<ul class=\"wp-block-list\">\n<li><strong>O que torna a bobina de malha de 0,8\u03a9 melhor?<\/strong> Proporciona um aquecimento mais r\u00e1pido e um maior fluxo de ar, o que real\u00e7a o sabor do e-l\u00edquido e cria uma sensa\u00e7\u00e3o mais suave na garganta.<\/li>\n\n\n\n<li><strong>Como \u00e9 que sei quando o dispositivo est\u00e1 vazio?<\/strong> O visor LED mostrar\u00e1 o n\u00edvel de e-l\u00edquido a diminuir. Quando o n\u00edvel de sumo chega a zero no ecr\u00e3, o dispositivo atingiu a sua capacidade.<\/li>\n\n\n\n<li><strong>O cabo de carregamento est\u00e1 inclu\u00eddo?<\/strong> Normalmente, os cabos Tipo-C n\u00e3o s\u00e3o inclu\u00eddos nas embalagens individuais para minimizar os res\u00edduos ambientais, mas qualquer cabo Tipo-C normalizado funciona.<\/li>\n\n\n\n<li><strong>Quanto tempo duram 20.000 baforadas?<\/strong> Para um utilizador m\u00e9dio, este dispositivo pode durar entre 15 e 25 dias, dependendo dos h\u00e1bitos de utiliza\u00e7\u00e3o.<\/li>\n<\/ul>\n\n\n\n<hr class=\"wp-block-separator has-alpha-channel-opacity\"\/>\n\n\n\n<p><strong>AVISO:<\/strong> Este produto cont\u00e9m nicotina. A nicotina \u00e9 uma subst\u00e2ncia qu\u00edmica que causa depend\u00eancia.<\/p>\n\n\n\n<p><strong>Restri\u00e7\u00e3o de idade:<\/strong> \u00c9 necess\u00e1rio ter mais de 18 anos (ou a idade legal para fumar na sua regi\u00e3o) para comprar e utilizar este produto. Manter fora do alcance das crian\u00e7as e dos animais dom\u00e9sticos.<\/p>","protected":false},"excerpt":{"rendered":"<p data-path-to-node=\"7\">O <b data-path-to-node=\"7\" data-index-in-node=\"4\">Bang 20000<\/b> \u00e9 a combina\u00e7\u00e3o perfeita de desempenho de alta capacidade e tecnologia moderna.<\/p>\n<ul data-path-to-node=\"8\">\n<li>\n<p data-path-to-node=\"8,0,0\"><b data-path-to-node=\"8,0,0\" data-index-in-node=\"0\">Contagem de baforadas:<\/b> At\u00e9 20.000 baforadas<\/p>\n<\/li>\n<li>\n<p data-path-to-node=\"8,1,0\"><b data-path-to-node=\"8,1,0\" data-index-in-node=\"0\">Capacidade:<\/b> E-l\u00edquido pr\u00e9-cheio de 25 ml<\/p>\n<\/li>\n<li>\n<p data-path-to-node=\"8,2,0\"><b data-path-to-node=\"8,2,0\" data-index-in-node=\"0\">Ecr\u00e3:<\/b> Ecr\u00e3 LED em tempo real (monitoriza\u00e7\u00e3o da bateria e do sumo)<\/p>\n<\/li>\n<li>\n<p data-path-to-node=\"8,3,0\"><b data-path-to-node=\"8,3,0\" data-index-in-node=\"0\">Bateria:<\/b> 650mAh (recarreg\u00e1vel tipo C)<\/p>\n<\/li>\n<li>\n<p data-path-to-node=\"8,4,0\"><b data-path-to-node=\"8,4,0\" data-index-in-node=\"0\">Aquecimento:<\/b> Bobina de malha avan\u00e7ada de 0,8\u03a9 para um vapor rico<\/p>\n<\/li>\n<li>\n<p data-path-to-node=\"8,5,0\"><b data-path-to-node=\"8,5,0\" data-index-in-node=\"0\">Conce\u00e7\u00e3o:<\/b> Constru\u00e7\u00e3o elegante, port\u00e1til e amiga do ambiente<\/p>\n<\/li>\n<\/ul>","protected":false},"featured_media":8237,"comment_status":"open","ping_status":"closed","template":"","meta":[],"product_brand":[61],"product_cat":[96,87,95,83],"product_tag":[76,93,77,79],"class_list":{"0":"post-8234","1":"product","2":"type-product","3":"status-publish","4":"has-post-thumbnail","6":"product_brand-bang","7":"product_cat-dual-mesh-vapes","8":"product_cat-iced-fruit-vapes","9":"product_cat-mesh-coil-vapes","10":"product_cat-pro-puffs-vapes","11":"product_tag-mtl-vaping","12":"product_tag-rdl-vaping","13":"product_tag-recharge","14":"product_tag-smart-screen-display","16":"first","17":"instock","18":"sale","19":"shipping-taxable","20":"purchasable","21":"product-type-variable"},"yoast_head":"<!-- This site is optimized with the Yoast SEO plugin v27.1.1 - https:\/\/yoast.com\/product\/yoast-seo-wordpress\/ -->\n<title>Bang 20000 Puffs Disposable Vape - Smart LED Display &amp; Mesh Coil<\/title>\n<meta name=\"description\" content=\"Experience the Bang 20000 Puffs with a smart LED display. Features 25mL e-liquid, 0.8\u03a9 mesh coil, and 650mAh rechargeable battery. Fast shipping on all 20k vapes!\" \/>\n<meta name=\"robots\" content=\"noindex, follow, max-snippet:-1, max-image-preview:large, max-video-preview:-1\" \/>\n<meta property=\"og:locale\" content=\"pt_PT\" \/>\n<meta property=\"og:type\" content=\"article\" \/>\n<meta property=\"og:title\" content=\"Bang 20000 Puffs Disposable Vape - Smart LED Display &amp; Mesh Coil\" \/>\n<meta property=\"og:description\" content=\"Experience the Bang 20000 Puffs with a smart LED display. Features 25mL e-liquid, 0.8\u03a9 mesh coil, and 650mAh rechargeable battery. Fast shipping on all 20k vapes!\" \/>\n<meta property=\"og:url\" content=\"https:\/\/frivape.com\/pt\/product\/bang-20000-puffs-vape-descartavel-visor-led-recarregavel\/\" \/>\n<meta property=\"og:site_name\" content=\"frivape | Online Vape Store - Best Vapes, Mods &amp; Disposable Kits\" \/>\n<meta property=\"article:modified_time\" content=\"2026-04-09T03:08:24+00:00\" \/>\n<meta property=\"og:image\" content=\"https:\/\/frivape.com\/wp-content\/uploads\/2026\/04\/vape-bang-20000-Puffs-00018.jpg.webp\" \/>\n\t<meta property=\"og:image:width\" content=\"1000\" \/>\n\t<meta property=\"og:image:height\" content=\"1000\" \/>\n\t<meta property=\"og:image:type\" content=\"image\/webp\" \/>\n<meta name=\"twitter:card\" content=\"summary_large_image\" \/>\n<meta name=\"twitter:label1\" content=\"Tempo estimado de leitura\" \/>\n\t<meta name=\"twitter:data1\" content=\"3 minutos\" \/>\n<script type=\"application\/ld+json\" class=\"yoast-schema-graph\">{\"@context\":\"https:\/\/schema.org\",\"@graph\":[{\"@type\":\"WebPage\",\"@id\":\"https:\/\/frivape.com\/product\/bang-20000-puffs-disposable-vape-led-display-rechargeable\/\",\"url\":\"https:\/\/frivape.com\/product\/bang-20000-puffs-disposable-vape-led-display-rechargeable\/\",\"name\":\"Bang 20000 Puffs Disposable Vape - Smart LED Display & Mesh Coil\",\"isPartOf\":{\"@id\":\"https:\/\/frivape.com\/#website\"},\"primaryImageOfPage\":{\"@id\":\"https:\/\/frivape.com\/product\/bang-20000-puffs-disposable-vape-led-display-rechargeable\/#primaryimage\"},\"image\":{\"@id\":\"https:\/\/frivape.com\/product\/bang-20000-puffs-disposable-vape-led-display-rechargeable\/#primaryimage\"},\"thumbnailUrl\":\"https:\/\/frivape.com\/wp-content\/uploads\/2026\/04\/vape-bang-20000-Puffs-00018.jpg.webp\",\"datePublished\":\"2026-04-08T17:00:26+00:00\",\"dateModified\":\"2026-04-09T03:08:24+00:00\",\"description\":\"Experience the Bang 20000 Puffs with a smart LED display. Features 25mL e-liquid, 0.8\u03a9 mesh coil, and 650mAh rechargeable battery. Fast shipping on all 20k vapes!\",\"breadcrumb\":{\"@id\":\"https:\/\/frivape.com\/product\/bang-20000-puffs-disposable-vape-led-display-rechargeable\/#breadcrumb\"},\"inLanguage\":\"pt-PT\",\"potentialAction\":[{\"@type\":\"ReadAction\",\"target\":[\"https:\/\/frivape.com\/product\/bang-20000-puffs-disposable-vape-led-display-rechargeable\/\"]}]},{\"@type\":\"ImageObject\",\"inLanguage\":\"pt-PT\",\"@id\":\"https:\/\/frivape.com\/product\/bang-20000-puffs-disposable-vape-led-display-rechargeable\/#primaryimage\",\"url\":\"https:\/\/frivape.com\/wp-content\/uploads\/2026\/04\/vape-bang-20000-Puffs-00018.jpg.webp\",\"contentUrl\":\"https:\/\/frivape.com\/wp-content\/uploads\/2026\/04\/vape-bang-20000-Puffs-00018.jpg.webp\",\"width\":1000,\"height\":1000},{\"@type\":\"BreadcrumbList\",\"@id\":\"https:\/\/frivape.com\/product\/bang-20000-puffs-disposable-vape-led-display-rechargeable\/#breadcrumb\",\"itemListElement\":[{\"@type\":\"ListItem\",\"position\":1,\"name\":\"\u9996\u9875\",\"item\":\"https:\/\/frivape.com\/\"},{\"@type\":\"ListItem\",\"position\":2,\"name\":\"Shop\",\"item\":\"https:\/\/frivape.com\/shop\/\"},{\"@type\":\"ListItem\",\"position\":3,\"name\":\"Bang 20000 Puffs Disposable Vape | Smart LED Display &amp; 0.8\u03a9 Mesh Coil\"}]},{\"@type\":\"WebSite\",\"@id\":\"https:\/\/frivape.com\/#website\",\"url\":\"https:\/\/frivape.com\/\",\"name\":\"frivape | Online Vape Store - Best Vapes, Mods &amp; Disposable Kits\",\"description\":\"Shop frivape, your premier online vape shop for authentic mods, disposable vapes, and premium e-liquids. Direct from Shenzhen with fast Europe local shipping. High quality at wholesale prices.\",\"publisher\":{\"@id\":\"https:\/\/frivape.com\/#organization\"},\"potentialAction\":[{\"@type\":\"SearchAction\",\"target\":{\"@type\":\"EntryPoint\",\"urlTemplate\":\"https:\/\/frivape.com\/?s={search_term_string}\"},\"query-input\":{\"@type\":\"PropertyValueSpecification\",\"valueRequired\":true,\"valueName\":\"search_term_string\"}}],\"inLanguage\":\"pt-PT\"},{\"@type\":\"Organization\",\"@id\":\"https:\/\/frivape.com\/#organization\",\"name\":\"frivape | Online Vape Store - Best Vapes, Mods &amp; Disposable Kits\",\"url\":\"https:\/\/frivape.com\/\",\"logo\":{\"@type\":\"ImageObject\",\"inLanguage\":\"pt-PT\",\"@id\":\"https:\/\/frivape.com\/#\/schema\/logo\/image\/\",\"url\":\"https:\/\/frivape.com\/wp-content\/uploads\/2026\/03\/cropped-frivape-site-title-icon.png\",\"contentUrl\":\"https:\/\/frivape.com\/wp-content\/uploads\/2026\/03\/cropped-frivape-site-title-icon.png\",\"width\":470,\"height\":110,\"caption\":\"frivape | Online Vape Store - Best Vapes, Mods &amp; Disposable Kits\"},\"image\":{\"@id\":\"https:\/\/frivape.com\/#\/schema\/logo\/image\/\"}}]}<\/script>\n<!-- \/ Yoast SEO plugin. -->","yoast_head_json":{"title":"Bang 20000 Puffs Vape Descart\u00e1vel - Ecr\u00e3 LED Inteligente e Bobina de Malha","description":"Experimente o Bang 20000 Puffs com um ecr\u00e3 LED inteligente. Possui 25mL de e-l\u00edquido, bobina de malha de 0,8\u03a9 e bateria recarreg\u00e1vel de 650mAh. Envio r\u00e1pido em todos os 20k vapes!","robots":{"index":"noindex","follow":"follow","max-snippet":"max-snippet:-1","max-image-preview":"max-image-preview:large","max-video-preview":"max-video-preview:-1"},"og_locale":"pt_PT","og_type":"article","og_title":"Bang 20000 Puffs Disposable Vape - Smart LED Display & Mesh Coil","og_description":"Experience the Bang 20000 Puffs with a smart LED display. Features 25mL e-liquid, 0.8\u03a9 mesh coil, and 650mAh rechargeable battery. Fast shipping on all 20k vapes!","og_url":"https:\/\/frivape.com\/pt\/product\/bang-20000-puffs-vape-descartavel-visor-led-recarregavel\/","og_site_name":"frivape | Online Vape Store - Best Vapes, Mods &amp; Disposable Kits","article_modified_time":"2026-04-09T03:08:24+00:00","og_image":[{"width":1000,"height":1000,"url":"https:\/\/frivape.com\/wp-content\/uploads\/2026\/04\/vape-bang-20000-Puffs-00018.jpg.webp","type":"image\/webp"}],"twitter_card":"summary_large_image","twitter_misc":{"Tempo estimado de leitura":"3 minutos"},"schema":{"@context":"https:\/\/schema.org","@graph":[{"@type":"WebPage","@id":"https:\/\/frivape.com\/product\/bang-20000-puffs-disposable-vape-led-display-rechargeable\/","url":"https:\/\/frivape.com\/product\/bang-20000-puffs-disposable-vape-led-display-rechargeable\/","name":"Bang 20000 Puffs Vape Descart\u00e1vel - Ecr\u00e3 LED Inteligente e Bobina de Malha","isPartOf":{"@id":"https:\/\/frivape.com\/#website"},"primaryImageOfPage":{"@id":"https:\/\/frivape.com\/product\/bang-20000-puffs-disposable-vape-led-display-rechargeable\/#primaryimage"},"image":{"@id":"https:\/\/frivape.com\/product\/bang-20000-puffs-disposable-vape-led-display-rechargeable\/#primaryimage"},"thumbnailUrl":"https:\/\/frivape.com\/wp-content\/uploads\/2026\/04\/vape-bang-20000-Puffs-00018.jpg.webp","datePublished":"2026-04-08T17:00:26+00:00","dateModified":"2026-04-09T03:08:24+00:00","description":"Experimente o Bang 20000 Puffs com um ecr\u00e3 LED inteligente. Possui 25mL de e-l\u00edquido, bobina de malha de 0,8\u03a9 e bateria recarreg\u00e1vel de 650mAh. Envio r\u00e1pido em todos os 20k vapes!","breadcrumb":{"@id":"https:\/\/frivape.com\/product\/bang-20000-puffs-disposable-vape-led-display-rechargeable\/#breadcrumb"},"inLanguage":"pt-PT","potentialAction":[{"@type":"ReadAction","target":["https:\/\/frivape.com\/product\/bang-20000-puffs-disposable-vape-led-display-rechargeable\/"]}]},{"@type":"ImageObject","inLanguage":"pt-PT","@id":"https:\/\/frivape.com\/product\/bang-20000-puffs-disposable-vape-led-display-rechargeable\/#primaryimage","url":"https:\/\/frivape.com\/wp-content\/uploads\/2026\/04\/vape-bang-20000-Puffs-00018.jpg.webp","contentUrl":"https:\/\/frivape.com\/wp-content\/uploads\/2026\/04\/vape-bang-20000-Puffs-00018.jpg.webp","width":1000,"height":1000},{"@type":"BreadcrumbList","@id":"https:\/\/frivape.com\/product\/bang-20000-puffs-disposable-vape-led-display-rechargeable\/#breadcrumb","itemListElement":[{"@type":"ListItem","position":1,"name":"\u9996\u9875","item":"https:\/\/frivape.com\/"},{"@type":"ListItem","position":2,"name":"Shop","item":"https:\/\/frivape.com\/shop\/"},{"@type":"ListItem","position":3,"name":"Bang 20000 Puffs Disposable Vape | Smart LED Display &amp; 0.8\u03a9 Mesh Coil"}]},{"@type":"WebSite","@id":"https:\/\/frivape.com\/#website","url":"https:\/\/frivape.com\/","name":"frivape | Loja Online de Vape - Melhores Vapes, Mods e Kits Descart\u00e1veis","description":"Compre na frivape, a sua principal loja online de vape para mods aut\u00eanticos, vapes descart\u00e1veis e e-l\u00edquidos de primeira qualidade. Diretamente de Shenzhen com envio local r\u00e1pido para a Europa. Alta qualidade a pre\u00e7os grossistas.","publisher":{"@id":"https:\/\/frivape.com\/#organization"},"potentialAction":[{"@type":"SearchAction","target":{"@type":"EntryPoint","urlTemplate":"https:\/\/frivape.com\/?s={search_term_string}"},"query-input":{"@type":"PropertyValueSpecification","valueRequired":true,"valueName":"search_term_string"}}],"inLanguage":"pt-PT"},{"@type":"Organization","@id":"https:\/\/frivape.com\/#organization","name":"frivape | Loja Online de Vape - Melhores Vapes, Mods e Kits Descart\u00e1veis","url":"https:\/\/frivape.com\/","logo":{"@type":"ImageObject","inLanguage":"pt-PT","@id":"https:\/\/frivape.com\/#\/schema\/logo\/image\/","url":"https:\/\/frivape.com\/wp-content\/uploads\/2026\/03\/cropped-frivape-site-title-icon.png","contentUrl":"https:\/\/frivape.com\/wp-content\/uploads\/2026\/03\/cropped-frivape-site-title-icon.png","width":470,"height":110,"caption":"frivape | Online Vape Store - Best Vapes, Mods &amp; Disposable Kits"},"image":{"@id":"https:\/\/frivape.com\/#\/schema\/logo\/image\/"}}]}},"tiered_pricing_type":"fixed","tiered_pricing_fixed_rules":{"10":9.88,"50":8.88,"100":7.88,"200":6.99},"tiered_pricing_product_settings":{"layout":"default","base_unit_name":{"singular":null,"plural":null},"default_variation":{}},"tiered_pricing_minimum_quantity":null,"tiered_pricing_roles_data":[],"tiered_pricing_percentage_rules":[],"_links":{"self":[{"href":"https:\/\/frivape.com\/pt\/wp-json\/wp\/v2\/product\/8234","targetHints":{"allow":["GET"]}}],"collection":[{"href":"https:\/\/frivape.com\/pt\/wp-json\/wp\/v2\/product"}],"about":[{"href":"https:\/\/frivape.com\/pt\/wp-json\/wp\/v2\/types\/product"}],"replies":[{"embeddable":true,"href":"https:\/\/frivape.com\/pt\/wp-json\/wp\/v2\/comments?post=8234"}],"wp:featuredmedia":[{"embeddable":true,"href":"https:\/\/frivape.com\/pt\/wp-json\/wp\/v2\/media\/8237"}],"wp:attachment":[{"href":"https:\/\/frivape.com\/pt\/wp-json\/wp\/v2\/media?parent=8234"}],"wp:term":[{"taxonomy":"product_brand","embeddable":true,"href":"https:\/\/frivape.com\/pt\/wp-json\/wp\/v2\/product_brand?post=8234"},{"taxonomy":"product_cat","embeddable":true,"href":"https:\/\/frivape.com\/pt\/wp-json\/wp\/v2\/product_cat?post=8234"},{"taxonomy":"product_tag","embeddable":true,"href":"https:\/\/frivape.com\/pt\/wp-json\/wp\/v2\/product_tag?post=8234"}],"curies":[{"name":"wp","href":"https:\/\/api.w.org\/{rel}","templated":true}]}}