{"id":8299,"date":"2026-04-09T11:49:24","date_gmt":"2026-04-09T03:49:24","guid":{"rendered":"https:\/\/frivape.com\/?post_type=product&#038;p=8299"},"modified":"2026-04-09T12:02:57","modified_gmt":"2026-04-09T04:02:57","slug":"bang-25000-puffs-vape-descartavel-smart-led-display","status":"publish","type":"product","link":"https:\/\/frivape.com\/pt\/product\/bang-25000-puffs-vape-descartavel-smart-led-display\/","title":{"rendered":"Vape descart\u00e1vel Bang 25000 Puffs | Visor LED inteligente e c\u00e1psula de bobina de malha de 1.0\u03a9"},"content":{"rendered":"<h2 class=\"wp-block-heading has-text-align-center\"><strong>Experimente \u201cPower &amp; Bold Flavor\u201d com o Bang 25000 Puffs<\/strong><\/h2>\n\n\n\n<p>Como uma sensa\u00e7\u00e3o global na ind\u00fastria vaping, <strong>Pancada<\/strong> continua a sua miss\u00e3o de fornecer tecnologia que define tend\u00eancias. O <strong>Bang 25000 Puffs (Edi\u00e7\u00e3o 25k)<\/strong> n\u00e3o \u00e9 apenas um vape; \u00e9 um cigarro eletr\u00f3nico de alto desempenho concebido para substituir o fumo tradicional por uma alternativa mais satisfat\u00f3ria e tecnol\u00f3gica. Utilizando a assinatura <strong>Tecnologia Mesh Coil<\/strong>, Este dispositivo garante que cada tragada - da primeira \u00e0 25.000\u00aa - seja repleta de sabor intenso.<\/p>\n\n\n\n<h3 class=\"wp-block-heading\"><strong>Tecnologia de vaporiza\u00e7\u00e3o avan\u00e7ada<\/strong><\/h3>\n\n\n\n<ul class=\"wp-block-list\">\n<li><strong>Ecr\u00e3 digital do painel de instrumentos:<\/strong> Mantenha-se informado com a informa\u00e7\u00e3o integrada <strong>Ecr\u00e3 LED inteligente<\/strong>. Fornece uma leitura digital clara da percentagem de bateria restante e dos n\u00edveis de e-l\u00edquido, assegurando que nunca \u00e9 apanhado desprevenido por uma descarga seca ou um dispositivo sem carga.<\/li>\n\n\n\n<li><strong>Capacidade inigual\u00e1vel de 30 ml:<\/strong> Com uma enorme c\u00e2mara de 30 ml de e-l\u00edquido, a Bang 25000 foi concebida para ser resistente. \u00c9 a melhor escolha para utilizadores intensivos e para quem procura uma caneta vape descart\u00e1vel econ\u00f3mica e duradoura.<\/li>\n\n\n\n<li><strong>Controlo de vapor personaliz\u00e1vel:<\/strong> O sistema de fluxo de ar ajust\u00e1vel permite-lhe afinar o seu saque. Aperte-o para obter um cl\u00e1ssico <strong>MTL (Boca a Pulm\u00e3o)<\/strong> sensa\u00e7\u00e3o de cigarro, ou abri-lo para uma sensa\u00e7\u00e3o mais suave <strong>RDL (Pulm\u00e3o Direto Restrito)<\/strong> experi\u00eancia de procura de nuvens.<\/li>\n\n\n\n<li><strong>Carregamento r\u00e1pido tipo C:<\/strong> Alimentado por uma bateria recarreg\u00e1vel de 650mAh, o Bang 25k suporta um carregamento r\u00e1pido, atingindo a pot\u00eancia m\u00e1xima em cerca de 20-30 minutos, minimizando o tempo de inatividade.<\/li>\n<\/ul>\n\n\n\n<h3 class=\"wp-block-heading\"><strong>A s\u00e9rie 12 Sabores Negritos<\/strong><\/h3>\n\n\n\n<ol start=\"1\" class=\"wp-block-list\">\n<li><strong>Gelo de mirtilo:<\/strong> Bagas azedas com um final mentolado arrepiante.<\/li>\n\n\n\n<li><strong>Morango Kiwi:<\/strong> Uma fus\u00e3o tropical cl\u00e1ssica, doce e picante.<\/li>\n\n\n\n<li><strong>Melancia com morango:<\/strong> Bagas de ver\u00e3o exuberantes e mel\u00e3o refrescante.<\/li>\n\n\n\n<li><strong>Frutos mistos:<\/strong> Uma explos\u00e3o vibrante de diversos perfis de fruta.<\/li>\n\n\n\n<li><strong>Menta com mirtilo:<\/strong> Notas profundas de mirtilo com uma exala\u00e7\u00e3o refrescante de menta.<\/li>\n\n\n\n<li><strong>Sangue de Tigre:<\/strong> Uma mistura energ\u00e9tica de frutos ex\u00f3ticos e ousados.<\/li>\n\n\n\n<li><strong>Manga P\u00eassego:<\/strong> Manga tropical aveludada combinada com p\u00eassegos sumarentos.<\/li>\n\n\n\n<li><strong>Gelo de uva:<\/strong> Uvas maduras com geada.<\/li>\n\n\n\n<li><strong>Mirtilo Framboesa:<\/strong> Um duo de bagas sofisticado com uma do\u00e7ura equilibrada.<\/li>\n\n\n\n<li><strong>Gelo de melancia:<\/strong> Um refresco puro e gelado.<\/li>\n\n\n\n<li><strong>Pastilha el\u00e1stica de melancia:<\/strong> Um doce e nost\u00e1lgico rebu\u00e7ado.<\/li>\n\n\n\n<li><strong>Gelo de morango:<\/strong> Morangos maduros, beijados pelo sol, em gelo.<\/li>\n<\/ol>\n\n\n\n<h3 class=\"wp-block-heading\"><strong>Perguntas mais frequentes (FAQs)<\/strong><\/h3>\n\n\n\n<ul class=\"wp-block-list\">\n<li><strong>O Bang 25000 \u00e9 adequado para principiantes?<\/strong> Sem d\u00favida. \u00c9 um dispositivo ativado por tra\u00e7\u00e3o, sem bot\u00f5es complicados, o que o torna perfeito para vapers novos e experientes.<\/li>\n\n\n\n<li><strong>Como funciona o Smart Screen?<\/strong> O ecr\u00e3 ativa-se automaticamente quando inala, apresentando a percentagem exacta da sua bateria e o n\u00edvel de \u00f3leo restante no dep\u00f3sito.<\/li>\n\n\n\n<li><strong>Qual \u00e9 a vantagem da bobina de malha de 1,0\u03a9?<\/strong> A estrutura em malha proporciona uma maior \u00e1rea de superf\u00edcie para aquecer o e-l\u00edquido, resultando numa batida mais suave na garganta e numa reprodu\u00e7\u00e3o de sabor muito melhor em compara\u00e7\u00e3o com as bobinas normais.<\/li>\n\n\n\n<li><strong>\u00c9 poss\u00edvel efetuar envios para todo o mundo?<\/strong> Sim, oferecemos um envio r\u00e1pido e fi\u00e1vel a partir do nosso <strong>Armaz\u00e9m da UE<\/strong> e <strong>Shenzhen<\/strong> garantindo o desalfandegamento 100% e a entrega sem impostos na maioria das regi\u00f5es.<\/li>\n<\/ul>\n\n\n\n<hr class=\"wp-block-separator has-alpha-channel-opacity\"\/>\n\n\n\n<p><strong>AVISO:<\/strong> Este produto cont\u00e9m nicotina. A nicotina \u00e9 uma subst\u00e2ncia qu\u00edmica que causa depend\u00eancia.<\/p>\n\n\n\n<p><strong>Restri\u00e7\u00e3o de idade:<\/strong> \u00c9 necess\u00e1rio ter mais de 18 anos (ou a idade legal para fumar na sua regi\u00e3o) para comprar e utilizar este produto. Manter fora do alcance das crian\u00e7as e dos animais dom\u00e9sticos.<\/p>","protected":false},"excerpt":{"rendered":"<p data-path-to-node=\"7\">O <b data-path-to-node=\"7\" data-index-in-node=\"4\">Bang 25000<\/b> estabelece uma nova refer\u00eancia para vaporizadores descart\u00e1veis de longa dura\u00e7\u00e3o.<\/p>\n<ul data-path-to-node=\"8\">\n<li>\n<p data-path-to-node=\"8,0,0\"><b data-path-to-node=\"8,0,0\" data-index-in-node=\"0\">Contagem de baforadas:<\/b> 25.000 baforadas maci\u00e7as para uma utiliza\u00e7\u00e3o prolongada.<\/p>\n<\/li>\n<li>\n<p data-path-to-node=\"8,1,0\"><b data-path-to-node=\"8,1,0\" data-index-in-node=\"0\">E-Liquid:<\/b> Reservat\u00f3rio Premium pr\u00e9-cheio de 30 ml.<\/p>\n<\/li>\n<li>\n<p data-path-to-node=\"8,2,0\"><b data-path-to-node=\"8,2,0\" data-index-in-node=\"0\">Tecnologia inteligente:<\/b> Ecr\u00e3 LED digital para monitoriza\u00e7\u00e3o em tempo real da bateria e do sumo.<\/p>\n<\/li>\n<li>\n<p data-path-to-node=\"8,3,0\"><b data-path-to-node=\"8,3,0\" data-index-in-node=\"0\">Bateria:<\/b> Bateria de alta densidade de 650mAh (recarreg\u00e1vel tipo C).<\/p>\n<\/li>\n<li>\n<p data-path-to-node=\"8,4,0\"><b data-path-to-node=\"8,4,0\" data-index-in-node=\"0\">Aquecimento de precis\u00e3o:<\/b> Bobina de malha de 1.0\u03a9 para um vapor rico e consistente.<\/p>\n<\/li>\n<li>\n<p data-path-to-node=\"8,5,0\"><b data-path-to-node=\"8,5,0\" data-index-in-node=\"0\">Fluxo de ar:<\/b> Alternador de fluxo de ar totalmente ajust\u00e1vel para estilos MTL e RDL.<\/p>\n<\/li>\n<\/ul>\n<p>&nbsp;<\/p>","protected":false},"featured_media":8300,"comment_status":"open","ping_status":"closed","template":"","meta":[],"product_brand":[61],"product_cat":[87,95,83],"product_tag":[75,76,93,77,79],"class_list":{"0":"post-8299","1":"product","2":"type-product","3":"status-publish","4":"has-post-thumbnail","6":"product_brand-bang","7":"product_cat-iced-fruit-vapes","8":"product_cat-mesh-coil-vapes","9":"product_cat-pro-puffs-vapes","10":"product_tag-eu-warehouse","11":"product_tag-mtl-vaping","12":"product_tag-rdl-vaping","13":"product_tag-recharge","14":"product_tag-smart-screen-display","16":"first","17":"instock","18":"sale","19":"shipping-taxable","20":"purchasable","21":"product-type-variable"},"yoast_head":"<!-- This site is optimized with the Yoast SEO plugin v27.1.1 - https:\/\/yoast.com\/product\/yoast-seo-wordpress\/ -->\n<title>Bang 25000 25k Puffs Disposable Vape - Smart LED Display &amp; Adjustable Airflow<\/title>\n<meta name=\"description\" content=\"Shop the Bang 25000 Puffs Disposable Vape. Features 30mL e-liquid, 650mAh battery, Smart LED screen, and adjustable airflow. Available in 0%-5% nicotine. Fast shipping!\" \/>\n<meta name=\"robots\" content=\"noindex, follow, max-snippet:-1, max-image-preview:large, max-video-preview:-1\" \/>\n<meta property=\"og:locale\" content=\"pt_PT\" \/>\n<meta property=\"og:type\" content=\"article\" \/>\n<meta property=\"og:title\" content=\"Bang 25000 25k Puffs Disposable Vape - Smart LED Display &amp; Adjustable Airflow\" \/>\n<meta property=\"og:description\" content=\"Shop the Bang 25000 Puffs Disposable Vape. Features 30mL e-liquid, 650mAh battery, Smart LED screen, and adjustable airflow. Available in 0%-5% nicotine. Fast shipping!\" \/>\n<meta property=\"og:url\" content=\"https:\/\/frivape.com\/pt\/product\/bang-25000-puffs-vape-descartavel-smart-led-display\/\" \/>\n<meta property=\"og:site_name\" content=\"frivape | Online Vape Store - Best Vapes, Mods &amp; Disposable Kits\" \/>\n<meta property=\"article:modified_time\" content=\"2026-04-09T04:02:57+00:00\" \/>\n<meta property=\"og:image\" content=\"https:\/\/frivape.com\/wp-content\/uploads\/2026\/04\/bang-25000-puffs-tiger-blood-flavor.webp\" \/>\n\t<meta property=\"og:image:width\" content=\"1000\" \/>\n\t<meta property=\"og:image:height\" content=\"1000\" \/>\n\t<meta property=\"og:image:type\" content=\"image\/webp\" \/>\n<meta name=\"twitter:card\" content=\"summary_large_image\" \/>\n<meta name=\"twitter:label1\" content=\"Tempo estimado de leitura\" \/>\n\t<meta name=\"twitter:data1\" content=\"3 minutos\" \/>\n<script type=\"application\/ld+json\" class=\"yoast-schema-graph\">{\"@context\":\"https:\/\/schema.org\",\"@graph\":[{\"@type\":\"WebPage\",\"@id\":\"https:\/\/frivape.com\/product\/bang-25000-puffs-disposable-vape-smart-led-display\/\",\"url\":\"https:\/\/frivape.com\/product\/bang-25000-puffs-disposable-vape-smart-led-display\/\",\"name\":\"Bang 25000 25k Puffs Disposable Vape - Smart LED Display & Adjustable Airflow\",\"isPartOf\":{\"@id\":\"https:\/\/frivape.com\/#website\"},\"primaryImageOfPage\":{\"@id\":\"https:\/\/frivape.com\/product\/bang-25000-puffs-disposable-vape-smart-led-display\/#primaryimage\"},\"image\":{\"@id\":\"https:\/\/frivape.com\/product\/bang-25000-puffs-disposable-vape-smart-led-display\/#primaryimage\"},\"thumbnailUrl\":\"https:\/\/frivape.com\/wp-content\/uploads\/2026\/04\/bang-25000-puffs-tiger-blood-flavor.webp\",\"datePublished\":\"2026-04-09T03:49:24+00:00\",\"dateModified\":\"2026-04-09T04:02:57+00:00\",\"description\":\"Shop the Bang 25000 Puffs Disposable Vape. Features 30mL e-liquid, 650mAh battery, Smart LED screen, and adjustable airflow. Available in 0%-5% nicotine. Fast shipping!\",\"breadcrumb\":{\"@id\":\"https:\/\/frivape.com\/product\/bang-25000-puffs-disposable-vape-smart-led-display\/#breadcrumb\"},\"inLanguage\":\"pt-PT\",\"potentialAction\":[{\"@type\":\"ReadAction\",\"target\":[\"https:\/\/frivape.com\/product\/bang-25000-puffs-disposable-vape-smart-led-display\/\"]}]},{\"@type\":\"ImageObject\",\"inLanguage\":\"pt-PT\",\"@id\":\"https:\/\/frivape.com\/product\/bang-25000-puffs-disposable-vape-smart-led-display\/#primaryimage\",\"url\":\"https:\/\/frivape.com\/wp-content\/uploads\/2026\/04\/bang-25000-puffs-tiger-blood-flavor.webp\",\"contentUrl\":\"https:\/\/frivape.com\/wp-content\/uploads\/2026\/04\/bang-25000-puffs-tiger-blood-flavor.webp\",\"width\":1000,\"height\":1000},{\"@type\":\"BreadcrumbList\",\"@id\":\"https:\/\/frivape.com\/product\/bang-25000-puffs-disposable-vape-smart-led-display\/#breadcrumb\",\"itemListElement\":[{\"@type\":\"ListItem\",\"position\":1,\"name\":\"\u9996\u9875\",\"item\":\"https:\/\/frivape.com\/\"},{\"@type\":\"ListItem\",\"position\":2,\"name\":\"Shop\",\"item\":\"https:\/\/frivape.com\/shop\/\"},{\"@type\":\"ListItem\",\"position\":3,\"name\":\"Bang 25000 Puffs Disposable Vape | Smart LED Display &amp; 1.0\u03a9 Mesh Coil Pod\"}]},{\"@type\":\"WebSite\",\"@id\":\"https:\/\/frivape.com\/#website\",\"url\":\"https:\/\/frivape.com\/\",\"name\":\"frivape | Online Vape Store - Best Vapes, Mods &amp; Disposable Kits\",\"description\":\"Shop frivape, your premier online vape shop for authentic mods, disposable vapes, and premium e-liquids. Direct from Shenzhen with fast Europe local shipping. High quality at wholesale prices.\",\"publisher\":{\"@id\":\"https:\/\/frivape.com\/#organization\"},\"potentialAction\":[{\"@type\":\"SearchAction\",\"target\":{\"@type\":\"EntryPoint\",\"urlTemplate\":\"https:\/\/frivape.com\/?s={search_term_string}\"},\"query-input\":{\"@type\":\"PropertyValueSpecification\",\"valueRequired\":true,\"valueName\":\"search_term_string\"}}],\"inLanguage\":\"pt-PT\"},{\"@type\":\"Organization\",\"@id\":\"https:\/\/frivape.com\/#organization\",\"name\":\"frivape | Online Vape Store - Best Vapes, Mods &amp; Disposable Kits\",\"url\":\"https:\/\/frivape.com\/\",\"logo\":{\"@type\":\"ImageObject\",\"inLanguage\":\"pt-PT\",\"@id\":\"https:\/\/frivape.com\/#\/schema\/logo\/image\/\",\"url\":\"https:\/\/frivape.com\/wp-content\/uploads\/2026\/03\/cropped-frivape-site-title-icon.png\",\"contentUrl\":\"https:\/\/frivape.com\/wp-content\/uploads\/2026\/03\/cropped-frivape-site-title-icon.png\",\"width\":470,\"height\":110,\"caption\":\"frivape | Online Vape Store - Best Vapes, Mods &amp; Disposable Kits\"},\"image\":{\"@id\":\"https:\/\/frivape.com\/#\/schema\/logo\/image\/\"}}]}<\/script>\n<!-- \/ Yoast SEO plugin. -->","yoast_head_json":{"title":"Bang 25000 25k Puffs Vape descart\u00e1vel - Ecr\u00e3 LED inteligente e fluxo de ar ajust\u00e1vel","description":"Comprar o Vape descart\u00e1vel Bang 25000 Puffs. Possui 30mL de e-l\u00edquido, bateria de 650mAh, ecr\u00e3 LED inteligente e fluxo de ar ajust\u00e1vel. Dispon\u00edvel em 0%-5% nicotina. Envio r\u00e1pido!","robots":{"index":"noindex","follow":"follow","max-snippet":"max-snippet:-1","max-image-preview":"max-image-preview:large","max-video-preview":"max-video-preview:-1"},"og_locale":"pt_PT","og_type":"article","og_title":"Bang 25000 25k Puffs Disposable Vape - Smart LED Display & Adjustable Airflow","og_description":"Shop the Bang 25000 Puffs Disposable Vape. Features 30mL e-liquid, 650mAh battery, Smart LED screen, and adjustable airflow. Available in 0%-5% nicotine. Fast shipping!","og_url":"https:\/\/frivape.com\/pt\/product\/bang-25000-puffs-vape-descartavel-smart-led-display\/","og_site_name":"frivape | Online Vape Store - Best Vapes, Mods &amp; Disposable Kits","article_modified_time":"2026-04-09T04:02:57+00:00","og_image":[{"width":1000,"height":1000,"url":"https:\/\/frivape.com\/wp-content\/uploads\/2026\/04\/bang-25000-puffs-tiger-blood-flavor.webp","type":"image\/webp"}],"twitter_card":"summary_large_image","twitter_misc":{"Tempo estimado de leitura":"3 minutos"},"schema":{"@context":"https:\/\/schema.org","@graph":[{"@type":"WebPage","@id":"https:\/\/frivape.com\/product\/bang-25000-puffs-disposable-vape-smart-led-display\/","url":"https:\/\/frivape.com\/product\/bang-25000-puffs-disposable-vape-smart-led-display\/","name":"Bang 25000 25k Puffs Vape descart\u00e1vel - Ecr\u00e3 LED inteligente e fluxo de ar ajust\u00e1vel","isPartOf":{"@id":"https:\/\/frivape.com\/#website"},"primaryImageOfPage":{"@id":"https:\/\/frivape.com\/product\/bang-25000-puffs-disposable-vape-smart-led-display\/#primaryimage"},"image":{"@id":"https:\/\/frivape.com\/product\/bang-25000-puffs-disposable-vape-smart-led-display\/#primaryimage"},"thumbnailUrl":"https:\/\/frivape.com\/wp-content\/uploads\/2026\/04\/bang-25000-puffs-tiger-blood-flavor.webp","datePublished":"2026-04-09T03:49:24+00:00","dateModified":"2026-04-09T04:02:57+00:00","description":"Comprar o Vape descart\u00e1vel Bang 25000 Puffs. Possui 30mL de e-l\u00edquido, bateria de 650mAh, ecr\u00e3 LED inteligente e fluxo de ar ajust\u00e1vel. Dispon\u00edvel em 0%-5% nicotina. Envio r\u00e1pido!","breadcrumb":{"@id":"https:\/\/frivape.com\/product\/bang-25000-puffs-disposable-vape-smart-led-display\/#breadcrumb"},"inLanguage":"pt-PT","potentialAction":[{"@type":"ReadAction","target":["https:\/\/frivape.com\/product\/bang-25000-puffs-disposable-vape-smart-led-display\/"]}]},{"@type":"ImageObject","inLanguage":"pt-PT","@id":"https:\/\/frivape.com\/product\/bang-25000-puffs-disposable-vape-smart-led-display\/#primaryimage","url":"https:\/\/frivape.com\/wp-content\/uploads\/2026\/04\/bang-25000-puffs-tiger-blood-flavor.webp","contentUrl":"https:\/\/frivape.com\/wp-content\/uploads\/2026\/04\/bang-25000-puffs-tiger-blood-flavor.webp","width":1000,"height":1000},{"@type":"BreadcrumbList","@id":"https:\/\/frivape.com\/product\/bang-25000-puffs-disposable-vape-smart-led-display\/#breadcrumb","itemListElement":[{"@type":"ListItem","position":1,"name":"\u9996\u9875","item":"https:\/\/frivape.com\/"},{"@type":"ListItem","position":2,"name":"Shop","item":"https:\/\/frivape.com\/shop\/"},{"@type":"ListItem","position":3,"name":"Bang 25000 Puffs Disposable Vape | Smart LED Display &amp; 1.0\u03a9 Mesh Coil Pod"}]},{"@type":"WebSite","@id":"https:\/\/frivape.com\/#website","url":"https:\/\/frivape.com\/","name":"frivape | Loja Online de Vape - Melhores Vapes, Mods e Kits Descart\u00e1veis","description":"Compre na frivape, a sua principal loja online de vape para mods aut\u00eanticos, vapes descart\u00e1veis e e-l\u00edquidos de primeira qualidade. Diretamente de Shenzhen com envio local r\u00e1pido para a Europa. Alta qualidade a pre\u00e7os grossistas.","publisher":{"@id":"https:\/\/frivape.com\/#organization"},"potentialAction":[{"@type":"SearchAction","target":{"@type":"EntryPoint","urlTemplate":"https:\/\/frivape.com\/?s={search_term_string}"},"query-input":{"@type":"PropertyValueSpecification","valueRequired":true,"valueName":"search_term_string"}}],"inLanguage":"pt-PT"},{"@type":"Organization","@id":"https:\/\/frivape.com\/#organization","name":"frivape | Loja Online de Vape - Melhores Vapes, Mods e Kits Descart\u00e1veis","url":"https:\/\/frivape.com\/","logo":{"@type":"ImageObject","inLanguage":"pt-PT","@id":"https:\/\/frivape.com\/#\/schema\/logo\/image\/","url":"https:\/\/frivape.com\/wp-content\/uploads\/2026\/03\/cropped-frivape-site-title-icon.png","contentUrl":"https:\/\/frivape.com\/wp-content\/uploads\/2026\/03\/cropped-frivape-site-title-icon.png","width":470,"height":110,"caption":"frivape | Online Vape Store - Best Vapes, Mods &amp; Disposable Kits"},"image":{"@id":"https:\/\/frivape.com\/#\/schema\/logo\/image\/"}}]}},"tiered_pricing_type":"fixed","tiered_pricing_fixed_rules":{"10":11.98,"50":10.98,"100":9.98,"200":8.68},"tiered_pricing_product_settings":{"layout":"default","base_unit_name":{"singular":null,"plural":null},"default_variation":{}},"tiered_pricing_minimum_quantity":null,"tiered_pricing_roles_data":[],"tiered_pricing_percentage_rules":[],"_links":{"self":[{"href":"https:\/\/frivape.com\/pt\/wp-json\/wp\/v2\/product\/8299","targetHints":{"allow":["GET"]}}],"collection":[{"href":"https:\/\/frivape.com\/pt\/wp-json\/wp\/v2\/product"}],"about":[{"href":"https:\/\/frivape.com\/pt\/wp-json\/wp\/v2\/types\/product"}],"replies":[{"embeddable":true,"href":"https:\/\/frivape.com\/pt\/wp-json\/wp\/v2\/comments?post=8299"}],"wp:featuredmedia":[{"embeddable":true,"href":"https:\/\/frivape.com\/pt\/wp-json\/wp\/v2\/media\/8300"}],"wp:attachment":[{"href":"https:\/\/frivape.com\/pt\/wp-json\/wp\/v2\/media?parent=8299"}],"wp:term":[{"taxonomy":"product_brand","embeddable":true,"href":"https:\/\/frivape.com\/pt\/wp-json\/wp\/v2\/product_brand?post=8299"},{"taxonomy":"product_cat","embeddable":true,"href":"https:\/\/frivape.com\/pt\/wp-json\/wp\/v2\/product_cat?post=8299"},{"taxonomy":"product_tag","embeddable":true,"href":"https:\/\/frivape.com\/pt\/wp-json\/wp\/v2\/product_tag?post=8299"}],"curies":[{"name":"wp","href":"https:\/\/api.w.org\/{rel}","templated":true}]}}