{"id":8352,"date":"2026-04-09T14:34:27","date_gmt":"2026-04-09T06:34:27","guid":{"rendered":"https:\/\/frivape.com\/?post_type=product&#038;p=8352"},"modified":"2026-04-11T19:18:17","modified_gmt":"2026-04-11T11:18:17","slug":"caneta-vape-descartavel-bang-28000-puffs-nivel-de-gelo-ajustavel","status":"publish","type":"product","link":"https:\/\/frivape.com\/pt\/product\/caneta-vape-descartavel-bang-28000-puffs-nivel-de-gelo-ajustavel\/","title":{"rendered":"Caneta Vape descart\u00e1vel Bang 28000 Puffs | N\u00edvel de gelo ajust\u00e1vel e fluxo de ar DTL"},"content":{"rendered":"<h2 class=\"wp-block-heading has-text-align-center\"><strong>Resist\u00eancia personalizada: A experi\u00eancia Bang 28000 Adjustable Ice<\/strong><\/h2>\n\n\n\n<p>O <strong>Caneta Vape descart\u00e1vel Bang 28000 Puffs<\/strong> representa o futuro da vaporiza\u00e7\u00e3o de alta capacidade. Impulsionado pela miss\u00e3o da marca Bang de fornecer uma alternativa inovadora e econ\u00f3mica ao tabagismo tradicional, este dispositivo apresenta o inovador <strong>N\u00edvel de gelo ajust\u00e1vel<\/strong> carater\u00edstica. Quer deseje uma explos\u00e3o de mentol de arrepiar os ossos ou uma frescura suave e subtil, tem agora controlo total sobre o seu ambiente de vaporiza\u00e7\u00e3o.<\/p>\n\n\n\n<h3 class=\"wp-block-heading\"><strong>Engenharia de alto desempenho<\/strong><\/h3>\n\n\n\n<ul class=\"wp-block-list\">\n<li><strong>Longevidade extrema:<\/strong> Com uma extraordin\u00e1ria <strong>Capacidade de 28.000 puffs<\/strong> e um <strong>Reservat\u00f3rio de 30 ml de e-l\u00edquido<\/strong>, Com este dispositivo, n\u00e3o h\u00e1 necessidade de substitui\u00e7\u00f5es frequentes, durando semanas, mesmo para os utilizadores mais exigentes.<\/li>\n\n\n\n<li><strong>Intensidade de arrefecimento ajust\u00e1vel:<\/strong> O inovador bot\u00e3o Ice Level permite-lhe adaptar com precis\u00e3o a sensa\u00e7\u00e3o de mentol de acordo com as suas prefer\u00eancias, tornando-o uma escolha de destaque no mercado global de cigarros electr\u00f3nicos.<\/li>\n\n\n\n<li><strong>Entrega precisa do sabor:<\/strong> Equipado com um <strong>Bobina de malha de 1,0\u03a9<\/strong> e um sistema integrado de chip inteligente, o Bang 28000 garante uma produ\u00e7\u00e3o de vapor intensa e consistente e uma reprodu\u00e7\u00e3o rica do sabor desde o primeiro trago at\u00e9 ao \u00faltimo.<\/li>\n\n\n\n<li><strong>DTL e versatilidade do fluxo de ar:<\/strong> Concebido para os entusiastas que adoram sabores arrojados e nuvens densas, o fluxo de ar ajust\u00e1vel suporta um fluxo de ar robusto <strong>Diret-to-Lung (DTL)<\/strong> experi\u00eancia, rara na categoria dos descart\u00e1veis.<\/li>\n<\/ul>\n\n\n\n<h3 class=\"wp-block-heading\"><strong>Sele\u00e7\u00e3o de 12 sabores Premium<\/strong><\/h3>\n\n\n\n<ol start=\"1\" class=\"wp-block-list\">\n<li><strong>Melancia com morango:<\/strong> Um duo de ver\u00e3o exuberante e doce.<\/li>\n\n\n\n<li><strong>Gelo de mirtilo:<\/strong> Bagas maduras com um n\u00edvel de congela\u00e7\u00e3o personaliz\u00e1vel.<\/li>\n\n\n\n<li><strong>Sangue e Areia:<\/strong> Uma mistura de cocktail de frutas ex\u00f3ticas e ousadas.<\/li>\n\n\n\n<li><strong>Anan\u00e1s e coco:<\/strong> Vibra\u00e7\u00f5es cremosas de pina colada tropical.<\/li>\n\n\n\n<li><strong>Banana com morango:<\/strong> Cl\u00e1ssico de fruta suave e cremosa.<\/li>\n\n\n\n<li><strong>Frutos mistos:<\/strong> Uma mistura vibrante de frutas favoritas do mundo.<\/li>\n\n\n\n<li><strong>Mirtilos Framboesas:<\/strong> Uma explos\u00e3o sofisticada e picante de frutos silvestres.<\/li>\n\n\n\n<li><strong>Gelo de p\u00eassego:<\/strong> P\u00eassegos doces e sumarentos com um final refrescante.<\/li>\n\n\n\n<li><strong>Manga P\u00eassego:<\/strong> Manga tropical aveludada combinada com p\u00eassegos maduros.<\/li>\n\n\n\n<li><strong>Melancia:<\/strong> Simples, sumarento e que mata a sede.<\/li>\n\n\n\n<li><strong>Gelo de uva:<\/strong> Uvas amadurecidas em vinhas com uma exala\u00e7\u00e3o arrepiante.<\/li>\n\n\n\n<li><strong>Morango Kiwi Fruta:<\/strong> Um equil\u00edbrio perfeito entre o \u00e1cido e o doce.<\/li>\n<\/ol>\n\n\n\n<h3 class=\"wp-block-heading\"><strong>Perguntas mais frequentes (FAQs)<\/strong><\/h3>\n\n\n\n<ul class=\"wp-block-list\">\n<li><strong>Como funciona o n\u00edvel de gelo ajust\u00e1vel?<\/strong> Existe um mecanismo de ajuste f\u00edsico no dispositivo que controla a concentra\u00e7\u00e3o de mentol fornecida em cada baforada, permitindo alternar entre uma intensidade de arrefecimento baixa e alta.<\/li>\n\n\n\n<li><strong>Qual \u00e9 a vantagem da bobina de malha de 1,0\u03a9?<\/strong> Proporciona uma maior \u00e1rea de superf\u00edcie de aquecimento, assegurando que os 30 ml de e-l\u00edquido s\u00e3o vaporizados de forma eficiente para uma batida suave na garganta e um sabor realista.<\/li>\n\n\n\n<li><strong>Quanto tempo demora um carregamento completo?<\/strong> Gra\u00e7as ao <strong>Carregamento r\u00e1pido tipo C<\/strong> a bateria de 650mAh pode ser totalmente recarregada em cerca de 20-30 minutos.<\/li>\n\n\n\n<li><strong>O envio \u00e9 seguro e discreto?<\/strong> Sim. Utilizamos a UPS\/DHL\/FedEx\/DPD e garantimos <strong>100% desalfandegamento<\/strong> do nosso <strong>Shenzhen<\/strong> e <strong>Armaz\u00e9ns da UE<\/strong>, sem impostos ou taxas adicionais.<\/li>\n<\/ul>\n\n\n\n<hr class=\"wp-block-separator has-alpha-channel-opacity\"\/>\n\n\n\n<p><strong>AVISO:<\/strong> Este produto cont\u00e9m nicotina. A nicotina \u00e9 uma subst\u00e2ncia qu\u00edmica que causa depend\u00eancia.<\/p>\n\n\n\n<p><strong>Restri\u00e7\u00e3o de idade:<\/strong> \u00c9 necess\u00e1rio ter mais de 18 anos (ou a idade legal para fumar na sua regi\u00e3o) para comprar e utilizar este produto. Manter fora do alcance das crian\u00e7as e dos animais dom\u00e9sticos.<\/p>","protected":false},"excerpt":{"rendered":"<p data-path-to-node=\"7\">O <b data-path-to-node=\"7\" data-index-in-node=\"4\">Bang 28000<\/b> \u00e9 um salto em frente na tecnologia de vaporiza\u00e7\u00e3o personalizada.<\/p>\n<ul data-path-to-node=\"8\">\n<li>\n<p data-path-to-node=\"8,0,0\"><b data-path-to-node=\"8,0,0\" data-index-in-node=\"0\">Contagem de baforadas:<\/b> L\u00edder de mercado 28.000 Puffs.<\/p>\n<\/li>\n<li>\n<p data-path-to-node=\"8,1,0\"><b data-path-to-node=\"8,1,0\" data-index-in-node=\"0\">Inova\u00e7\u00e3o:<\/b> Exclusivo <b data-path-to-node=\"8,1,0\" data-index-in-node=\"22\">N\u00edvel de gelo ajust\u00e1vel<\/b> (Personalize a intensidade do arrefecimento).<\/p>\n<\/li>\n<li>\n<p data-path-to-node=\"8,2,0\"><b data-path-to-node=\"8,2,0\" data-index-in-node=\"0\">Capacidade:<\/b> E-l\u00edquido pr\u00e9-cheio de 30 ml de tamanho grande.<\/p>\n<\/li>\n<li>\n<p data-path-to-node=\"8,3,0\"><b data-path-to-node=\"8,3,0\" data-index-in-node=\"0\">Desempenho:<\/b> 1.0\u03a9 Advanced Mesh Coil para um sabor preciso.<\/p>\n<\/li>\n<li>\n<p data-path-to-node=\"8,4,0\"><b data-path-to-node=\"8,4,0\" data-index-in-node=\"0\">Fluxo de ar:<\/b> Optimizado para <b data-path-to-node=\"8,4,0\" data-index-in-node=\"23\">DTL (Diret-to-Lung)<\/b> com entrada de ar regul\u00e1vel.<\/p>\n<\/li>\n<li>\n<p data-path-to-node=\"8,5,0\"><b data-path-to-node=\"8,5,0\" data-index-in-node=\"0\">Pot\u00eancia:<\/b> Bateria recarreg\u00e1vel de 650mAh com carregamento r\u00e1pido tipo C.<\/p>\n<\/li>\n<\/ul>","protected":false},"featured_media":8390,"comment_status":"open","ping_status":"closed","template":"","meta":[],"product_brand":[61],"product_cat":[87,95,83],"product_tag":[74,75,76,77],"class_list":{"0":"post-8352","1":"product","2":"type-product","3":"status-publish","4":"has-post-thumbnail","6":"product_brand-bang","7":"product_cat-iced-fruit-vapes","8":"product_cat-mesh-coil-vapes","9":"product_cat-pro-puffs-vapes","10":"product_tag-dtl-vaping","11":"product_tag-eu-warehouse","12":"product_tag-mtl-vaping","13":"product_tag-recharge","15":"first","16":"instock","17":"sale","18":"shipping-taxable","19":"purchasable","20":"product-type-variable"},"yoast_head":"<!-- This site is optimized with the Yoast SEO plugin v27.1.1 - https:\/\/yoast.com\/product\/yoast-seo-wordpress\/ -->\n<title>Bang 28000 Puffs Disposable Vape - Adjustable Ice Level &amp; DTL Support<\/title>\n<meta name=\"description\" content=\"Discover the Bang 28000 Puffs with industry-first Adjustable Ice Level technology. Features 30mL capacity, 1.0\u03a9 mesh coil, and DTL airflow. Best price and fast EU shipping!\" \/>\n<meta name=\"robots\" content=\"noindex, follow, max-snippet:-1, max-image-preview:large, max-video-preview:-1\" \/>\n<meta property=\"og:locale\" content=\"pt_PT\" \/>\n<meta property=\"og:type\" content=\"article\" \/>\n<meta property=\"og:title\" content=\"Bang 28000 Puffs Disposable Vape - Adjustable Ice Level &amp; DTL Support\" \/>\n<meta property=\"og:description\" content=\"Discover the Bang 28000 Puffs with industry-first Adjustable Ice Level technology. Features 30mL capacity, 1.0\u03a9 mesh coil, and DTL airflow. Best price and fast EU shipping!\" \/>\n<meta property=\"og:url\" content=\"https:\/\/frivape.com\/pt\/product\/caneta-vape-descartavel-bang-28000-puffs-nivel-de-gelo-ajustavel\/\" \/>\n<meta property=\"og:site_name\" content=\"frivape | Online Vape Store - Best Vapes, Mods &amp; Disposable Kits\" \/>\n<meta property=\"article:modified_time\" content=\"2026-04-11T11:18:17+00:00\" \/>\n<meta property=\"og:image\" content=\"https:\/\/frivape.com\/wp-content\/uploads\/2026\/04\/vape-bang-28000-puffs-main-image.jpg.webp\" \/>\n\t<meta property=\"og:image:width\" content=\"1000\" \/>\n\t<meta property=\"og:image:height\" content=\"1000\" \/>\n\t<meta property=\"og:image:type\" content=\"image\/webp\" \/>\n<meta name=\"twitter:card\" content=\"summary_large_image\" \/>\n<meta name=\"twitter:label1\" content=\"Tempo estimado de leitura\" \/>\n\t<meta name=\"twitter:data1\" content=\"3 minutos\" \/>\n<script type=\"application\/ld+json\" class=\"yoast-schema-graph\">{\"@context\":\"https:\/\/schema.org\",\"@graph\":[{\"@type\":\"WebPage\",\"@id\":\"https:\/\/frivape.com\/product\/bang-28000-puffs-adjustable-ice-level-disposable-vape-pen\/\",\"url\":\"https:\/\/frivape.com\/product\/bang-28000-puffs-adjustable-ice-level-disposable-vape-pen\/\",\"name\":\"Bang 28000 Puffs Disposable Vape - Adjustable Ice Level & DTL Support\",\"isPartOf\":{\"@id\":\"https:\/\/frivape.com\/#website\"},\"primaryImageOfPage\":{\"@id\":\"https:\/\/frivape.com\/product\/bang-28000-puffs-adjustable-ice-level-disposable-vape-pen\/#primaryimage\"},\"image\":{\"@id\":\"https:\/\/frivape.com\/product\/bang-28000-puffs-adjustable-ice-level-disposable-vape-pen\/#primaryimage\"},\"thumbnailUrl\":\"https:\/\/frivape.com\/wp-content\/uploads\/2026\/04\/vape-bang-28000-puffs-main-image.jpg.webp\",\"datePublished\":\"2026-04-09T06:34:27+00:00\",\"dateModified\":\"2026-04-11T11:18:17+00:00\",\"description\":\"Discover the Bang 28000 Puffs with industry-first Adjustable Ice Level technology. Features 30mL capacity, 1.0\u03a9 mesh coil, and DTL airflow. Best price and fast EU shipping!\",\"breadcrumb\":{\"@id\":\"https:\/\/frivape.com\/product\/bang-28000-puffs-adjustable-ice-level-disposable-vape-pen\/#breadcrumb\"},\"inLanguage\":\"pt-PT\",\"potentialAction\":[{\"@type\":\"ReadAction\",\"target\":[\"https:\/\/frivape.com\/product\/bang-28000-puffs-adjustable-ice-level-disposable-vape-pen\/\"]}]},{\"@type\":\"ImageObject\",\"inLanguage\":\"pt-PT\",\"@id\":\"https:\/\/frivape.com\/product\/bang-28000-puffs-adjustable-ice-level-disposable-vape-pen\/#primaryimage\",\"url\":\"https:\/\/frivape.com\/wp-content\/uploads\/2026\/04\/vape-bang-28000-puffs-main-image.jpg.webp\",\"contentUrl\":\"https:\/\/frivape.com\/wp-content\/uploads\/2026\/04\/vape-bang-28000-puffs-main-image.jpg.webp\",\"width\":1000,\"height\":1000},{\"@type\":\"BreadcrumbList\",\"@id\":\"https:\/\/frivape.com\/product\/bang-28000-puffs-adjustable-ice-level-disposable-vape-pen\/#breadcrumb\",\"itemListElement\":[{\"@type\":\"ListItem\",\"position\":1,\"name\":\"\u9996\u9875\",\"item\":\"https:\/\/frivape.com\/\"},{\"@type\":\"ListItem\",\"position\":2,\"name\":\"Shop\",\"item\":\"https:\/\/frivape.com\/shop\/\"},{\"@type\":\"ListItem\",\"position\":3,\"name\":\"Bang 28000 Puffs Disposable Vape Pen | Adjustable Ice Level &amp; DTL Airflow\"}]},{\"@type\":\"WebSite\",\"@id\":\"https:\/\/frivape.com\/#website\",\"url\":\"https:\/\/frivape.com\/\",\"name\":\"frivape | Online Vape Store - Best Vapes, Mods &amp; Disposable Kits\",\"description\":\"Shop frivape, your premier online vape shop for authentic mods, disposable vapes, and premium e-liquids. Direct from Shenzhen with fast Europe local shipping. High quality at wholesale prices.\",\"publisher\":{\"@id\":\"https:\/\/frivape.com\/#organization\"},\"potentialAction\":[{\"@type\":\"SearchAction\",\"target\":{\"@type\":\"EntryPoint\",\"urlTemplate\":\"https:\/\/frivape.com\/?s={search_term_string}\"},\"query-input\":{\"@type\":\"PropertyValueSpecification\",\"valueRequired\":true,\"valueName\":\"search_term_string\"}}],\"inLanguage\":\"pt-PT\"},{\"@type\":\"Organization\",\"@id\":\"https:\/\/frivape.com\/#organization\",\"name\":\"frivape | Online Vape Store - Best Vapes, Mods &amp; Disposable Kits\",\"url\":\"https:\/\/frivape.com\/\",\"logo\":{\"@type\":\"ImageObject\",\"inLanguage\":\"pt-PT\",\"@id\":\"https:\/\/frivape.com\/#\/schema\/logo\/image\/\",\"url\":\"https:\/\/frivape.com\/wp-content\/uploads\/2026\/03\/cropped-frivape-site-title-icon.png\",\"contentUrl\":\"https:\/\/frivape.com\/wp-content\/uploads\/2026\/03\/cropped-frivape-site-title-icon.png\",\"width\":470,\"height\":110,\"caption\":\"frivape | Online Vape Store - Best Vapes, Mods &amp; Disposable Kits\"},\"image\":{\"@id\":\"https:\/\/frivape.com\/#\/schema\/logo\/image\/\"}}]}<\/script>\n<!-- \/ Yoast SEO plugin. -->","yoast_head_json":{"title":"Vape descart\u00e1vel Bang 28000 Puffs - N\u00edvel de gelo ajust\u00e1vel e suporte DTL","description":"Descubra o Bang 28000 Puffs com a tecnologia Adjustable Ice Level, a primeira do sector. Possui capacidade de 30mL, bobina de malha de 1,0\u03a9 e fluxo de ar DTL. Melhor pre\u00e7o e envio r\u00e1pido para a UE!","robots":{"index":"noindex","follow":"follow","max-snippet":"max-snippet:-1","max-image-preview":"max-image-preview:large","max-video-preview":"max-video-preview:-1"},"og_locale":"pt_PT","og_type":"article","og_title":"Bang 28000 Puffs Disposable Vape - Adjustable Ice Level & DTL Support","og_description":"Discover the Bang 28000 Puffs with industry-first Adjustable Ice Level technology. Features 30mL capacity, 1.0\u03a9 mesh coil, and DTL airflow. Best price and fast EU shipping!","og_url":"https:\/\/frivape.com\/pt\/product\/caneta-vape-descartavel-bang-28000-puffs-nivel-de-gelo-ajustavel\/","og_site_name":"frivape | Online Vape Store - Best Vapes, Mods &amp; Disposable Kits","article_modified_time":"2026-04-11T11:18:17+00:00","og_image":[{"width":1000,"height":1000,"url":"https:\/\/frivape.com\/wp-content\/uploads\/2026\/04\/vape-bang-28000-puffs-main-image.jpg.webp","type":"image\/webp"}],"twitter_card":"summary_large_image","twitter_misc":{"Tempo estimado de leitura":"3 minutos"},"schema":{"@context":"https:\/\/schema.org","@graph":[{"@type":"WebPage","@id":"https:\/\/frivape.com\/product\/bang-28000-puffs-adjustable-ice-level-disposable-vape-pen\/","url":"https:\/\/frivape.com\/product\/bang-28000-puffs-adjustable-ice-level-disposable-vape-pen\/","name":"Vape descart\u00e1vel Bang 28000 Puffs - N\u00edvel de gelo ajust\u00e1vel e suporte DTL","isPartOf":{"@id":"https:\/\/frivape.com\/#website"},"primaryImageOfPage":{"@id":"https:\/\/frivape.com\/product\/bang-28000-puffs-adjustable-ice-level-disposable-vape-pen\/#primaryimage"},"image":{"@id":"https:\/\/frivape.com\/product\/bang-28000-puffs-adjustable-ice-level-disposable-vape-pen\/#primaryimage"},"thumbnailUrl":"https:\/\/frivape.com\/wp-content\/uploads\/2026\/04\/vape-bang-28000-puffs-main-image.jpg.webp","datePublished":"2026-04-09T06:34:27+00:00","dateModified":"2026-04-11T11:18:17+00:00","description":"Descubra o Bang 28000 Puffs com a tecnologia Adjustable Ice Level, a primeira do sector. Possui capacidade de 30mL, bobina de malha de 1,0\u03a9 e fluxo de ar DTL. Melhor pre\u00e7o e envio r\u00e1pido para a UE!","breadcrumb":{"@id":"https:\/\/frivape.com\/product\/bang-28000-puffs-adjustable-ice-level-disposable-vape-pen\/#breadcrumb"},"inLanguage":"pt-PT","potentialAction":[{"@type":"ReadAction","target":["https:\/\/frivape.com\/product\/bang-28000-puffs-adjustable-ice-level-disposable-vape-pen\/"]}]},{"@type":"ImageObject","inLanguage":"pt-PT","@id":"https:\/\/frivape.com\/product\/bang-28000-puffs-adjustable-ice-level-disposable-vape-pen\/#primaryimage","url":"https:\/\/frivape.com\/wp-content\/uploads\/2026\/04\/vape-bang-28000-puffs-main-image.jpg.webp","contentUrl":"https:\/\/frivape.com\/wp-content\/uploads\/2026\/04\/vape-bang-28000-puffs-main-image.jpg.webp","width":1000,"height":1000},{"@type":"BreadcrumbList","@id":"https:\/\/frivape.com\/product\/bang-28000-puffs-adjustable-ice-level-disposable-vape-pen\/#breadcrumb","itemListElement":[{"@type":"ListItem","position":1,"name":"\u9996\u9875","item":"https:\/\/frivape.com\/"},{"@type":"ListItem","position":2,"name":"Shop","item":"https:\/\/frivape.com\/shop\/"},{"@type":"ListItem","position":3,"name":"Bang 28000 Puffs Disposable Vape Pen | Adjustable Ice Level &amp; DTL Airflow"}]},{"@type":"WebSite","@id":"https:\/\/frivape.com\/#website","url":"https:\/\/frivape.com\/","name":"frivape | Loja Online de Vape - Melhores Vapes, Mods e Kits Descart\u00e1veis","description":"Compre na frivape, a sua principal loja online de vape para mods aut\u00eanticos, vapes descart\u00e1veis e e-l\u00edquidos de primeira qualidade. Diretamente de Shenzhen com envio local r\u00e1pido para a Europa. Alta qualidade a pre\u00e7os grossistas.","publisher":{"@id":"https:\/\/frivape.com\/#organization"},"potentialAction":[{"@type":"SearchAction","target":{"@type":"EntryPoint","urlTemplate":"https:\/\/frivape.com\/?s={search_term_string}"},"query-input":{"@type":"PropertyValueSpecification","valueRequired":true,"valueName":"search_term_string"}}],"inLanguage":"pt-PT"},{"@type":"Organization","@id":"https:\/\/frivape.com\/#organization","name":"frivape | Loja Online de Vape - Melhores Vapes, Mods e Kits Descart\u00e1veis","url":"https:\/\/frivape.com\/","logo":{"@type":"ImageObject","inLanguage":"pt-PT","@id":"https:\/\/frivape.com\/#\/schema\/logo\/image\/","url":"https:\/\/frivape.com\/wp-content\/uploads\/2026\/03\/cropped-frivape-site-title-icon.png","contentUrl":"https:\/\/frivape.com\/wp-content\/uploads\/2026\/03\/cropped-frivape-site-title-icon.png","width":470,"height":110,"caption":"frivape | Online Vape Store - Best Vapes, Mods &amp; Disposable Kits"},"image":{"@id":"https:\/\/frivape.com\/#\/schema\/logo\/image\/"}}]}},"tiered_pricing_type":"fixed","tiered_pricing_fixed_rules":{"10":9.98,"50":9.28,"100":8.57,"200":7.88},"tiered_pricing_product_settings":{"layout":"default","base_unit_name":{"singular":null,"plural":null},"default_variation":{}},"tiered_pricing_minimum_quantity":null,"tiered_pricing_roles_data":[],"tiered_pricing_percentage_rules":[],"_links":{"self":[{"href":"https:\/\/frivape.com\/pt\/wp-json\/wp\/v2\/product\/8352","targetHints":{"allow":["GET"]}}],"collection":[{"href":"https:\/\/frivape.com\/pt\/wp-json\/wp\/v2\/product"}],"about":[{"href":"https:\/\/frivape.com\/pt\/wp-json\/wp\/v2\/types\/product"}],"replies":[{"embeddable":true,"href":"https:\/\/frivape.com\/pt\/wp-json\/wp\/v2\/comments?post=8352"}],"wp:featuredmedia":[{"embeddable":true,"href":"https:\/\/frivape.com\/pt\/wp-json\/wp\/v2\/media\/8390"}],"wp:attachment":[{"href":"https:\/\/frivape.com\/pt\/wp-json\/wp\/v2\/media?parent=8352"}],"wp:term":[{"taxonomy":"product_brand","embeddable":true,"href":"https:\/\/frivape.com\/pt\/wp-json\/wp\/v2\/product_brand?post=8352"},{"taxonomy":"product_cat","embeddable":true,"href":"https:\/\/frivape.com\/pt\/wp-json\/wp\/v2\/product_cat?post=8352"},{"taxonomy":"product_tag","embeddable":true,"href":"https:\/\/frivape.com\/pt\/wp-json\/wp\/v2\/product_tag?post=8352"}],"curies":[{"name":"wp","href":"https:\/\/api.w.org\/{rel}","templated":true}]}}