{"id":8441,"date":"2026-04-11T19:45:43","date_gmt":"2026-04-11T11:45:43","guid":{"rendered":"https:\/\/frivape.com\/?post_type=product&#038;p=8441"},"modified":"2026-04-11T19:55:47","modified_gmt":"2026-04-11T11:55:47","slug":"bang-king-30000-puffs-duplo-sabor-vape-descartavel","status":"publish","type":"product","link":"https:\/\/frivape.com\/pt\/product\/bang-king-30000-puffs-duplo-sabor-vape-descartavel\/","title":{"rendered":"Bang King 30000 Puffs Vape Descart\u00e1vel | Tanque de Sabor Duplo e Ecr\u00e3 LCD Inteligente"},"content":{"rendered":"<h2 class=\"wp-block-heading has-text-align-center\"><strong>Liberte o Rei das Nuvens: Bang King 30000 Puffs Smart Edition<\/strong><\/h2>\n\n\n\n<p>O <strong>Bang King 30000 Puffs Vape descart\u00e1vel<\/strong> \u00e9 a personifica\u00e7\u00e3o m\u00e1xima da miss\u00e3o do Bang: <strong>\u201cPot\u00eancia, desempenho e sabor arrojado\u201d.\u201d<\/strong> \u00c0 medida que a ind\u00fastria vaping avan\u00e7a para dispositivos de elevada capacidade, a Bang voltou a estabelecer um padr\u00e3o global. Este <strong>30k puff vape<\/strong> n\u00e3o \u00e9 apenas um dispositivo de alta capacidade; \u00e9 um sofisticado <strong>Sistema de aromas 2 em 1<\/strong> Concebido para os entusiastas que se recusam a comprometer a variedade ou a longevidade. Quer seja um cliente retalhista ou esteja \u00e0 procura de <strong>vapes descart\u00e1veis por atacado<\/strong>, O Bang King 30000 oferece um retorno de investimento imbat\u00edvel e uma alternativa de qualidade ao tabaco tradicional.<\/p>\n\n\n\n<h3 class=\"wp-block-heading\"><strong>Tecnologia inovadora de duplo sabor e duplo dep\u00f3sito<\/strong><\/h3>\n\n\n\n<p>O que define o <strong>Bang King 30,000<\/strong> separados no meio da multid\u00e3o <strong>cigarro eletr\u00f3nico<\/strong> mercado \u00e9 a sua revolucion\u00e1ria <strong>Capacidade de duplo sabor<\/strong>. Equipado com <strong>dois dep\u00f3sitos de e-l\u00edquido pr\u00e9-cheios de 18 ml<\/strong> (totalizando um enorme <strong>Capacidade de 36mL<\/strong>), este dispositivo permite-lhe transportar dois perfis distintos num \u00fanico chassis ergon\u00f3mico. Com uma simples altern\u00e2ncia manual, pode alternar entre mentol refrescante e frutos tropicais doces. Isto torna-o o <strong>melhor vape de 30000 puff<\/strong> para aqueles que sofrem de \u201cl\u00edngua de vaper\u201d e precisam de variedade de sabores ao longo do dia.<\/p>\n\n\n\n<h3 class=\"wp-block-heading\"><strong>Monitoriza\u00e7\u00e3o inteligente de pr\u00f3xima gera\u00e7\u00e3o e engenharia de bobinas de malha<\/strong><\/h3>\n\n\n\n<p>No cora\u00e7\u00e3o do <strong>Rei Bang 30k<\/strong> \u00e9 um produto de ponta <strong>Bobina de malha de 1,0\u03a9<\/strong>. Este elemento de aquecimento especializado aumenta a \u00e1rea de superf\u00edcie para atomiza\u00e7\u00e3o do e-l\u00edquido, resultando em <strong>reprodu\u00e7\u00e3o consistente do sabor<\/strong> e nuvens de vapor densas e suaves desde o primeiro trago. O sistema integrado <strong>Ecr\u00e3 digital LCD inteligente<\/strong> oferece transpar\u00eancia em tempo real, mostrando a percentagem exacta da bateria e os n\u00edveis de e-l\u00edquido. N\u00e3o precisa mais de adivinhar quando o seu <strong>c\u00e1psula vape recarreg\u00e1vel<\/strong> ficar\u00e1 sem sumo - isto \u00e9 <strong>tecnologia de vaporiza\u00e7\u00e3o inteligente<\/strong> no seu melhor.<\/p>\n\n\n\n<h3 class=\"wp-block-heading\"><strong>Excel\u00eancia grossista e conformidade global<\/strong><\/h3>\n\n\n\n<p>Para parceiros B2B e compradores a granel, o <strong>Bang King 30000<\/strong> \u00e9 uma pot\u00eancia de vendas de topo. Fornecemos v\u00e1rios <strong>sal de nicotina<\/strong> concentra\u00e7\u00f5es-<strong>0%, 2%, 3% e 5%<\/strong>-garantindo a conformidade com a DPT e os regulamentos regionais em mais de 50 pa\u00edses. A nossa rede log\u00edstica, que inclui uma <strong>Origem Shenzhen<\/strong> e um <strong>Armaz\u00e9m da UE<\/strong>, garante que o seu <strong>encomendas de vape a granel<\/strong> chegar rapidamente e sem impostos.<\/p>\n\n\n\n<h3 class=\"wp-block-heading\"><strong>Menu requintado de 12 conjuntos de sabores duplos<\/strong><\/h3>\n\n\n\n<ol start=\"1\" class=\"wp-block-list\">\n<li><strong>Melancia gelada e mirtilo com menta:<\/strong> O mel\u00e3o crocante encontra-se com a menta fresca e refrescante.<\/li>\n\n\n\n<li><strong>Gelado de melancia e manga com morango:<\/strong> Uma explos\u00e3o tropical de frutas beijadas pelo sol.<\/li>\n\n\n\n<li><strong>Morango, Melancia e Kiwi, Maracuj\u00e1, Goiaba:<\/strong> A derradeira mistura de frutos ex\u00f3ticos.<\/li>\n\n\n\n<li><strong>Morango, melancia e uva gelada:<\/strong> Bagas doces combinadas com uvas de vinhas geladas.<\/li>\n\n\n\n<li><strong>Blueberry Ice e Black Dragon Ice:<\/strong> Notas profundas de frutos silvestres e misteriosa fruta do drag\u00e3o.<\/li>\n\n\n\n<li><strong>Gelo de mirtilo e banana com morango:<\/strong> Um cl\u00e1ssico cremoso e suave de frutos silvestres.<\/li>\n\n\n\n<li><strong>Red Bull e Blueberry Watermelon:<\/strong> Notas energizantes misturadas com frutos doces de ver\u00e3o.<\/li>\n\n\n\n<li><strong>Red Bull e rebu\u00e7ados de melancia:<\/strong> O sabor energ\u00e9tico encontra a do\u00e7ura nost\u00e1lgica.<\/li>\n\n\n\n<li><strong>Mirtilo Framboesa e P\u00eassego Manga Melancia:<\/strong> Uma explos\u00e3o de fruta complexa e sumarenta.<\/li>\n\n\n\n<li><strong>Mirtilo, framboesa e frutos mistos:<\/strong> Uma mistura sofisticada de frutos silvestres.<\/li>\n\n\n\n<li><strong>Morango, kiwi e p\u00eassego gelado:<\/strong> O kiwi \u00e1cido \u00e9 equilibrado por um p\u00eassego aveludado e fosco.<\/li>\n\n\n\n<li><strong>Morango Kiwi e Ma\u00e7\u00e3 \u00c1cida Framboesa:<\/strong> Um perfil de sabor picante e atrevido para quem procura aventura.<\/li>\n<\/ol>\n\n\n\n<h3 class=\"wp-block-heading\"><strong>Perguntas mais frequentes (FAQs)<\/strong><\/h3>\n\n\n\n<ul class=\"wp-block-list\">\n<li><strong>Como \u00e9 que as 30.000 baforadas se comparam \u00e0s dos cigarros tradicionais?<\/strong> Um <strong>Bang King 30000<\/strong> \u00e9 equivalente a cerca de 100-150 ma\u00e7os de cigarros tradicionais em termos de n\u00famero de baforadas, o que o torna um produto significativamente mais <strong>alternativa vaporizadora acess\u00edvel<\/strong> e uma escolha mais ecol\u00f3gica para os utilizadores a longo prazo.<\/li>\n\n\n\n<li><strong>Qual \u00e9 a vantagem do sistema Dual-Tank?<\/strong> O design de tanque duplo evita a mistura de sabores e permite <strong>36mL de e-l\u00edquido<\/strong> sem comprometer o formato compacto e port\u00e1til do dispositivo. Oferece a variedade de dois dispositivos pelo pre\u00e7o de um.<\/li>\n\n\n\n<li><strong>Como \u00e9 que a bobina de malha de 1,0\u03a9 melhora a experi\u00eancia?<\/strong> Ao contr\u00e1rio das bobinas de fio normais, as nossas <strong>Tecnologia Mesh Coil<\/strong> aquece o sumo de forma mais uniforme. Isto evita que o sumo se queime e garante que, mesmo na 30.000\u00aa baforada, o <strong>intensidade do sabor<\/strong> continua a ser t\u00e3o ousado como o primeiro.<\/li>\n\n\n\n<li><strong>Este dispositivo \u00e9 adequado para compras por grosso e a granel?<\/strong> Absolutamente. Somos especializados em <strong>grossista direto da f\u00e1brica<\/strong> servi\u00e7os. O Bang King 30k \u00e9 um produto de elevada margem de lucro para os retalhistas devido \u00e0 sua popularidade na <strong>global vape sensation<\/strong> e a elevada procura de carater\u00edsticas \u201cinteligentes\u201d por parte dos consumidores.<\/li>\n\n\n\n<li><strong>Quanto tempo demora a carregar atrav\u00e9s do Type-C?<\/strong> Gra\u00e7as \u00e0 elevada efici\u00eancia <strong>Bateria de 550mAh<\/strong> e o carregamento r\u00e1pido Type-C, pode atingir uma carga completa em aproximadamente <strong>30 a 45 minutos<\/strong>, minimizando o tempo de inatividade e maximizando o seu <strong>vaporiza\u00e7\u00e3o em movimento<\/strong> sess\u00f5es.<\/li>\n<\/ul>\n\n\n\n<ul class=\"wp-block-list\">\n<li><\/li>\n<\/ul>\n\n\n\n<hr class=\"wp-block-separator has-alpha-channel-opacity\"\/>\n\n\n\n<p><strong>AVISO:<\/strong> Este produto cont\u00e9m nicotina. A nicotina \u00e9 uma subst\u00e2ncia qu\u00edmica que causa depend\u00eancia.<\/p>\n\n\n\n<p><strong>Restri\u00e7\u00e3o de idade:<\/strong> \u00c9 necess\u00e1rio ter mais de 18 anos (ou a idade legal para fumar na sua regi\u00e3o) para comprar e utilizar este produto. Manter fora do alcance das crian\u00e7as e dos animais dom\u00e9sticos.<\/p>","protected":false},"excerpt":{"rendered":"<p data-path-to-node=\"7\">O <b data-path-to-node=\"7\" data-index-in-node=\"4\">Rei Bang 30k<\/b> redefiniu a resist\u00eancia e a variedade no mundo dos vapores.<\/p>\n<ul data-path-to-node=\"8\">\n<li>\n<p data-path-to-node=\"8,0,0\"><b data-path-to-node=\"8,0,0\" data-index-in-node=\"0\">Contagem de baforadas:<\/b> Inigual\u00e1veis 30.000 Puffs (15k por sabor).<\/p>\n<\/li>\n<li>\n<p data-path-to-node=\"8,1,0\"><b data-path-to-node=\"8,1,0\" data-index-in-node=\"0\">Duplo sabor:<\/b> Tanques duplos de 18mL (36mL no total) com um interrutor de sabor instant\u00e2neo.<\/p>\n<\/li>\n<li>\n<p data-path-to-node=\"8,2,0\"><b data-path-to-node=\"8,2,0\" data-index-in-node=\"0\">Monitoriza\u00e7\u00e3o inteligente:<\/b> Ecr\u00e3 LCD integrado para monitoriza\u00e7\u00e3o em tempo real da bateria e do e-l\u00edquido.<\/p>\n<\/li>\n<li>\n<p data-path-to-node=\"8,3,0\"><b data-path-to-node=\"8,3,0\" data-index-in-node=\"0\">N\u00facleo avan\u00e7ado:<\/b> Tecnologia Mesh Coil de 1.0\u03a9 para um vapor suave e rico.<\/p>\n<\/li>\n<li>\n<p data-path-to-node=\"8,4,0\"><b data-path-to-node=\"8,4,0\" data-index-in-node=\"0\">Pot\u00eancia:<\/b> Bateria de 550mAh de alta efici\u00eancia com carregamento r\u00e1pido tipo C.<\/p>\n<\/li>\n<li>\n<p data-path-to-node=\"8,5,0\"><b data-path-to-node=\"8,5,0\" data-index-in-node=\"0\">Conce\u00e7\u00e3o:<\/b> Ergon\u00f3mico, port\u00e1til e com gr\u00e1ficos visualmente impressionantes.<\/p>\n<\/li>\n<\/ul>","protected":false},"featured_media":8442,"comment_status":"open","ping_status":"closed","template":"","meta":[],"product_brand":[61],"product_cat":[82,87,95],"product_tag":[75,76,77,79],"class_list":{"0":"post-8441","1":"product","2":"type-product","3":"status-publish","4":"has-post-thumbnail","6":"product_brand-bang","7":"product_cat-big-puffs-vapes","8":"product_cat-iced-fruit-vapes","9":"product_cat-mesh-coil-vapes","10":"product_tag-eu-warehouse","11":"product_tag-mtl-vaping","12":"product_tag-recharge","13":"product_tag-smart-screen-display","15":"first","16":"instock","17":"sale","18":"shipping-taxable","19":"purchasable","20":"product-type-variable"},"yoast_head":"<!-- This site is optimized with the Yoast SEO plugin v27.1.1 - https:\/\/yoast.com\/product\/yoast-seo-wordpress\/ -->\n<title>Bang King 30000 Puffs Disposable Vape - Double Taste Dual Tank &amp; LCD Display<\/title>\n<meta name=\"description\" content=\"Experience 30,000 puffs with the Bang King 30k. Features 36mL dual-tank Double Taste technology, 550mAh rechargeable battery, and smart LCD display. Fast EU shipping!\" \/>\n<meta name=\"robots\" content=\"noindex, follow, max-snippet:-1, max-image-preview:large, max-video-preview:-1\" \/>\n<meta property=\"og:locale\" content=\"pt_PT\" \/>\n<meta property=\"og:type\" content=\"article\" \/>\n<meta property=\"og:title\" content=\"Bang King 30000 Puffs Disposable Vape - Double Taste Dual Tank &amp; LCD Display\" \/>\n<meta property=\"og:description\" content=\"Experience 30,000 puffs with the Bang King 30k. Features 36mL dual-tank Double Taste technology, 550mAh rechargeable battery, and smart LCD display. Fast EU shipping!\" \/>\n<meta property=\"og:url\" content=\"https:\/\/frivape.com\/pt\/product\/bang-king-30000-puffs-duplo-sabor-vape-descartavel\/\" \/>\n<meta property=\"og:site_name\" content=\"frivape | Online Vape Store - Best Vapes, Mods &amp; Disposable Kits\" \/>\n<meta property=\"article:modified_time\" content=\"2026-04-11T11:55:47+00:00\" \/>\n<meta property=\"og:image\" content=\"https:\/\/frivape.com\/wp-content\/uploads\/2026\/04\/vape-bang-king-30k-30000-puffs-main-image.jpg.webp\" \/>\n\t<meta property=\"og:image:width\" content=\"1000\" \/>\n\t<meta property=\"og:image:height\" content=\"1000\" \/>\n\t<meta property=\"og:image:type\" content=\"image\/webp\" \/>\n<meta name=\"twitter:card\" content=\"summary_large_image\" \/>\n<meta name=\"twitter:label1\" content=\"Tempo estimado de leitura\" \/>\n\t<meta name=\"twitter:data1\" content=\"4 minutos\" \/>\n<script type=\"application\/ld+json\" class=\"yoast-schema-graph\">{\"@context\":\"https:\/\/schema.org\",\"@graph\":[{\"@type\":\"WebPage\",\"@id\":\"https:\/\/frivape.com\/product\/bang-king-30000-puffs-double-taste-disposable-vape\/\",\"url\":\"https:\/\/frivape.com\/product\/bang-king-30000-puffs-double-taste-disposable-vape\/\",\"name\":\"Bang King 30000 Puffs Disposable Vape - Double Taste Dual Tank & LCD Display\",\"isPartOf\":{\"@id\":\"https:\/\/frivape.com\/#website\"},\"primaryImageOfPage\":{\"@id\":\"https:\/\/frivape.com\/product\/bang-king-30000-puffs-double-taste-disposable-vape\/#primaryimage\"},\"image\":{\"@id\":\"https:\/\/frivape.com\/product\/bang-king-30000-puffs-double-taste-disposable-vape\/#primaryimage\"},\"thumbnailUrl\":\"https:\/\/frivape.com\/wp-content\/uploads\/2026\/04\/vape-bang-king-30k-30000-puffs-main-image.jpg.webp\",\"datePublished\":\"2026-04-11T11:45:43+00:00\",\"dateModified\":\"2026-04-11T11:55:47+00:00\",\"description\":\"Experience 30,000 puffs with the Bang King 30k. Features 36mL dual-tank Double Taste technology, 550mAh rechargeable battery, and smart LCD display. Fast EU shipping!\",\"breadcrumb\":{\"@id\":\"https:\/\/frivape.com\/product\/bang-king-30000-puffs-double-taste-disposable-vape\/#breadcrumb\"},\"inLanguage\":\"pt-PT\",\"potentialAction\":[{\"@type\":\"ReadAction\",\"target\":[\"https:\/\/frivape.com\/product\/bang-king-30000-puffs-double-taste-disposable-vape\/\"]}]},{\"@type\":\"ImageObject\",\"inLanguage\":\"pt-PT\",\"@id\":\"https:\/\/frivape.com\/product\/bang-king-30000-puffs-double-taste-disposable-vape\/#primaryimage\",\"url\":\"https:\/\/frivape.com\/wp-content\/uploads\/2026\/04\/vape-bang-king-30k-30000-puffs-main-image.jpg.webp\",\"contentUrl\":\"https:\/\/frivape.com\/wp-content\/uploads\/2026\/04\/vape-bang-king-30k-30000-puffs-main-image.jpg.webp\",\"width\":1000,\"height\":1000},{\"@type\":\"BreadcrumbList\",\"@id\":\"https:\/\/frivape.com\/product\/bang-king-30000-puffs-double-taste-disposable-vape\/#breadcrumb\",\"itemListElement\":[{\"@type\":\"ListItem\",\"position\":1,\"name\":\"\u9996\u9875\",\"item\":\"https:\/\/frivape.com\/\"},{\"@type\":\"ListItem\",\"position\":2,\"name\":\"Shop\",\"item\":\"https:\/\/frivape.com\/shop\/\"},{\"@type\":\"ListItem\",\"position\":3,\"name\":\"Bang King 30000 Puffs Disposable Vape | Dual Flavor Tank &amp; Smart LCD Display\"}]},{\"@type\":\"WebSite\",\"@id\":\"https:\/\/frivape.com\/#website\",\"url\":\"https:\/\/frivape.com\/\",\"name\":\"frivape | Online Vape Store - Best Vapes, Mods &amp; Disposable Kits\",\"description\":\"Shop frivape, your premier online vape shop for authentic mods, disposable vapes, and premium e-liquids. Direct from Shenzhen with fast Europe local shipping. High quality at wholesale prices.\",\"publisher\":{\"@id\":\"https:\/\/frivape.com\/#organization\"},\"potentialAction\":[{\"@type\":\"SearchAction\",\"target\":{\"@type\":\"EntryPoint\",\"urlTemplate\":\"https:\/\/frivape.com\/?s={search_term_string}\"},\"query-input\":{\"@type\":\"PropertyValueSpecification\",\"valueRequired\":true,\"valueName\":\"search_term_string\"}}],\"inLanguage\":\"pt-PT\"},{\"@type\":\"Organization\",\"@id\":\"https:\/\/frivape.com\/#organization\",\"name\":\"frivape | Online Vape Store - Best Vapes, Mods &amp; Disposable Kits\",\"url\":\"https:\/\/frivape.com\/\",\"logo\":{\"@type\":\"ImageObject\",\"inLanguage\":\"pt-PT\",\"@id\":\"https:\/\/frivape.com\/#\/schema\/logo\/image\/\",\"url\":\"https:\/\/frivape.com\/wp-content\/uploads\/2026\/03\/cropped-frivape-site-title-icon.png\",\"contentUrl\":\"https:\/\/frivape.com\/wp-content\/uploads\/2026\/03\/cropped-frivape-site-title-icon.png\",\"width\":470,\"height\":110,\"caption\":\"frivape | Online Vape Store - Best Vapes, Mods &amp; Disposable Kits\"},\"image\":{\"@id\":\"https:\/\/frivape.com\/#\/schema\/logo\/image\/\"}}]}<\/script>\n<!-- \/ Yoast SEO plugin. -->","yoast_head_json":{"title":"Bang King 30000 Puffs Vape Descart\u00e1vel - Duplo Sabor, Duplo Tanque e Ecr\u00e3 LCD","description":"Experimente 30.000 baforadas com o Bang King 30k. Inclui tecnologia Double Taste de 36mL com dois tanques, bateria recarreg\u00e1vel de 550mAh e ecr\u00e3 LCD inteligente. Envio r\u00e1pido para a UE!","robots":{"index":"noindex","follow":"follow","max-snippet":"max-snippet:-1","max-image-preview":"max-image-preview:large","max-video-preview":"max-video-preview:-1"},"og_locale":"pt_PT","og_type":"article","og_title":"Bang King 30000 Puffs Disposable Vape - Double Taste Dual Tank & LCD Display","og_description":"Experience 30,000 puffs with the Bang King 30k. Features 36mL dual-tank Double Taste technology, 550mAh rechargeable battery, and smart LCD display. Fast EU shipping!","og_url":"https:\/\/frivape.com\/pt\/product\/bang-king-30000-puffs-duplo-sabor-vape-descartavel\/","og_site_name":"frivape | Online Vape Store - Best Vapes, Mods &amp; Disposable Kits","article_modified_time":"2026-04-11T11:55:47+00:00","og_image":[{"width":1000,"height":1000,"url":"https:\/\/frivape.com\/wp-content\/uploads\/2026\/04\/vape-bang-king-30k-30000-puffs-main-image.jpg.webp","type":"image\/webp"}],"twitter_card":"summary_large_image","twitter_misc":{"Tempo estimado de leitura":"4 minutos"},"schema":{"@context":"https:\/\/schema.org","@graph":[{"@type":"WebPage","@id":"https:\/\/frivape.com\/product\/bang-king-30000-puffs-double-taste-disposable-vape\/","url":"https:\/\/frivape.com\/product\/bang-king-30000-puffs-double-taste-disposable-vape\/","name":"Bang King 30000 Puffs Vape Descart\u00e1vel - Duplo Sabor, Duplo Tanque e Ecr\u00e3 LCD","isPartOf":{"@id":"https:\/\/frivape.com\/#website"},"primaryImageOfPage":{"@id":"https:\/\/frivape.com\/product\/bang-king-30000-puffs-double-taste-disposable-vape\/#primaryimage"},"image":{"@id":"https:\/\/frivape.com\/product\/bang-king-30000-puffs-double-taste-disposable-vape\/#primaryimage"},"thumbnailUrl":"https:\/\/frivape.com\/wp-content\/uploads\/2026\/04\/vape-bang-king-30k-30000-puffs-main-image.jpg.webp","datePublished":"2026-04-11T11:45:43+00:00","dateModified":"2026-04-11T11:55:47+00:00","description":"Experimente 30.000 baforadas com o Bang King 30k. Inclui tecnologia Double Taste de 36mL com dois tanques, bateria recarreg\u00e1vel de 550mAh e ecr\u00e3 LCD inteligente. Envio r\u00e1pido para a UE!","breadcrumb":{"@id":"https:\/\/frivape.com\/product\/bang-king-30000-puffs-double-taste-disposable-vape\/#breadcrumb"},"inLanguage":"pt-PT","potentialAction":[{"@type":"ReadAction","target":["https:\/\/frivape.com\/product\/bang-king-30000-puffs-double-taste-disposable-vape\/"]}]},{"@type":"ImageObject","inLanguage":"pt-PT","@id":"https:\/\/frivape.com\/product\/bang-king-30000-puffs-double-taste-disposable-vape\/#primaryimage","url":"https:\/\/frivape.com\/wp-content\/uploads\/2026\/04\/vape-bang-king-30k-30000-puffs-main-image.jpg.webp","contentUrl":"https:\/\/frivape.com\/wp-content\/uploads\/2026\/04\/vape-bang-king-30k-30000-puffs-main-image.jpg.webp","width":1000,"height":1000},{"@type":"BreadcrumbList","@id":"https:\/\/frivape.com\/product\/bang-king-30000-puffs-double-taste-disposable-vape\/#breadcrumb","itemListElement":[{"@type":"ListItem","position":1,"name":"\u9996\u9875","item":"https:\/\/frivape.com\/"},{"@type":"ListItem","position":2,"name":"Shop","item":"https:\/\/frivape.com\/shop\/"},{"@type":"ListItem","position":3,"name":"Bang King 30000 Puffs Disposable Vape | Dual Flavor Tank &amp; Smart LCD Display"}]},{"@type":"WebSite","@id":"https:\/\/frivape.com\/#website","url":"https:\/\/frivape.com\/","name":"frivape | Loja Online de Vape - Melhores Vapes, Mods e Kits Descart\u00e1veis","description":"Compre na frivape, a sua principal loja online de vape para mods aut\u00eanticos, vapes descart\u00e1veis e e-l\u00edquidos de primeira qualidade. Diretamente de Shenzhen com envio local r\u00e1pido para a Europa. Alta qualidade a pre\u00e7os grossistas.","publisher":{"@id":"https:\/\/frivape.com\/#organization"},"potentialAction":[{"@type":"SearchAction","target":{"@type":"EntryPoint","urlTemplate":"https:\/\/frivape.com\/?s={search_term_string}"},"query-input":{"@type":"PropertyValueSpecification","valueRequired":true,"valueName":"search_term_string"}}],"inLanguage":"pt-PT"},{"@type":"Organization","@id":"https:\/\/frivape.com\/#organization","name":"frivape | Loja Online de Vape - Melhores Vapes, Mods e Kits Descart\u00e1veis","url":"https:\/\/frivape.com\/","logo":{"@type":"ImageObject","inLanguage":"pt-PT","@id":"https:\/\/frivape.com\/#\/schema\/logo\/image\/","url":"https:\/\/frivape.com\/wp-content\/uploads\/2026\/03\/cropped-frivape-site-title-icon.png","contentUrl":"https:\/\/frivape.com\/wp-content\/uploads\/2026\/03\/cropped-frivape-site-title-icon.png","width":470,"height":110,"caption":"frivape | Online Vape Store - Best Vapes, Mods &amp; Disposable Kits"},"image":{"@id":"https:\/\/frivape.com\/#\/schema\/logo\/image\/"}}]}},"tiered_pricing_type":"fixed","tiered_pricing_fixed_rules":{"10":10.99,"50":9.99,"100":8.99,"200":7.99},"tiered_pricing_product_settings":{"layout":"default","base_unit_name":{"singular":null,"plural":null},"default_variation":{}},"tiered_pricing_minimum_quantity":null,"tiered_pricing_roles_data":[],"tiered_pricing_percentage_rules":[],"_links":{"self":[{"href":"https:\/\/frivape.com\/pt\/wp-json\/wp\/v2\/product\/8441","targetHints":{"allow":["GET"]}}],"collection":[{"href":"https:\/\/frivape.com\/pt\/wp-json\/wp\/v2\/product"}],"about":[{"href":"https:\/\/frivape.com\/pt\/wp-json\/wp\/v2\/types\/product"}],"replies":[{"embeddable":true,"href":"https:\/\/frivape.com\/pt\/wp-json\/wp\/v2\/comments?post=8441"}],"wp:featuredmedia":[{"embeddable":true,"href":"https:\/\/frivape.com\/pt\/wp-json\/wp\/v2\/media\/8442"}],"wp:attachment":[{"href":"https:\/\/frivape.com\/pt\/wp-json\/wp\/v2\/media?parent=8441"}],"wp:term":[{"taxonomy":"product_brand","embeddable":true,"href":"https:\/\/frivape.com\/pt\/wp-json\/wp\/v2\/product_brand?post=8441"},{"taxonomy":"product_cat","embeddable":true,"href":"https:\/\/frivape.com\/pt\/wp-json\/wp\/v2\/product_cat?post=8441"},{"taxonomy":"product_tag","embeddable":true,"href":"https:\/\/frivape.com\/pt\/wp-json\/wp\/v2\/product_tag?post=8441"}],"curies":[{"name":"wp","href":"https:\/\/api.w.org\/{rel}","templated":true}]}}