{"id":8493,"date":"2026-04-11T20:05:43","date_gmt":"2026-04-11T12:05:43","guid":{"rendered":"https:\/\/frivape.com\/?post_type=product&#038;p=8493"},"modified":"2026-04-11T20:31:52","modified_gmt":"2026-04-11T12:31:52","slug":"bang-36000-puffs-vape-descartavel-40ml-dual-tank-dtl-sub-ohm-led-edition","status":"publish","type":"product","link":"https:\/\/frivape.com\/pt\/product\/bang-36000-puffs-vape-descartavel-40ml-dual-tank-dtl-sub-ohm-led-edition\/","title":{"rendered":"Bang 36000 Puffs Vape descart\u00e1vel | 40mL Dual Tank &amp; DTL Sub-Ohm LED Edition"},"content":{"rendered":"<h2 class=\"wp-block-heading has-text-align-center\"><strong>O Z\u00e9nite do Vaping de Alta Capacidade: Bang 36000 Puffs LED Edition<\/strong><\/h2>\n\n\n\n<p>O <strong>Caneta Vape descart\u00e1vel Bang 36000 Puffs<\/strong> representa a evolu\u00e7\u00e3o final da miss\u00e3o principal do Bang: <strong>\u201cPot\u00eancia, desempenho e sabor arrojado\u201d.\u201d<\/strong> Concebido para os utilizadores que exigem o maior n\u00famero de baforadas sem sacrificar a qualidade do vapor, este dispositivo combina um enorme <strong>40mL de capacidade de e-l\u00edquido<\/strong> com tecnologia de ponta <strong>tecnologia sub-ohm<\/strong>. Quer esteja \u00e0 procura de um <strong>vape descart\u00e1vel por atacado<\/strong> para abastecer as suas prateleiras de retalho ou um condutor di\u00e1rio de alto desempenho, o Bang 36000 destaca-se como um <strong>global vape sensation<\/strong>.<\/p>\n\n\n\n<h3 class=\"wp-block-heading\"><strong>Pot\u00eancia Diret-to-Lung (DTL) e Inova\u00e7\u00e3o Sub-Ohm<\/strong><\/h3>\n\n\n\n<p>Ao contr\u00e1rio dos descart\u00e1veis normais, o <strong>Bang 36000<\/strong> \u00e9 uma pot\u00eancia concebida para os ca\u00e7adores de nuvens. Com um avan\u00e7ado <strong>Bobina de malha de 0,6\u03a9<\/strong>, facilita a <strong>Diret-to-Lung (DTL)<\/strong> A nossa s\u00e9rie de frutas de assinatura tem um perfil de sabor muito intenso, produzindo vapor denso e intensificando os perfis de sabor. O <strong>sistema de tanque duplo<\/strong> assegura que os enormes 40mL de sumo se mant\u00eam frescos e fluem de forma consistente, proporcionando uma experi\u00eancia de excel\u00eancia desde o primeiro trago at\u00e9 ao 36.000\u00ba.<\/p>\n\n\n\n<h3 class=\"wp-block-heading\"><strong>O estilo encontra a subst\u00e2ncia: Ilumina\u00e7\u00e3o LED vibrante<\/strong><\/h3>\n\n\n\n<p>Para al\u00e9m do desempenho, o Bang 36000 \u00e9 uma afirma\u00e7\u00e3o visual. O sistema integrado <strong>Luz de cor LED<\/strong> \u00e9 ativado a cada pux\u00e3o, brilhando atrav\u00e9s de um chassis elegante e ergon\u00f3mico. Esta carater\u00edstica n\u00e3o s\u00f3 o torna o <strong>melhor 36k puff vape 2026<\/strong> para ambientes sociais, mas tamb\u00e9m apela aos utilizadores que procuram uma est\u00e9tica moderna e de alta tecnologia. Combinado com <strong>Carregamento r\u00e1pido tipo C<\/strong> e uma bateria fi\u00e1vel de 650mAh, este dispositivo garante que passa menos tempo na tomada e mais tempo a desfrutar de nuvens espessas e saborosas.<\/p>\n\n\n\n<h3 class=\"wp-block-heading\"><strong>Fiabilidade B2B por grosso e direta da f\u00e1brica<\/strong><\/h3>\n\n\n\n<p>Funcionamento com um <strong>Origem Shenzhen<\/strong> rede log\u00edstica, fornecemos pre\u00e7os diretos de f\u00e1brica para <strong>encomendas de vape a granel<\/strong>. Com op\u00e7\u00f5es de nicotina que v\u00e3o desde <strong>0% (sem nicotina)<\/strong> para <strong>5% (Alta resist\u00eancia)<\/strong>, O Bang 36000 \u00e9 totalmente adapt\u00e1vel \u00e0s diversas regulamenta\u00e7\u00f5es regionais e prefer\u00eancias dos consumidores. Cada caixa cont\u00e9m <strong>8 pe\u00e7as<\/strong>, tornando-o perfeito para ambientes de retalho de elevado volume de neg\u00f3cios que procuram <strong>cigarro eletr\u00f3nico fi\u00e1vel<\/strong> fornecedores.<\/p>\n\n\n\n<hr class=\"wp-block-separator has-alpha-channel-opacity\"\/>\n\n\n\n<h3 class=\"wp-block-heading\"><strong>O menu de 12 sabores de fruta exclusivos<\/strong><\/h3>\n\n\n\n<ol start=\"1\" class=\"wp-block-list\">\n<li><strong>Morango Kiwi:<\/strong> Uma harmonia cl\u00e1ssica entre o \u00e1cido e o doce.<\/li>\n\n\n\n<li><strong>P\u00eassego Manga Melancia:<\/strong> A derradeira trifecta tropical.<\/li>\n\n\n\n<li><strong>Frutos mistos:<\/strong> Uma mistura vibrante de bagas e frutos ex\u00f3ticos.<\/li>\n\n\n\n<li><strong>Gelo de menta:<\/strong> Mentol refrescante para um m\u00e1ximo de refresc\u00e2ncia.<\/li>\n\n\n\n<li><strong>P\u00eassego Manga:<\/strong> P\u00eassego aveludado misturado com manga sumarenta.<\/li>\n\n\n\n<li><strong>Gelo de uva:<\/strong> Uvas de vinhedo exuberantes com um final fosco.<\/li>\n\n\n\n<li><strong>Ma\u00e7\u00e3s duplas:<\/strong> Uma mistura crocante de ma\u00e7\u00e3s vermelhas doces e verdes azedas.<\/li>\n\n\n\n<li><strong>Mirtilo Framboesa:<\/strong> Um duo de bagas silvestres sofisticado e picante.<\/li>\n\n\n\n<li><strong>Gelo de mirtilo:<\/strong> Mirtilos maduros com uma exala\u00e7\u00e3o limpa e gelada.<\/li>\n\n\n\n<li><strong>Melancia com morango:<\/strong> A combina\u00e7\u00e3o de frutas doces favorita do ver\u00e3o.<\/li>\n\n\n\n<li><strong>Gelo de melancia:<\/strong> Melancia com gelo, sumarenta e que mata a sede.<\/li>\n\n\n\n<li><strong>Manga com morango:<\/strong> Uma fus\u00e3o suave e cremosa de frutos tropicais.<\/li>\n<\/ol>\n\n\n\n<hr class=\"wp-block-separator has-alpha-channel-opacity\"\/>\n\n\n\n<h3 class=\"wp-block-heading\"><strong>Perguntas mais frequentes (FAQs)<\/strong><\/h3>\n\n\n\n<ul class=\"wp-block-list\">\n<li><strong>O que torna a bobina de malha de 0,6\u03a9 diferente?<\/strong> O <strong>resist\u00eancia sub-ohm<\/strong> permite uma maior pot\u00eancia de sa\u00edda e um maior fluxo de ar, o que \u00e9 essencial para <strong>DTL vaping<\/strong>. Produz nuvens maiores e um sabor mais intenso em compara\u00e7\u00e3o com as bobinas tradicionais de 1,0\u03a9 ou 1,2\u03a9 encontradas em descart\u00e1veis padr\u00e3o.<\/li>\n\n\n\n<li><strong>Quanto tempo dura realmente o dep\u00f3sito de 40 ml?<\/strong> Com at\u00e9 <strong>36 000 baforadas<\/strong>, O Bang 36000 foi concebido para durar entre 4 a 6 semanas para um utilizador m\u00e9dio, o que o torna um dos mais <strong>cigarros electr\u00f3nicos com boa rela\u00e7\u00e3o custo-efic\u00e1cia<\/strong> dispon\u00edvel hoje.<\/li>\n\n\n\n<li><strong>A luz LED est\u00e1 sempre acesa?<\/strong> O <strong>Luz de cor LED<\/strong> \u00e9 ativado por sorteio, o que significa que s\u00f3 se ilumina enquanto est\u00e1 a vaporizar, preservando a vida \u00fatil da bateria e proporcionando um feedback visual elegante.<\/li>\n\n\n\n<li><strong>Qual \u00e9 o prazo de expedi\u00e7\u00e3o das encomendas por grosso?<\/strong> Oferecemos uma expedi\u00e7\u00e3o r\u00e1pida a partir do nosso <strong>Armaz\u00e9m de Shenzhen<\/strong>. Os prazos de chegada t\u00edpicos variam entre 7 e 15 dias \u00fateis, com garantia de <strong>100% desalfandegamento<\/strong> e sem taxas ou impostos ocultos.<\/li>\n\n\n\n<li><strong>A porta Type-C suporta carregamento r\u00e1pido?<\/strong> Sim. O Bang 36000 utiliza <strong>Tecnologia tipo C<\/strong>, permitindo que a bateria de 650mAh atinja uma carga completa em aproximadamente <strong>60 minutos<\/strong>, garantindo um tempo de inatividade m\u00ednimo.<\/li>\n<\/ul>\n\n\n\n<hr class=\"wp-block-separator has-alpha-channel-opacity\"\/>\n\n\n\n<p><strong>AVISO DE SA\u00daDE:<\/strong> Este produto cont\u00e9m nicotina. A nicotina \u00e9 uma subst\u00e2ncia qu\u00edmica que causa depend\u00eancia.<\/p>\n\n\n\n<p><strong>Restri\u00e7\u00e3o de idade:<\/strong> Este produto destina-se apenas a adultos (18+ ou a idade legal para fumar na sua jurisdi\u00e7\u00e3o). Manter fora do alcance das crian\u00e7as e dos animais dom\u00e9sticos. N\u00e3o utilizar se estiver gr\u00e1vida ou a amamentar.<\/p>","protected":false},"excerpt":{"rendered":"<p data-path-to-node=\"7\">O <b data-path-to-node=\"7\" data-index-in-node=\"4\">Bang 36000 Puffs<\/b> estabelece uma nova refer\u00eancia em termos de resist\u00eancia e estilo visual no mercado mundial de cigarros electr\u00f3nicos.<\/p>\n<ul data-path-to-node=\"8\">\n<li>\n<p data-path-to-node=\"8,0,0\"><b data-path-to-node=\"8,0,0\" data-index-in-node=\"0\">Capacidade extrema:<\/b> At\u00e9 36.000 baforadas para semanas de utiliza\u00e7\u00e3o ininterrupta.<\/p>\n<\/li>\n<li>\n<p data-path-to-node=\"8,1,0\"><b data-path-to-node=\"8,1,0\" data-index-in-node=\"0\">Sistema de tanque duplo:<\/b> Reservat\u00f3rio de e-l\u00edquido premium pr\u00e9-cheio de 40 ml.<\/p>\n<\/li>\n<li>\n<p data-path-to-node=\"8,2,0\"><b data-path-to-node=\"8,2,0\" data-index-in-node=\"0\">Desempenho Sub-Ohm:<\/b> Bobina de malha de 0,6\u03a9 para uma vaporiza\u00e7\u00e3o DTL rica e focada nas nuvens.<\/p>\n<\/li>\n<li>\n<p data-path-to-node=\"8,3,0\"><b data-path-to-node=\"8,3,0\" data-index-in-node=\"0\">Est\u00e9tica din\u00e2mica:<\/b> Ilumina\u00e7\u00e3o LED activada por desenho para um aspeto moderno.<\/p>\n<\/li>\n<li>\n<p data-path-to-node=\"8,4,0\"><b data-path-to-node=\"8,4,0\" data-index-in-node=\"0\">Recupera\u00e7\u00e3o r\u00e1pida:<\/b> Bateria recarreg\u00e1vel de 650mAh com carregamento r\u00e1pido Tipo C.<\/p>\n<\/li>\n<li>\n<p data-path-to-node=\"8,5,0\"><b data-path-to-node=\"8,5,0\" data-index-in-node=\"0\">Controlo de precis\u00e3o:<\/b> Dispon\u00edvel nas dosagens de sal de nicotina 0%, 2%, 3% e 5%.<\/p>\n<\/li>\n<\/ul>","protected":false},"featured_media":8494,"comment_status":"open","ping_status":"closed","template":"","meta":[],"product_brand":[61],"product_cat":[82,87,95],"product_tag":[74,77],"class_list":{"0":"post-8493","1":"product","2":"type-product","3":"status-publish","4":"has-post-thumbnail","6":"product_brand-bang","7":"product_cat-big-puffs-vapes","8":"product_cat-iced-fruit-vapes","9":"product_cat-mesh-coil-vapes","10":"product_tag-dtl-vaping","11":"product_tag-recharge","13":"first","14":"instock","15":"sale","16":"shipping-taxable","17":"purchasable","18":"product-type-variable"},"yoast_head":"<!-- This site is optimized with the Yoast SEO plugin v27.1.1 - https:\/\/yoast.com\/product\/yoast-seo-wordpress\/ -->\n<title>Bang 36000 Puffs Disposable Vape - LED Light &amp; 40mL DTL Sub-Ohm<\/title>\n<meta name=\"description\" content=\"Illuminate your clouds with Bang 36000 Puffs. Features a 40mL dual-tank, 0.6\u03a9 Sub-Ohm coil for DTL vaping, and vibrant LED lights. Factory direct wholesale &amp; fast shipping.\" \/>\n<meta name=\"robots\" content=\"noindex, follow, max-snippet:-1, max-image-preview:large, max-video-preview:-1\" \/>\n<meta property=\"og:locale\" content=\"pt_PT\" \/>\n<meta property=\"og:type\" content=\"article\" \/>\n<meta property=\"og:title\" content=\"Bang 36000 Puffs Disposable Vape - LED Light &amp; 40mL DTL Sub-Ohm\" \/>\n<meta property=\"og:description\" content=\"Illuminate your clouds with Bang 36000 Puffs. Features a 40mL dual-tank, 0.6\u03a9 Sub-Ohm coil for DTL vaping, and vibrant LED lights. Factory direct wholesale &amp; fast shipping.\" \/>\n<meta property=\"og:url\" content=\"https:\/\/frivape.com\/pt\/product\/bang-36000-puffs-vape-descartavel-40ml-dual-tank-dtl-sub-ohm-led-edition\/\" \/>\n<meta property=\"og:site_name\" content=\"frivape | Online Vape Store - Best Vapes, Mods &amp; Disposable Kits\" \/>\n<meta property=\"article:modified_time\" content=\"2026-04-11T12:31:52+00:00\" \/>\n<meta property=\"og:image\" content=\"https:\/\/frivape.com\/wp-content\/uploads\/2026\/04\/Puff-36k-Bang-36000-Puffs-Disposable-Vape-Pen-Hookah-Shisha-1.webp\" \/>\n\t<meta property=\"og:image:width\" content=\"800\" \/>\n\t<meta property=\"og:image:height\" content=\"800\" \/>\n\t<meta property=\"og:image:type\" content=\"image\/webp\" \/>\n<meta name=\"twitter:card\" content=\"summary_large_image\" \/>\n<meta name=\"twitter:label1\" content=\"Tempo estimado de leitura\" \/>\n\t<meta name=\"twitter:data1\" content=\"3 minutos\" \/>\n<script type=\"application\/ld+json\" class=\"yoast-schema-graph\">{\"@context\":\"https:\/\/schema.org\",\"@graph\":[{\"@type\":\"WebPage\",\"@id\":\"https:\/\/frivape.com\/product\/bang-36000-puffs-disposable-vape-40ml-dual-tank-dtl-sub-ohm-led-edition\/\",\"url\":\"https:\/\/frivape.com\/product\/bang-36000-puffs-disposable-vape-40ml-dual-tank-dtl-sub-ohm-led-edition\/\",\"name\":\"Bang 36000 Puffs Disposable Vape - LED Light & 40mL DTL Sub-Ohm\",\"isPartOf\":{\"@id\":\"https:\/\/frivape.com\/#website\"},\"primaryImageOfPage\":{\"@id\":\"https:\/\/frivape.com\/product\/bang-36000-puffs-disposable-vape-40ml-dual-tank-dtl-sub-ohm-led-edition\/#primaryimage\"},\"image\":{\"@id\":\"https:\/\/frivape.com\/product\/bang-36000-puffs-disposable-vape-40ml-dual-tank-dtl-sub-ohm-led-edition\/#primaryimage\"},\"thumbnailUrl\":\"https:\/\/frivape.com\/wp-content\/uploads\/2026\/04\/Puff-36k-Bang-36000-Puffs-Disposable-Vape-Pen-Hookah-Shisha-1.webp\",\"datePublished\":\"2026-04-11T12:05:43+00:00\",\"dateModified\":\"2026-04-11T12:31:52+00:00\",\"description\":\"Illuminate your clouds with Bang 36000 Puffs. Features a 40mL dual-tank, 0.6\u03a9 Sub-Ohm coil for DTL vaping, and vibrant LED lights. Factory direct wholesale & fast shipping.\",\"breadcrumb\":{\"@id\":\"https:\/\/frivape.com\/product\/bang-36000-puffs-disposable-vape-40ml-dual-tank-dtl-sub-ohm-led-edition\/#breadcrumb\"},\"inLanguage\":\"pt-PT\",\"potentialAction\":[{\"@type\":\"ReadAction\",\"target\":[\"https:\/\/frivape.com\/product\/bang-36000-puffs-disposable-vape-40ml-dual-tank-dtl-sub-ohm-led-edition\/\"]}]},{\"@type\":\"ImageObject\",\"inLanguage\":\"pt-PT\",\"@id\":\"https:\/\/frivape.com\/product\/bang-36000-puffs-disposable-vape-40ml-dual-tank-dtl-sub-ohm-led-edition\/#primaryimage\",\"url\":\"https:\/\/frivape.com\/wp-content\/uploads\/2026\/04\/Puff-36k-Bang-36000-Puffs-Disposable-Vape-Pen-Hookah-Shisha-1.webp\",\"contentUrl\":\"https:\/\/frivape.com\/wp-content\/uploads\/2026\/04\/Puff-36k-Bang-36000-Puffs-Disposable-Vape-Pen-Hookah-Shisha-1.webp\",\"width\":800,\"height\":800},{\"@type\":\"BreadcrumbList\",\"@id\":\"https:\/\/frivape.com\/product\/bang-36000-puffs-disposable-vape-40ml-dual-tank-dtl-sub-ohm-led-edition\/#breadcrumb\",\"itemListElement\":[{\"@type\":\"ListItem\",\"position\":1,\"name\":\"\u9996\u9875\",\"item\":\"https:\/\/frivape.com\/\"},{\"@type\":\"ListItem\",\"position\":2,\"name\":\"Shop\",\"item\":\"https:\/\/frivape.com\/shop\/\"},{\"@type\":\"ListItem\",\"position\":3,\"name\":\"Bang 36000 Puffs Disposable Vape | 40mL Dual Tank &amp; DTL Sub-Ohm LED Edition\"}]},{\"@type\":\"WebSite\",\"@id\":\"https:\/\/frivape.com\/#website\",\"url\":\"https:\/\/frivape.com\/\",\"name\":\"frivape | Online Vape Store - Best Vapes, Mods &amp; Disposable Kits\",\"description\":\"Shop frivape, your premier online vape shop for authentic mods, disposable vapes, and premium e-liquids. Direct from Shenzhen with fast Europe local shipping. High quality at wholesale prices.\",\"publisher\":{\"@id\":\"https:\/\/frivape.com\/#organization\"},\"potentialAction\":[{\"@type\":\"SearchAction\",\"target\":{\"@type\":\"EntryPoint\",\"urlTemplate\":\"https:\/\/frivape.com\/?s={search_term_string}\"},\"query-input\":{\"@type\":\"PropertyValueSpecification\",\"valueRequired\":true,\"valueName\":\"search_term_string\"}}],\"inLanguage\":\"pt-PT\"},{\"@type\":\"Organization\",\"@id\":\"https:\/\/frivape.com\/#organization\",\"name\":\"frivape | Online Vape Store - Best Vapes, Mods &amp; Disposable Kits\",\"url\":\"https:\/\/frivape.com\/\",\"logo\":{\"@type\":\"ImageObject\",\"inLanguage\":\"pt-PT\",\"@id\":\"https:\/\/frivape.com\/#\/schema\/logo\/image\/\",\"url\":\"https:\/\/frivape.com\/wp-content\/uploads\/2026\/03\/cropped-frivape-site-title-icon.png\",\"contentUrl\":\"https:\/\/frivape.com\/wp-content\/uploads\/2026\/03\/cropped-frivape-site-title-icon.png\",\"width\":470,\"height\":110,\"caption\":\"frivape | Online Vape Store - Best Vapes, Mods &amp; Disposable Kits\"},\"image\":{\"@id\":\"https:\/\/frivape.com\/#\/schema\/logo\/image\/\"}}]}<\/script>\n<!-- \/ Yoast SEO plugin. -->","yoast_head_json":{"title":"Bang 36000 Puffs Vape descart\u00e1vel - Luz LED e 40mL DTL Sub-Ohm","description":"Ilumina as tuas nuvens com o Bang 36000 Puffs. Possui um tanque duplo de 40mL, bobina Sub-Ohm de 0,6\u03a9 para vaping DTL e luzes LED vibrantes. Venda por atacado direto da f\u00e1brica e envio r\u00e1pido.","robots":{"index":"noindex","follow":"follow","max-snippet":"max-snippet:-1","max-image-preview":"max-image-preview:large","max-video-preview":"max-video-preview:-1"},"og_locale":"pt_PT","og_type":"article","og_title":"Bang 36000 Puffs Disposable Vape - LED Light & 40mL DTL Sub-Ohm","og_description":"Illuminate your clouds with Bang 36000 Puffs. Features a 40mL dual-tank, 0.6\u03a9 Sub-Ohm coil for DTL vaping, and vibrant LED lights. Factory direct wholesale & fast shipping.","og_url":"https:\/\/frivape.com\/pt\/product\/bang-36000-puffs-vape-descartavel-40ml-dual-tank-dtl-sub-ohm-led-edition\/","og_site_name":"frivape | Online Vape Store - Best Vapes, Mods &amp; Disposable Kits","article_modified_time":"2026-04-11T12:31:52+00:00","og_image":[{"width":800,"height":800,"url":"https:\/\/frivape.com\/wp-content\/uploads\/2026\/04\/Puff-36k-Bang-36000-Puffs-Disposable-Vape-Pen-Hookah-Shisha-1.webp","type":"image\/webp"}],"twitter_card":"summary_large_image","twitter_misc":{"Tempo estimado de leitura":"3 minutos"},"schema":{"@context":"https:\/\/schema.org","@graph":[{"@type":"WebPage","@id":"https:\/\/frivape.com\/product\/bang-36000-puffs-disposable-vape-40ml-dual-tank-dtl-sub-ohm-led-edition\/","url":"https:\/\/frivape.com\/product\/bang-36000-puffs-disposable-vape-40ml-dual-tank-dtl-sub-ohm-led-edition\/","name":"Bang 36000 Puffs Vape descart\u00e1vel - Luz LED e 40mL DTL Sub-Ohm","isPartOf":{"@id":"https:\/\/frivape.com\/#website"},"primaryImageOfPage":{"@id":"https:\/\/frivape.com\/product\/bang-36000-puffs-disposable-vape-40ml-dual-tank-dtl-sub-ohm-led-edition\/#primaryimage"},"image":{"@id":"https:\/\/frivape.com\/product\/bang-36000-puffs-disposable-vape-40ml-dual-tank-dtl-sub-ohm-led-edition\/#primaryimage"},"thumbnailUrl":"https:\/\/frivape.com\/wp-content\/uploads\/2026\/04\/Puff-36k-Bang-36000-Puffs-Disposable-Vape-Pen-Hookah-Shisha-1.webp","datePublished":"2026-04-11T12:05:43+00:00","dateModified":"2026-04-11T12:31:52+00:00","description":"Ilumina as tuas nuvens com o Bang 36000 Puffs. Possui um tanque duplo de 40mL, bobina Sub-Ohm de 0,6\u03a9 para vaping DTL e luzes LED vibrantes. Venda por atacado direto da f\u00e1brica e envio r\u00e1pido.","breadcrumb":{"@id":"https:\/\/frivape.com\/product\/bang-36000-puffs-disposable-vape-40ml-dual-tank-dtl-sub-ohm-led-edition\/#breadcrumb"},"inLanguage":"pt-PT","potentialAction":[{"@type":"ReadAction","target":["https:\/\/frivape.com\/product\/bang-36000-puffs-disposable-vape-40ml-dual-tank-dtl-sub-ohm-led-edition\/"]}]},{"@type":"ImageObject","inLanguage":"pt-PT","@id":"https:\/\/frivape.com\/product\/bang-36000-puffs-disposable-vape-40ml-dual-tank-dtl-sub-ohm-led-edition\/#primaryimage","url":"https:\/\/frivape.com\/wp-content\/uploads\/2026\/04\/Puff-36k-Bang-36000-Puffs-Disposable-Vape-Pen-Hookah-Shisha-1.webp","contentUrl":"https:\/\/frivape.com\/wp-content\/uploads\/2026\/04\/Puff-36k-Bang-36000-Puffs-Disposable-Vape-Pen-Hookah-Shisha-1.webp","width":800,"height":800},{"@type":"BreadcrumbList","@id":"https:\/\/frivape.com\/product\/bang-36000-puffs-disposable-vape-40ml-dual-tank-dtl-sub-ohm-led-edition\/#breadcrumb","itemListElement":[{"@type":"ListItem","position":1,"name":"\u9996\u9875","item":"https:\/\/frivape.com\/"},{"@type":"ListItem","position":2,"name":"Shop","item":"https:\/\/frivape.com\/shop\/"},{"@type":"ListItem","position":3,"name":"Bang 36000 Puffs Disposable Vape | 40mL Dual Tank &amp; DTL Sub-Ohm LED Edition"}]},{"@type":"WebSite","@id":"https:\/\/frivape.com\/#website","url":"https:\/\/frivape.com\/","name":"frivape | Loja Online de Vape - Melhores Vapes, Mods e Kits Descart\u00e1veis","description":"Compre na frivape, a sua principal loja online de vape para mods aut\u00eanticos, vapes descart\u00e1veis e e-l\u00edquidos de primeira qualidade. Diretamente de Shenzhen com envio local r\u00e1pido para a Europa. Alta qualidade a pre\u00e7os grossistas.","publisher":{"@id":"https:\/\/frivape.com\/#organization"},"potentialAction":[{"@type":"SearchAction","target":{"@type":"EntryPoint","urlTemplate":"https:\/\/frivape.com\/?s={search_term_string}"},"query-input":{"@type":"PropertyValueSpecification","valueRequired":true,"valueName":"search_term_string"}}],"inLanguage":"pt-PT"},{"@type":"Organization","@id":"https:\/\/frivape.com\/#organization","name":"frivape | Loja Online de Vape - Melhores Vapes, Mods e Kits Descart\u00e1veis","url":"https:\/\/frivape.com\/","logo":{"@type":"ImageObject","inLanguage":"pt-PT","@id":"https:\/\/frivape.com\/#\/schema\/logo\/image\/","url":"https:\/\/frivape.com\/wp-content\/uploads\/2026\/03\/cropped-frivape-site-title-icon.png","contentUrl":"https:\/\/frivape.com\/wp-content\/uploads\/2026\/03\/cropped-frivape-site-title-icon.png","width":470,"height":110,"caption":"frivape | Online Vape Store - Best Vapes, Mods &amp; Disposable Kits"},"image":{"@id":"https:\/\/frivape.com\/#\/schema\/logo\/image\/"}}]}},"tiered_pricing_type":"fixed","tiered_pricing_fixed_rules":{"10":10.88,"50":9.88,"100":8.88,"200":7.88},"tiered_pricing_product_settings":{"layout":"default","base_unit_name":{"singular":null,"plural":null},"default_variation":{}},"tiered_pricing_minimum_quantity":null,"tiered_pricing_roles_data":[],"tiered_pricing_percentage_rules":[],"_links":{"self":[{"href":"https:\/\/frivape.com\/pt\/wp-json\/wp\/v2\/product\/8493","targetHints":{"allow":["GET"]}}],"collection":[{"href":"https:\/\/frivape.com\/pt\/wp-json\/wp\/v2\/product"}],"about":[{"href":"https:\/\/frivape.com\/pt\/wp-json\/wp\/v2\/types\/product"}],"replies":[{"embeddable":true,"href":"https:\/\/frivape.com\/pt\/wp-json\/wp\/v2\/comments?post=8493"}],"wp:featuredmedia":[{"embeddable":true,"href":"https:\/\/frivape.com\/pt\/wp-json\/wp\/v2\/media\/8494"}],"wp:attachment":[{"href":"https:\/\/frivape.com\/pt\/wp-json\/wp\/v2\/media?parent=8493"}],"wp:term":[{"taxonomy":"product_brand","embeddable":true,"href":"https:\/\/frivape.com\/pt\/wp-json\/wp\/v2\/product_brand?post=8493"},{"taxonomy":"product_cat","embeddable":true,"href":"https:\/\/frivape.com\/pt\/wp-json\/wp\/v2\/product_cat?post=8493"},{"taxonomy":"product_tag","embeddable":true,"href":"https:\/\/frivape.com\/pt\/wp-json\/wp\/v2\/product_tag?post=8493"}],"curies":[{"name":"wp","href":"https:\/\/api.w.org\/{rel}","templated":true}]}}